{"id":1584,"date":"2023-11-26T17:08:38","date_gmt":"2023-11-26T17:08:38","guid":{"rendered":"http:\/\/acodalej.sk\/?page_id=1584"},"modified":"2024-11-09T15:00:25","modified_gmt":"2024-11-09T15:00:25","slug":"na-co-sme","status":"publish","type":"page","link":"http:\/\/acodalej.sk\/de\/na-co-sme\/","title":{"rendered":"Na \u010do sme"},"content":{"rendered":"<div data-elementor-type=\"wp-page\" data-elementor-id=\"1584\" class=\"elementor elementor-1584\">\n\t\t\t\t<div class=\"has_eae_slider elementor-element elementor-element-dtpxyrj e-flex e-con-boxed e-con e-parent\" data-eae-slider=\"51243\" data-id=\"dtpxyrj\" data-element_type=\"container\" data-settings=\"{&quot;background_background&quot;:&quot;classic&quot;}\">\n\t\t\t\t\t<div class=\"e-con-inner\">\n\t\t\t\t<div class=\"elementor-element elementor-element-582eb7b elementor-widget elementor-widget-heading\" data-id=\"582eb7b\" data-element_type=\"widget\" data-widget_type=\"heading.default\">\n\t\t\t\t<div class=\"elementor-widget-container\">\n\t\t\t\t\t<h1 class=\"elementor-heading-title elementor-size-default\">Wof\u00fcr sind wir hier?<\/h1>\t\t\t\t<\/div>\n\t\t\t\t<\/div>\n\t\t\t\t\t<\/div>\n\t\t\t\t<\/div>\n\t\t<div class=\"has_eae_slider elementor-element elementor-element-l0npkg5 e-flex e-con-boxed e-con e-parent\" data-eae-slider=\"10488\" data-id=\"l0npkg5\" data-element_type=\"container\" data-settings=\"{&quot;background_background&quot;:&quot;classic&quot;}\">\n\t\t\t\t\t<div class=\"e-con-inner\">\n\t\t<div class=\"has_eae_slider elementor-element elementor-element-e6150a2 e-con-full e-flex e-con e-child\" data-eae-slider=\"79426\" data-id=\"e6150a2\" data-element_type=\"container\">\n\t\t\t\t<div class=\"elementor-element elementor-element-9b85f4b elementor-widget elementor-widget-image\" data-id=\"9b85f4b\" data-element_type=\"widget\" data-widget_type=\"image.default\">\n\t\t\t\t<div class=\"elementor-widget-container\">\n\t\t\t\t\t\t\t\t\t\t\t\t\t\t\t<img fetchpriority=\"high\" decoding=\"async\" width=\"564\" height=\"733\" src=\"http:\/\/acodalej.sk\/wp-content\/uploads\/2023\/11\/jesus-help.jpg\" class=\"attachment-full size-full wp-image-1596\" alt=\"\" srcset=\"http:\/\/acodalej.sk\/wp-content\/uploads\/2023\/11\/jesus-help.jpg 564w, http:\/\/acodalej.sk\/wp-content\/uploads\/2023\/11\/jesus-help-231x300.jpg 231w\" sizes=\"(max-width: 564px) 100vw, 564px\" \/>\t\t\t\t\t\t\t\t\t\t\t\t\t\t\t<\/div>\n\t\t\t\t<\/div>\n\t\t\t\t<\/div>\n\t\t<div class=\"has_eae_slider elementor-element elementor-element-96bd502 e-con-full e-flex e-con e-child\" data-eae-slider=\"98447\" data-id=\"96bd502\" data-element_type=\"container\">\n\t\t\t\t<div class=\"elementor-element elementor-element-a3059cc elementor-widget-tablet__width-inherit elementor-widget elementor-widget-heading\" data-id=\"a3059cc\" data-element_type=\"widget\" data-widget_type=\"heading.default\">\n\t\t\t\t<div class=\"elementor-widget-container\">\n\t\t\t\t\t<h2 class=\"elementor-heading-title elementor-size-default\">Gott hat f\u00fcr jeden einen Plan.<\/h2>\t\t\t\t<\/div>\n\t\t\t\t<\/div>\n\t\t\t\t<div class=\"elementor-element elementor-element-1707dfc elementor-widget elementor-widget-text-editor\" data-id=\"1707dfc\" data-element_type=\"widget\" data-widget_type=\"text-editor.default\">\n\t\t\t\t<div class=\"elementor-widget-container\">\n\t\t\t\t\t\t\t\t\t<p>Unsere Aufgabe ist es, unseren Sch\u00f6pfer kennenzulernen, seinen Plan f\u00fcr unser Leben zu erf\u00fcllen und einander zu helfen.<\/p>\t\t\t\t\t\t\t\t<\/div>\n\t\t\t\t<\/div>\n\t\t\t\t<div class=\"elementor-element elementor-element-ef27828 elementor-widget elementor-widget-text-editor\" data-id=\"ef27828\" data-element_type=\"widget\" data-widget_type=\"text-editor.default\">\n\t\t\t\t<div class=\"elementor-widget-container\">\n\t\t\t\t\t\t\t\t\t<p>Man sagt, die Geschichte wiederholt sich. Ja, die Ereignisse der Geschichte wiederholen sich, aber manche Ereignisse sind einmalige Ereignisse. Ein Mensch wird nur einmal geboren und geht nach diesem irdischen Leben zu Gottes Gericht. Vom Gericht in den Himmel oder in die H\u00f6lle.<\/p>\t\t\t\t\t\t\t\t<\/div>\n\t\t\t\t<\/div>\n\t\t\t\t<div class=\"elementor-element elementor-element-4f74bc3 elementor-widget elementor-widget-text-editor\" data-id=\"4f74bc3\" data-element_type=\"widget\" data-widget_type=\"text-editor.default\">\n\t\t\t\t<div class=\"elementor-widget-container\">\n\t\t\t\t\t\t\t\t\t<p>Der Sch\u00f6pfer \u2013 unser Vater \u2013 schuf uns nach seinem Bild und \u00fcbertrug uns die Aufgabe, die Erde zu verwalten. Nach der bereits erw\u00e4hnten Rebellion des Menschen gegen den Sch\u00f6pfer sollten wir f\u00fcr immer aus seiner Gegenwart verbannt werden. In seiner Liebe hat er uns die M\u00f6glichkeit gegeben, zu ihm zur\u00fcckzukehren.<\/p>\t\t\t\t\t\t\t\t<\/div>\n\t\t\t\t<\/div>\n\t\t\t\t<\/div>\n\t\t\t\t\t<\/div>\n\t\t\t\t<\/div>\n\t\t<div class=\"has_eae_slider elementor-element elementor-element-npkpmkc e-flex e-con-boxed e-con e-parent\" data-eae-slider=\"4202\" data-id=\"npkpmkc\" data-element_type=\"container\" data-settings=\"{&quot;background_background&quot;:&quot;classic&quot;}\">\n\t\t\t\t\t<div class=\"e-con-inner\">\n\t\t<div class=\"has_eae_slider elementor-element elementor-element-1f7f824 e-con-full e-flex e-con e-child\" data-eae-slider=\"57473\" data-id=\"1f7f824\" data-element_type=\"container\">\n\t\t\t\t<div class=\"elementor-element elementor-element-70b1a4d elementor-widget elementor-widget-text-editor\" data-id=\"70b1a4d\" data-element_type=\"widget\" data-widget_type=\"text-editor.default\">\n\t\t\t\t<div class=\"elementor-widget-container\">\n\t\t\t\t\t\t\t\t\t<p>Wegen des Verbrechens der ersten Menschen t\u00f6tete Gott das Tier und bedeckte die Menschen mit seiner blutigen Haut, damit er in ihr Leben eingreifen und Menschen retten konnte. Wir haben die Wahl, uns auf dieser Erde, die wir nackt kamen und f\u00fcr immer verlassen werden, ein sch\u00f6nes Aussehen, einen guten Ruf und Ruhm aufzubauen. Wir haben die M\u00f6glichkeit, uns zu dem\u00fctigen und Gottes Willen f\u00fcr das irdische und ewige Leben anzunehmen, das der Herr Jesus uns erm\u00f6glicht hat.<\/p>\t\t\t\t\t\t\t\t<\/div>\n\t\t\t\t<\/div>\n\t\t\t\t<div class=\"elementor-element elementor-element-28e49c8 elementor-widget elementor-widget-text-editor\" data-id=\"28e49c8\" data-element_type=\"widget\" data-widget_type=\"text-editor.default\">\n\t\t\t\t<div class=\"elementor-widget-container\">\n\t\t\t\t\t\t\t\t\t<p>Im Gerichtssaal sitzen ein Richter und ein Verbrecher, dessen Schuld bewiesen wurde. Der Verbrecher wird zum Tode verurteilt. Ein Mann betritt den Gerichtssaal und bittet den Richter, dem Verbrecher eine Chance zur Wiedergutmachung zu geben. Er opferte sein Leben, um f\u00fcr den Verbrecher bestraft zu werden, und der Verbrecher wurde freigelassen. Der Mann, der sein Leben opferte, ist der Sohn des Richters, und der Richter-Vater bat ihn darum, weil ihm der Verbrecher leidtat. Der Sohn wurde hingerichtet und der Verbrecher freigelassen. Er verl\u00e4sst den Gerichtssaal und sieht den Himmel in Sonnenschein getaucht, V\u00f6gel singen. Ihm steht ein neues Leben bevor, das Vater und Sohn durch ihre Liebe erm\u00f6glicht haben. Es liegt an dem Menschen, wie er weiterleben wird. Es wird keine zweite Chance geben. Dies ist das Bild von Gott dem Vater, dem Sohn und jedem von uns \u2013 Verbrechern.<\/p>\n<p><span style=\"font-weight: 400;\">&nbsp;<\/span><\/p>\t\t\t\t\t\t\t\t<\/div>\n\t\t\t\t<\/div>\n\t\t\t\t<\/div>\n\t\t<div class=\"has_eae_slider elementor-element elementor-element-07afb6e e-con-full e-flex e-con e-child\" data-eae-slider=\"29440\" data-id=\"07afb6e\" data-element_type=\"container\">\n\t\t\t\t<div class=\"elementor-element elementor-element-83930a5 elementor-widget elementor-widget-image\" data-id=\"83930a5\" data-element_type=\"widget\" data-widget_type=\"image.default\">\n\t\t\t\t<div class=\"elementor-widget-container\">\n\t\t\t\t\t\t\t\t\t\t\t\t\t\t\t<img decoding=\"async\" width=\"1000\" height=\"563\" src=\"http:\/\/acodalej.sk\/wp-content\/uploads\/2023\/11\/judge.jpg\" class=\"attachment-full size-full wp-image-1597\" alt=\"\" srcset=\"http:\/\/acodalej.sk\/wp-content\/uploads\/2023\/11\/judge.jpg 1000w, http:\/\/acodalej.sk\/wp-content\/uploads\/2023\/11\/judge-300x169.jpg 300w, http:\/\/acodalej.sk\/wp-content\/uploads\/2023\/11\/judge-768x432.jpg 768w\" sizes=\"(max-width: 1000px) 100vw, 1000px\" \/>\t\t\t\t\t\t\t\t\t\t\t\t\t\t\t<\/div>\n\t\t\t\t<\/div>\n\t\t\t\t<\/div>\n\t\t\t\t\t<\/div>\n\t\t\t\t<\/div>\n\t\t<div class=\"has_eae_slider elementor-element elementor-element-9660113 e-flex e-con-boxed e-con e-parent\" data-eae-slider=\"67719\" data-id=\"9660113\" data-element_type=\"container\" data-settings=\"{&quot;background_background&quot;:&quot;classic&quot;}\">\n\t\t\t\t\t<div class=\"e-con-inner\">\n\t\t<div class=\"has_eae_slider elementor-element elementor-element-1714fe8 e-con-full e-flex e-con e-child\" data-eae-slider=\"1894\" data-id=\"1714fe8\" data-element_type=\"container\">\n\t\t\t\t<div class=\"elementor-element elementor-element-1923d4b elementor-widget elementor-widget-image\" data-id=\"1923d4b\" data-element_type=\"widget\" data-widget_type=\"image.default\">\n\t\t\t\t<div class=\"elementor-widget-container\">\n\t\t\t\t\t\t\t\t\t\t\t\t\t\t\t<img decoding=\"async\" width=\"612\" height=\"356\" src=\"http:\/\/acodalej.sk\/wp-content\/uploads\/2024\/02\/desatoro.png\" class=\"attachment-full size-full wp-image-2038\" alt=\"\" srcset=\"http:\/\/acodalej.sk\/wp-content\/uploads\/2024\/02\/desatoro.png 612w, http:\/\/acodalej.sk\/wp-content\/uploads\/2024\/02\/desatoro-300x175.png 300w\" sizes=\"(max-width: 612px) 100vw, 612px\" \/>\t\t\t\t\t\t\t\t\t\t\t\t\t\t\t<\/div>\n\t\t\t\t<\/div>\n\t\t\t\t<\/div>\n\t\t<div class=\"has_eae_slider elementor-element elementor-element-a86e0c5 e-con-full e-flex e-con e-child\" data-eae-slider=\"21891\" data-id=\"a86e0c5\" data-element_type=\"container\">\n\t\t\t\t<div class=\"elementor-element elementor-element-dc290a8 elementor-widget elementor-widget-text-editor\" data-id=\"dc290a8\" data-element_type=\"widget\" data-widget_type=\"text-editor.default\">\n\t\t\t\t<div class=\"elementor-widget-container\">\n\t\t\t\t\t\t\t\t\t<p>Gott ist heilig \u2013 vollkommen rein. Er ist Feuer. Er ist Licht, wo es keinen Schatten gibt. Er ist der schreckliche, gerechte und allm\u00e4chtige Gott.<\/p>\t\t\t\t\t\t\t\t<\/div>\n\t\t\t\t<\/div>\n\t\t\t\t<div class=\"elementor-element elementor-element-76e7465 elementor-widget elementor-widget-text-editor\" data-id=\"76e7465\" data-element_type=\"widget\" data-widget_type=\"text-editor.default\">\n\t\t\t\t<div class=\"elementor-widget-container\">\n\t\t\t\t\t\t\t\t\t<p>Ein b\u00f6ses Wesen ist wie Holz, ein treues Wesen wie Gold. Holz brennt im Feuer und Gold wird gel\u00e4utert. Der heilige Gott zeigt uns unsere wahre Natur: Wir sind Verbrecher, die die Gesetze des Lebens verletzen. Die Grenze zwischen Leben und Tod ist Gottes Gesetz:<\/p>\t\t\t\t\t\t\t\t<\/div>\n\t\t\t\t<\/div>\n\t\t\t\t<div class=\"elementor-element elementor-element-61987f8 elementor-widget elementor-widget-text-editor\" data-id=\"61987f8\" data-element_type=\"widget\" data-widget_type=\"text-editor.default\">\n\t\t\t\t<div class=\"elementor-widget-container\">\n\t\t\t\t\t\t\t\t\t<p>1. Ehre Gott t\u00e4glich \u2013 empfange und behalte Gottes Wort<br>2. Bete keine G\u00f6tzen an \u2013 folge keinen anderen Lebensregeln als denen des Sch\u00f6pfers<br>3. Missbrauchen Sie Gottes Namen nicht.<br>4. Arbeiten Sie sechs Tage und ruhen Sie sich am siebten aus.<br>5. Ehre deinen Vater und deine Mutter, damit du lange lebst und es dir auf Erden gut geht.<br>6. Du sollst nicht t\u00f6ten<br>7. Du sollst keinen Ehebruch begehen \u2013 Sex au\u00dferhalb der Ehe zwischen Mann und Frau<br>8. Du sollst nicht stehlen<br>9. L\u00fcge und verleumde nicht<br>10. Seien Sie nicht eifers\u00fcchtig.<\/p>\t\t\t\t\t\t\t\t<\/div>\n\t\t\t\t<\/div>\n\t\t\t\t<\/div>\n\t\t\t\t\t<\/div>\n\t\t\t\t<\/div>\n\t\t<div class=\"has_eae_slider elementor-element elementor-element-fed1e7e e-flex e-con-boxed e-con e-parent\" data-eae-slider=\"50634\" data-id=\"fed1e7e\" data-element_type=\"container\" data-settings=\"{&quot;background_background&quot;:&quot;classic&quot;}\">\n\t\t\t\t\t<div class=\"e-con-inner\">\n\t\t<div class=\"has_eae_slider elementor-element elementor-element-929da76 e-con-full e-flex e-con e-child\" data-eae-slider=\"25493\" data-id=\"929da76\" data-element_type=\"container\">\n\t\t\t\t<div class=\"elementor-element elementor-element-7d65436 elementor-widget elementor-widget-text-editor\" data-id=\"7d65436\" data-element_type=\"widget\" data-widget_type=\"text-editor.default\">\n\t\t\t\t<div class=\"elementor-widget-container\">\n\t\t\t\t\t\t\t\t\t<p>Der Lohn f\u00fcr die \u00dcbertretung der Lebensgesetze ist der Tod, doch das Geschenk Gottes ist das ewige Leben durch Jesus Christus. Der Tod ist ein Zustand der Trennung vom Sch\u00f6pfer, der Einsamkeit und des Verfalls. Wenn ich nach solchen Worten diesen Zustand erkenne, kann ich als Str\u00e4fling um Amnestie bitten. Gott dr\u00e4ngt sich niemandem auf, er braucht uns nicht, wir brauchen ihn.<\/p>\t\t\t\t\t\t\t\t<\/div>\n\t\t\t\t<\/div>\n\t\t\t\t<\/div>\n\t\t<div class=\"has_eae_slider elementor-element elementor-element-79c0a50 e-con-full e-flex e-con e-child\" data-eae-slider=\"94165\" data-id=\"79c0a50\" data-element_type=\"container\">\n\t\t\t\t<div class=\"elementor-element elementor-element-e34b43a elementor-widget elementor-widget-image\" data-id=\"e34b43a\" data-element_type=\"widget\" data-widget_type=\"image.default\">\n\t\t\t\t<div class=\"elementor-widget-container\">\n\t\t\t\t\t\t\t\t\t\t\t\t\t\t\t<img loading=\"lazy\" decoding=\"async\" width=\"1376\" height=\"774\" src=\"http:\/\/acodalej.sk\/wp-content\/uploads\/2023\/11\/calltogod.jpeg\" class=\"attachment-full size-full wp-image-1598\" alt=\"\" srcset=\"http:\/\/acodalej.sk\/wp-content\/uploads\/2023\/11\/calltogod.jpeg 1376w, http:\/\/acodalej.sk\/wp-content\/uploads\/2023\/11\/calltogod-300x169.jpeg 300w, http:\/\/acodalej.sk\/wp-content\/uploads\/2023\/11\/calltogod-1024x576.jpeg 1024w, http:\/\/acodalej.sk\/wp-content\/uploads\/2023\/11\/calltogod-768x432.jpeg 768w\" sizes=\"(max-width: 1376px) 100vw, 1376px\" \/>\t\t\t\t\t\t\t\t\t\t\t\t\t\t\t<\/div>\n\t\t\t\t<\/div>\n\t\t\t\t<\/div>\n\t\t\t\t\t<\/div>\n\t\t\t\t<\/div>\n\t\t<div class=\"has_eae_slider elementor-element elementor-element-5eb1d3cd e-flex e-con-boxed e-con e-parent\" data-eae-slider=\"6175\" data-id=\"5eb1d3cd\" data-element_type=\"container\" data-settings=\"{&quot;background_background&quot;:&quot;classic&quot;}\">\n\t\t\t\t\t<div class=\"e-con-inner\">\n\t\t<div class=\"has_eae_slider elementor-element elementor-element-6f38eaa3 e-con-full e-flex e-con e-child\" data-eae-slider=\"61703\" data-id=\"6f38eaa3\" data-element_type=\"container\">\n\t\t\t\t<div class=\"elementor-element elementor-element-2f650512 elementor-widget elementor-widget-image\" data-id=\"2f650512\" data-element_type=\"widget\" data-widget_type=\"image.default\">\n\t\t\t\t<div class=\"elementor-widget-container\">\n\t\t\t\t\t\t\t\t\t\t\t\t\t\t\t<img loading=\"lazy\" decoding=\"async\" width=\"2560\" height=\"1390\" src=\"http:\/\/acodalej.sk\/wp-content\/uploads\/2023\/11\/jesusanddisciples-scaled.webp\" class=\"attachment-full size-full wp-image-1599\" alt=\"\" srcset=\"http:\/\/acodalej.sk\/wp-content\/uploads\/2023\/11\/jesusanddisciples-scaled.webp 2560w, http:\/\/acodalej.sk\/wp-content\/uploads\/2023\/11\/jesusanddisciples-300x163.webp 300w, http:\/\/acodalej.sk\/wp-content\/uploads\/2023\/11\/jesusanddisciples-1024x556.webp 1024w, http:\/\/acodalej.sk\/wp-content\/uploads\/2023\/11\/jesusanddisciples-768x417.webp 768w, http:\/\/acodalej.sk\/wp-content\/uploads\/2023\/11\/jesusanddisciples-1536x834.webp 1536w, http:\/\/acodalej.sk\/wp-content\/uploads\/2023\/11\/jesusanddisciples-2048x1112.webp 2048w\" sizes=\"(max-width: 2560px) 100vw, 2560px\" \/>\t\t\t\t\t\t\t\t\t\t\t\t\t\t\t<\/div>\n\t\t\t\t<\/div>\n\t\t\t\t<\/div>\n\t\t<div class=\"has_eae_slider elementor-element elementor-element-298f70f1 e-con-full e-flex e-con e-child\" data-eae-slider=\"74806\" data-id=\"298f70f1\" data-element_type=\"container\">\n\t\t\t\t<div class=\"elementor-element elementor-element-6f1fb878 elementor-widget elementor-widget-text-editor\" data-id=\"6f1fb878\" data-element_type=\"widget\" data-widget_type=\"text-editor.default\">\n\t\t\t\t<div class=\"elementor-widget-container\">\n\t\t\t\t\t\t\t\t\t<p>Wenn wir verstehen, dass all unsere Bem\u00fchungen und unser Dasein ohne Ihn vergeblich waren und wir schlie\u00dflich in den Qualen der H\u00f6lle umkommen w\u00fcrden, k\u00f6nnen wir zugeben, dass wir verloren sind und um Gnade bitten. Gott gab seinen einzigen Sohn und verk\u00fcndete diese Absicht Tausende von Jahren im Voraus durch Menschen, die Ihn suchten und um diese Gnade flehten. Sein Sohn erschien vor 2000 Jahren als Jesus von Nazareth und lebte nach den Regeln des Sch\u00f6pfers, die in der Bibel niedergeschrieben sind. Als Er \u00fcber 35 Jahre alt war, rief Ihn der Vater, um Seine Lebensaufgabe auf Erden zu erf\u00fcllen. Er begann Gottes Botschaft zu verk\u00fcnden, die Er als einfacher Mensch jahrzehntelang auf Erden gelernt und gelebt hatte. Gott best\u00e4tigte diese Worte durch Wunder wie die Heilung von Lahmen, Blinden und Tauben, die Verwandlung des Lebens der Menschen vom Schlechten zum Guten, die Befreiung von b\u00f6sen Geistern, die Auferweckung von Toten, die Vermehrung von Nahrungsmitteln, die Beruhigung des Sturms und viele andere \u00fcbernat\u00fcrliche Best\u00e4tigungen Gottes. Menschen, die mit ihrem b\u00f6sen Leben auf Erden zufrieden waren, hassten Ihn und ermordeten Ihn brutal. Er leistete keinen Widerstand, denn er gab sein Leben hin, um alle Menschen zu opfern und zu erl\u00f6sen. Am dritten Tag nach seinem Tod stand er auf und erschien seinen engsten Freunden 40 Tage lang. Dann fuhr er vor den Augen von etwa 500 Menschen in den Himmel auf und verschwand vor ihnen in den Wolken. Er fuhr in den Himmel auf, wo ein gro\u00dfes Fest und die Kr\u00f6nung des K\u00f6nigs und Erl\u00f6sers der Menschheit stattfanden.<\/p>\t\t\t\t\t\t\t\t<\/div>\n\t\t\t\t<\/div>\n\t\t\t\t<\/div>\n\t\t\t\t\t<\/div>\n\t\t\t\t<\/div>\n\t\t<div class=\"has_eae_slider elementor-element elementor-element-775376a e-con-full e-flex e-con e-parent\" data-eae-slider=\"46806\" data-id=\"775376a\" data-element_type=\"container\" data-settings=\"{&quot;background_background&quot;:&quot;classic&quot;,&quot;animation&quot;:&quot;none&quot;}\">\n\t\t<div class=\"has_eae_slider elementor-element elementor-element-1668c8b e-con-full e-flex e-con e-child\" data-eae-slider=\"66866\" data-id=\"1668c8b\" data-element_type=\"container\">\n\t\t\t\t<div class=\"elementor-element elementor-element-702c9e5 elementor-widget elementor-widget-text-editor\" data-id=\"702c9e5\" data-element_type=\"widget\" data-widget_type=\"text-editor.default\">\n\t\t\t\t<div class=\"elementor-widget-container\">\n\t\t\t\t\t\t\t\t\t<p style=\"text-align: left;\">Wir sind voller Informationen aus der Welt und glauben daran, doch wenn wir Gottes Wort glauben und ihn um Best\u00e4tigung bitten, kommt die Antwort, und jeder, der sie erlebt hat, bezeugt einen erstaunlichen Frieden und eine anschlie\u00dfende positive Ver\u00e4nderung im Leben. Es geht um den wichtigsten Sinn unseres Lebens auf Erden \u2013 die Erkenntnis unseres Sch\u00f6pfers und Erl\u00f6sers und die anschlie\u00dfende Trennung von den Einfl\u00fcssen, die unser Leben, unsere Familien und unsere Gesellschaft zerst\u00f6rt haben. Nach Gottes Besuch folgt unsere Best\u00e4tigung \u2013 eine Unterschrift, die Gott als Untertauchen in Wasser bezeichnet. Damit bringen wir zum Ausdruck, dass der Herr Jesus f\u00fcr uns am Kreuz gestorben ist, begraben wurde und aus dem Wasser kam, als der Herr Jesus aus dem Grab zum ewigen Leben auferstand. Damit bekenne ich, dass ich mit ihm f\u00fcr Rebellion und Verbrechen gestorben bin, um Gott Raum zu geben, mein Leben zu f\u00fchren. Gott f\u00fchrt uns durch den t\u00e4glichen Empfang seines Wortes aus der Bibel und hat einen konkreten Plan f\u00fcr jeden Menschen, unabh\u00e4ngig von Rasse, Bildung, Alter, Geschlecht, religi\u00f6sem Hintergrund und begangenen Verbrechen. Gottes Plan ist gut, vollkommen und gef\u00e4llt jedem Menschen.<\/p>\n<p style=\"text-align: left;\"><b>Vater, du lebst und erh\u00f6rst mich. Du hast mich erschaffen. Bitte gib mir ein reines Herz, damit ich sehen kann, was du auf Erden und im Himmel f\u00fcr mich vorbereitet hast.<\/b><\/p>\t\t\t\t\t\t\t\t<\/div>\n\t\t\t\t<\/div>\n\t\t\t\t<div class=\"elementor-element elementor-element-42ebe43 elementor-widget elementor-widget-video\" data-id=\"42ebe43\" data-element_type=\"widget\" data-settings=\"{&quot;youtube_url&quot;:&quot;https:\\\/\\\/youtu.be\\\/qo-OHwppAko?feature=shared&quot;,&quot;video_type&quot;:&quot;youtube&quot;,&quot;controls&quot;:&quot;yes&quot;}\" data-widget_type=\"video.default\">\n\t\t\t\t<div class=\"elementor-widget-container\">\n\t\t\t\t\t\t\t<div class=\"elementor-wrapper elementor-open-inline\">\n\t\t\t<div class=\"elementor-video\"><\/div>\t\t<\/div>\n\t\t\t\t\t\t<\/div>\n\t\t\t\t<\/div>\n\t\t\t\t<\/div>\n\t\t\t\t<\/div>\n\t\t\t\t<\/div>","protected":false},"excerpt":{"rendered":"<p>Na \u010do tu sme? Boh m\u00e1 pl\u00e1n pre ka\u017ed\u00e9ho Na\u0161a \u00faloha je pozn\u00e1va\u0165 n\u00e1\u0161ho Stvorite\u013ea, plni\u0165 Jeho pl\u00e1n pre na\u0161e \u017eivoty a navz\u00e1jom si pom\u00e1ha\u0165. Hovor\u00ed sa, \u017ee hist\u00f3ria sa opakuje. \u00c1no udalosti hist\u00f3rie sa opakuj\u00fa, ale niektor\u00e9 udalosti s\u00fa jednorazov\u00e9. Iba raz sa \u010dlovek narod\u00ed a po pozemskom \u017eivote odch\u00e1dza a ide na Bo\u017e\u00ed [&hellip;]<\/p>","protected":false},"author":1,"featured_media":0,"parent":0,"menu_order":0,"comment_status":"closed","ping_status":"closed","template":"","meta":{"site-sidebar-layout":"no-sidebar","site-content-layout":"page-builder","ast-site-content-layout":"full-width-container","site-content-style":"default","site-sidebar-style":"default","ast-global-header-display":"","ast-banner-title-visibility":"","ast-main-header-display":"","ast-hfb-above-header-display":"","ast-hfb-below-header-display":"","ast-hfb-mobile-header-display":"","site-post-title":"disabled","ast-breadcrumbs-content":"disabled","ast-featured-img":"disabled","footer-sml-layout":"","theme-transparent-header-meta":"enabled","adv-header-id-meta":"","stick-header-meta":"","header-above-stick-meta":"","header-main-stick-meta":"","header-below-stick-meta":"","astra-migrate-meta-layouts":"set","ast-page-background-enabled":"default","ast-page-background-meta":{"desktop":{"background-color":"var(--ast-global-color-4)","background-image":"","background-repeat":"repeat","background-position":"center center","background-size":"auto","background-attachment":"scroll","background-type":"","background-media":"","overlay-type":"","overlay-color":"","overlay-opacity":"","overlay-gradient":""},"tablet":{"background-color":"","background-image":"","background-repeat":"repeat","background-position":"center center","background-size":"auto","background-attachment":"scroll","background-type":"","background-media":"","overlay-type":"","overlay-color":"","overlay-opacity":"","overlay-gradient":""},"mobile":{"background-color":"","background-image":"","background-repeat":"repeat","background-position":"center center","background-size":"auto","background-attachment":"scroll","background-type":"","background-media":"","overlay-type":"","overlay-color":"","overlay-opacity":"","overlay-gradient":""}},"ast-content-background-meta":{"desktop":{"background-color":"var(--ast-global-color-5)","background-image":"","background-repeat":"repeat","background-position":"center center","background-size":"auto","background-attachment":"scroll","background-type":"","background-media":"","overlay-type":"","overlay-color":"","overlay-opacity":"","overlay-gradient":""},"tablet":{"background-color":"var(--ast-global-color-5)","background-image":"","background-repeat":"repeat","background-position":"center center","background-size":"auto","background-attachment":"scroll","background-type":"","background-media":"","overlay-type":"","overlay-color":"","overlay-opacity":"","overlay-gradient":""},"mobile":{"background-color":"var(--ast-global-color-5)","background-image":"","background-repeat":"repeat","background-position":"center center","background-size":"auto","background-attachment":"scroll","background-type":"","background-media":"","overlay-type":"","overlay-color":"","overlay-opacity":"","overlay-gradient":""}},"footnotes":""},"class_list":["post-1584","page","type-page","status-publish","hentry"],"_links":{"self":[{"href":"http:\/\/acodalej.sk\/de\/wp-json\/wp\/v2\/pages\/1584","targetHints":{"allow":["GET"]}}],"collection":[{"href":"http:\/\/acodalej.sk\/de\/wp-json\/wp\/v2\/pages"}],"about":[{"href":"http:\/\/acodalej.sk\/de\/wp-json\/wp\/v2\/types\/page"}],"author":[{"embeddable":true,"href":"http:\/\/acodalej.sk\/de\/wp-json\/wp\/v2\/users\/1"}],"replies":[{"embeddable":true,"href":"http:\/\/acodalej.sk\/de\/wp-json\/wp\/v2\/comments?post=1584"}],"version-history":[{"count":0,"href":"http:\/\/acodalej.sk\/de\/wp-json\/wp\/v2\/pages\/1584\/revisions"}],"wp:attachment":[{"href":"http:\/\/acodalej.sk\/de\/wp-json\/wp\/v2\/media?parent=1584"}],"curies":[{"name":"wp","href":"https:\/\/api.w.org\/{rel}","templated":true}]}}