{"id":1714,"date":"2023-11-27T03:53:50","date_gmt":"2023-11-27T03:53:50","guid":{"rendered":"http:\/\/acodalej.sk\/?page_id=1714"},"modified":"2025-05-01T21:39:42","modified_gmt":"2025-05-01T21:39:42","slug":"potopa","status":"publish","type":"page","link":"http:\/\/acodalej.sk\/de\/potopa\/","title":{"rendered":"Flut"},"content":{"rendered":"<div data-elementor-type=\"wp-page\" data-elementor-id=\"1714\" class=\"elementor elementor-1714\">\n\t\t\t\t<div class=\"has_eae_slider elementor-element elementor-element-ddf7b26 e-flex e-con-boxed e-con e-parent\" data-eae-slider=\"56802\" data-id=\"ddf7b26\" data-element_type=\"container\" data-settings=\"{&quot;background_background&quot;:&quot;classic&quot;}\">\n\t\t\t\t\t<div class=\"e-con-inner\">\n\t\t<div class=\"has_eae_slider elementor-element elementor-element-e32504e e-con-full e-flex e-con e-child\" data-eae-slider=\"8619\" data-id=\"e32504e\" data-element_type=\"container\">\n\t\t\t\t<div class=\"elementor-element elementor-element-bbb476f elementor-widget elementor-widget-heading\" data-id=\"bbb476f\" data-element_type=\"widget\" data-widget_type=\"heading.default\">\n\t\t\t\t<div class=\"elementor-widget-container\">\n\t\t\t\t\t<h1 class=\"elementor-heading-title elementor-size-default\">Flut<\/h1>\t\t\t\t<\/div>\n\t\t\t\t<\/div>\n\t\t\t\t<\/div>\n\t\t\t\t\t<\/div>\n\t\t\t\t<\/div>\n\t\t<div class=\"has_eae_slider elementor-element elementor-element-de03241 e-flex e-con-boxed e-con e-parent\" data-eae-slider=\"12919\" data-id=\"de03241\" data-element_type=\"container\" data-settings=\"{&quot;background_background&quot;:&quot;classic&quot;}\">\n\t\t\t\t\t<div class=\"e-con-inner\">\n\t\t\t\t<div class=\"elementor-element elementor-element-8eaa8e5 elementor-widget elementor-widget-heading\" data-id=\"8eaa8e5\" data-element_type=\"widget\" data-widget_type=\"heading.default\">\n\t\t\t\t<div class=\"elementor-widget-container\">\n\t\t\t\t\t<h2 class=\"elementor-heading-title elementor-size-default\">Genesis<\/h2>\t\t\t\t<\/div>\n\t\t\t\t<\/div>\n\t\t\t\t<div class=\"elementor-element elementor-element-c36d730 elementor-tabs-view-horizontal elementor-widget elementor-widget-tabs\" data-id=\"c36d730\" data-element_type=\"widget\" data-widget_type=\"tabs.default\">\n\t\t\t\t<div class=\"elementor-widget-container\">\n\t\t\t\t\t\t\t<div class=\"elementor-tabs\">\n\t\t\t<div class=\"elementor-tabs-wrapper\" role=\"tablist\" >\n\t\t\t\t\t\t\t\t\t<div id=\"elementor-tab-title-2041\" class=\"elementor-tab-title elementor-tab-desktop-title\" aria-selected=\"true\" data-tab=\"1\" role=\"tab\" tabindex=\"0\" aria-controls=\"elementor-tab-content-2041\" aria-expanded=\"false\">Kapitel 6<\/div>\n\t\t\t\t\t\t\t\t\t<div id=\"elementor-tab-title-2042\" class=\"elementor-tab-title elementor-tab-desktop-title\" aria-selected=\"false\" data-tab=\"2\" role=\"tab\" tabindex=\"-1\" aria-controls=\"elementor-tab-content-2042\" aria-expanded=\"false\">Kapitel 7<\/div>\n\t\t\t\t\t\t\t\t\t<div id=\"elementor-tab-title-2043\" class=\"elementor-tab-title elementor-tab-desktop-title\" aria-selected=\"false\" data-tab=\"3\" role=\"tab\" tabindex=\"-1\" aria-controls=\"elementor-tab-content-2043\" aria-expanded=\"false\">Kapitel 8<\/div>\n\t\t\t\t\t\t\t\t\t<div id=\"elementor-tab-title-2044\" class=\"elementor-tab-title elementor-tab-desktop-title\" aria-selected=\"false\" data-tab=\"4\" role=\"tab\" tabindex=\"-1\" aria-controls=\"elementor-tab-content-2044\" aria-expanded=\"false\">Kapitel 9<\/div>\n\t\t\t\t\t\t\t<\/div>\n\t\t\t<div class=\"elementor-tabs-content-wrapper\" role=\"tablist\" aria-orientation=\"vertical\">\n\t\t\t\t\t\t\t\t\t<div class=\"elementor-tab-title elementor-tab-mobile-title\" aria-selected=\"true\" data-tab=\"1\" role=\"tab\" tabindex=\"0\" aria-controls=\"elementor-tab-content-2041\" aria-expanded=\"false\">Kapitel 6<\/div>\n\t\t\t\t\t<div id=\"elementor-tab-content-2041\" class=\"elementor-tab-content elementor-clearfix\" data-tab=\"1\" role=\"tabpanel\" aria-labelledby=\"elementor-tab-title-2041\" tabindex=\"0\" hidden=\"false\"><p>1 Als sich die Menschen auf der Erde zu mehren begannen und ihnen T\u00f6chter geboren wurden, 2 sahen die S\u00f6hne Gottes, wie sch\u00f6n die T\u00f6chter der Menschen waren, und sie nahmen sich Frauen, die sie sich aussuchten. 3 Der Herr sprach: Mein Geist soll nicht ewig mit dem Menschen hadern; denn er ist Fleisch; seine Tage sollen hundertzwanzig Jahre betragen. 4 In jenen Tagen und auch danach, als die S\u00f6hne Gottes zu den T\u00f6chtern der Menschen kamen und sie ihnen Kinder gebaren, waren die Riesen auf der Erde, die ruhmreichen M\u00e4nner der Urzeit. 5 Der Herr sah, dass die Bosheit des Menschen auf der Erde gro\u00df war und alles Dichten und Trachten seines Herzens immer nur b\u00f6se war. 6 Da reute es den Herrn, den Menschen auf der Erde gemacht zu haben, und es betr\u00fcbte ihn in seinem Herzen. 7 Der Herr sprach: Ich will den Menschen, den ich erschaffen habe, vom Erdboden vertilgen, Mensch und Vieh, Gew\u00fcrm und V\u00f6gel; denn es reut mich, sie gemacht zu haben. 8 Aber Noah fand Gnade in den Augen des Herrn. 9 Dies sind die Generationen Noahs: Noah war ein gerechter Mann, untadelig unter seinem Volk. Noah wandelte mit Gott. 10 Er hatte drei S\u00f6hne: Sem, Ham und Japhet. 11 Aber die Erde war verderbt in Gottes Augen und voller Gewalttat. 12 Und Gott sah, dass die Erde verderbt war, denn alles Fleisch hatte seine Wege auf der Erde verderbt. 13 Gott sprach zu Noah: Ich habe beschlossen, allem Leben ein Ende zu setzen, denn die Erde ist voller Gewalt. Ich werde sie mit der Erde vernichten. 14 Baue eine Arche aus Gopherholz; mache einen Raum darin und vergie\u00dfe ihn innen und au\u00dfen mit Pech. 15 So sollst du sie bauen: Die L\u00e4nge der Arche soll dreihundert Ellen betragen, ihre Breite f\u00fcnfzig Ellen und ihre H\u00f6he drei\u00dfig Ellen. 16 Du sollst oben auf der Arche ein Dach von einer Elle machen. Du sollst eine T\u00fcr an der Seite der Arche machen; du sollst ein unteres, ein mittleres und ein oberes Deck machen. 17 Und ich werde die Wasser einer Flut \u00fcber die Erde bringen, um alles Fleisch, in dem Lebensatem ist, unter dem Himmel zu vernichten. Alles, was auf der Erde ist, soll sterben. 18 Und ich werde meinen Bund mit dir schlie\u00dfen; du und deine S\u00f6hne und deine Frau und die Frauen deiner S\u00f6hne sollen mit dir in die Arche gehen. 19 Von allem, was lebt, jeder Art, sollst du je zwei in die Arche bringen, damit sie bei dir am Leben bleiben, M\u00e4nnchen und Weibchen. 20 Von den V\u00f6geln, vom Vieh und von allem, was auf der Erde kriecht, sollst du je zwei nach ihrer Art mit in die Arche bringen, damit sie am Leben bleiben. 21 Und du sollst dir von allerlei Speise nehmen, die essbar ist, und sie bei dir sammeln; sie soll dir und ihnen als Nahrung dienen.\u201c 22 Noah tat alles, wie Gott es ihm befohlen hatte.<\/p><\/div>\n\t\t\t\t\t\t\t\t\t<div class=\"elementor-tab-title elementor-tab-mobile-title\" aria-selected=\"false\" data-tab=\"2\" role=\"tab\" tabindex=\"-1\" aria-controls=\"elementor-tab-content-2042\" aria-expanded=\"false\">Kapitel 7<\/div>\n\t\t\t\t\t<div id=\"elementor-tab-content-2042\" class=\"elementor-tab-content elementor-clearfix\" data-tab=\"2\" role=\"tabpanel\" aria-labelledby=\"elementor-tab-title-2042\" tabindex=\"0\" hidden=\"hidden\"><p>1 Da sprach der Herr zu Noah: Geh mit deinem ganzen Haus in die Arche; denn ich habe gesehen, dass du in dieser Generation gerecht vor mir bist. 2 Nimm von allen reinen Tieren, M\u00e4nnchen und Weibchen, und von allen unreinen Tieren, M\u00e4nnchen und Weibchen, je sieben Paare mit dir. 3 Und von den V\u00f6geln des Himmels je sieben Paare, M\u00e4nnchen und Weibchen, damit ihre Nachkommen auf der ganzen Erde am Leben bleiben. 4 Denn in sieben Tagen werde ich es vierzig Tage und vierzig N\u00e4chte lang auf die Erde regnen lassen und alles Lebendige, das ich gemacht habe, vom Erdboden vertilgen. 5 Noah tat alles, was der Herr ihm geboten hatte. 6 Noah war sechshundert Jahre alt, als die Sintflut \u00fcber die Erde kam. 7 Noah ging mit seinen S\u00f6hnen, seiner Frau und den Frauen seiner S\u00f6hne in die Arche, um der Sintflut zu entgehen. 8 Von den reinen Tieren und von den unreinen Tieren, von den V\u00f6geln und von allem, was sich auf dem Boden regt, 9 gingen je zwei und zwei mit Noah in die Arche, ein M\u00e4nnchen und ein Weibchen, wie Gott es ihm geboten hatte. 10 Und nach sieben Tagen kamen die Wasser der Sintflut \u00fcber die Erde. 11 Im sechshundertsten Lebensjahr Noahs, am siebzehnten Tag des zweiten Monats, brachen alle Quellen der gro\u00dfen Tiefe hervor, und die Fenster des Himmels \u00f6ffneten sich. 12 Und es regnete vierzig Tage und vierzig N\u00e4chte lang auf die Erde. 13 Am selben Tag ging Noah in die Arche und seine S\u00f6hne Sem, Ham und Japhet und seine Frau und die drei Frauen seiner S\u00f6hne mit ihm. 14 Sie und alle Tiere, alles Vieh, alles Gew\u00fcrm, das auf dem Erdboden kriecht, alle V\u00f6gel, alle V\u00f6gel des Himmels und alle V\u00f6gel des Himmels nach ihren Arten 15 gingen zu Noah in die Arche, je zwei und zwei von allem Fleisch, in dem Lebenshauch ist. 16 Von allem Fleisch gingen sie hinein, M\u00e4nnchen und Weibchen, wie Gott es ihm geboten hatte. Und der Herr schloss die Arche hinter ihm. 17 Und die Sintflut war vierzig Tage lang auf der Erde. Und die Wasser stiegen und hoben die Arche empor, und sie wurde \u00fcber die Erde gehoben. 18 Und die Wasser stiegen sehr stark und bedeckten die ganze Erde; aber die Arche schwamm auf dem Wasser. 19 Und die Wasser nahmen \u00fcberhand auf dem Trockenen und bedeckten alle hohen Berge unter dem Himmel. 20 Und die Wasser erhoben sich f\u00fcnfzehn Ellen \u00fcber den Bergen, die sie bedeckten. 21 Alles Lebendige, das sich auf der Erde regte, starb: V\u00f6gel, Vieh, wilde Tiere, kriechende Tiere, die sich auf der Erde bewegen, und die gesamte Menschheit. 22 Alles, was auf dem Trockenen lebte, starb. 23 Gott vernichtete alles Lebendige, das auf der Oberfl\u00e4che des Bodens lebte: Mensch, Vieh, kriechende Tiere und V\u00f6gel des Himmels. Sie wurden alle von der Erde vertilgt. Nur Noah und diejenigen, die mit ihm in der Arche waren, blieben \u00fcbrig. 24 Die Wasser standen hundertf\u00fcnfzig Tage lang \u00fcber der Erde.<\/p><\/div>\n\t\t\t\t\t\t\t\t\t<div class=\"elementor-tab-title elementor-tab-mobile-title\" aria-selected=\"false\" data-tab=\"3\" role=\"tab\" tabindex=\"-1\" aria-controls=\"elementor-tab-content-2043\" aria-expanded=\"false\">Kapitel 8<\/div>\n\t\t\t\t\t<div id=\"elementor-tab-content-2043\" class=\"elementor-tab-content elementor-clearfix\" data-tab=\"3\" role=\"tabpanel\" aria-labelledby=\"elementor-tab-title-2043\" tabindex=\"0\" hidden=\"hidden\"><p>1 Und Gott gedachte Noahs und aller Tiere auf dem Feld und des ganzen Viehs, das mit ihm in der Arche war. Und Gott lie\u00df einen Wind \u00fcber die Erde kommen, und die Wasser gingen zur\u00fcck. 2 Und die Quellen der gro\u00dfen Tiefe und die Schleusen des Himmels wurden verschlossen, und der Regen vom Himmel h\u00f6rte auf. 3 Und die Wasser, die da flossen und flossen, gingen zur\u00fcck von der Erde, und nach hundertf\u00fcnfzig Tagen nahmen die Wasser ab. 4 Und am siebzehnten Tag des siebten Monats ruhte die Arche auf dem Gebirge Ararat. 5 Und die Wasser gingen zur\u00fcck und gingen zur\u00fcck bis zum zehnten Monat. Am ersten Tag des zehnten Monats erschienen die Gipfel der Berge. 6 Und nach vierzig Tagen \u00f6ffnete Noah das Fenster in der Arche, die er gemacht hatte, 7 und er lie\u00df einen Raben hinausfliegen, der kam und flog, bis die Wasser auf der Erde versiegt waren. 8 Und er lie\u00df eine Taube hinausfliegen, um zu sehen, ob die Wasser von der Erde zur\u00fcckgegangen waren. 9 Als sie aber keinen Platz fand, wo sie ihren Fu\u00df hinstellen konnte, kehrte sie zu ihm in die Arche zur\u00fcck. Es war noch Wasser auf der ganzen Erde. Er streckte seine Hand aus, nahm die Taube und brachte sie in die Arche. 10 Er wartete weitere sieben Tage und lie\u00df die Taube wieder aus der Arche hinaus. 11 Am Abend kam sie zu ihm zur\u00fcck mit einem frisch gepfl\u00fcckten Olivenblatt im Schnabel. Noah merkte, dass das Wasser von der Erde zur\u00fcckgegangen war. 12 Er wartete weitere sieben Tage und lie\u00df die Taube hinaus, aber sie kehrte nicht zu ihm zur\u00fcck. 13 Im sechshundertersten Jahr, am ersten Tag des ersten Monats, war das Wasser auf der Erde vertrocknet. Noah \u00f6ffnete den Deckel der Arche und schaute hinaus: Und siehe, die Erde war trocken. 14 Im zweiten Monat, am siebenundzwanzigsten Tag des Monats, war die Erde trocken. 15 Gott redete mit Noah und sagte: 16 Geh aus der Arche hinaus, du und deine Frau, deine S\u00f6hne und deine Frauen mit dir. 17 Bring alles Lebendige heraus, das bei dir ist: V\u00f6gel, Vieh und alles Gew\u00fcrm, das auf der Erde kriecht, damit es sich auf der Erde bewegt und fruchtbar ist und sich auf der Erde mehrt. 18 Und Noah ging hinaus und seine S\u00f6hne, seine Frau und seine Frauen mit ihm, 19 alles Lebendige, alles Gew\u00fcrm, jeder Vogel und alles Gew\u00fcrm, das auf der Erde kriecht, nach seiner Art, ging aus der Arche. 20 Und Noah baute dem HERRN einen Altar und nahm von jedem reinen Tier und von jedem reinen Vogel und brachte Brandopfer auf dem Altar dar. 21 Der Herr roch einen angenehmen Duft und sagte: \u201eIch werde den Acker nie wieder um des Menschen willen verfluchen; denn die Neigung des menschlichen Herzens ist b\u00f6se von Jugend an. Darum werde ich nie wieder alles Lebendige vernichten, wie ich es getan habe. 22 Solange die Erde besteht, werden Saat und Ernte, K\u00e4lte und Hitze, Sommer und Winter, Tag und Nacht niemals aufh\u00f6ren.\u201c<\/p><\/div>\n\t\t\t\t\t\t\t\t\t<div class=\"elementor-tab-title elementor-tab-mobile-title\" aria-selected=\"false\" data-tab=\"4\" role=\"tab\" tabindex=\"-1\" aria-controls=\"elementor-tab-content-2044\" aria-expanded=\"false\">Kapitel 9<\/div>\n\t\t\t\t\t<div id=\"elementor-tab-content-2044\" class=\"elementor-tab-content elementor-clearfix\" data-tab=\"4\" role=\"tabpanel\" aria-labelledby=\"elementor-tab-title-2044\" tabindex=\"0\" hidden=\"hidden\"><p>1 Gott segnete Noah und seine S\u00f6hne und sprach zu ihnen: Seid fruchtbar und mehret euch und bev\u00f6lkert die Erde. 2 Furcht und Schrecken vor euch soll \u00fcber alle Tiere der Erde kommen, \u00fcber alle V\u00f6gel des Himmels und \u00fcber alles, was sich auf der Erde regt. Alle Fische im Meer sollen euch zur Nahrung dienen. 3 Alles, was sich regt und lebt, soll euch zur Nahrung dienen; ich habe euch alles gegeben, so wie ich euch das gr\u00fcne Kraut gegeben habe. 4 Nur sollt ihr kein Fleisch essen, das noch lebendig ist \u2013 sein Blut \u2013, denn ich werde jedes Lebewesen f\u00fcr euer Blut zur Rechenschaft ziehen. 5 Denn ich werde jedes Lebewesen f\u00fcr das Leben jedes Lebewesens zur Rechenschaft ziehen, und jedes Lebewesen f\u00fcr das Leben jedes Lebewesens, ja, das Leben jedes Lebewesens. 6 Wer Menschenblut vergie\u00dft, dessen Blut soll auch durch sein eigenes Blut vergossen werden; denn nach dem Bild Gottes hat er den Menschen geschaffen. 7 Ihr aber, seid fruchtbar und mehret euch, vermehrt euch auf der Erde und vermehrt euch darauf! 8 Und Gott sprach zu Noah und seinen S\u00f6hnen: 9 \u00bbIch errichte meinen Bund mit euch und mit euren Nachkommen 10 und mit allen Lebewesen bei euch, mit den V\u00f6geln, mit dem Vieh und mit allen wilden Tieren bei euch, mit allem, was aus der Arche kam, mit allen Tieren auf der Erde. 11 Und ich errichte meinen Bund mit euch: Nie wieder soll die Flut alles Leben vernichten, und nie wieder soll eine Flut kommen, die die Erde vernichtet.\u00ab 12 Gott sprach: Dies ist das Zeichen des Bundes, den ich zwischen mir und euch und allen Lebewesen bei euch schlie\u00dfe f\u00fcr alle k\u00fcnftigen Generationen: 13 Ich habe meinen Regenbogen in die Wolken gesetzt, und er soll das Zeichen des Bundes zwischen mir und der Erde sein. 14 Immer wenn ich Wolken \u00fcber die Erde bringe und der Regenbogen in den Wolken zu sehen ist, 15 will ich an meinen Bund denken zwischen mir und euch und allen Lebewesen aus Fleisch, und die Wasser sollen nicht mehr zur Flut werden, die alles Fleisch vernichtet. 16 Immer wenn der Regenbogen in den Wolken erscheint, will ich ihn ansehen und an den ewigen Bund denken zwischen Gott und allen Lebewesen aus Fleisch, die auf der Erde sind. 17 Gott sprach zu Noah: Dies ist das Zeichen des Bundes, den ich zwischen mir und allen Lebewesen aus Fleisch, die auf der Erde sind, schlie\u00dfe. 18 Die S\u00f6hne Noahs, die die Arche verlie\u00dfen, waren Sem, Ham und Japhet. Ham war der Vater Kanaans. 19 Diese drei waren die S\u00f6hne Noahs, und von ihnen aus verbreiteten sich die Menschen \u00fcber die ganze Erde. 20 Noah war der erste Bauer, der einen Weinberg pflanzte. 21 Er trank Wein und wurde betrunken und lag nackt in seinem Zelt. 22 Ham, der Vater Kanaans, sah seinen Vater nackt und erz\u00e4hlte es seinen beiden Br\u00fcdern drau\u00dfen. 23 Sem und Japhet nahmen ein Gewand, legten es sich \u00fcber die Schultern und gingen r\u00fcckw\u00e4rts, um die Bl\u00f6\u00dfe ihres Vaters zu bedecken. Sie wandten ihre Gesichter ab, um ihren Vater nicht nackt zu sehen. 24 Als Noah von seinem Wein erwachte und erfuhr, was sein j\u00fcngster Sohn ihm angetan hatte, 25 sagte er: \u201eVerflucht sei Kanaan! Ein Sklave aller Sklaven sollst du deinem Bruder sein!\u201c 26 Er f\u00fcgte hinzu: \u201eGepriesen sei der Herr, der Gott Sems! M\u00f6ge Kanaan sein Sklave sein! 27 M\u00f6ge Gott Japhet gro\u00dfe Freiheit geben und in den Zelten Sems wohnen! M\u00f6ge Kanaan sein Sklave sein!\u201c 28 Noah lebte nach der Sintflut noch dreihundertf\u00fcnfzig Jahre. 29 Sein ganzes Leben betrug neunhundertf\u00fcnfzig Jahre, dann starb er.<\/p><\/div>\n\t\t\t\t\t\t\t<\/div>\n\t\t<\/div>\n\t\t\t\t\t\t<\/div>\n\t\t\t\t<\/div>\n\t\t\t\t\t<\/div>\n\t\t\t\t<\/div>\n\t\t<div class=\"has_eae_slider elementor-element elementor-element-dc274d1 e-flex e-con-boxed e-con e-parent\" data-eae-slider=\"8598\" data-id=\"dc274d1\" data-element_type=\"container\">\n\t\t\t\t\t<div class=\"e-con-inner\">\n\t\t<div class=\"has_eae_slider elementor-element elementor-element-9fe94eb e-con-full e-flex e-con e-child\" data-eae-slider=\"34823\" data-id=\"9fe94eb\" data-element_type=\"container\">\n\t\t\t\t<div class=\"elementor-element elementor-element-033fbae elementor-widget elementor-widget-video\" data-id=\"033fbae\" data-element_type=\"widget\" data-settings=\"{&quot;youtube_url&quot;:&quot;https:\\\/\\\/youtu.be\\\/PCErnjbXjt4&quot;,&quot;video_type&quot;:&quot;youtube&quot;,&quot;controls&quot;:&quot;yes&quot;}\" data-widget_type=\"video.default\">\n\t\t\t\t<div class=\"elementor-widget-container\">\n\t\t\t\t\t\t\t<div class=\"elementor-wrapper elementor-open-inline\">\n\t\t\t<div class=\"elementor-video\"><\/div>\t\t<\/div>\n\t\t\t\t\t\t<\/div>\n\t\t\t\t<\/div>\n\t\t\t\t<\/div>\n\t\t<div class=\"has_eae_slider elementor-element elementor-element-4ed5d15 e-con-full e-flex e-con e-child\" data-eae-slider=\"28670\" data-id=\"4ed5d15\" data-element_type=\"container\">\n\t\t\t\t<div class=\"elementor-element elementor-element-4f96438 elementor-widget elementor-widget-video\" data-id=\"4f96438\" data-element_type=\"widget\" data-settings=\"{&quot;youtube_url&quot;:&quot;https:\\\/\\\/youtu.be\\\/RZvK5uB_FUU&quot;,&quot;video_type&quot;:&quot;youtube&quot;,&quot;controls&quot;:&quot;yes&quot;}\" data-widget_type=\"video.default\">\n\t\t\t\t<div class=\"elementor-widget-container\">\n\t\t\t\t\t\t\t<div class=\"elementor-wrapper elementor-open-inline\">\n\t\t\t<div class=\"elementor-video\"><\/div>\t\t<\/div>\n\t\t\t\t\t\t<\/div>\n\t\t\t\t<\/div>\n\t\t\t\t<\/div>\n\t\t<div class=\"has_eae_slider elementor-element elementor-element-85e53ef e-con-full e-flex e-con e-child\" data-eae-slider=\"94015\" data-id=\"85e53ef\" data-element_type=\"container\">\n\t\t\t\t<div class=\"elementor-element elementor-element-f9ffc79 elementor-widget elementor-widget-video\" data-id=\"f9ffc79\" data-element_type=\"widget\" data-settings=\"{&quot;youtube_url&quot;:&quot;https:\\\/\\\/www.youtube.com\\\/watch?v=SQgxbBVvJK4&quot;,&quot;video_type&quot;:&quot;youtube&quot;,&quot;controls&quot;:&quot;yes&quot;}\" data-widget_type=\"video.default\">\n\t\t\t\t<div class=\"elementor-widget-container\">\n\t\t\t\t\t\t\t<div class=\"elementor-wrapper elementor-open-inline\">\n\t\t\t<div class=\"elementor-video\"><\/div>\t\t<\/div>\n\t\t\t\t\t\t<\/div>\n\t\t\t\t<\/div>\n\t\t\t\t<\/div>\n\t\t\t\t\t<\/div>\n\t\t\t\t<\/div>\n\t\t<div class=\"has_eae_slider elementor-element elementor-element-8bfa0fe e-flex e-con-boxed e-con e-parent\" data-eae-slider=\"74800\" data-id=\"8bfa0fe\" data-element_type=\"container\">\n\t\t\t\t\t<div class=\"e-con-inner\">\n\t\t\t\t\t<\/div>\n\t\t\t\t<\/div>\n\t\t\t\t<\/div>","protected":false},"excerpt":{"rendered":"<p>Potopa 1. kniha Moj\u017ei\u0161ova 6. kapitola 7. kapitola 8. kapitola 9. kapitola 6. kapitola 1 Ke\u010f sa \u013eudia za\u010dali rozmno\u017eova\u0165 na zemi a rodili sa im dc\u00e9ry, 2 Bo\u017e\u00ed synovia videli, \u017ee \u013eudsk\u00e9 dc\u00e9ry s\u00fa kr\u00e1sne, vzali si z nich za man\u017eelky tie, ktor\u00e9 si vybrali. 3 Hospodin povedal: \u201eM\u00f4j duch nezostane ve\u010dne v \u010dlovekovi, [&hellip;]<\/p>","protected":false},"author":1,"featured_media":0,"parent":0,"menu_order":0,"comment_status":"closed","ping_status":"closed","template":"","meta":{"site-sidebar-layout":"no-sidebar","site-content-layout":"page-builder","ast-site-content-layout":"full-width-container","site-content-style":"default","site-sidebar-style":"default","ast-global-header-display":"","ast-banner-title-visibility":"","ast-main-header-display":"","ast-hfb-above-header-display":"","ast-hfb-below-header-display":"","ast-hfb-mobile-header-display":"","site-post-title":"disabled","ast-breadcrumbs-content":"","ast-featured-img":"disabled","footer-sml-layout":"","theme-transparent-header-meta":"enabled","adv-header-id-meta":"","stick-header-meta":"","header-above-stick-meta":"","header-main-stick-meta":"","header-below-stick-meta":"","astra-migrate-meta-layouts":"set","ast-page-background-enabled":"default","ast-page-background-meta":{"desktop":{"background-color":"var(--ast-global-color-4)","background-image":"","background-repeat":"repeat","background-position":"center center","background-size":"auto","background-attachment":"scroll","background-type":"","background-media":"","overlay-type":"","overlay-color":"","overlay-opacity":"","overlay-gradient":""},"tablet":{"background-color":"","background-image":"","background-repeat":"repeat","background-position":"center center","background-size":"auto","background-attachment":"scroll","background-type":"","background-media":"","overlay-type":"","overlay-color":"","overlay-opacity":"","overlay-gradient":""},"mobile":{"background-color":"","background-image":"","background-repeat":"repeat","background-position":"center center","background-size":"auto","background-attachment":"scroll","background-type":"","background-media":"","overlay-type":"","overlay-color":"","overlay-opacity":"","overlay-gradient":""}},"ast-content-background-meta":{"desktop":{"background-color":"var(--ast-global-color-5)","background-image":"","background-repeat":"repeat","background-position":"center center","background-size":"auto","background-attachment":"scroll","background-type":"","background-media":"","overlay-type":"","overlay-color":"","overlay-opacity":"","overlay-gradient":""},"tablet":{"background-color":"var(--ast-global-color-5)","background-image":"","background-repeat":"repeat","background-position":"center center","background-size":"auto","background-attachment":"scroll","background-type":"","background-media":"","overlay-type":"","overlay-color":"","overlay-opacity":"","overlay-gradient":""},"mobile":{"background-color":"var(--ast-global-color-5)","background-image":"","background-repeat":"repeat","background-position":"center center","background-size":"auto","background-attachment":"scroll","background-type":"","background-media":"","overlay-type":"","overlay-color":"","overlay-opacity":"","overlay-gradient":""}},"footnotes":""},"class_list":["post-1714","page","type-page","status-publish","hentry"],"_links":{"self":[{"href":"http:\/\/acodalej.sk\/de\/wp-json\/wp\/v2\/pages\/1714","targetHints":{"allow":["GET"]}}],"collection":[{"href":"http:\/\/acodalej.sk\/de\/wp-json\/wp\/v2\/pages"}],"about":[{"href":"http:\/\/acodalej.sk\/de\/wp-json\/wp\/v2\/types\/page"}],"author":[{"embeddable":true,"href":"http:\/\/acodalej.sk\/de\/wp-json\/wp\/v2\/users\/1"}],"replies":[{"embeddable":true,"href":"http:\/\/acodalej.sk\/de\/wp-json\/wp\/v2\/comments?post=1714"}],"version-history":[{"count":0,"href":"http:\/\/acodalej.sk\/de\/wp-json\/wp\/v2\/pages\/1714\/revisions"}],"wp:attachment":[{"href":"http:\/\/acodalej.sk\/de\/wp-json\/wp\/v2\/media?parent=1714"}],"curies":[{"name":"wp","href":"https:\/\/api.w.org\/{rel}","templated":true}]}}