{"id":2118,"date":"2024-09-15T12:42:09","date_gmt":"2024-09-15T12:42:09","guid":{"rendered":"http:\/\/acodalej.sk\/?page_id=2118"},"modified":"2024-11-09T15:47:14","modified_gmt":"2024-11-09T15:47:14","slug":"cti-boha","status":"publish","type":"page","link":"http:\/\/acodalej.sk\/de\/cti-boha\/","title":{"rendered":"Cti Boha"},"content":{"rendered":"<div data-elementor-type=\"wp-page\" data-elementor-id=\"2118\" class=\"elementor elementor-2118\">\n\t\t\t\t<div class=\"has_eae_slider elementor-element elementor-element-2720e41 e-flex e-con-boxed e-con e-parent\" data-eae-slider=\"26535\" data-id=\"2720e41\" data-element_type=\"container\">\n\t\t\t\t\t<div class=\"e-con-inner\">\n\t\t<div class=\"has_eae_slider elementor-element elementor-element-701718a e-flex e-con-boxed e-con e-child\" data-eae-slider=\"40228\" data-id=\"701718a\" data-element_type=\"container\">\n\t\t\t\t\t<div class=\"e-con-inner\">\n\t\t\t\t<div class=\"elementor-element elementor-element-fccfbfb elementor-widget elementor-widget-heading\" data-id=\"fccfbfb\" data-element_type=\"widget\" data-widget_type=\"heading.default\">\n\t\t\t\t<div class=\"elementor-widget-container\">\n\t\t\t\t\t<h2 class=\"elementor-heading-title elementor-size-default\">Ehre Gott<\/h2>\t\t\t\t<\/div>\n\t\t\t\t<\/div>\n\t\t\t\t<div class=\"elementor-element elementor-element-facd08f elementor-widget elementor-widget-text-editor\" data-id=\"facd08f\" data-element_type=\"widget\" data-widget_type=\"text-editor.default\">\n\t\t\t\t<div class=\"elementor-widget-container\">\n\t\t\t\t\t\t\t\t\t<p style=\"text-align: center;\"><em><strong>\u201eIch bin der Herr, dein Gott, der dich aus \u00c4gypten, aus der Sklaverei, gef\u00fchrt hat. Du sollst keine anderen G\u00f6tter neben mir haben.\u201c<\/strong><\/em><em><strong>au\u00dfer mir!<\/strong><\/em><\/p><p style=\"text-align: center;\"><em><strong> 5.Moj\u017ei\u0161ova, 5.6<\/strong><\/em><\/p>\t\t\t\t\t\t\t\t<\/div>\n\t\t\t\t<\/div>\n\t\t\t\t\t<\/div>\n\t\t\t\t<\/div>\n\t\t\t\t\t<\/div>\n\t\t\t\t<\/div>\n\t\t<div class=\"has_eae_slider elementor-element elementor-element-e862884 e-flex e-con-boxed e-con e-parent\" data-eae-slider=\"7684\" data-id=\"e862884\" data-element_type=\"container\">\n\t\t\t\t\t<div class=\"e-con-inner\">\n\t\t<div class=\"has_eae_slider elementor-element elementor-element-e2dcbf0 e-flex e-con-boxed e-con e-child\" data-eae-slider=\"76781\" data-id=\"e2dcbf0\" data-element_type=\"container\">\n\t\t\t\t\t<div class=\"e-con-inner\">\n\t\t\t\t<div class=\"elementor-element elementor-element-308b865 elementor-widget elementor-widget-text-editor\" data-id=\"308b865\" data-element_type=\"widget\" data-widget_type=\"text-editor.default\">\n\t\t\t\t<div class=\"elementor-widget-container\">\n\t\t\t\t\t\t\t\t\t<p>Die erste grundlegende und wichtigste Lebensregel ist, den Sch\u00f6pfer zu ehren, der uns das Leben geschenkt hat und uns t\u00e4glich mit Liebe, Gesundheit und F\u00fcrsorge versorgt. Es liegt an uns, ob wir dankbar annehmen oder stolz rebellieren. Respekt vor Gott zeigt sich im Respekt vor seinem Wort, das er uns in der Bibel gegeben hat. Wer sein Wort und die Sch\u00f6pfung um uns herum studiert und auf der Grundlage seines Verst\u00e4ndnisses im praktischen Leben nach seinen Regeln handelt, ist ein Mensch, der in Gottes Liebe bleibt. Nichts kann die Liebe unseres Sch\u00f6pfers und Vaters ersetzen.<\/p>\t\t\t\t\t\t\t\t<\/div>\n\t\t\t\t<\/div>\n\t\t\t\t<div class=\"elementor-element elementor-element-c44b0f2 elementor-widget elementor-widget-text-editor\" data-id=\"c44b0f2\" data-element_type=\"widget\" data-widget_type=\"text-editor.default\">\n\t\t\t\t<div class=\"elementor-widget-container\">\n\t\t\t\t\t\t\t\t\t<p>Denn Gottes Zorn wird vom Himmel her offenbart \u00fcber alle Gottlosigkeit und Ungerechtigkeit der Menschen, die die Wahrheit durch Ungerechtigkeit niederhalten. Denn was man von Gott erkennen kann, ist ihnen offenbar; denn Gott hat es ihnen geoffenbart. Denn sein unsichtbares Wesen, seine ewige Kraft und Gottheit, wird seit Erschaffung der Welt an seinen Werken ersehen. Darum haben sie keine Entschuldigung. Denn obwohl sie Gott kannten, haben sie ihn nicht als Gott gepriesen noch ihm gedankt. Ihre \u00dcberlegungen wurden ins Leere, und ihr unverst\u00e4ndiges Herz wurde verfinstert. Sie gaben sich f\u00fcr Weise aus und wurden zu Narren. Sie vertauschten die Herrlichkeit des unverg\u00e4nglichen Gottes mit einem Bild gleich dem des verg\u00e4nglichen Menschen und der V\u00f6gel und der vierf\u00fc\u00dfigen Tiere und der Kriechtiere. Darum \u00fcberlie\u00df Gott sie der Unreinheit in den Begierden ihrer Herzen, sodass sie ihren eigenen Leib entehren. Sie tauschten die Wahrheit Gottes gegen die L\u00fcge und beteten und dienten dem Gesch\u00f6pf statt dem Sch\u00f6pfer, der gepriesen ist in Ewigkeit. Amen. Denn Aus diesem Grund \u00fcberlie\u00df Gott sie entw\u00fcrdigenden Leidenschaften. Denn ihre Frauen vertauschten den nat\u00fcrlichen Verkehr mit dem unnat\u00fcrlichen. Ebenso gaben die M\u00e4nner den nat\u00fcrlichen Verkehr mit Frauen auf und verzehrten sich in Begierde zueinander. Sie begingen Schamlosigkeit untereinander und empfingen den geb\u00fchrenden Lohn f\u00fcr ihre Verirrung. Und weil sie nicht an Gott glaubten, \u00fcbergab Gott sie einem verdorbenen Sinn, sodass sie tun, was sich nicht geh\u00f6rt. Sie sind erf\u00fcllt von aller Ungerechtigkeit, Bosheit, Habgier, Schlechtigkeit, Neid, Mordgier, Streitsucht, List und Niedertracht. Sie sind Schw\u00e4tzer, Verleumder, Gotteshasser, gewaltt\u00e4tig, anma\u00dfend, prahlerisch, erfinderisch im B\u00f6sen, den Eltern ungehorsam, unverst\u00e4ndig, unbest\u00e4ndig, lieblos und unbarmherzig. Sie wissen, dass Gottes Ratschluss besagt, dass diejenigen, die solche Dinge tun, den Tod verdienen, und doch tun sie es nicht nur selbst, sondern billigen es auch von anderen.<\/p><p>R\u00f6mer 1:18-32<\/p>\t\t\t\t\t\t\t\t<\/div>\n\t\t\t\t<\/div>\n\t\t\t\t<div class=\"elementor-element elementor-element-8801232 elementor-widget elementor-widget-text-editor\" data-id=\"8801232\" data-element_type=\"widget\" data-widget_type=\"text-editor.default\">\n\t\t\t\t<div class=\"elementor-widget-container\">\n\t\t\t\t\t\t\t\t\t<p><em><strong>\u201eEs soll unter euch niemanden geben, der seinen Sohn oder seine Tochter durchs Feuer gehen l\u00e4sst, oder einen Wahrsager, ein Medium oder einen Spiritisten.\u201c<\/strong><\/em><br \/><em><strong>oder jemand, der Omen deutet, oder jemand, der Zauberer ist, oder jemand, der Bannspr\u00fcche ausspricht, oder jemand, der ein Geistermedium befragt, oder jemand, der Zauberer ist,<\/strong><\/em><br \/><em><strong>\u201enoch jemand, der die Geister der Toten befragt (Tote um Hilfe bittet, selbst wenn sie Heilige genannt werden).\u201c<\/strong><\/em><br \/><em><strong>5. Mose 18:10-11<\/strong><\/em><\/p>\t\t\t\t\t\t\t\t<\/div>\n\t\t\t\t<\/div>\n\t\t\t\t<div class=\"elementor-element elementor-element-d3f52df elementor-widget elementor-widget-text-editor\" data-id=\"d3f52df\" data-element_type=\"widget\" data-widget_type=\"text-editor.default\">\n\t\t\t\t<div class=\"elementor-widget-container\">\n\t\t\t\t\t\t\t\t\t<p><strong><em>Jesus sagte: \u201eWenn jemand mich liebt, wird er mein Wort halten, und mein Vater wird ihn lieben.\u201c Und<\/em><\/strong><br \/><strong><em>Wir werden zu ihm kommen und bei ihm wohnen. Wer mich nicht liebt, h\u00e4lt meine Worte nicht. Und das Wort, das ich habe<\/em><\/strong><br \/><strong><em>\u201eWas ihr h\u00f6rt, ist nicht mein Wort, sondern das des Vaters, der mich gesandt hat.\u201c<\/em><\/strong><br \/><strong><em>Johannes 14:23-24<\/em><\/strong><\/p>\t\t\t\t\t\t\t\t<\/div>\n\t\t\t\t<\/div>\n\t\t\t\t<div class=\"elementor-element elementor-element-2e8a082 elementor-widget elementor-widget-text-editor\" data-id=\"2e8a082\" data-element_type=\"widget\" data-widget_type=\"text-editor.default\">\n\t\t\t\t<div class=\"elementor-widget-container\">\n\t\t\t\t\t\t\t\t\t<p>Die Folgen des \u00dcbertretens von Gottes Gesetzen sind Tod \u2013 Trennung von Gott und Leid. Doch das Geschenk \u2013 kostenlos und f\u00fcr alle von Gott \u2013 ist Vergebung und ewiges Leben, indem wir erkennen, dass er vollkommen und wir b\u00f6se sind. Indem wir erkennen, dass wir die Hilfe annehmen, die er uns anbietet, und auf der Grundlage des Opfers Jesu Christi um Vergebung f\u00fcr unsere Verbrechen bitten. Nachdem wir Vergebung erhalten haben, verpflichten wir uns, dem Sch\u00f6pfer zu gehorchen, indem wir seine Gesetze in dem neuen Leben lernen und respektieren, das er uns anbietet.<\/p>\n<p>In Israel wurden schwere Verbrechen \u00f6ffentlich von verantwortlichen Personen der Gesellschaft \u2013 Richtern \u2013 vor Gericht gestellt und die Menschen \u00f6ffentlich bestraft. Dies sollte verhindern, dass die gesamte Gesellschaft Israels in Rebellion verfiel und somit Gottes Gericht erlag. Gott ist heilig \u2013 vollkommen und wohnt in einem riesigen Feuer der Liebe. In seiner Gegenwart wird alles offenbart und das B\u00f6se wird in seinem Feuer brennen.<\/p>\n<p>F\u00fcr uns bedeutet dies Respekt vor den Autorit\u00e4ten in den einzelnen Staaten, denen Gott dieses Gericht und die Strafe anvertraut hat. Es ist die Aufgabe der einzelnen Regierungen und anschlie\u00dfend der Richter, Gottes Gesetze zu respektieren.<\/p>\n<p>Gott m\u00f6chte nicht, dass Verbrecher zugrunde gehen, sondern dass sie in sich gehen, sich bessern und durch die Gnade Gottes leben k\u00f6nnen. Die bekannte Geschichte von der Frau, die beim Ehebruch ertappt wurde, ist eine Geschichte. Man wollte sie nach Gottes Gesetz steinigen und brachte sie zu Jesus. Er sagte: \u201eWer ohne S\u00fcnde ist, werfe den ersten Stein.\u201c Als sie allein gelassen wurde und alle gegangen waren, sagte er: \u201eHat dich niemand verurteilt? Auch ich verurteile dich nicht. Geh und s\u00fcndige nicht mehr.\u201c Gott pr\u00e4sentiert sich uns als gerecht, der Gutes belohnt und B\u00f6ses bestraft, aber den Gebrochenen gn\u00e4dig ist. Gott widersetzt sich den Stolzen, aber den Dem\u00fctigen schenkt er Gnade. Gott hat das Gesetz nicht abgeschafft, er kam, um es durch den Herrn Jesus zu erf\u00fcllen.<\/p>\t\t\t\t\t\t\t\t<\/div>\n\t\t\t\t<\/div>\n\t\t\t\t<div class=\"elementor-element elementor-element-cca11b4 elementor-widget elementor-widget-text-editor\" data-id=\"cca11b4\" data-element_type=\"widget\" data-widget_type=\"text-editor.default\">\n\t\t\t\t<div class=\"elementor-widget-container\">\n\t\t\t\t\t\t\t\t\t<p><em><strong>11 Sprich zu ihnen: So wahr ich lebe, spricht Gott der Herr, ich habe kein Gefallen am Tod des Gottlosen, sondern an der<\/strong><\/em><br \/><em><strong>dass der B\u00f6se von seinem Weg umkehrt und lebt. Kehrt um, kehrt um von euren b\u00f6sen Wegen <\/strong><\/em><em><strong>Lebensweisen!<\/strong><\/em><br \/><em><strong>Hesekiel 33<\/strong><\/em><\/p>\t\t\t\t\t\t\t\t<\/div>\n\t\t\t\t<\/div>\n\t\t\t\t<div class=\"elementor-element elementor-element-b39dcd5 elementor-widget elementor-widget-text-editor\" data-id=\"b39dcd5\" data-element_type=\"widget\" data-widget_type=\"text-editor.default\">\n\t\t\t\t<div class=\"elementor-widget-container\">\n\t\t\t\t\t\t\t\t\t<p><em><strong>\u201eDenn der Lohn der S\u00fcnde ist der Tod, aber die Gabe Gottes ist das ewige Leben durch Jesus Christus, unseren Herrn.\u201c<\/strong><\/em><br \/><em><strong>R\u00f6mer 6<\/strong><\/em><\/p>\t\t\t\t\t\t\t\t<\/div>\n\t\t\t\t<\/div>\n\t\t\t\t\t<\/div>\n\t\t\t\t<\/div>\n\t\t\t\t\t<\/div>\n\t\t\t\t<\/div>\n\t\t\t\t<\/div>","protected":false},"excerpt":{"rendered":"<p>CTI BOHA ,\u201aJa som Hospodin, tvoj Boh, ktor\u00fd \u0165a vyviedol z Egypta, z domu otrokov. Nebude\u0161 ma\u0165 in\u00fdch bohovokrem m\u0148a!&#8220; 5.Moj\u017ei\u0161ova, 5,6 Prv\u00e9 z\u00e1kladn\u00e9 a najd\u00f4le\u017eitej\u0161ie pravidlo \u017eivota je cti\u0165 Stvorite\u013ea, ktor\u00fd n\u00e1m daroval \u017eivot, denne n\u00e1m poskytuje l\u00e1sku, zdravie a zaopatrenie. Je na n\u00e1s \u010di budeme v\u010fa\u010dne prij\u00edma\u0165, alebo sa py\u0161ne b\u00fari\u0165. \u00dacta k [&hellip;]<\/p>","protected":false},"author":1,"featured_media":0,"parent":0,"menu_order":0,"comment_status":"closed","ping_status":"closed","template":"","meta":{"site-sidebar-layout":"no-sidebar","site-content-layout":"page-builder","ast-site-content-layout":"full-width-container","site-content-style":"unboxed","site-sidebar-style":"unboxed","ast-global-header-display":"","ast-banner-title-visibility":"disabled","ast-main-header-display":"","ast-hfb-above-header-display":"","ast-hfb-below-header-display":"","ast-hfb-mobile-header-display":"","site-post-title":"disabled","ast-breadcrumbs-content":"disabled","ast-featured-img":"disabled","footer-sml-layout":"disabled","theme-transparent-header-meta":"enabled","adv-header-id-meta":"","stick-header-meta":"","header-above-stick-meta":"","header-main-stick-meta":"","header-below-stick-meta":"","astra-migrate-meta-layouts":"set","ast-page-background-enabled":"default","ast-page-background-meta":{"desktop":{"background-color":"var(--ast-global-color-4)","background-image":"","background-repeat":"repeat","background-position":"center center","background-size":"auto","background-attachment":"scroll","background-type":"","background-media":"","overlay-type":"","overlay-color":"","overlay-opacity":"","overlay-gradient":""},"tablet":{"background-color":"","background-image":"","background-repeat":"repeat","background-position":"center center","background-size":"auto","background-attachment":"scroll","background-type":"","background-media":"","overlay-type":"","overlay-color":"","overlay-opacity":"","overlay-gradient":""},"mobile":{"background-color":"","background-image":"","background-repeat":"repeat","background-position":"center center","background-size":"auto","background-attachment":"scroll","background-type":"","background-media":"","overlay-type":"","overlay-color":"","overlay-opacity":"","overlay-gradient":""}},"ast-content-background-meta":{"desktop":{"background-color":"var(--ast-global-color-5)","background-image":"","background-repeat":"repeat","background-position":"center center","background-size":"auto","background-attachment":"scroll","background-type":"","background-media":"","overlay-type":"","overlay-color":"","overlay-opacity":"","overlay-gradient":""},"tablet":{"background-color":"var(--ast-global-color-5)","background-image":"","background-repeat":"repeat","background-position":"center center","background-size":"auto","background-attachment":"scroll","background-type":"","background-media":"","overlay-type":"","overlay-color":"","overlay-opacity":"","overlay-gradient":""},"mobile":{"background-color":"var(--ast-global-color-5)","background-image":"","background-repeat":"repeat","background-position":"center center","background-size":"auto","background-attachment":"scroll","background-type":"","background-media":"","overlay-type":"","overlay-color":"","overlay-opacity":"","overlay-gradient":""}},"footnotes":""},"class_list":["post-2118","page","type-page","status-publish","hentry"],"_links":{"self":[{"href":"http:\/\/acodalej.sk\/de\/wp-json\/wp\/v2\/pages\/2118","targetHints":{"allow":["GET"]}}],"collection":[{"href":"http:\/\/acodalej.sk\/de\/wp-json\/wp\/v2\/pages"}],"about":[{"href":"http:\/\/acodalej.sk\/de\/wp-json\/wp\/v2\/types\/page"}],"author":[{"embeddable":true,"href":"http:\/\/acodalej.sk\/de\/wp-json\/wp\/v2\/users\/1"}],"replies":[{"embeddable":true,"href":"http:\/\/acodalej.sk\/de\/wp-json\/wp\/v2\/comments?post=2118"}],"version-history":[{"count":0,"href":"http:\/\/acodalej.sk\/de\/wp-json\/wp\/v2\/pages\/2118\/revisions"}],"wp:attachment":[{"href":"http:\/\/acodalej.sk\/de\/wp-json\/wp\/v2\/media?parent=2118"}],"curies":[{"name":"wp","href":"https:\/\/api.w.org\/{rel}","templated":true}]}}