{"id":2135,"date":"2024-09-15T13:02:51","date_gmt":"2024-09-15T13:02:51","guid":{"rendered":"http:\/\/acodalej.sk\/?page_id=2135"},"modified":"2024-11-09T16:23:29","modified_gmt":"2024-11-09T16:23:29","slug":"neklanaj-sa-modlam","status":"publish","type":"page","link":"http:\/\/acodalej.sk\/de\/neklanaj-sa-modlam\/","title":{"rendered":"Nekla\u0148aj sa modl\u00e1m"},"content":{"rendered":"<div data-elementor-type=\"wp-page\" data-elementor-id=\"2135\" class=\"elementor elementor-2135\">\n\t\t\t\t<div class=\"has_eae_slider elementor-element elementor-element-51745f4 e-flex e-con-boxed e-con e-parent\" data-eae-slider=\"64574\" data-id=\"51745f4\" data-element_type=\"container\">\n\t\t\t\t\t<div class=\"e-con-inner\">\n\t\t<div class=\"has_eae_slider elementor-element elementor-element-707ff21 e-flex e-con-boxed e-con e-child\" data-eae-slider=\"97046\" data-id=\"707ff21\" data-element_type=\"container\">\n\t\t\t\t\t<div class=\"e-con-inner\">\n\t\t\t\t<div class=\"elementor-element elementor-element-638dd4e elementor-widget elementor-widget-heading\" data-id=\"638dd4e\" data-element_type=\"widget\" data-widget_type=\"heading.default\">\n\t\t\t\t<div class=\"elementor-widget-container\">\n\t\t\t\t\t<h2 class=\"elementor-heading-title elementor-size-default\">bete keine G\u00f6tzen an<\/h2>\t\t\t\t<\/div>\n\t\t\t\t<\/div>\n\t\t\t\t<div class=\"elementor-element elementor-element-1b01e9a elementor-widget elementor-widget-text-editor\" data-id=\"1b01e9a\" data-element_type=\"widget\" data-widget_type=\"text-editor.default\">\n\t\t\t\t<div class=\"elementor-widget-container\">\n\t\t\t\t\t\t\t\t\t<p class=\"Standard\"><strong><em>Du sollst dir kein Bildnis noch irgendein Abbild machen, weder von dem, was oben im Himmel, noch von dem, was unten auf der Erde, noch von dem, was im Wasser unter der Erde ist. Bete sie nicht an und diene ihnen nicht. Denn ich, der Herr, dein Gott, bin ein eifers\u00fcchtiger Gott, der die Schuld der V\u00e4ter heimsucht an den Kindern, an der dritten und vierten Generation derer, die mich hassen, aber denen, die mich lieben und meine Gebote halten, erweist er Gnade an vielen Tausenden.<\/em><\/strong><\/p><p class=\"Standard\"><strong><em>5. Mose 5:8-10<\/em><\/strong><\/p>\t\t\t\t\t\t\t\t<\/div>\n\t\t\t\t<\/div>\n\t\t\t\t\t<\/div>\n\t\t\t\t<\/div>\n\t\t\t\t\t<\/div>\n\t\t\t\t<\/div>\n\t\t<div class=\"has_eae_slider elementor-element elementor-element-cd9b398 e-flex e-con-boxed e-con e-parent\" data-eae-slider=\"24966\" data-id=\"cd9b398\" data-element_type=\"container\">\n\t\t\t\t\t<div class=\"e-con-inner\">\n\t\t<div class=\"has_eae_slider elementor-element elementor-element-13de34c e-flex e-con-boxed e-con e-child\" data-eae-slider=\"26191\" data-id=\"13de34c\" data-element_type=\"container\">\n\t\t\t\t\t<div class=\"e-con-inner\">\n\t\t\t\t<div class=\"elementor-element elementor-element-8bfd6f6 elementor-widget elementor-widget-text-editor\" data-id=\"8bfd6f6\" data-element_type=\"widget\" data-widget_type=\"text-editor.default\">\n\t\t\t\t<div class=\"elementor-widget-container\">\n\t\t\t\t\t\t\t\t\t<p>Die zweite Regel lautet, kein Bild von Gott als Statue oder Bild anzubeten. Wir d\u00fcrfen weder uns selbst noch die Menschen um uns herum, Tiere, Bildung, weltliche Karrieren, Geld oder weltlichen Besitz anbeten. Wenn ein Mensch dazu verleitet wird, Regeln zu befolgen, die dem Wort Gottes widersprechen, ist das G\u00f6tzendienst.\u00a0\u00a0<\/p>\t\t\t\t\t\t\t\t<\/div>\n\t\t\t\t<\/div>\n\t\t\t\t<div class=\"elementor-element elementor-element-c056ac9 elementor-widget elementor-widget-text-editor\" data-id=\"c056ac9\" data-element_type=\"widget\" data-widget_type=\"text-editor.default\">\n\t\t\t\t<div class=\"elementor-widget-container\">\n\t\t\t\t\t\t\t\t\t<p class=\"Standard\"><em>Denn da ihr keine Gestalt gesehen habt an dem Tag, als der HERR am Horeb mitten aus dem Feuer zu euch redete, so h\u00fctet euch sehr davor, verderbt zu werden und euch ein G\u00f6tzenbild zu machen in Gestalt irgendeines Gebildes, das Abbild eines Mannes oder einer Frau, das Abbild irgendeines Tieres auf der Erde, das Abbild irgendeines gefl\u00fcgelten Vogels, der unter dem Himmel fliegt, das Abbild irgendeines Kriechtiers auf der Erde oder das Abbild irgendeines Fisches, der im Wasser unter der Erde ist. Wenn ihr zum Himmel aufblickt und Sonne, Mond und Sterne seht, das ganze Heer des Himmels, so lasst euch nicht dazu verleiten, euch vor ihnen niederzuwerfen und ihnen zu dienen, die der HERR, euer Gott, allen V\u00f6lkern unter dem ganzen Himmel gegeben hat. Aber der HERR hat euch genommen und aus dem Ofen, aus \u00c4gypten, gef\u00fchrt, damit ihr sein Erbvolk w\u00e4ret, wie es heute der Fall ist.<\/em><\/p><p class=\"Standard\"><em>5. Mose 4:15-20<\/em><\/p>\t\t\t\t\t\t\t\t<\/div>\n\t\t\t\t<\/div>\n\t\t\t\t<div class=\"elementor-element elementor-element-d0e5077 elementor-widget elementor-widget-text-editor\" data-id=\"d0e5077\" data-element_type=\"widget\" data-widget_type=\"text-editor.default\">\n\t\t\t\t<div class=\"elementor-widget-container\">\n\t\t\t\t\t\t\t\t\t<p class=\"Standard\">Die Folgen des \u00dcbertretens von Gottes Gesetzen sind Tod \u2013 Trennung von Gott und Leid. Doch das Geschenk \u2013 kostenlos und f\u00fcr alle von Gott \u2013 ist Vergebung und ewiges Leben, indem wir erkennen, dass er vollkommen und wir b\u00f6se sind. Indem wir erkennen, dass wir die Hilfe annehmen, die er uns anbietet, und auf der Grundlage des Opfers Jesu Christi um Vergebung f\u00fcr unsere Verbrechen bitten. Nachdem wir Vergebung erhalten haben, verpflichten wir uns, dem Sch\u00f6pfer zu gehorchen, indem wir seine Gesetze in dem neuen Leben lernen und respektieren, das er uns anbietet.<\/p><p class=\"Standard\">In Israel wurden schwere Verbrechen \u00f6ffentlich von verantwortlichen Personen der Gesellschaft \u2013 Richtern \u2013 vor Gericht gestellt und die Menschen \u00f6ffentlich bestraft. Dies sollte verhindern, dass die gesamte Gesellschaft Israels in Rebellion verfiel und somit Gottes Gericht erlag. Gott ist heilig \u2013 vollkommen und wohnt in einem riesigen Feuer der Liebe. In seiner Gegenwart wird alles offenbart und das B\u00f6se wird in seinem Feuer brennen.<\/p><p class=\"Standard\">F\u00fcr uns bedeutet dies Respekt vor den Autorit\u00e4ten in den einzelnen Staaten, denen Gott dieses Gericht und die Strafe anvertraut hat. Es ist die Aufgabe der einzelnen Regierungen und anschlie\u00dfend der Richter, Gottes Gesetze zu respektieren.<\/p><p class=\"Standard\">Gott m\u00f6chte nicht, dass Verbrecher zugrunde gehen, sondern dass sie in sich gehen, sich bessern und durch die Gnade Gottes leben k\u00f6nnen. Die bekannte Geschichte von der Frau, die beim Ehebruch ertappt wurde, ist eine Geschichte. Man wollte sie nach Gottes Gesetz steinigen und brachte sie zu Jesus. Er sagte: \u201eWer ohne S\u00fcnde ist, werfe den ersten Stein.\u201c Als sie allein gelassen wurde und alle gegangen waren, sagte er: \u201eHat dich niemand verurteilt? Auch ich verurteile dich nicht. Geh und s\u00fcndige nicht mehr.\u201c Gott pr\u00e4sentiert sich uns als gerecht, der Gutes belohnt und B\u00f6ses bestraft, aber den Gebrochenen gn\u00e4dig ist. Gott widersetzt sich den Stolzen, aber den Dem\u00fctigen schenkt er Gnade. Gott hat das Gesetz nicht abgeschafft, er kam, um es durch den Herrn Jesus zu erf\u00fcllen.<\/p>\t\t\t\t\t\t\t\t<\/div>\n\t\t\t\t<\/div>\n\t\t\t\t<div class=\"elementor-element elementor-element-a4e81b1 elementor-widget elementor-widget-text-editor\" data-id=\"a4e81b1\" data-element_type=\"widget\" data-widget_type=\"text-editor.default\">\n\t\t\t\t<div class=\"elementor-widget-container\">\n\t\t\t\t\t\t\t\t\t<p class=\"Standard\"><em><strong>&#8222;11<span style=\"color: #1e293b;\">\u00a0<\/span>Sprich zu ihnen: So wahr ich lebe, spricht Gott der HERR: Ich habe kein Gefallen am Tod des Gottlosen, sondern daran, dass der Gottlose umkehrt von seinem Wege und lebt. Kehrt um, kehrt um von euren b\u00f6sen Wegen!<\/strong><\/em><\/p><p class=\"Standard\"><em><strong>Hesekiel 33<\/strong><\/em><\/p>\t\t\t\t\t\t\t\t<\/div>\n\t\t\t\t<\/div>\n\t\t\t\t<div class=\"elementor-element elementor-element-1071aa2 elementor-widget elementor-widget-text-editor\" data-id=\"1071aa2\" data-element_type=\"widget\" data-widget_type=\"text-editor.default\">\n\t\t\t\t<div class=\"elementor-widget-container\">\n\t\t\t\t\t\t\t\t\t<p class=\"Standard\"><em><strong>23<span style=\"color: #1e293b;\">\u00a0<\/span>Denn der Lohn der S\u00fcnde ist der Tod, die Gabe der Gnade Gottes aber ist das ewige Leben in Jesus Christus, unserem Herrn.<\/strong><\/em><\/p><p class=\"Standard\"><em><strong>R\u00f6mer 6<\/strong><\/em><\/p>\t\t\t\t\t\t\t\t<\/div>\n\t\t\t\t<\/div>\n\t\t\t\t\t<\/div>\n\t\t\t\t<\/div>\n\t\t\t\t\t<\/div>\n\t\t\t\t<\/div>\n\t\t\t\t<\/div>","protected":false},"excerpt":{"rendered":"<p>nekla\u0148aj sa modl\u00e1m Neurob\u00ed\u0161 si modlu ani nijak\u00fa podobu toho, \u010do je hore na nebi, dolu na zemi alebo vo vode pod zemou! Nebude\u0161 sa im kla\u0148a\u0165 ani sa ned\u00e1\u0161 nimi zotro\u010dova\u0165, lebo ja som Hospodin, tvoj Boh! Boh \u017eiarliv\u00fd, ktor\u00fd trest\u00e1 viny otcov na synoch do tretieho i \u0161tvrt\u00e9ho pokolenia t\u00fdch, \u010do ma nen\u00e1vidia, [&hellip;]<\/p>","protected":false},"author":1,"featured_media":0,"parent":0,"menu_order":0,"comment_status":"closed","ping_status":"closed","template":"","meta":{"site-sidebar-layout":"no-sidebar","site-content-layout":"page-builder","ast-site-content-layout":"full-width-container","site-content-style":"unboxed","site-sidebar-style":"unboxed","ast-global-header-display":"","ast-banner-title-visibility":"disabled","ast-main-header-display":"","ast-hfb-above-header-display":"","ast-hfb-below-header-display":"","ast-hfb-mobile-header-display":"","site-post-title":"disabled","ast-breadcrumbs-content":"disabled","ast-featured-img":"disabled","footer-sml-layout":"disabled","theme-transparent-header-meta":"enabled","adv-header-id-meta":"","stick-header-meta":"","header-above-stick-meta":"","header-main-stick-meta":"","header-below-stick-meta":"","astra-migrate-meta-layouts":"set","ast-page-background-enabled":"default","ast-page-background-meta":{"desktop":{"background-color":"var(--ast-global-color-4)","background-image":"","background-repeat":"repeat","background-position":"center center","background-size":"auto","background-attachment":"scroll","background-type":"","background-media":"","overlay-type":"","overlay-color":"","overlay-opacity":"","overlay-gradient":""},"tablet":{"background-color":"","background-image":"","background-repeat":"repeat","background-position":"center center","background-size":"auto","background-attachment":"scroll","background-type":"","background-media":"","overlay-type":"","overlay-color":"","overlay-opacity":"","overlay-gradient":""},"mobile":{"background-color":"","background-image":"","background-repeat":"repeat","background-position":"center center","background-size":"auto","background-attachment":"scroll","background-type":"","background-media":"","overlay-type":"","overlay-color":"","overlay-opacity":"","overlay-gradient":""}},"ast-content-background-meta":{"desktop":{"background-color":"var(--ast-global-color-5)","background-image":"","background-repeat":"repeat","background-position":"center center","background-size":"auto","background-attachment":"scroll","background-type":"","background-media":"","overlay-type":"","overlay-color":"","overlay-opacity":"","overlay-gradient":""},"tablet":{"background-color":"var(--ast-global-color-5)","background-image":"","background-repeat":"repeat","background-position":"center center","background-size":"auto","background-attachment":"scroll","background-type":"","background-media":"","overlay-type":"","overlay-color":"","overlay-opacity":"","overlay-gradient":""},"mobile":{"background-color":"var(--ast-global-color-5)","background-image":"","background-repeat":"repeat","background-position":"center center","background-size":"auto","background-attachment":"scroll","background-type":"","background-media":"","overlay-type":"","overlay-color":"","overlay-opacity":"","overlay-gradient":""}},"footnotes":""},"class_list":["post-2135","page","type-page","status-publish","hentry"],"_links":{"self":[{"href":"http:\/\/acodalej.sk\/de\/wp-json\/wp\/v2\/pages\/2135","targetHints":{"allow":["GET"]}}],"collection":[{"href":"http:\/\/acodalej.sk\/de\/wp-json\/wp\/v2\/pages"}],"about":[{"href":"http:\/\/acodalej.sk\/de\/wp-json\/wp\/v2\/types\/page"}],"author":[{"embeddable":true,"href":"http:\/\/acodalej.sk\/de\/wp-json\/wp\/v2\/users\/1"}],"replies":[{"embeddable":true,"href":"http:\/\/acodalej.sk\/de\/wp-json\/wp\/v2\/comments?post=2135"}],"version-history":[{"count":0,"href":"http:\/\/acodalej.sk\/de\/wp-json\/wp\/v2\/pages\/2135\/revisions"}],"wp:attachment":[{"href":"http:\/\/acodalej.sk\/de\/wp-json\/wp\/v2\/media?parent=2135"}],"curies":[{"name":"wp","href":"https:\/\/api.w.org\/{rel}","templated":true}]}}