{"id":2161,"date":"2024-09-15T13:40:26","date_gmt":"2024-09-15T13:40:26","guid":{"rendered":"http:\/\/acodalej.sk\/?page_id=2161"},"modified":"2024-11-09T16:02:09","modified_gmt":"2024-11-09T16:02:09","slug":"sest-dni-pracuj-a-siedmy-oddychuj","status":"publish","type":"page","link":"http:\/\/acodalej.sk\/de\/sest-dni-pracuj-a-siedmy-oddychuj\/","title":{"rendered":"\u0160es\u0165 dn\u00ed pracuj a siedmy oddychuj"},"content":{"rendered":"<div data-elementor-type=\"wp-page\" data-elementor-id=\"2161\" class=\"elementor elementor-2161\">\n\t\t\t\t<div class=\"has_eae_slider elementor-element elementor-element-665e1c8 e-flex e-con-boxed e-con e-parent\" data-eae-slider=\"29331\" data-id=\"665e1c8\" data-element_type=\"container\">\n\t\t\t\t\t<div class=\"e-con-inner\">\n\t\t<div class=\"has_eae_slider elementor-element elementor-element-9d75474 e-flex e-con-boxed e-con e-child\" data-eae-slider=\"70950\" data-id=\"9d75474\" data-element_type=\"container\">\n\t\t\t\t\t<div class=\"e-con-inner\">\n\t\t\t\t<div class=\"elementor-element elementor-element-9ce8909 elementor-widget elementor-widget-heading\" data-id=\"9ce8909\" data-element_type=\"widget\" data-widget_type=\"heading.default\">\n\t\t\t\t<div class=\"elementor-widget-container\">\n\t\t\t\t\t<h2 class=\"elementor-heading-title elementor-size-default\">Arbeiten Sie sechs Tage und ruhen Sie sich am siebten aus.<\/h2>\t\t\t\t<\/div>\n\t\t\t\t<\/div>\n\t\t\t\t<div class=\"elementor-element elementor-element-a9adc6f elementor-widget elementor-widget-text-editor\" data-id=\"a9adc6f\" data-element_type=\"widget\" data-widget_type=\"text-editor.default\">\n\t\t\t\t<div class=\"elementor-widget-container\">\n\t\t\t\t\t\t\t\t\t<p class=\"Standard\"><em><b>Halte den Sabbattag, um ihn heilig zu halten, wie der Herr, dein Gott, es dir geboten hat. Sechs Tage sollst du arbeiten und alle deine Werke tun. Aber am siebten Tag ist der Sabbat des Herrn, deines Gottes. Da sollst du keinerlei Arbeit tun, weder du noch dein Sohn noch deine Tochter, noch dein Knecht noch deine Magd, noch dein Ochse, dein Esel, noch dein anderes Vieh, noch der Fremde, der in deiner Stadt lebt, damit dein Knecht und deine Magd ruhen k\u00f6nnen wie du. Gedenke daran, dass du ein Sklave in \u00c4gypten warst und der Herr, dein Gott, dich von dort herausgef\u00fchrt hat mit starker Hand und ausgestrecktem Arm. Darum hat der Herr, dein Gott, dir geboten, den Sabbattag zu halten.<\/b><\/em><\/p><p class=\"Standard\"><em><b>5. Mose 5:12-15<\/b><\/em><\/p>\t\t\t\t\t\t\t\t<\/div>\n\t\t\t\t<\/div>\n\t\t\t\t\t<\/div>\n\t\t\t\t<\/div>\n\t\t\t\t\t<\/div>\n\t\t\t\t<\/div>\n\t\t<div class=\"has_eae_slider elementor-element elementor-element-365ec16 e-flex e-con-boxed e-con e-parent\" data-eae-slider=\"68763\" data-id=\"365ec16\" data-element_type=\"container\">\n\t\t\t\t\t<div class=\"e-con-inner\">\n\t\t<div class=\"has_eae_slider elementor-element elementor-element-f269339 e-flex e-con-boxed e-con e-child\" data-eae-slider=\"50299\" data-id=\"f269339\" data-element_type=\"container\">\n\t\t\t\t\t<div class=\"e-con-inner\">\n\t\t\t\t<div class=\"elementor-element elementor-element-225cef1 elementor-widget elementor-widget-text-editor\" data-id=\"225cef1\" data-element_type=\"widget\" data-widget_type=\"text-editor.default\">\n\t\t\t\t<div class=\"elementor-widget-container\">\n\t\t\t\t\t\t\t\t\t<p>Gott schuf uns nach seinem Bild. Gott arbeitet und ruht dann. Gottes Gebot lautet, sechs Tage zu arbeiten und einen Tag zu ruhen. An diesem Tag sollen sich die Menschen in Frieden treffen und Gott f\u00fcr das Leben danken. Wer nicht arbeitet, wird als Dieb oder Schmarotzer bezeichnet. Nat\u00fcrlich gibt es Kinder, \u00e4ltere Menschen und behinderte Menschen, die Hilfe brauchen und sich nicht durch Arbeit ern\u00e4hren k\u00f6nnen. Gott betont in der Bibel mehrfach, dass er den Schwachen helfen soll.\u00a0<\/p>\t\t\t\t\t\t\t\t<\/div>\n\t\t\t\t<\/div>\n\t\t\t\t<div class=\"elementor-element elementor-element-48c4d4e elementor-widget elementor-widget-text-editor\" data-id=\"48c4d4e\" data-element_type=\"widget\" data-widget_type=\"text-editor.default\">\n\t\t\t\t<div class=\"elementor-widget-container\">\n\t\t\t\t\t\t\t\t\t<p><em><strong>Wenn jemand nicht arbeiten will, soll er nicht essen! <\/strong><\/em><\/p><p><em>2. Thessalonicher 3:10<\/em><\/p>\t\t\t\t\t\t\t\t<\/div>\n\t\t\t\t<\/div>\n\t\t\t\t<div class=\"elementor-element elementor-element-ab89810 elementor-widget elementor-widget-text-editor\" data-id=\"ab89810\" data-element_type=\"widget\" data-widget_type=\"text-editor.default\">\n\t\t\t\t<div class=\"elementor-widget-container\">\n\t\t\t\t\t\t\t\t\t<p class=\"Standard\"><em><strong>Wer stiehlt, der stehle nicht mehr, sondern arbeite und verdiene mit seinen eigenen H\u00e4nden etwas, damit er den Bed\u00fcrftigen davon geben kann.<\/strong><\/em><\/p><p class=\"Standard\"><em><strong> Epheser 4:28<\/strong><\/em><\/p>\t\t\t\t\t\t\t\t<\/div>\n\t\t\t\t<\/div>\n\t\t\t\t<div class=\"elementor-element elementor-element-b09ef0c elementor-widget elementor-widget-text-editor\" data-id=\"b09ef0c\" data-element_type=\"widget\" data-widget_type=\"text-editor.default\">\n\t\t\t\t<div class=\"elementor-widget-container\">\n\t\t\t\t\t\t\t\t\t<p>In Bezug auf die Ruhe erw\u00e4hnt Gottes Gebot den Sabbat, den Gott den Juden gab. Zus\u00e4tzlich zum Sabbat gebot Gott den Juden Ruhezeiten im Jahr \u2013 Feiertage, an denen Juden nicht arbeiten d\u00fcrfen, sowie bestimmte Speisen und Getr\u00e4nke. F\u00fcr Nichtjuden ist es wichtig, an einem der sieben Tage zu ruhen, auch wenn es nicht der Sabbat ist. Feiertage sind Prophezeiungen \u00fcber Ereignisse, von denen sich einige bereits erf\u00fcllt haben und andere noch erf\u00fcllen werden. Das Volk Israel h\u00e4lt diese biblischen Feiertage bis heute ein. Zum Beispiel das j\u00fcdische Pessachfest \u2013 ein Schaltjahr, an dem die Juden aus der Sklaverei in \u00c4gypten befreit wurden und ein Lamm opferten, damit der zerst\u00f6rende Engel, der durch \u00c4gypten zog, sie nicht t\u00f6tete, sondern \u00fcber ihre H\u00e4user springen musste. Sie feiern es jedes Jahr, und genau an diesem Tag wurde das Lamm \u2013 der Herr Jesus \u2013 geopfert, wodurch die Bedeutung dieses Feiertags erf\u00fcllt wurde. Wer an sein stellvertretendes Opfer f\u00fcr uns glaubt und ihm sein Leben \u00fcbergibt, wird vor der ewigen Verdammnis in der H\u00f6lle gerettet. In Bezug auf Lebensmittel sagte der Herr Jesus, dass wir alles essen d\u00fcrfen, au\u00dfer Tierblut. Die f\u00fcr Juden vorgeschriebenen Lebensmittel sind auch f\u00fcr Nichtjuden ein Bild dessen, was wir mit unseren Augen und Ohren in unser Herz aufnehmen.\u00a0\u00a0<\/p>\t\t\t\t\t\t\t\t<\/div>\n\t\t\t\t<\/div>\n\t\t\t\t<div class=\"elementor-element elementor-element-89ac5e1 elementor-widget elementor-widget-text-editor\" data-id=\"89ac5e1\" data-element_type=\"widget\" data-widget_type=\"text-editor.default\">\n\t\t\t\t<div class=\"elementor-widget-container\">\n\t\t\t\t\t\t\t\t\t<p class=\"Standard\"><em><strong>16 Darum lasst euch von niemandem wegen Speise und Trank verurteilen oder wegen eines bestimmten Feiertages, Neumondes oder Sabbats. 17 Dies alles ist nur ein Schatten der Dinge, die kommen werden; die Wirklichkeit aber geh\u00f6rt Christus. <\/strong><\/em><\/p><p class=\"Standard\"><em><strong>Kolosser 2:16-17<\/strong><\/em><\/p>\t\t\t\t\t\t\t\t<\/div>\n\t\t\t\t<\/div>\n\t\t\t\t<div class=\"elementor-element elementor-element-4111d1d elementor-widget elementor-widget-text-editor\" data-id=\"4111d1d\" data-element_type=\"widget\" data-widget_type=\"text-editor.default\">\n\t\t\t\t<div class=\"elementor-widget-container\">\n\t\t\t\t\t\t\t\t\t<p class=\"Standard\"><strong><em>Was von au\u00dfen in den Menschen hineingeht, kann ihn nicht verunreinigen. Es gelangt nicht in sein Herz, sondern in seinen Magen und dann in die Kanalisation.\u201c So erkl\u00e4rte er alle Speisen f\u00fcr rein. Und er f\u00fcgte hinzu: \u201eWas aus dem Menschen herauskommt, das macht ihn unrein. Denn von innen, aus dem Herzen der Menschen, kommen b\u00f6se Gedanken, Unzucht, Diebstahl, Mord, Ehebruch, Habgier, Bosheit, Betrug, Ausschweifung, der b\u00f6se Blick, Gottesl\u00e4sterung, Hochmut und Torheit. All diese b\u00f6sen Dinge kommen von innen und machen den Menschen unrein.\u201c <\/em><\/strong><\/p><p class=\"Standard\"><strong><em>Markus 7:19-23<\/em><\/strong><\/p>\t\t\t\t\t\t\t\t<\/div>\n\t\t\t\t<\/div>\n\t\t\t\t<div class=\"elementor-element elementor-element-34dd2ff elementor-widget elementor-widget-text-editor\" data-id=\"34dd2ff\" data-element_type=\"widget\" data-widget_type=\"text-editor.default\">\n\t\t\t\t<div class=\"elementor-widget-container\">\n\t\t\t\t\t\t\t\t\t<p>Die Sieben-Tage-Woche hat ihren Ursprung in der Bibel im Kontext der Sch\u00f6pfung.<\/p>\t\t\t\t\t\t\t\t<\/div>\n\t\t\t\t<\/div>\n\t\t\t\t<div class=\"elementor-element elementor-element-0076aa7 elementor-widget elementor-widget-text-editor\" data-id=\"0076aa7\" data-element_type=\"widget\" data-widget_type=\"text-editor.default\">\n\t\t\t\t<div class=\"elementor-widget-container\">\n\t\t\t\t\t\t\t\t\t<p class=\"Standard\">Die Folgen des \u00dcbertretens von Gottes Gesetzen sind Tod \u2013 Trennung von Gott und Leid. Doch das Geschenk \u2013 kostenlos und f\u00fcr alle von Gott \u2013 ist Vergebung und ewiges Leben, indem wir erkennen, dass er vollkommen und wir b\u00f6se sind. Indem wir erkennen, dass wir die Hilfe annehmen, die er uns anbietet, und auf der Grundlage des Opfers Jesu Christi um Vergebung f\u00fcr unsere Verbrechen bitten. Nachdem wir Vergebung erhalten haben, verpflichten wir uns zum Gehorsam gegen\u00fcber dem Sch\u00f6pfer, indem wir seine Gesetze in dem neuen Leben lernen und respektieren, das er uns anbietet.<\/p>\t\t\t\t\t\t\t\t<\/div>\n\t\t\t\t<\/div>\n\t\t\t\t<div class=\"elementor-element elementor-element-68113b7 elementor-widget elementor-widget-text-editor\" data-id=\"68113b7\" data-element_type=\"widget\" data-widget_type=\"text-editor.default\">\n\t\t\t\t<div class=\"elementor-widget-container\">\n\t\t\t\t\t\t\t\t\t<p class=\"Standard\">In Israel wurden schwere Verbrechen \u00f6ffentlich von verantwortlichen Personen der Gesellschaft \u2013 Richtern \u2013 vor Gericht gestellt und die Menschen \u00f6ffentlich bestraft. Dies sollte verhindern, dass die gesamte Gesellschaft Israels in Rebellion verfiel und somit Gottes Gericht erlag. Gott ist heilig \u2013 vollkommen und wohnt in einem riesigen Feuer der Liebe. In seiner Gegenwart wird alles offenbart und das B\u00f6se wird in seinem Feuer brennen.<\/p><p class=\"Standard\">F\u00fcr uns bedeutet dies Respekt vor den Autorit\u00e4ten in den einzelnen Staaten, denen Gott dieses Gericht und die Strafe anvertraut hat. Es ist die Aufgabe der einzelnen Regierungen und anschlie\u00dfend der Richter, Gottes Gesetze zu respektieren.<\/p><p class=\"Standard\">Gott m\u00f6chte nicht, dass Verbrecher zugrunde gehen, sondern dass sie in sich gehen, sich bessern und durch die Gnade Gottes leben k\u00f6nnen. Die bekannte Geschichte von der Frau, die beim Ehebruch ertappt wurde, ist eine Geschichte. Man wollte sie nach Gottes Gesetz steinigen und brachte sie zu Jesus. Er sagte: \u201eWer ohne S\u00fcnde ist, werfe den ersten Stein.\u201c Als sie allein gelassen wurde und alle gegangen waren, sagte er: \u201eHat dich niemand verurteilt? Auch ich verurteile dich nicht. Geh und s\u00fcndige nicht mehr.\u201c Gott pr\u00e4sentiert sich uns als gerecht, der Gutes belohnt und B\u00f6ses bestraft, aber den Gebrochenen gn\u00e4dig ist. Gott widersetzt sich den Stolzen, aber den Dem\u00fctigen schenkt er Gnade. Gott hat das Gesetz nicht abgeschafft, er kam, um es durch den Herrn Jesus zu erf\u00fcllen.<\/p>\t\t\t\t\t\t\t\t<\/div>\n\t\t\t\t<\/div>\n\t\t\t\t<div class=\"elementor-element elementor-element-3e38b7c elementor-widget elementor-widget-text-editor\" data-id=\"3e38b7c\" data-element_type=\"widget\" data-widget_type=\"text-editor.default\">\n\t\t\t\t<div class=\"elementor-widget-container\">\n\t\t\t\t\t\t\t\t\t<p class=\"Standard\"><em><strong>11<span style=\"color: #1e293b;\">\u00a0<\/span>Sprich zu ihnen: So wahr ich lebe, spricht Gott der HERR: Ich habe kein Gefallen am Tod des Gottlosen, sondern daran, dass der Gottlose umkehrt von seinem Wege und lebt. Kehrt um, kehrt um von euren b\u00f6sen Wegen!\u00a0<\/strong><\/em><\/p><p class=\"Standard\"><em><strong>Hesekiel 33<\/strong><\/em><\/p>\t\t\t\t\t\t\t\t<\/div>\n\t\t\t\t<\/div>\n\t\t\t\t<div class=\"elementor-element elementor-element-9765c9d elementor-widget elementor-widget-text-editor\" data-id=\"9765c9d\" data-element_type=\"widget\" data-widget_type=\"text-editor.default\">\n\t\t\t\t<div class=\"elementor-widget-container\">\n\t\t\t\t\t\t\t\t\t<p class=\"Standard\"><em><strong>23<span style=\"color: #1e293b;\">\u00a0<\/span>Denn der Lohn der S\u00fcnde ist der Tod, die Gabe der Gnade Gottes aber ist das ewige Leben in Jesus Christus, unserem Herrn.<\/strong><\/em><\/p><p class=\"Standard\"><em><strong>R\u00f6mer 6<\/strong><\/em><\/p>\t\t\t\t\t\t\t\t<\/div>\n\t\t\t\t<\/div>\n\t\t\t\t\t<\/div>\n\t\t\t\t<\/div>\n\t\t\t\t\t<\/div>\n\t\t\t\t<\/div>\n\t\t\t\t<\/div>","protected":false},"excerpt":{"rendered":"<p>\u0161es\u0165 dn\u00ed pracuj a siedmy oddychuj Zachov\u00e1vaj sobotn\u00fd de\u0148, aby si ho sv\u00e4til, ako ti prik\u00e1zal Hospodin, tvoj Boh! \u0160es\u0165 dn\u00ed bude\u0161 pracova\u0165 a kona\u0165 v\u0161etku svoju pr\u00e1cu.\u00a0 Siedmy de\u0148 je sobota pre Hospodina, tvojho Boha. Nebude\u0161 kona\u0165 nijak\u00fa pr\u00e1cu ani ty, ani tvoj syn, ani tvoja dc\u00e9ra, ani tvoj sluha, ani tvoja sl\u00fa\u017eka, ani [&hellip;]<\/p>","protected":false},"author":1,"featured_media":0,"parent":0,"menu_order":0,"comment_status":"closed","ping_status":"closed","template":"","meta":{"site-sidebar-layout":"no-sidebar","site-content-layout":"page-builder","ast-site-content-layout":"full-width-container","site-content-style":"unboxed","site-sidebar-style":"unboxed","ast-global-header-display":"","ast-banner-title-visibility":"","ast-main-header-display":"","ast-hfb-above-header-display":"","ast-hfb-below-header-display":"","ast-hfb-mobile-header-display":"","site-post-title":"disabled","ast-breadcrumbs-content":"","ast-featured-img":"disabled","footer-sml-layout":"disabled","theme-transparent-header-meta":"enabled","adv-header-id-meta":"","stick-header-meta":"","header-above-stick-meta":"","header-main-stick-meta":"","header-below-stick-meta":"","astra-migrate-meta-layouts":"set","ast-page-background-enabled":"default","ast-page-background-meta":{"desktop":{"background-color":"var(--ast-global-color-4)","background-image":"","background-repeat":"repeat","background-position":"center center","background-size":"auto","background-attachment":"scroll","background-type":"","background-media":"","overlay-type":"","overlay-color":"","overlay-opacity":"","overlay-gradient":""},"tablet":{"background-color":"","background-image":"","background-repeat":"repeat","background-position":"center center","background-size":"auto","background-attachment":"scroll","background-type":"","background-media":"","overlay-type":"","overlay-color":"","overlay-opacity":"","overlay-gradient":""},"mobile":{"background-color":"","background-image":"","background-repeat":"repeat","background-position":"center center","background-size":"auto","background-attachment":"scroll","background-type":"","background-media":"","overlay-type":"","overlay-color":"","overlay-opacity":"","overlay-gradient":""}},"ast-content-background-meta":{"desktop":{"background-color":"var(--ast-global-color-5)","background-image":"","background-repeat":"repeat","background-position":"center center","background-size":"auto","background-attachment":"scroll","background-type":"","background-media":"","overlay-type":"","overlay-color":"","overlay-opacity":"","overlay-gradient":""},"tablet":{"background-color":"var(--ast-global-color-5)","background-image":"","background-repeat":"repeat","background-position":"center center","background-size":"auto","background-attachment":"scroll","background-type":"","background-media":"","overlay-type":"","overlay-color":"","overlay-opacity":"","overlay-gradient":""},"mobile":{"background-color":"var(--ast-global-color-5)","background-image":"","background-repeat":"repeat","background-position":"center center","background-size":"auto","background-attachment":"scroll","background-type":"","background-media":"","overlay-type":"","overlay-color":"","overlay-opacity":"","overlay-gradient":""}},"footnotes":""},"class_list":["post-2161","page","type-page","status-publish","hentry"],"_links":{"self":[{"href":"http:\/\/acodalej.sk\/de\/wp-json\/wp\/v2\/pages\/2161","targetHints":{"allow":["GET"]}}],"collection":[{"href":"http:\/\/acodalej.sk\/de\/wp-json\/wp\/v2\/pages"}],"about":[{"href":"http:\/\/acodalej.sk\/de\/wp-json\/wp\/v2\/types\/page"}],"author":[{"embeddable":true,"href":"http:\/\/acodalej.sk\/de\/wp-json\/wp\/v2\/users\/1"}],"replies":[{"embeddable":true,"href":"http:\/\/acodalej.sk\/de\/wp-json\/wp\/v2\/comments?post=2161"}],"version-history":[{"count":0,"href":"http:\/\/acodalej.sk\/de\/wp-json\/wp\/v2\/pages\/2161\/revisions"}],"wp:attachment":[{"href":"http:\/\/acodalej.sk\/de\/wp-json\/wp\/v2\/media?parent=2161"}],"curies":[{"name":"wp","href":"https:\/\/api.w.org\/{rel}","templated":true}]}}