{"id":2197,"date":"2024-09-15T14:57:08","date_gmt":"2024-09-15T14:57:08","guid":{"rendered":"http:\/\/acodalej.sk\/?page_id=2197"},"modified":"2024-11-09T16:04:05","modified_gmt":"2024-11-09T16:04:05","slug":"nezosmilnis","status":"publish","type":"page","link":"http:\/\/acodalej.sk\/de\/nezosmilnis\/","title":{"rendered":"Nezosmiln\u00ed\u0161"},"content":{"rendered":"<div data-elementor-type=\"wp-page\" data-elementor-id=\"2197\" class=\"elementor elementor-2197\">\n\t\t\t\t<div class=\"has_eae_slider elementor-element elementor-element-4e6b14b e-flex e-con-boxed e-con e-parent\" data-eae-slider=\"23832\" data-id=\"4e6b14b\" data-element_type=\"container\">\n\t\t\t\t\t<div class=\"e-con-inner\">\n\t\t<div class=\"has_eae_slider elementor-element elementor-element-6aa71c6 e-flex e-con-boxed e-con e-child\" data-eae-slider=\"96784\" data-id=\"6aa71c6\" data-element_type=\"container\">\n\t\t\t\t\t<div class=\"e-con-inner\">\n\t\t\t\t<div class=\"elementor-element elementor-element-bd2ea71 elementor-widget elementor-widget-heading\" data-id=\"bd2ea71\" data-element_type=\"widget\" data-widget_type=\"heading.default\">\n\t\t\t\t<div class=\"elementor-widget-container\">\n\t\t\t\t\t<h2 class=\"elementor-heading-title elementor-size-default\">du wirst keinen Ehebruch begehen<\/h2>\t\t\t\t<\/div>\n\t\t\t\t<\/div>\n\t\t\t\t<div class=\"elementor-element elementor-element-e7fd3d1 elementor-widget elementor-widget-text-editor\" data-id=\"e7fd3d1\" data-element_type=\"widget\" data-widget_type=\"text-editor.default\">\n\t\t\t\t<div class=\"elementor-widget-container\">\n\t\t\t\t\t\t\t\t\t<p><em><strong>\u201eDu sollst nicht ehebrechen\u201c<\/strong><\/em><\/p><p><em><strong>5. Markus 5:18<\/strong><\/em><\/p>\t\t\t\t\t\t\t\t<\/div>\n\t\t\t\t<\/div>\n\t\t\t\t\t<\/div>\n\t\t\t\t<\/div>\n\t\t\t\t\t<\/div>\n\t\t\t\t<\/div>\n\t\t<div class=\"has_eae_slider elementor-element elementor-element-91ce02c e-flex e-con-boxed e-con e-child\" data-eae-slider=\"42924\" data-id=\"91ce02c\" data-element_type=\"container\">\n\t\t\t\t\t<div class=\"e-con-inner\">\n\t\t\t\t<div class=\"elementor-element elementor-element-3e39a50 elementor-widget elementor-widget-text-editor\" data-id=\"3e39a50\" data-element_type=\"widget\" data-widget_type=\"text-editor.default\">\n\t\t\t\t<div class=\"elementor-widget-container\">\n\t\t\t\t\t\t\t\t\t<p class=\"Standard\"><em><strong>27 Gott schuf den Menschen zu seinem Bild, zum Bild Gottes schuf er ihn; als Mann und Frau schuf er sie. 28 Gott segnete sie und sprach zu ihnen: Seid fruchtbar und mehret euch, bev\u00f6lkert die Erde und macht sie euch untertan und herrscht \u00fcber die Fische im Meer und \u00fcber die V\u00f6gel unter dem Himmel und \u00fcber alles Getier, das auf Erden kriecht.<\/strong><\/em><\/p><p class=\"Standard\"><em><strong>1.Moj\u017ei\u0161ova 1<\/strong><\/em><\/p>\t\t\t\t\t\t\t\t<\/div>\n\t\t\t\t<\/div>\n\t\t\t\t<div class=\"elementor-element elementor-element-cc06afb elementor-widget elementor-widget-text-editor\" data-id=\"cc06afb\" data-element_type=\"widget\" data-widget_type=\"text-editor.default\">\n\t\t\t\t<div class=\"elementor-widget-container\">\n\t\t\t\t\t\t\t\t\t<p><em><strong>24<span style=\"color: #1e293b;\">\u00a0<\/span>Darum wird ein Mann seinen Vater und seine Mutter verlassen und seiner Frau anhangen, und sie werden ein Fleisch sein.<\/strong><\/em><\/p><p><em><strong>1.Moj\u017ei\u0161ova 2<\/strong><\/em><\/p>\t\t\t\t\t\t\t\t<\/div>\n\t\t\t\t<\/div>\n\t\t\t\t<div class=\"elementor-element elementor-element-7580c2f elementor-widget elementor-widget-text-editor\" data-id=\"7580c2f\" data-element_type=\"widget\" data-widget_type=\"text-editor.default\">\n\t\t\t\t<div class=\"elementor-widget-container\">\n\t\t\t\t\t\t\t\t\t<p>Gott schuf Mann und Frau und f\u00fchrte sie in die Ehe. Die Ehe ist eine lebenslange Verbindung. Ehepartner haben von Gott Rechte und Pflichten, Zusammenarbeit, gemeinsames Eigentum und Kinder, die Gottes Plan, die ganze Erde zu bev\u00f6lkern, fortf\u00fchren. Wenn wir nach seinen Regeln der Ehrfurcht vor Gott und des Respekts voreinander leben, ist es m\u00f6glich, dass die Erde bev\u00f6lkert wird. Gott wird es m\u00f6glich machen.<\/p>\n<p>Das biblische Verfahren zur Eheschlie\u00dfung:<\/p>\n<ol>\n<li>die Vorstellung eines Mannes und einer Frau, die frei von anderen Verpflichtungen sind<\/li>\n<li>freie Entscheidung f\u00fcr ein gemeinsames Leben,<\/li>\n<li>Verlobung - die Bekanntgabe des Wunsches nach einem gemeinsamen Leben vor einer interessierten \u00d6ffentlichkeit wie Verwandten, Freunden<\/li>\n<li>Hochzeit \u2013 Abschluss eines Ehevertrags, durch den sich die Partner verpflichten, trotz der Umst\u00e4nde zusammenzuleben, einen Haushalt zu gr\u00fcnden, zusammenzuarbeiten und Kinder gro\u00dfzuziehen. Die Ehe ist vor Gott unaufl\u00f6slich, Gott hasst Scheidung und hat vor ihm keinerlei G\u00fcltigkeit. Der einzige Grund f\u00fcr die Aufl\u00f6sung einer Ehe und damit f\u00fcr eine Scheidung ist Ehebruch = eheliche Untreue, von der der Schuldige auch nach Aufforderung des Unschuldigen nicht ablassen will. Sexualleben mit einer anderen Person als dem Ehepartner wird als Unzucht \u2013 Ehebruch \u2013 bezeichnet.<\/li>\n<\/ol>\t\t\t\t\t\t\t\t<\/div>\n\t\t\t\t<\/div>\n\t\t\t\t<div class=\"elementor-element elementor-element-f65a15c elementor-widget elementor-widget-text-editor\" data-id=\"f65a15c\" data-element_type=\"widget\" data-widget_type=\"text-editor.default\">\n\t\t\t\t<div class=\"elementor-widget-container\">\n\t\t\t\t\t\t\t\t\t<p><em><strong>Wenn ein Mann dabei ertappt wird, wie er mit einer verheirateten Frau schl\u00e4ft, sollen beide sterben, der Mann, der bei ihr lag, und die Frau. So sollst du das B\u00f6se aus Israel ausrotten.<\/strong><\/em><\/p><p><em><strong>5. Mose 22:22<\/strong><\/em><\/p>\t\t\t\t\t\t\t\t<\/div>\n\t\t\t\t<\/div>\n\t\t\t\t<div class=\"elementor-element elementor-element-f5a0610 elementor-widget elementor-widget-text-editor\" data-id=\"f5a0610\" data-element_type=\"widget\" data-widget_type=\"text-editor.default\">\n\t\t\t\t<div class=\"elementor-widget-container\">\n\t\t\t\t\t\t\t\t\t<p class=\"Standard\">\u00a010 Wer mit einer verheirateten Frau Ehebruch begeht, das hei\u00dft, wer mit der Frau seines N\u00e4chsten Ehebruch begeht, der soll mit dem Tod bestraft werden \u2013 der Ehebrecher und die Ehebrecherin. 11 Wer mit der Frau seines Vaters Geschlechtsverkehr hat, hat seinen Vater entehrt; beide sollen mit dem Tod bestraft werden; ihr Blut ist ihr eigenes. 12 Wer mit seiner Schwiegertochter Geschlechtsverkehr hat, soll beide mit dem Tod bestraft werden. Sie haben eine Gr\u00e4ueltat begangen; ihr Blut ist ihr eigenes. 13 Wenn ein Mann bei einem Mann liegt, wie man bei einer Frau liegt, ist es eine Gr\u00e4ueltat; beide sollen sterben; ihr Blut ist ihr eigenes. 14 Wenn ein Mann eine Frau und ihre Mutter nimmt, ist es Verkehrtheit. Man soll ihn und beide im Feuer verbrennen, damit keine Verkehrtheit unter euch entsteht. 15 Wer bei einem Tier liegt, soll get\u00f6tet werden, und das Tier soll geschlachtet werden. 16 Wenn eine Frau Geschlechtsverkehr mit einem Tier hat und sie Geschlechtsverkehr mit ihm haben, sollst du die Frau und das Tier t\u00f6ten. Sie sollen unbedingt get\u00f6tet werden. Sie sollen ihre Blutschuld tragen. 17 Wenn ein Mann seine Schwester nimmt, die Tochter seines Vaters oder die Tochter seiner Mutter, und sie missbraucht und sie ihn missbraucht, ist das ein Gr\u00e4uel. Sie sollen aus ihrem Volk ausgerottet werden. Er hat seine Schwester missbraucht; er soll seine Schuld tragen. 18 Wenn ein Mann w\u00e4hrend ihrer Unreinheit Geschlechtsverkehr mit einer Frau hat, hat er ihre Bl\u00f6\u00dfe gesch\u00e4ndet, und sie hat ihr Blut enth\u00fcllt, und sie hat ihr Blut enth\u00fcllt; beide sollen aus ihrem Volk ausgerottet werden. 19 Du sollst keinen Geschlechtsverkehr mit der Schwester deiner Mutter oder der Schwester deines Vaters haben, denn du hast einen nahen Verwandten missbraucht. Beide sollen ihre Schuld tragen. 20 Wenn ein Mann Geschlechtsverkehr mit seiner Tante hat, hat er seinen Onkel missbraucht. Beide sollen ihre Schuld tragen. Sie sollen kinderlos sterben. 21 Wenn ein Mann die Frau seines Bruders nimmt, ist das eine Verunreinigung; er hat die Bl\u00f6\u00dfe seines Bruders aufgedeckt. Sie sollen kinderlos bleiben. 22 Ihr sollt alle meine Satzungen und alle meine Rechtsbestimmungen halten und danach handeln, damit euch das Land, in das ich euch bringe, damit ihr darin wohnt, nicht ausspeit.<\/p><p class=\"Standard\">3. Mose 20<\/p>\t\t\t\t\t\t\t\t<\/div>\n\t\t\t\t<\/div>\n\t\t\t\t<div class=\"elementor-element elementor-element-2084eda elementor-widget elementor-widget-text-editor\" data-id=\"2084eda\" data-element_type=\"widget\" data-widget_type=\"text-editor.default\">\n\t\t\t\t<div class=\"elementor-widget-container\">\n\t\t\t\t\t\t\t\t\t<p class=\"Standard\">3 Da traten die Pharis\u00e4er zu ihm und stellten ihn auf die Probe, indem sie ihn fragten: Darf sich ein Mann aus irgendeinem Grund von seiner Frau scheiden lassen? 4 Er antwortete ihnen: Habt ihr nicht gelesen, dass der Sch\u00f6pfer die Menschen am Anfang als Mann und Frau geschaffen hat? 5 Und er sprach: Darum wird ein Mann Vater und Mutter verlassen und seiner Frau anhangen, und die zwei werden ein Fleisch sein. 6 So sind sie nicht mehr zwei, sondern ein Fleisch. Was Gott aber verbunden hat, das soll der Mensch nicht scheiden. 7 Sie sagten zu ihm: Warum hat Mose dann geboten, ihr einen Scheidebrief auszustellen und sie wegzuschicken? 8 Jesus sprach zu ihnen: Mose hat euch erlaubt, euch von euren Frauen zu scheiden wegen eurer Herzensh\u00e4rte; von Anfang an aber war es nicht so. 9 Ich sage euch: Wer sich von seiner Frau scheidet, es sei denn wegen Unzucht, und eine andere heiratet, der begeht Ehebruch. 10 Seine J\u00fcnger sagten zu ihm: Wenn die Lage zwischen Mann und Frau so ist, ist es besser, nicht zu heiraten. 11 Er antwortete ihnen: \u201eNicht jeder kann dieses Wort verstehen, au\u00dfer denen, denen es gegeben ist. 12 Denn es gibt Eunuchen, die als Eunuchen geboren wurden, die von Menschen zu Eunuchen gemacht wurden, und es gibt Eunuchen, die sich selbst um des Himmelreichs willen zu Eunuchen gemacht haben. Wer dies verstehen kann, der verstehe es.\u201c<\/p><p class=\"Standard\">Matth\u00e4us 19<\/p>\t\t\t\t\t\t\t\t<\/div>\n\t\t\t\t<\/div>\n\t\t\t\t<div class=\"elementor-element elementor-element-a8c5846 elementor-widget elementor-widget-text-editor\" data-id=\"a8c5846\" data-element_type=\"widget\" data-widget_type=\"text-editor.default\">\n\t\t\t\t<div class=\"elementor-widget-container\">\n\t\t\t\t\t\t\t\t\t<p class=\"Standard\">27 Ihr habt geh\u00f6rt, dass gesagt ist: \u201eDu sollst nicht die Ehe brechen.\u201c 28 Ich aber sage euch: Wer eine Frau auch nur l\u00fcstern ansieht, hat in seinem Herzen schon Ehebruch mit ihr begangen. 29 Wenn dich dein rechtes Auge zum B\u00f6sen verf\u00fchrt, dann rei\u00df es aus und wirf es weg. Es ist besser f\u00fcr dich, dass eines deiner Glieder verliere, als dass dein ganzer Leib in die H\u00f6lle geworfen werde. 30 Und wenn dich deine rechte Hand zum B\u00f6sen verf\u00fchrt, dann hau sie ab und wirf sie weg. Es ist besser f\u00fcr dich, dass eines deiner Glieder verliere, als dass dein ganzer Leib in die H\u00f6lle geworfen werde.<\/p><p class=\"Standard\">Matth\u00e4us 5<\/p><p class=\"Standard\">\u00a0<\/p>\t\t\t\t\t\t\t\t<\/div>\n\t\t\t\t<\/div>\n\t\t\t\t<div class=\"elementor-element elementor-element-e031b73 elementor-widget elementor-widget-text-editor\" data-id=\"e031b73\" data-element_type=\"widget\" data-widget_type=\"text-editor.default\">\n\t\t\t\t<div class=\"elementor-widget-container\">\n\t\t\t\t\t\t\t\t\t<p class=\"Standard\">Unzucht und Ehebruch haben \u00e4hnliche Bedeutungen. Zum besseren Verst\u00e4ndnis: Ehebruch = ein fremdes Bett. Eine Person liegt mit einer fremden Person in einem fremden Bett. Eine nahestehende Person ist ein Ehepartner des anderen Geschlechts, die Ehe ist die Verbindung zwischen Mann und Frau. Wenn Menschen sich auf diesen Wert berufen, liegt seine Wurzel in der Bibel, wir finden nirgendwo sonst eine Grundlage daf\u00fcr. Wenn Ehe und Familie ohne Gott verteidigt werden, werden sie daher scheitern.<\/p><p class=\"Standard\">Beim Abhacken einer Hand oder Ausstechen eines Auges geht es darum, die Ursachen der Versuchung zu beseitigen, ein Verbrechen zu begehen. Eine w\u00f6rtliche Auslegung wird in diesem Fall aus dem Kontext gerissen, da solche Praktiken im Zusammenhang mit Sexualverbrechen, wie sie beispielsweise bei uns im Mittelalter \u00fcblich waren, nirgends in der Bibel erw\u00e4hnt werden. Es geht um das Entfernen von Kleidung, Filmen und Beziehungen zu Menschen, die zu einem Verbrechen im sexuellen Bereich f\u00fchren.<\/p>\t\t\t\t\t\t\t\t<\/div>\n\t\t\t\t<\/div>\n\t\t\t\t<div class=\"elementor-element elementor-element-8261c5f elementor-widget elementor-widget-text-editor\" data-id=\"8261c5f\" data-element_type=\"widget\" data-widget_type=\"text-editor.default\">\n\t\t\t\t<div class=\"elementor-widget-container\">\n\t\t\t\t\t\t\t\t\t<p>Die Folgen der Verletzung der Gesetze Gottes sind <strong>Tod<\/strong> \u2013 Trennung von Gott und Leiden, aber das freie Geschenk Gottes f\u00fcr alle ist Vergebung und ewiges Leben, indem wir erkennen, dass er vollkommen und wir b\u00f6se sind. Indem wir erkennen, dass wir die Hilfe annehmen, die er uns anbietet, und auf der Grundlage des Opfers Jesu Christi um Vergebung unserer Verbrechen bitten. Nachdem wir Vergebung erhalten haben, verpflichten wir uns zum Gehorsam gegen\u00fcber dem Sch\u00f6pfer, indem wir seine Gesetze in dem neuen Leben, das er uns anbietet, lehren und respektieren.<\/p><p>In Israel wurden schwere Verbrechen \u00f6ffentlich von verantwortlichen Personen der Gesellschaft \u2013 Richtern \u2013 vor Gericht gestellt und die Menschen \u00f6ffentlich bestraft. Dies sollte verhindern, dass die gesamte Gesellschaft Israels in Rebellion verfiel und somit Gottes Gericht erlag. Gott ist heilig \u2013 vollkommen und wohnt in einem riesigen Feuer der Liebe. In seiner Gegenwart wird alles offenbart und das B\u00f6se wird in seinem Feuer brennen.<\/p><p>F\u00fcr uns bedeutet dies Respekt vor den Autorit\u00e4ten in den einzelnen Staaten, denen Gott dieses Gericht und die Strafe anvertraut hat. Es ist die Aufgabe der einzelnen Regierungen und anschlie\u00dfend der Richter, Gottes Gesetze zu respektieren.<\/p><p>Gott m\u00f6chte nicht, dass Verbrecher zugrunde gehen, sondern dass sie in sich gehen, sich bessern und durch die Gnade Gottes leben k\u00f6nnen. Die bekannte Geschichte von der Frau, die beim Ehebruch ertappt wurde, erz\u00e4hlt die Geschichte. Man wollte sie nach Gottes Gesetz steinigen und brachte sie zu Jesus. Er sagte: \u201eWer ohne S\u00fcnde ist, werfe den ersten Stein.\u201c Als sie allein gelassen wurde und alle anderen gegangen waren, sagte er: \u201eHat dich niemand verurteilt? Auch ich verurteile dich nicht. Geh und s\u00fcndige von jetzt an nicht mehr.\u201c Gott pr\u00e4sentiert sich uns als gerecht, der Gutes belohnt und B\u00f6ses bestraft, aber den Zerbrochenen gn\u00e4dig ist. Gott widersetzt sich den Stolzen, aber den Dem\u00fctigen schenkt er Gnade. Gott hat das Gesetz nicht abgeschafft, er kam, um es durch den Herrn Jesus zu erf\u00fcllen.<\/p>\t\t\t\t\t\t\t\t<\/div>\n\t\t\t\t<\/div>\n\t\t\t\t<div class=\"elementor-element elementor-element-fee13d5 elementor-widget elementor-widget-text-editor\" data-id=\"fee13d5\" data-element_type=\"widget\" data-widget_type=\"text-editor.default\">\n\t\t\t\t<div class=\"elementor-widget-container\">\n\t\t\t\t\t\t\t\t\t<p class=\"Standard\"><em><strong>11<span style=\"color: #1e293b;\">\u00a0<\/span>Sprich zu ihnen: So wahr ich lebe, spricht Gott der HERR: Ich habe kein Gefallen am Tod des Gottlosen, sondern daran, dass der Gottlose umkehrt von seinem Wege und lebt. Kehrt um, kehrt um von euren b\u00f6sen Wegen!\u00a0<\/strong><\/em><\/p><p class=\"Standard\"><em><strong>Hesekiel 33<\/strong><\/em><\/p>\t\t\t\t\t\t\t\t<\/div>\n\t\t\t\t<\/div>\n\t\t\t\t<div class=\"elementor-element elementor-element-0ea444a elementor-widget elementor-widget-text-editor\" data-id=\"0ea444a\" data-element_type=\"widget\" data-widget_type=\"text-editor.default\">\n\t\t\t\t<div class=\"elementor-widget-container\">\n\t\t\t\t\t\t\t\t\t<p class=\"Standard\"><em><strong>23<span style=\"color: #1e293b;\">\u00a0<\/span>Denn der Lohn der S\u00fcnde ist der Tod, die Gabe der Gnade Gottes aber ist das ewige Leben in Jesus Christus, unserem Herrn.<\/strong><\/em><\/p><p class=\"Standard\"><em><strong>R\u00f6mer 6<\/strong><\/em><\/p>\t\t\t\t\t\t\t\t<\/div>\n\t\t\t\t<\/div>\n\t\t\t\t\t<\/div>\n\t\t\t\t<\/div>\n\t\t\t\t<\/div>","protected":false},"excerpt":{"rendered":"<p>nezosmiln\u00ed\u0161 &#8222;Nezosmiln\u00ed\u0161&#8220; 5. M 5,18 27\u00a0Boh stvoril \u010dloveka na svoj obraz;\u00a0na Bo\u017e\u00ed obraz ho stvoril.\u00a0Stvoril ich ako mu\u017ea a \u017eenu.28\u00a0Boh ich po\u017eehnal a povedal im: \u201ePlo\u010fte sa a mno\u017ete sa, napl\u0148te zem a podma\u0148te si ju! Panujte nad morsk\u00fdmi rybami, nad nebesk\u00fdm vt\u00e1ctvom a nad v\u0161etkou zverou, \u010do sa pohybuje na zemi!\u201c 1.Moj\u017ei\u0161ova 1 24\u00a0Preto [&hellip;]<\/p>","protected":false},"author":1,"featured_media":0,"parent":0,"menu_order":0,"comment_status":"closed","ping_status":"closed","template":"","meta":{"site-sidebar-layout":"no-sidebar","site-content-layout":"page-builder","ast-site-content-layout":"full-width-container","site-content-style":"unboxed","site-sidebar-style":"unboxed","ast-global-header-display":"","ast-banner-title-visibility":"","ast-main-header-display":"","ast-hfb-above-header-display":"","ast-hfb-below-header-display":"","ast-hfb-mobile-header-display":"","site-post-title":"disabled","ast-breadcrumbs-content":"","ast-featured-img":"disabled","footer-sml-layout":"disabled","theme-transparent-header-meta":"enabled","adv-header-id-meta":"","stick-header-meta":"","header-above-stick-meta":"","header-main-stick-meta":"","header-below-stick-meta":"","astra-migrate-meta-layouts":"set","ast-page-background-enabled":"default","ast-page-background-meta":{"desktop":{"background-color":"var(--ast-global-color-4)","background-image":"","background-repeat":"repeat","background-position":"center center","background-size":"auto","background-attachment":"scroll","background-type":"","background-media":"","overlay-type":"","overlay-color":"","overlay-opacity":"","overlay-gradient":""},"tablet":{"background-color":"","background-image":"","background-repeat":"repeat","background-position":"center center","background-size":"auto","background-attachment":"scroll","background-type":"","background-media":"","overlay-type":"","overlay-color":"","overlay-opacity":"","overlay-gradient":""},"mobile":{"background-color":"","background-image":"","background-repeat":"repeat","background-position":"center center","background-size":"auto","background-attachment":"scroll","background-type":"","background-media":"","overlay-type":"","overlay-color":"","overlay-opacity":"","overlay-gradient":""}},"ast-content-background-meta":{"desktop":{"background-color":"var(--ast-global-color-5)","background-image":"","background-repeat":"repeat","background-position":"center center","background-size":"auto","background-attachment":"scroll","background-type":"","background-media":"","overlay-type":"","overlay-color":"","overlay-opacity":"","overlay-gradient":""},"tablet":{"background-color":"var(--ast-global-color-5)","background-image":"","background-repeat":"repeat","background-position":"center center","background-size":"auto","background-attachment":"scroll","background-type":"","background-media":"","overlay-type":"","overlay-color":"","overlay-opacity":"","overlay-gradient":""},"mobile":{"background-color":"var(--ast-global-color-5)","background-image":"","background-repeat":"repeat","background-position":"center center","background-size":"auto","background-attachment":"scroll","background-type":"","background-media":"","overlay-type":"","overlay-color":"","overlay-opacity":"","overlay-gradient":""}},"footnotes":""},"class_list":["post-2197","page","type-page","status-publish","hentry"],"_links":{"self":[{"href":"http:\/\/acodalej.sk\/de\/wp-json\/wp\/v2\/pages\/2197","targetHints":{"allow":["GET"]}}],"collection":[{"href":"http:\/\/acodalej.sk\/de\/wp-json\/wp\/v2\/pages"}],"about":[{"href":"http:\/\/acodalej.sk\/de\/wp-json\/wp\/v2\/types\/page"}],"author":[{"embeddable":true,"href":"http:\/\/acodalej.sk\/de\/wp-json\/wp\/v2\/users\/1"}],"replies":[{"embeddable":true,"href":"http:\/\/acodalej.sk\/de\/wp-json\/wp\/v2\/comments?post=2197"}],"version-history":[{"count":0,"href":"http:\/\/acodalej.sk\/de\/wp-json\/wp\/v2\/pages\/2197\/revisions"}],"wp:attachment":[{"href":"http:\/\/acodalej.sk\/de\/wp-json\/wp\/v2\/media?parent=2197"}],"curies":[{"name":"wp","href":"https:\/\/api.w.org\/{rel}","templated":true}]}}