{"id":1806,"date":"2024-01-01T12:51:05","date_gmt":"2024-01-01T12:51:05","guid":{"rendered":"http:\/\/acodalej.sk\/?page_id=1806"},"modified":"2024-09-15T17:10:27","modified_gmt":"2024-09-15T17:10:27","slug":"svetove-staroveke-rise","status":"publish","type":"page","link":"http:\/\/acodalej.sk\/el\/svetove-staroveke-rise\/","title":{"rendered":"\u039f\u03b9 \u03b1\u03c1\u03c7\u03b1\u03af\u03b5\u03c2 \u03b1\u03c5\u03c4\u03bf\u03ba\u03c1\u03b1\u03c4\u03bf\u03c1\u03af\u03b5\u03c2 \u03c4\u03bf\u03c5 \u03ba\u03cc\u03c3\u03bc\u03bf\u03c5"},"content":{"rendered":"<div data-elementor-type=\"wp-page\" data-elementor-id=\"1806\" class=\"elementor elementor-1806\">\n\t\t\t\t<div class=\"has_eae_slider elementor-element elementor-element-2e2392a e-flex e-con-boxed e-con e-parent\" data-eae-slider=\"11654\" data-id=\"2e2392a\" data-element_type=\"container\" data-settings=\"{&quot;background_background&quot;:&quot;classic&quot;}\">\n\t\t\t\t\t<div class=\"e-con-inner\">\n\t\t<div class=\"has_eae_slider elementor-element elementor-element-660af66 e-con-full e-flex e-con e-child\" data-eae-slider=\"8804\" data-id=\"660af66\" data-element_type=\"container\">\n\t\t\t\t<div class=\"elementor-element elementor-element-a790465 elementor-widget elementor-widget-heading\" data-id=\"a790465\" data-element_type=\"widget\" data-widget_type=\"heading.default\">\n\t\t\t\t<div class=\"elementor-widget-container\">\n\t\t\t\t\t<h1 class=\"elementor-heading-title elementor-size-default\">\u039f\u03b9 \u03b1\u03c1\u03c7\u03b1\u03af\u03b5\u03c2 \u03b1\u03c5\u03c4\u03bf\u03ba\u03c1\u03b1\u03c4\u03bf\u03c1\u03af\u03b5\u03c2 \u03c4\u03bf\u03c5 \u03ba\u03cc\u03c3\u03bc\u03bf\u03c5<\/h1>\t\t\t\t<\/div>\n\t\t\t\t<\/div>\n\t\t\t\t<\/div>\n\t\t\t\t\t<\/div>\n\t\t\t\t<\/div>\n\t\t<div class=\"has_eae_slider elementor-element elementor-element-436859b e-flex e-con-boxed e-con e-parent\" data-eae-slider=\"72611\" data-id=\"436859b\" data-element_type=\"container\">\n\t\t\t\t\t<div class=\"e-con-inner\">\n\t\t<div class=\"has_eae_slider elementor-element elementor-element-9f6cf36 e-con-full e-flex e-con e-child\" data-eae-slider=\"27308\" data-id=\"9f6cf36\" data-element_type=\"container\">\n\t\t\t\t<div class=\"elementor-element elementor-element-3875ee3 elementor-widget elementor-widget-text-editor\" data-id=\"3875ee3\" data-element_type=\"widget\" data-widget_type=\"text-editor.default\">\n\t\t\t\t<div class=\"elementor-widget-container\">\n\t\t\t\t\t\t\t\t\t<p style=\"text-align: center;\"><strong>\u039c\u03b5\u03c4\u03ac \u03c4\u03b7\u03bd \u03ba\u03b1\u03c4\u03b1\u03c3\u03c4\u03c1\u03bf\u03c6\u03ae \u03c4\u03bf\u03c5 \u0392\u03b1\u03c3\u03b9\u03bb\u03b5\u03af\u03bf\u03c5 \u03c4\u03bf\u03c5 \u0399\u03bf\u03cd\u03b4\u03b1 (586 \u03c0.\u03a7.), \u03bf \u03b2\u03b1\u03c3\u03b9\u03bb\u03b9\u03ac\u03c2 \u03c4\u03b7\u03c2 \u039d\u03b5\u03bf\u03b2\u03b1\u03b2\u03c5\u03bb\u03c9\u03bd\u03b9\u03b1\u03ba\u03ae\u03c2 \u0391\u03c5\u03c4\u03bf\u03ba\u03c1\u03b1\u03c4\u03bf\u03c1\u03af\u03b1\u03c2, \u039d\u03b1\u03b2\u03bf\u03c5\u03c7\u03bf\u03b4\u03bf\u03bd\u03cc\u03c3\u03bf\u03c1\u03b1\u03c2 \u0392\u0384 (605-562 \u03c0.\u03a7.), \u03b1\u03bd\u03b1\u03c1\u03c9\u03c4\u03ae\u03b8\u03b7\u03ba\u03b5 \u03c4\u03b9 \u03b8\u03b1 \u03c3\u03c5\u03bd\u03ad\u03b2\u03b1\u03b9\u03bd\u03b5 \u03c3\u03c4\u03b7\u03bd \u03b1\u03c5\u03c4\u03bf\u03ba\u03c1\u03b1\u03c4\u03bf\u03c1\u03af\u03b1 \u03c4\u03bf\u03c5 \u03ba\u03b1\u03b9 \u03c3\u03c4\u03bf\u03bd \u03ba\u03cc\u03c3\u03bc\u03bf. \u039f \u0398\u03b5\u03cc\u03c2 \u03c4\u03bf\u03c5 \u03ad\u03b4\u03c9\u03c3\u03b5 \u03ad\u03bd\u03b1 \u03cc\u03bd\u03b5\u03b9\u03c1\u03bf \u03c0\u03bf\u03c5 \u03c4\u03bf\u03bd \u03b1\u03bd\u03b1\u03c3\u03c4\u03ac\u03c4\u03c9\u03c3\u03b5 \u03c0\u03bf\u03bb\u03cd \u03ba\u03b1\u03b9 \u03b6\u03ae\u03c4\u03b7\u03c3\u03b5 \u03b1\u03c0\u03cc \u03c4\u03bf\u03c5\u03c2 \u03c3\u03c5\u03bc\u03b2\u03bf\u03cd\u03bb\u03bf\u03c5\u03c2 \u03c4\u03bf\u03c5 \u03bd\u03b1 \u03c4\u03bf\u03c5 \u03c0\u03bf\u03c5\u03bd \u03c4\u03b9 \u03b5\u03af\u03c7\u03b5 \u03bf\u03bd\u03b5\u03b9\u03c1\u03b5\u03c5\u03c4\u03b5\u03af \u03ba\u03b1\u03b9 \u03c0\u03bf\u03b9\u03b1 \u03ae\u03c4\u03b1\u03bd \u03b7 \u03b5\u03c1\u03bc\u03b7\u03bd\u03b5\u03af\u03b1 \u03c4\u03bf\u03c5. \u0392\u03c1\u03ad\u03b8\u03b7\u03ba\u03b5 \u03ad\u03bd\u03b1\u03c2 \u03bd\u03b5\u03b1\u03c1\u03cc\u03c2 \u03ac\u03bd\u03b4\u03c1\u03b1\u03c2 \u03b1\u03c0\u03cc \u03c4\u03bf\u03c5\u03c2 \u0399\u03bf\u03c5\u03b4\u03b1\u03af\u03bf\u03c5\u03c2 \u03b5\u03be\u03cc\u03c1\u03b9\u03c3\u03c4\u03bf\u03c5\u03c2, \u03bf\u03bd\u03cc\u03bc\u03b1\u03c4\u03b9 \u0394\u03b1\u03bd\u03b9\u03ae\u03bb, \u03bf \u03bf\u03c0\u03bf\u03af\u03bf\u03c2 \u03c0\u03b1\u03c1\u03b1\u03ba\u03ac\u03bb\u03b5\u03c3\u03b5 \u03c4\u03bf\u03bd \u03a0\u03b1\u03bd\u03c4\u03bf\u03b4\u03cd\u03bd\u03b1\u03bc\u03bf \u0398\u03b5\u03cc \u03c4\u03bf\u03c5 \u0399\u03c3\u03c1\u03b1\u03ae\u03bb \u03bd\u03b1 \u03b4\u03b5\u03b9 \u03c4\u03bf \u03cc\u03bd\u03b5\u03b9\u03c1\u03bf \u03ba\u03b1\u03b9 \u03bd\u03b1 \u03c4\u03bf \u03b5\u03c1\u03bc\u03b7\u03bd\u03b5\u03cd\u03c3\u03b5\u03b9. \u039f \u0398\u03b5\u03cc\u03c2 \u03c4\u03bf\u03bd \u03ac\u03ba\u03bf\u03c5\u03c3\u03b5. \u03a3\u03c4\u03bf \u03cc\u03bd\u03b5\u03b9\u03c1\u03bf, \u03bf \u0398\u03b5\u03cc\u03c2 \u03b1\u03c0\u03bf\u03ba\u03ac\u03bb\u03c5\u03c8\u03b5 \u03bc\u03b5\u03bb\u03bb\u03bf\u03bd\u03c4\u03b9\u03ba\u03ac \u03b3\u03b5\u03b3\u03bf\u03bd\u03cc\u03c4\u03b1 \u03c3\u03c4\u03bf\u03bd \u03b2\u03b1\u03c3\u03b9\u03bb\u03b9\u03ac, \u03c3\u03c4\u03bf\u03bd \u03bb\u03b1\u03cc \u03b5\u03ba\u03b5\u03af\u03bd\u03b7\u03c2 \u03c4\u03b7\u03c2 \u03b5\u03c0\u03bf\u03c7\u03ae\u03c2 \u03ba\u03b1\u03b9 \u03c3\u03b5 \u03b5\u03bc\u03ac\u03c2 \u03c3\u03ae\u03bc\u03b5\u03c1\u03b1. <\/strong><\/p>\t\t\t\t\t\t\t\t<\/div>\n\t\t\t\t<\/div>\n\t\t\t\t<\/div>\n\t\t<div class=\"has_eae_slider elementor-element elementor-element-fa27268 e-con-full e-flex e-con e-child\" data-eae-slider=\"7505\" data-id=\"fa27268\" data-element_type=\"container\">\n\t\t\t\t<div class=\"elementor-element elementor-element-fec0f97 elementor-widget elementor-widget-image\" data-id=\"fec0f97\" data-element_type=\"widget\" data-widget_type=\"image.default\">\n\t\t\t\t<div class=\"elementor-widget-container\">\n\t\t\t\t\t\t\t\t\t\t\t\t<figure class=\"wp-caption\">\n\t\t\t\t\t\t\t\t\t\t\t<a href=\"https:\/\/my.bible.com\/sk\/bible\/465\/DAN.1.SEB\" target=\"_blank\">\n\t\t\t\t\t\t\t<img fetchpriority=\"high\" decoding=\"async\" width=\"1024\" height=\"563\" src=\"http:\/\/acodalej.sk\/wp-content\/uploads\/2023\/11\/daniel-1024x563.webp\" class=\"attachment-large size-large wp-image-1438\" alt=\"\" srcset=\"http:\/\/acodalej.sk\/wp-content\/uploads\/2023\/11\/daniel-1024x563.webp 1024w, http:\/\/acodalej.sk\/wp-content\/uploads\/2023\/11\/daniel-300x165.webp 300w, http:\/\/acodalej.sk\/wp-content\/uploads\/2023\/11\/daniel-768x423.webp 768w, http:\/\/acodalej.sk\/wp-content\/uploads\/2023\/11\/daniel.webp 1396w\" sizes=\"(max-width: 1024px) 100vw, 1024px\" \/>\t\t\t\t\t\t\t\t<\/a>\n\t\t\t\t\t\t\t\t\t\t\t<figcaption class=\"widget-image-caption wp-caption-text\">\u03a0\u03c1\u03bf\u03c6\u03ae\u03c4\u03b7\u03c2 \u0394\u03b1\u03bd\u03b9\u03ae\u03bb<\/figcaption>\n\t\t\t\t\t\t\t\t\t\t<\/figure>\n\t\t\t\t\t\t\t\t\t<\/div>\n\t\t\t\t<\/div>\n\t\t\t\t<\/div>\n\t\t\t\t\t<\/div>\n\t\t\t\t<\/div>\n\t\t<div class=\"has_eae_slider elementor-element elementor-element-b3108b6 e-flex e-con-boxed e-con e-parent\" data-eae-slider=\"8944\" data-id=\"b3108b6\" data-element_type=\"container\">\n\t\t\t\t\t<div class=\"e-con-inner\">\n\t\t\t\t<div class=\"elementor-element elementor-element-3863e2b elementor-widget elementor-widget-text-editor\" data-id=\"3863e2b\" data-element_type=\"widget\" data-widget_type=\"text-editor.default\">\n\t\t\t\t<div class=\"elementor-widget-container\">\n\t\t\t\t\t\t\t\t\t<p><strong>\u0395\u03af\u03b4\u03b5 \u03ad\u03bd\u03b1 \u03ac\u03b3\u03b1\u03bb\u03bc\u03b1 \u03bc\u03b5 \u03ba\u03b5\u03c6\u03ac\u03bb\u03b9 \u03b1\u03c0\u03cc \u03c7\u03c1\u03c5\u03c3\u03cc, \u03c3\u03c4\u03ae\u03b8\u03bf\u03c2 \u03b1\u03c0\u03cc \u03b1\u03c3\u03ae\u03bc\u03b9, \u03ba\u03bf\u03b9\u03bb\u03b9\u03ac \u03b1\u03c0\u03cc \u03c7\u03b1\u03bb\u03ba\u03cc \u03ba\u03b1\u03b9 \u03c0\u03cc\u03b4\u03b9\u03b1 \u03b1\u03c0\u03cc \u03c3\u03af\u03b4\u03b5\u03c1\u03bf, \u03c4\u03bf \u03ba\u03ac\u03c4\u03c9 \u03bc\u03ad\u03c1\u03bf\u03c2 \u03c4\u03bf\u03c5 \u03bf\u03c0\u03bf\u03af\u03bf\u03c5 \u03ae\u03c4\u03b1\u03bd \u03b1\u03c0\u03cc \u03c3\u03af\u03b4\u03b5\u03c1\u03bf \u03b1\u03bd\u03b1\u03ba\u03b1\u03c4\u03b5\u03bc\u03ad\u03bd\u03bf \u03bc\u03b5 \u03c0\u03b7\u03bb\u03cc. \u0395\u03af\u03b4\u03b5 \u03bc\u03b9\u03b1 \u03c4\u03b5\u03c1\u03ac\u03c3\u03c4\u03b9\u03b1 \u03c0\u03ad\u03c4\u03c1\u03b1 \u03bd\u03b1 \u03b1\u03c0\u03bf\u03ba\u03cc\u03c0\u03c4\u03b5\u03c4\u03b1\u03b9 \u03b1\u03c0\u03cc \u03c4\u03b7\u03bd \u03bf\u03c0\u03bf\u03af\u03b1 \u03bc\u03b9\u03b1 \u03c0\u03ad\u03c4\u03c1\u03b1 \u03c7\u03c4\u03cd\u03c0\u03b7\u03c3\u03b5 \u03c4\u03bf \u03ac\u03b3\u03b1\u03bb\u03bc\u03b1 \u03ba\u03b1\u03b9 \u03c4\u03bf \u03ad\u03c3\u03c0\u03b1\u03c3\u03b5 \u03c3\u03b5 \u03ba\u03bf\u03bc\u03bc\u03ac\u03c4\u03b9\u03b1. \u0397 \u03c0\u03ad\u03c4\u03c1\u03b1 \u03bc\u03b5\u03b3\u03ac\u03bb\u03c9\u03c3\u03b5 \u03ba\u03b1\u03b9 \u03b3\u03ad\u03bc\u03b9\u03c3\u03b5 \u03bf\u03bb\u03cc\u03ba\u03bb\u03b7\u03c1\u03b7 \u03c4\u03b7 \u03b3\u03b7.<\/strong><\/p><p>\u00a0<\/p><p><strong>\u0397 \u03c7\u03c1\u03c5\u03c3\u03ae \u03ba\u03b5\u03c6\u03b1\u03bb\u03ae \u03ae\u03c4\u03b1\u03bd \u03b7 \u039d\u03b5\u03bf\u03b2\u03b1\u03b2\u03c5\u03bb\u03c9\u03bd\u03b9\u03b1\u03ba\u03ae \u03b1\u03c5\u03c4\u03bf\u03ba\u03c1\u03b1\u03c4\u03bf\u03c1\u03af\u03b1, \u03b7 \u03bf\u03c0\u03bf\u03af\u03b1 \u03b5\u03c0\u03c1\u03cc\u03ba\u03b5\u03b9\u03c4\u03bf \u03bd\u03b1 \u03b1\u03bd\u03c4\u03b9\u03ba\u03b1\u03c4\u03b1\u03c3\u03c4\u03b1\u03b8\u03b5\u03af \u03b1\u03c0\u03cc \u03bc\u03b9\u03b1 \u03ac\u03bb\u03bb\u03b7 \u03b1\u03c5\u03c4\u03bf\u03ba\u03c1\u03b1\u03c4\u03bf\u03c1\u03af\u03b1 (\u03c4\u03bf \u03b1\u03c3\u03b7\u03bc\u03ad\u03bd\u03b9\u03bf \u03c3\u03b5\u03bd\u03c4\u03bf\u03cd\u03ba\u03b9 \u03ba\u03b1\u03b9 \u03c4\u03b1 \u03c7\u03ad\u03c1\u03b9\u03b1). \u038c\u03c0\u03c9\u03c2 \u03c4\u03bf \u03b1\u03c3\u03ae\u03bc\u03b9 \u03b5\u03af\u03bd\u03b1\u03b9 \u03bb\u03b9\u03b3\u03cc\u03c4\u03b5\u03c1\u03bf \u03c0\u03bf\u03bb\u03cd\u03c4\u03b9\u03bc\u03bf \u03b1\u03c0\u03cc \u03c4\u03bf\u03bd \u03c7\u03c1\u03c5\u03c3\u03cc, \u03ad\u03c4\u03c3\u03b9 \u03b8\u03b1 \u03c3\u03c5\u03bc\u03b2\u03b5\u03af \u03ba\u03b1\u03b9 \u03bc\u03b5 \u03b1\u03c5\u03c4\u03ae\u03bd \u03c4\u03b7\u03bd \u03b1\u03c5\u03c4\u03bf\u03ba\u03c1\u03b1\u03c4\u03bf\u03c1\u03af\u03b1 - \u03b4\u03b5\u03bd \u03b8\u03b1 \u03b5\u03af\u03bd\u03b1\u03b9 \u03c4\u03cc\u03c3\u03bf \u03b4\u03b9\u03ac\u03c3\u03b7\u03bc\u03b7 \u03ba\u03b1\u03b9 \u03b5\u03c0\u03b9\u03c4\u03c5\u03c7\u03b7\u03bc\u03ad\u03bd\u03b7 \u03cc\u03c3\u03bf \u03b7 \u03c7\u03c1\u03c5\u03c3\u03ae \u03ba\u03b5\u03c6\u03b1\u03bb\u03ae. \u039c\u03b5\u03c4\u03ac \u03c4\u03bf \u03b1\u03c3\u03b7\u03bc\u03ad\u03bd\u03b9\u03bf \u03c3\u03b5\u03bd\u03c4\u03bf\u03cd\u03ba\u03b9 \u03b8\u03b1 \u03b5\u03c1\u03c7\u03cc\u03c4\u03b1\u03bd \u03bc\u03b9\u03b1 \u03ac\u03bb\u03bb\u03b7 \u03b1\u03c5\u03c4\u03bf\u03ba\u03c1\u03b1\u03c4\u03bf\u03c1\u03af\u03b1 - \u03b7 \u03ba\u03bf\u03b9\u03bb\u03b9\u03ac \u03b1\u03c0\u03cc \u03c7\u03ac\u03bb\u03ba\u03b9\u03bd\u03bf \u03ba\u03b1\u03b9 \u03c4\u03ad\u03bb\u03bf\u03c2 \u03bc\u03b9\u03b1 \u03b1\u03c5\u03c4\u03bf\u03ba\u03c1\u03b1\u03c4\u03bf\u03c1\u03af\u03b1 \u03c3\u03b1\u03bd \u03c4\u03b1 \u03c3\u03b9\u03b4\u03b5\u03c1\u03ad\u03bd\u03b9\u03b1 \u03c0\u03cc\u03b4\u03b9\u03b1. \u03a4\u03ad\u03bb\u03bf\u03c2, \u03b1\u03c5\u03c4\u03ac \u03c4\u03b1 \u03b2\u03b1\u03c3\u03af\u03bb\u03b5\u03b9\u03b1 \u03b8\u03b1 \u03c3\u03c5\u03bd\u03c4\u03c1\u03b9\u03b2\u03bf\u03cd\u03bd \u03bc\u03b5 \u03c4\u03b7\u03bd \u03ad\u03bb\u03b5\u03c5\u03c3\u03b7 \u03c4\u03b7\u03c2 \u03b1\u03b9\u03ce\u03bd\u03b9\u03b1\u03c2 \u03b2\u03b1\u03c3\u03b9\u03bb\u03b5\u03af\u03b1\u03c2, \u03b7 \u03bf\u03c0\u03bf\u03af\u03b1 \u03b8\u03b1 \u03b3\u03b5\u03bc\u03af\u03c3\u03b5\u03b9 \u03bf\u03bb\u03cc\u03ba\u03bb\u03b7\u03c1\u03b7 \u03c4\u03b7 \u03b3\u03b7.<\/strong><\/p><p>\u00a0<\/p><p><strong>\u0391\u03c1\u03b3\u03cc\u03c4\u03b5\u03c1\u03b1, \u03bf \u0394\u03b1\u03bd\u03b9\u03ae\u03bb \u03ad\u03bb\u03b1\u03b2\u03b5 \u03ad\u03bd\u03b1 \u03cc\u03c1\u03b1\u03bc\u03b1 \u03cc\u03c0\u03bf\u03c5 \u03bf\u03b9 \u03b1\u03c5\u03c4\u03bf\u03ba\u03c1\u03b1\u03c4\u03bf\u03c1\u03af\u03b5\u03c2 \u03c0\u03b1\u03c1\u03bf\u03bc\u03bf\u03b9\u03ac\u03c3\u03c4\u03b7\u03ba\u03b1\u03bd \u03bc\u03b5 \u03b6\u03ce\u03b1. \u0388\u03bd\u03b1 \u03c7\u03c1\u03c5\u03c3\u03cc \u03ba\u03b5\u03c6\u03ac\u03bb\u03b9 \u03c3\u03b1\u03bd \u03bb\u03b9\u03bf\u03bd\u03c4\u03b1\u03c1\u03b9\u03bf\u03cd, \u03ad\u03bd\u03b1 \u03b1\u03c3\u03b7\u03bc\u03ad\u03bd\u03b9\u03bf \u03c3\u03c4\u03ae\u03b8\u03bf\u03c2 \u03c3\u03b1\u03bd \u03b1\u03c1\u03ba\u03bf\u03cd\u03b4\u03b1\u03c2, \u03bc\u03b9\u03b1 \u03c7\u03ac\u03bb\u03ba\u03b9\u03bd\u03b7 \u03ba\u03bf\u03b9\u03bb\u03b9\u03ac \u03c3\u03b1\u03bd \u03bb\u03b5\u03bf\u03c0\u03ac\u03c1\u03b4\u03b1\u03bb\u03b7\u03c2 \u03bc\u03b5 \u03c4\u03ad\u03c3\u03c3\u03b5\u03c1\u03b1 \u03ba\u03b5\u03c6\u03ac\u03bb\u03b9\u03b1 \u03ba\u03b1\u03b9 \u03c3\u03b9\u03b4\u03b5\u03c1\u03ad\u03bd\u03b9\u03b1 \u03c0\u03cc\u03b4\u03b9\u03b1 \u03c3\u03b1\u03bd \u03c4\u03b5\u03c1\u03b1\u03c4\u03ce\u03b4\u03b5\u03c2 \u03b8\u03b7\u03c1\u03af\u03bf \u03bc\u03b5 \u03b4\u03ad\u03ba\u03b1 \u03ba\u03ad\u03c1\u03b1\u03c4\u03b1. \u039f \u03c4\u03ac\u03c6\u03bf\u03c2 \u03c4\u03bf\u03c5 \u0394\u03b1\u03bd\u03b9\u03ae\u03bb \u03b2\u03c1\u03af\u03c3\u03ba\u03b5\u03c4\u03b1\u03b9 \u03b1\u03ba\u03cc\u03bc\u03b1 \u03c3\u03c4\u03bf \u0399\u03c1\u03ac\u03bd, \u03c3\u03c4\u03b7\u03bd \u03c0\u03cc\u03bb\u03b7 \u03a3\u03bf\u03cd\u03c3\u03b1.<\/strong><\/p><p style=\"text-align: center;\"><strong>\u00a0<\/strong><\/p>\t\t\t\t\t\t\t\t<\/div>\n\t\t\t\t<\/div>\n\t\t\t\t\t<\/div>\n\t\t\t\t<\/div>\n\t\t<div class=\"has_eae_slider elementor-element elementor-element-8d1a232 e-flex e-con-boxed e-con e-parent\" data-eae-slider=\"72588\" data-id=\"8d1a232\" data-element_type=\"container\">\n\t\t\t\t\t<div class=\"e-con-inner\">\n\t\t\t\t<div class=\"elementor-element elementor-element-e3983a7 elementor-position-top elementor-widget elementor-widget-image-box\" data-id=\"e3983a7\" data-element_type=\"widget\" data-widget_type=\"image-box.default\">\n\t\t\t\t<div class=\"elementor-widget-container\">\n\t\t\t\t\t<div class=\"elementor-image-box-wrapper\"><figure class=\"elementor-image-box-img\"><img decoding=\"async\" width=\"450\" height=\"298\" src=\"http:\/\/acodalej.sk\/wp-content\/uploads\/2023\/11\/danielhrob.jpg\" class=\"attachment-full size-full wp-image-1439\" alt=\"\" srcset=\"http:\/\/acodalej.sk\/wp-content\/uploads\/2023\/11\/danielhrob.jpg 450w, http:\/\/acodalej.sk\/wp-content\/uploads\/2023\/11\/danielhrob-300x199.jpg 300w\" sizes=\"(max-width: 450px) 100vw, 450px\" \/><\/figure><div class=\"elementor-image-box-content\"><h3 class=\"elementor-image-box-title\">\u03a4\u03ac\u03c6\u03bf\u03c2 \u03c4\u03bf\u03c5 \u0394\u03b1\u03bd\u03b9\u03ae\u03bb<\/h3><\/div><\/div>\t\t\t\t<\/div>\n\t\t\t\t<\/div>\n\t\t\t\t\t<\/div>\n\t\t\t\t<\/div>\n\t\t<div class=\"has_eae_slider elementor-element elementor-element-f691efd e-flex e-con-boxed e-con e-parent\" data-eae-slider=\"50306\" data-id=\"f691efd\" data-element_type=\"container\">\n\t\t\t\t\t<div class=\"e-con-inner\">\n\t\t<div class=\"has_eae_slider elementor-element elementor-element-951489a e-flex e-con-boxed e-con e-child\" data-eae-slider=\"9789\" data-id=\"951489a\" data-element_type=\"container\">\n\t\t\t\t\t<div class=\"e-con-inner\">\n\t\t\t\t<div class=\"elementor-element elementor-element-eb91157 elementor-widget elementor-widget-video\" data-id=\"eb91157\" data-element_type=\"widget\" data-settings=\"{&quot;youtube_url&quot;:&quot;https:\\\/\\\/youtu.be\\\/_EeXEdHuOHs&quot;,&quot;video_type&quot;:&quot;youtube&quot;,&quot;controls&quot;:&quot;yes&quot;}\" data-widget_type=\"video.default\">\n\t\t\t\t<div class=\"elementor-widget-container\">\n\t\t\t\t\t\t\t<div class=\"elementor-wrapper elementor-open-inline\">\n\t\t\t<div class=\"elementor-video\"><\/div>\t\t<\/div>\n\t\t\t\t\t\t<\/div>\n\t\t\t\t<\/div>\n\t\t\t\t\t<\/div>\n\t\t\t\t<\/div>\n\t\t\t\t\t<\/div>\n\t\t\t\t<\/div>\n\t\t<div class=\"has_eae_slider elementor-element elementor-element-c4c654f e-flex e-con-boxed e-con e-parent\" data-eae-slider=\"64353\" data-id=\"c4c654f\" data-element_type=\"container\">\n\t\t\t\t\t<div class=\"e-con-inner\">\n\t\t\t\t<div class=\"elementor-element elementor-element-e9fa36b elementor-widget elementor-widget-text-editor\" data-id=\"e9fa36b\" data-element_type=\"widget\" data-widget_type=\"text-editor.default\">\n\t\t\t\t<div class=\"elementor-widget-container\">\n\t\t\t\t\t\t\t\t\t<p style=\"text-align: center;\"><strong>\u039c\u03b5\u03c4\u03ac \u03c4\u03b7 \u039d\u03b5\u03bf\u03b2\u03b1\u03b2\u03c5\u03bb\u03c9\u03bd\u03b9\u03b1\u03ba\u03ae \u0391\u03c5\u03c4\u03bf\u03ba\u03c1\u03b1\u03c4\u03bf\u03c1\u03af\u03b1 (606-539 \u03c0.\u03a7.) \u03ae\u03c1\u03b8\u03b1\u03bd \u03bf\u03b9 \u039c\u03ae\u03b4\u03bf\u03b9 \u03ba\u03b1\u03b9 \u03bf\u03b9 \u03a0\u03ad\u03c1\u03c3\u03b5\u03c2 (539-331 \u03c0.\u03a7.), \u03cc\u03c0\u03bf\u03c5 \u03bf \u03b2\u03b1\u03c3\u03b9\u03bb\u03b9\u03ac\u03c2 \u03c4\u03bf\u03c5\u03c2 \u039a\u03cd\u03c1\u03bf\u03c2 \u03bf \u039c\u03ad\u03b3\u03b1\u03c2 (559-530 \u03c0.\u03a7.) \u03ba\u03b1\u03c4\u03ad\u03ba\u03c4\u03b7\u03c3\u03b5 \u03c4\u03b7 \u0392\u03b1\u03b2\u03c5\u03bb\u03ce\u03bd\u03b1 \u03c4\u03bf 539 \u03c0.\u03a7. \u0391\u03c5\u03c4\u03ae \u03ae\u03c4\u03b1\u03bd \u03b7 \u03b1\u03c5\u03c4\u03bf\u03ba\u03c1\u03b1\u03c4\u03bf\u03c1\u03af\u03b1 \u03c4\u03c9\u03bd \u03b1\u03c1\u03ba\u03bf\u03cd\u03b4\u03c9\u03bd \u03ba\u03b1\u03b9 \u03bf \u039a\u03cd\u03c1\u03bf\u03c2 \u03bf \u039c\u03ad\u03b3\u03b1\u03c2 \u03bf\u03bd\u03bf\u03bc\u03ac\u03c3\u03c4\u03b7\u03ba\u03b5 \u03c0\u03b1\u03c4\u03ad\u03c1\u03b1\u03c2 \u03c4\u03c9\u03bd \u03b5\u03b8\u03bd\u03ce\u03bd \u03b5\u03c0\u03b5\u03b9\u03b4\u03ae \u03b1\u03c0\u03b5\u03bb\u03b5\u03c5\u03b8\u03ad\u03c1\u03c9\u03c3\u03b5 \u03c4\u03b1 \u03ad\u03b8\u03bd\u03b7 \u03b1\u03c0\u03cc \u03c4\u03b7 \u03b4\u03bf\u03c5\u03bb\u03b5\u03af\u03b1 \u03c3\u03c4\u03b7 \u0392\u03b1\u03b2\u03c5\u03bb\u03ce\u03bd\u03b1. \u039c\u03b5\u03c4\u03b1\u03be\u03cd \u03c4\u03c9\u03bd \u03b1\u03c0\u03b5\u03bb\u03b5\u03c5\u03b8\u03b5\u03c1\u03c9\u03bc\u03ad\u03bd\u03c9\u03bd \u03b5\u03b8\u03bd\u03ce\u03bd \u03ae\u03c4\u03b1\u03bd \u03bc\u03ad\u03c1\u03bf\u03c2 \u03c4\u03bf\u03c5 \u0399\u03c3\u03c1\u03b1\u03ae\u03bb, \u03b4\u03b7\u03bb\u03b1\u03b4\u03ae \u03bf \u0399\u03bf\u03cd\u03b4\u03b1\u03c2. \u039f \u03b2\u03b1\u03c3\u03b9\u03bb\u03b9\u03ac\u03c2 \u039a\u03cd\u03c1\u03bf\u03c2 \u03b1\u03bd\u03b1\u03c6\u03ad\u03c1\u03b8\u03b7\u03ba\u03b5 \u03bf\u03bd\u03bf\u03bc\u03b1\u03c3\u03c4\u03b9\u03ba\u03ac \u03c3\u03c4\u03b7\u03bd \u03b5\u03b2\u03c1\u03b1\u03ca\u03ba\u03ae \u03c0\u03c1\u03bf\u03c6\u03b7\u03c4\u03b5\u03af\u03b1 \u03c4\u03bf\u03c5 \u0397\u03c3\u03b1\u0390\u03b1, \u03b5\u03ba\u03b5\u03af\u03bd\u03b7 \u03c4\u03b7\u03bd \u03b5\u03c0\u03bf\u03c7\u03ae \u03c0\u03b5\u03c1\u03af\u03c0\u03bf\u03c5 200 \u03b5\u03c4\u03ce\u03bd, \u03c3\u03b5 \u03c3\u03c7\u03ad\u03c3\u03b7 \u03bc\u03b5 \u03c4\u03b7\u03bd \u03b1\u03bd\u03bf\u03b9\u03ba\u03bf\u03b4\u03cc\u03bc\u03b7\u03c3\u03b7 \u03c4\u03b7\u03c2 \u03ba\u03b1\u03c4\u03b5\u03c3\u03c4\u03c1\u03b1\u03bc\u03bc\u03ad\u03bd\u03b7\u03c2 \u0399\u03b5\u03c1\u03bf\u03c5\u03c3\u03b1\u03bb\u03ae\u03bc \u03ba\u03b1\u03b9 \u03c4\u03bf\u03c5 \u03bd\u03b1\u03bf\u03cd.<\/strong><\/p>\t\t\t\t\t\t\t\t<\/div>\n\t\t\t\t<\/div>\n\t\t\t\t\t<\/div>\n\t\t\t\t<\/div>\n\t\t<div class=\"has_eae_slider elementor-element elementor-element-a28a015 e-flex e-con-boxed e-con e-parent\" data-eae-slider=\"70091\" data-id=\"a28a015\" data-element_type=\"container\">\n\t\t\t\t\t<div class=\"e-con-inner\">\n\t\t<div class=\"has_eae_slider elementor-element elementor-element-28c459a e-con-full e-flex e-con e-child\" data-eae-slider=\"42964\" data-id=\"28c459a\" data-element_type=\"container\">\n\t\t\t\t<div class=\"elementor-element elementor-element-ca184bb elementor-widget-divider--view-line elementor-widget elementor-widget-divider\" data-id=\"ca184bb\" data-element_type=\"widget\" data-widget_type=\"divider.default\">\n\t\t\t\t<div class=\"elementor-widget-container\">\n\t\t\t\t\t\t\t<div class=\"elementor-divider\">\n\t\t\t<span class=\"elementor-divider-separator\">\n\t\t\t\t\t\t<\/span>\n\t\t<\/div>\n\t\t\t\t\t\t<\/div>\n\t\t\t\t<\/div>\n\t\t\t\t<div class=\"elementor-element elementor-element-c8e5f26 elementor-widget elementor-widget-heading\" data-id=\"c8e5f26\" data-element_type=\"widget\" data-widget_type=\"heading.default\">\n\t\t\t\t<div class=\"elementor-widget-container\">\n\t\t\t\t\t<h2 class=\"elementor-heading-title elementor-size-default\">\u03a0\u03c1\u03bf\u03c6\u03ae\u03c4\u03b7\u03c2 \u0397\u03c3\u03b1\u0390\u03b1\u03c2<\/h2>\t\t\t\t<\/div>\n\t\t\t\t<\/div>\n\t\t\t\t<\/div>\n\t\t\t\t<div class=\"elementor-element elementor-element-1ba74e0 elementor-widget elementor-widget-read-more\" data-id=\"1ba74e0\" data-element_type=\"widget\" data-widget_type=\"read-more.default\">\n\t\t\t\t<div class=\"elementor-widget-container\">\n\t\t\t\t\t<\/div><\/div><\/div><\/div><\/div> &hellip;<p class=\"ast-the-content-more-link\"> <a class=\"\" href=\"http:\/\/acodalej.sk\/el\/svetove-staroveke-rise\/\"> <span class=\"screen-reader-text\">\u039f\u03b9 \u03b1\u03c1\u03c7\u03b1\u03af\u03b5\u03c2 \u03b1\u03c5\u03c4\u03bf\u03ba\u03c1\u03b1\u03c4\u03bf\u03c1\u03af\u03b5\u03c2 \u03c4\u03bf\u03c5 \u03ba\u03cc\u03c3\u03bc\u03bf\u03c5<\/span>Read More &raquo;<\/a><\/p>","protected":false},"excerpt":{"rendered":"<p>Svetov\u00e9 starovek\u00e9 r\u00ed\u0161e Popri zni\u010den\u00ed Judsk\u00e9ho kr\u00e1\u013eovstva (586 p. n. l.) kr\u00e1\u013e novobabylonskej r\u00ed\u0161e Nebukadnesar II. (605 \u2013 562 p.n.l.) prem\u00fd\u0161\u013eal, \u010do bude \u010falej s jeho r\u00ed\u0161ou a so svetom. Boh mu dal sen, ktor\u00fdm bol ve\u013emi rozru\u0161en\u00fd a \u017eiadal od svojich poradcov, aby mu povedali, \u010do sa mu sn\u00edvalo a ak\u00fd je v\u00fdklad toho [&hellip;]<\/p>","protected":false},"author":1,"featured_media":0,"parent":0,"menu_order":0,"comment_status":"closed","ping_status":"closed","template":"","meta":{"site-sidebar-layout":"no-sidebar","site-content-layout":"page-builder","ast-site-content-layout":"full-width-container","site-content-style":"unboxed","site-sidebar-style":"unboxed","ast-global-header-display":"","ast-banner-title-visibility":"disabled","ast-main-header-display":"","ast-hfb-above-header-display":"","ast-hfb-below-header-display":"","ast-hfb-mobile-header-display":"","site-post-title":"disabled","ast-breadcrumbs-content":"disabled","ast-featured-img":"disabled","footer-sml-layout":"disabled","theme-transparent-header-meta":"enabled","adv-header-id-meta":"","stick-header-meta":"","header-above-stick-meta":"","header-main-stick-meta":"","header-below-stick-meta":"","astra-migrate-meta-layouts":"set","ast-page-background-enabled":"default","ast-page-background-meta":{"desktop":{"background-color":"var(--ast-global-color-4)","background-image":"","background-repeat":"repeat","background-position":"center center","background-size":"auto","background-attachment":"scroll","background-type":"","background-media":"","overlay-type":"","overlay-color":"","overlay-opacity":"","overlay-gradient":""},"tablet":{"background-color":"","background-image":"","background-repeat":"repeat","background-position":"center center","background-size":"auto","background-attachment":"scroll","background-type":"","background-media":"","overlay-type":"","overlay-color":"","overlay-opacity":"","overlay-gradient":""},"mobile":{"background-color":"","background-image":"","background-repeat":"repeat","background-position":"center center","background-size":"auto","background-attachment":"scroll","background-type":"","background-media":"","overlay-type":"","overlay-color":"","overlay-opacity":"","overlay-gradient":""}},"ast-content-background-meta":{"desktop":{"background-color":"var(--ast-global-color-5)","background-image":"","background-repeat":"repeat","background-position":"center center","background-size":"auto","background-attachment":"scroll","background-type":"","background-media":"","overlay-type":"","overlay-color":"","overlay-opacity":"","overlay-gradient":""},"tablet":{"background-color":"var(--ast-global-color-5)","background-image":"","background-repeat":"repeat","background-position":"center center","background-size":"auto","background-attachment":"scroll","background-type":"","background-media":"","overlay-type":"","overlay-color":"","overlay-opacity":"","overlay-gradient":""},"mobile":{"background-color":"var(--ast-global-color-5)","background-image":"","background-repeat":"repeat","background-position":"center center","background-size":"auto","background-attachment":"scroll","background-type":"","background-media":"","overlay-type":"","overlay-color":"","overlay-opacity":"","overlay-gradient":""}},"footnotes":""},"class_list":["post-1806","page","type-page","status-publish","hentry"],"_links":{"self":[{"href":"http:\/\/acodalej.sk\/el\/wp-json\/wp\/v2\/pages\/1806","targetHints":{"allow":["GET"]}}],"collection":[{"href":"http:\/\/acodalej.sk\/el\/wp-json\/wp\/v2\/pages"}],"about":[{"href":"http:\/\/acodalej.sk\/el\/wp-json\/wp\/v2\/types\/page"}],"author":[{"embeddable":true,"href":"http:\/\/acodalej.sk\/el\/wp-json\/wp\/v2\/users\/1"}],"replies":[{"embeddable":true,"href":"http:\/\/acodalej.sk\/el\/wp-json\/wp\/v2\/comments?post=1806"}],"version-history":[{"count":0,"href":"http:\/\/acodalej.sk\/el\/wp-json\/wp\/v2\/pages\/1806\/revisions"}],"wp:attachment":[{"href":"http:\/\/acodalej.sk\/el\/wp-json\/wp\/v2\/media?parent=1806"}],"curies":[{"name":"\u03b5\u03c1\u03b3\u03b1\u03c3\u03af\u03b1","href":"https:\/\/api.w.org\/{rel}","templated":true}]}}