{"id":2144,"date":"2024-09-15T13:22:02","date_gmt":"2024-09-15T13:22:02","guid":{"rendered":"http:\/\/acodalej.sk\/?page_id=2144"},"modified":"2024-11-09T16:22:59","modified_gmt":"2024-11-09T16:22:59","slug":"neber-meno-boha-nadarmo","status":"publish","type":"page","link":"http:\/\/acodalej.sk\/el\/neber-meno-boha-nadarmo\/","title":{"rendered":"Neber meno Boha nadarmo"},"content":{"rendered":"<div data-elementor-type=\"wp-page\" data-elementor-id=\"2144\" class=\"elementor elementor-2144\">\n\t\t\t\t<div class=\"has_eae_slider elementor-element elementor-element-60f6cd8 e-flex e-con-boxed e-con e-parent\" data-eae-slider=\"49582\" data-id=\"60f6cd8\" data-element_type=\"container\">\n\t\t\t\t\t<div class=\"e-con-inner\">\n\t\t<div class=\"has_eae_slider elementor-element elementor-element-82b1090 e-flex e-con-boxed e-con e-child\" data-eae-slider=\"72499\" data-id=\"82b1090\" data-element_type=\"container\">\n\t\t\t\t\t<div class=\"e-con-inner\">\n\t\t\t\t<div class=\"elementor-element elementor-element-616b16a elementor-widget elementor-widget-heading\" data-id=\"616b16a\" data-element_type=\"widget\" data-widget_type=\"heading.default\">\n\t\t\t\t<div class=\"elementor-widget-container\">\n\t\t\t\t\t<h2 class=\"elementor-heading-title elementor-size-default\">\u039c\u03b7\u03bd \u03b1\u03bd\u03b1\u03c6\u03ad\u03c1\u03b5\u03c4\u03b5 \u03c4\u03bf \u03cc\u03bd\u03bf\u03bc\u03b1 \u03c4\u03bf\u03c5 \u0398\u03b5\u03bf\u03cd \u03bc\u03ac\u03c4\u03b1\u03b9\u03b1.<\/h2>\t\t\t\t<\/div>\n\t\t\t\t<\/div>\n\t\t\t\t<div class=\"elementor-element elementor-element-f842778 elementor-widget elementor-widget-text-editor\" data-id=\"f842778\" data-element_type=\"widget\" data-widget_type=\"text-editor.default\">\n\t\t\t\t<div class=\"elementor-widget-container\">\n\t\t\t\t\t\t\t\t\t<p class=\"Standard\"><em><b>\u00ab\u0394\u03b5\u03bd \u03b8\u03b1 \u03c0\u03c1\u03bf\u03c6\u03ad\u03c1\u03b5\u03b9\u03c2 \u03c4\u03bf \u03cc\u03bd\u03bf\u03bc\u03b1 \u039a\u03c5\u03c1\u03af\u03bf\u03c5 \u03c4\u03bf\u03c5 \u0398\u03b5\u03bf\u03cd \u03c3\u03bf\u03c5 \u03bc\u03ac\u03c4\u03b1\u03b9\u03b1\u00b7 \u03b5\u03c0\u03b5\u03b9\u03b4\u03ae, \u03bf \u039a\u03cd\u03c1\u03b9\u03bf\u03c2 \u03b4\u03b5\u03bd \u03b8\u03b1 \u03b1\u03b8\u03c9\u03ce\u03c3\u03b5\u03b9 \u03cc\u03c0\u03bf\u03b9\u03bf\u03bd \u03c0\u03c1\u03bf\u03c6\u03ad\u03c1\u03b5\u03b9 \u03c4\u03bf \u03cc\u03bd\u03bf\u03bc\u03ac \u03c4\u03bf\u03c5 \u03bc\u03ac\u03c4\u03b1\u03b9\u03b1\u00bb.<\/b><\/em><\/p><p class=\"Standard\"><em><b>\u0394\u03b5\u03c5\u03c4\u03b5\u03c1\u03bf\u03bd\u03cc\u03bc\u03b9\u03bf 5:11<\/b><\/em><\/p>\t\t\t\t\t\t\t\t<\/div>\n\t\t\t\t<\/div>\n\t\t\t\t\t<\/div>\n\t\t\t\t<\/div>\n\t\t\t\t\t<\/div>\n\t\t\t\t<\/div>\n\t\t<div class=\"has_eae_slider elementor-element elementor-element-b893b31 e-flex e-con-boxed e-con e-parent\" data-eae-slider=\"19481\" data-id=\"b893b31\" data-element_type=\"container\">\n\t\t\t\t\t<div class=\"e-con-inner\">\n\t\t<div class=\"has_eae_slider elementor-element elementor-element-d2d36c4 e-flex e-con-boxed e-con e-child\" data-eae-slider=\"14353\" data-id=\"d2d36c4\" data-element_type=\"container\">\n\t\t\t\t\t<div class=\"e-con-inner\">\n\t\t\t\t<div class=\"elementor-element elementor-element-a971830 elementor-widget elementor-widget-text-editor\" data-id=\"a971830\" data-element_type=\"widget\" data-widget_type=\"text-editor.default\">\n\t\t\t\t<div class=\"elementor-widget-container\">\n\t\t\t\t\t\t\t\t\t<p class=\"Standard\">\u0391\u03c5\u03c4\u03cc\u03c2 \u03bf \u03ba\u03b1\u03bd\u03cc\u03bd\u03b1\u03c2 \u03b5\u03af\u03bd\u03b1\u03b9 \u03b3\u03bd\u03c9\u03c3\u03c4\u03cc\u03c2 \u03c9\u03c2 \u03b2\u03bb\u03b1\u03c3\u03c6\u03b7\u03bc\u03af\u03b1. \u0394\u03b5\u03bd \u03c0\u03c1\u03ad\u03c0\u03b5\u03b9 \u03bd\u03b1 \u03c0\u03b1\u03af\u03c1\u03bd\u03bf\u03c5\u03bc\u03b5 \u03c4\u03bf \u038c\u03bd\u03bf\u03bc\u03b1 \u03c4\u03bf\u03c5 \u0398\u03b5\u03bf\u03cd \u03c3\u03c4\u03bf \u03c3\u03c4\u03cc\u03bc\u03b1 \u03bc\u03b1\u03c2 \u03c9\u03c2 \u03ba\u03b1\u03c4\u03ac\u03c1\u03b1 \u03ae \u03bc\u03b5 \u03bf\u03c0\u03bf\u03b9\u03bf\u03bd\u03b4\u03ae\u03c0\u03bf\u03c4\u03b5 \u03ac\u03bb\u03bb\u03bf \u03c4\u03c1\u03cc\u03c0\u03bf \u03b5\u03ba\u03c4\u03cc\u03c2 \u03b1\u03c0\u03cc \u03c4\u03bf \u03bd\u03b1 \u03c4\u03b9\u03bc\u03bf\u03cd\u03bc\u03b5 \u03c4\u03bf\u03bd \u0398\u03b5\u03cc. \u0391\u03c5\u03c4\u03cc \u03c0\u03b5\u03c1\u03b9\u03bb\u03b1\u03bc\u03b2\u03ac\u03bd\u03b5\u03b9 \u03c4\u03bf \u038c\u03bd\u03bf\u03bc\u03b1 \u0399\u03b7\u03c3\u03bf\u03cd\u03c2, \u03c4\u03bf \u03bf\u03c0\u03bf\u03af\u03bf \u03b5\u03af\u03bd\u03b1\u03b9 \u03c4\u03bf \u038c\u03bd\u03bf\u03bc\u03b1 \u03c4\u03bf\u03c5 \u03a5\u03b9\u03bf\u03cd \u03c4\u03bf\u03c5 \u0398\u03b5\u03bf\u03cd = \u0398\u03b5\u03cc\u03c2.<\/p>\t\t\t\t\t\t\t\t<\/div>\n\t\t\t\t<\/div>\n\t\t\t\t<div class=\"elementor-element elementor-element-dc04552 elementor-widget elementor-widget-text-editor\" data-id=\"dc04552\" data-element_type=\"widget\" data-widget_type=\"text-editor.default\">\n\t\t\t\t<div class=\"elementor-widget-container\">\n\t\t\t\t\t\t\t\t\t<p class=\"Standard\">\u03a4\u03bf \u03b1\u03c0\u03bf\u03c4\u03ad\u03bb\u03b5\u03c3\u03bc\u03b1 \u03c4\u03b7\u03c2 \u03c0\u03b1\u03c1\u03b1\u03b2\u03af\u03b1\u03c3\u03b7\u03c2 \u03c4\u03c9\u03bd \u03bd\u03cc\u03bc\u03c9\u03bd \u03c4\u03bf\u03c5 \u0398\u03b5\u03bf\u03cd \u03b5\u03af\u03bd\u03b1\u03b9 \u03bf \u03b8\u03ac\u03bd\u03b1\u03c4\u03bf\u03c2 - \u03bf \u03c7\u03c9\u03c1\u03b9\u03c3\u03bc\u03cc\u03c2 \u03b1\u03c0\u03cc \u03c4\u03bf\u03bd \u0398\u03b5\u03cc \u03ba\u03b1\u03b9 \u03b7 \u03c4\u03b1\u03bb\u03b1\u03b9\u03c0\u03c9\u03c1\u03af\u03b1, \u03b1\u03bb\u03bb\u03ac \u03c4\u03bf \u03b4\u03ce\u03c1\u03bf - \u03b4\u03c9\u03c1\u03b5\u03ac\u03bd \u03ba\u03b1\u03b9 \u03b3\u03b9\u03b1 \u03cc\u03bb\u03bf\u03c5\u03c2 \u03b1\u03c0\u03cc \u03c4\u03bf\u03bd \u0398\u03b5\u03cc \u03b5\u03af\u03bd\u03b1\u03b9 \u03b7 \u03c3\u03c5\u03b3\u03c7\u03ce\u03c1\u03b5\u03c3\u03b7 \u03ba\u03b1\u03b9 \u03b7 \u03b1\u03b9\u03ce\u03bd\u03b9\u03b1 \u03b6\u03c9\u03ae, \u03b1\u03bd\u03b1\u03b3\u03bd\u03c9\u03c1\u03af\u03b6\u03bf\u03bd\u03c4\u03b1\u03c2 \u03cc\u03c4\u03b9 \u0391\u03c5\u03c4\u03cc\u03c2 \u03b5\u03af\u03bd\u03b1\u03b9 \u03a4\u03ad\u03bb\u03b5\u03b9\u03bf\u03c2 \u03ba\u03b1\u03b9 \u03b5\u03bc\u03b5\u03af\u03c2 \u03b5\u03af\u03bc\u03b1\u03c3\u03c4\u03b5 \u03ba\u03b1\u03ba\u03bf\u03af. \u0391\u03bd\u03b1\u03b3\u03bd\u03c9\u03c1\u03af\u03b6\u03bf\u03bd\u03c4\u03b1\u03c2 \u03cc\u03c4\u03b9 \u03b4\u03b5\u03c7\u03cc\u03bc\u03b1\u03c3\u03c4\u03b5 \u03c4\u03b7 \u03b2\u03bf\u03ae\u03b8\u03b5\u03b9\u03b1 \u03c0\u03bf\u03c5 \u03bc\u03b1\u03c2 \u03c0\u03c1\u03bf\u03c3\u03c6\u03ad\u03c1\u03b5\u03b9 \u03ba\u03b1\u03b9 \u03b6\u03b7\u03c4\u03ce\u03bd\u03c4\u03b1\u03c2 \u03c3\u03c5\u03b3\u03c7\u03ce\u03c1\u03b5\u03c3\u03b7 \u03b3\u03b9\u03b1 \u03c4\u03b1 \u03b5\u03b3\u03ba\u03bb\u03ae\u03bc\u03b1\u03c4\u03ac \u03bc\u03b1\u03c2 \u03bc\u03b5 \u03b2\u03ac\u03c3\u03b7 \u03c4\u03b7 \u03b8\u03c5\u03c3\u03af\u03b1 \u03c4\u03bf\u03c5 \u0399\u03b7\u03c3\u03bf\u03cd \u03a7\u03c1\u03b9\u03c3\u03c4\u03bf\u03cd. \u0391\u03c6\u03bf\u03cd \u03bb\u03ac\u03b2\u03bf\u03c5\u03bc\u03b5 \u03c3\u03c5\u03b3\u03c7\u03ce\u03c1\u03b5\u03c3\u03b7, \u03b4\u03b5\u03c3\u03bc\u03b5\u03c5\u03cc\u03bc\u03b1\u03c3\u03c4\u03b5 \u03bd\u03b1 \u03c5\u03c0\u03b1\u03ba\u03bf\u03cd\u03bc\u03b5 \u03c3\u03c4\u03bf\u03bd \u0394\u03b7\u03bc\u03b9\u03bf\u03c5\u03c1\u03b3\u03cc \u03bc\u03b1\u03b8\u03b1\u03af\u03bd\u03bf\u03bd\u03c4\u03b1\u03c2 \u03ba\u03b1\u03b9 \u03c3\u03b5\u03b2\u03cc\u03bc\u03b5\u03bd\u03bf\u03b9 \u03c4\u03bf\u03c5\u03c2 \u03bd\u03cc\u03bc\u03bf\u03c5\u03c2 \u03a4\u03bf\u03c5 \u03c3\u03c4\u03b7 \u03bd\u03ad\u03b1 \u03b6\u03c9\u03ae \u03c0\u03bf\u03c5 \u03bc\u03b1\u03c2 \u03c0\u03c1\u03bf\u03c3\u03c6\u03ad\u03c1\u03b5\u03b9.<\/p><p class=\"Standard\">\u03a3\u03c4\u03bf \u0399\u03c3\u03c1\u03b1\u03ae\u03bb, \u03c4\u03b1 \u03c3\u03bf\u03b2\u03b1\u03c1\u03ac \u03b5\u03b3\u03ba\u03bb\u03ae\u03bc\u03b1\u03c4\u03b1 \u03b4\u03b9\u03ba\u03ac\u03b6\u03bf\u03bd\u03c4\u03b1\u03bd \u03b4\u03b7\u03bc\u03cc\u03c3\u03b9\u03b1 \u03b1\u03c0\u03cc \u03c5\u03c0\u03b5\u03cd\u03b8\u03c5\u03bd\u03bf\u03c5\u03c2 \u03b1\u03bd\u03b8\u03c1\u03ce\u03c0\u03bf\u03c5\u03c2 \u03c4\u03b7\u03c2 \u03ba\u03bf\u03b9\u03bd\u03c9\u03bd\u03af\u03b1\u03c2 - \u03b4\u03b9\u03ba\u03b1\u03c3\u03c4\u03ad\u03c2, \u03ba\u03b1\u03b9 \u03bf\u03b9 \u03ac\u03bd\u03b8\u03c1\u03c9\u03c0\u03bf\u03b9 \u03c4\u03b9\u03bc\u03c9\u03c1\u03bf\u03cd\u03bd\u03c4\u03b1\u03bd \u03b4\u03b7\u03bc\u03cc\u03c3\u03b9\u03b1. \u0391\u03c5\u03c4\u03cc \u03b3\u03b9\u03bd\u03cc\u03c4\u03b1\u03bd \u03b3\u03b9\u03b1 \u03bd\u03b1 \u03b1\u03c0\u03bf\u03c4\u03c1\u03b1\u03c0\u03b5\u03af \u03bf\u03bb\u03cc\u03ba\u03bb\u03b7\u03c1\u03b7 \u03b7 \u03ba\u03bf\u03b9\u03bd\u03c9\u03bd\u03af\u03b1 \u03c4\u03bf\u03c5 \u0399\u03c3\u03c1\u03b1\u03ae\u03bb \u03b1\u03c0\u03cc \u03c4\u03bf \u03bd\u03b1 \u03c0\u03b5\u03c1\u03b9\u03ad\u03bb\u03b8\u03b5\u03b9 \u03c3\u03b5 \u03b1\u03bd\u03c4\u03b1\u03c1\u03c3\u03af\u03b1 \u03ba\u03b1\u03b9, \u03b5\u03c0\u03bf\u03bc\u03ad\u03bd\u03c9\u03c2, \u03c5\u03c0\u03cc \u03c4\u03b7\u03bd \u03ba\u03c1\u03af\u03c3\u03b7 \u03c4\u03bf\u03c5 \u0398\u03b5\u03bf\u03cd. \u039f \u0398\u03b5\u03cc\u03c2 \u03b5\u03af\u03bd\u03b1\u03b9 \u0386\u03b3\u03b9\u03bf\u03c2 - \u03a4\u03ad\u03bb\u03b5\u03b9\u03bf\u03c2 \u03ba\u03b1\u03b9 \u03ba\u03b1\u03c4\u03bf\u03b9\u03ba\u03b5\u03af \u03c3\u03b5 \u03bc\u03b9\u03b1 \u03c4\u03b5\u03c1\u03ac\u03c3\u03c4\u03b9\u03b1 \u03c6\u03c9\u03c4\u03b9\u03ac \u03b1\u03b3\u03ac\u03c0\u03b7\u03c2. \u038c\u03bb\u03b1 \u03c3\u03c4\u03b7\u03bd \u03c0\u03b1\u03c1\u03bf\u03c5\u03c3\u03af\u03b1 \u03a4\u03bf\u03c5 \u03b1\u03c0\u03bf\u03ba\u03b1\u03bb\u03cd\u03c0\u03c4\u03bf\u03bd\u03c4\u03b1\u03b9 \u03ba\u03b1\u03b9 \u03c4\u03bf \u03ba\u03b1\u03ba\u03cc \u03b8\u03b1 \u03ba\u03b1\u03af\u03b3\u03b5\u03c4\u03b1\u03b9 \u03c3\u03c4\u03b7 \u03c6\u03c9\u03c4\u03b9\u03ac \u03a4\u03bf\u03c5.<\/p><p class=\"Standard\">\u0393\u03b9\u03b1 \u03b5\u03bc\u03ac\u03c2, \u03b1\u03c5\u03c4\u03cc \u03c3\u03b7\u03bc\u03b1\u03af\u03bd\u03b5\u03b9 \u03c3\u03b5\u03b2\u03b1\u03c3\u03bc\u03cc \u03c0\u03c1\u03bf\u03c2 \u03c4\u03b9\u03c2 \u03b1\u03c1\u03c7\u03ad\u03c2 \u03c4\u03c9\u03bd \u03b5\u03c0\u03b9\u03bc\u03ad\u03c1\u03bf\u03c5\u03c2 \u03ba\u03c1\u03b1\u03c4\u03ce\u03bd, \u03c3\u03c4\u03b9\u03c2 \u03bf\u03c0\u03bf\u03af\u03b5\u03c2 \u03bf \u0398\u03b5\u03cc\u03c2 \u03ad\u03c7\u03b5\u03b9 \u03b5\u03bc\u03c0\u03b9\u03c3\u03c4\u03b5\u03c5\u03c4\u03b5\u03af \u03b1\u03c5\u03c4\u03ae \u03c4\u03b7\u03bd \u03ba\u03c1\u03af\u03c3\u03b7 \u03ba\u03b1\u03b9 \u03c4\u03b7\u03bd \u03c4\u03b9\u03bc\u03c9\u03c1\u03af\u03b1. \u0395\u03bd\u03b1\u03c0\u03cc\u03ba\u03b5\u03b9\u03c4\u03b1\u03b9 \u03c3\u03c4\u03b9\u03c2 \u03b5\u03c0\u03b9\u03bc\u03ad\u03c1\u03bf\u03c5\u03c2 \u03ba\u03c5\u03b2\u03b5\u03c1\u03bd\u03ae\u03c3\u03b5\u03b9\u03c2 \u03ba\u03b1\u03b9 \u03c3\u03c4\u03b7 \u03c3\u03c5\u03bd\u03ad\u03c7\u03b5\u03b9\u03b1 \u03c3\u03c4\u03bf\u03c5\u03c2 \u03b4\u03b9\u03ba\u03b1\u03c3\u03c4\u03ad\u03c2 \u03bd\u03b1 \u03c3\u03ad\u03b2\u03bf\u03bd\u03c4\u03b1\u03b9 \u03c4\u03bf\u03c5\u03c2 \u03bd\u03cc\u03bc\u03bf\u03c5\u03c2 \u03c4\u03bf\u03c5 \u0398\u03b5\u03bf\u03cd.<\/p><p class=\"Standard\">\u039f \u0398\u03b5\u03cc\u03c2 \u03b4\u03b5\u03bd \u03b8\u03ad\u03bb\u03b5\u03b9 \u03bd\u03b1 \u03c7\u03b1\u03b8\u03bf\u03cd\u03bd \u03bf\u03b9 \u03b5\u03b3\u03ba\u03bb\u03b7\u03bc\u03b1\u03c4\u03af\u03b5\u03c2, \u03b1\u03bb\u03bb\u03ac \u03bd\u03b1 \u03b5\u03b9\u03c3\u03ad\u03bb\u03b8\u03bf\u03c5\u03bd \u03c3\u03c4\u03bf\u03bd \u03b5\u03b1\u03c5\u03c4\u03cc \u03c4\u03bf\u03c5\u03c2, \u03bd\u03b1 \u03b4\u03b9\u03bf\u03c1\u03b8\u03c9\u03b8\u03bf\u03cd\u03bd \u03ba\u03b1\u03b9 \u03bd\u03b1 \u03bc\u03c0\u03bf\u03c1\u03ad\u03c3\u03bf\u03c5\u03bd \u03bd\u03b1 \u03b6\u03ae\u03c3\u03bf\u03c5\u03bd \u03bc\u03ad\u03c3\u03c9 \u03c4\u03b7\u03c2 \u03c7\u03ac\u03c1\u03b7\u03c2 \u03c4\u03bf\u03c5 \u0398\u03b5\u03bf\u03cd. \u0397 \u03b3\u03bd\u03c9\u03c3\u03c4\u03ae \u03b9\u03c3\u03c4\u03bf\u03c1\u03af\u03b1 \u03c4\u03b7\u03c2 \u03b3\u03c5\u03bd\u03b1\u03af\u03ba\u03b1\u03c2 \u03c0\u03bf\u03c5 \u03c0\u03b9\u03ac\u03c3\u03c4\u03b7\u03ba\u03b5 \u03bd\u03b1 \u03b4\u03b9\u03b1\u03c0\u03c1\u03ac\u03c4\u03c4\u03b5\u03b9 \u03bc\u03bf\u03b9\u03c7\u03b5\u03af\u03b1, \u03ae\u03b8\u03b5\u03bb\u03b5 \u03bd\u03b1 \u03c4\u03b7\u03bd \u03bb\u03b9\u03b8\u03bf\u03b2\u03bf\u03bb\u03ae\u03c3\u03b5\u03b9 \u03c3\u03cd\u03bc\u03c6\u03c9\u03bd\u03b1 \u03bc\u03b5 \u03c4\u03bf\u03bd \u03bd\u03cc\u03bc\u03bf \u03c4\u03bf\u03c5 \u0398\u03b5\u03bf\u03cd \u03ba\u03b1\u03b9 \u03c4\u03b7\u03bd \u03ad\u03c6\u03b5\u03c1\u03b5 \u03c3\u03c4\u03bf\u03bd \u0399\u03b7\u03c3\u03bf\u03cd. \u0395\u03af\u03c0\u03b5: \u00ab\u038c\u03c0\u03bf\u03b9\u03bf\u03c2 \u03b5\u03af\u03bd\u03b1\u03b9 \u03b1\u03bd\u03b1\u03bc\u03ac\u03c1\u03c4\u03b7\u03c4\u03bf\u03c2 \u03b1\u03c2 \u03c1\u03af\u03be\u03b5\u03b9 \u03c0\u03c1\u03ce\u03c4\u03bf\u03c2 \u03c0\u03ad\u03c4\u03c1\u03b1\u00bb. \u038c\u03c4\u03b1\u03bd \u03ad\u03bc\u03b5\u03b9\u03bd\u03b5 \u03bc\u03cc\u03bd\u03b7 \u03ba\u03b1\u03b9 \u03cc\u03bb\u03bf\u03b9 \u03ad\u03c6\u03c5\u03b3\u03b1\u03bd, \u03b5\u03af\u03c0\u03b5: \u00ab\u039a\u03b1\u03bd\u03b5\u03af\u03c2 \u03b4\u03b5\u03bd \u03c3\u03b5 \u03ba\u03b1\u03c4\u03b1\u03b4\u03af\u03ba\u03b1\u03c3\u03b5; \u039f\u03cd\u03c4\u03b5 \u03b5\u03b3\u03ce \u03c3\u03b5 \u03ba\u03b1\u03c4\u03b1\u03b4\u03b9\u03ba\u03ac\u03b6\u03c9, \u03c0\u03ae\u03b3\u03b1\u03b9\u03bd\u03b5 \u03ba\u03b1\u03b9 \u03bc\u03b7\u03bd \u03b1\u03bc\u03b1\u03c1\u03c4\u03ac\u03bd\u03b5\u03b9\u03c2 \u03c0\u03b9\u03b1\u00bb. \u039f \u0398\u03b5\u03cc\u03c2 \u03bc\u03b1\u03c2 \u03c0\u03b1\u03c1\u03bf\u03c5\u03c3\u03b9\u03ac\u03b6\u03b5\u03b9 \u03c4\u03bf\u03bd \u03b5\u03b1\u03c5\u03c4\u03cc \u03c4\u03bf\u03c5 \u03c9\u03c2 \u03b4\u03af\u03ba\u03b1\u03b9\u03bf, \u03c0\u03bf\u03c5 \u03b1\u03bd\u03c4\u03b1\u03bc\u03b5\u03af\u03b2\u03b5\u03b9 \u03c4\u03bf \u03ba\u03b1\u03bb\u03cc \u03ba\u03b1\u03b9 \u03c4\u03b9\u03bc\u03c9\u03c1\u03b5\u03af \u03c4\u03bf \u03ba\u03b1\u03ba\u03cc, \u03b1\u03bb\u03bb\u03ac \u03b5\u03af\u03bd\u03b1\u03b9 \u03b5\u03bb\u03b5\u03ae\u03bc\u03c9\u03bd \u03c3\u03c4\u03bf\u03c5\u03c2 \u03c3\u03c5\u03bd\u03c4\u03b5\u03c4\u03c1\u03b9\u03bc\u03bc\u03ad\u03bd\u03bf\u03c5\u03c2. \u039f \u0398\u03b5\u03cc\u03c2 \u03b1\u03bd\u03c4\u03b9\u03c4\u03af\u03b8\u03b5\u03c4\u03b1\u03b9 \u03c3\u03c4\u03bf\u03c5\u03c2 \u03c5\u03c0\u03b5\u03c1\u03ae\u03c6\u03b1\u03bd\u03bf\u03c5\u03c2 \u03b1\u03bb\u03bb\u03ac \u03b4\u03af\u03bd\u03b5\u03b9 \u03c7\u03ac\u03c1\u03b7 \u03c3\u03c4\u03bf\u03c5\u03c2 \u03c4\u03b1\u03c0\u03b5\u03b9\u03bd\u03bf\u03cd\u03c2. \u039f \u0398\u03b5\u03cc\u03c2 \u03b4\u03b5\u03bd \u03ba\u03b1\u03c4\u03ac\u03c1\u03b3\u03b7\u03c3\u03b5 \u03c4\u03bf\u03bd \u03bd\u03cc\u03bc\u03bf, \u03ae\u03c1\u03b8\u03b5 \u03b3\u03b9\u03b1 \u03bd\u03b1 \u03c4\u03bf\u03bd \u03b5\u03ba\u03c0\u03bb\u03b7\u03c1\u03ce\u03c3\u03b5\u03b9 \u03bc\u03ad\u03c3\u03c9 \u03c4\u03bf\u03c5 \u039a\u03c5\u03c1\u03af\u03bf\u03c5 \u0399\u03b7\u03c3\u03bf\u03cd.<\/p>\t\t\t\t\t\t\t\t<\/div>\n\t\t\t\t<\/div>\n\t\t\t\t<div class=\"elementor-element elementor-element-a8c7f8e elementor-widget elementor-widget-text-editor\" data-id=\"a8c7f8e\" data-element_type=\"widget\" data-widget_type=\"text-editor.default\">\n\t\t\t\t<div class=\"elementor-widget-container\">\n\t\t\t\t\t\t\t\t\t<p class=\"Standard\"><em><strong>&#8222;11<span style=\"color: #1e293b;\">\u00a0<\/span>\u03a0\u03b5\u03c2 \u03c4\u03bf\u03c5\u03c2: \u201c\u0396\u03c9 \u03b5\u03b3\u03ce\u201d, \u03bb\u03ad\u03b5\u03b9 \u03bf \u039a\u03cd\u03c1\u03b9\u03bf\u03c2 \u03bf \u0398\u03b5\u03cc\u03c2, \u201c\u03b4\u03b5\u03bd \u03b8\u03ad\u03bb\u03c9 \u03c4\u03bf\u03bd \u03b8\u03ac\u03bd\u03b1\u03c4\u03bf \u03c4\u03bf\u03c5 \u03b1\u03c3\u03b5\u03b2\u03bf\u03cd\u03c2, \u03b1\u03bb\u03bb\u03ac \u03bd\u03b1 \u03b5\u03c0\u03b9\u03c3\u03c4\u03c1\u03ad\u03c8\u03b5\u03b9 \u03bf \u03b1\u03c3\u03b5\u03b2\u03ae\u03c2 \u03b1\u03c0\u03cc \u03c4\u03bf\u03bd \u03b4\u03c1\u03cc\u03bc\u03bf \u03c4\u03bf\u03c5 \u03ba\u03b1\u03b9 \u03bd\u03b1 \u03b6\u03ae\u03c3\u03b5\u03b9. \u0395\u03c0\u03b9\u03c3\u03c4\u03c1\u03ad\u03c8\u03c4\u03b5, \u03b5\u03c0\u03b9\u03c3\u03c4\u03c1\u03ad\u03c8\u03c4\u03b5 \u03b1\u03c0\u03cc \u03c4\u03bf\u03c5\u03c2 \u03c0\u03bf\u03bd\u03b7\u03c1\u03bf\u03cd\u03c2 \u03c3\u03b1\u03c2 \u03b4\u03c1\u03cc\u03bc\u03bf\u03c5\u03c2\u201d.<\/strong><\/em><\/p><p class=\"Standard\"><em><strong>\u0399\u03b5\u03b6\u03b5\u03ba\u03b9\u03ae\u03bb 33<\/strong><\/em><\/p>\t\t\t\t\t\t\t\t<\/div>\n\t\t\t\t<\/div>\n\t\t\t\t<div class=\"elementor-element elementor-element-07f96af elementor-widget elementor-widget-text-editor\" data-id=\"07f96af\" data-element_type=\"widget\" data-widget_type=\"text-editor.default\">\n\t\t\t\t<div class=\"elementor-widget-container\">\n\t\t\t\t\t\t\t\t\t<p class=\"Standard\"><em><strong>&#8222;23<span style=\"color: #1e293b;\">\u00a0<\/span>\u0394\u03b9\u03cc\u03c4\u03b9 \u03bf \u03bc\u03b9\u03c3\u03b8\u03cc\u03c2 \u03c4\u03b7\u03c2 \u03b1\u03bc\u03b1\u03c1\u03c4\u03af\u03b1\u03c2 \u03b5\u03af\u03bd\u03b1\u03b9 \u03b8\u03ac\u03bd\u03b1\u03c4\u03bf\u03c2, \u03c4\u03bf \u03b4\u03b5 \u03c7\u03ac\u03c1\u03b9\u03c3\u03bc\u03b1 \u03c4\u03bf\u03c5 \u0398\u03b5\u03bf\u03cd \u03b1\u03b9\u03ce\u03bd\u03b9\u03b1 \u03b6\u03c9\u03ae \u03b5\u03bd \u03a7\u03c1\u03b9\u03c3\u03c4\u03ce \u0399\u03b7\u03c3\u03bf\u03cd, \u03c4\u03bf\u03c5 \u039a\u03c5\u03c1\u03af\u03bf\u03c5 \u03b7\u03bc\u03ce\u03bd!\u00bb<\/strong><\/em><\/p><p class=\"Standard\"><em><strong>\u03a1\u03c9\u03bc\u03b1\u03af\u03bf\u03c5\u03c2 6<\/strong><\/em><\/p><p class=\"Standard\">\u00a0<\/p>\t\t\t\t\t\t\t\t<\/div>\n\t\t\t\t<\/div>\n\t\t\t\t\t<\/div>\n\t\t\t\t<\/div>\n\t\t\t\t\t<\/div>\n\t\t\t\t<\/div>\n\t\t\t\t<\/div>","protected":false},"excerpt":{"rendered":"<p>neber meno boha nadarmo &#8222;Nevyslov\u00ed\u0161 meno Hospodina, svojho Boha, nadarmo, lebo Hospodin nenech\u00e1 bez trestu toho, kto nadarmo vyslov\u00ed jeho meno!&#8220; 5. Moj\u017ei\u0161ova 5,11 Toto pravidlo pozn\u00e1me pod slovom r\u00fahanie. Nesmieme bra\u0165 Meno Boha do \u00fast ako nad\u00e1vku, alebo ak\u00fdmko\u013evek sp\u00f4sobom okrem ctenia Boha. Do toho spad\u00e1 aj Meno Je\u017ei\u0161, ktor\u00e9 je Meno Bo\u017eieho Syna [&hellip;]<\/p>","protected":false},"author":1,"featured_media":0,"parent":0,"menu_order":0,"comment_status":"closed","ping_status":"closed","template":"","meta":{"site-sidebar-layout":"no-sidebar","site-content-layout":"page-builder","ast-site-content-layout":"full-width-container","site-content-style":"unboxed","site-sidebar-style":"unboxed","ast-global-header-display":"","ast-banner-title-visibility":"disabled","ast-main-header-display":"","ast-hfb-above-header-display":"","ast-hfb-below-header-display":"","ast-hfb-mobile-header-display":"","site-post-title":"disabled","ast-breadcrumbs-content":"disabled","ast-featured-img":"disabled","footer-sml-layout":"disabled","theme-transparent-header-meta":"enabled","adv-header-id-meta":"","stick-header-meta":"","header-above-stick-meta":"","header-main-stick-meta":"","header-below-stick-meta":"","astra-migrate-meta-layouts":"set","ast-page-background-enabled":"default","ast-page-background-meta":{"desktop":{"background-color":"var(--ast-global-color-4)","background-image":"","background-repeat":"repeat","background-position":"center center","background-size":"auto","background-attachment":"scroll","background-type":"","background-media":"","overlay-type":"","overlay-color":"","overlay-opacity":"","overlay-gradient":""},"tablet":{"background-color":"","background-image":"","background-repeat":"repeat","background-position":"center center","background-size":"auto","background-attachment":"scroll","background-type":"","background-media":"","overlay-type":"","overlay-color":"","overlay-opacity":"","overlay-gradient":""},"mobile":{"background-color":"","background-image":"","background-repeat":"repeat","background-position":"center center","background-size":"auto","background-attachment":"scroll","background-type":"","background-media":"","overlay-type":"","overlay-color":"","overlay-opacity":"","overlay-gradient":""}},"ast-content-background-meta":{"desktop":{"background-color":"var(--ast-global-color-5)","background-image":"","background-repeat":"repeat","background-position":"center center","background-size":"auto","background-attachment":"scroll","background-type":"","background-media":"","overlay-type":"","overlay-color":"","overlay-opacity":"","overlay-gradient":""},"tablet":{"background-color":"var(--ast-global-color-5)","background-image":"","background-repeat":"repeat","background-position":"center center","background-size":"auto","background-attachment":"scroll","background-type":"","background-media":"","overlay-type":"","overlay-color":"","overlay-opacity":"","overlay-gradient":""},"mobile":{"background-color":"var(--ast-global-color-5)","background-image":"","background-repeat":"repeat","background-position":"center center","background-size":"auto","background-attachment":"scroll","background-type":"","background-media":"","overlay-type":"","overlay-color":"","overlay-opacity":"","overlay-gradient":""}},"footnotes":""},"class_list":["post-2144","page","type-page","status-publish","hentry"],"_links":{"self":[{"href":"http:\/\/acodalej.sk\/el\/wp-json\/wp\/v2\/pages\/2144","targetHints":{"allow":["GET"]}}],"collection":[{"href":"http:\/\/acodalej.sk\/el\/wp-json\/wp\/v2\/pages"}],"about":[{"href":"http:\/\/acodalej.sk\/el\/wp-json\/wp\/v2\/types\/page"}],"author":[{"embeddable":true,"href":"http:\/\/acodalej.sk\/el\/wp-json\/wp\/v2\/users\/1"}],"replies":[{"embeddable":true,"href":"http:\/\/acodalej.sk\/el\/wp-json\/wp\/v2\/comments?post=2144"}],"version-history":[{"count":0,"href":"http:\/\/acodalej.sk\/el\/wp-json\/wp\/v2\/pages\/2144\/revisions"}],"wp:attachment":[{"href":"http:\/\/acodalej.sk\/el\/wp-json\/wp\/v2\/media?parent=2144"}],"curies":[{"name":"\u03b5\u03c1\u03b3\u03b1\u03c3\u03af\u03b1","href":"https:\/\/api.w.org\/{rel}","templated":true}]}}