{"id":1616,"date":"2023-11-26T21:25:28","date_gmt":"2023-11-26T21:25:28","guid":{"rendered":"http:\/\/acodalej.sk\/?page_id=1616"},"modified":"2024-02-18T12:22:29","modified_gmt":"2024-02-18T12:22:29","slug":"kam-ideme","status":"publish","type":"page","link":"http:\/\/acodalej.sk\/en\/kam-ideme\/","title":{"rendered":"kam ideme"},"content":{"rendered":"<div data-elementor-type=\"wp-page\" data-elementor-id=\"1616\" class=\"elementor elementor-1616\">\n\t\t\t\t<div class=\"has_eae_slider elementor-element elementor-element-2bc174e e-flex e-con-boxed e-con e-parent\" data-eae-slider=\"25595\" data-id=\"2bc174e\" data-element_type=\"container\" data-settings=\"{&quot;background_background&quot;:&quot;classic&quot;}\">\n\t\t\t\t\t<div class=\"e-con-inner\">\n\t\t\t\t<div class=\"elementor-element elementor-element-6494bb0 elementor-widget elementor-widget-heading\" data-id=\"6494bb0\" data-element_type=\"widget\" data-widget_type=\"heading.default\">\n\t\t\t\t<div class=\"elementor-widget-container\">\n\t\t\t\t\t<h1 class=\"elementor-heading-title elementor-size-default\">Where are we going?<\/h1>\t\t\t\t<\/div>\n\t\t\t\t<\/div>\n\t\t\t\t\t<\/div>\n\t\t\t\t<\/div>\n\t\t<div class=\"has_eae_slider elementor-element elementor-element-f405cac e-flex e-con-boxed e-con e-parent\" data-eae-slider=\"81902\" data-id=\"f405cac\" data-element_type=\"container\" data-settings=\"{&quot;background_background&quot;:&quot;classic&quot;}\">\n\t\t\t\t\t<div class=\"e-con-inner\">\n\t\t<div class=\"has_eae_slider elementor-element elementor-element-f95fb46 e-con-full e-flex e-con e-child\" data-eae-slider=\"28085\" data-id=\"f95fb46\" data-element_type=\"container\">\n\t\t\t\t<div class=\"elementor-element elementor-element-6a2127e elementor-widget elementor-widget-image\" data-id=\"6a2127e\" data-element_type=\"widget\" data-widget_type=\"image.default\">\n\t\t\t\t<div class=\"elementor-widget-container\">\n\t\t\t\t\t\t\t\t\t\t\t\t\t\t\t<img fetchpriority=\"high\" decoding=\"async\" width=\"572\" height=\"360\" src=\"http:\/\/acodalej.sk\/wp-content\/uploads\/2023\/11\/overcome-obstacles.jpg\" class=\"attachment-full size-full wp-image-1621\" alt=\"\" srcset=\"http:\/\/acodalej.sk\/wp-content\/uploads\/2023\/11\/overcome-obstacles.jpg 572w, http:\/\/acodalej.sk\/wp-content\/uploads\/2023\/11\/overcome-obstacles-300x189.jpg 300w\" sizes=\"(max-width: 572px) 100vw, 572px\" \/>\t\t\t\t\t\t\t\t\t\t\t\t\t\t\t<\/div>\n\t\t\t\t<\/div>\n\t\t\t\t<\/div>\n\t\t<div class=\"has_eae_slider elementor-element elementor-element-a70d827 e-con-full e-flex e-con e-child\" data-eae-slider=\"69576\" data-id=\"a70d827\" data-element_type=\"container\">\n\t\t\t\t<div class=\"elementor-element elementor-element-bb36b83 elementor-widget elementor-widget-text-editor\" data-id=\"bb36b83\" data-element_type=\"widget\" data-widget_type=\"text-editor.default\">\n\t\t\t\t<div class=\"elementor-widget-container\">\n\t\t\t\t\t\t\t\t\t<p>A person only lives once on earth and then there will be judgment. We can do whatever we want on earth, but let us remember that we will answer for everything before the Creator in judgment according to His rules, not human inventions.\u00a0 <\/p>\t\t\t\t\t\t\t\t<\/div>\n\t\t\t\t<\/div>\n\t\t\t\t<div class=\"elementor-element elementor-element-22bffc8 elementor-widget elementor-widget-text-editor\" data-id=\"22bffc8\" data-element_type=\"widget\" data-widget_type=\"text-editor.default\">\n\t\t\t\t<div class=\"elementor-widget-container\">\n\t\t\t\t\t\t\t\t\t<p>Already here on earth we can experience the wisdom, power and love of our Creator and taste the fruits of a life submitted to His word in the Bible. We can experience peace, joy, love, happy families, communities, healings, help in school, at work and in everyday life.<\/p>\t\t\t\t\t\t\t\t<\/div>\n\t\t\t\t<\/div>\n\t\t\t\t<div class=\"elementor-element elementor-element-61b62fd elementor-widget elementor-widget-text-editor\" data-id=\"61b62fd\" data-element_type=\"widget\" data-widget_type=\"text-editor.default\">\n\t\t\t\t<div class=\"elementor-widget-container\">\n\t\t\t\t\t\t\t\t\t<p>This is His help in difficult times of life \u2013 in trials. We go through trials on earth, under the influence of evil beings, both human and invisible beings, who delight in pain and suffering.<\/p>\t\t\t\t\t\t\t\t<\/div>\n\t\t\t\t<\/div>\n\t\t\t\t<\/div>\n\t\t\t\t\t<\/div>\n\t\t\t\t<\/div>\n\t\t<div class=\"has_eae_slider elementor-element elementor-element-41ad2b7 e-flex e-con-boxed e-con e-parent\" data-eae-slider=\"62559\" data-id=\"41ad2b7\" data-element_type=\"container\" data-settings=\"{&quot;background_background&quot;:&quot;classic&quot;}\">\n\t\t\t\t\t<div class=\"e-con-inner\">\n\t\t<div class=\"has_eae_slider elementor-element elementor-element-3bb6104 e-con-full e-flex e-con e-child\" data-eae-slider=\"64971\" data-id=\"3bb6104\" data-element_type=\"container\">\n\t\t\t\t<div class=\"elementor-element elementor-element-b2360d1 elementor-widget elementor-widget-text-editor\" data-id=\"b2360d1\" data-element_type=\"widget\" data-widget_type=\"text-editor.default\">\n\t\t\t\t<div class=\"elementor-widget-container\">\n\t\t\t\t\t\t\t\t\t<p>The Bible says that we are so corrupt that none of us seeks God. But He in His love cares for us and gives each of us bright moments in life when we wonder what will happen to us next.<\/p>\t\t\t\t\t\t\t\t<\/div>\n\t\t\t\t<\/div>\n\t\t\t\t<div class=\"elementor-element elementor-element-1eeb736 elementor-widget elementor-widget-text-editor\" data-id=\"1eeb736\" data-element_type=\"widget\" data-widget_type=\"text-editor.default\">\n\t\t\t\t<div class=\"elementor-widget-container\">\n\t\t\t\t\t\t\t\t\t<p>\u00a0Many people have experienced the threshold of death, and even more have crossed it and returned to tell about it. What is certain is that every person must one day leave this earth for eternity, and we have evidence of this in cemeteries.\u00a0<\/p>\t\t\t\t\t\t\t\t<\/div>\n\t\t\t\t<\/div>\n\t\t\t\t<div class=\"elementor-element elementor-element-83b32d9 elementor-widget elementor-widget-text-editor\" data-id=\"83b32d9\" data-element_type=\"widget\" data-widget_type=\"text-editor.default\">\n\t\t\t\t<div class=\"elementor-widget-container\">\n\t\t\t\t\t\t\t\t\t<p>It&#039;s been in the Bible for 3000 years\u00a0<span style=\"text-align: var(--text-align); background-color: var( --e-global-color-astglobalcolor5 ); font-size: 1rem;\">written<\/span><span style=\"text-align: var(--text-align); background-color: var( --e-global-color-astglobalcolor5 ); font-size: 1rem;\">,<\/span><span style=\"font-style: inherit; font-weight: inherit; text-align: var(--text-align); background-color: var( --e-global-color-astglobalcolor5 );\">\u00a0that God has shortened the length of human life to 70-80 years. People are preparing for exams at school, for a job, job interviews, performances, planning careers, vacations, but we don&#039;t know if we will wake up in the morning. In Slovakia, many people had plans for life on earth, but due to the impact of corona, thousands had to leave unplanned.<\/span><\/p>\t\t\t\t\t\t\t\t<\/div>\n\t\t\t\t<\/div>\n\t\t\t\t<\/div>\n\t\t<div class=\"has_eae_slider elementor-element elementor-element-1fed43b e-con-full e-flex e-con e-child\" data-eae-slider=\"45122\" data-id=\"1fed43b\" data-element_type=\"container\">\n\t\t\t\t<div class=\"elementor-element elementor-element-4bab425 elementor-widget elementor-widget-image\" data-id=\"4bab425\" data-element_type=\"widget\" data-widget_type=\"image.default\">\n\t\t\t\t<div class=\"elementor-widget-container\">\n\t\t\t\t\t\t\t\t\t\t\t\t\t\t\t<img decoding=\"async\" width=\"320\" height=\"360\" src=\"http:\/\/acodalej.sk\/wp-content\/uploads\/2023\/11\/godknowyourdays.jpg\" class=\"attachment-full size-full wp-image-1622\" alt=\"\" srcset=\"http:\/\/acodalej.sk\/wp-content\/uploads\/2023\/11\/godknowyourdays.jpg 320w, http:\/\/acodalej.sk\/wp-content\/uploads\/2023\/11\/godknowyourdays-267x300.jpg 267w\" sizes=\"(max-width: 320px) 100vw, 320px\" \/>\t\t\t\t\t\t\t\t\t\t\t\t\t\t\t<\/div>\n\t\t\t\t<\/div>\n\t\t\t\t<\/div>\n\t\t\t\t\t<\/div>\n\t\t\t\t<\/div>\n\t\t<div class=\"has_eae_slider elementor-element elementor-element-666bf6e e-flex e-con-boxed e-con e-parent\" data-eae-slider=\"4795\" data-id=\"666bf6e\" data-element_type=\"container\" data-settings=\"{&quot;background_background&quot;:&quot;classic&quot;}\">\n\t\t\t\t\t<div class=\"e-con-inner\">\n\t\t<div class=\"has_eae_slider elementor-element elementor-element-d55a688 e-con-full e-flex e-con e-child\" data-eae-slider=\"34913\" data-id=\"d55a688\" data-element_type=\"container\">\n\t\t\t\t<div class=\"elementor-element elementor-element-dbb6126 elementor-widget elementor-widget-image\" data-id=\"dbb6126\" data-element_type=\"widget\" data-widget_type=\"image.default\">\n\t\t\t\t<div class=\"elementor-widget-container\">\n\t\t\t\t\t\t\t\t\t\t\t\t\t\t\t<img decoding=\"async\" width=\"310\" height=\"163\" src=\"http:\/\/acodalej.sk\/wp-content\/uploads\/2023\/11\/fromdeathtolife.jpg\" class=\"attachment-full size-full wp-image-1623\" alt=\"\" srcset=\"http:\/\/acodalej.sk\/wp-content\/uploads\/2023\/11\/fromdeathtolife.jpg 310w, http:\/\/acodalej.sk\/wp-content\/uploads\/2023\/11\/fromdeathtolife-300x158.jpg 300w\" sizes=\"(max-width: 310px) 100vw, 310px\" \/>\t\t\t\t\t\t\t\t\t\t\t\t\t\t\t<\/div>\n\t\t\t\t<\/div>\n\t\t\t\t<\/div>\n\t\t<div class=\"has_eae_slider elementor-element elementor-element-7be8045 e-con-full e-flex e-con e-child\" data-eae-slider=\"10323\" data-id=\"7be8045\" data-element_type=\"container\">\n\t\t\t\t<div class=\"elementor-element elementor-element-6fa152b elementor-widget elementor-widget-text-editor\" data-id=\"6fa152b\" data-element_type=\"widget\" data-widget_type=\"text-editor.default\">\n\t\t\t\t<div class=\"elementor-widget-container\">\n\t\t\t\t\t\t\t\t\t<p>None of us have the day of our death in our diary, and most of us avoid thinking about it. But it is a reality that we all have to face, without exception. There are different theories, but God in His word prepares us for this reality.<\/p>\t\t\t\t\t\t\t\t<\/div>\n\t\t\t\t<\/div>\n\t\t\t\t<div class=\"elementor-element elementor-element-a4660fa elementor-widget elementor-widget-text-editor\" data-id=\"a4660fa\" data-element_type=\"widget\" data-widget_type=\"text-editor.default\">\n\t\t\t\t<div class=\"elementor-widget-container\">\n\t\t\t\t\t\t\t\t\t<p>The separation of the human spirit from the body is a consequence of mortality. Mortality is a consequence of crime = violation of God&#039;s law. Our spirit, soul and body have come under the influence of death.<\/p>\t\t\t\t\t\t\t\t<\/div>\n\t\t\t\t<\/div>\n\t\t\t\t<div class=\"elementor-element elementor-element-90e5155 elementor-widget elementor-widget-text-editor\" data-id=\"90e5155\" data-element_type=\"widget\" data-widget_type=\"text-editor.default\">\n\t\t\t\t<div class=\"elementor-widget-container\">\n\t\t\t\t\t\t\t\t\t<p>By hearing God&#039;s message about the Lord Jesus, accepting Him and the subsequent act of immersion in water, God resurrects the human spirit to new life and the person begins to see life differently than before this experience. The very impulse to seek God is given by God Himself.<\/p>\t\t\t\t\t\t\t\t<\/div>\n\t\t\t\t<\/div>\n\t\t\t\t<\/div>\n\t\t\t\t\t<\/div>\n\t\t\t\t<\/div>\n\t\t<div class=\"has_eae_slider elementor-element elementor-element-ddfa39b e-flex e-con-boxed e-con e-parent\" data-eae-slider=\"85196\" data-id=\"ddfa39b\" data-element_type=\"container\" data-settings=\"{&quot;background_background&quot;:&quot;classic&quot;}\">\n\t\t\t\t\t<div class=\"e-con-inner\">\n\t\t<div class=\"has_eae_slider elementor-element elementor-element-5cd5bf7 e-con-full e-flex e-con e-child\" data-eae-slider=\"74796\" data-id=\"5cd5bf7\" data-element_type=\"container\">\n\t\t\t\t<div class=\"elementor-element elementor-element-5c7365d elementor-widget elementor-widget-text-editor\" data-id=\"5c7365d\" data-element_type=\"widget\" data-widget_type=\"text-editor.default\">\n\t\t\t\t<div class=\"elementor-widget-container\">\n\t\t\t\t\t\t\t\t\t<p>As you read these lines and your attention is directed to God, it is up to you to freely decide what you will do next. There are two options: one is to reject, the other is to open your heart and accept God&#039;s offer of a new life with the decision to leave the old life behind. By accepting the new life from God, the spirit of man is resurrected and values, lifestyle and behavior change.<\/p>\t\t\t\t\t\t\t\t<\/div>\n\t\t\t\t<\/div>\n\t\t\t\t<div class=\"elementor-element elementor-element-1c38901 elementor-widget elementor-widget-text-editor\" data-id=\"1c38901\" data-element_type=\"widget\" data-widget_type=\"text-editor.default\">\n\t\t\t\t<div class=\"elementor-widget-container\">\n\t\t\t\t\t\t\t\t\t<p>When we respond with an open heart to God&#039;s call, He confirms in our hearts that He is the Only God, Jesus is the Only Savior of mankind, the Bible is His word, God&#039;s plan for the life of each of us, God&#039;s people on earth, heaven and hell. Man is no longer bound by the fear of death, because he receives life from God and the promises from His word, the Bible.<\/p>\t\t\t\t\t\t\t\t<\/div>\n\t\t\t\t<\/div>\n\t\t\t\t<div class=\"elementor-element elementor-element-c1cfd31 elementor-widget elementor-widget-text-editor\" data-id=\"c1cfd31\" data-element_type=\"widget\" data-widget_type=\"text-editor.default\">\n\t\t\t\t<div class=\"elementor-widget-container\">\n\t\t\t\t\t\t\t\t\t<p>It cannot be proven scientifically or physically, it is an inner conviction that God Himself puts into the heart-spirit of man, which will manifest itself in an inner change of life subsequently manifested outwardly. It is not a matter of learned religious behavior, but of the unity of the spirit of man with God the Creator.<\/p>\t\t\t\t\t\t\t\t<\/div>\n\t\t\t\t<\/div>\n\t\t\t\t<\/div>\n\t\t<div class=\"has_eae_slider elementor-element elementor-element-42b6f65 e-con-full e-flex e-con e-child\" data-eae-slider=\"45730\" data-id=\"42b6f65\" data-element_type=\"container\">\n\t\t\t\t<div class=\"elementor-element elementor-element-f0501b2 elementor-widget elementor-widget-image\" data-id=\"f0501b2\" data-element_type=\"widget\" data-widget_type=\"image.default\">\n\t\t\t\t<div class=\"elementor-widget-container\">\n\t\t\t\t\t\t\t\t\t\t\t\t\t\t\t<img loading=\"lazy\" decoding=\"async\" width=\"1376\" height=\"774\" src=\"http:\/\/acodalej.sk\/wp-content\/uploads\/2023\/11\/calltogod.jpeg\" class=\"attachment-full size-full wp-image-1598\" alt=\"\" srcset=\"http:\/\/acodalej.sk\/wp-content\/uploads\/2023\/11\/calltogod.jpeg 1376w, http:\/\/acodalej.sk\/wp-content\/uploads\/2023\/11\/calltogod-300x169.jpeg 300w, http:\/\/acodalej.sk\/wp-content\/uploads\/2023\/11\/calltogod-1024x576.jpeg 1024w, http:\/\/acodalej.sk\/wp-content\/uploads\/2023\/11\/calltogod-768x432.jpeg 768w\" sizes=\"(max-width: 1376px) 100vw, 1376px\" \/>\t\t\t\t\t\t\t\t\t\t\t\t\t\t\t<\/div>\n\t\t\t\t<\/div>\n\t\t\t\t<\/div>\n\t\t\t\t\t<\/div>\n\t\t\t\t<\/div>\n\t\t<div class=\"has_eae_slider elementor-element elementor-element-f8656d6 e-flex e-con-boxed e-con e-parent\" data-eae-slider=\"90129\" data-id=\"f8656d6\" data-element_type=\"container\" data-settings=\"{&quot;background_background&quot;:&quot;classic&quot;}\">\n\t\t\t\t\t<div class=\"e-con-inner\">\n\t\t<div class=\"has_eae_slider elementor-element elementor-element-7576bae e-con-full e-flex e-con e-child\" data-eae-slider=\"52712\" data-id=\"7576bae\" data-element_type=\"container\">\n\t\t\t\t<div class=\"elementor-element elementor-element-d1b5bda elementor-widget elementor-widget-image\" data-id=\"d1b5bda\" data-element_type=\"widget\" data-widget_type=\"image.default\">\n\t\t\t\t<div class=\"elementor-widget-container\">\n\t\t\t\t\t\t\t\t\t\t\t\t\t\t\t<img loading=\"lazy\" decoding=\"async\" width=\"540\" height=\"360\" src=\"http:\/\/acodalej.sk\/wp-content\/uploads\/2023\/11\/newjerusalem.jpg\" class=\"attachment-full size-full wp-image-1624\" alt=\"\" srcset=\"http:\/\/acodalej.sk\/wp-content\/uploads\/2023\/11\/newjerusalem.jpg 540w, http:\/\/acodalej.sk\/wp-content\/uploads\/2023\/11\/newjerusalem-300x200.jpg 300w\" sizes=\"(max-width: 540px) 100vw, 540px\" \/>\t\t\t\t\t\t\t\t\t\t\t\t\t\t\t<\/div>\n\t\t\t\t<\/div>\n\t\t\t\t<\/div>\n\t\t<div class=\"has_eae_slider elementor-element elementor-element-c77690c e-con-full e-flex e-con e-child\" data-eae-slider=\"51667\" data-id=\"c77690c\" data-element_type=\"container\">\n\t\t\t\t<div class=\"elementor-element elementor-element-9f5eb88 elementor-widget elementor-widget-text-editor\" data-id=\"9f5eb88\" data-element_type=\"widget\" data-widget_type=\"text-editor.default\">\n\t\t\t\t<div class=\"elementor-widget-container\">\n\t\t\t\t\t\t\t\t\t<p>On earth there will always be a confrontation with the flesh-laziness, evil desires and the soul-pride, in which God helps man to overcome. In the heart there is certainty that after leaving the body, man goes to God his Father and to a place called heaven. Heaven is described in the Bible as a place where there is no death, no crying, no pain but there is life in His happiness and in His love forever.<\/p>\t\t\t\t\t\t\t\t<\/div>\n\t\t\t\t<\/div>\n\t\t\t\t<div class=\"elementor-element elementor-element-c206b5c elementor-widget elementor-widget-text-editor\" data-id=\"c206b5c\" data-element_type=\"widget\" data-widget_type=\"text-editor.default\">\n\t\t\t\t<div class=\"elementor-widget-container\">\n\t\t\t\t\t\t\t\t\t<p>The Bible describes a new heaven and earth, because the current universe will be destroyed because of the damage caused by the rebellion of angels and humans. The Bible describes a beautiful city measuring 2200 x 2200 km on a new earth, where we will live forever. Those who are written in the book of life will enter that beautiful place.<\/p>\t\t\t\t\t\t\t\t<\/div>\n\t\t\t\t<\/div>\n\t\t\t\t<div class=\"elementor-element elementor-element-c6e3ecb elementor-widget elementor-widget-text-editor\" data-id=\"c6e3ecb\" data-element_type=\"widget\" data-widget_type=\"text-editor.default\">\n\t\t\t\t<div class=\"elementor-widget-container\">\n\t\t\t\t\t\t\t\t\t<p>Categories of people are listed as murderers, idolaters, liars, cowards, fornicators, thieves, sorcerers-magicians who will not enter there. Their place is in the lake of fire in eternal torment in flames, hunger, thirst, eaten by worms in eternal solitude.<\/p>\t\t\t\t\t\t\t\t<\/div>\n\t\t\t\t<\/div>\n\t\t\t\t<\/div>\n\t\t\t\t\t<\/div>\n\t\t\t\t<\/div>\n\t\t<div class=\"has_eae_slider elementor-element elementor-element-b9c98a4 e-flex e-con-boxed e-con e-parent\" data-eae-slider=\"5825\" data-id=\"b9c98a4\" data-element_type=\"container\" data-settings=\"{&quot;background_background&quot;:&quot;classic&quot;}\">\n\t\t\t\t\t<div class=\"e-con-inner\">\n\t\t<div class=\"has_eae_slider elementor-element elementor-element-7bd3a48 e-con-full e-flex e-con e-child\" data-eae-slider=\"75294\" data-id=\"7bd3a48\" data-element_type=\"container\">\n\t\t\t\t<div class=\"elementor-element elementor-element-e6eb706 elementor-widget elementor-widget-text-editor\" data-id=\"e6eb706\" data-element_type=\"widget\" data-widget_type=\"text-editor.default\">\n\t\t\t\t<div class=\"elementor-widget-container\">\n\t\t\t\t\t\t\t\t\t<p>It is a call from God to reflect and acknowledge that He is the Creator of heaven, earth, and all living things. He is the Almighty God. He is represented as the Rock of Ages. No matter how hard anyone tries to move Him to change His rules and laws, no one has ever succeeded and never will.<\/p>\t\t\t\t\t\t\t\t<\/div>\n\t\t\t\t<\/div>\n\t\t\t\t<div class=\"elementor-element elementor-element-a54379a elementor-widget elementor-widget-text-editor\" data-id=\"a54379a\" data-element_type=\"widget\" data-widget_type=\"text-editor.default\">\n\t\t\t\t<div class=\"elementor-widget-container\">\n\t\t\t\t\t\t\t\t\t<p>On the contrary, the more someone tries to break God as an individual or entire groups, the more broken they are and God does not budge even a millimeter. God puts before us a choice \u2013 life or death. He advises us with love, choose life.<\/p>\t\t\t\t\t\t\t\t<\/div>\n\t\t\t\t<\/div>\n\t\t\t\t<div class=\"elementor-element elementor-element-f2844e7 elementor-widget elementor-widget-text-editor\" data-id=\"f2844e7\" data-element_type=\"widget\" data-widget_type=\"text-editor.default\">\n\t\t\t\t<div class=\"elementor-widget-container\">\n\t\t\t\t\t\t\t\t\t<p><b>Father, I thank you for Your Son Jesus, for life and the hope of resurrection to eternal life with You.<\/b><\/p>\t\t\t\t\t\t\t\t<\/div>\n\t\t\t\t<\/div>\n\t\t\t\t<\/div>\n\t\t<div class=\"has_eae_slider elementor-element elementor-element-b6caf44 e-con-full e-flex e-con e-child\" data-eae-slider=\"3517\" data-id=\"b6caf44\" data-element_type=\"container\">\n\t\t\t\t<div class=\"elementor-element elementor-element-4758ea0 elementor-widget elementor-widget-image\" data-id=\"4758ea0\" data-element_type=\"widget\" data-widget_type=\"image.default\">\n\t\t\t\t<div class=\"elementor-widget-container\">\n\t\t\t\t\t\t\t\t\t\t\t\t\t\t\t<img loading=\"lazy\" decoding=\"async\" width=\"1024\" height=\"768\" src=\"http:\/\/acodalej.sk\/wp-content\/uploads\/2023\/11\/sky.jpg\" class=\"attachment-full size-full wp-image-1625\" alt=\"\" srcset=\"http:\/\/acodalej.sk\/wp-content\/uploads\/2023\/11\/sky.jpg 1024w, http:\/\/acodalej.sk\/wp-content\/uploads\/2023\/11\/sky-300x225.jpg 300w, http:\/\/acodalej.sk\/wp-content\/uploads\/2023\/11\/sky-768x576.jpg 768w\" sizes=\"(max-width: 1024px) 100vw, 1024px\" \/>\t\t\t\t\t\t\t\t\t\t\t\t\t\t\t<\/div>\n\t\t\t\t<\/div>\n\t\t\t\t<\/div>\n\t\t\t\t\t<\/div>\n\t\t\t\t<\/div>\n\t\t<div class=\"has_eae_slider elementor-element elementor-element-1d8f199 e-con-full e-flex e-con e-parent\" data-eae-slider=\"96737\" data-id=\"1d8f199\" data-element_type=\"container\" data-settings=\"{&quot;background_background&quot;:&quot;classic&quot;,&quot;animation&quot;:&quot;none&quot;}\">\n\t\t<div class=\"has_eae_slider elementor-element elementor-element-ba82601 e-con-full e-flex e-con e-child\" data-eae-slider=\"9531\" data-id=\"ba82601\" data-element_type=\"container\">\n\t\t\t\t<div class=\"elementor-element elementor-element-5c63094 elementor-widget elementor-widget-video\" data-id=\"5c63094\" data-element_type=\"widget\" data-settings=\"{&quot;youtube_url&quot;:&quot;https:\\\/\\\/youtu.be\\\/Kuwd-lv2HZI?feature=shared&quot;,&quot;video_type&quot;:&quot;youtube&quot;,&quot;controls&quot;:&quot;yes&quot;}\" data-widget_type=\"video.default\">\n\t\t\t\t<div class=\"elementor-widget-container\">\n\t\t\t\t\t\t\t<div class=\"elementor-wrapper elementor-open-inline\">\n\t\t\t<div class=\"elementor-video\"><\/div>\t\t<\/div>\n\t\t\t\t\t\t<\/div>\n\t\t\t\t<\/div>\n\t\t\t\t<\/div>\n\t\t\t\t<\/div>\n\t\t\t\t<\/div>","protected":false},"excerpt":{"rendered":"<p>Kam ideme? \u010clovek len raz \u017eije na zemi a potom bude s\u00fad. M\u00f4\u017eme robi\u0165 na zemi \u010do chceme, ale pam\u00e4tajme, \u017ee zo v\u0161etk\u00e9ho sa budeme zodpoveda\u0165 pred Stvorite\u013eom na s\u00fade pod\u013ea Jeho pravidiel, nie \u013eudsk\u00fdch v\u00fdmyslov.\u00a0 U\u017e tu na zemi m\u00f4\u017eeme ma\u0165 sk\u00fasenos\u0165 o m\u00fadrosti, moci a l\u00e1ske n\u00e1\u0161ho Stvorite\u013ea a zak\u00fa\u0161a\u0165 ovocie \u017eivota podriaden\u00e9ho [&hellip;]<\/p>","protected":false},"author":1,"featured_media":0,"parent":0,"menu_order":0,"comment_status":"closed","ping_status":"closed","template":"","meta":{"site-sidebar-layout":"no-sidebar","site-content-layout":"page-builder","ast-site-content-layout":"full-width-container","site-content-style":"unboxed","site-sidebar-style":"unboxed","ast-global-header-display":"","ast-banner-title-visibility":"","ast-main-header-display":"","ast-hfb-above-header-display":"","ast-hfb-below-header-display":"","ast-hfb-mobile-header-display":"","site-post-title":"disabled","ast-breadcrumbs-content":"disabled","ast-featured-img":"disabled","footer-sml-layout":"","theme-transparent-header-meta":"enabled","adv-header-id-meta":"","stick-header-meta":"","header-above-stick-meta":"","header-main-stick-meta":"","header-below-stick-meta":"","astra-migrate-meta-layouts":"set","ast-page-background-enabled":"default","ast-page-background-meta":{"desktop":{"background-color":"var(--ast-global-color-4)","background-image":"","background-repeat":"repeat","background-position":"center center","background-size":"auto","background-attachment":"scroll","background-type":"","background-media":"","overlay-type":"","overlay-color":"","overlay-opacity":"","overlay-gradient":""},"tablet":{"background-color":"","background-image":"","background-repeat":"repeat","background-position":"center center","background-size":"auto","background-attachment":"scroll","background-type":"","background-media":"","overlay-type":"","overlay-color":"","overlay-opacity":"","overlay-gradient":""},"mobile":{"background-color":"","background-image":"","background-repeat":"repeat","background-position":"center center","background-size":"auto","background-attachment":"scroll","background-type":"","background-media":"","overlay-type":"","overlay-color":"","overlay-opacity":"","overlay-gradient":""}},"ast-content-background-meta":{"desktop":{"background-color":"var(--ast-global-color-5)","background-image":"","background-repeat":"repeat","background-position":"center center","background-size":"auto","background-attachment":"scroll","background-type":"","background-media":"","overlay-type":"","overlay-color":"","overlay-opacity":"","overlay-gradient":""},"tablet":{"background-color":"var(--ast-global-color-5)","background-image":"","background-repeat":"repeat","background-position":"center center","background-size":"auto","background-attachment":"scroll","background-type":"","background-media":"","overlay-type":"","overlay-color":"","overlay-opacity":"","overlay-gradient":""},"mobile":{"background-color":"var(--ast-global-color-5)","background-image":"","background-repeat":"repeat","background-position":"center center","background-size":"auto","background-attachment":"scroll","background-type":"","background-media":"","overlay-type":"","overlay-color":"","overlay-opacity":"","overlay-gradient":""}},"footnotes":""},"class_list":["post-1616","page","type-page","status-publish","hentry"],"_links":{"self":[{"href":"http:\/\/acodalej.sk\/en\/wp-json\/wp\/v2\/pages\/1616","targetHints":{"allow":["GET"]}}],"collection":[{"href":"http:\/\/acodalej.sk\/en\/wp-json\/wp\/v2\/pages"}],"about":[{"href":"http:\/\/acodalej.sk\/en\/wp-json\/wp\/v2\/types\/page"}],"author":[{"embeddable":true,"href":"http:\/\/acodalej.sk\/en\/wp-json\/wp\/v2\/users\/1"}],"replies":[{"embeddable":true,"href":"http:\/\/acodalej.sk\/en\/wp-json\/wp\/v2\/comments?post=1616"}],"version-history":[{"count":0,"href":"http:\/\/acodalej.sk\/en\/wp-json\/wp\/v2\/pages\/1616\/revisions"}],"wp:attachment":[{"href":"http:\/\/acodalej.sk\/en\/wp-json\/wp\/v2\/media?parent=1616"}],"curies":[{"name":"wp","href":"https:\/\/api.w.org\/{rel}","templated":true}]}}