{"id":1725,"date":"2023-11-27T04:51:16","date_gmt":"2023-11-27T04:51:16","guid":{"rendered":"http:\/\/acodalej.sk\/?page_id=1725"},"modified":"2024-01-01T23:06:10","modified_gmt":"2024-01-01T23:06:10","slug":"zrod-narodov","status":"publish","type":"page","link":"http:\/\/acodalej.sk\/en\/zrod-narodov\/","title":{"rendered":"Zrod n\u00e1rodov"},"content":{"rendered":"<div data-elementor-type=\"wp-page\" data-elementor-id=\"1725\" class=\"elementor elementor-1725\">\n\t\t\t\t<div class=\"has_eae_slider elementor-element elementor-element-d8b4f61 e-flex e-con-boxed e-con e-parent\" data-eae-slider=\"71477\" data-id=\"d8b4f61\" data-element_type=\"container\" data-settings=\"{&quot;background_background&quot;:&quot;classic&quot;}\">\n\t\t\t\t\t<div class=\"e-con-inner\">\n\t\t<div class=\"has_eae_slider elementor-element elementor-element-a08d00b e-con-full e-flex e-con e-child\" data-eae-slider=\"40657\" data-id=\"a08d00b\" data-element_type=\"container\">\n\t\t\t\t<div class=\"elementor-element elementor-element-f6df33e elementor-widget elementor-widget-heading\" data-id=\"f6df33e\" data-element_type=\"widget\" data-widget_type=\"heading.default\">\n\t\t\t\t<div class=\"elementor-widget-container\">\n\t\t\t\t\t<h1 class=\"elementor-heading-title elementor-size-default\">The Birth of Nations - Patriarchs<\/h1>\t\t\t\t<\/div>\n\t\t\t\t<\/div>\n\t\t\t\t<\/div>\n\t\t\t\t\t<\/div>\n\t\t\t\t<\/div>\n\t\t<div class=\"has_eae_slider elementor-element elementor-element-57b8215 e-flex e-con-boxed e-con e-parent\" data-eae-slider=\"18408\" data-id=\"57b8215\" data-element_type=\"container\" data-settings=\"{&quot;background_background&quot;:&quot;classic&quot;}\">\n\t\t\t\t\t<div class=\"e-con-inner\">\n\t\t\t\t<div class=\"elementor-element elementor-element-1aa621b elementor-widget elementor-widget-heading\" data-id=\"1aa621b\" data-element_type=\"widget\" data-widget_type=\"heading.default\">\n\t\t\t\t<div class=\"elementor-widget-container\">\n\t\t\t\t\t<h2 class=\"elementor-heading-title elementor-size-default\">Genesis<\/h2>\t\t\t\t<\/div>\n\t\t\t\t<\/div>\n\t\t\t\t<div class=\"elementor-element elementor-element-6d6928f elementor-tabs-view-horizontal elementor-widget elementor-widget-tabs\" data-id=\"6d6928f\" data-element_type=\"widget\" data-widget_type=\"tabs.default\">\n\t\t\t\t<div class=\"elementor-widget-container\">\n\t\t\t\t\t\t\t<div class=\"elementor-tabs\">\n\t\t\t<div class=\"elementor-tabs-wrapper\" role=\"tablist\" >\n\t\t\t\t\t\t\t\t\t<div id=\"elementor-tab-title-1141\" class=\"elementor-tab-title elementor-tab-desktop-title\" aria-selected=\"true\" data-tab=\"1\" role=\"tab\" tabindex=\"0\" aria-controls=\"elementor-tab-content-1141\" aria-expanded=\"false\">Chapter 10<\/div>\n\t\t\t\t\t\t\t\t\t<div id=\"elementor-tab-title-1142\" class=\"elementor-tab-title elementor-tab-desktop-title\" aria-selected=\"false\" data-tab=\"2\" role=\"tab\" tabindex=\"-1\" aria-controls=\"elementor-tab-content-1142\" aria-expanded=\"false\">Chapter 11<\/div>\n\t\t\t\t\t\t\t<\/div>\n\t\t\t<div class=\"elementor-tabs-content-wrapper\" role=\"tablist\" aria-orientation=\"vertical\">\n\t\t\t\t\t\t\t\t\t<div class=\"elementor-tab-title elementor-tab-mobile-title\" aria-selected=\"true\" data-tab=\"1\" role=\"tab\" tabindex=\"0\" aria-controls=\"elementor-tab-content-1141\" aria-expanded=\"false\">Chapter 10<\/div>\n\t\t\t\t\t<div id=\"elementor-tab-content-1141\" class=\"elementor-tab-content elementor-clearfix\" data-tab=\"1\" role=\"tabpanel\" aria-labelledby=\"elementor-tab-title-1141\" tabindex=\"0\" hidden=\"false\"><p>1This is the genealogy of the sons of Noah, Shem, Ham, and Japheth. To them were born sons after the flood. 2The sons of Japheth: Gomer, Magog, Madai, Javan, Tubal, Meshech, and Tiras. 3The sons of Gomer: Ashkenaz, Riphath, and Togarmah. 4The sons of Javan: Elishah, Tarshish, Kittim, and Rodanim. 5From these the islands of the sea spread out in their lands, each with its own language, in their clans, in their nations. 6The sons of Ham: Cush, Mizraim, Put, and Canaan. 7The sons of Cush: Seba, Havilah, Sabta, Raamah, and Sabteca. The sons of Raamah: Sheba and Dedan. 8Cush fathered Nimrod. He became the first mighty one on earth. 9He was a mighty hunter before the Lord. Therefore it is said, \u201cLike Nimrod, a mighty hunter before the Lord.\u201d 10The beginning of his kingdom was Babel, Erech, Accad, and Calneh in the land of Shinar. 11From that land he went out to Assyria and built Nineveh, Rehoboth-Ir, Calah, 12and Resen between Nineveh and Calah\u2014that is, the great city. 13Mizraim became the father of Lud, Anam, Lehab, Naphtuh, 14Pathrus, Casluh, from whom came the Philistines and the Caphtorites. 15Canaan became the father of Sidon his firstborn, and Heth, 16and the Jebusites, Amorites, Girgashites, 17Hivites, Arkites, Sinites, 18Arvadites, Zemarites, and Hamathites. Then the families of the Canaanites spread out. 19The territory of the Canaanites extended from Sidon to Gerar as far as Gaza, and toward Sodom, Gomorrah, Admah, and Zeboiim, as far as Lasha. 20These are the sons of Ham, according to their families, languages, lands, and nations. 21To Shem, the father of all the sons of Eber, the older brother of Japheth, were also sons born. 22The sons of Shem: Elam, Asshur, Arpachshad, Lud, and Aram. 23The sons of Aram: Uz, Cul, Gether, and Mash. 24Arpachshad was the father of Shelah. Shelah was the father of Eber. 25To Eber were born two sons: the name of one was Peleg, because in his days the earth was divided; and his brother\u2019s name was Joktan. 26And Joktan begat Almodad, and Sheleph, and Hazarmaveth, and Jarah, 27Hadoram, and Uzal, and Diklah, 28Obal, and Abimael, and Sheba, 29Ophir, and Havilah, and Jobab. All these were the sons of Joktan. 30And their habitation was from Mesha unto Sephar, even unto the mount of the east. 31These are the sons of Shem, after their families, after their tongues, and after their nations, in their lands. 32These are the families of the sons of Noah, after their families, and after their nations: and of these were the nations divided in the earth after the flood.<\/p><\/div>\n\t\t\t\t\t\t\t\t\t<div class=\"elementor-tab-title elementor-tab-mobile-title\" aria-selected=\"false\" data-tab=\"2\" role=\"tab\" tabindex=\"-1\" aria-controls=\"elementor-tab-content-1142\" aria-expanded=\"false\">Chapter 11<\/div>\n\t\t\t\t\t<div id=\"elementor-tab-content-1142\" class=\"elementor-tab-content elementor-clearfix\" data-tab=\"2\" role=\"tabpanel\" aria-labelledby=\"elementor-tab-title-1142\" tabindex=\"0\" hidden=\"hidden\"><p>1The whole earth had one language and one speech. 2As people moved from the east, they found a plain in the land of Shinar and settled there. 3They said to each other, \u201cCome, let\u2019s make bricks and bake them!\u201d They used brick instead of stone and bitumen instead of mortar. 4Then they said, \u201cCome, let\u2019s build ourselves a city and a tower with its top in the heavens, so that we may make a name for ourselves, and not be scattered over the face of the whole earth.\u201d 5But the Lord came down to see the city and the tower that the people were building. 6The Lord said, \u201cThey are one people, and they all speak one language. This is only the beginning of what they are going to do; now nothing will be hindered from them. 7Come, let\u2019s go down and confuse their language so that they will not understand one another.\u201d 8So the Lord scattered them from there over the face of the whole earth, and they stopped building the city. 9Therefore its name was called Babel, because there the Lord confused the language of all the earth. From there the Lord scattered them over the face of all the earth. 10These are the generations of Shem: Two years after the flood, Shem was a hundred years old, and became the father of Arpachshad. 11After the birth of Arpachshad, Shem lived five hundred years and had other sons and daughters. 12When Arpachshad was thirty-five years old, he became the father of Shelah. 13After the birth of Shelah, Arpachshad lived four hundred and three years and had other sons and daughters. 14When Shelah was thirty years old, he became the father of Eber. 15After the birth of Eber, Shelah lived four hundred and three years and had other sons and daughters. 16When Eber was thirty-four years old, he became the father of Peleg. 17After he became the father of Peleg, Eber lived four hundred and thirty years and had other sons and daughters. 18When Peleg was thirty years old, he became the father of Reu. 19After he became the father of Reu, Peleg lived two hundred and nine years and had other sons and daughters. 20When Reu was thirty-two years old, he became the father of Serug. 21After he became the father of Serug, Reu lived two hundred and seven years and had other sons and daughters. 22When Serug was thirty years old, he became the father of Nahor. 23After he became the father of Nahor, Serug lived two hundred years and had other sons and daughters. 24When Nahor was twenty-nine years old, he became the father of Terah. 25After he became the father of Terah, Nahor lived one hundred and nineteen years and had other sons and daughters. 26When Terah was seventy years old, he became the father of Abram, Nahor, and Haran. 27This is the genealogy of Terah: Terah became the father of Abram, Nahor, and Haran. Haran became the father of Lot. 28Haran died in the lifetime of his father Terah in the land of his birth, in Ur of the Chaldeans. 29Abram and Nahor married each other. The name of Abram\u2019s wife was Sarai, and the name of Nahor\u2019s wife was Milcah, the daughter of Haran, the father of Milcah and Iscah. 30But Sarai was barren and had no children. 31Terah took his son Abram, his grandson Lot, the son of Haran, and Sarai his daughter-in-law, his son Abram\u2019s wife, and they went out from Ur of the Chaldeans to go to the land of Canaan. They came to Haran and settled there. 32All the days of Terah were two hundred and five years. Then Terah died in Haran.<\/p><\/div>\n\t\t\t\t\t\t\t<\/div>\n\t\t<\/div>\n\t\t\t\t\t\t<\/div>\n\t\t\t\t<\/div>\n\t\t\t\t\t<\/div>\n\t\t\t\t<\/div>\n\t\t<div class=\"has_eae_slider elementor-element elementor-element-6c9b8dd e-flex e-con-boxed e-con e-parent\" data-eae-slider=\"35145\" data-id=\"6c9b8dd\" data-element_type=\"container\">\n\t\t\t\t\t<div class=\"e-con-inner\">\n\t\t<div class=\"has_eae_slider elementor-element elementor-element-fd1c260 e-con-full e-flex e-con e-child\" data-eae-slider=\"6759\" data-id=\"fd1c260\" data-element_type=\"container\">\n\t\t\t\t<div class=\"elementor-element elementor-element-a2bc893 elementor-widget elementor-widget-video\" data-id=\"a2bc893\" data-element_type=\"widget\" data-settings=\"{&quot;youtube_url&quot;:&quot;https:\\\/\\\/youtu.be\\\/62on98YtZDs&quot;,&quot;video_type&quot;:&quot;youtube&quot;,&quot;controls&quot;:&quot;yes&quot;}\" data-widget_type=\"video.default\">\n\t\t\t\t<div class=\"elementor-widget-container\">\n\t\t\t\t\t\t\t<div class=\"elementor-wrapper elementor-open-inline\">\n\t\t\t<div class=\"elementor-video\"><\/div>\t\t<\/div>\n\t\t\t\t\t\t<\/div>\n\t\t\t\t<\/div>\n\t\t\t\t<\/div>\n\t\t<div class=\"has_eae_slider elementor-element elementor-element-9604c1c e-con-full e-flex e-con e-child\" data-eae-slider=\"2673\" data-id=\"9604c1c\" data-element_type=\"container\">\n\t\t\t\t<div class=\"elementor-element elementor-element-46ce8d6 elementor-widget elementor-widget-video\" data-id=\"46ce8d6\" data-element_type=\"widget\" data-settings=\"{&quot;youtube_url&quot;:&quot;https:\\\/\\\/youtu.be\\\/Lt9GgN2KW8c&quot;,&quot;video_type&quot;:&quot;youtube&quot;,&quot;controls&quot;:&quot;yes&quot;}\" data-widget_type=\"video.default\">\n\t\t\t\t<div class=\"elementor-widget-container\">\n\t\t\t\t\t\t\t<div class=\"elementor-wrapper elementor-open-inline\">\n\t\t\t<div class=\"elementor-video\"><\/div>\t\t<\/div>\n\t\t\t\t\t\t<\/div>\n\t\t\t\t<\/div>\n\t\t\t\t<\/div>\n\t\t<div class=\"has_eae_slider elementor-element elementor-element-daf0d7a e-con-full e-flex e-con e-child\" data-eae-slider=\"87713\" data-id=\"daf0d7a\" data-element_type=\"container\">\n\t\t\t\t<div class=\"elementor-element elementor-element-b1150e1 elementor-widget elementor-widget-video\" data-id=\"b1150e1\" data-element_type=\"widget\" data-settings=\"{&quot;youtube_url&quot;:&quot;https:\\\/\\\/youtu.be\\\/UfIyXzB7x00&quot;,&quot;video_type&quot;:&quot;youtube&quot;,&quot;controls&quot;:&quot;yes&quot;}\" data-widget_type=\"video.default\">\n\t\t\t\t<div class=\"elementor-widget-container\">\n\t\t\t\t\t\t\t<div class=\"elementor-wrapper elementor-open-inline\">\n\t\t\t<div class=\"elementor-video\"><\/div>\t\t<\/div>\n\t\t\t\t\t\t<\/div>\n\t\t\t\t<\/div>\n\t\t\t\t<\/div>\n\t\t\t\t\t<\/div>\n\t\t\t\t<\/div>\n\t\t\t\t<\/div>","protected":false},"excerpt":{"rendered":"<p>Zrod n\u00e1rodov &#8211; Patriarchovia 1. kniha Moj\u017ei\u0161ova 10. kapitola 11. kapitola 10. kapitola 1Toto je rodokme\u0148 Noachov\u00fdch synov, \u0160\u00e9ma, Ch\u00e1ma a Jefeta. Po potope sa im narodili synovia. 2Jefetovi synovia s\u00fa: Gomer, Mag\u00f3g, Madaj, Jav\u00e1n, Tubal, Me\u0161ech a Tir\u00e1s. 3Gomerovi synovia s\u00fa: A\u0161kenaz, Rifat a Togarma. 4Jav\u00e1novi synovia s\u00fa: Eli\u0161a, Tar\u0161\u00ed\u0161, Kitt\u00edm a Rodan\u00edm. 5Z [&hellip;]<\/p>","protected":false},"author":1,"featured_media":0,"parent":0,"menu_order":0,"comment_status":"closed","ping_status":"closed","template":"","meta":{"site-sidebar-layout":"no-sidebar","site-content-layout":"page-builder","ast-site-content-layout":"full-width-container","site-content-style":"unboxed","site-sidebar-style":"unboxed","ast-global-header-display":"","ast-banner-title-visibility":"","ast-main-header-display":"","ast-hfb-above-header-display":"","ast-hfb-below-header-display":"","ast-hfb-mobile-header-display":"","site-post-title":"disabled","ast-breadcrumbs-content":"","ast-featured-img":"disabled","footer-sml-layout":"","theme-transparent-header-meta":"enabled","adv-header-id-meta":"","stick-header-meta":"","header-above-stick-meta":"","header-main-stick-meta":"","header-below-stick-meta":"","astra-migrate-meta-layouts":"set","ast-page-background-enabled":"default","ast-page-background-meta":{"desktop":{"background-color":"var(--ast-global-color-4)","background-image":"","background-repeat":"repeat","background-position":"center center","background-size":"auto","background-attachment":"scroll","background-type":"","background-media":"","overlay-type":"","overlay-color":"","overlay-opacity":"","overlay-gradient":""},"tablet":{"background-color":"","background-image":"","background-repeat":"repeat","background-position":"center center","background-size":"auto","background-attachment":"scroll","background-type":"","background-media":"","overlay-type":"","overlay-color":"","overlay-opacity":"","overlay-gradient":""},"mobile":{"background-color":"","background-image":"","background-repeat":"repeat","background-position":"center center","background-size":"auto","background-attachment":"scroll","background-type":"","background-media":"","overlay-type":"","overlay-color":"","overlay-opacity":"","overlay-gradient":""}},"ast-content-background-meta":{"desktop":{"background-color":"var(--ast-global-color-5)","background-image":"","background-repeat":"repeat","background-position":"center center","background-size":"auto","background-attachment":"scroll","background-type":"","background-media":"","overlay-type":"","overlay-color":"","overlay-opacity":"","overlay-gradient":""},"tablet":{"background-color":"var(--ast-global-color-5)","background-image":"","background-repeat":"repeat","background-position":"center center","background-size":"auto","background-attachment":"scroll","background-type":"","background-media":"","overlay-type":"","overlay-color":"","overlay-opacity":"","overlay-gradient":""},"mobile":{"background-color":"var(--ast-global-color-5)","background-image":"","background-repeat":"repeat","background-position":"center center","background-size":"auto","background-attachment":"scroll","background-type":"","background-media":"","overlay-type":"","overlay-color":"","overlay-opacity":"","overlay-gradient":""}},"footnotes":""},"class_list":["post-1725","page","type-page","status-publish","hentry"],"_links":{"self":[{"href":"http:\/\/acodalej.sk\/en\/wp-json\/wp\/v2\/pages\/1725","targetHints":{"allow":["GET"]}}],"collection":[{"href":"http:\/\/acodalej.sk\/en\/wp-json\/wp\/v2\/pages"}],"about":[{"href":"http:\/\/acodalej.sk\/en\/wp-json\/wp\/v2\/types\/page"}],"author":[{"embeddable":true,"href":"http:\/\/acodalej.sk\/en\/wp-json\/wp\/v2\/users\/1"}],"replies":[{"embeddable":true,"href":"http:\/\/acodalej.sk\/en\/wp-json\/wp\/v2\/comments?post=1725"}],"version-history":[{"count":0,"href":"http:\/\/acodalej.sk\/en\/wp-json\/wp\/v2\/pages\/1725\/revisions"}],"wp:attachment":[{"href":"http:\/\/acodalej.sk\/en\/wp-json\/wp\/v2\/media?parent=1725"}],"curies":[{"name":"wp","href":"https:\/\/api.w.org\/{rel}","templated":true}]}}