{"id":1806,"date":"2024-01-01T12:51:05","date_gmt":"2024-01-01T12:51:05","guid":{"rendered":"http:\/\/acodalej.sk\/?page_id=1806"},"modified":"2024-09-15T17:10:27","modified_gmt":"2024-09-15T17:10:27","slug":"svetove-staroveke-rise","status":"publish","type":"page","link":"http:\/\/acodalej.sk\/en\/svetove-staroveke-rise\/","title":{"rendered":"World&#039;s ancient empires"},"content":{"rendered":"<div data-elementor-type=\"wp-page\" data-elementor-id=\"1806\" class=\"elementor elementor-1806\">\n\t\t\t\t<div class=\"has_eae_slider elementor-element elementor-element-2e2392a e-flex e-con-boxed e-con e-parent\" data-eae-slider=\"50580\" data-id=\"2e2392a\" data-element_type=\"container\" data-settings=\"{&quot;background_background&quot;:&quot;classic&quot;}\">\n\t\t\t\t\t<div class=\"e-con-inner\">\n\t\t<div class=\"has_eae_slider elementor-element elementor-element-660af66 e-con-full e-flex e-con e-child\" data-eae-slider=\"11618\" data-id=\"660af66\" data-element_type=\"container\">\n\t\t\t\t<div class=\"elementor-element elementor-element-a790465 elementor-widget elementor-widget-heading\" data-id=\"a790465\" data-element_type=\"widget\" data-widget_type=\"heading.default\">\n\t\t\t\t<div class=\"elementor-widget-container\">\n\t\t\t\t\t<h1 class=\"elementor-heading-title elementor-size-default\">World&#039;s ancient empires<\/h1>\t\t\t\t<\/div>\n\t\t\t\t<\/div>\n\t\t\t\t<\/div>\n\t\t\t\t\t<\/div>\n\t\t\t\t<\/div>\n\t\t<div class=\"has_eae_slider elementor-element elementor-element-436859b e-flex e-con-boxed e-con e-parent\" data-eae-slider=\"65928\" data-id=\"436859b\" data-element_type=\"container\">\n\t\t\t\t\t<div class=\"e-con-inner\">\n\t\t<div class=\"has_eae_slider elementor-element elementor-element-9f6cf36 e-con-full e-flex e-con e-child\" data-eae-slider=\"70615\" data-id=\"9f6cf36\" data-element_type=\"container\">\n\t\t\t\t<div class=\"elementor-element elementor-element-3875ee3 elementor-widget elementor-widget-text-editor\" data-id=\"3875ee3\" data-element_type=\"widget\" data-widget_type=\"text-editor.default\">\n\t\t\t\t<div class=\"elementor-widget-container\">\n\t\t\t\t\t\t\t\t\t<p style=\"text-align: center;\"><strong>Following the destruction of the Kingdom of Judah (586 BC), the king of the Neo-Babylonian Empire, Nebuchadnezzar II (605-562 BC), wondered what would happen to his empire and the world. God gave him a dream that greatly disturbed him, and he asked his advisors to tell him what he had dreamed and what its interpretation was. A young man from the Judean exiles named Daniel was found, who begged the Almighty God of Israel to see the dream and interpret it. God heard him. In the dream, God revealed future events to the king, to the people of that time, and to us today. <\/strong><\/p>\t\t\t\t\t\t\t\t<\/div>\n\t\t\t\t<\/div>\n\t\t\t\t<\/div>\n\t\t<div class=\"has_eae_slider elementor-element elementor-element-fa27268 e-con-full e-flex e-con e-child\" data-eae-slider=\"25175\" data-id=\"fa27268\" data-element_type=\"container\">\n\t\t\t\t<div class=\"elementor-element elementor-element-fec0f97 elementor-widget elementor-widget-image\" data-id=\"fec0f97\" data-element_type=\"widget\" data-widget_type=\"image.default\">\n\t\t\t\t<div class=\"elementor-widget-container\">\n\t\t\t\t\t\t\t\t\t\t\t\t<figure class=\"wp-caption\">\n\t\t\t\t\t\t\t\t\t\t\t<a href=\"https:\/\/my.bible.com\/sk\/bible\/465\/DAN.1.SEB\" target=\"_blank\">\n\t\t\t\t\t\t\t<img fetchpriority=\"high\" decoding=\"async\" width=\"1024\" height=\"563\" src=\"http:\/\/acodalej.sk\/wp-content\/uploads\/2023\/11\/daniel-1024x563.webp\" class=\"attachment-large size-large wp-image-1438\" alt=\"\" srcset=\"http:\/\/acodalej.sk\/wp-content\/uploads\/2023\/11\/daniel-1024x563.webp 1024w, http:\/\/acodalej.sk\/wp-content\/uploads\/2023\/11\/daniel-300x165.webp 300w, http:\/\/acodalej.sk\/wp-content\/uploads\/2023\/11\/daniel-768x423.webp 768w, http:\/\/acodalej.sk\/wp-content\/uploads\/2023\/11\/daniel.webp 1396w\" sizes=\"(max-width: 1024px) 100vw, 1024px\" \/>\t\t\t\t\t\t\t\t<\/a>\n\t\t\t\t\t\t\t\t\t\t\t<figcaption class=\"widget-image-caption wp-caption-text\">Prophet Daniel<\/figcaption>\n\t\t\t\t\t\t\t\t\t\t<\/figure>\n\t\t\t\t\t\t\t\t\t<\/div>\n\t\t\t\t<\/div>\n\t\t\t\t<\/div>\n\t\t\t\t\t<\/div>\n\t\t\t\t<\/div>\n\t\t<div class=\"has_eae_slider elementor-element elementor-element-b3108b6 e-flex e-con-boxed e-con e-parent\" data-eae-slider=\"45259\" data-id=\"b3108b6\" data-element_type=\"container\">\n\t\t\t\t\t<div class=\"e-con-inner\">\n\t\t\t\t<div class=\"elementor-element elementor-element-3863e2b elementor-widget elementor-widget-text-editor\" data-id=\"3863e2b\" data-element_type=\"widget\" data-widget_type=\"text-editor.default\">\n\t\t\t\t<div class=\"elementor-widget-container\">\n\t\t\t\t\t\t\t\t\t<p><strong>He saw a statue with a head of gold, a chest of silver, a belly of bronze, and legs of iron, the underside of which was iron mixed with clay. He saw a huge rock cut out of which a stone struck the statue and broke it in pieces. The stone grew and filled the whole earth.<\/strong><\/p><p>\u00a0<\/p><p><strong>The golden head was the Neo-Babylonian empire, which was to be replaced by another empire (the silver chest and arms). As silver is less valuable than gold, so it will be with that empire \u2013 it will not be as famous and successful as the golden head. After the silver chest was to come another empire \u2013 the belly of bronze and finally an empire like the legs of iron. Finally, those kingdoms are to be broken by the coming of the eternal kingdom, which will fill the whole earth.<\/strong><\/p><p>\u00a0<\/p><p><strong>Later, Daniel received a vision where the empires were likened to animals. A golden head like a lion, a silver chest like a bear, a bronze belly like a leopard with four heads, and iron legs like a monstrous beast with ten horns. Daniel&#039;s tomb is still in Iran in the city of Susa.<\/strong><\/p><p style=\"text-align: center;\"><strong>\u00a0<\/strong><\/p>\t\t\t\t\t\t\t\t<\/div>\n\t\t\t\t<\/div>\n\t\t\t\t\t<\/div>\n\t\t\t\t<\/div>\n\t\t<div class=\"has_eae_slider elementor-element elementor-element-8d1a232 e-flex e-con-boxed e-con e-parent\" data-eae-slider=\"81623\" data-id=\"8d1a232\" data-element_type=\"container\">\n\t\t\t\t\t<div class=\"e-con-inner\">\n\t\t\t\t<div class=\"elementor-element elementor-element-e3983a7 elementor-position-top elementor-widget elementor-widget-image-box\" data-id=\"e3983a7\" data-element_type=\"widget\" data-widget_type=\"image-box.default\">\n\t\t\t\t<div class=\"elementor-widget-container\">\n\t\t\t\t\t<div class=\"elementor-image-box-wrapper\"><figure class=\"elementor-image-box-img\"><img decoding=\"async\" width=\"450\" height=\"298\" src=\"http:\/\/acodalej.sk\/wp-content\/uploads\/2023\/11\/danielhrob.jpg\" class=\"attachment-full size-full wp-image-1439\" alt=\"\" srcset=\"http:\/\/acodalej.sk\/wp-content\/uploads\/2023\/11\/danielhrob.jpg 450w, http:\/\/acodalej.sk\/wp-content\/uploads\/2023\/11\/danielhrob-300x199.jpg 300w\" sizes=\"(max-width: 450px) 100vw, 450px\" \/><\/figure><div class=\"elementor-image-box-content\"><h3 class=\"elementor-image-box-title\">Daniel&#039;s Tomb<\/h3><\/div><\/div>\t\t\t\t<\/div>\n\t\t\t\t<\/div>\n\t\t\t\t\t<\/div>\n\t\t\t\t<\/div>\n\t\t<div class=\"has_eae_slider elementor-element elementor-element-f691efd e-flex e-con-boxed e-con e-parent\" data-eae-slider=\"33322\" data-id=\"f691efd\" data-element_type=\"container\">\n\t\t\t\t\t<div class=\"e-con-inner\">\n\t\t<div class=\"has_eae_slider elementor-element elementor-element-951489a e-flex e-con-boxed e-con e-child\" data-eae-slider=\"60012\" data-id=\"951489a\" data-element_type=\"container\">\n\t\t\t\t\t<div class=\"e-con-inner\">\n\t\t\t\t<div class=\"elementor-element elementor-element-eb91157 elementor-widget elementor-widget-video\" data-id=\"eb91157\" data-element_type=\"widget\" data-settings=\"{&quot;youtube_url&quot;:&quot;https:\\\/\\\/youtu.be\\\/_EeXEdHuOHs&quot;,&quot;video_type&quot;:&quot;youtube&quot;,&quot;controls&quot;:&quot;yes&quot;}\" data-widget_type=\"video.default\">\n\t\t\t\t<div class=\"elementor-widget-container\">\n\t\t\t\t\t\t\t<div class=\"elementor-wrapper elementor-open-inline\">\n\t\t\t<div class=\"elementor-video\"><\/div>\t\t<\/div>\n\t\t\t\t\t\t<\/div>\n\t\t\t\t<\/div>\n\t\t\t\t\t<\/div>\n\t\t\t\t<\/div>\n\t\t\t\t\t<\/div>\n\t\t\t\t<\/div>\n\t\t<div class=\"has_eae_slider elementor-element elementor-element-c4c654f e-flex e-con-boxed e-con e-parent\" data-eae-slider=\"97990\" data-id=\"c4c654f\" data-element_type=\"container\">\n\t\t\t\t\t<div class=\"e-con-inner\">\n\t\t\t\t<div class=\"elementor-element elementor-element-e9fa36b elementor-widget elementor-widget-text-editor\" data-id=\"e9fa36b\" data-element_type=\"widget\" data-widget_type=\"text-editor.default\">\n\t\t\t\t<div class=\"elementor-widget-container\">\n\t\t\t\t\t\t\t\t\t<p style=\"text-align: center;\"><strong>After the Neo-Babylonian Empire (606-539 BC) came the Medes and Persians (539-331 BC), where their king Cyrus the Great (559-530 BC) conquered Babylon in 539 BC. This was the bear empire and Cyrus the Great was called the father of nations because he freed the nations from slavery in Babylon. Among the freed nations was part of Israel, namely Judah. King Cyrus was mentioned by name in the Jewish prophecy of Isaiah, at that time about 200 years old, in connection with the rebuilding of the destroyed Jerusalem and the temple.<\/strong><\/p>\t\t\t\t\t\t\t\t<\/div>\n\t\t\t\t<\/div>\n\t\t\t\t\t<\/div>\n\t\t\t\t<\/div>\n\t\t<div class=\"has_eae_slider elementor-element elementor-element-a28a015 e-flex e-con-boxed e-con e-parent\" data-eae-slider=\"2305\" data-id=\"a28a015\" data-element_type=\"container\">\n\t\t\t\t\t<div class=\"e-con-inner\">\n\t\t<div class=\"has_eae_slider elementor-element elementor-element-28c459a e-con-full e-flex e-con e-child\" data-eae-slider=\"75167\" data-id=\"28c459a\" data-element_type=\"container\">\n\t\t\t\t<div class=\"elementor-element elementor-element-ca184bb elementor-widget-divider--view-line elementor-widget elementor-widget-divider\" data-id=\"ca184bb\" data-element_type=\"widget\" data-widget_type=\"divider.default\">\n\t\t\t\t<div class=\"elementor-widget-container\">\n\t\t\t\t\t\t\t<div class=\"elementor-divider\">\n\t\t\t<span class=\"elementor-divider-separator\">\n\t\t\t\t\t\t<\/span>\n\t\t<\/div>\n\t\t\t\t\t\t<\/div>\n\t\t\t\t<\/div>\n\t\t\t\t<div class=\"elementor-element elementor-element-c8e5f26 elementor-widget elementor-widget-heading\" data-id=\"c8e5f26\" data-element_type=\"widget\" data-widget_type=\"heading.default\">\n\t\t\t\t<div class=\"elementor-widget-container\">\n\t\t\t\t\t<h2 class=\"elementor-heading-title elementor-size-default\">Prophet Isaiah<\/h2>\t\t\t\t<\/div>\n\t\t\t\t<\/div>\n\t\t\t\t<\/div>\n\t\t\t\t<div class=\"elementor-element elementor-element-1ba74e0 elementor-widget elementor-widget-read-more\" data-id=\"1ba74e0\" data-element_type=\"widget\" data-widget_type=\"read-more.default\">\n\t\t\t\t<div class=\"elementor-widget-container\">\n\t\t\t\t\t<\/div><\/div><\/div><\/div><\/div> &hellip;<p class=\"ast-the-content-more-link\"> <a class=\"\" href=\"http:\/\/acodalej.sk\/en\/svetove-staroveke-rise\/\"> <span class=\"screen-reader-text\">World&#039;s ancient empires<\/span>Read More &raquo;<\/a><\/p>","protected":false},"excerpt":{"rendered":"<p>Svetov\u00e9 starovek\u00e9 r\u00ed\u0161e Popri zni\u010den\u00ed Judsk\u00e9ho kr\u00e1\u013eovstva (586 p. n. l.) kr\u00e1\u013e novobabylonskej r\u00ed\u0161e Nebukadnesar II. (605 \u2013 562 p.n.l.) prem\u00fd\u0161\u013eal, \u010do bude \u010falej s jeho r\u00ed\u0161ou a so svetom. Boh mu dal sen, ktor\u00fdm bol ve\u013emi rozru\u0161en\u00fd a \u017eiadal od svojich poradcov, aby mu povedali, \u010do sa mu sn\u00edvalo a ak\u00fd je v\u00fdklad toho [&hellip;]<\/p>","protected":false},"author":1,"featured_media":0,"parent":0,"menu_order":0,"comment_status":"closed","ping_status":"closed","template":"","meta":{"site-sidebar-layout":"no-sidebar","site-content-layout":"page-builder","ast-site-content-layout":"full-width-container","site-content-style":"unboxed","site-sidebar-style":"unboxed","ast-global-header-display":"","ast-banner-title-visibility":"disabled","ast-main-header-display":"","ast-hfb-above-header-display":"","ast-hfb-below-header-display":"","ast-hfb-mobile-header-display":"","site-post-title":"disabled","ast-breadcrumbs-content":"disabled","ast-featured-img":"disabled","footer-sml-layout":"disabled","theme-transparent-header-meta":"enabled","adv-header-id-meta":"","stick-header-meta":"","header-above-stick-meta":"","header-main-stick-meta":"","header-below-stick-meta":"","astra-migrate-meta-layouts":"set","ast-page-background-enabled":"default","ast-page-background-meta":{"desktop":{"background-color":"var(--ast-global-color-4)","background-image":"","background-repeat":"repeat","background-position":"center center","background-size":"auto","background-attachment":"scroll","background-type":"","background-media":"","overlay-type":"","overlay-color":"","overlay-opacity":"","overlay-gradient":""},"tablet":{"background-color":"","background-image":"","background-repeat":"repeat","background-position":"center center","background-size":"auto","background-attachment":"scroll","background-type":"","background-media":"","overlay-type":"","overlay-color":"","overlay-opacity":"","overlay-gradient":""},"mobile":{"background-color":"","background-image":"","background-repeat":"repeat","background-position":"center center","background-size":"auto","background-attachment":"scroll","background-type":"","background-media":"","overlay-type":"","overlay-color":"","overlay-opacity":"","overlay-gradient":""}},"ast-content-background-meta":{"desktop":{"background-color":"var(--ast-global-color-5)","background-image":"","background-repeat":"repeat","background-position":"center center","background-size":"auto","background-attachment":"scroll","background-type":"","background-media":"","overlay-type":"","overlay-color":"","overlay-opacity":"","overlay-gradient":""},"tablet":{"background-color":"var(--ast-global-color-5)","background-image":"","background-repeat":"repeat","background-position":"center center","background-size":"auto","background-attachment":"scroll","background-type":"","background-media":"","overlay-type":"","overlay-color":"","overlay-opacity":"","overlay-gradient":""},"mobile":{"background-color":"var(--ast-global-color-5)","background-image":"","background-repeat":"repeat","background-position":"center center","background-size":"auto","background-attachment":"scroll","background-type":"","background-media":"","overlay-type":"","overlay-color":"","overlay-opacity":"","overlay-gradient":""}},"footnotes":""},"class_list":["post-1806","page","type-page","status-publish","hentry"],"_links":{"self":[{"href":"http:\/\/acodalej.sk\/en\/wp-json\/wp\/v2\/pages\/1806","targetHints":{"allow":["GET"]}}],"collection":[{"href":"http:\/\/acodalej.sk\/en\/wp-json\/wp\/v2\/pages"}],"about":[{"href":"http:\/\/acodalej.sk\/en\/wp-json\/wp\/v2\/types\/page"}],"author":[{"embeddable":true,"href":"http:\/\/acodalej.sk\/en\/wp-json\/wp\/v2\/users\/1"}],"replies":[{"embeddable":true,"href":"http:\/\/acodalej.sk\/en\/wp-json\/wp\/v2\/comments?post=1806"}],"version-history":[{"count":0,"href":"http:\/\/acodalej.sk\/en\/wp-json\/wp\/v2\/pages\/1806\/revisions"}],"wp:attachment":[{"href":"http:\/\/acodalej.sk\/en\/wp-json\/wp\/v2\/media?parent=1806"}],"curies":[{"name":"wp","href":"https:\/\/api.w.org\/{rel}","templated":true}]}}