{"id":2118,"date":"2024-09-15T12:42:09","date_gmt":"2024-09-15T12:42:09","guid":{"rendered":"http:\/\/acodalej.sk\/?page_id=2118"},"modified":"2024-11-09T15:47:14","modified_gmt":"2024-11-09T15:47:14","slug":"cti-boha","status":"publish","type":"page","link":"http:\/\/acodalej.sk\/en\/cti-boha\/","title":{"rendered":"Cti Boha"},"content":{"rendered":"<div data-elementor-type=\"wp-page\" data-elementor-id=\"2118\" class=\"elementor elementor-2118\">\n\t\t\t\t<div class=\"has_eae_slider elementor-element elementor-element-2720e41 e-flex e-con-boxed e-con e-parent\" data-eae-slider=\"62068\" data-id=\"2720e41\" data-element_type=\"container\">\n\t\t\t\t\t<div class=\"e-con-inner\">\n\t\t<div class=\"has_eae_slider elementor-element elementor-element-701718a e-flex e-con-boxed e-con e-child\" data-eae-slider=\"19145\" data-id=\"701718a\" data-element_type=\"container\">\n\t\t\t\t\t<div class=\"e-con-inner\">\n\t\t\t\t<div class=\"elementor-element elementor-element-fccfbfb elementor-widget elementor-widget-heading\" data-id=\"fccfbfb\" data-element_type=\"widget\" data-widget_type=\"heading.default\">\n\t\t\t\t<div class=\"elementor-widget-container\">\n\t\t\t\t\t<h2 class=\"elementor-heading-title elementor-size-default\">HONOR GOD<\/h2>\t\t\t\t<\/div>\n\t\t\t\t<\/div>\n\t\t\t\t<div class=\"elementor-element elementor-element-facd08f elementor-widget elementor-widget-text-editor\" data-id=\"facd08f\" data-element_type=\"widget\" data-widget_type=\"text-editor.default\">\n\t\t\t\t<div class=\"elementor-widget-container\">\n\t\t\t\t\t\t\t\t\t<p style=\"text-align: center;\"><em><strong>&quot;I am the Lord your God, who brought you out of Egypt, out of the house of slavery. You shall have no other gods before me.&quot;<\/strong><\/em><em><strong>except me!<\/strong><\/em><\/p><p style=\"text-align: center;\"><em><strong> 5.Moj\u017ei\u0161ova, 5.6<\/strong><\/em><\/p>\t\t\t\t\t\t\t\t<\/div>\n\t\t\t\t<\/div>\n\t\t\t\t\t<\/div>\n\t\t\t\t<\/div>\n\t\t\t\t\t<\/div>\n\t\t\t\t<\/div>\n\t\t<div class=\"has_eae_slider elementor-element elementor-element-e862884 e-flex e-con-boxed e-con e-parent\" data-eae-slider=\"5426\" data-id=\"e862884\" data-element_type=\"container\">\n\t\t\t\t\t<div class=\"e-con-inner\">\n\t\t<div class=\"has_eae_slider elementor-element elementor-element-e2dcbf0 e-flex e-con-boxed e-con e-child\" data-eae-slider=\"38894\" data-id=\"e2dcbf0\" data-element_type=\"container\">\n\t\t\t\t\t<div class=\"e-con-inner\">\n\t\t\t\t<div class=\"elementor-element elementor-element-308b865 elementor-widget elementor-widget-text-editor\" data-id=\"308b865\" data-element_type=\"widget\" data-widget_type=\"text-editor.default\">\n\t\t\t\t<div class=\"elementor-widget-container\">\n\t\t\t\t\t\t\t\t\t<p>The first basic and most important rule of life is to honor the Creator, who gave us life, who provides us with love, health and provision every day. It is up to us whether we will gratefully accept or proudly rebel. Respect for God is shown by respect for His word, which He has given us in the Bible. Whoever studies His word and the creation around us and, based on understanding, acts in practical life according to His rules, is a person who abides in God&#039;s love. Nothing can replace the love of our Creator and Father.<\/p>\t\t\t\t\t\t\t\t<\/div>\n\t\t\t\t<\/div>\n\t\t\t\t<div class=\"elementor-element elementor-element-c44b0f2 elementor-widget elementor-widget-text-editor\" data-id=\"c44b0f2\" data-element_type=\"widget\" data-widget_type=\"text-editor.default\">\n\t\t\t\t<div class=\"elementor-widget-container\">\n\t\t\t\t\t\t\t\t\t<p>&quot;For the wrath of God is revealed from heaven against all ungodliness and unrighteousness of men, who suppress the truth in unrighteousness. For what may be known about God is plain to them, because God has shown it to them. For since the creation of the world his invisible attributes, his eternal power and Godhead, have been clearly seen, being understood from the things that have been made. So they are without excuse. For although they knew God, they did not glorify him as God or give thanks to him. They became futile in their reasonings, and their foolish hearts were darkened. Professing to be wise, they became fools. They exchanged the glory of the incorruptible God for an image made like to corruptible man and birds and four-footed animals and reptiles. Therefore God gave them over to uncleanness in the lusts of their hearts, to dishonor their own bodies. They exchanged the truth of God for a lie and worshiped and served the creature rather than the Creator, who is blessed forever. Amen. For this reason God gave them over to degrading passions. For their women exchanged natural relations for unnatural ones. In the same way, the men abandoned natural relations with women and were consumed with lust for one another, men with men committing shameless acts and receiving in themselves the due penalty for their error. And since they did not believe in God, God gave them over to a depraved mind, to do what is not fitting. They are filled with all unrighteousness, wickedness, greed, evil, full of envy, murder, strife, deceit, malice. They are gossips, slanderers, haters of God, violent, arrogant, boastful, inventors of evil, disobedient to parents, unwise, unsteady, unloving, unmerciful. They know God\u2019s decree that those who practice such things deserve to die, and yet they not only do the same themselves but also approve of others doing the same.\u201d<\/p><p>Romans 1:18-32<\/p>\t\t\t\t\t\t\t\t<\/div>\n\t\t\t\t<\/div>\n\t\t\t\t<div class=\"elementor-element elementor-element-8801232 elementor-widget elementor-widget-text-editor\" data-id=\"8801232\" data-element_type=\"widget\" data-widget_type=\"text-editor.default\">\n\t\t\t\t<div class=\"elementor-widget-container\">\n\t\t\t\t\t\t\t\t\t<p><em><strong>&quot;There shall not be found among you anyone who makes his son or daughter pass through the fire, or a soothsayer or a medium or a spiritist.&quot;<\/strong><\/em><br \/><em><strong>or one who interprets omens, or one who is a sorcerer, or one who casts spells, or one who consults a spirit medium, or one who is a sorcerer,<\/strong><\/em><br \/><em><strong>&quot;nor one who inquires of the spirits of the dead (asking dead people for help, even if they are called saints).&quot;<\/strong><\/em><br \/><em><strong>Deuteronomy 18:10-11<\/strong><\/em><\/p>\t\t\t\t\t\t\t\t<\/div>\n\t\t\t\t<\/div>\n\t\t\t\t<div class=\"elementor-element elementor-element-d3f52df elementor-widget elementor-widget-text-editor\" data-id=\"d3f52df\" data-element_type=\"widget\" data-widget_type=\"text-editor.default\">\n\t\t\t\t<div class=\"elementor-widget-container\">\n\t\t\t\t\t\t\t\t\t<p><strong><em>&quot;Jesus said, &#039;If anyone loves me, he will keep my word, and my Father will love him. And<\/em><\/strong><br \/><strong><em>We will come to him and make our home with him. Whoever does not love me does not keep my words. And the word that I have<\/em><\/strong><br \/><strong><em>&quot;What you hear is not mine, but the Father&#039;s who sent me.&quot;<\/em><\/strong><br \/><strong><em>John 14:23-24<\/em><\/strong><\/p>\t\t\t\t\t\t\t\t<\/div>\n\t\t\t\t<\/div>\n\t\t\t\t<div class=\"elementor-element elementor-element-2e8a082 elementor-widget elementor-widget-text-editor\" data-id=\"2e8a082\" data-element_type=\"widget\" data-widget_type=\"text-editor.default\">\n\t\t\t\t<div class=\"elementor-widget-container\">\n\t\t\t\t\t\t\t\t\t<p>The result of breaking God&#039;s laws is death - separation from God and suffering, but the gift - free and for all from God is forgiveness and eternal life by recognizing that He is Perfect and we are evil. By recognizing that we accept the help He offers us and asking for forgiveness for our crimes on the basis of the sacrifice of Jesus Christ. After receiving forgiveness, we commit to obeying the Creator by learning and respecting His laws in the new life He offers us.<\/p>\n<p>In Israel, serious crimes were publicly tried by responsible people in society - judges, and people were publicly punished. This was to prevent the entire society of Israel from falling into rebellion and thus under God&#039;s judgment. God is Holy - Perfect and dwells in a huge fire of love. Everything in His presence is revealed and evil will burn in His fire.<\/p>\n<p>For us, this means respect for the authorities in individual states, which are entrusted by God with this judgment and punishment. It is up to individual governments and subsequently judges to respect God&#039;s laws.<\/p>\n<p>God does not want criminals to perish, but to enter into themselves, to correct themselves and to be able to live through the grace of God. The well-known story of the woman who was caught in adultery, they wanted to stone her according to God&#039;s law and brought her to Jesus. He said: &quot;Let him who is without sin be the first to throw a stone.&quot; When she was left alone and everyone left, he said: &quot;Has no one condemned you? Neither do I condemn you, go and sin no more.&quot; God presents himself to us as righteous, who rewards good and punishes evil, but is gracious to the broken. God opposes the proud but gives grace to the humble. God did not abolish the law, he came to fulfill it through the Lord Jesus.<\/p>\t\t\t\t\t\t\t\t<\/div>\n\t\t\t\t<\/div>\n\t\t\t\t<div class=\"elementor-element elementor-element-cca11b4 elementor-widget elementor-widget-text-editor\" data-id=\"cca11b4\" data-element_type=\"widget\" data-widget_type=\"text-editor.default\">\n\t\t\t\t<div class=\"elementor-widget-container\">\n\t\t\t\t\t\t\t\t\t<p><em><strong>&quot;11 Say to them, &#039;As I live,&#039; declares the Lord GOD, &#039;I have no pleasure in the death of the wicked, but in the<\/strong><\/em><br \/><em><strong>that the wicked will turn from his way and live. Turn, turn from your wicked ways <\/strong><\/em><em><strong>ways of life!<\/strong><\/em><br \/><em><strong>Ezekiel 33<\/strong><\/em><\/p>\t\t\t\t\t\t\t\t<\/div>\n\t\t\t\t<\/div>\n\t\t\t\t<div class=\"elementor-element elementor-element-b39dcd5 elementor-widget elementor-widget-text-editor\" data-id=\"b39dcd5\" data-element_type=\"widget\" data-widget_type=\"text-editor.default\">\n\t\t\t\t<div class=\"elementor-widget-container\">\n\t\t\t\t\t\t\t\t\t<p><em><strong>&quot;For the wages of sin is death, but the gift of God is eternal life through Jesus Christ our Lord.&quot;<\/strong><\/em><br \/><em><strong>Romans 6<\/strong><\/em><\/p>\t\t\t\t\t\t\t\t<\/div>\n\t\t\t\t<\/div>\n\t\t\t\t\t<\/div>\n\t\t\t\t<\/div>\n\t\t\t\t\t<\/div>\n\t\t\t\t<\/div>\n\t\t\t\t<\/div>","protected":false},"excerpt":{"rendered":"<p>CTI BOHA ,\u201aJa som Hospodin, tvoj Boh, ktor\u00fd \u0165a vyviedol z Egypta, z domu otrokov. Nebude\u0161 ma\u0165 in\u00fdch bohovokrem m\u0148a!&#8220; 5.Moj\u017ei\u0161ova, 5,6 Prv\u00e9 z\u00e1kladn\u00e9 a najd\u00f4le\u017eitej\u0161ie pravidlo \u017eivota je cti\u0165 Stvorite\u013ea, ktor\u00fd n\u00e1m daroval \u017eivot, denne n\u00e1m poskytuje l\u00e1sku, zdravie a zaopatrenie. Je na n\u00e1s \u010di budeme v\u010fa\u010dne prij\u00edma\u0165, alebo sa py\u0161ne b\u00fari\u0165. \u00dacta k [&hellip;]<\/p>","protected":false},"author":1,"featured_media":0,"parent":0,"menu_order":0,"comment_status":"closed","ping_status":"closed","template":"","meta":{"site-sidebar-layout":"no-sidebar","site-content-layout":"page-builder","ast-site-content-layout":"full-width-container","site-content-style":"unboxed","site-sidebar-style":"unboxed","ast-global-header-display":"","ast-banner-title-visibility":"disabled","ast-main-header-display":"","ast-hfb-above-header-display":"","ast-hfb-below-header-display":"","ast-hfb-mobile-header-display":"","site-post-title":"disabled","ast-breadcrumbs-content":"disabled","ast-featured-img":"disabled","footer-sml-layout":"disabled","theme-transparent-header-meta":"enabled","adv-header-id-meta":"","stick-header-meta":"","header-above-stick-meta":"","header-main-stick-meta":"","header-below-stick-meta":"","astra-migrate-meta-layouts":"set","ast-page-background-enabled":"default","ast-page-background-meta":{"desktop":{"background-color":"var(--ast-global-color-4)","background-image":"","background-repeat":"repeat","background-position":"center center","background-size":"auto","background-attachment":"scroll","background-type":"","background-media":"","overlay-type":"","overlay-color":"","overlay-opacity":"","overlay-gradient":""},"tablet":{"background-color":"","background-image":"","background-repeat":"repeat","background-position":"center center","background-size":"auto","background-attachment":"scroll","background-type":"","background-media":"","overlay-type":"","overlay-color":"","overlay-opacity":"","overlay-gradient":""},"mobile":{"background-color":"","background-image":"","background-repeat":"repeat","background-position":"center center","background-size":"auto","background-attachment":"scroll","background-type":"","background-media":"","overlay-type":"","overlay-color":"","overlay-opacity":"","overlay-gradient":""}},"ast-content-background-meta":{"desktop":{"background-color":"var(--ast-global-color-5)","background-image":"","background-repeat":"repeat","background-position":"center center","background-size":"auto","background-attachment":"scroll","background-type":"","background-media":"","overlay-type":"","overlay-color":"","overlay-opacity":"","overlay-gradient":""},"tablet":{"background-color":"var(--ast-global-color-5)","background-image":"","background-repeat":"repeat","background-position":"center center","background-size":"auto","background-attachment":"scroll","background-type":"","background-media":"","overlay-type":"","overlay-color":"","overlay-opacity":"","overlay-gradient":""},"mobile":{"background-color":"var(--ast-global-color-5)","background-image":"","background-repeat":"repeat","background-position":"center center","background-size":"auto","background-attachment":"scroll","background-type":"","background-media":"","overlay-type":"","overlay-color":"","overlay-opacity":"","overlay-gradient":""}},"footnotes":""},"class_list":["post-2118","page","type-page","status-publish","hentry"],"_links":{"self":[{"href":"http:\/\/acodalej.sk\/en\/wp-json\/wp\/v2\/pages\/2118","targetHints":{"allow":["GET"]}}],"collection":[{"href":"http:\/\/acodalej.sk\/en\/wp-json\/wp\/v2\/pages"}],"about":[{"href":"http:\/\/acodalej.sk\/en\/wp-json\/wp\/v2\/types\/page"}],"author":[{"embeddable":true,"href":"http:\/\/acodalej.sk\/en\/wp-json\/wp\/v2\/users\/1"}],"replies":[{"embeddable":true,"href":"http:\/\/acodalej.sk\/en\/wp-json\/wp\/v2\/comments?post=2118"}],"version-history":[{"count":0,"href":"http:\/\/acodalej.sk\/en\/wp-json\/wp\/v2\/pages\/2118\/revisions"}],"wp:attachment":[{"href":"http:\/\/acodalej.sk\/en\/wp-json\/wp\/v2\/media?parent=2118"}],"curies":[{"name":"wp","href":"https:\/\/api.w.org\/{rel}","templated":true}]}}