{"id":2135,"date":"2024-09-15T13:02:51","date_gmt":"2024-09-15T13:02:51","guid":{"rendered":"http:\/\/acodalej.sk\/?page_id=2135"},"modified":"2024-11-09T16:23:29","modified_gmt":"2024-11-09T16:23:29","slug":"neklanaj-sa-modlam","status":"publish","type":"page","link":"http:\/\/acodalej.sk\/en\/neklanaj-sa-modlam\/","title":{"rendered":"Nekla\u0148aj sa modl\u00e1m"},"content":{"rendered":"<div data-elementor-type=\"wp-page\" data-elementor-id=\"2135\" class=\"elementor elementor-2135\">\n\t\t\t\t<div class=\"has_eae_slider elementor-element elementor-element-51745f4 e-flex e-con-boxed e-con e-parent\" data-eae-slider=\"51447\" data-id=\"51745f4\" data-element_type=\"container\">\n\t\t\t\t\t<div class=\"e-con-inner\">\n\t\t<div class=\"has_eae_slider elementor-element elementor-element-707ff21 e-flex e-con-boxed e-con e-child\" data-eae-slider=\"47971\" data-id=\"707ff21\" data-element_type=\"container\">\n\t\t\t\t\t<div class=\"e-con-inner\">\n\t\t\t\t<div class=\"elementor-element elementor-element-638dd4e elementor-widget elementor-widget-heading\" data-id=\"638dd4e\" data-element_type=\"widget\" data-widget_type=\"heading.default\">\n\t\t\t\t<div class=\"elementor-widget-container\">\n\t\t\t\t\t<h2 class=\"elementor-heading-title elementor-size-default\">do not worship idols<\/h2>\t\t\t\t<\/div>\n\t\t\t\t<\/div>\n\t\t\t\t<div class=\"elementor-element elementor-element-1b01e9a elementor-widget elementor-widget-text-editor\" data-id=\"1b01e9a\" data-element_type=\"widget\" data-widget_type=\"text-editor.default\">\n\t\t\t\t<div class=\"elementor-widget-container\">\n\t\t\t\t\t\t\t\t\t<p class=\"Standard\"><strong><em>You shall not make for yourself an idol, or any likeness of anything that is in heaven above, or that is on the earth beneath, or that is in the water under the earth. You shall not bow down to them or serve them, for I the Lord your God am a jealous God, visiting the iniquity of the fathers on the children to the third and fourth generation of those who hate me, but showing steadfast love to thousands of those who love me and keep my commandments.<\/em><\/strong><\/p><p class=\"Standard\"><strong><em>Deuteronomy 5:8-10<\/em><\/strong><\/p>\t\t\t\t\t\t\t\t<\/div>\n\t\t\t\t<\/div>\n\t\t\t\t\t<\/div>\n\t\t\t\t<\/div>\n\t\t\t\t\t<\/div>\n\t\t\t\t<\/div>\n\t\t<div class=\"has_eae_slider elementor-element elementor-element-cd9b398 e-flex e-con-boxed e-con e-parent\" data-eae-slider=\"19738\" data-id=\"cd9b398\" data-element_type=\"container\">\n\t\t\t\t\t<div class=\"e-con-inner\">\n\t\t<div class=\"has_eae_slider elementor-element elementor-element-13de34c e-flex e-con-boxed e-con e-child\" data-eae-slider=\"4063\" data-id=\"13de34c\" data-element_type=\"container\">\n\t\t\t\t\t<div class=\"e-con-inner\">\n\t\t\t\t<div class=\"elementor-element elementor-element-8bfd6f6 elementor-widget elementor-widget-text-editor\" data-id=\"8bfd6f6\" data-element_type=\"widget\" data-widget_type=\"text-editor.default\">\n\t\t\t\t<div class=\"elementor-widget-container\">\n\t\t\t\t\t\t\t\t\t<p>The second rule is not to make any image of God as a statue or picture for one to worship. We must not worship ourselves, the people around us, animals, education, worldly careers, money, worldly possessions. When a person is led to follow any rules that are contrary to the word of God, it is idolatry.\u00a0\u00a0<\/p>\t\t\t\t\t\t\t\t<\/div>\n\t\t\t\t<\/div>\n\t\t\t\t<div class=\"elementor-element elementor-element-c056ac9 elementor-widget elementor-widget-text-editor\" data-id=\"c056ac9\" data-element_type=\"widget\" data-widget_type=\"text-editor.default\">\n\t\t\t\t<div class=\"elementor-widget-container\">\n\t\t\t\t\t\t\t\t\t<p class=\"Standard\"><em>For since you saw no form on the day the Lord spoke to you at Horeb from the midst of the fire, be very careful that you do not become corrupt and make for yourselves an idol in the form of any form, the likeness of male or female, the likeness of any animal that is on the earth, the likeness of any winged bird that flies under the sky, the likeness of anything that creeps on the ground, or the likeness of any fish that is in the water under the earth. When you look up to the heavens and see the sun, the moon, and the stars\u2014all the host of heaven\u2014do not be enticed to bow down to them and serve them, which the Lord your God has given to all the nations under the whole heaven. But the Lord took you and brought you out of the furnace, out of Egypt, to be his people of inheritance, as it is this day.<\/em><\/p><p class=\"Standard\"><em>Deuteronomy 4:15-20<\/em><\/p>\t\t\t\t\t\t\t\t<\/div>\n\t\t\t\t<\/div>\n\t\t\t\t<div class=\"elementor-element elementor-element-d0e5077 elementor-widget elementor-widget-text-editor\" data-id=\"d0e5077\" data-element_type=\"widget\" data-widget_type=\"text-editor.default\">\n\t\t\t\t<div class=\"elementor-widget-container\">\n\t\t\t\t\t\t\t\t\t<p class=\"Standard\">The result of breaking God&#039;s laws is death - separation from God and suffering, but the gift - free and for all from God is forgiveness and eternal life by recognizing that He is Perfect and we are evil. By recognizing that we accept the help He offers us and asking for forgiveness for our crimes on the basis of the sacrifice of Jesus Christ. After receiving forgiveness, we commit to obeying the Creator by learning and respecting His laws in the new life He offers us.<\/p><p class=\"Standard\">In Israel, serious crimes were publicly tried by responsible people in society - judges, and people were publicly punished. This was to prevent the entire society of Israel from falling into rebellion and thus under God&#039;s judgment. God is Holy - Perfect and dwells in a huge fire of love. Everything in His presence is revealed and evil will burn in His fire.<\/p><p class=\"Standard\">For us, this means respect for the authorities in individual states, which are entrusted by God with this judgment and punishment. It is up to individual governments and subsequently judges to respect God&#039;s laws.<\/p><p class=\"Standard\">God does not want criminals to perish, but to enter into themselves, to correct themselves and to be able to live through the grace of God. The well-known story of the woman who was caught in adultery, they wanted to stone her according to God&#039;s law and brought her to Jesus. He said: &quot;Let him who is without sin be the first to throw a stone.&quot; When she was left alone and everyone left, he said: &quot;Has no one condemned you? Neither do I condemn you, go and sin no more.&quot; God presents himself to us as righteous, who rewards good and punishes evil, but is gracious to the broken. God opposes the proud but gives grace to the humble. God did not abolish the law, he came to fulfill it through the Lord Jesus.<\/p>\t\t\t\t\t\t\t\t<\/div>\n\t\t\t\t<\/div>\n\t\t\t\t<div class=\"elementor-element elementor-element-a4e81b1 elementor-widget elementor-widget-text-editor\" data-id=\"a4e81b1\" data-element_type=\"widget\" data-widget_type=\"text-editor.default\">\n\t\t\t\t<div class=\"elementor-widget-container\">\n\t\t\t\t\t\t\t\t\t<p class=\"Standard\"><em><strong>&#8222;11<span style=\"color: #1e293b;\">\u00a0<\/span>Say to them, \u2018As I live,\u2019 declares the Lord GOD, \u2018I have no pleasure in the death of the wicked, but that the wicked turn from his way and live. Turn, turn from your evil ways!\u2019<\/strong><\/em><\/p><p class=\"Standard\"><em><strong>Ezekiel 33<\/strong><\/em><\/p>\t\t\t\t\t\t\t\t<\/div>\n\t\t\t\t<\/div>\n\t\t\t\t<div class=\"elementor-element elementor-element-1071aa2 elementor-widget elementor-widget-text-editor\" data-id=\"1071aa2\" data-element_type=\"widget\" data-widget_type=\"text-editor.default\">\n\t\t\t\t<div class=\"elementor-widget-container\">\n\t\t\t\t\t\t\t\t\t<p class=\"Standard\"><em><strong>23<span style=\"color: #1e293b;\">\u00a0<\/span>For the wages of sin is death, but the gift of God&#039;s grace is eternal life in Jesus Christ our Lord.<\/strong><\/em><\/p><p class=\"Standard\"><em><strong>Romans 6<\/strong><\/em><\/p>\t\t\t\t\t\t\t\t<\/div>\n\t\t\t\t<\/div>\n\t\t\t\t\t<\/div>\n\t\t\t\t<\/div>\n\t\t\t\t\t<\/div>\n\t\t\t\t<\/div>\n\t\t\t\t<\/div>","protected":false},"excerpt":{"rendered":"<p>nekla\u0148aj sa modl\u00e1m Neurob\u00ed\u0161 si modlu ani nijak\u00fa podobu toho, \u010do je hore na nebi, dolu na zemi alebo vo vode pod zemou! Nebude\u0161 sa im kla\u0148a\u0165 ani sa ned\u00e1\u0161 nimi zotro\u010dova\u0165, lebo ja som Hospodin, tvoj Boh! Boh \u017eiarliv\u00fd, ktor\u00fd trest\u00e1 viny otcov na synoch do tretieho i \u0161tvrt\u00e9ho pokolenia t\u00fdch, \u010do ma nen\u00e1vidia, [&hellip;]<\/p>","protected":false},"author":1,"featured_media":0,"parent":0,"menu_order":0,"comment_status":"closed","ping_status":"closed","template":"","meta":{"site-sidebar-layout":"no-sidebar","site-content-layout":"page-builder","ast-site-content-layout":"full-width-container","site-content-style":"unboxed","site-sidebar-style":"unboxed","ast-global-header-display":"","ast-banner-title-visibility":"disabled","ast-main-header-display":"","ast-hfb-above-header-display":"","ast-hfb-below-header-display":"","ast-hfb-mobile-header-display":"","site-post-title":"disabled","ast-breadcrumbs-content":"disabled","ast-featured-img":"disabled","footer-sml-layout":"disabled","theme-transparent-header-meta":"enabled","adv-header-id-meta":"","stick-header-meta":"","header-above-stick-meta":"","header-main-stick-meta":"","header-below-stick-meta":"","astra-migrate-meta-layouts":"set","ast-page-background-enabled":"default","ast-page-background-meta":{"desktop":{"background-color":"var(--ast-global-color-4)","background-image":"","background-repeat":"repeat","background-position":"center center","background-size":"auto","background-attachment":"scroll","background-type":"","background-media":"","overlay-type":"","overlay-color":"","overlay-opacity":"","overlay-gradient":""},"tablet":{"background-color":"","background-image":"","background-repeat":"repeat","background-position":"center center","background-size":"auto","background-attachment":"scroll","background-type":"","background-media":"","overlay-type":"","overlay-color":"","overlay-opacity":"","overlay-gradient":""},"mobile":{"background-color":"","background-image":"","background-repeat":"repeat","background-position":"center center","background-size":"auto","background-attachment":"scroll","background-type":"","background-media":"","overlay-type":"","overlay-color":"","overlay-opacity":"","overlay-gradient":""}},"ast-content-background-meta":{"desktop":{"background-color":"var(--ast-global-color-5)","background-image":"","background-repeat":"repeat","background-position":"center center","background-size":"auto","background-attachment":"scroll","background-type":"","background-media":"","overlay-type":"","overlay-color":"","overlay-opacity":"","overlay-gradient":""},"tablet":{"background-color":"var(--ast-global-color-5)","background-image":"","background-repeat":"repeat","background-position":"center center","background-size":"auto","background-attachment":"scroll","background-type":"","background-media":"","overlay-type":"","overlay-color":"","overlay-opacity":"","overlay-gradient":""},"mobile":{"background-color":"var(--ast-global-color-5)","background-image":"","background-repeat":"repeat","background-position":"center center","background-size":"auto","background-attachment":"scroll","background-type":"","background-media":"","overlay-type":"","overlay-color":"","overlay-opacity":"","overlay-gradient":""}},"footnotes":""},"class_list":["post-2135","page","type-page","status-publish","hentry"],"_links":{"self":[{"href":"http:\/\/acodalej.sk\/en\/wp-json\/wp\/v2\/pages\/2135","targetHints":{"allow":["GET"]}}],"collection":[{"href":"http:\/\/acodalej.sk\/en\/wp-json\/wp\/v2\/pages"}],"about":[{"href":"http:\/\/acodalej.sk\/en\/wp-json\/wp\/v2\/types\/page"}],"author":[{"embeddable":true,"href":"http:\/\/acodalej.sk\/en\/wp-json\/wp\/v2\/users\/1"}],"replies":[{"embeddable":true,"href":"http:\/\/acodalej.sk\/en\/wp-json\/wp\/v2\/comments?post=2135"}],"version-history":[{"count":0,"href":"http:\/\/acodalej.sk\/en\/wp-json\/wp\/v2\/pages\/2135\/revisions"}],"wp:attachment":[{"href":"http:\/\/acodalej.sk\/en\/wp-json\/wp\/v2\/media?parent=2135"}],"curies":[{"name":"wp","href":"https:\/\/api.w.org\/{rel}","templated":true}]}}