{"id":2144,"date":"2024-09-15T13:22:02","date_gmt":"2024-09-15T13:22:02","guid":{"rendered":"http:\/\/acodalej.sk\/?page_id=2144"},"modified":"2024-11-09T16:22:59","modified_gmt":"2024-11-09T16:22:59","slug":"neber-meno-boha-nadarmo","status":"publish","type":"page","link":"http:\/\/acodalej.sk\/en\/neber-meno-boha-nadarmo\/","title":{"rendered":"Neber meno Boha nadarmo"},"content":{"rendered":"<div data-elementor-type=\"wp-page\" data-elementor-id=\"2144\" class=\"elementor elementor-2144\">\n\t\t\t\t<div class=\"has_eae_slider elementor-element elementor-element-60f6cd8 e-flex e-con-boxed e-con e-parent\" data-eae-slider=\"56555\" data-id=\"60f6cd8\" data-element_type=\"container\">\n\t\t\t\t\t<div class=\"e-con-inner\">\n\t\t<div class=\"has_eae_slider elementor-element elementor-element-82b1090 e-flex e-con-boxed e-con e-child\" data-eae-slider=\"69276\" data-id=\"82b1090\" data-element_type=\"container\">\n\t\t\t\t\t<div class=\"e-con-inner\">\n\t\t\t\t<div class=\"elementor-element elementor-element-616b16a elementor-widget elementor-widget-heading\" data-id=\"616b16a\" data-element_type=\"widget\" data-widget_type=\"heading.default\">\n\t\t\t\t<div class=\"elementor-widget-container\">\n\t\t\t\t\t<h2 class=\"elementor-heading-title elementor-size-default\">Don&#039;t take God&#039;s name in vain.<\/h2>\t\t\t\t<\/div>\n\t\t\t\t<\/div>\n\t\t\t\t<div class=\"elementor-element elementor-element-f842778 elementor-widget elementor-widget-text-editor\" data-id=\"f842778\" data-element_type=\"widget\" data-widget_type=\"text-editor.default\">\n\t\t\t\t<div class=\"elementor-widget-container\">\n\t\t\t\t\t\t\t\t\t<p class=\"Standard\"><em><b>&quot;You shall not take the name of the Lord your God in vain, for the Lord will not hold him guiltless who takes his name in vain.&quot;<\/b><\/em><\/p><p class=\"Standard\"><em><b>Deuteronomy 5:11<\/b><\/em><\/p>\t\t\t\t\t\t\t\t<\/div>\n\t\t\t\t<\/div>\n\t\t\t\t\t<\/div>\n\t\t\t\t<\/div>\n\t\t\t\t\t<\/div>\n\t\t\t\t<\/div>\n\t\t<div class=\"has_eae_slider elementor-element elementor-element-b893b31 e-flex e-con-boxed e-con e-parent\" data-eae-slider=\"20235\" data-id=\"b893b31\" data-element_type=\"container\">\n\t\t\t\t\t<div class=\"e-con-inner\">\n\t\t<div class=\"has_eae_slider elementor-element elementor-element-d2d36c4 e-flex e-con-boxed e-con e-child\" data-eae-slider=\"80354\" data-id=\"d2d36c4\" data-element_type=\"container\">\n\t\t\t\t\t<div class=\"e-con-inner\">\n\t\t\t\t<div class=\"elementor-element elementor-element-a971830 elementor-widget elementor-widget-text-editor\" data-id=\"a971830\" data-element_type=\"widget\" data-widget_type=\"text-editor.default\">\n\t\t\t\t<div class=\"elementor-widget-container\">\n\t\t\t\t\t\t\t\t\t<p class=\"Standard\">This rule is known as blasphemy. We must not take the Name of God in our mouths as a curse, or in any way other than to honor God. This includes the Name Jesus, which is the Name of the Son of God = God.<\/p>\t\t\t\t\t\t\t\t<\/div>\n\t\t\t\t<\/div>\n\t\t\t\t<div class=\"elementor-element elementor-element-dc04552 elementor-widget elementor-widget-text-editor\" data-id=\"dc04552\" data-element_type=\"widget\" data-widget_type=\"text-editor.default\">\n\t\t\t\t<div class=\"elementor-widget-container\">\n\t\t\t\t\t\t\t\t\t<p class=\"Standard\">The result of breaking God&#039;s laws is death - separation from God and suffering, but the gift - free and for all from God is forgiveness and eternal life by recognizing that He is Perfect and we are evil. By recognizing that we accept the help He offers us and asking for forgiveness for our crimes on the basis of the sacrifice of Jesus Christ. After receiving forgiveness, we commit to obeying the Creator by learning and respecting His laws in the new life He offers us.<\/p><p class=\"Standard\">In Israel, serious crimes were publicly tried by responsible people in society - judges, and people were publicly punished. This was to prevent the entire society of Israel from falling into rebellion and thus under God&#039;s judgment. God is Holy - Perfect and dwells in a huge fire of love. Everything in His presence is revealed and evil will burn in His fire.<\/p><p class=\"Standard\">For us, this means respect for the authorities in individual states, which are entrusted by God with this judgment and punishment. It is up to individual governments and subsequently judges to respect God&#039;s laws.<\/p><p class=\"Standard\">God does not want criminals to perish, but to enter into themselves, to correct themselves and to be able to live through the grace of God. The well-known story of the woman who was caught in adultery, they wanted to stone her according to God&#039;s law and brought her to Jesus. He said: &quot;Let him who is without sin be the first to throw a stone.&quot; When she was left alone and everyone left, he said: &quot;Has no one condemned you? Neither do I condemn you, go and sin no more.&quot; God presents himself to us as righteous, who rewards good and punishes evil, but is gracious to the broken. God opposes the proud but gives grace to the humble. God did not abolish the law, he came to fulfill it through the Lord Jesus.<\/p>\t\t\t\t\t\t\t\t<\/div>\n\t\t\t\t<\/div>\n\t\t\t\t<div class=\"elementor-element elementor-element-a8c7f8e elementor-widget elementor-widget-text-editor\" data-id=\"a8c7f8e\" data-element_type=\"widget\" data-widget_type=\"text-editor.default\">\n\t\t\t\t<div class=\"elementor-widget-container\">\n\t\t\t\t\t\t\t\t\t<p class=\"Standard\"><em><strong>&#8222;11<span style=\"color: #1e293b;\">\u00a0<\/span>Say to them, \u2018As I live,\u2019 declares the Lord GOD, \u2018I have no pleasure in the death of the wicked, but that the wicked turn from his way and live. Turn, turn from your evil ways!\u2019<\/strong><\/em><\/p><p class=\"Standard\"><em><strong>Ezekiel 33<\/strong><\/em><\/p>\t\t\t\t\t\t\t\t<\/div>\n\t\t\t\t<\/div>\n\t\t\t\t<div class=\"elementor-element elementor-element-07f96af elementor-widget elementor-widget-text-editor\" data-id=\"07f96af\" data-element_type=\"widget\" data-widget_type=\"text-editor.default\">\n\t\t\t\t<div class=\"elementor-widget-container\">\n\t\t\t\t\t\t\t\t\t<p class=\"Standard\"><em><strong>&#8222;23<span style=\"color: #1e293b;\">\u00a0<\/span>For the wages of sin is death, but the gift of God is eternal life in Jesus Christ our Lord.!\u201d<\/strong><\/em><\/p><p class=\"Standard\"><em><strong>Romans 6<\/strong><\/em><\/p><p class=\"Standard\">\u00a0<\/p>\t\t\t\t\t\t\t\t<\/div>\n\t\t\t\t<\/div>\n\t\t\t\t\t<\/div>\n\t\t\t\t<\/div>\n\t\t\t\t\t<\/div>\n\t\t\t\t<\/div>\n\t\t\t\t<\/div>","protected":false},"excerpt":{"rendered":"<p>neber meno boha nadarmo &#8222;Nevyslov\u00ed\u0161 meno Hospodina, svojho Boha, nadarmo, lebo Hospodin nenech\u00e1 bez trestu toho, kto nadarmo vyslov\u00ed jeho meno!&#8220; 5. Moj\u017ei\u0161ova 5,11 Toto pravidlo pozn\u00e1me pod slovom r\u00fahanie. Nesmieme bra\u0165 Meno Boha do \u00fast ako nad\u00e1vku, alebo ak\u00fdmko\u013evek sp\u00f4sobom okrem ctenia Boha. Do toho spad\u00e1 aj Meno Je\u017ei\u0161, ktor\u00e9 je Meno Bo\u017eieho Syna [&hellip;]<\/p>","protected":false},"author":1,"featured_media":0,"parent":0,"menu_order":0,"comment_status":"closed","ping_status":"closed","template":"","meta":{"site-sidebar-layout":"no-sidebar","site-content-layout":"page-builder","ast-site-content-layout":"full-width-container","site-content-style":"unboxed","site-sidebar-style":"unboxed","ast-global-header-display":"","ast-banner-title-visibility":"disabled","ast-main-header-display":"","ast-hfb-above-header-display":"","ast-hfb-below-header-display":"","ast-hfb-mobile-header-display":"","site-post-title":"disabled","ast-breadcrumbs-content":"disabled","ast-featured-img":"disabled","footer-sml-layout":"disabled","theme-transparent-header-meta":"enabled","adv-header-id-meta":"","stick-header-meta":"","header-above-stick-meta":"","header-main-stick-meta":"","header-below-stick-meta":"","astra-migrate-meta-layouts":"set","ast-page-background-enabled":"default","ast-page-background-meta":{"desktop":{"background-color":"var(--ast-global-color-4)","background-image":"","background-repeat":"repeat","background-position":"center center","background-size":"auto","background-attachment":"scroll","background-type":"","background-media":"","overlay-type":"","overlay-color":"","overlay-opacity":"","overlay-gradient":""},"tablet":{"background-color":"","background-image":"","background-repeat":"repeat","background-position":"center center","background-size":"auto","background-attachment":"scroll","background-type":"","background-media":"","overlay-type":"","overlay-color":"","overlay-opacity":"","overlay-gradient":""},"mobile":{"background-color":"","background-image":"","background-repeat":"repeat","background-position":"center center","background-size":"auto","background-attachment":"scroll","background-type":"","background-media":"","overlay-type":"","overlay-color":"","overlay-opacity":"","overlay-gradient":""}},"ast-content-background-meta":{"desktop":{"background-color":"var(--ast-global-color-5)","background-image":"","background-repeat":"repeat","background-position":"center center","background-size":"auto","background-attachment":"scroll","background-type":"","background-media":"","overlay-type":"","overlay-color":"","overlay-opacity":"","overlay-gradient":""},"tablet":{"background-color":"var(--ast-global-color-5)","background-image":"","background-repeat":"repeat","background-position":"center center","background-size":"auto","background-attachment":"scroll","background-type":"","background-media":"","overlay-type":"","overlay-color":"","overlay-opacity":"","overlay-gradient":""},"mobile":{"background-color":"var(--ast-global-color-5)","background-image":"","background-repeat":"repeat","background-position":"center center","background-size":"auto","background-attachment":"scroll","background-type":"","background-media":"","overlay-type":"","overlay-color":"","overlay-opacity":"","overlay-gradient":""}},"footnotes":""},"class_list":["post-2144","page","type-page","status-publish","hentry"],"_links":{"self":[{"href":"http:\/\/acodalej.sk\/en\/wp-json\/wp\/v2\/pages\/2144","targetHints":{"allow":["GET"]}}],"collection":[{"href":"http:\/\/acodalej.sk\/en\/wp-json\/wp\/v2\/pages"}],"about":[{"href":"http:\/\/acodalej.sk\/en\/wp-json\/wp\/v2\/types\/page"}],"author":[{"embeddable":true,"href":"http:\/\/acodalej.sk\/en\/wp-json\/wp\/v2\/users\/1"}],"replies":[{"embeddable":true,"href":"http:\/\/acodalej.sk\/en\/wp-json\/wp\/v2\/comments?post=2144"}],"version-history":[{"count":0,"href":"http:\/\/acodalej.sk\/en\/wp-json\/wp\/v2\/pages\/2144\/revisions"}],"wp:attachment":[{"href":"http:\/\/acodalej.sk\/en\/wp-json\/wp\/v2\/media?parent=2144"}],"curies":[{"name":"wp","href":"https:\/\/api.w.org\/{rel}","templated":true}]}}