{"id":2161,"date":"2024-09-15T13:40:26","date_gmt":"2024-09-15T13:40:26","guid":{"rendered":"http:\/\/acodalej.sk\/?page_id=2161"},"modified":"2024-11-09T16:02:09","modified_gmt":"2024-11-09T16:02:09","slug":"sest-dni-pracuj-a-siedmy-oddychuj","status":"publish","type":"page","link":"http:\/\/acodalej.sk\/en\/sest-dni-pracuj-a-siedmy-oddychuj\/","title":{"rendered":"\u0160es\u0165 dn\u00ed pracuj a siedmy oddychuj"},"content":{"rendered":"<div data-elementor-type=\"wp-page\" data-elementor-id=\"2161\" class=\"elementor elementor-2161\">\n\t\t\t\t<div class=\"has_eae_slider elementor-element elementor-element-665e1c8 e-flex e-con-boxed e-con e-parent\" data-eae-slider=\"13559\" data-id=\"665e1c8\" data-element_type=\"container\">\n\t\t\t\t\t<div class=\"e-con-inner\">\n\t\t<div class=\"has_eae_slider elementor-element elementor-element-9d75474 e-flex e-con-boxed e-con e-child\" data-eae-slider=\"37837\" data-id=\"9d75474\" data-element_type=\"container\">\n\t\t\t\t\t<div class=\"e-con-inner\">\n\t\t\t\t<div class=\"elementor-element elementor-element-9ce8909 elementor-widget elementor-widget-heading\" data-id=\"9ce8909\" data-element_type=\"widget\" data-widget_type=\"heading.default\">\n\t\t\t\t<div class=\"elementor-widget-container\">\n\t\t\t\t\t<h2 class=\"elementor-heading-title elementor-size-default\">Work six days and rest on the seventh.<\/h2>\t\t\t\t<\/div>\n\t\t\t\t<\/div>\n\t\t\t\t<div class=\"elementor-element elementor-element-a9adc6f elementor-widget elementor-widget-text-editor\" data-id=\"a9adc6f\" data-element_type=\"widget\" data-widget_type=\"text-editor.default\">\n\t\t\t\t<div class=\"elementor-widget-container\">\n\t\t\t\t\t\t\t\t\t<p class=\"Standard\"><em><b>Keep the Sabbath day to keep it holy, as the Lord your God has commanded you. Six days you shall labor and do all your work. But the seventh day is the Sabbath of the Lord your God. In it you shall not do any work, you, nor your son, nor your daughter, your manservant, nor your maidservant, your ox, your donkey, nor your other livestock, nor the stranger who is within your gates, that your manservant and your maidservant may rest as you do. Remember that you were a slave in Egypt, and the Lord your God brought you out from there with a mighty hand and an outstretched arm. Therefore the Lord your God commanded you to keep the Sabbath day.<\/b><\/em><\/p><p class=\"Standard\"><em><b>Deuteronomy 5:12-15<\/b><\/em><\/p>\t\t\t\t\t\t\t\t<\/div>\n\t\t\t\t<\/div>\n\t\t\t\t\t<\/div>\n\t\t\t\t<\/div>\n\t\t\t\t\t<\/div>\n\t\t\t\t<\/div>\n\t\t<div class=\"has_eae_slider elementor-element elementor-element-365ec16 e-flex e-con-boxed e-con e-parent\" data-eae-slider=\"57008\" data-id=\"365ec16\" data-element_type=\"container\">\n\t\t\t\t\t<div class=\"e-con-inner\">\n\t\t<div class=\"has_eae_slider elementor-element elementor-element-f269339 e-flex e-con-boxed e-con e-child\" data-eae-slider=\"94962\" data-id=\"f269339\" data-element_type=\"container\">\n\t\t\t\t\t<div class=\"e-con-inner\">\n\t\t\t\t<div class=\"elementor-element elementor-element-225cef1 elementor-widget elementor-widget-text-editor\" data-id=\"225cef1\" data-element_type=\"widget\" data-widget_type=\"text-editor.default\">\n\t\t\t\t<div class=\"elementor-widget-container\">\n\t\t\t\t\t\t\t\t\t<p>God created us in his image. God works and then rests. God&#039;s command is to work six days and rest one day, when people should meet in peace and thank God for life. Anyone who does not work is called a thief or a parasite. Of course, there are children, the elderly, and disabled people who need help and cannot support themselves by working. God emphasizes helping the weak many times in the Bible.\u00a0<\/p>\t\t\t\t\t\t\t\t<\/div>\n\t\t\t\t<\/div>\n\t\t\t\t<div class=\"elementor-element elementor-element-48c4d4e elementor-widget elementor-widget-text-editor\" data-id=\"48c4d4e\" data-element_type=\"widget\" data-widget_type=\"text-editor.default\">\n\t\t\t\t<div class=\"elementor-widget-container\">\n\t\t\t\t\t\t\t\t\t<p><em><strong>If someone doesn&#039;t want to work, let them not eat! <\/strong><\/em><\/p><p><em>2 Thessalonians 3:10<\/em><\/p>\t\t\t\t\t\t\t\t<\/div>\n\t\t\t\t<\/div>\n\t\t\t\t<div class=\"elementor-element elementor-element-ab89810 elementor-widget elementor-widget-text-editor\" data-id=\"ab89810\" data-element_type=\"widget\" data-widget_type=\"text-editor.default\">\n\t\t\t\t<div class=\"elementor-widget-container\">\n\t\t\t\t\t\t\t\t\t<p class=\"Standard\"><em><strong>Let the thief steal no more, but rather let him work, earning something with his own hands, so that he may have something to share with the needy.<\/strong><\/em><\/p><p class=\"Standard\"><em><strong> Ephesians 4:28<\/strong><\/em><\/p>\t\t\t\t\t\t\t\t<\/div>\n\t\t\t\t<\/div>\n\t\t\t\t<div class=\"elementor-element elementor-element-b09ef0c elementor-widget elementor-widget-text-editor\" data-id=\"b09ef0c\" data-element_type=\"widget\" data-widget_type=\"text-editor.default\">\n\t\t\t\t<div class=\"elementor-widget-container\">\n\t\t\t\t\t\t\t\t\t<p>Regarding rest, God&#039;s commandment speaks of the Sabbath that God gave to the Jews. In addition to the Sabbath, God commanded the Jews to have periods of rest during the year - holidays, when Jews are not allowed to work, as well as foods that they can and cannot eat. For non-Jews, it is important to rest one of the seven days, even if it is not the Sabbath. Holidays are prophecies about events, some of which have already been fulfilled and some will still be fulfilled. The nation of Israel keeps these biblical holidays to this day. For example, the Jewish holiday of PASSOVER - a leap year, when the Jews were freed from slavery in Egypt and sacrificed a lamb so that the destroying angel who walked through Egypt would not kill them, but had to jump over their houses. They celebrate it every year and on this very day the Lamb - the Lord Jesus - was sacrificed, thus fulfilling the meaning of this holiday. Anyone who believes in His vicarious sacrifice for us and submits his life to Him will be saved from eternal damnation in hell. Regarding food, the Lord Jesus said that we can eat everything except the blood of animals. The foods prescribed for Jews are also for non-Jews a picture of what we take into our hearts with our eyes and ears.\u00a0\u00a0<\/p>\t\t\t\t\t\t\t\t<\/div>\n\t\t\t\t<\/div>\n\t\t\t\t<div class=\"elementor-element elementor-element-89ac5e1 elementor-widget elementor-widget-text-editor\" data-id=\"89ac5e1\" data-element_type=\"widget\" data-widget_type=\"text-editor.default\">\n\t\t\t\t<div class=\"elementor-widget-container\">\n\t\t\t\t\t\t\t\t\t<p class=\"Standard\"><em><strong>16 Therefore let no one judge you in food and drink, or in respect of a festival or a new moon or a Sabbath day. 17 These are a shadow of things to come, but the reality belongs to Christ. <\/strong><\/em><\/p><p class=\"Standard\"><em><strong>Colossians 2:16-17<\/strong><\/em><\/p>\t\t\t\t\t\t\t\t<\/div>\n\t\t\t\t<\/div>\n\t\t\t\t<div class=\"elementor-element elementor-element-4111d1d elementor-widget elementor-widget-text-editor\" data-id=\"4111d1d\" data-element_type=\"widget\" data-widget_type=\"text-editor.default\">\n\t\t\t\t<div class=\"elementor-widget-container\">\n\t\t\t\t\t\t\t\t\t<p class=\"Standard\"><strong><em>What goes into a man from outside cannot defile him? It does not enter his heart, but goes into his stomach and out into the sewer.\u201d Thus he declared all foods clean. And he added: \u201cWhat comes out of a man is what defiles a man. For from within, out of the heart of men, come evil thoughts, fornications, thefts, murders, adulteries, covetousness, wickedness, deceit, lewdness, an evil eye, blasphemy, pride, foolishness. All these evil things come from within and defile a man.\u201d <\/em><\/strong><\/p><p class=\"Standard\"><strong><em>Mark 7:19-23<\/em><\/strong><\/p>\t\t\t\t\t\t\t\t<\/div>\n\t\t\t\t<\/div>\n\t\t\t\t<div class=\"elementor-element elementor-element-34dd2ff elementor-widget elementor-widget-text-editor\" data-id=\"34dd2ff\" data-element_type=\"widget\" data-widget_type=\"text-editor.default\">\n\t\t\t\t<div class=\"elementor-widget-container\">\n\t\t\t\t\t\t\t\t\t<p>The seven-day week has its origins in the Bible in the context of creation.<\/p>\t\t\t\t\t\t\t\t<\/div>\n\t\t\t\t<\/div>\n\t\t\t\t<div class=\"elementor-element elementor-element-0076aa7 elementor-widget elementor-widget-text-editor\" data-id=\"0076aa7\" data-element_type=\"widget\" data-widget_type=\"text-editor.default\">\n\t\t\t\t<div class=\"elementor-widget-container\">\n\t\t\t\t\t\t\t\t\t<p class=\"Standard\">The result of breaking God&#039;s laws is death - separation from God and suffering, but the gift - free and for all from God is forgiveness and eternal life by recognizing that He is Perfect and we are evil. By recognizing that we accept the help He offers us and asking for forgiveness for our crimes on the basis of the sacrifice of Jesus Christ. After receiving forgiveness, we commit to obedience to the Creator by learning and respecting His laws in the new life He offers us.<\/p>\t\t\t\t\t\t\t\t<\/div>\n\t\t\t\t<\/div>\n\t\t\t\t<div class=\"elementor-element elementor-element-68113b7 elementor-widget elementor-widget-text-editor\" data-id=\"68113b7\" data-element_type=\"widget\" data-widget_type=\"text-editor.default\">\n\t\t\t\t<div class=\"elementor-widget-container\">\n\t\t\t\t\t\t\t\t\t<p class=\"Standard\">In Israel, serious crimes were publicly tried by responsible people in society - judges, and people were publicly punished. This was to prevent the entire society of Israel from falling into rebellion and thus under God&#039;s judgment. God is Holy - Perfect and dwells in a huge fire of love. Everything in His presence is revealed and evil will burn in His fire.<\/p><p class=\"Standard\">For us, this means respect for the authorities in individual states, which are entrusted by God with this judgment and punishment. It is up to individual governments and subsequently judges to respect God&#039;s laws.<\/p><p class=\"Standard\">God does not want criminals to perish, but to enter into themselves, to correct themselves and to be able to live through the grace of God. The well-known story of the woman who was caught in adultery, they wanted to stone her according to God&#039;s law and brought her to Jesus. He said: &quot;Let him who is without sin be the first to throw a stone.&quot; When she was left alone and everyone left, he said: &quot;Has no one condemned you? Neither do I condemn you, go and sin no more.&quot; God presents himself to us as righteous, who rewards good and punishes evil, but is gracious to the broken. God opposes the proud but gives grace to the humble. God did not abolish the law, he came to fulfill it through the Lord Jesus.<\/p>\t\t\t\t\t\t\t\t<\/div>\n\t\t\t\t<\/div>\n\t\t\t\t<div class=\"elementor-element elementor-element-3e38b7c elementor-widget elementor-widget-text-editor\" data-id=\"3e38b7c\" data-element_type=\"widget\" data-widget_type=\"text-editor.default\">\n\t\t\t\t<div class=\"elementor-widget-container\">\n\t\t\t\t\t\t\t\t\t<p class=\"Standard\"><em><strong>11<span style=\"color: #1e293b;\">\u00a0<\/span>Say to them, \u2018As I live,\u2019 declares the Lord GOD, \u2018I have no pleasure in the death of the wicked, but that the wicked turn from his way and live. Turn, turn from your evil ways!\u00a0<\/strong><\/em><\/p><p class=\"Standard\"><em><strong>Ezekiel 33<\/strong><\/em><\/p>\t\t\t\t\t\t\t\t<\/div>\n\t\t\t\t<\/div>\n\t\t\t\t<div class=\"elementor-element elementor-element-9765c9d elementor-widget elementor-widget-text-editor\" data-id=\"9765c9d\" data-element_type=\"widget\" data-widget_type=\"text-editor.default\">\n\t\t\t\t<div class=\"elementor-widget-container\">\n\t\t\t\t\t\t\t\t\t<p class=\"Standard\"><em><strong>23<span style=\"color: #1e293b;\">\u00a0<\/span>For the wages of sin is death, but the gift of God&#039;s grace is eternal life in Jesus Christ our Lord.<\/strong><\/em><\/p><p class=\"Standard\"><em><strong>Romans 6<\/strong><\/em><\/p>\t\t\t\t\t\t\t\t<\/div>\n\t\t\t\t<\/div>\n\t\t\t\t\t<\/div>\n\t\t\t\t<\/div>\n\t\t\t\t\t<\/div>\n\t\t\t\t<\/div>\n\t\t\t\t<\/div>","protected":false},"excerpt":{"rendered":"<p>\u0161es\u0165 dn\u00ed pracuj a siedmy oddychuj Zachov\u00e1vaj sobotn\u00fd de\u0148, aby si ho sv\u00e4til, ako ti prik\u00e1zal Hospodin, tvoj Boh! \u0160es\u0165 dn\u00ed bude\u0161 pracova\u0165 a kona\u0165 v\u0161etku svoju pr\u00e1cu.\u00a0 Siedmy de\u0148 je sobota pre Hospodina, tvojho Boha. Nebude\u0161 kona\u0165 nijak\u00fa pr\u00e1cu ani ty, ani tvoj syn, ani tvoja dc\u00e9ra, ani tvoj sluha, ani tvoja sl\u00fa\u017eka, ani [&hellip;]<\/p>","protected":false},"author":1,"featured_media":0,"parent":0,"menu_order":0,"comment_status":"closed","ping_status":"closed","template":"","meta":{"site-sidebar-layout":"no-sidebar","site-content-layout":"page-builder","ast-site-content-layout":"full-width-container","site-content-style":"unboxed","site-sidebar-style":"unboxed","ast-global-header-display":"","ast-banner-title-visibility":"","ast-main-header-display":"","ast-hfb-above-header-display":"","ast-hfb-below-header-display":"","ast-hfb-mobile-header-display":"","site-post-title":"disabled","ast-breadcrumbs-content":"","ast-featured-img":"disabled","footer-sml-layout":"disabled","theme-transparent-header-meta":"enabled","adv-header-id-meta":"","stick-header-meta":"","header-above-stick-meta":"","header-main-stick-meta":"","header-below-stick-meta":"","astra-migrate-meta-layouts":"set","ast-page-background-enabled":"default","ast-page-background-meta":{"desktop":{"background-color":"var(--ast-global-color-4)","background-image":"","background-repeat":"repeat","background-position":"center center","background-size":"auto","background-attachment":"scroll","background-type":"","background-media":"","overlay-type":"","overlay-color":"","overlay-opacity":"","overlay-gradient":""},"tablet":{"background-color":"","background-image":"","background-repeat":"repeat","background-position":"center center","background-size":"auto","background-attachment":"scroll","background-type":"","background-media":"","overlay-type":"","overlay-color":"","overlay-opacity":"","overlay-gradient":""},"mobile":{"background-color":"","background-image":"","background-repeat":"repeat","background-position":"center center","background-size":"auto","background-attachment":"scroll","background-type":"","background-media":"","overlay-type":"","overlay-color":"","overlay-opacity":"","overlay-gradient":""}},"ast-content-background-meta":{"desktop":{"background-color":"var(--ast-global-color-5)","background-image":"","background-repeat":"repeat","background-position":"center center","background-size":"auto","background-attachment":"scroll","background-type":"","background-media":"","overlay-type":"","overlay-color":"","overlay-opacity":"","overlay-gradient":""},"tablet":{"background-color":"var(--ast-global-color-5)","background-image":"","background-repeat":"repeat","background-position":"center center","background-size":"auto","background-attachment":"scroll","background-type":"","background-media":"","overlay-type":"","overlay-color":"","overlay-opacity":"","overlay-gradient":""},"mobile":{"background-color":"var(--ast-global-color-5)","background-image":"","background-repeat":"repeat","background-position":"center center","background-size":"auto","background-attachment":"scroll","background-type":"","background-media":"","overlay-type":"","overlay-color":"","overlay-opacity":"","overlay-gradient":""}},"footnotes":""},"class_list":["post-2161","page","type-page","status-publish","hentry"],"_links":{"self":[{"href":"http:\/\/acodalej.sk\/en\/wp-json\/wp\/v2\/pages\/2161","targetHints":{"allow":["GET"]}}],"collection":[{"href":"http:\/\/acodalej.sk\/en\/wp-json\/wp\/v2\/pages"}],"about":[{"href":"http:\/\/acodalej.sk\/en\/wp-json\/wp\/v2\/types\/page"}],"author":[{"embeddable":true,"href":"http:\/\/acodalej.sk\/en\/wp-json\/wp\/v2\/users\/1"}],"replies":[{"embeddable":true,"href":"http:\/\/acodalej.sk\/en\/wp-json\/wp\/v2\/comments?post=2161"}],"version-history":[{"count":0,"href":"http:\/\/acodalej.sk\/en\/wp-json\/wp\/v2\/pages\/2161\/revisions"}],"wp:attachment":[{"href":"http:\/\/acodalej.sk\/en\/wp-json\/wp\/v2\/media?parent=2161"}],"curies":[{"name":"wp","href":"https:\/\/api.w.org\/{rel}","templated":true}]}}