{"id":2171,"date":"2024-09-15T13:50:21","date_gmt":"2024-09-15T13:50:21","guid":{"rendered":"http:\/\/acodalej.sk\/?page_id=2171"},"modified":"2024-11-09T16:24:03","modified_gmt":"2024-11-09T16:24:03","slug":"cti-otca-a-matku-a-budes-dobre-a-dlho-zit-na-zemi","status":"publish","type":"page","link":"http:\/\/acodalej.sk\/en\/cti-otca-a-matku-a-budes-dobre-a-dlho-zit-na-zemi\/","title":{"rendered":"Cti otca a matku a bude\u0161 dobre a dlho \u017ei\u0165 na zemi"},"content":{"rendered":"<div data-elementor-type=\"wp-page\" data-elementor-id=\"2171\" class=\"elementor elementor-2171\">\n\t\t\t\t<div class=\"has_eae_slider elementor-element elementor-element-c37d0d3 e-flex e-con-boxed e-con e-parent\" data-eae-slider=\"36677\" data-id=\"c37d0d3\" data-element_type=\"container\">\n\t\t\t\t\t<div class=\"e-con-inner\">\n\t\t<div class=\"has_eae_slider elementor-element elementor-element-529969d e-flex e-con-boxed e-con e-child\" data-eae-slider=\"76343\" data-id=\"529969d\" data-element_type=\"container\">\n\t\t\t\t\t<div class=\"e-con-inner\">\n\t\t\t\t<div class=\"elementor-element elementor-element-307e0f1 elementor-widget elementor-widget-heading\" data-id=\"307e0f1\" data-element_type=\"widget\" data-widget_type=\"heading.default\">\n\t\t\t\t<div class=\"elementor-widget-container\">\n\t\t\t\t\t<h2 class=\"elementor-heading-title elementor-size-default\">Honor your father and mother and you will live long on earth.<\/h2>\t\t\t\t<\/div>\n\t\t\t\t<\/div>\n\t\t\t\t<div class=\"elementor-element elementor-element-e382af4 elementor-widget elementor-widget-text-editor\" data-id=\"e382af4\" data-element_type=\"widget\" data-widget_type=\"text-editor.default\">\n\t\t\t\t<div class=\"elementor-widget-container\">\n\t\t\t\t\t\t\t\t\t<p class=\"Standard\"><strong><em>\u201cHonor your father and your mother, as the Lord your God has commanded you, so that you may live long and that it may go well with you in the land that the Lord your God is giving you.\u201d<\/em><\/strong><\/p><p class=\"Standard\"><strong><em>Deuteronomy 5:16<\/em><\/strong><\/p>\t\t\t\t\t\t\t\t<\/div>\n\t\t\t\t<\/div>\n\t\t\t\t\t<\/div>\n\t\t\t\t<\/div>\n\t\t\t\t\t<\/div>\n\t\t\t\t<\/div>\n\t\t<div class=\"has_eae_slider elementor-element elementor-element-4973e2d e-flex e-con-boxed e-con e-parent\" data-eae-slider=\"39274\" data-id=\"4973e2d\" data-element_type=\"container\">\n\t\t\t\t\t<div class=\"e-con-inner\">\n\t\t<div class=\"has_eae_slider elementor-element elementor-element-a1515e4 e-flex e-con-boxed e-con e-child\" data-eae-slider=\"33609\" data-id=\"a1515e4\" data-element_type=\"container\">\n\t\t\t\t\t<div class=\"e-con-inner\">\n\t\t\t\t<div class=\"elementor-element elementor-element-1f48ef9 elementor-widget elementor-widget-text-editor\" data-id=\"1f48ef9\" data-element_type=\"widget\" data-widget_type=\"text-editor.default\">\n\t\t\t\t<div class=\"elementor-widget-container\">\n\t\t\t\t\t\t\t\t\t<p class=\"Standard\">To honor our parents, through whom God gave us life. To honor our elders and those in authority in society. Respect is respect for persons, which is shown by greeting them, listening to them, not slandering them, and other rules that will follow.<\/p>\t\t\t\t\t\t\t\t<\/div>\n\t\t\t\t<\/div>\n\t\t\t\t<div class=\"elementor-element elementor-element-a3b6ba1 elementor-widget elementor-widget-text-editor\" data-id=\"a3b6ba1\" data-element_type=\"widget\" data-widget_type=\"text-editor.default\">\n\t\t\t\t<div class=\"elementor-widget-container\">\n\t\t\t\t\t\t\t\t\t<p class=\"Standard\"><em><strong>9<span style=\"color: #1e293b;\">\u00a0<\/span>&quot;Anyone who curses his father or his mother must be put to death. He who curses his father or his mother will be held responsible for his blood.<\/strong><\/em><\/p><p class=\"Standard\"><em><strong>3,Mojzisova 20<\/strong><\/em><\/p>\t\t\t\t\t\t\t\t<\/div>\n\t\t\t\t<\/div>\n\t\t\t\t<div class=\"elementor-element elementor-element-af1c2d1 elementor-widget elementor-widget-text-editor\" data-id=\"af1c2d1\" data-element_type=\"widget\" data-widget_type=\"text-editor.default\">\n\t\t\t\t<div class=\"elementor-widget-container\">\n\t\t\t\t\t\t\t\t\t<p class=\"Standard\"><em><strong>Romans 13, <\/strong><\/em><\/p><p class=\"Standard\"><em><strong>1 Let every person be subject to the governing authorities. For there is no authority except from God, and the existing authorities have been established by God. <\/strong><\/em><em><strong>2 Therefore whoever resists the authority resists the ordinance of God, and those who resist will receive judgment to themselves. <\/strong><\/em><em><strong>3 Do not fear rulers for the good you do, but for the evil you do. Do you not want to fear authority? Do what is good, and you will have praise from it. <\/strong><\/em><em><strong>4 For it is God&#039;s minister for your good. But if you do evil, be afraid, for it does not bear the sword in vain. For it is God&#039;s minister, an avenger, an executioner of wrath against the one who practices evil. <\/strong><\/em><em><strong>5 Therefore it is necessary to be subject, not only because of wrath, but also for conscience&#039; sake. <\/strong><\/em><em><strong>6 For this is why you pay taxes, for they are God&#039;s ministers, attending to this very purpose. <\/strong><\/em><em><strong>7 Render to all their dues: tax to whom tax is due, custom to whom custom, fear to whom fear, honor to whom honor.<\/strong><\/em><\/p>\t\t\t\t\t\t\t\t<\/div>\n\t\t\t\t<\/div>\n\t\t\t\t<div class=\"elementor-element elementor-element-01ce192 elementor-widget elementor-widget-text-editor\" data-id=\"01ce192\" data-element_type=\"widget\" data-widget_type=\"text-editor.default\">\n\t\t\t\t<div class=\"elementor-widget-container\">\n\t\t\t\t\t\t\t\t\t<p class=\"Standard\">The result of breaking God&#039;s laws is death - separation from God and suffering, but the gift - free and for all from God is forgiveness and eternal life by recognizing that He is Perfect and we are evil. By recognizing that we accept the help He offers us and asking for forgiveness for our crimes on the basis of the sacrifice of Jesus Christ. After receiving forgiveness, we commit to obeying the Creator by learning and respecting His laws in the new life He offers us.<\/p><p class=\"Standard\">In Israel, serious crimes were publicly tried by responsible people in society - judges, and people were publicly punished. This was to prevent the entire society of Israel from falling into rebellion and thus under God&#039;s judgment. God is Holy - Perfect and dwells in a huge fire of love. Everything in His presence is revealed and evil will burn in His fire.<\/p><p class=\"Standard\">For us, this means respect for the authorities in individual states, which are entrusted by God with this judgment and punishment. It is up to individual governments and subsequently judges to respect God&#039;s laws.<\/p><p class=\"Standard\">God does not want criminals to perish, but to enter into themselves, to correct themselves and to be able to live through the grace of God. The well-known story of the woman who was caught in adultery, they wanted to stone her according to God&#039;s law and brought her to Jesus. He said: &quot;Let him who is without sin be the first to throw a stone.&quot; When she was left alone and everyone left, he said: &quot;Has no one condemned you? Neither do I condemn you, go and sin no more.&quot; God presents himself to us as righteous, who rewards good and punishes evil, but is gracious to the broken. God opposes the proud but gives grace to the humble. God did not abolish the law, he came to fulfill it through the Lord Jesus.<\/p>\t\t\t\t\t\t\t\t<\/div>\n\t\t\t\t<\/div>\n\t\t\t\t<div class=\"elementor-element elementor-element-489c43a elementor-widget elementor-widget-text-editor\" data-id=\"489c43a\" data-element_type=\"widget\" data-widget_type=\"text-editor.default\">\n\t\t\t\t<div class=\"elementor-widget-container\">\n\t\t\t\t\t\t\t\t\t<p class=\"Standard\"><em><strong>11<span style=\"color: #1e293b;\">\u00a0<\/span>Say to them, \u2018As I live,\u2019 declares the Lord GOD, \u2018I have no pleasure in the death of the wicked, but that the wicked turn from his way and live. Turn, turn from your evil ways!\u00a0<\/strong><\/em><\/p><p class=\"Standard\"><em><strong>Ezekiel 33<\/strong><\/em><\/p>\t\t\t\t\t\t\t\t<\/div>\n\t\t\t\t<\/div>\n\t\t\t\t<div class=\"elementor-element elementor-element-752a029 elementor-widget elementor-widget-text-editor\" data-id=\"752a029\" data-element_type=\"widget\" data-widget_type=\"text-editor.default\">\n\t\t\t\t<div class=\"elementor-widget-container\">\n\t\t\t\t\t\t\t\t\t<p class=\"Standard\"><em><strong>23<span style=\"color: #1e293b;\">\u00a0<\/span>For the wages of sin is death, but the gift of God&#039;s grace is eternal life in Jesus Christ our Lord.<\/strong><\/em><\/p><p class=\"Standard\"><em><strong>Romans 6<\/strong><\/em><\/p>\t\t\t\t\t\t\t\t<\/div>\n\t\t\t\t<\/div>\n\t\t\t\t\t<\/div>\n\t\t\t\t<\/div>\n\t\t\t\t\t<\/div>\n\t\t\t\t<\/div>\n\t\t\t\t<\/div>","protected":false},"excerpt":{"rendered":"<p>cti otca a matku a bude\u0161 dobre a dlho \u017ei\u0165 na zemi &#8222;Cti svojho otca a svoju matku, ako ti prik\u00e1zal Hospodin, tvoj Boh, aby si dlho \u017eil a dobre sa ti vodilo v krajine, ktor\u00fa ti d\u00e1va Hospodin, tvoj Boh!&#8220; 5. Moj\u017ei\u0161ova 5,16 Ma\u0165 v \u00facte rodi\u010dov, cez ktor\u00fdch n\u00e1m Boh daroval \u017eivot. Ma\u0165 [&hellip;]<\/p>","protected":false},"author":1,"featured_media":0,"parent":0,"menu_order":0,"comment_status":"closed","ping_status":"closed","template":"","meta":{"site-sidebar-layout":"no-sidebar","site-content-layout":"page-builder","ast-site-content-layout":"full-width-container","site-content-style":"unboxed","site-sidebar-style":"unboxed","ast-global-header-display":"","ast-banner-title-visibility":"","ast-main-header-display":"","ast-hfb-above-header-display":"","ast-hfb-below-header-display":"","ast-hfb-mobile-header-display":"","site-post-title":"disabled","ast-breadcrumbs-content":"","ast-featured-img":"disabled","footer-sml-layout":"disabled","theme-transparent-header-meta":"enabled","adv-header-id-meta":"","stick-header-meta":"","header-above-stick-meta":"","header-main-stick-meta":"","header-below-stick-meta":"","astra-migrate-meta-layouts":"set","ast-page-background-enabled":"default","ast-page-background-meta":{"desktop":{"background-color":"var(--ast-global-color-4)","background-image":"","background-repeat":"repeat","background-position":"center center","background-size":"auto","background-attachment":"scroll","background-type":"","background-media":"","overlay-type":"","overlay-color":"","overlay-opacity":"","overlay-gradient":""},"tablet":{"background-color":"","background-image":"","background-repeat":"repeat","background-position":"center center","background-size":"auto","background-attachment":"scroll","background-type":"","background-media":"","overlay-type":"","overlay-color":"","overlay-opacity":"","overlay-gradient":""},"mobile":{"background-color":"","background-image":"","background-repeat":"repeat","background-position":"center center","background-size":"auto","background-attachment":"scroll","background-type":"","background-media":"","overlay-type":"","overlay-color":"","overlay-opacity":"","overlay-gradient":""}},"ast-content-background-meta":{"desktop":{"background-color":"var(--ast-global-color-5)","background-image":"","background-repeat":"repeat","background-position":"center center","background-size":"auto","background-attachment":"scroll","background-type":"","background-media":"","overlay-type":"","overlay-color":"","overlay-opacity":"","overlay-gradient":""},"tablet":{"background-color":"var(--ast-global-color-5)","background-image":"","background-repeat":"repeat","background-position":"center center","background-size":"auto","background-attachment":"scroll","background-type":"","background-media":"","overlay-type":"","overlay-color":"","overlay-opacity":"","overlay-gradient":""},"mobile":{"background-color":"var(--ast-global-color-5)","background-image":"","background-repeat":"repeat","background-position":"center center","background-size":"auto","background-attachment":"scroll","background-type":"","background-media":"","overlay-type":"","overlay-color":"","overlay-opacity":"","overlay-gradient":""}},"footnotes":""},"class_list":["post-2171","page","type-page","status-publish","hentry"],"_links":{"self":[{"href":"http:\/\/acodalej.sk\/en\/wp-json\/wp\/v2\/pages\/2171","targetHints":{"allow":["GET"]}}],"collection":[{"href":"http:\/\/acodalej.sk\/en\/wp-json\/wp\/v2\/pages"}],"about":[{"href":"http:\/\/acodalej.sk\/en\/wp-json\/wp\/v2\/types\/page"}],"author":[{"embeddable":true,"href":"http:\/\/acodalej.sk\/en\/wp-json\/wp\/v2\/users\/1"}],"replies":[{"embeddable":true,"href":"http:\/\/acodalej.sk\/en\/wp-json\/wp\/v2\/comments?post=2171"}],"version-history":[{"count":0,"href":"http:\/\/acodalej.sk\/en\/wp-json\/wp\/v2\/pages\/2171\/revisions"}],"wp:attachment":[{"href":"http:\/\/acodalej.sk\/en\/wp-json\/wp\/v2\/media?parent=2171"}],"curies":[{"name":"wp","href":"https:\/\/api.w.org\/{rel}","templated":true}]}}