{"id":1584,"date":"2023-11-26T17:08:38","date_gmt":"2023-11-26T17:08:38","guid":{"rendered":"http:\/\/acodalej.sk\/?page_id=1584"},"modified":"2024-11-09T15:00:25","modified_gmt":"2024-11-09T15:00:25","slug":"na-co-sme","status":"publish","type":"page","link":"http:\/\/acodalej.sk\/es\/na-co-sme\/","title":{"rendered":"Na \u010do sme"},"content":{"rendered":"<div data-elementor-type=\"wp-page\" data-elementor-id=\"1584\" class=\"elementor elementor-1584\">\n\t\t\t\t<div class=\"has_eae_slider elementor-element elementor-element-dtpxyrj e-flex e-con-boxed e-con e-parent\" data-eae-slider=\"91402\" data-id=\"dtpxyrj\" data-element_type=\"container\" data-settings=\"{&quot;background_background&quot;:&quot;classic&quot;}\">\n\t\t\t\t\t<div class=\"e-con-inner\">\n\t\t\t\t<div class=\"elementor-element elementor-element-582eb7b elementor-widget elementor-widget-heading\" data-id=\"582eb7b\" data-element_type=\"widget\" data-widget_type=\"heading.default\">\n\t\t\t\t<div class=\"elementor-widget-container\">\n\t\t\t\t\t<h1 class=\"elementor-heading-title elementor-size-default\">\u00bfPara qu\u00e9 estamos aqu\u00ed?<\/h1>\t\t\t\t<\/div>\n\t\t\t\t<\/div>\n\t\t\t\t\t<\/div>\n\t\t\t\t<\/div>\n\t\t<div class=\"has_eae_slider elementor-element elementor-element-l0npkg5 e-flex e-con-boxed e-con e-parent\" data-eae-slider=\"61837\" data-id=\"l0npkg5\" data-element_type=\"container\" data-settings=\"{&quot;background_background&quot;:&quot;classic&quot;}\">\n\t\t\t\t\t<div class=\"e-con-inner\">\n\t\t<div class=\"has_eae_slider elementor-element elementor-element-e6150a2 e-con-full e-flex e-con e-child\" data-eae-slider=\"95898\" data-id=\"e6150a2\" data-element_type=\"container\">\n\t\t\t\t<div class=\"elementor-element elementor-element-9b85f4b elementor-widget elementor-widget-image\" data-id=\"9b85f4b\" data-element_type=\"widget\" data-widget_type=\"image.default\">\n\t\t\t\t<div class=\"elementor-widget-container\">\n\t\t\t\t\t\t\t\t\t\t\t\t\t\t\t<img fetchpriority=\"high\" decoding=\"async\" width=\"564\" height=\"733\" src=\"http:\/\/acodalej.sk\/wp-content\/uploads\/2023\/11\/jesus-help.jpg\" class=\"attachment-full size-full wp-image-1596\" alt=\"\" srcset=\"http:\/\/acodalej.sk\/wp-content\/uploads\/2023\/11\/jesus-help.jpg 564w, http:\/\/acodalej.sk\/wp-content\/uploads\/2023\/11\/jesus-help-231x300.jpg 231w\" sizes=\"(max-width: 564px) 100vw, 564px\" \/>\t\t\t\t\t\t\t\t\t\t\t\t\t\t\t<\/div>\n\t\t\t\t<\/div>\n\t\t\t\t<\/div>\n\t\t<div class=\"has_eae_slider elementor-element elementor-element-96bd502 e-con-full e-flex e-con e-child\" data-eae-slider=\"35110\" data-id=\"96bd502\" data-element_type=\"container\">\n\t\t\t\t<div class=\"elementor-element elementor-element-a3059cc elementor-widget-tablet__width-inherit elementor-widget elementor-widget-heading\" data-id=\"a3059cc\" data-element_type=\"widget\" data-widget_type=\"heading.default\">\n\t\t\t\t<div class=\"elementor-widget-container\">\n\t\t\t\t\t<h2 class=\"elementor-heading-title elementor-size-default\">Dios tiene un plan para todos.<\/h2>\t\t\t\t<\/div>\n\t\t\t\t<\/div>\n\t\t\t\t<div class=\"elementor-element elementor-element-1707dfc elementor-widget elementor-widget-text-editor\" data-id=\"1707dfc\" data-element_type=\"widget\" data-widget_type=\"text-editor.default\">\n\t\t\t\t<div class=\"elementor-widget-container\">\n\t\t\t\t\t\t\t\t\t<p>Nuestra tarea es conocer a nuestro Creador, cumplir Su plan para nuestras vidas y ayudarnos unos a otros.<\/p>\t\t\t\t\t\t\t\t<\/div>\n\t\t\t\t<\/div>\n\t\t\t\t<div class=\"elementor-element elementor-element-ef27828 elementor-widget elementor-widget-text-editor\" data-id=\"ef27828\" data-element_type=\"widget\" data-widget_type=\"text-editor.default\">\n\t\t\t\t<div class=\"elementor-widget-container\">\n\t\t\t\t\t\t\t\t\t<p>Se dice que la historia se repite. S\u00ed, los acontecimientos hist\u00f3ricos se repiten, pero algunos son \u00fanicos. Una persona nace solo una vez y, tras esta vida terrenal, se va al juicio de Dios. Del juicio al cielo o al infierno.<\/p>\t\t\t\t\t\t\t\t<\/div>\n\t\t\t\t<\/div>\n\t\t\t\t<div class=\"elementor-element elementor-element-4f74bc3 elementor-widget elementor-widget-text-editor\" data-id=\"4f74bc3\" data-element_type=\"widget\" data-widget_type=\"text-editor.default\">\n\t\t\t\t<div class=\"elementor-widget-container\">\n\t\t\t\t\t\t\t\t\t<p>El Creador, nuestro Padre, nos cre\u00f3 a su imagen y nos encarg\u00f3 la administraci\u00f3n de la tierra. Tras la mencionada rebeli\u00f3n del hombre contra el Creador, fuimos expulsados de su presencia para siempre. \u00c9l, en su amor, nos ha preparado una oportunidad para regresar a \u00c9l.<\/p>\t\t\t\t\t\t\t\t<\/div>\n\t\t\t\t<\/div>\n\t\t\t\t<\/div>\n\t\t\t\t\t<\/div>\n\t\t\t\t<\/div>\n\t\t<div class=\"has_eae_slider elementor-element elementor-element-npkpmkc e-flex e-con-boxed e-con e-parent\" data-eae-slider=\"4962\" data-id=\"npkpmkc\" data-element_type=\"container\" data-settings=\"{&quot;background_background&quot;:&quot;classic&quot;}\">\n\t\t\t\t\t<div class=\"e-con-inner\">\n\t\t<div class=\"has_eae_slider elementor-element elementor-element-1f7f824 e-con-full e-flex e-con e-child\" data-eae-slider=\"40449\" data-id=\"1f7f824\" data-element_type=\"container\">\n\t\t\t\t<div class=\"elementor-element elementor-element-70b1a4d elementor-widget elementor-widget-text-editor\" data-id=\"70b1a4d\" data-element_type=\"widget\" data-widget_type=\"text-editor.default\">\n\t\t\t\t<div class=\"elementor-widget-container\">\n\t\t\t\t\t\t\t\t\t<p>Debido al crimen de los primeros seres humanos, Dios mat\u00f3 al animal y cubri\u00f3 a las personas con su piel ensangrentada para poder actuar en sus vidas y salvarlas. Tenemos la opci\u00f3n de construir una buena apariencia, reputaci\u00f3n y gloria en esta tierra, de donde vinimos desnudos y desnudos nos iremos por la eternidad. Tenemos la oportunidad de humillarnos y aceptar la voluntad de Dios para la vida terrenal y eterna, que el Se\u00f1or Jes\u00fas hizo posible para nosotros.<\/p>\t\t\t\t\t\t\t\t<\/div>\n\t\t\t\t<\/div>\n\t\t\t\t<div class=\"elementor-element elementor-element-28e49c8 elementor-widget elementor-widget-text-editor\" data-id=\"28e49c8\" data-element_type=\"widget\" data-widget_type=\"text-editor.default\">\n\t\t\t\t<div class=\"elementor-widget-container\">\n\t\t\t\t\t\t\t\t\t<p>Hay un juez y un criminal en el tribunal, quien ha sido declarado culpable de delitos. El criminal es condenado a muerte. Un hombre entra en la sala del tribunal y le pide al juez que le d\u00e9 al criminal la oportunidad de enmendarse. Ofreci\u00f3 su vida para ser castigado por el criminal y este fue liberado. El hombre que ofreci\u00f3 su vida es el hijo del juez, y el juez-padre le pidi\u00f3 que lo hiciera porque sent\u00eda pena por el criminal. El hijo fue ejecutado y el criminal fue liberado. Sale de la sala del tribunal y ve el cielo ba\u00f1ado por el sol, los p\u00e1jaros cantando. Tiene una nueva vida por delante, que el padre y el hijo hicieron posible gracias a su amor. Depende de cada persona c\u00f3mo vivir\u00e1. No habr\u00e1 una segunda oportunidad. Esta es la imagen de Dios Padre, el Hijo y cada uno de nosotros, criminales.<\/p>\n<p><span style=\"font-weight: 400;\">&nbsp;<\/span><\/p>\t\t\t\t\t\t\t\t<\/div>\n\t\t\t\t<\/div>\n\t\t\t\t<\/div>\n\t\t<div class=\"has_eae_slider elementor-element elementor-element-07afb6e e-con-full e-flex e-con e-child\" data-eae-slider=\"84606\" data-id=\"07afb6e\" data-element_type=\"container\">\n\t\t\t\t<div class=\"elementor-element elementor-element-83930a5 elementor-widget elementor-widget-image\" data-id=\"83930a5\" data-element_type=\"widget\" data-widget_type=\"image.default\">\n\t\t\t\t<div class=\"elementor-widget-container\">\n\t\t\t\t\t\t\t\t\t\t\t\t\t\t\t<img decoding=\"async\" width=\"1000\" height=\"563\" src=\"http:\/\/acodalej.sk\/wp-content\/uploads\/2023\/11\/judge.jpg\" class=\"attachment-full size-full wp-image-1597\" alt=\"\" srcset=\"http:\/\/acodalej.sk\/wp-content\/uploads\/2023\/11\/judge.jpg 1000w, http:\/\/acodalej.sk\/wp-content\/uploads\/2023\/11\/judge-300x169.jpg 300w, http:\/\/acodalej.sk\/wp-content\/uploads\/2023\/11\/judge-768x432.jpg 768w\" sizes=\"(max-width: 1000px) 100vw, 1000px\" \/>\t\t\t\t\t\t\t\t\t\t\t\t\t\t\t<\/div>\n\t\t\t\t<\/div>\n\t\t\t\t<\/div>\n\t\t\t\t\t<\/div>\n\t\t\t\t<\/div>\n\t\t<div class=\"has_eae_slider elementor-element elementor-element-9660113 e-flex e-con-boxed e-con e-parent\" data-eae-slider=\"62733\" data-id=\"9660113\" data-element_type=\"container\" data-settings=\"{&quot;background_background&quot;:&quot;classic&quot;}\">\n\t\t\t\t\t<div class=\"e-con-inner\">\n\t\t<div class=\"has_eae_slider elementor-element elementor-element-1714fe8 e-con-full e-flex e-con e-child\" data-eae-slider=\"1638\" data-id=\"1714fe8\" data-element_type=\"container\">\n\t\t\t\t<div class=\"elementor-element elementor-element-1923d4b elementor-widget elementor-widget-image\" data-id=\"1923d4b\" data-element_type=\"widget\" data-widget_type=\"image.default\">\n\t\t\t\t<div class=\"elementor-widget-container\">\n\t\t\t\t\t\t\t\t\t\t\t\t\t\t\t<img decoding=\"async\" width=\"612\" height=\"356\" src=\"http:\/\/acodalej.sk\/wp-content\/uploads\/2024\/02\/desatoro.png\" class=\"attachment-full size-full wp-image-2038\" alt=\"\" srcset=\"http:\/\/acodalej.sk\/wp-content\/uploads\/2024\/02\/desatoro.png 612w, http:\/\/acodalej.sk\/wp-content\/uploads\/2024\/02\/desatoro-300x175.png 300w\" sizes=\"(max-width: 612px) 100vw, 612px\" \/>\t\t\t\t\t\t\t\t\t\t\t\t\t\t\t<\/div>\n\t\t\t\t<\/div>\n\t\t\t\t<\/div>\n\t\t<div class=\"has_eae_slider elementor-element elementor-element-a86e0c5 e-con-full e-flex e-con e-child\" data-eae-slider=\"20790\" data-id=\"a86e0c5\" data-element_type=\"container\">\n\t\t\t\t<div class=\"elementor-element elementor-element-dc290a8 elementor-widget elementor-widget-text-editor\" data-id=\"dc290a8\" data-element_type=\"widget\" data-widget_type=\"text-editor.default\">\n\t\t\t\t<div class=\"elementor-widget-container\">\n\t\t\t\t\t\t\t\t\t<p>Dios es Santo, completamente puro, \u00c9l es Fuego, \u00c9l es Luz donde no hay sombra, \u00c9l es el Dios Terrible, Justo y Todopoderoso.<\/p>\t\t\t\t\t\t\t\t<\/div>\n\t\t\t\t<\/div>\n\t\t\t\t<div class=\"elementor-element elementor-element-76e7465 elementor-widget elementor-widget-text-editor\" data-id=\"76e7465\" data-element_type=\"widget\" data-widget_type=\"text-editor.default\">\n\t\t\t\t<div class=\"elementor-widget-container\">\n\t\t\t\t\t\t\t\t\t<p>Un ser malvado es como la madera, un ser fiel es como el oro. La madera arde en el fuego y el oro se refina. El Dios Santo nos muestra nuestra realidad: somos criminales que violamos las leyes de la vida. La frontera entre la vida y la muerte es la ley de Dios:<\/p>\t\t\t\t\t\t\t\t<\/div>\n\t\t\t\t<\/div>\n\t\t\t\t<div class=\"elementor-element elementor-element-61987f8 elementor-widget elementor-widget-text-editor\" data-id=\"61987f8\" data-element_type=\"widget\" data-widget_type=\"text-editor.default\">\n\t\t\t\t<div class=\"elementor-widget-container\">\n\t\t\t\t\t\t\t\t\t<p>1. Honra a Dios diariamente: recibe y guarda la palabra de Dios.<br>2. No adorar \u00eddolos: no seguir ninguna regla de vida que no sea la del Creador.<br>3. No tomes el Nombre de Dios en vano.<br>4. Trabajar seis d\u00edas y descansar el s\u00e9ptimo.<br>5. Honra a tu padre y a tu madre, para que tengas una larga vida y prosperes en la tierra.<br>6. No matar\u00e1s<br>7. No cometer\u00e1s adulterio \u2013 relaciones sexuales fuera del matrimonio entre un hombre y una mujer<br>8. No robar\u00e1s<br>9. no mientas ni calumnies<br>10. No tengas celos.<\/p>\t\t\t\t\t\t\t\t<\/div>\n\t\t\t\t<\/div>\n\t\t\t\t<\/div>\n\t\t\t\t\t<\/div>\n\t\t\t\t<\/div>\n\t\t<div class=\"has_eae_slider elementor-element elementor-element-fed1e7e e-flex e-con-boxed e-con e-parent\" data-eae-slider=\"76757\" data-id=\"fed1e7e\" data-element_type=\"container\" data-settings=\"{&quot;background_background&quot;:&quot;classic&quot;}\">\n\t\t\t\t\t<div class=\"e-con-inner\">\n\t\t<div class=\"has_eae_slider elementor-element elementor-element-929da76 e-con-full e-flex e-con e-child\" data-eae-slider=\"97973\" data-id=\"929da76\" data-element_type=\"container\">\n\t\t\t\t<div class=\"elementor-element elementor-element-7d65436 elementor-widget elementor-widget-text-editor\" data-id=\"7d65436\" data-element_type=\"widget\" data-widget_type=\"text-editor.default\">\n\t\t\t\t<div class=\"elementor-widget-container\">\n\t\t\t\t\t\t\t\t\t<p>La paga por quebrantar las leyes de la vida es la muerte, pero el don de Dios es la vida eterna por medio de Jesucristo. La muerte es un estado de separaci\u00f3n del Creador, soledad y decadencia. Si, tras escuchar estas palabras, reconozco este estado, yo, como convicto, puedo pedir amnist\u00eda. Dios no se impone a nadie; no nos necesita, nosotros lo necesitamos a \u00c9l.<\/p>\t\t\t\t\t\t\t\t<\/div>\n\t\t\t\t<\/div>\n\t\t\t\t<\/div>\n\t\t<div class=\"has_eae_slider elementor-element elementor-element-79c0a50 e-con-full e-flex e-con e-child\" data-eae-slider=\"37075\" data-id=\"79c0a50\" data-element_type=\"container\">\n\t\t\t\t<div class=\"elementor-element elementor-element-e34b43a elementor-widget elementor-widget-image\" data-id=\"e34b43a\" data-element_type=\"widget\" data-widget_type=\"image.default\">\n\t\t\t\t<div class=\"elementor-widget-container\">\n\t\t\t\t\t\t\t\t\t\t\t\t\t\t\t<img loading=\"lazy\" decoding=\"async\" width=\"1376\" height=\"774\" src=\"http:\/\/acodalej.sk\/wp-content\/uploads\/2023\/11\/calltogod.jpeg\" class=\"attachment-full size-full wp-image-1598\" alt=\"\" srcset=\"http:\/\/acodalej.sk\/wp-content\/uploads\/2023\/11\/calltogod.jpeg 1376w, http:\/\/acodalej.sk\/wp-content\/uploads\/2023\/11\/calltogod-300x169.jpeg 300w, http:\/\/acodalej.sk\/wp-content\/uploads\/2023\/11\/calltogod-1024x576.jpeg 1024w, http:\/\/acodalej.sk\/wp-content\/uploads\/2023\/11\/calltogod-768x432.jpeg 768w\" sizes=\"(max-width: 1376px) 100vw, 1376px\" \/>\t\t\t\t\t\t\t\t\t\t\t\t\t\t\t<\/div>\n\t\t\t\t<\/div>\n\t\t\t\t<\/div>\n\t\t\t\t\t<\/div>\n\t\t\t\t<\/div>\n\t\t<div class=\"has_eae_slider elementor-element elementor-element-5eb1d3cd e-flex e-con-boxed e-con e-parent\" data-eae-slider=\"84580\" data-id=\"5eb1d3cd\" data-element_type=\"container\" data-settings=\"{&quot;background_background&quot;:&quot;classic&quot;}\">\n\t\t\t\t\t<div class=\"e-con-inner\">\n\t\t<div class=\"has_eae_slider elementor-element elementor-element-6f38eaa3 e-con-full e-flex e-con e-child\" data-eae-slider=\"21454\" data-id=\"6f38eaa3\" data-element_type=\"container\">\n\t\t\t\t<div class=\"elementor-element elementor-element-2f650512 elementor-widget elementor-widget-image\" data-id=\"2f650512\" data-element_type=\"widget\" data-widget_type=\"image.default\">\n\t\t\t\t<div class=\"elementor-widget-container\">\n\t\t\t\t\t\t\t\t\t\t\t\t\t\t\t<img loading=\"lazy\" decoding=\"async\" width=\"2560\" height=\"1390\" src=\"http:\/\/acodalej.sk\/wp-content\/uploads\/2023\/11\/jesusanddisciples-scaled.webp\" class=\"attachment-full size-full wp-image-1599\" alt=\"\" srcset=\"http:\/\/acodalej.sk\/wp-content\/uploads\/2023\/11\/jesusanddisciples-scaled.webp 2560w, http:\/\/acodalej.sk\/wp-content\/uploads\/2023\/11\/jesusanddisciples-300x163.webp 300w, http:\/\/acodalej.sk\/wp-content\/uploads\/2023\/11\/jesusanddisciples-1024x556.webp 1024w, http:\/\/acodalej.sk\/wp-content\/uploads\/2023\/11\/jesusanddisciples-768x417.webp 768w, http:\/\/acodalej.sk\/wp-content\/uploads\/2023\/11\/jesusanddisciples-1536x834.webp 1536w, http:\/\/acodalej.sk\/wp-content\/uploads\/2023\/11\/jesusanddisciples-2048x1112.webp 2048w\" sizes=\"(max-width: 2560px) 100vw, 2560px\" \/>\t\t\t\t\t\t\t\t\t\t\t\t\t\t\t<\/div>\n\t\t\t\t<\/div>\n\t\t\t\t<\/div>\n\t\t<div class=\"has_eae_slider elementor-element elementor-element-298f70f1 e-con-full e-flex e-con e-child\" data-eae-slider=\"67177\" data-id=\"298f70f1\" data-element_type=\"container\">\n\t\t\t\t<div class=\"elementor-element elementor-element-6f1fb878 elementor-widget elementor-widget-text-editor\" data-id=\"6f1fb878\" data-element_type=\"widget\" data-widget_type=\"text-editor.default\">\n\t\t\t\t<div class=\"elementor-widget-container\">\n\t\t\t\t\t\t\t\t\t<p>Cuando comprendemos que todos nuestros esfuerzos y existencia sin \u00c9l fueron en vano, y que eventualmente perecer\u00edan en el sufrimiento del infierno, podemos admitir que estamos perdidos y pedir misericordia. Dios dio a su Hijo \u00danico y anunci\u00f3 esta intenci\u00f3n con miles de a\u00f1os de anticipaci\u00f3n a trav\u00e9s de personas que lo buscaron y le rogaron por esta gracia. Su Hijo apareci\u00f3 como Jes\u00fas de Nazaret hace 2000 a\u00f1os y vivi\u00f3 seg\u00fan las reglas del Creador escritas en la Biblia. Cuando ten\u00eda m\u00e1s de 35 a\u00f1os, el Padre lo llam\u00f3 para cumplir su llamado en la tierra. Comenz\u00f3 a predicar la palabra de Dios, la cual hab\u00eda aprendido y vivido durante d\u00e9cadas en la tierra como un hombre sencillo. Dios confirm\u00f3 esas palabras con milagros como la sanaci\u00f3n de cojos, ciegos y sordos, la transformaci\u00f3n de vidas de personas de malas a buenas, la liberaci\u00f3n de esp\u00edritus malignos, la resurrecci\u00f3n de muertos, la multiplicaci\u00f3n de alimentos, el apaciguamiento de tormentas y muchas otras confirmaciones sobrenaturales de Dios. Las personas que estaban satisfechas con su vida malvada en la tierra lo odiaron y lo asesinaron brutalmente. No se resisti\u00f3, porque al hacerlo entreg\u00f3 su vida como sacrificio, como rescate por todos. Al tercer d\u00eda despu\u00e9s de su muerte, resucit\u00f3 y se apareci\u00f3 a sus amigos cercanos durante cuarenta d\u00edas. Luego, ante la vista de unas quinientas personas, ascendi\u00f3 al cielo y desapareci\u00f3 entre las nubes. Ascendi\u00f3 al cielo, donde se celebr\u00f3 una gran celebraci\u00f3n y la coronaci\u00f3n del Rey y Salvador de la humanidad.<\/p>\t\t\t\t\t\t\t\t<\/div>\n\t\t\t\t<\/div>\n\t\t\t\t<\/div>\n\t\t\t\t\t<\/div>\n\t\t\t\t<\/div>\n\t\t<div class=\"has_eae_slider elementor-element elementor-element-775376a e-con-full e-flex e-con e-parent\" data-eae-slider=\"11353\" data-id=\"775376a\" data-element_type=\"container\" data-settings=\"{&quot;background_background&quot;:&quot;classic&quot;,&quot;animation&quot;:&quot;none&quot;}\">\n\t\t<div class=\"has_eae_slider elementor-element elementor-element-1668c8b e-con-full e-flex e-con e-child\" data-eae-slider=\"35349\" data-id=\"1668c8b\" data-element_type=\"container\">\n\t\t\t\t<div class=\"elementor-element elementor-element-702c9e5 elementor-widget elementor-widget-text-editor\" data-id=\"702c9e5\" data-element_type=\"widget\" data-widget_type=\"text-editor.default\">\n\t\t\t\t<div class=\"elementor-widget-container\">\n\t\t\t\t\t\t\t\t\t<p style=\"text-align: left;\">Estamos llenos de informaci\u00f3n del mundo y de fe en ella, pero cuando creemos en la palabra de Dios y le pedimos confirmaci\u00f3n, la respuesta llega, y todos los que la han experimentado dan testimonio de una paz asombrosa y un cambio positivo en su vida. Se trata del significado m\u00e1s importante de nuestra vida en la tierra: conocer a nuestro Creador y Salvador, y la consiguiente separaci\u00f3n de las influencias que han destruido nuestras vidas, familias y sociedad. Tras la visita de Dios, viene nuestra confirmaci\u00f3n: una se\u00f1al que Dios llama inmersi\u00f3n en agua, donde expresamos que el Se\u00f1or Jes\u00fas muri\u00f3 por nosotros en la cruz, fue sepultado y resucit\u00f3 del agua, cuando el Se\u00f1or Jes\u00fas resucit\u00f3 de la tumba a la vida eterna. As\u00ed, reconozco que mor\u00ed con \u00c9l por la rebeli\u00f3n y el crimen, para darle espacio a Dios para que gu\u00ede mi vida. Dios nos gu\u00eda a trav\u00e9s de la recepci\u00f3n diaria de su palabra de la Biblia y tiene un plan espec\u00edfico para cada persona, sin importar su raza, educaci\u00f3n, edad, g\u00e9nero, antecedentes religiosos ni los cr\u00edmenes cometidos. El plan de Dios es bueno, perfecto y agradable para cada persona.<\/p>\n<p style=\"text-align: left;\"><b>Padre, T\u00fa est\u00e1s vivo y me escuch\u00e1s, T\u00fa me creaste, por favor dame un coraz\u00f3n puro para que pueda ver lo que has preparado para m\u00ed en la tierra y en el cielo.<\/b><\/p>\t\t\t\t\t\t\t\t<\/div>\n\t\t\t\t<\/div>\n\t\t\t\t<div class=\"elementor-element elementor-element-42ebe43 elementor-widget elementor-widget-video\" data-id=\"42ebe43\" data-element_type=\"widget\" data-settings=\"{&quot;youtube_url&quot;:&quot;https:\\\/\\\/youtu.be\\\/qo-OHwppAko?feature=shared&quot;,&quot;video_type&quot;:&quot;youtube&quot;,&quot;controls&quot;:&quot;yes&quot;}\" data-widget_type=\"video.default\">\n\t\t\t\t<div class=\"elementor-widget-container\">\n\t\t\t\t\t\t\t<div class=\"elementor-wrapper elementor-open-inline\">\n\t\t\t<div class=\"elementor-video\"><\/div>\t\t<\/div>\n\t\t\t\t\t\t<\/div>\n\t\t\t\t<\/div>\n\t\t\t\t<\/div>\n\t\t\t\t<\/div>\n\t\t\t\t<\/div>","protected":false},"excerpt":{"rendered":"<p>Na \u010do tu sme? Boh m\u00e1 pl\u00e1n pre ka\u017ed\u00e9ho Na\u0161a \u00faloha je pozn\u00e1va\u0165 n\u00e1\u0161ho Stvorite\u013ea, plni\u0165 Jeho pl\u00e1n pre na\u0161e \u017eivoty a navz\u00e1jom si pom\u00e1ha\u0165. Hovor\u00ed sa, \u017ee hist\u00f3ria sa opakuje. \u00c1no udalosti hist\u00f3rie sa opakuj\u00fa, ale niektor\u00e9 udalosti s\u00fa jednorazov\u00e9. Iba raz sa \u010dlovek narod\u00ed a po pozemskom \u017eivote odch\u00e1dza a ide na Bo\u017e\u00ed [&hellip;]<\/p>","protected":false},"author":1,"featured_media":0,"parent":0,"menu_order":0,"comment_status":"closed","ping_status":"closed","template":"","meta":{"site-sidebar-layout":"no-sidebar","site-content-layout":"page-builder","ast-site-content-layout":"full-width-container","site-content-style":"default","site-sidebar-style":"default","ast-global-header-display":"","ast-banner-title-visibility":"","ast-main-header-display":"","ast-hfb-above-header-display":"","ast-hfb-below-header-display":"","ast-hfb-mobile-header-display":"","site-post-title":"disabled","ast-breadcrumbs-content":"disabled","ast-featured-img":"disabled","footer-sml-layout":"","theme-transparent-header-meta":"enabled","adv-header-id-meta":"","stick-header-meta":"","header-above-stick-meta":"","header-main-stick-meta":"","header-below-stick-meta":"","astra-migrate-meta-layouts":"set","ast-page-background-enabled":"default","ast-page-background-meta":{"desktop":{"background-color":"var(--ast-global-color-4)","background-image":"","background-repeat":"repeat","background-position":"center center","background-size":"auto","background-attachment":"scroll","background-type":"","background-media":"","overlay-type":"","overlay-color":"","overlay-opacity":"","overlay-gradient":""},"tablet":{"background-color":"","background-image":"","background-repeat":"repeat","background-position":"center center","background-size":"auto","background-attachment":"scroll","background-type":"","background-media":"","overlay-type":"","overlay-color":"","overlay-opacity":"","overlay-gradient":""},"mobile":{"background-color":"","background-image":"","background-repeat":"repeat","background-position":"center center","background-size":"auto","background-attachment":"scroll","background-type":"","background-media":"","overlay-type":"","overlay-color":"","overlay-opacity":"","overlay-gradient":""}},"ast-content-background-meta":{"desktop":{"background-color":"var(--ast-global-color-5)","background-image":"","background-repeat":"repeat","background-position":"center center","background-size":"auto","background-attachment":"scroll","background-type":"","background-media":"","overlay-type":"","overlay-color":"","overlay-opacity":"","overlay-gradient":""},"tablet":{"background-color":"var(--ast-global-color-5)","background-image":"","background-repeat":"repeat","background-position":"center center","background-size":"auto","background-attachment":"scroll","background-type":"","background-media":"","overlay-type":"","overlay-color":"","overlay-opacity":"","overlay-gradient":""},"mobile":{"background-color":"var(--ast-global-color-5)","background-image":"","background-repeat":"repeat","background-position":"center center","background-size":"auto","background-attachment":"scroll","background-type":"","background-media":"","overlay-type":"","overlay-color":"","overlay-opacity":"","overlay-gradient":""}},"footnotes":""},"class_list":["post-1584","page","type-page","status-publish","hentry"],"_links":{"self":[{"href":"http:\/\/acodalej.sk\/es\/wp-json\/wp\/v2\/pages\/1584","targetHints":{"allow":["GET"]}}],"collection":[{"href":"http:\/\/acodalej.sk\/es\/wp-json\/wp\/v2\/pages"}],"about":[{"href":"http:\/\/acodalej.sk\/es\/wp-json\/wp\/v2\/types\/page"}],"author":[{"embeddable":true,"href":"http:\/\/acodalej.sk\/es\/wp-json\/wp\/v2\/users\/1"}],"replies":[{"embeddable":true,"href":"http:\/\/acodalej.sk\/es\/wp-json\/wp\/v2\/comments?post=1584"}],"version-history":[{"count":0,"href":"http:\/\/acodalej.sk\/es\/wp-json\/wp\/v2\/pages\/1584\/revisions"}],"wp:attachment":[{"href":"http:\/\/acodalej.sk\/es\/wp-json\/wp\/v2\/media?parent=1584"}],"curies":[{"name":"wp","href":"https:\/\/api.w.org\/{rel}","templated":true}]}}