{"id":1616,"date":"2023-11-26T21:25:28","date_gmt":"2023-11-26T21:25:28","guid":{"rendered":"http:\/\/acodalej.sk\/?page_id=1616"},"modified":"2024-02-18T12:22:29","modified_gmt":"2024-02-18T12:22:29","slug":"kam-ideme","status":"publish","type":"page","link":"http:\/\/acodalej.sk\/es\/kam-ideme\/","title":{"rendered":"kam ideme"},"content":{"rendered":"<div data-elementor-type=\"wp-page\" data-elementor-id=\"1616\" class=\"elementor elementor-1616\">\n\t\t\t\t<div class=\"has_eae_slider elementor-element elementor-element-2bc174e e-flex e-con-boxed e-con e-parent\" data-eae-slider=\"19959\" data-id=\"2bc174e\" data-element_type=\"container\" data-settings=\"{&quot;background_background&quot;:&quot;classic&quot;}\">\n\t\t\t\t\t<div class=\"e-con-inner\">\n\t\t\t\t<div class=\"elementor-element elementor-element-6494bb0 elementor-widget elementor-widget-heading\" data-id=\"6494bb0\" data-element_type=\"widget\" data-widget_type=\"heading.default\">\n\t\t\t\t<div class=\"elementor-widget-container\">\n\t\t\t\t\t<h1 class=\"elementor-heading-title elementor-size-default\">\u00bfA d\u00f3nde vamos?<\/h1>\t\t\t\t<\/div>\n\t\t\t\t<\/div>\n\t\t\t\t\t<\/div>\n\t\t\t\t<\/div>\n\t\t<div class=\"has_eae_slider elementor-element elementor-element-f405cac e-flex e-con-boxed e-con e-parent\" data-eae-slider=\"26962\" data-id=\"f405cac\" data-element_type=\"container\" data-settings=\"{&quot;background_background&quot;:&quot;classic&quot;}\">\n\t\t\t\t\t<div class=\"e-con-inner\">\n\t\t<div class=\"has_eae_slider elementor-element elementor-element-f95fb46 e-con-full e-flex e-con e-child\" data-eae-slider=\"95358\" data-id=\"f95fb46\" data-element_type=\"container\">\n\t\t\t\t<div class=\"elementor-element elementor-element-6a2127e elementor-widget elementor-widget-image\" data-id=\"6a2127e\" data-element_type=\"widget\" data-widget_type=\"image.default\">\n\t\t\t\t<div class=\"elementor-widget-container\">\n\t\t\t\t\t\t\t\t\t\t\t\t\t\t\t<img fetchpriority=\"high\" decoding=\"async\" width=\"572\" height=\"360\" src=\"http:\/\/acodalej.sk\/wp-content\/uploads\/2023\/11\/overcome-obstacles.jpg\" class=\"attachment-full size-full wp-image-1621\" alt=\"\" srcset=\"http:\/\/acodalej.sk\/wp-content\/uploads\/2023\/11\/overcome-obstacles.jpg 572w, http:\/\/acodalej.sk\/wp-content\/uploads\/2023\/11\/overcome-obstacles-300x189.jpg 300w\" sizes=\"(max-width: 572px) 100vw, 572px\" \/>\t\t\t\t\t\t\t\t\t\t\t\t\t\t\t<\/div>\n\t\t\t\t<\/div>\n\t\t\t\t<\/div>\n\t\t<div class=\"has_eae_slider elementor-element elementor-element-a70d827 e-con-full e-flex e-con e-child\" data-eae-slider=\"20548\" data-id=\"a70d827\" data-element_type=\"container\">\n\t\t\t\t<div class=\"elementor-element elementor-element-bb36b83 elementor-widget elementor-widget-text-editor\" data-id=\"bb36b83\" data-element_type=\"widget\" data-widget_type=\"text-editor.default\">\n\t\t\t\t<div class=\"elementor-widget-container\">\n\t\t\t\t\t\t\t\t\t<p>Una persona solo vive una vez en la tierra, y luego habr\u00e1 juicio. Podemos hacer lo que queramos en la tierra, pero recordemos que responderemos de todo ante el Creador en el juicio seg\u00fan sus reglas, no seg\u00fan invenciones humanas.\u00a0 <\/p>\t\t\t\t\t\t\t\t<\/div>\n\t\t\t\t<\/div>\n\t\t\t\t<div class=\"elementor-element elementor-element-22bffc8 elementor-widget elementor-widget-text-editor\" data-id=\"22bffc8\" data-element_type=\"widget\" data-widget_type=\"text-editor.default\">\n\t\t\t\t<div class=\"elementor-widget-container\">\n\t\t\t\t\t\t\t\t\t<p>Ya aqu\u00ed en la tierra podemos experimentar la sabidur\u00eda, el poder y el amor de nuestro Creador y saborear los frutos de una vida sometida a su palabra en la Biblia. Podemos experimentar paz, alegr\u00eda, amor, familias felices, comunidades, sanidades, ayuda en la escuela, en el trabajo y en la vida diaria.<\/p>\t\t\t\t\t\t\t\t<\/div>\n\t\t\t\t<\/div>\n\t\t\t\t<div class=\"elementor-element elementor-element-61b62fd elementor-widget elementor-widget-text-editor\" data-id=\"61b62fd\" data-element_type=\"widget\" data-widget_type=\"text-editor.default\">\n\t\t\t\t<div class=\"elementor-widget-container\">\n\t\t\t\t\t\t\t\t\t<p>Esta es su ayuda en los momentos dif\u00edciles de la vida, en las pruebas. Pasamos por pruebas en la tierra, bajo la influencia de seres malignos, tanto humanos como invisibles, que se deleitan con el dolor y el sufrimiento.<\/p>\t\t\t\t\t\t\t\t<\/div>\n\t\t\t\t<\/div>\n\t\t\t\t<\/div>\n\t\t\t\t\t<\/div>\n\t\t\t\t<\/div>\n\t\t<div class=\"has_eae_slider elementor-element elementor-element-41ad2b7 e-flex e-con-boxed e-con e-parent\" data-eae-slider=\"51729\" data-id=\"41ad2b7\" data-element_type=\"container\" data-settings=\"{&quot;background_background&quot;:&quot;classic&quot;}\">\n\t\t\t\t\t<div class=\"e-con-inner\">\n\t\t<div class=\"has_eae_slider elementor-element elementor-element-3bb6104 e-con-full e-flex e-con e-child\" data-eae-slider=\"12389\" data-id=\"3bb6104\" data-element_type=\"container\">\n\t\t\t\t<div class=\"elementor-element elementor-element-b2360d1 elementor-widget elementor-widget-text-editor\" data-id=\"b2360d1\" data-element_type=\"widget\" data-widget_type=\"text-editor.default\">\n\t\t\t\t<div class=\"elementor-widget-container\">\n\t\t\t\t\t\t\t\t\t<p>La Biblia dice que somos tan corruptos que ninguno busca a Dios. Pero \u00e9l, en su amor, nos cuida y nos da momentos brillantes en la vida cuando nos preguntamos qu\u00e9 nos suceder\u00e1 despu\u00e9s.<\/p>\t\t\t\t\t\t\t\t<\/div>\n\t\t\t\t<\/div>\n\t\t\t\t<div class=\"elementor-element elementor-element-1eeb736 elementor-widget elementor-widget-text-editor\" data-id=\"1eeb736\" data-element_type=\"widget\" data-widget_type=\"text-editor.default\">\n\t\t\t\t<div class=\"elementor-widget-container\">\n\t\t\t\t\t\t\t\t\t<p>\u00a0Muchas personas han experimentado el umbral de la muerte, y a\u00fan m\u00e1s lo han cruzado y regresado para contarlo. Lo cierto es que toda persona debe alg\u00fan d\u00eda dejar esta tierra para la eternidad, y tenemos evidencia de ello en los cementerios.\u00a0<\/p>\t\t\t\t\t\t\t\t<\/div>\n\t\t\t\t<\/div>\n\t\t\t\t<div class=\"elementor-element elementor-element-83b32d9 elementor-widget elementor-widget-text-editor\" data-id=\"83b32d9\" data-element_type=\"widget\" data-widget_type=\"text-editor.default\">\n\t\t\t\t<div class=\"elementor-widget-container\">\n\t\t\t\t\t\t\t\t\t<p>Est\u00e1 en la Biblia desde hace 3000 a\u00f1os.\u00a0<span style=\"text-align: var(--text-align); background-color: var( --e-global-color-astglobalcolor5 ); font-size: 1rem;\">escrito<\/span><span style=\"text-align: var(--text-align); background-color: var( --e-global-color-astglobalcolor5 ); font-size: 1rem;\">,<\/span><span style=\"font-style: inherit; font-weight: inherit; text-align: var(--text-align); background-color: var( --e-global-color-astglobalcolor5 );\">\u00a0Que Dios ha acortado la vida humana a 70 u 80 a\u00f1os. La gente se prepara para ex\u00e1menes escolares, para el trabajo, entrevistas de trabajo, presentaciones, planeando carreras profesionales, vacaciones, pero no sabemos si despertaremos por la ma\u00f1ana. En Eslovaquia, mucha gente ten\u00eda planes para la vida en la tierra, pero debido al impacto del coronavirus, miles tuvieron que dejarlos sin planificar.<\/span><\/p>\t\t\t\t\t\t\t\t<\/div>\n\t\t\t\t<\/div>\n\t\t\t\t<\/div>\n\t\t<div class=\"has_eae_slider elementor-element elementor-element-1fed43b e-con-full e-flex e-con e-child\" data-eae-slider=\"52137\" data-id=\"1fed43b\" data-element_type=\"container\">\n\t\t\t\t<div class=\"elementor-element elementor-element-4bab425 elementor-widget elementor-widget-image\" data-id=\"4bab425\" data-element_type=\"widget\" data-widget_type=\"image.default\">\n\t\t\t\t<div class=\"elementor-widget-container\">\n\t\t\t\t\t\t\t\t\t\t\t\t\t\t\t<img decoding=\"async\" width=\"320\" height=\"360\" src=\"http:\/\/acodalej.sk\/wp-content\/uploads\/2023\/11\/godknowyourdays.jpg\" class=\"attachment-full size-full wp-image-1622\" alt=\"\" srcset=\"http:\/\/acodalej.sk\/wp-content\/uploads\/2023\/11\/godknowyourdays.jpg 320w, http:\/\/acodalej.sk\/wp-content\/uploads\/2023\/11\/godknowyourdays-267x300.jpg 267w\" sizes=\"(max-width: 320px) 100vw, 320px\" \/>\t\t\t\t\t\t\t\t\t\t\t\t\t\t\t<\/div>\n\t\t\t\t<\/div>\n\t\t\t\t<\/div>\n\t\t\t\t\t<\/div>\n\t\t\t\t<\/div>\n\t\t<div class=\"has_eae_slider elementor-element elementor-element-666bf6e e-flex e-con-boxed e-con e-parent\" data-eae-slider=\"98058\" data-id=\"666bf6e\" data-element_type=\"container\" data-settings=\"{&quot;background_background&quot;:&quot;classic&quot;}\">\n\t\t\t\t\t<div class=\"e-con-inner\">\n\t\t<div class=\"has_eae_slider elementor-element elementor-element-d55a688 e-con-full e-flex e-con e-child\" data-eae-slider=\"61888\" data-id=\"d55a688\" data-element_type=\"container\">\n\t\t\t\t<div class=\"elementor-element elementor-element-dbb6126 elementor-widget elementor-widget-image\" data-id=\"dbb6126\" data-element_type=\"widget\" data-widget_type=\"image.default\">\n\t\t\t\t<div class=\"elementor-widget-container\">\n\t\t\t\t\t\t\t\t\t\t\t\t\t\t\t<img decoding=\"async\" width=\"310\" height=\"163\" src=\"http:\/\/acodalej.sk\/wp-content\/uploads\/2023\/11\/fromdeathtolife.jpg\" class=\"attachment-full size-full wp-image-1623\" alt=\"\" srcset=\"http:\/\/acodalej.sk\/wp-content\/uploads\/2023\/11\/fromdeathtolife.jpg 310w, http:\/\/acodalej.sk\/wp-content\/uploads\/2023\/11\/fromdeathtolife-300x158.jpg 300w\" sizes=\"(max-width: 310px) 100vw, 310px\" \/>\t\t\t\t\t\t\t\t\t\t\t\t\t\t\t<\/div>\n\t\t\t\t<\/div>\n\t\t\t\t<\/div>\n\t\t<div class=\"has_eae_slider elementor-element elementor-element-7be8045 e-con-full e-flex e-con e-child\" data-eae-slider=\"30868\" data-id=\"7be8045\" data-element_type=\"container\">\n\t\t\t\t<div class=\"elementor-element elementor-element-6fa152b elementor-widget elementor-widget-text-editor\" data-id=\"6fa152b\" data-element_type=\"widget\" data-widget_type=\"text-editor.default\">\n\t\t\t\t<div class=\"elementor-widget-container\">\n\t\t\t\t\t\t\t\t\t<p>Ninguno de nosotros tiene el d\u00eda de su muerte en su agenda, y la mayor\u00eda evita pensar en ello. Pero es una realidad que todos debemos afrontar, sin excepci\u00f3n. Hay diferentes teor\u00edas, pero Dios en su palabra nos prepara para esta realidad.<\/p>\t\t\t\t\t\t\t\t<\/div>\n\t\t\t\t<\/div>\n\t\t\t\t<div class=\"elementor-element elementor-element-a4660fa elementor-widget elementor-widget-text-editor\" data-id=\"a4660fa\" data-element_type=\"widget\" data-widget_type=\"text-editor.default\">\n\t\t\t\t<div class=\"elementor-widget-container\">\n\t\t\t\t\t\t\t\t\t<p>La separaci\u00f3n del esp\u00edritu humano del cuerpo es consecuencia de la mortalidad. La mortalidad es consecuencia del crimen, es decir, la violaci\u00f3n de la ley de Dios. Nuestro esp\u00edritu, alma y cuerpo han quedado bajo la influencia de la muerte.<\/p>\t\t\t\t\t\t\t\t<\/div>\n\t\t\t\t<\/div>\n\t\t\t\t<div class=\"elementor-element elementor-element-90e5155 elementor-widget elementor-widget-text-editor\" data-id=\"90e5155\" data-element_type=\"widget\" data-widget_type=\"text-editor.default\">\n\t\t\t\t<div class=\"elementor-widget-container\">\n\t\t\t\t\t\t\t\t\t<p>Al escuchar el mensaje de Dios sobre el Se\u00f1or Jes\u00fas, aceptarlo y el acto subsiguiente de sumergirse en agua, Dios resucita el esp\u00edritu humano a una nueva vida y la persona comienza a ver la vida de una manera diferente a como la ve\u00eda antes de esta experiencia. El impulso mismo de buscar a Dios lo da Dios mismo.<\/p>\t\t\t\t\t\t\t\t<\/div>\n\t\t\t\t<\/div>\n\t\t\t\t<\/div>\n\t\t\t\t\t<\/div>\n\t\t\t\t<\/div>\n\t\t<div class=\"has_eae_slider elementor-element elementor-element-ddfa39b e-flex e-con-boxed e-con e-parent\" data-eae-slider=\"4191\" data-id=\"ddfa39b\" data-element_type=\"container\" data-settings=\"{&quot;background_background&quot;:&quot;classic&quot;}\">\n\t\t\t\t\t<div class=\"e-con-inner\">\n\t\t<div class=\"has_eae_slider elementor-element elementor-element-5cd5bf7 e-con-full e-flex e-con e-child\" data-eae-slider=\"15864\" data-id=\"5cd5bf7\" data-element_type=\"container\">\n\t\t\t\t<div class=\"elementor-element elementor-element-5c7365d elementor-widget elementor-widget-text-editor\" data-id=\"5c7365d\" data-element_type=\"widget\" data-widget_type=\"text-editor.default\">\n\t\t\t\t<div class=\"elementor-widget-container\">\n\t\t\t\t\t\t\t\t\t<p>Al leer estas l\u00edneas y dirigir tu atenci\u00f3n a Dios, te corresponde decidir libremente qu\u00e9 har\u00e1s a continuaci\u00f3n. Hay dos opciones: rechazar, y abrir tu coraz\u00f3n y aceptar la oferta de Dios de una nueva vida, decidiendo dejar atr\u00e1s la vida anterior. Al aceptar la nueva vida de Dios, el esp\u00edritu del hombre resucita y sus valores, estilo de vida y comportamiento cambian.<\/p>\t\t\t\t\t\t\t\t<\/div>\n\t\t\t\t<\/div>\n\t\t\t\t<div class=\"elementor-element elementor-element-1c38901 elementor-widget elementor-widget-text-editor\" data-id=\"1c38901\" data-element_type=\"widget\" data-widget_type=\"text-editor.default\">\n\t\t\t\t<div class=\"elementor-widget-container\">\n\t\t\t\t\t\t\t\t\t<p>Cuando respondemos con coraz\u00f3n abierto al llamado de Dios, \u00c9l confirma en nuestro coraz\u00f3n que \u00c9l es el \u00danico Dios, Jes\u00fas es el \u00danico Salvador de la humanidad, la Biblia es su palabra, el plan de Dios para la vida de cada uno de nosotros, su pueblo en la tierra, el cielo y el infierno. El hombre ya no est\u00e1 atado por el miedo a la muerte, porque recibe la vida de Dios y las promesas de su palabra, la Biblia.<\/p>\t\t\t\t\t\t\t\t<\/div>\n\t\t\t\t<\/div>\n\t\t\t\t<div class=\"elementor-element elementor-element-c1cfd31 elementor-widget elementor-widget-text-editor\" data-id=\"c1cfd31\" data-element_type=\"widget\" data-widget_type=\"text-editor.default\">\n\t\t\t\t<div class=\"elementor-widget-container\">\n\t\t\t\t\t\t\t\t\t<p>No se puede demostrar cient\u00edfica ni f\u00edsicamente; es una convicci\u00f3n interior que Dios mismo infunde en el coraz\u00f3n-esp\u00edritu del hombre, la cual se manifestar\u00e1 en un cambio de vida interior, posteriormente manifestado externamente. No se trata de una conducta religiosa aprendida, sino de la unidad del esp\u00edritu del hombre con Dios el Creador.<\/p>\t\t\t\t\t\t\t\t<\/div>\n\t\t\t\t<\/div>\n\t\t\t\t<\/div>\n\t\t<div class=\"has_eae_slider elementor-element elementor-element-42b6f65 e-con-full e-flex e-con e-child\" data-eae-slider=\"84053\" data-id=\"42b6f65\" data-element_type=\"container\">\n\t\t\t\t<div class=\"elementor-element elementor-element-f0501b2 elementor-widget elementor-widget-image\" data-id=\"f0501b2\" data-element_type=\"widget\" data-widget_type=\"image.default\">\n\t\t\t\t<div class=\"elementor-widget-container\">\n\t\t\t\t\t\t\t\t\t\t\t\t\t\t\t<img loading=\"lazy\" decoding=\"async\" width=\"1376\" height=\"774\" src=\"http:\/\/acodalej.sk\/wp-content\/uploads\/2023\/11\/calltogod.jpeg\" class=\"attachment-full size-full wp-image-1598\" alt=\"\" srcset=\"http:\/\/acodalej.sk\/wp-content\/uploads\/2023\/11\/calltogod.jpeg 1376w, http:\/\/acodalej.sk\/wp-content\/uploads\/2023\/11\/calltogod-300x169.jpeg 300w, http:\/\/acodalej.sk\/wp-content\/uploads\/2023\/11\/calltogod-1024x576.jpeg 1024w, http:\/\/acodalej.sk\/wp-content\/uploads\/2023\/11\/calltogod-768x432.jpeg 768w\" sizes=\"(max-width: 1376px) 100vw, 1376px\" \/>\t\t\t\t\t\t\t\t\t\t\t\t\t\t\t<\/div>\n\t\t\t\t<\/div>\n\t\t\t\t<\/div>\n\t\t\t\t\t<\/div>\n\t\t\t\t<\/div>\n\t\t<div class=\"has_eae_slider elementor-element elementor-element-f8656d6 e-flex e-con-boxed e-con e-parent\" data-eae-slider=\"94047\" data-id=\"f8656d6\" data-element_type=\"container\" data-settings=\"{&quot;background_background&quot;:&quot;classic&quot;}\">\n\t\t\t\t\t<div class=\"e-con-inner\">\n\t\t<div class=\"has_eae_slider elementor-element elementor-element-7576bae e-con-full e-flex e-con e-child\" data-eae-slider=\"55763\" data-id=\"7576bae\" data-element_type=\"container\">\n\t\t\t\t<div class=\"elementor-element elementor-element-d1b5bda elementor-widget elementor-widget-image\" data-id=\"d1b5bda\" data-element_type=\"widget\" data-widget_type=\"image.default\">\n\t\t\t\t<div class=\"elementor-widget-container\">\n\t\t\t\t\t\t\t\t\t\t\t\t\t\t\t<img loading=\"lazy\" decoding=\"async\" width=\"540\" height=\"360\" src=\"http:\/\/acodalej.sk\/wp-content\/uploads\/2023\/11\/newjerusalem.jpg\" class=\"attachment-full size-full wp-image-1624\" alt=\"\" srcset=\"http:\/\/acodalej.sk\/wp-content\/uploads\/2023\/11\/newjerusalem.jpg 540w, http:\/\/acodalej.sk\/wp-content\/uploads\/2023\/11\/newjerusalem-300x200.jpg 300w\" sizes=\"(max-width: 540px) 100vw, 540px\" \/>\t\t\t\t\t\t\t\t\t\t\t\t\t\t\t<\/div>\n\t\t\t\t<\/div>\n\t\t\t\t<\/div>\n\t\t<div class=\"has_eae_slider elementor-element elementor-element-c77690c e-con-full e-flex e-con e-child\" data-eae-slider=\"49703\" data-id=\"c77690c\" data-element_type=\"container\">\n\t\t\t\t<div class=\"elementor-element elementor-element-9f5eb88 elementor-widget elementor-widget-text-editor\" data-id=\"9f5eb88\" data-element_type=\"widget\" data-widget_type=\"text-editor.default\">\n\t\t\t\t<div class=\"elementor-widget-container\">\n\t\t\t\t\t\t\t\t\t<p>En la tierra siempre habr\u00e1 una confrontaci\u00f3n con la pereza carnal, los malos deseos y el orgullo del alma, que Dios ayuda al hombre a superar. En el coraz\u00f3n hay certeza de que, tras abandonar el cuerpo, el hombre va a Dios, su Padre, a un lugar llamado cielo. El cielo se describe en la Biblia como un lugar donde no hay muerte, ni llanto, ni dolor, sino vida en su felicidad y en su amor eterno.<\/p>\t\t\t\t\t\t\t\t<\/div>\n\t\t\t\t<\/div>\n\t\t\t\t<div class=\"elementor-element elementor-element-c206b5c elementor-widget elementor-widget-text-editor\" data-id=\"c206b5c\" data-element_type=\"widget\" data-widget_type=\"text-editor.default\">\n\t\t\t\t<div class=\"elementor-widget-container\">\n\t\t\t\t\t\t\t\t\t<p>La Biblia describe un nuevo cielo y una nueva tierra, porque el universo actual ser\u00e1 destruido debido al da\u00f1o causado por la rebeli\u00f3n de \u00e1ngeles y humanos. La Biblia describe una hermosa ciudad de 2200 x 2200 km en una nueva tierra, donde viviremos para siempre. Quienes est\u00e9n inscritos en el libro de la vida entrar\u00e1n en ese hermoso lugar.<\/p>\t\t\t\t\t\t\t\t<\/div>\n\t\t\t\t<\/div>\n\t\t\t\t<div class=\"elementor-element elementor-element-c6e3ecb elementor-widget elementor-widget-text-editor\" data-id=\"c6e3ecb\" data-element_type=\"widget\" data-widget_type=\"text-editor.default\">\n\t\t\t\t<div class=\"elementor-widget-container\">\n\t\t\t\t\t\t\t\t\t<p>Se enumeran categor\u00edas de personas como asesinos, id\u00f3latras, mentirosos, cobardes, fornicarios, ladrones, hechiceros y magos que no entrar\u00e1n all\u00ed. Su lugar est\u00e1 en el lago de fuego, en tormento eterno, en llamas, hambre, sed, comidos por gusanos en eterna soledad.<\/p>\t\t\t\t\t\t\t\t<\/div>\n\t\t\t\t<\/div>\n\t\t\t\t<\/div>\n\t\t\t\t\t<\/div>\n\t\t\t\t<\/div>\n\t\t<div class=\"has_eae_slider elementor-element elementor-element-b9c98a4 e-flex e-con-boxed e-con e-parent\" data-eae-slider=\"78201\" data-id=\"b9c98a4\" data-element_type=\"container\" data-settings=\"{&quot;background_background&quot;:&quot;classic&quot;}\">\n\t\t\t\t\t<div class=\"e-con-inner\">\n\t\t<div class=\"has_eae_slider elementor-element elementor-element-7bd3a48 e-con-full e-flex e-con e-child\" data-eae-slider=\"5144\" data-id=\"7bd3a48\" data-element_type=\"container\">\n\t\t\t\t<div class=\"elementor-element elementor-element-e6eb706 elementor-widget elementor-widget-text-editor\" data-id=\"e6eb706\" data-element_type=\"widget\" data-widget_type=\"text-editor.default\">\n\t\t\t\t<div class=\"elementor-widget-container\">\n\t\t\t\t\t\t\t\t\t<p>Es un llamado de Dios a reflexionar y reconocer que \u00c9l es el Creador del cielo, la tierra y todos los seres vivos. \u00c9l es el Dios Todopoderoso. Se le representa como la Roca Eterna. Por mucho que alguien intente persuadirlo para que cambie sus reglas y leyes, nadie lo ha logrado ni lo lograr\u00e1 jam\u00e1s.<\/p>\t\t\t\t\t\t\t\t<\/div>\n\t\t\t\t<\/div>\n\t\t\t\t<div class=\"elementor-element elementor-element-a54379a elementor-widget elementor-widget-text-editor\" data-id=\"a54379a\" data-element_type=\"widget\" data-widget_type=\"text-editor.default\">\n\t\t\t\t<div class=\"elementor-widget-container\">\n\t\t\t\t\t\t\t\t\t<p>Por el contrario, cuanto m\u00e1s intenta alguien quebrantar a Dios, ya sea individualmente o en grupos enteros, m\u00e1s se quebranta, y Dios no cede ni un mil\u00edmetro. Dios nos pone ante una disyuntiva: vida o muerte. Nos aconseja con amor: elige la vida.<\/p>\t\t\t\t\t\t\t\t<\/div>\n\t\t\t\t<\/div>\n\t\t\t\t<div class=\"elementor-element elementor-element-f2844e7 elementor-widget elementor-widget-text-editor\" data-id=\"f2844e7\" data-element_type=\"widget\" data-widget_type=\"text-editor.default\">\n\t\t\t\t<div class=\"elementor-widget-container\">\n\t\t\t\t\t\t\t\t\t<p><b>Padre, te doy gracias por tu Hijo Jes\u00fas, por la vida y la esperanza de resurrecci\u00f3n a la vida eterna contigo.<\/b><\/p>\t\t\t\t\t\t\t\t<\/div>\n\t\t\t\t<\/div>\n\t\t\t\t<\/div>\n\t\t<div class=\"has_eae_slider elementor-element elementor-element-b6caf44 e-con-full e-flex e-con e-child\" data-eae-slider=\"7866\" data-id=\"b6caf44\" data-element_type=\"container\">\n\t\t\t\t<div class=\"elementor-element elementor-element-4758ea0 elementor-widget elementor-widget-image\" data-id=\"4758ea0\" data-element_type=\"widget\" data-widget_type=\"image.default\">\n\t\t\t\t<div class=\"elementor-widget-container\">\n\t\t\t\t\t\t\t\t\t\t\t\t\t\t\t<img loading=\"lazy\" decoding=\"async\" width=\"1024\" height=\"768\" src=\"http:\/\/acodalej.sk\/wp-content\/uploads\/2023\/11\/sky.jpg\" class=\"attachment-full size-full wp-image-1625\" alt=\"\" srcset=\"http:\/\/acodalej.sk\/wp-content\/uploads\/2023\/11\/sky.jpg 1024w, http:\/\/acodalej.sk\/wp-content\/uploads\/2023\/11\/sky-300x225.jpg 300w, http:\/\/acodalej.sk\/wp-content\/uploads\/2023\/11\/sky-768x576.jpg 768w\" sizes=\"(max-width: 1024px) 100vw, 1024px\" \/>\t\t\t\t\t\t\t\t\t\t\t\t\t\t\t<\/div>\n\t\t\t\t<\/div>\n\t\t\t\t<\/div>\n\t\t\t\t\t<\/div>\n\t\t\t\t<\/div>\n\t\t<div class=\"has_eae_slider elementor-element elementor-element-1d8f199 e-con-full e-flex e-con e-parent\" data-eae-slider=\"62100\" data-id=\"1d8f199\" data-element_type=\"container\" data-settings=\"{&quot;background_background&quot;:&quot;classic&quot;,&quot;animation&quot;:&quot;none&quot;}\">\n\t\t<div class=\"has_eae_slider elementor-element elementor-element-ba82601 e-con-full e-flex e-con e-child\" data-eae-slider=\"14600\" data-id=\"ba82601\" data-element_type=\"container\">\n\t\t\t\t<div class=\"elementor-element elementor-element-5c63094 elementor-widget elementor-widget-video\" data-id=\"5c63094\" data-element_type=\"widget\" data-settings=\"{&quot;youtube_url&quot;:&quot;https:\\\/\\\/youtu.be\\\/Kuwd-lv2HZI?feature=shared&quot;,&quot;video_type&quot;:&quot;youtube&quot;,&quot;controls&quot;:&quot;yes&quot;}\" data-widget_type=\"video.default\">\n\t\t\t\t<div class=\"elementor-widget-container\">\n\t\t\t\t\t\t\t<div class=\"elementor-wrapper elementor-open-inline\">\n\t\t\t<div class=\"elementor-video\"><\/div>\t\t<\/div>\n\t\t\t\t\t\t<\/div>\n\t\t\t\t<\/div>\n\t\t\t\t<\/div>\n\t\t\t\t<\/div>\n\t\t\t\t<\/div>","protected":false},"excerpt":{"rendered":"<p>Kam ideme? \u010clovek len raz \u017eije na zemi a potom bude s\u00fad. M\u00f4\u017eme robi\u0165 na zemi \u010do chceme, ale pam\u00e4tajme, \u017ee zo v\u0161etk\u00e9ho sa budeme zodpoveda\u0165 pred Stvorite\u013eom na s\u00fade pod\u013ea Jeho pravidiel, nie \u013eudsk\u00fdch v\u00fdmyslov.\u00a0 U\u017e tu na zemi m\u00f4\u017eeme ma\u0165 sk\u00fasenos\u0165 o m\u00fadrosti, moci a l\u00e1ske n\u00e1\u0161ho Stvorite\u013ea a zak\u00fa\u0161a\u0165 ovocie \u017eivota podriaden\u00e9ho [&hellip;]<\/p>","protected":false},"author":1,"featured_media":0,"parent":0,"menu_order":0,"comment_status":"closed","ping_status":"closed","template":"","meta":{"site-sidebar-layout":"no-sidebar","site-content-layout":"page-builder","ast-site-content-layout":"full-width-container","site-content-style":"unboxed","site-sidebar-style":"unboxed","ast-global-header-display":"","ast-banner-title-visibility":"","ast-main-header-display":"","ast-hfb-above-header-display":"","ast-hfb-below-header-display":"","ast-hfb-mobile-header-display":"","site-post-title":"disabled","ast-breadcrumbs-content":"disabled","ast-featured-img":"disabled","footer-sml-layout":"","theme-transparent-header-meta":"enabled","adv-header-id-meta":"","stick-header-meta":"","header-above-stick-meta":"","header-main-stick-meta":"","header-below-stick-meta":"","astra-migrate-meta-layouts":"set","ast-page-background-enabled":"default","ast-page-background-meta":{"desktop":{"background-color":"var(--ast-global-color-4)","background-image":"","background-repeat":"repeat","background-position":"center center","background-size":"auto","background-attachment":"scroll","background-type":"","background-media":"","overlay-type":"","overlay-color":"","overlay-opacity":"","overlay-gradient":""},"tablet":{"background-color":"","background-image":"","background-repeat":"repeat","background-position":"center center","background-size":"auto","background-attachment":"scroll","background-type":"","background-media":"","overlay-type":"","overlay-color":"","overlay-opacity":"","overlay-gradient":""},"mobile":{"background-color":"","background-image":"","background-repeat":"repeat","background-position":"center center","background-size":"auto","background-attachment":"scroll","background-type":"","background-media":"","overlay-type":"","overlay-color":"","overlay-opacity":"","overlay-gradient":""}},"ast-content-background-meta":{"desktop":{"background-color":"var(--ast-global-color-5)","background-image":"","background-repeat":"repeat","background-position":"center center","background-size":"auto","background-attachment":"scroll","background-type":"","background-media":"","overlay-type":"","overlay-color":"","overlay-opacity":"","overlay-gradient":""},"tablet":{"background-color":"var(--ast-global-color-5)","background-image":"","background-repeat":"repeat","background-position":"center center","background-size":"auto","background-attachment":"scroll","background-type":"","background-media":"","overlay-type":"","overlay-color":"","overlay-opacity":"","overlay-gradient":""},"mobile":{"background-color":"var(--ast-global-color-5)","background-image":"","background-repeat":"repeat","background-position":"center center","background-size":"auto","background-attachment":"scroll","background-type":"","background-media":"","overlay-type":"","overlay-color":"","overlay-opacity":"","overlay-gradient":""}},"footnotes":""},"class_list":["post-1616","page","type-page","status-publish","hentry"],"_links":{"self":[{"href":"http:\/\/acodalej.sk\/es\/wp-json\/wp\/v2\/pages\/1616","targetHints":{"allow":["GET"]}}],"collection":[{"href":"http:\/\/acodalej.sk\/es\/wp-json\/wp\/v2\/pages"}],"about":[{"href":"http:\/\/acodalej.sk\/es\/wp-json\/wp\/v2\/types\/page"}],"author":[{"embeddable":true,"href":"http:\/\/acodalej.sk\/es\/wp-json\/wp\/v2\/users\/1"}],"replies":[{"embeddable":true,"href":"http:\/\/acodalej.sk\/es\/wp-json\/wp\/v2\/comments?post=1616"}],"version-history":[{"count":0,"href":"http:\/\/acodalej.sk\/es\/wp-json\/wp\/v2\/pages\/1616\/revisions"}],"wp:attachment":[{"href":"http:\/\/acodalej.sk\/es\/wp-json\/wp\/v2\/media?parent=1616"}],"curies":[{"name":"wp","href":"https:\/\/api.w.org\/{rel}","templated":true}]}}