{"id":1714,"date":"2023-11-27T03:53:50","date_gmt":"2023-11-27T03:53:50","guid":{"rendered":"http:\/\/acodalej.sk\/?page_id=1714"},"modified":"2025-05-01T21:39:42","modified_gmt":"2025-05-01T21:39:42","slug":"potopa","status":"publish","type":"page","link":"http:\/\/acodalej.sk\/es\/potopa\/","title":{"rendered":"Inundaci\u00f3n"},"content":{"rendered":"<div data-elementor-type=\"wp-page\" data-elementor-id=\"1714\" class=\"elementor elementor-1714\">\n\t\t\t\t<div class=\"has_eae_slider elementor-element elementor-element-ddf7b26 e-flex e-con-boxed e-con e-parent\" data-eae-slider=\"53494\" data-id=\"ddf7b26\" data-element_type=\"container\" data-settings=\"{&quot;background_background&quot;:&quot;classic&quot;}\">\n\t\t\t\t\t<div class=\"e-con-inner\">\n\t\t<div class=\"has_eae_slider elementor-element elementor-element-e32504e e-con-full e-flex e-con e-child\" data-eae-slider=\"61631\" data-id=\"e32504e\" data-element_type=\"container\">\n\t\t\t\t<div class=\"elementor-element elementor-element-bbb476f elementor-widget elementor-widget-heading\" data-id=\"bbb476f\" data-element_type=\"widget\" data-widget_type=\"heading.default\">\n\t\t\t\t<div class=\"elementor-widget-container\">\n\t\t\t\t\t<h1 class=\"elementor-heading-title elementor-size-default\">Inundaci\u00f3n<\/h1>\t\t\t\t<\/div>\n\t\t\t\t<\/div>\n\t\t\t\t<\/div>\n\t\t\t\t\t<\/div>\n\t\t\t\t<\/div>\n\t\t<div class=\"has_eae_slider elementor-element elementor-element-de03241 e-flex e-con-boxed e-con e-parent\" data-eae-slider=\"38520\" data-id=\"de03241\" data-element_type=\"container\" data-settings=\"{&quot;background_background&quot;:&quot;classic&quot;}\">\n\t\t\t\t\t<div class=\"e-con-inner\">\n\t\t\t\t<div class=\"elementor-element elementor-element-8eaa8e5 elementor-widget elementor-widget-heading\" data-id=\"8eaa8e5\" data-element_type=\"widget\" data-widget_type=\"heading.default\">\n\t\t\t\t<div class=\"elementor-widget-container\">\n\t\t\t\t\t<h2 class=\"elementor-heading-title elementor-size-default\">G\u00e9nesis<\/h2>\t\t\t\t<\/div>\n\t\t\t\t<\/div>\n\t\t\t\t<div class=\"elementor-element elementor-element-c36d730 elementor-tabs-view-horizontal elementor-widget elementor-widget-tabs\" data-id=\"c36d730\" data-element_type=\"widget\" data-widget_type=\"tabs.default\">\n\t\t\t\t<div class=\"elementor-widget-container\">\n\t\t\t\t\t\t\t<div class=\"elementor-tabs\">\n\t\t\t<div class=\"elementor-tabs-wrapper\" role=\"tablist\" >\n\t\t\t\t\t\t\t\t\t<div id=\"elementor-tab-title-2041\" class=\"elementor-tab-title elementor-tab-desktop-title\" aria-selected=\"true\" data-tab=\"1\" role=\"tab\" tabindex=\"0\" aria-controls=\"elementor-tab-content-2041\" aria-expanded=\"false\">Cap\u00edtulo 6<\/div>\n\t\t\t\t\t\t\t\t\t<div id=\"elementor-tab-title-2042\" class=\"elementor-tab-title elementor-tab-desktop-title\" aria-selected=\"false\" data-tab=\"2\" role=\"tab\" tabindex=\"-1\" aria-controls=\"elementor-tab-content-2042\" aria-expanded=\"false\">Cap\u00edtulo 7<\/div>\n\t\t\t\t\t\t\t\t\t<div id=\"elementor-tab-title-2043\" class=\"elementor-tab-title elementor-tab-desktop-title\" aria-selected=\"false\" data-tab=\"3\" role=\"tab\" tabindex=\"-1\" aria-controls=\"elementor-tab-content-2043\" aria-expanded=\"false\">Cap\u00edtulo 8<\/div>\n\t\t\t\t\t\t\t\t\t<div id=\"elementor-tab-title-2044\" class=\"elementor-tab-title elementor-tab-desktop-title\" aria-selected=\"false\" data-tab=\"4\" role=\"tab\" tabindex=\"-1\" aria-controls=\"elementor-tab-content-2044\" aria-expanded=\"false\">Cap\u00edtulo 9<\/div>\n\t\t\t\t\t\t\t<\/div>\n\t\t\t<div class=\"elementor-tabs-content-wrapper\" role=\"tablist\" aria-orientation=\"vertical\">\n\t\t\t\t\t\t\t\t\t<div class=\"elementor-tab-title elementor-tab-mobile-title\" aria-selected=\"true\" data-tab=\"1\" role=\"tab\" tabindex=\"0\" aria-controls=\"elementor-tab-content-2041\" aria-expanded=\"false\">Cap\u00edtulo 6<\/div>\n\t\t\t\t\t<div id=\"elementor-tab-content-2041\" class=\"elementor-tab-content elementor-clearfix\" data-tab=\"1\" role=\"tabpanel\" aria-labelledby=\"elementor-tab-title-2041\" tabindex=\"0\" hidden=\"false\"><p>1 Cuando la gente comenz\u00f3 a multiplicarse en la tierra y les nacieron hijas, 2 los hijos de Dios vieron que las hijas de los hombres eran hermosas y tomaron esposas, escogiendo entre ellas. 3 El Se\u00f1or dijo: \u00abMi esp\u00edritu no contender\u00e1 para siempre con el hombre, pues \u00e9l es carne; sus d\u00edas ser\u00e1n ciento veinte a\u00f1os\u00bb. 4 En aquellos d\u00edas, y tambi\u00e9n despu\u00e9s, cuando los hijos de Dios se unieron a las hijas de los hombres y les dieron hijos, hab\u00eda gigantes en la tierra, los hombres de gloria que eran de la antig\u00fcedad. 5 El Se\u00f1or vio que la maldad del hombre era mucha en la tierra, y que todo designio de los pensamientos de su coraz\u00f3n era de continuo solo el mal. 6 El Se\u00f1or se arrepinti\u00f3 de haber creado al hombre en la tierra, y le doli\u00f3 en el coraz\u00f3n. 7 El Se\u00f1or dijo: \u00abRaer\u00e9 de la faz de la tierra al hombre que he creado, tanto al hombre como al ganado, y a los reptiles y a las aves del cielo; porque me arrepiento de haberlos creado\u00bb. 8 Pero No\u00e9 hall\u00f3 favor ante los ojos del Se\u00f1or. 9 Estas son las generaciones de No\u00e9: No\u00e9 era un hombre justo, intachable entre su pueblo. No\u00e9 camin\u00f3 con Dios. 10 Tuvo tres hijos: Sem, Cam y Jafet. 11 Pero la tierra estaba corrompida a los ojos de Dios, y estaba llena de violencia. 12 Y Dios vio que la tierra estaba corrompida, porque toda carne hab\u00eda corrompido sus caminos sobre ella. 13 Dios le dijo a No\u00e9: \u00abHe decidido acabar con toda vida, porque la tierra est\u00e1 llena de violencia. Los destruir\u00e9 con la tierra. 14 Haz un arca de madera de gofer; haz una c\u00e1mara en el arca y c\u00fabrela con brea por dentro y por fuera. 15 As\u00ed la har\u00e1s: el arca tendr\u00e1 trescientos codos de largo, cincuenta codos de ancho y treinta codos de alto. 16 Har\u00e1s un techo de un codo en la parte superior del arca. Pondr\u00e1s una puerta en el costado del arca; har\u00e1s una cubierta inferior, una intermedia y una superior. 17 Y traer\u00e9 aguas de un diluvio sobre la tierra, para destruir de debajo del cielo toda carne en que haya aliento de vida. Todo lo que hay sobre la tierra morir\u00e1. 18 Y establecer\u00e9 mi pacto contigo: t\u00fa, tus hijos, tu mujer y las mujeres de tus hijos que est\u00e9n contigo entrar\u00e1n en el arca. 19 De todo ser viviente de toda especie, Los introducir\u00e1s en el arca de dos en dos, para que tengan vida contigo: macho y hembra. 20 De las aves, del ganado y de todo reptil de la tierra, entrar\u00e1n contigo de dos en dos, seg\u00fan sus especies, para que tengan vida. 21 Y tomar\u00e1s para ti de todo alimento comestible y lo guardar\u00e1s; ser\u00e1 alimento para ti y para ellos. 22 No\u00e9 hizo todo tal como Dios le orden\u00f3.<\/p><\/div>\n\t\t\t\t\t\t\t\t\t<div class=\"elementor-tab-title elementor-tab-mobile-title\" aria-selected=\"false\" data-tab=\"2\" role=\"tab\" tabindex=\"-1\" aria-controls=\"elementor-tab-content-2042\" aria-expanded=\"false\">Cap\u00edtulo 7<\/div>\n\t\t\t\t\t<div id=\"elementor-tab-content-2042\" class=\"elementor-tab-content elementor-clearfix\" data-tab=\"2\" role=\"tabpanel\" aria-labelledby=\"elementor-tab-title-2042\" tabindex=\"0\" hidden=\"hidden\"><p>1 Entonces el Se\u00f1or le dijo a No\u00e9: \u00abEntra en el arca con toda tu familia, porque he visto que eres justo ante m\u00ed en esta generaci\u00f3n. 2 Toma contigo siete parejas de cada animal limpio, macho y hembra; y de cada animal inmundo, macho y hembra. 3 Y de las aves del cielo, siete parejas, macho y hembra, para preservar la vida de sus cr\u00edas sobre la faz de toda la tierra. 4 Porque dentro de siete d\u00edas enviar\u00e9 lluvia sobre la tierra durante cuarenta d\u00edas y cuarenta noches; y destruir\u00e9 de la faz de la tierra todo ser viviente que he creado\u00bb. 5 No\u00e9 hizo todo lo que el Se\u00f1or le orden\u00f3. 6 No\u00e9 ten\u00eda seiscientos a\u00f1os cuando las aguas del diluvio cayeron sobre la tierra. 7 No\u00e9 entr\u00f3 en el arca con sus hijos, su esposa y las esposas de sus hijos con \u00e9l, a causa de las aguas del diluvio. 8 De los animales limpios y de los animales inmundos, de las aves y de todo lo que se mueve sobre la tierra, 9 de dos en dos entraron en el arca con No\u00e9, macho y hembra, como Dios le hab\u00eda ordenado. 10 Y despu\u00e9s de siete d\u00edas, las aguas del diluvio llegaron a la tierra. 11 En el a\u00f1o seiscientos de la vida de No\u00e9, en el mes segundo, a los diecisiete d\u00edas del mes, todas las fuentes del gran abismo se rompieron, y las cataratas de los cielos se abrieron. 12 Y la lluvia cay\u00f3 sobre la tierra cuarenta d\u00edas y cuarenta noches. 13 Ese mismo d\u00eda entr\u00f3 No\u00e9 en el arca, y con \u00e9l sus hijos Sem, Cam y Jafet, su esposa y las tres esposas de sus hijos. 14 Ellos y todos los animales, todo el ganado, todos los reptiles que se arrastran sobre la tierra, todas las aves, todas las aves del cielo y todas las aves del aire, seg\u00fan sus especies, 15 entraron en el arca donde No\u00e9, de dos en dos, de toda carne en la que hay aliento de vida. 16 De toda carne entraron, macho y hembra, como Dios le hab\u00eda ordenado. Y el Se\u00f1or cerr\u00f3 el arca tras \u00e9l. 17 Y el diluvio dur\u00f3 sobre la tierra cuarenta d\u00edas; y las aguas crecieron, y alzaron el arca, y esta se elev\u00f3 sobre la tierra. 18 Y las aguas crecieron much\u00edsimo, y cubrieron toda la faz de la tierra; pero el arca flotaba sobre la faz del agua. 19 Y las aguas prevalecieron en gran manera sobre la tierra seca, y cubrieron todos los montes altos que hab\u00eda bajo el cielo abierto. 20 Y las aguas eran quince codos m\u00e1s altas que los montes que cubr\u00edan. 21 Murieron todos los seres vivientes que se mov\u00edan sobre la tierra: aves, ganado, animales salvajes, reptiles y toda la humanidad. 22 Muri\u00f3 todo lo que hab\u00eda sobre la tierra seca. 23 Dios extermin\u00f3 a todo ser viviente que hab\u00eda sobre la superficie de la tierra: hombres, ganado, reptiles y aves del cielo. Todos fueron exterminados de la tierra. Solo quedaron No\u00e9 y quienes estaban con \u00e9l en el arca. 24 Las aguas prevalecieron sobre la tierra durante ciento cincuenta d\u00edas.<\/p><\/div>\n\t\t\t\t\t\t\t\t\t<div class=\"elementor-tab-title elementor-tab-mobile-title\" aria-selected=\"false\" data-tab=\"3\" role=\"tab\" tabindex=\"-1\" aria-controls=\"elementor-tab-content-2043\" aria-expanded=\"false\">Cap\u00edtulo 8<\/div>\n\t\t\t\t\t<div id=\"elementor-tab-content-2043\" class=\"elementor-tab-content elementor-clearfix\" data-tab=\"3\" role=\"tabpanel\" aria-labelledby=\"elementor-tab-title-2043\" tabindex=\"0\" hidden=\"hidden\"><p>1 Dios se acord\u00f3 de No\u00e9 y de todos los animales salvajes y de todo el ganado que estaban con \u00e9l en el arca; envi\u00f3 un viento sobre la tierra y las aguas retrocedieron. 2 Las fuentes del gran abismo y las compuertas de los cielos se cerraron, y la lluvia del cielo se detuvo. 3 Las aguas que flu\u00edan y flu\u00edan se retiraban de la tierra, y despu\u00e9s de ciento cincuenta d\u00edas las aguas se amainaron. 4 En el s\u00e9ptimo mes, el d\u00eda diecisiete del mes, el arca repos\u00f3 sobre los montes de Ararat. 5 Las aguas retrocedieron y retrocedieron hasta el d\u00e9cimo mes. El primer d\u00eda del d\u00e9cimo mes aparecieron las cimas de los montes. 6 Al cabo de cuarenta d\u00edas, No\u00e9 abri\u00f3 la ventana del arca que hab\u00eda hecho, 7 y envi\u00f3 un cuervo, que estuvo yendo y viniendo hasta que las aguas se secaron de la tierra. 8 Tambi\u00e9n envi\u00f3 una paloma para ver si las aguas se hab\u00edan retirado de la tierra. 9 Pero al no encontrar d\u00f3nde reposar el pie, regres\u00f3 con \u00e9l al arca. A\u00fan hab\u00eda agua sobre toda la faz de la tierra. \u00c9l extendi\u00f3 la mano, tom\u00f3 la paloma y la introdujo en el arca. 10 Esper\u00f3 otros siete d\u00edas y volvi\u00f3 a enviar la paloma fuera del arca. 11 Al anochecer, ella regres\u00f3 con una hoja de olivo reci\u00e9n arrancada en el pico. No\u00e9 supo que las aguas hab\u00edan retrocedido de la tierra. 12 Esper\u00f3 otros siete d\u00edas y envi\u00f3 la paloma fuera, pero ella no regres\u00f3 con \u00e9l. 13 En el a\u00f1o seiscientos uno, en el primer mes, el primer d\u00eda del mes, las aguas se hab\u00edan secado de la tierra. No\u00e9 abri\u00f3 la cubierta del arca y mir\u00f3, y he aqu\u00ed que la superficie de la tierra estaba seca. 14 En el segundo mes, el d\u00eda veintisiete del mes, la tierra estaba seca. 15 Dios le habl\u00f3 a No\u00e9, diciendo: 16 \u00abSal del arca t\u00fa, tu esposa, tus hijos y tus esposas contigo. 17 Saca todo ser viviente que est\u00e1 contigo: aves, ganado y todo reptil que se arrastra sobre la tierra, para que se muevan sobre la tierra y sean fruct\u00edferos y se multipliquen sobre la tierra\u00bb. 18 As\u00ed que No\u00e9 sali\u00f3, y sus hijos, su esposa, sus esposas con \u00e9l; 19 todo ser viviente, todo reptil, toda ave, todo lo que se arrastra sobre la tierra, seg\u00fan sus especies, sali\u00f3 del arca. 20 Entonces No\u00e9 edific\u00f3 un altar al Se\u00f1or y tom\u00f3 de todo animal limpio y de toda ave limpia, y ofreci\u00f3 holocaustos sobre el altar. 21 El Se\u00f1or oli\u00f3 un aroma agradable y dijo: \u00abNunca m\u00e1s maldecir\u00e9 la tierra por causa del hombre, pues la inclinaci\u00f3n del coraz\u00f3n del hombre es mala desde su juventud. Por lo tanto, nunca m\u00e1s destruir\u00e9 todo ser viviente, como lo he hecho. 22 Mientras la tierra perdure, la siembra y la cosecha, el fr\u00edo y el calor, el verano y el invierno, el d\u00eda y la noche nunca cesar\u00e1n\u00bb.<\/p><\/div>\n\t\t\t\t\t\t\t\t\t<div class=\"elementor-tab-title elementor-tab-mobile-title\" aria-selected=\"false\" data-tab=\"4\" role=\"tab\" tabindex=\"-1\" aria-controls=\"elementor-tab-content-2044\" aria-expanded=\"false\">Cap\u00edtulo 9<\/div>\n\t\t\t\t\t<div id=\"elementor-tab-content-2044\" class=\"elementor-tab-content elementor-clearfix\" data-tab=\"4\" role=\"tabpanel\" aria-labelledby=\"elementor-tab-title-2044\" tabindex=\"0\" hidden=\"hidden\"><p>1 Dios bendijo a No\u00e9 y a sus hijos, y les dijo: \u00abSean fruct\u00edferos, multipl\u00edquense y llenen la tierra. 2 El temor y el miedo a ustedes caer\u00e1n sobre todo animal de la tierra, sobre toda ave del cielo y sobre todo lo que se mueve sobre la tierra. Todos los peces del mar est\u00e1n bajo su control. 3 Todo lo que se mueve y vive les servir\u00e1 de alimento; les he dado todo, tal como les di las plantas verdes. 4 Solo que no deben comer carne con su vida, es decir, su sangre, porque har\u00e9 responsable a todo ser viviente de su sangre. 5 Porque har\u00e9 responsable a todo ser viviente de la vida de todo ser viviente, y har\u00e9 responsable a todo ser viviente de la vida de todo ser viviente, s\u00ed, de la vida de todo ser viviente. 6 El que derrame la sangre de un ser humano, por su propia sangre ser\u00e1 derramada, porque a imagen de Dios \u00e9l hizo al hombre. 7 Pero ustedes, sean fruct\u00edferos y multipl\u00edquense; multipl\u00edquense en la tierra y multipl\u00edquense en ella\u00bb. 8 Dios les dijo a No\u00e9 y a sus hijos: 9 \u00abEstablezco mi pacto con ustedes y con sus descendientes despu\u00e9s de ustedes, 10 y con todo ser viviente que est\u00e1 con ustedes: las aves, el ganado y todos los animales salvajes que est\u00e1n con ustedes, todo lo que sali\u00f3 del arca, todo animal sobre la tierra. 11 Establezco mi pacto con ustedes: que las aguas de un diluvio nunca m\u00e1s destruir\u00e1n toda vida, y que nunca m\u00e1s habr\u00e1 un diluvio para destruir la tierra\u00bb. 12 Dijo Dios: \u00abEsta es la se\u00f1al del pacto que hago entre m\u00ed y vosotros y todo ser viviente que est\u00e1 con vosotros, por todas las generaciones futuras: 13 He puesto mi arco\u00edris en las nubes, y ser\u00e1 la se\u00f1al del pacto entre m\u00ed y la tierra. 14 Cuando haga venir nubes sobre la tierra y se vea el arco\u00edris en las nubes, 15 recordar\u00e9 mi pacto entre m\u00ed y vosotros y todo ser viviente de toda carne; y las aguas no volver\u00e1n a convertirse en diluvio para destruir toda carne. 16 Cuando aparezca el arco\u00edris en las nubes, lo mirar\u00e9 y recordar\u00e9 el pacto eterno entre Dios y todo ser viviente de toda carne que hay sobre la tierra\u00bb. 17 Dijo Dios a No\u00e9: \u00abEsta es la se\u00f1al del pacto que hago entre m\u00ed y todo ser viviente de toda carne que hay sobre la tierra\u00bb. 18 Los hijos de No\u00e9 que salieron del arca fueron Sem, Cam y Jafet. Cam fue el padre de Cana\u00e1n. 19 Estos tres fueron los hijos de No\u00e9, y de ellos se extendi\u00f3 la gente por toda la tierra. 20 No\u00e9 fue el primer agricultor en plantar una vi\u00f1a. 21 Bebi\u00f3 vino, se emborrach\u00f3 y se qued\u00f3 desnudo en su tienda. 22 Cam, el padre de Cana\u00e1n, vio a su padre desnudo y se lo cont\u00f3 a sus dos hermanos que estaban afuera. 23 Sem y Jafet tomaron una prenda, se la pusieron sobre los hombros y caminaron hacia atr\u00e1s, cubriendo la desnudez de su padre. Volvieron la cara para no ver a su padre desnudo. 24 Cuando No\u00e9 despert\u00f3 de su embriaguez y supo lo que su hijo menor le hab\u00eda hecho, 25 dijo: \u00ab\u00a1Maldito sea Cana\u00e1n! \u00a1Ser\u00e1s esclavo de esclavos para tu hermano!\u00bb. 26 Y a\u00f1adi\u00f3: \u00ab\u00a1Bendito sea el Se\u00f1or, Dios de Sem! \u00a1Que Cana\u00e1n sea su esclavo! 27 \u00a1Que Dios engrandezca a Jafet y habite en las tiendas de Sem! \u00a1Que Cana\u00e1n sea su esclavo!\u00bb. 28 No\u00e9 vivi\u00f3 trescientos cincuenta a\u00f1os despu\u00e9s del diluvio. 29 Todos los d\u00edas de No\u00e9 fueron novecientos cincuenta a\u00f1os, y luego muri\u00f3.<\/p><\/div>\n\t\t\t\t\t\t\t<\/div>\n\t\t<\/div>\n\t\t\t\t\t\t<\/div>\n\t\t\t\t<\/div>\n\t\t\t\t\t<\/div>\n\t\t\t\t<\/div>\n\t\t<div class=\"has_eae_slider elementor-element elementor-element-dc274d1 e-flex e-con-boxed e-con e-parent\" data-eae-slider=\"43753\" data-id=\"dc274d1\" data-element_type=\"container\">\n\t\t\t\t\t<div class=\"e-con-inner\">\n\t\t<div class=\"has_eae_slider elementor-element elementor-element-9fe94eb e-con-full e-flex e-con e-child\" data-eae-slider=\"9695\" data-id=\"9fe94eb\" data-element_type=\"container\">\n\t\t\t\t<div class=\"elementor-element elementor-element-033fbae elementor-widget elementor-widget-video\" data-id=\"033fbae\" data-element_type=\"widget\" data-settings=\"{&quot;youtube_url&quot;:&quot;https:\\\/\\\/youtu.be\\\/PCErnjbXjt4&quot;,&quot;video_type&quot;:&quot;youtube&quot;,&quot;controls&quot;:&quot;yes&quot;}\" data-widget_type=\"video.default\">\n\t\t\t\t<div class=\"elementor-widget-container\">\n\t\t\t\t\t\t\t<div class=\"elementor-wrapper elementor-open-inline\">\n\t\t\t<div class=\"elementor-video\"><\/div>\t\t<\/div>\n\t\t\t\t\t\t<\/div>\n\t\t\t\t<\/div>\n\t\t\t\t<\/div>\n\t\t<div class=\"has_eae_slider elementor-element elementor-element-4ed5d15 e-con-full e-flex e-con e-child\" data-eae-slider=\"63345\" data-id=\"4ed5d15\" data-element_type=\"container\">\n\t\t\t\t<div class=\"elementor-element elementor-element-4f96438 elementor-widget elementor-widget-video\" data-id=\"4f96438\" data-element_type=\"widget\" data-settings=\"{&quot;youtube_url&quot;:&quot;https:\\\/\\\/youtu.be\\\/RZvK5uB_FUU&quot;,&quot;video_type&quot;:&quot;youtube&quot;,&quot;controls&quot;:&quot;yes&quot;}\" data-widget_type=\"video.default\">\n\t\t\t\t<div class=\"elementor-widget-container\">\n\t\t\t\t\t\t\t<div class=\"elementor-wrapper elementor-open-inline\">\n\t\t\t<div class=\"elementor-video\"><\/div>\t\t<\/div>\n\t\t\t\t\t\t<\/div>\n\t\t\t\t<\/div>\n\t\t\t\t<\/div>\n\t\t<div class=\"has_eae_slider elementor-element elementor-element-85e53ef e-con-full e-flex e-con e-child\" data-eae-slider=\"89681\" data-id=\"85e53ef\" data-element_type=\"container\">\n\t\t\t\t<div class=\"elementor-element elementor-element-f9ffc79 elementor-widget elementor-widget-video\" data-id=\"f9ffc79\" data-element_type=\"widget\" data-settings=\"{&quot;youtube_url&quot;:&quot;https:\\\/\\\/www.youtube.com\\\/watch?v=SQgxbBVvJK4&quot;,&quot;video_type&quot;:&quot;youtube&quot;,&quot;controls&quot;:&quot;yes&quot;}\" data-widget_type=\"video.default\">\n\t\t\t\t<div class=\"elementor-widget-container\">\n\t\t\t\t\t\t\t<div class=\"elementor-wrapper elementor-open-inline\">\n\t\t\t<div class=\"elementor-video\"><\/div>\t\t<\/div>\n\t\t\t\t\t\t<\/div>\n\t\t\t\t<\/div>\n\t\t\t\t<\/div>\n\t\t\t\t\t<\/div>\n\t\t\t\t<\/div>\n\t\t<div class=\"has_eae_slider elementor-element elementor-element-8bfa0fe e-flex e-con-boxed e-con e-parent\" data-eae-slider=\"18030\" data-id=\"8bfa0fe\" data-element_type=\"container\">\n\t\t\t\t\t<div class=\"e-con-inner\">\n\t\t\t\t\t<\/div>\n\t\t\t\t<\/div>\n\t\t\t\t<\/div>","protected":false},"excerpt":{"rendered":"<p>Potopa 1. kniha Moj\u017ei\u0161ova 6. kapitola 7. kapitola 8. kapitola 9. kapitola 6. kapitola 1 Ke\u010f sa \u013eudia za\u010dali rozmno\u017eova\u0165 na zemi a rodili sa im dc\u00e9ry, 2 Bo\u017e\u00ed synovia videli, \u017ee \u013eudsk\u00e9 dc\u00e9ry s\u00fa kr\u00e1sne, vzali si z nich za man\u017eelky tie, ktor\u00e9 si vybrali. 3 Hospodin povedal: \u201eM\u00f4j duch nezostane ve\u010dne v \u010dlovekovi, [&hellip;]<\/p>","protected":false},"author":1,"featured_media":0,"parent":0,"menu_order":0,"comment_status":"closed","ping_status":"closed","template":"","meta":{"site-sidebar-layout":"no-sidebar","site-content-layout":"page-builder","ast-site-content-layout":"full-width-container","site-content-style":"default","site-sidebar-style":"default","ast-global-header-display":"","ast-banner-title-visibility":"","ast-main-header-display":"","ast-hfb-above-header-display":"","ast-hfb-below-header-display":"","ast-hfb-mobile-header-display":"","site-post-title":"disabled","ast-breadcrumbs-content":"","ast-featured-img":"disabled","footer-sml-layout":"","theme-transparent-header-meta":"enabled","adv-header-id-meta":"","stick-header-meta":"","header-above-stick-meta":"","header-main-stick-meta":"","header-below-stick-meta":"","astra-migrate-meta-layouts":"set","ast-page-background-enabled":"default","ast-page-background-meta":{"desktop":{"background-color":"var(--ast-global-color-4)","background-image":"","background-repeat":"repeat","background-position":"center center","background-size":"auto","background-attachment":"scroll","background-type":"","background-media":"","overlay-type":"","overlay-color":"","overlay-opacity":"","overlay-gradient":""},"tablet":{"background-color":"","background-image":"","background-repeat":"repeat","background-position":"center center","background-size":"auto","background-attachment":"scroll","background-type":"","background-media":"","overlay-type":"","overlay-color":"","overlay-opacity":"","overlay-gradient":""},"mobile":{"background-color":"","background-image":"","background-repeat":"repeat","background-position":"center center","background-size":"auto","background-attachment":"scroll","background-type":"","background-media":"","overlay-type":"","overlay-color":"","overlay-opacity":"","overlay-gradient":""}},"ast-content-background-meta":{"desktop":{"background-color":"var(--ast-global-color-5)","background-image":"","background-repeat":"repeat","background-position":"center center","background-size":"auto","background-attachment":"scroll","background-type":"","background-media":"","overlay-type":"","overlay-color":"","overlay-opacity":"","overlay-gradient":""},"tablet":{"background-color":"var(--ast-global-color-5)","background-image":"","background-repeat":"repeat","background-position":"center center","background-size":"auto","background-attachment":"scroll","background-type":"","background-media":"","overlay-type":"","overlay-color":"","overlay-opacity":"","overlay-gradient":""},"mobile":{"background-color":"var(--ast-global-color-5)","background-image":"","background-repeat":"repeat","background-position":"center center","background-size":"auto","background-attachment":"scroll","background-type":"","background-media":"","overlay-type":"","overlay-color":"","overlay-opacity":"","overlay-gradient":""}},"footnotes":""},"class_list":["post-1714","page","type-page","status-publish","hentry"],"_links":{"self":[{"href":"http:\/\/acodalej.sk\/es\/wp-json\/wp\/v2\/pages\/1714","targetHints":{"allow":["GET"]}}],"collection":[{"href":"http:\/\/acodalej.sk\/es\/wp-json\/wp\/v2\/pages"}],"about":[{"href":"http:\/\/acodalej.sk\/es\/wp-json\/wp\/v2\/types\/page"}],"author":[{"embeddable":true,"href":"http:\/\/acodalej.sk\/es\/wp-json\/wp\/v2\/users\/1"}],"replies":[{"embeddable":true,"href":"http:\/\/acodalej.sk\/es\/wp-json\/wp\/v2\/comments?post=1714"}],"version-history":[{"count":0,"href":"http:\/\/acodalej.sk\/es\/wp-json\/wp\/v2\/pages\/1714\/revisions"}],"wp:attachment":[{"href":"http:\/\/acodalej.sk\/es\/wp-json\/wp\/v2\/media?parent=1714"}],"curies":[{"name":"wp","href":"https:\/\/api.w.org\/{rel}","templated":true}]}}