{"id":1725,"date":"2023-11-27T04:51:16","date_gmt":"2023-11-27T04:51:16","guid":{"rendered":"http:\/\/acodalej.sk\/?page_id=1725"},"modified":"2024-01-01T23:06:10","modified_gmt":"2024-01-01T23:06:10","slug":"zrod-narodov","status":"publish","type":"page","link":"http:\/\/acodalej.sk\/es\/zrod-narodov\/","title":{"rendered":"Zrod n\u00e1rodov"},"content":{"rendered":"<div data-elementor-type=\"wp-page\" data-elementor-id=\"1725\" class=\"elementor elementor-1725\">\n\t\t\t\t<div class=\"has_eae_slider elementor-element elementor-element-d8b4f61 e-flex e-con-boxed e-con e-parent\" data-eae-slider=\"39311\" data-id=\"d8b4f61\" data-element_type=\"container\" data-settings=\"{&quot;background_background&quot;:&quot;classic&quot;}\">\n\t\t\t\t\t<div class=\"e-con-inner\">\n\t\t<div class=\"has_eae_slider elementor-element elementor-element-a08d00b e-con-full e-flex e-con e-child\" data-eae-slider=\"40066\" data-id=\"a08d00b\" data-element_type=\"container\">\n\t\t\t\t<div class=\"elementor-element elementor-element-f6df33e elementor-widget elementor-widget-heading\" data-id=\"f6df33e\" data-element_type=\"widget\" data-widget_type=\"heading.default\">\n\t\t\t\t<div class=\"elementor-widget-container\">\n\t\t\t\t\t<h1 class=\"elementor-heading-title elementor-size-default\">Nacimiento de las Naciones - Patriarcas<\/h1>\t\t\t\t<\/div>\n\t\t\t\t<\/div>\n\t\t\t\t<\/div>\n\t\t\t\t\t<\/div>\n\t\t\t\t<\/div>\n\t\t<div class=\"has_eae_slider elementor-element elementor-element-57b8215 e-flex e-con-boxed e-con e-parent\" data-eae-slider=\"38628\" data-id=\"57b8215\" data-element_type=\"container\" data-settings=\"{&quot;background_background&quot;:&quot;classic&quot;}\">\n\t\t\t\t\t<div class=\"e-con-inner\">\n\t\t\t\t<div class=\"elementor-element elementor-element-1aa621b elementor-widget elementor-widget-heading\" data-id=\"1aa621b\" data-element_type=\"widget\" data-widget_type=\"heading.default\">\n\t\t\t\t<div class=\"elementor-widget-container\">\n\t\t\t\t\t<h2 class=\"elementor-heading-title elementor-size-default\">G\u00e9nesis<\/h2>\t\t\t\t<\/div>\n\t\t\t\t<\/div>\n\t\t\t\t<div class=\"elementor-element elementor-element-6d6928f elementor-tabs-view-horizontal elementor-widget elementor-widget-tabs\" data-id=\"6d6928f\" data-element_type=\"widget\" data-widget_type=\"tabs.default\">\n\t\t\t\t<div class=\"elementor-widget-container\">\n\t\t\t\t\t\t\t<div class=\"elementor-tabs\">\n\t\t\t<div class=\"elementor-tabs-wrapper\" role=\"tablist\" >\n\t\t\t\t\t\t\t\t\t<div id=\"elementor-tab-title-1141\" class=\"elementor-tab-title elementor-tab-desktop-title\" aria-selected=\"true\" data-tab=\"1\" role=\"tab\" tabindex=\"0\" aria-controls=\"elementor-tab-content-1141\" aria-expanded=\"false\">Cap\u00edtulo 10<\/div>\n\t\t\t\t\t\t\t\t\t<div id=\"elementor-tab-title-1142\" class=\"elementor-tab-title elementor-tab-desktop-title\" aria-selected=\"false\" data-tab=\"2\" role=\"tab\" tabindex=\"-1\" aria-controls=\"elementor-tab-content-1142\" aria-expanded=\"false\">Cap\u00edtulo 11<\/div>\n\t\t\t\t\t\t\t<\/div>\n\t\t\t<div class=\"elementor-tabs-content-wrapper\" role=\"tablist\" aria-orientation=\"vertical\">\n\t\t\t\t\t\t\t\t\t<div class=\"elementor-tab-title elementor-tab-mobile-title\" aria-selected=\"true\" data-tab=\"1\" role=\"tab\" tabindex=\"0\" aria-controls=\"elementor-tab-content-1141\" aria-expanded=\"false\">Cap\u00edtulo 10<\/div>\n\t\t\t\t\t<div id=\"elementor-tab-content-1141\" class=\"elementor-tab-content elementor-clearfix\" data-tab=\"1\" role=\"tabpanel\" aria-labelledby=\"elementor-tab-title-1141\" tabindex=\"0\" hidden=\"false\"><p>1Esta es la genealog\u00eda de los hijos de No\u00e9: Sem, Cam y Jafet. Les nacieron hijos despu\u00e9s del diluvio. 2Los hijos de Jafet: G\u00f3mer, Magog, Madai, Jav\u00e1n, Tubal, Mesec y Tiras. 3Los hijos de G\u00f3mer: Asquenaz, Rifat y Togarma. 4Los hijos de Jav\u00e1n: Elisa, Tarsis, Quitim y Rodanim. 5De estos, las islas del mar se extendieron en sus tierras, cada una con su propia lengua, en sus clanes, en sus naciones. 6Los hijos de Cam: Cus, Mizraim, Fut y Cana\u00e1n. 7Los hijos de Cus: Seba, Havila, Sabta, Raama y Sabteca. Los hijos de Raama: Seba y Ded\u00e1n. 8Cus engendr\u00f3 a Nimrod. \u00c9l se convirti\u00f3 en el primer poderoso de la tierra. 9Fue un poderoso cazador ante el Se\u00f1or. Por eso se dice: \u00abComo Nimrod, un poderoso cazador ante el Se\u00f1or\u00bb. 10 El comienzo de su reino fue Babel, Erec, Acad y Calne en la tierra de Sinar. 11 De esa tierra sali\u00f3 a Asiria y edific\u00f3 N\u00ednive, Rehobot-Ir, Cala, 12 y Res\u00e9n entre N\u00ednive y Cala, es decir, la gran ciudad. 13 Mizraim fue el padre de Lud, Anam, Lehab, Naft\u00fa, 14 Patrus y Casluh, de donde salieron los filisteos y los caftoritas. 15 Cana\u00e1n fue el padre de Sid\u00f3n, su primog\u00e9nito, y de Het, 16 y de los jebuseos, amorreos, gergeseos, 17 heveos, araceos, sineos, 18 arvadeos, zemareos y hamateos. Despu\u00e9s, las familias de los cananeos se dispersaron. 19El territorio de los cananeos se extend\u00eda desde Sid\u00f3n hasta Gerar, llegando hasta Gaza, y hacia Sodoma, Gomorra, Adma y Zeboim, hasta Lasa. 20Estos son los hijos de Cam, seg\u00fan sus familias, lenguas, tierras y naciones. 21A Sem, padre de todos los hijos de \u00c9ber, hermano mayor de Jafet, tambi\u00e9n le nacieron hijos. 22Los hijos de Sem: Elam, Asur, Arfaxad, Lud y Aram. 23Los hijos de Aram: Uz, Cul, Gu\u00e9ter y Mas. 24Arfaxad engendr\u00f3 a Sela. Sela engendr\u00f3 a \u00c9ber. 25\u00c9ber tuvo dos hijos: uno se llam\u00f3 Peleg, porque en sus d\u00edas se dividi\u00f3 la tierra; y su hermano se llam\u00f3 Joct\u00e1n. 26 Joct\u00e1n engendr\u00f3 a Almodad, a Selef, a Hazarmavet, a Jara, 27 a Adoram, a Uzal, a Dicla, 28 a Obal, a Abimael, a Seba, 29 a Ofir, a Havila y a Jobab. Todos estos fueron hijos de Joct\u00e1n. 30 Su morada se extendi\u00f3 desde Mesa hasta Sefar, hasta el monte del este. 31 Estos fueron los hijos de Sem, seg\u00fan sus familias, seg\u00fan sus lenguas y seg\u00fan sus naciones, en sus tierras. 32 Estas son las familias de los hijos de No\u00e9, seg\u00fan sus familias y seg\u00fan sus naciones; y de estas se dividieron las naciones en la tierra despu\u00e9s del diluvio.<\/p><\/div>\n\t\t\t\t\t\t\t\t\t<div class=\"elementor-tab-title elementor-tab-mobile-title\" aria-selected=\"false\" data-tab=\"2\" role=\"tab\" tabindex=\"-1\" aria-controls=\"elementor-tab-content-1142\" aria-expanded=\"false\">Cap\u00edtulo 11<\/div>\n\t\t\t\t\t<div id=\"elementor-tab-content-1142\" class=\"elementor-tab-content elementor-clearfix\" data-tab=\"2\" role=\"tabpanel\" aria-labelledby=\"elementor-tab-title-1142\" tabindex=\"0\" hidden=\"hidden\"><p>1Toda la tierra ten\u00eda un solo idioma y una sola palabra. 2Al desplazarse desde el este, la gente encontr\u00f3 una llanura en la tierra de Sinar y se estableci\u00f3 all\u00ed. 3Se dijeron unos a otros: \u00ab\u00a1Vamos a hacer ladrillos y a cocerlos!\u00bb. Usaron ladrillo en lugar de piedra y bet\u00fan en lugar de argamasa. 4Entonces dijeron: \u00abVengan, construyamos una ciudad y una torre con su c\u00faspide en el cielo, para que nos hagamos famosos y no nos dispersemos por toda la tierra\u00bb. 5Pero el Se\u00f1or descendi\u00f3 para ver la ciudad y la torre que el pueblo estaba construyendo. 6El Se\u00f1or dijo: \u00abSon un solo pueblo, y todos hablan un solo idioma. Esto es solo el comienzo de lo que van a hacer; ahora nada les impedir\u00e1. 7Vengan, bajemos y confundamos su lengua para que no se entiendan\u00bb. 8As\u00ed que el Se\u00f1or los dispers\u00f3 desde all\u00ed por toda la tierra, y dejaron de construir la ciudad. 9Por eso se le llam\u00f3 Babel, porque all\u00ed el Se\u00f1or confundi\u00f3 el lenguaje de toda la tierra. Desde all\u00ed los dispers\u00f3 por toda la faz de la tierra. 10Estas son las generaciones de Sem: Dos a\u00f1os despu\u00e9s del diluvio, Sem ten\u00eda cien a\u00f1os y engendr\u00f3 a Arpaxad. 11Despu\u00e9s del nacimiento de Arpaxad, Sem vivi\u00f3 quinientos a\u00f1os y engendr\u00f3 otros hijos e hijas. 12Cuando Arpaxad ten\u00eda treinta y cinco a\u00f1os, engendr\u00f3 a Sela. 13Despu\u00e9s del nacimiento de Sela, Arpaxad vivi\u00f3 cuatrocientos tres a\u00f1os y engendr\u00f3 otros hijos e hijas. 14Cuando Sela ten\u00eda treinta a\u00f1os, engendr\u00f3 a \u00c9ber. 15Despu\u00e9s del nacimiento de \u00c9ber, Sela vivi\u00f3 cuatrocientos tres a\u00f1os y engendr\u00f3 otros hijos e hijas. 16Cuando \u00c9ber ten\u00eda treinta y cuatro a\u00f1os, engendr\u00f3 a Peleg. 17 Despu\u00e9s de engendrar a Peleg, Heber vivi\u00f3 cuatrocientos treinta a\u00f1os y engendr\u00f3 hijos e hijas. 18 Cuando Peleg ten\u00eda treinta a\u00f1os, engendr\u00f3 a Reu. 19 Despu\u00e9s de engendrar a Reu, Peleg vivi\u00f3 doscientos nueve a\u00f1os y engendr\u00f3 hijos e hijas. 20 Cuando Reu ten\u00eda treinta y dos a\u00f1os, engendr\u00f3 a Serug. 21 Despu\u00e9s de engendrar a Serug, Reu vivi\u00f3 doscientos siete a\u00f1os y engendr\u00f3 hijos e hijas. 22 Cuando Serug ten\u00eda treinta a\u00f1os, engendr\u00f3 a Nacor. 23 Despu\u00e9s de engendrar a Nacor, Serug vivi\u00f3 doscientos a\u00f1os y engendr\u00f3 hijos e hijas. 24 Cuando Nacor ten\u00eda veintinueve a\u00f1os, engendr\u00f3 a Tar\u00e9. 25 Despu\u00e9s de engendrar a Tar\u00e9, Nacor vivi\u00f3 ciento diecinueve a\u00f1os y engendr\u00f3 hijos e hijas. 26 Cuando Tar\u00e9 ten\u00eda setenta a\u00f1os, engendr\u00f3 a Abram, Nacor y Har\u00e1n. 27 Esta es la genealog\u00eda de Tar\u00e9: Tar\u00e9 engendr\u00f3 a Abram, Nacor y Har\u00e1n. Har\u00e1n engendr\u00f3 a Lot. 28 Har\u00e1n muri\u00f3 mientras su padre Tar\u00e9 viv\u00eda en Ur de los caldeos, su tierra natal. 29 Abram y Nacor se casaron. El nombre de la esposa de Abram era Sarai, y el nombre de la esposa de Nacor, Milca, hija de Har\u00e1n, padre de Milca e Isca. 30 Pero Sarai era est\u00e9ril y no ten\u00eda hijos. 31 Tar\u00e9 tom\u00f3 a su hijo Abram, a su nieto Lot, hijo de Har\u00e1n, y a Sarai, su nuera, esposa de su hijo Abram, y salieron de Ur de los caldeos para ir a la tierra de Cana\u00e1n. Llegaron a Har\u00e1n y se establecieron all\u00ed. 32Los d\u00edas de Tar\u00e9 fueron doscientos cinco a\u00f1os. Tar\u00e9 muri\u00f3 en Har\u00e1n.<\/p><\/div>\n\t\t\t\t\t\t\t<\/div>\n\t\t<\/div>\n\t\t\t\t\t\t<\/div>\n\t\t\t\t<\/div>\n\t\t\t\t\t<\/div>\n\t\t\t\t<\/div>\n\t\t<div class=\"has_eae_slider elementor-element elementor-element-6c9b8dd e-flex e-con-boxed e-con e-parent\" data-eae-slider=\"78498\" data-id=\"6c9b8dd\" data-element_type=\"container\">\n\t\t\t\t\t<div class=\"e-con-inner\">\n\t\t<div class=\"has_eae_slider elementor-element elementor-element-fd1c260 e-con-full e-flex e-con e-child\" data-eae-slider=\"13272\" data-id=\"fd1c260\" data-element_type=\"container\">\n\t\t\t\t<div class=\"elementor-element elementor-element-a2bc893 elementor-widget elementor-widget-video\" data-id=\"a2bc893\" data-element_type=\"widget\" data-settings=\"{&quot;youtube_url&quot;:&quot;https:\\\/\\\/youtu.be\\\/62on98YtZDs&quot;,&quot;video_type&quot;:&quot;youtube&quot;,&quot;controls&quot;:&quot;yes&quot;}\" data-widget_type=\"video.default\">\n\t\t\t\t<div class=\"elementor-widget-container\">\n\t\t\t\t\t\t\t<div class=\"elementor-wrapper elementor-open-inline\">\n\t\t\t<div class=\"elementor-video\"><\/div>\t\t<\/div>\n\t\t\t\t\t\t<\/div>\n\t\t\t\t<\/div>\n\t\t\t\t<\/div>\n\t\t<div class=\"has_eae_slider elementor-element elementor-element-9604c1c e-con-full e-flex e-con e-child\" data-eae-slider=\"46963\" data-id=\"9604c1c\" data-element_type=\"container\">\n\t\t\t\t<div class=\"elementor-element elementor-element-46ce8d6 elementor-widget elementor-widget-video\" data-id=\"46ce8d6\" data-element_type=\"widget\" data-settings=\"{&quot;youtube_url&quot;:&quot;https:\\\/\\\/youtu.be\\\/Lt9GgN2KW8c&quot;,&quot;video_type&quot;:&quot;youtube&quot;,&quot;controls&quot;:&quot;yes&quot;}\" data-widget_type=\"video.default\">\n\t\t\t\t<div class=\"elementor-widget-container\">\n\t\t\t\t\t\t\t<div class=\"elementor-wrapper elementor-open-inline\">\n\t\t\t<div class=\"elementor-video\"><\/div>\t\t<\/div>\n\t\t\t\t\t\t<\/div>\n\t\t\t\t<\/div>\n\t\t\t\t<\/div>\n\t\t<div class=\"has_eae_slider elementor-element elementor-element-daf0d7a e-con-full e-flex e-con e-child\" data-eae-slider=\"76426\" data-id=\"daf0d7a\" data-element_type=\"container\">\n\t\t\t\t<div class=\"elementor-element elementor-element-b1150e1 elementor-widget elementor-widget-video\" data-id=\"b1150e1\" data-element_type=\"widget\" data-settings=\"{&quot;youtube_url&quot;:&quot;https:\\\/\\\/youtu.be\\\/UfIyXzB7x00&quot;,&quot;video_type&quot;:&quot;youtube&quot;,&quot;controls&quot;:&quot;yes&quot;}\" data-widget_type=\"video.default\">\n\t\t\t\t<div class=\"elementor-widget-container\">\n\t\t\t\t\t\t\t<div class=\"elementor-wrapper elementor-open-inline\">\n\t\t\t<div class=\"elementor-video\"><\/div>\t\t<\/div>\n\t\t\t\t\t\t<\/div>\n\t\t\t\t<\/div>\n\t\t\t\t<\/div>\n\t\t\t\t\t<\/div>\n\t\t\t\t<\/div>\n\t\t\t\t<\/div>","protected":false},"excerpt":{"rendered":"<p>Zrod n\u00e1rodov &#8211; Patriarchovia 1. kniha Moj\u017ei\u0161ova 10. kapitola 11. kapitola 10. kapitola 1Toto je rodokme\u0148 Noachov\u00fdch synov, \u0160\u00e9ma, Ch\u00e1ma a Jefeta. Po potope sa im narodili synovia. 2Jefetovi synovia s\u00fa: Gomer, Mag\u00f3g, Madaj, Jav\u00e1n, Tubal, Me\u0161ech a Tir\u00e1s. 3Gomerovi synovia s\u00fa: A\u0161kenaz, Rifat a Togarma. 4Jav\u00e1novi synovia s\u00fa: Eli\u0161a, Tar\u0161\u00ed\u0161, Kitt\u00edm a Rodan\u00edm. 5Z [&hellip;]<\/p>","protected":false},"author":1,"featured_media":0,"parent":0,"menu_order":0,"comment_status":"closed","ping_status":"closed","template":"","meta":{"site-sidebar-layout":"no-sidebar","site-content-layout":"page-builder","ast-site-content-layout":"full-width-container","site-content-style":"unboxed","site-sidebar-style":"unboxed","ast-global-header-display":"","ast-banner-title-visibility":"","ast-main-header-display":"","ast-hfb-above-header-display":"","ast-hfb-below-header-display":"","ast-hfb-mobile-header-display":"","site-post-title":"disabled","ast-breadcrumbs-content":"","ast-featured-img":"disabled","footer-sml-layout":"","theme-transparent-header-meta":"enabled","adv-header-id-meta":"","stick-header-meta":"","header-above-stick-meta":"","header-main-stick-meta":"","header-below-stick-meta":"","astra-migrate-meta-layouts":"set","ast-page-background-enabled":"default","ast-page-background-meta":{"desktop":{"background-color":"var(--ast-global-color-4)","background-image":"","background-repeat":"repeat","background-position":"center center","background-size":"auto","background-attachment":"scroll","background-type":"","background-media":"","overlay-type":"","overlay-color":"","overlay-opacity":"","overlay-gradient":""},"tablet":{"background-color":"","background-image":"","background-repeat":"repeat","background-position":"center center","background-size":"auto","background-attachment":"scroll","background-type":"","background-media":"","overlay-type":"","overlay-color":"","overlay-opacity":"","overlay-gradient":""},"mobile":{"background-color":"","background-image":"","background-repeat":"repeat","background-position":"center center","background-size":"auto","background-attachment":"scroll","background-type":"","background-media":"","overlay-type":"","overlay-color":"","overlay-opacity":"","overlay-gradient":""}},"ast-content-background-meta":{"desktop":{"background-color":"var(--ast-global-color-5)","background-image":"","background-repeat":"repeat","background-position":"center center","background-size":"auto","background-attachment":"scroll","background-type":"","background-media":"","overlay-type":"","overlay-color":"","overlay-opacity":"","overlay-gradient":""},"tablet":{"background-color":"var(--ast-global-color-5)","background-image":"","background-repeat":"repeat","background-position":"center center","background-size":"auto","background-attachment":"scroll","background-type":"","background-media":"","overlay-type":"","overlay-color":"","overlay-opacity":"","overlay-gradient":""},"mobile":{"background-color":"var(--ast-global-color-5)","background-image":"","background-repeat":"repeat","background-position":"center center","background-size":"auto","background-attachment":"scroll","background-type":"","background-media":"","overlay-type":"","overlay-color":"","overlay-opacity":"","overlay-gradient":""}},"footnotes":""},"class_list":["post-1725","page","type-page","status-publish","hentry"],"_links":{"self":[{"href":"http:\/\/acodalej.sk\/es\/wp-json\/wp\/v2\/pages\/1725","targetHints":{"allow":["GET"]}}],"collection":[{"href":"http:\/\/acodalej.sk\/es\/wp-json\/wp\/v2\/pages"}],"about":[{"href":"http:\/\/acodalej.sk\/es\/wp-json\/wp\/v2\/types\/page"}],"author":[{"embeddable":true,"href":"http:\/\/acodalej.sk\/es\/wp-json\/wp\/v2\/users\/1"}],"replies":[{"embeddable":true,"href":"http:\/\/acodalej.sk\/es\/wp-json\/wp\/v2\/comments?post=1725"}],"version-history":[{"count":0,"href":"http:\/\/acodalej.sk\/es\/wp-json\/wp\/v2\/pages\/1725\/revisions"}],"wp:attachment":[{"href":"http:\/\/acodalej.sk\/es\/wp-json\/wp\/v2\/media?parent=1725"}],"curies":[{"name":"wp","href":"https:\/\/api.w.org\/{rel}","templated":true}]}}