{"id":1894,"date":"2024-01-02T15:47:47","date_gmt":"2024-01-02T15:47:47","guid":{"rendered":"http:\/\/acodalej.sk\/?page_id=1894"},"modified":"2024-09-15T19:03:48","modified_gmt":"2024-09-15T19:03:48","slug":"cirkev-zhromazdenie-ludi-k-uctievaniu-boha","status":"publish","type":"page","link":"http:\/\/acodalej.sk\/es\/cirkev-zhromazdenie-ludi-k-uctievaniu-boha\/","title":{"rendered":"Iglesia \u2013 una reuni\u00f3n de personas para adorar a Dios"},"content":{"rendered":"<div data-elementor-type=\"wp-page\" data-elementor-id=\"1894\" class=\"elementor elementor-1894\">\n\t\t\t\t<div class=\"has_eae_slider elementor-element elementor-element-d49b236 e-flex e-con-boxed e-con e-parent\" data-eae-slider=\"94601\" data-id=\"d49b236\" data-element_type=\"container\" data-settings=\"{&quot;background_background&quot;:&quot;classic&quot;}\">\n\t\t\t\t\t<div class=\"e-con-inner\">\n\t\t<div class=\"has_eae_slider elementor-element elementor-element-7947532 e-con-full e-flex e-con e-child\" data-eae-slider=\"56344\" data-id=\"7947532\" data-element_type=\"container\">\n\t\t\t\t<div class=\"elementor-element elementor-element-f0bb6a4 elementor-widget elementor-widget-heading\" data-id=\"f0bb6a4\" data-element_type=\"widget\" data-widget_type=\"heading.default\">\n\t\t\t\t<div class=\"elementor-widget-container\">\n\t\t\t\t\t<h1 class=\"elementor-heading-title elementor-size-default\">\nIglesia \u2013 una reuni\u00f3n de personas para adorar a Dios\n<\/h1>\t\t\t\t<\/div>\n\t\t\t\t<\/div>\n\t\t\t\t<\/div>\n\t\t\t\t\t<\/div>\n\t\t\t\t<\/div>\n\t\t<div class=\"has_eae_slider elementor-element elementor-element-c14fe6c e-flex e-con-boxed e-con e-parent\" data-eae-slider=\"11110\" data-id=\"c14fe6c\" data-element_type=\"container\">\n\t\t\t\t\t<div class=\"e-con-inner\">\n\t\t<div class=\"has_eae_slider elementor-element elementor-element-828dc19 e-con-full e-flex e-con e-child\" data-eae-slider=\"10904\" data-id=\"828dc19\" data-element_type=\"container\">\n\t\t\t\t<div class=\"elementor-element elementor-element-ea85d9a elementor-widget elementor-widget-text-editor\" data-id=\"ea85d9a\" data-element_type=\"widget\" data-widget_type=\"text-editor.default\">\n\t\t\t\t<div class=\"elementor-widget-container\">\n\t\t\t\t\t\t\t\t\t<p>Los acontecimientos posteriores a la resurrecci\u00f3n del Se\u00f1or Jes\u00fas est\u00e1n registrados en el libro de los Hechos. <b>Hechos de los Ap\u00f3stoles<\/b>Es una descripci\u00f3n de los acontecimientos que Dios anunci\u00f3 a los profetas con siglos de antelaci\u00f3n. Los libros que describen los acontecimientos que cumplieron las predicciones de los profetas se complementan con libros que explican la ley y la historia de Dios para quienes creen que Jes\u00fas de Nazaret es Dios, hombre verdadero y el Salvador del mundo. Los libros se complementan con otras profec\u00edas para el futuro, que describen el fin del mundo presente y el venidero.<\/p>\t\t\t\t\t\t\t\t<\/div>\n\t\t\t\t<\/div>\n\t\t\t\t<\/div>\n\t\t<div class=\"has_eae_slider elementor-element elementor-element-e4b78c1 e-con-full e-flex e-con e-child\" data-eae-slider=\"5488\" data-id=\"e4b78c1\" data-element_type=\"container\">\n\t\t\t\t<div class=\"elementor-element elementor-element-e35b020 elementor-widget elementor-widget-image\" data-id=\"e35b020\" data-element_type=\"widget\" data-widget_type=\"image.default\">\n\t\t\t\t<div class=\"elementor-widget-container\">\n\t\t\t\t\t\t\t\t\t\t\t\t<figure class=\"wp-caption\">\n\t\t\t\t\t\t\t\t\t\t\t<a href=\"https:\/\/www.bible.com\/bible\/465\/ACT.1.SEB\" target=\"_blank\">\n\t\t\t\t\t\t\t<img fetchpriority=\"high\" decoding=\"async\" width=\"300\" height=\"300\" src=\"http:\/\/acodalej.sk\/wp-content\/uploads\/2024\/01\/biblia-300x300.jpg\" class=\"attachment-medium size-medium wp-image-1897\" alt=\"\" srcset=\"http:\/\/acodalej.sk\/wp-content\/uploads\/2024\/01\/biblia-300x300.jpg 300w, http:\/\/acodalej.sk\/wp-content\/uploads\/2024\/01\/biblia-1024x1022.jpg 1024w, http:\/\/acodalej.sk\/wp-content\/uploads\/2024\/01\/biblia-150x150.jpg 150w, http:\/\/acodalej.sk\/wp-content\/uploads\/2024\/01\/biblia-768x767.jpg 768w, http:\/\/acodalej.sk\/wp-content\/uploads\/2024\/01\/biblia.jpg 1200w\" sizes=\"(max-width: 300px) 100vw, 300px\" \/>\t\t\t\t\t\t\t\t<\/a>\n\t\t\t\t\t\t\t\t\t\t\t<figcaption class=\"widget-image-caption wp-caption-text\">Hechos de los Ap\u00f3stoles<\/figcaption>\n\t\t\t\t\t\t\t\t\t\t<\/figure>\n\t\t\t\t\t\t\t\t\t<\/div>\n\t\t\t\t<\/div>\n\t\t\t\t<\/div>\n\t\t\t\t\t<\/div>\n\t\t\t\t<\/div>\n\t\t<div class=\"has_eae_slider elementor-element elementor-element-5bc2b0d e-flex e-con-boxed e-con e-parent\" data-eae-slider=\"14764\" data-id=\"5bc2b0d\" data-element_type=\"container\">\n\t\t\t\t\t<div class=\"e-con-inner\">\n\t\t<div class=\"has_eae_slider elementor-element elementor-element-2adc5bf e-con-full e-flex e-con e-child\" data-eae-slider=\"92861\" data-id=\"2adc5bf\" data-element_type=\"container\">\n\t\t\t\t<div class=\"elementor-element elementor-element-472f987 elementor-widget elementor-widget-text-editor\" data-id=\"472f987\" data-element_type=\"widget\" data-widget_type=\"text-editor.default\">\n\t\t\t\t<div class=\"elementor-widget-container\">\n\t\t\t\t\t\t\t\t\t<p>Lo primero que hay que mencionar es que Dios llam\u00f3 a Abraham y a sus descendientes, de quienes cre\u00f3 la naci\u00f3n de Israel. Incluso antes de Abraham, hubo personas que cre\u00edan en el Creador del cielo y la tierra, a quienes Dios les habl\u00f3 por medio de su Esp\u00edritu. Todas estas personas ten\u00edan una relaci\u00f3n con Dios, luego una relaci\u00f3n con otras personas, donde compart\u00edan libremente su fe en Dios, lo adoraban juntos y se animaban mutuamente a hacer la voluntad de Dios. Luego, ten\u00edan relaciones con personas de otras religiones que se aferraban a sus creencias. La reuni\u00f3n de personas con un deseo en sus corazones de Dios para adorar a Dios juntos, para hablar sobre Dios y sus planes se llama en griego \u1f10\u03ba\u03ba\u03bb\u03b5\u03b9\u03c3\u1fd0\u0301\u1fb1 (ekkleis\u00ed\u0101) y en hebreo \u05e7\u05d4\u05dc\u201d (qahal); en nuestro idioma, una iglesia o una reuni\u00f3n de personas convocadas por Dios.<\/p>\t\t\t\t\t\t\t\t<\/div>\n\t\t\t\t<\/div>\n\t\t\t\t<\/div>\n\t\t<div class=\"has_eae_slider elementor-element elementor-element-9474f97 e-con-full e-flex e-con e-child\" data-eae-slider=\"95117\" data-id=\"9474f97\" data-element_type=\"container\">\n\t\t\t\t<div class=\"elementor-element elementor-element-e2ccfd7 elementor-widget elementor-widget-image\" data-id=\"e2ccfd7\" data-element_type=\"widget\" data-widget_type=\"image.default\">\n\t\t\t\t<div class=\"elementor-widget-container\">\n\t\t\t\t\t\t\t\t\t\t\t\t\t\t\t<img decoding=\"async\" width=\"750\" height=\"422\" src=\"http:\/\/acodalej.sk\/wp-content\/uploads\/2024\/01\/eklesia.jpg\" class=\"attachment-large size-large wp-image-1898\" alt=\"\" srcset=\"http:\/\/acodalej.sk\/wp-content\/uploads\/2024\/01\/eklesia.jpg 750w, http:\/\/acodalej.sk\/wp-content\/uploads\/2024\/01\/eklesia-300x169.jpg 300w\" sizes=\"(max-width: 750px) 100vw, 750px\" \/>\t\t\t\t\t\t\t\t\t\t\t\t\t\t\t<\/div>\n\t\t\t\t<\/div>\n\t\t\t\t<\/div>\n\t\t\t\t\t<\/div>\n\t\t\t\t<\/div>\n\t\t<div class=\"has_eae_slider elementor-element elementor-element-9ec74ff e-flex e-con-boxed e-con e-parent\" data-eae-slider=\"84207\" data-id=\"9ec74ff\" data-element_type=\"container\">\n\t\t\t\t\t<div class=\"e-con-inner\">\n\t\t<div class=\"has_eae_slider elementor-element elementor-element-4c079d6 e-con-full e-flex e-con e-child\" data-eae-slider=\"38461\" data-id=\"4c079d6\" data-element_type=\"container\">\n\t\t\t\t<div class=\"elementor-element elementor-element-ec79f21 elementor-widget elementor-widget-image\" data-id=\"ec79f21\" data-element_type=\"widget\" data-widget_type=\"image.default\">\n\t\t\t\t<div class=\"elementor-widget-container\">\n\t\t\t\t\t\t\t\t\t\t\t\t\t\t\t<img decoding=\"async\" width=\"626\" height=\"360\" src=\"http:\/\/acodalej.sk\/wp-content\/uploads\/2023\/11\/sucastnost.jpg\" class=\"attachment-large size-large wp-image-1468\" alt=\"\" srcset=\"http:\/\/acodalej.sk\/wp-content\/uploads\/2023\/11\/sucastnost.jpg 626w, http:\/\/acodalej.sk\/wp-content\/uploads\/2023\/11\/sucastnost-300x173.jpg 300w\" sizes=\"(max-width: 626px) 100vw, 626px\" \/>\t\t\t\t\t\t\t\t\t\t\t\t\t\t\t<\/div>\n\t\t\t\t<\/div>\n\t\t\t\t<\/div>\n\t\t<div class=\"has_eae_slider elementor-element elementor-element-d2a60e5 e-con-full e-flex e-con e-child\" data-eae-slider=\"60943\" data-id=\"d2a60e5\" data-element_type=\"container\">\n\t\t\t\t<div class=\"elementor-element elementor-element-c84e39c elementor-widget elementor-widget-text-editor\" data-id=\"c84e39c\" data-element_type=\"widget\" data-widget_type=\"text-editor.default\">\n\t\t\t\t<div class=\"elementor-widget-container\">\n\t\t\t\t\t\t\t\t\t<p>Puede ser una reuni\u00f3n de dos personas o de millones en un solo lugar. Las formas externas, como un edificio, objetos, etc., no son esenciales, pero s\u00ed lo son el estado de vida y el coraz\u00f3n de quienes acuden a invocar a Dios. Incluso hay objetos en el lugar donde se invoca a Dios que lo ofenden. La Biblia describe c\u00f3mo la gente se acercaba a Dios en un prado, en un bosque, en una colina, en una tienda o en un edificio, donde no hab\u00eda objetos. Dios no habita en templos construidos por manos humanas, sino en un lugar donde hay gente humilde que lo invoca. La palabra \u00abiglesia\u00bb \u2014una reuni\u00f3n de personas para adorar a Dios\u2014 es el tema principal de la descripci\u00f3n de los acontecimientos posteriores a la partida de Jesucristo. La iglesia es llamada granero, donde se recoge la cosecha de la tierra, y tambi\u00e9n la casa de Dios, donde personas de todas las naciones del mundo se acercan a Dios. La iglesia es llamada una novia preparada para el novio: Dios Jes\u00fas.<\/p>\t\t\t\t\t\t\t\t<\/div>\n\t\t\t\t<\/div>\n\t\t\t\t<\/div>\n\t\t\t\t\t<\/div>\n\t\t\t\t<\/div>\n\t\t<div class=\"has_eae_slider elementor-element elementor-element-754ac35 e-flex e-con-boxed e-con e-parent\" data-eae-slider=\"1996\" data-id=\"754ac35\" data-element_type=\"container\">\n\t\t\t\t\t<div class=\"e-con-inner\">\n\t\t<div class=\"has_eae_slider elementor-element elementor-element-d75b744 e-con-full e-flex e-con e-child\" data-eae-slider=\"61003\" data-id=\"d75b744\" data-element_type=\"container\">\n\t\t\t\t<div class=\"elementor-element elementor-element-9ced05d elementor-widget elementor-widget-text-editor\" data-id=\"9ced05d\" data-element_type=\"widget\" data-widget_type=\"text-editor.default\">\n\t\t\t\t<div class=\"elementor-widget-container\">\n\t\t\t\t\t\t\t\t\t<p>Hasta la venida de Jesucristo, este t\u00e9rmino se usaba para la naci\u00f3n de Israel. Desde la resurrecci\u00f3n de Jesucristo, se ha reunido el pueblo de Dios en todas las naciones del mundo. Tras el diluvio y los sucesos de No\u00e9, las naciones del mundo se apartaron de Dios y adoraron a otros dioses, que se hicieron pasar por \u00e1ngeles ca\u00eddos. Impusieron a la gente diversas normas de vida que contradec\u00edan las del Creador. Las normas del Creador conducen a la vida, mientras que las normas de otras fuentes conducen a la muerte. Guardar las normas del Creador se llama piedad, respeto y amor por \u00c9l. Guardar normas que contradicen las de Dios se llama idolatr\u00eda o servir a dioses extranjeros. Dios abre la puerta para que personas de todas las naciones del mundo abandonen las tradiciones de sus antepasados, basadas en la adoraci\u00f3n del mal, y emprendan un nuevo camino de vida seg\u00fan las normas del Creador del cielo, la tierra y la vida. Dios anunci\u00f3 esta posibilidad con antelaci\u00f3n a trav\u00e9s de los profetas. Anunci\u00f3 que derramar\u00eda su Esp\u00edritu sobre todos los que se volvieran a \u00c9l.<\/p>\t\t\t\t\t\t\t\t<\/div>\n\t\t\t\t<\/div>\n\t\t\t\t<\/div>\n\t\t<div class=\"has_eae_slider elementor-element elementor-element-8360777 e-con-full e-flex e-con e-child\" data-eae-slider=\"86690\" data-id=\"8360777\" data-element_type=\"container\">\n\t\t\t\t<div class=\"elementor-element elementor-element-6e10afe elementor-widget elementor-widget-image\" data-id=\"6e10afe\" data-element_type=\"widget\" data-widget_type=\"image.default\">\n\t\t\t\t<div class=\"elementor-widget-container\">\n\t\t\t\t\t\t\t\t\t\t\t\t\t\t\t<img loading=\"lazy\" decoding=\"async\" width=\"1024\" height=\"585\" src=\"http:\/\/acodalej.sk\/wp-content\/uploads\/2023\/11\/glory-god-1024x585.jpg\" class=\"attachment-large size-large wp-image-1563\" alt=\"\" srcset=\"http:\/\/acodalej.sk\/wp-content\/uploads\/2023\/11\/glory-god-1024x585.jpg 1024w, http:\/\/acodalej.sk\/wp-content\/uploads\/2023\/11\/glory-god-300x171.jpg 300w, http:\/\/acodalej.sk\/wp-content\/uploads\/2023\/11\/glory-god-768x439.jpg 768w, http:\/\/acodalej.sk\/wp-content\/uploads\/2023\/11\/glory-god-1536x878.jpg 1536w, http:\/\/acodalej.sk\/wp-content\/uploads\/2023\/11\/glory-god.jpg 1792w\" sizes=\"(max-width: 1024px) 100vw, 1024px\" \/>\t\t\t\t\t\t\t\t\t\t\t\t\t\t\t<\/div>\n\t\t\t\t<\/div>\n\t\t\t\t<\/div>\n\t\t\t\t\t<\/div>\n\t\t\t\t<\/div>\n\t\t<div class=\"has_eae_slider elementor-element elementor-element-025fd4a e-flex e-con-boxed e-con e-parent\" data-eae-slider=\"97045\" data-id=\"025fd4a\" data-element_type=\"container\">\n\t\t\t\t\t<div class=\"e-con-inner\">\n\t\t\t\t<div class=\"elementor-element elementor-element-19c8656 elementor-widget elementor-widget-text-editor\" data-id=\"19c8656\" data-element_type=\"widget\" data-widget_type=\"text-editor.default\">\n\t\t\t\t<div class=\"elementor-widget-container\">\n\t\t\t\t\t\t\t\t\t<p><b>La profec\u00eda de Joel 3:<\/b><br \/><i> 1 Entonces derramar\u00e9 mi Esp\u00edritu sobre toda carne. Sus hijos e hijas profetizar\u00e1n. Sus ancianos so\u00f1ar\u00e1n sue\u00f1os y sus j\u00f3venes ver\u00e1n visiones. 2 Y sobre los esclavos y las esclavas derramar\u00e9 mi Esp\u00edritu en aquellos d\u00edas. 3 Mostrar\u00e9 se\u00f1ales en el cielo y en la tierra: sangre, fuego y columnas de humo. 4 El sol se convertir\u00e1 en tinieblas y la luna en sangre antes de que llegue el gran y terrible d\u00eda del Se\u00f1or. 5 Todo el que invoque su nombre ser\u00e1 salvo, porque en el monte Si\u00f3n y en Jerusal\u00e9n habr\u00e1 liberaci\u00f3n, como el Se\u00f1or ha prometido. Entre los redimidos estar\u00e1n aquellos a quienes el Se\u00f1or llama.<\/i><\/p>\t\t\t\t\t\t\t\t<\/div>\n\t\t\t\t<\/div>\n\t\t\t\t\t<\/div>\n\t\t\t\t<\/div>\n\t\t<div class=\"has_eae_slider elementor-element elementor-element-3e6c19d e-flex e-con-boxed e-con e-parent\" data-eae-slider=\"86296\" data-id=\"3e6c19d\" data-element_type=\"container\">\n\t\t\t\t\t<div class=\"e-con-inner\">\n\t\t<div class=\"has_eae_slider elementor-element elementor-element-8a7ed96 e-con-full e-flex e-con e-child\" data-eae-slider=\"71257\" data-id=\"8a7ed96\" data-element_type=\"container\">\n\t\t\t\t<div class=\"elementor-element elementor-element-1148caf elementor-widget elementor-widget-video\" data-id=\"1148caf\" data-element_type=\"widget\" data-settings=\"{&quot;youtube_url&quot;:&quot;https:\\\/\\\/youtu.be\\\/v2qG-UNa5Xk&quot;,&quot;video_type&quot;:&quot;youtube&quot;,&quot;controls&quot;:&quot;yes&quot;}\" data-widget_type=\"video.default\">\n\t\t\t\t<div class=\"elementor-widget-container\">\n\t\t\t\t\t\t\t<div class=\"elementor-wrapper elementor-open-inline\">\n\t\t\t<div class=\"elementor-video\"><\/div>\t\t<\/div>\n\t\t\t\t\t\t<\/div>\n\t\t\t\t<\/div>\n\t\t\t\t<\/div>\n\t\t<div class=\"has_eae_slider elementor-element elementor-element-37108b5 e-con-full e-flex e-con e-child\" data-eae-slider=\"58034\" data-id=\"37108b5\" data-element_type=\"container\">\n\t\t\t\t<div class=\"elementor-element elementor-element-8478ced elementor-widget elementor-widget-video\" data-id=\"8478ced\" data-element_type=\"widget\" data-settings=\"{&quot;youtube_url&quot;:&quot;https:\\\/\\\/youtu.be\\\/I1TxPh1muH8&quot;,&quot;video_type&quot;:&quot;youtube&quot;,&quot;controls&quot;:&quot;yes&quot;}\" data-widget_type=\"video.default\">\n\t\t\t\t<div class=\"elementor-widget-container\">\n\t\t\t\t\t\t\t<div class=\"elementor-wrapper elementor-open-inline\">\n\t\t\t<div class=\"elementor-video\"><\/div>\t\t<\/div>\n\t\t\t\t\t\t<\/div>\n\t\t\t\t<\/div>\n\t\t\t\t<\/div>\n\t\t\t\t\t<\/div>\n\t\t\t\t<\/div>\n\t\t\t\t<\/div>","protected":false},"excerpt":{"rendered":"<p>Cirkev \u2013 zhroma\u017edenie \u013eud\u00ed k uctievaniu Boha Udalosti po vzkriesen\u00ed P\u00e1na Je\u017ei\u0161a s\u00fa zaznamenan\u00e9 v knihe Skutky apo\u0161tolov. Ide o popis udalost\u00ed, ktor\u00e9 Boh dopredu ozn\u00e1mil prorokom st\u00e1ro\u010dia vopred. Knihy popisuj\u00face udalosti, ktor\u00fdmi sa naplnili predpovede prorokov s\u00fa doplnen\u00e9 knihami s v\u00fdkladom Bo\u017eieho z\u00e1kona a hist\u00f3rie pre \u013eud\u00ed, ktor\u00ed veria, \u017ee Je\u017ei\u0161 Nazaretsk\u00fd je Boh, [&hellip;]<\/p>","protected":false},"author":1,"featured_media":0,"parent":0,"menu_order":0,"comment_status":"closed","ping_status":"closed","template":"","meta":{"site-sidebar-layout":"no-sidebar","site-content-layout":"page-builder","ast-site-content-layout":"full-width-container","site-content-style":"default","site-sidebar-style":"default","ast-global-header-display":"","ast-banner-title-visibility":"disabled","ast-main-header-display":"","ast-hfb-above-header-display":"","ast-hfb-below-header-display":"","ast-hfb-mobile-header-display":"","site-post-title":"disabled","ast-breadcrumbs-content":"disabled","ast-featured-img":"disabled","footer-sml-layout":"disabled","theme-transparent-header-meta":"enabled","adv-header-id-meta":"","stick-header-meta":"","header-above-stick-meta":"","header-main-stick-meta":"","header-below-stick-meta":"","astra-migrate-meta-layouts":"set","ast-page-background-enabled":"default","ast-page-background-meta":{"desktop":{"background-color":"var(--ast-global-color-4)","background-image":"","background-repeat":"repeat","background-position":"center center","background-size":"auto","background-attachment":"scroll","background-type":"","background-media":"","overlay-type":"","overlay-color":"","overlay-opacity":"","overlay-gradient":""},"tablet":{"background-color":"","background-image":"","background-repeat":"repeat","background-position":"center center","background-size":"auto","background-attachment":"scroll","background-type":"","background-media":"","overlay-type":"","overlay-color":"","overlay-opacity":"","overlay-gradient":""},"mobile":{"background-color":"","background-image":"","background-repeat":"repeat","background-position":"center center","background-size":"auto","background-attachment":"scroll","background-type":"","background-media":"","overlay-type":"","overlay-color":"","overlay-opacity":"","overlay-gradient":""}},"ast-content-background-meta":{"desktop":{"background-color":"var(--ast-global-color-5)","background-image":"","background-repeat":"repeat","background-position":"center center","background-size":"auto","background-attachment":"scroll","background-type":"","background-media":"","overlay-type":"","overlay-color":"","overlay-opacity":"","overlay-gradient":""},"tablet":{"background-color":"var(--ast-global-color-5)","background-image":"","background-repeat":"repeat","background-position":"center center","background-size":"auto","background-attachment":"scroll","background-type":"","background-media":"","overlay-type":"","overlay-color":"","overlay-opacity":"","overlay-gradient":""},"mobile":{"background-color":"var(--ast-global-color-5)","background-image":"","background-repeat":"repeat","background-position":"center center","background-size":"auto","background-attachment":"scroll","background-type":"","background-media":"","overlay-type":"","overlay-color":"","overlay-opacity":"","overlay-gradient":""}},"footnotes":""},"class_list":["post-1894","page","type-page","status-publish","hentry"],"_links":{"self":[{"href":"http:\/\/acodalej.sk\/es\/wp-json\/wp\/v2\/pages\/1894","targetHints":{"allow":["GET"]}}],"collection":[{"href":"http:\/\/acodalej.sk\/es\/wp-json\/wp\/v2\/pages"}],"about":[{"href":"http:\/\/acodalej.sk\/es\/wp-json\/wp\/v2\/types\/page"}],"author":[{"embeddable":true,"href":"http:\/\/acodalej.sk\/es\/wp-json\/wp\/v2\/users\/1"}],"replies":[{"embeddable":true,"href":"http:\/\/acodalej.sk\/es\/wp-json\/wp\/v2\/comments?post=1894"}],"version-history":[{"count":0,"href":"http:\/\/acodalej.sk\/es\/wp-json\/wp\/v2\/pages\/1894\/revisions"}],"wp:attachment":[{"href":"http:\/\/acodalej.sk\/es\/wp-json\/wp\/v2\/media?parent=1894"}],"curies":[{"name":"wp","href":"https:\/\/api.w.org\/{rel}","templated":true}]}}