{"id":2118,"date":"2024-09-15T12:42:09","date_gmt":"2024-09-15T12:42:09","guid":{"rendered":"http:\/\/acodalej.sk\/?page_id=2118"},"modified":"2024-11-09T15:47:14","modified_gmt":"2024-11-09T15:47:14","slug":"cti-boha","status":"publish","type":"page","link":"http:\/\/acodalej.sk\/es\/cti-boha\/","title":{"rendered":"Cti Boha"},"content":{"rendered":"<div data-elementor-type=\"wp-page\" data-elementor-id=\"2118\" class=\"elementor elementor-2118\">\n\t\t\t\t<div class=\"has_eae_slider elementor-element elementor-element-2720e41 e-flex e-con-boxed e-con e-parent\" data-eae-slider=\"60496\" data-id=\"2720e41\" data-element_type=\"container\">\n\t\t\t\t\t<div class=\"e-con-inner\">\n\t\t<div class=\"has_eae_slider elementor-element elementor-element-701718a e-flex e-con-boxed e-con e-child\" data-eae-slider=\"16167\" data-id=\"701718a\" data-element_type=\"container\">\n\t\t\t\t\t<div class=\"e-con-inner\">\n\t\t\t\t<div class=\"elementor-element elementor-element-fccfbfb elementor-widget elementor-widget-heading\" data-id=\"fccfbfb\" data-element_type=\"widget\" data-widget_type=\"heading.default\">\n\t\t\t\t<div class=\"elementor-widget-container\">\n\t\t\t\t\t<h2 class=\"elementor-heading-title elementor-size-default\">HONRAR A DIOS<\/h2>\t\t\t\t<\/div>\n\t\t\t\t<\/div>\n\t\t\t\t<div class=\"elementor-element elementor-element-facd08f elementor-widget elementor-widget-text-editor\" data-id=\"facd08f\" data-element_type=\"widget\" data-widget_type=\"text-editor.default\">\n\t\t\t\t<div class=\"elementor-widget-container\">\n\t\t\t\t\t\t\t\t\t<p style=\"text-align: center;\"><em><strong>&quot;Yo soy el Se\u00f1or tu Dios, que te saqu\u00e9 de Egipto, de casa de servidumbre. No tendr\u00e1s dioses ajenos delante de m\u00ed.&quot;<\/strong><\/em><em><strong>\u00a1excepto yo!<\/strong><\/em><\/p><p style=\"text-align: center;\"><em><strong> 5.Moj\u017ei\u0161ova, 5.6<\/strong><\/em><\/p>\t\t\t\t\t\t\t\t<\/div>\n\t\t\t\t<\/div>\n\t\t\t\t\t<\/div>\n\t\t\t\t<\/div>\n\t\t\t\t\t<\/div>\n\t\t\t\t<\/div>\n\t\t<div class=\"has_eae_slider elementor-element elementor-element-e862884 e-flex e-con-boxed e-con e-parent\" data-eae-slider=\"64655\" data-id=\"e862884\" data-element_type=\"container\">\n\t\t\t\t\t<div class=\"e-con-inner\">\n\t\t<div class=\"has_eae_slider elementor-element elementor-element-e2dcbf0 e-flex e-con-boxed e-con e-child\" data-eae-slider=\"78028\" data-id=\"e2dcbf0\" data-element_type=\"container\">\n\t\t\t\t\t<div class=\"e-con-inner\">\n\t\t\t\t<div class=\"elementor-element elementor-element-308b865 elementor-widget elementor-widget-text-editor\" data-id=\"308b865\" data-element_type=\"widget\" data-widget_type=\"text-editor.default\">\n\t\t\t\t<div class=\"elementor-widget-container\">\n\t\t\t\t\t\t\t\t\t<p>La primera y m\u00e1s importante regla de vida es honrar al Creador, quien nos dio la vida, quien nos provee amor, salud y provisi\u00f3n cada d\u00eda. De nosotros depende si aceptamos con gratitud o nos rebelamos con orgullo. El respeto a Dios se demuestra mediante el respeto a su palabra, que nos ha dado en la Biblia. Quien estudia su palabra y la creaci\u00f3n que nos rodea y, con base en la comprensi\u00f3n, act\u00faa en la vida pr\u00e1ctica conforme a sus reglas, es una persona que permanece en el amor de Dios. Nada puede reemplazar el amor de nuestro Creador y Padre.<\/p>\t\t\t\t\t\t\t\t<\/div>\n\t\t\t\t<\/div>\n\t\t\t\t<div class=\"elementor-element elementor-element-c44b0f2 elementor-widget elementor-widget-text-editor\" data-id=\"c44b0f2\" data-element_type=\"widget\" data-widget_type=\"text-editor.default\">\n\t\t\t\t<div class=\"elementor-widget-container\">\n\t\t\t\t\t\t\t\t\t<p>Porque la ira de Dios se revela desde el cielo contra toda impiedad e injusticia de los hombres que detienen con injusticia la verdad. Porque lo que se conoce acerca de Dios les es manifiesto, pues Dios se lo manifest\u00f3. Porque desde la creaci\u00f3n del mundo, sus atributos invisibles, su eterno poder y deidad, se hacen claramente visibles, siendo entendidos por medio de las cosas creadas. De modo que no tienen excusa. Pues aunque conocieron a Dios, no lo glorificaron como a Dios ni le dieron gracias. Se envanecieron en sus razonamientos, y su necio coraz\u00f3n fue entenebrecido. Profesando ser sabios, se hicieron necios. Cambiaron la gloria del Dios incorruptible por una imagen en semejanza de hombre corruptible, de aves, de cuadr\u00fapedos y de reptiles. Por lo tanto, Dios los entreg\u00f3 a la inmundicia, en las concupiscencias de sus corazones, para deshonrar sus propios cuerpos. Cambiaron la verdad de Dios por la mentira, adorando y dando culto a las criaturas antes que al Creador, quien es bendito por los siglos. Am\u00e9n. Por esta raz\u00f3n Dios los entreg\u00f3 a pasiones degradantes. Pues sus mujeres cambiaron las relaciones naturales por las que van contra la naturaleza. De la misma manera, los hombres abandonaron las relaciones naturales con las mujeres y se consumieron en la lujuria unos con otros, cometiendo actos vergonzosos hombres con hombres y recibiendo en s\u00ed mismos el castigo debido a su extrav\u00edo. Y como no creyeron en Dios, Dios los entreg\u00f3 a una mente depravada, para hacer lo que no es apropiado. Est\u00e1n llenos de toda injusticia, perversidad, avaricia, maldad, llenos de envidia, homicidios, contiendas, enga\u00f1os y malicia. Son chismosos, calumniadores, aborrecedores de Dios, violentos, arrogantes, jactanciosos, inventores de maldad, desobedientes a los padres, insensatos, inestables, sin amor, sin misericordia. Saben el decreto de Dios que quienes practican tales cosas merecen la muerte, y sin embargo, no solo lo hacen ellos mismos, sino que tambi\u00e9n aprueban que otros lo hagan.<\/p><p>Romanos 1:18-32<\/p>\t\t\t\t\t\t\t\t<\/div>\n\t\t\t\t<\/div>\n\t\t\t\t<div class=\"elementor-element elementor-element-8801232 elementor-widget elementor-widget-text-editor\" data-id=\"8801232\" data-element_type=\"widget\" data-widget_type=\"text-editor.default\">\n\t\t\t\t<div class=\"elementor-widget-container\">\n\t\t\t\t\t\t\t\t\t<p><em><strong>&quot;No se hallar\u00e1 en ti quien haga pasar a su hijo o a su hija por el fuego, ni agorero, ni adivino, ni mago.&quot;<\/strong><\/em><br \/><em><strong>o uno que interpreta presagios, o uno que es hechicero, o uno que hace encantamientos, o uno que consulta a un m\u00e9dium espiritista, o uno que es hechicero,<\/strong><\/em><br \/><em><strong>&quot;ni quien pregunta a los esp\u00edritus de los muertos (pidiendo ayuda a los muertos, incluso si se llaman santos).&quot;<\/strong><\/em><br \/><em><strong>Deuteronomio 18:10-11<\/strong><\/em><\/p>\t\t\t\t\t\t\t\t<\/div>\n\t\t\t\t<\/div>\n\t\t\t\t<div class=\"elementor-element elementor-element-d3f52df elementor-widget elementor-widget-text-editor\" data-id=\"d3f52df\" data-element_type=\"widget\" data-widget_type=\"text-editor.default\">\n\t\t\t\t<div class=\"elementor-widget-container\">\n\t\t\t\t\t\t\t\t\t<p><strong><em>Jes\u00fas dijo: \u00abSi alguno me ama, guardar\u00e1 mi palabra, y mi Padre lo amar\u00e1. Y<\/em><\/strong><br \/><strong><em>Vendremos a \u00e9l y haremos morada con \u00e9l. El que no me ama no guarda mi palabra. Y la palabra que yo tengo...<\/em><\/strong><br \/><strong><em>\u00abLo que o\u00eds no es m\u00edo, sino del Padre que me envi\u00f3.\u00bb<\/em><\/strong><br \/><strong><em>Juan 14:23-24<\/em><\/strong><\/p>\t\t\t\t\t\t\t\t<\/div>\n\t\t\t\t<\/div>\n\t\t\t\t<div class=\"elementor-element elementor-element-2e8a082 elementor-widget elementor-widget-text-editor\" data-id=\"2e8a082\" data-element_type=\"widget\" data-widget_type=\"text-editor.default\">\n\t\t\t\t<div class=\"elementor-widget-container\">\n\t\t\t\t\t\t\t\t\t<p>El resultado de quebrantar las leyes de Dios es la muerte: separaci\u00f3n de Dios y sufrimiento, pero el don gratuito de Dios para todos es el perd\u00f3n y la vida eterna al reconocer que \u00c9l es perfecto y que nosotros somos malos. Al reconocer que aceptamos la ayuda que nos ofrece y pedir perd\u00f3n por nuestras ofensas con base en el sacrificio de Jesucristo. Tras recibir el perd\u00f3n, nos comprometemos a obedecer al Creador aprendiendo y respetando sus leyes en la nueva vida que nos ofrece.<\/p>\n<p>En Israel, los delitos graves eran juzgados p\u00fablicamente por personas responsables de la sociedad: jueces, y las personas eran castigadas p\u00fablicamente. Esto era para evitar que toda la sociedad de Israel cayera en la rebeli\u00f3n y, por lo tanto, bajo el juicio de Dios. Dios es Santo, Perfecto, y habita en un inmenso fuego de amor. Todo en su presencia se revela y el mal arder\u00e1 en su fuego.<\/p>\n<p>Para nosotros, esto significa respetar a las autoridades de cada estado, a quienes Dios ha confiado este juicio y castigo. Corresponde a cada gobierno y, posteriormente, a los jueces respetar las leyes de Dios.<\/p>\n<p>Dios no quiere que los criminales perezcan, sino que se reconcilien, se corrijan y puedan vivir por la gracia de Dios. La conocida historia de la mujer sorprendida en adulterio fue la de la que quisieron apedrear seg\u00fan la ley de Dios y la llevaron ante Jes\u00fas. \u00c9l dijo: \u00abEl que est\u00e9 libre de pecado, que tire la primera piedra\u00bb. Cuando ella se qued\u00f3 sola y todos se fueron, \u00e9l dijo: \u00ab\u00bfNadie te ha condenado? Yo tampoco te condeno; vete y no peques m\u00e1s\u00bb. Dios se nos presenta como justo, que recompensa el bien y castiga el mal, pero es misericordioso con los quebrantados. Dios se opone a los soberbios, pero da gracia a los humildes. Dios no aboli\u00f3 la ley, sino que vino a cumplirla por medio del Se\u00f1or Jes\u00fas.<\/p>\t\t\t\t\t\t\t\t<\/div>\n\t\t\t\t<\/div>\n\t\t\t\t<div class=\"elementor-element elementor-element-cca11b4 elementor-widget elementor-widget-text-editor\" data-id=\"cca11b4\" data-element_type=\"widget\" data-widget_type=\"text-editor.default\">\n\t\t\t\t<div class=\"elementor-widget-container\">\n\t\t\t\t\t\t\t\t\t<p><em><strong>&quot;11 Diles: &#039;Vivo yo&#039;, declara el Se\u00f1or Jehov\u00e1, &#039;que no quiero la muerte del imp\u00edo, sino la muerte del justo.<\/strong><\/em><br \/><em><strong>que el malvado se apartar\u00e1 de su camino y vivir\u00e1. Apartaos, apartaos de vuestros malos caminos. <\/strong><\/em><em><strong>\u00a1formas de vida!<\/strong><\/em><br \/><em><strong>Ezequiel 33<\/strong><\/em><\/p>\t\t\t\t\t\t\t\t<\/div>\n\t\t\t\t<\/div>\n\t\t\t\t<div class=\"elementor-element elementor-element-b39dcd5 elementor-widget elementor-widget-text-editor\" data-id=\"b39dcd5\" data-element_type=\"widget\" data-widget_type=\"text-editor.default\">\n\t\t\t\t<div class=\"elementor-widget-container\">\n\t\t\t\t\t\t\t\t\t<p><em><strong>&quot;Porque la paga del pecado es muerte, mas la d\u00e1diva de Dios es vida eterna en Cristo Jes\u00fas Se\u00f1or nuestro.&quot;<\/strong><\/em><br \/><em><strong>Romanos 6<\/strong><\/em><\/p>\t\t\t\t\t\t\t\t<\/div>\n\t\t\t\t<\/div>\n\t\t\t\t\t<\/div>\n\t\t\t\t<\/div>\n\t\t\t\t\t<\/div>\n\t\t\t\t<\/div>\n\t\t\t\t<\/div>","protected":false},"excerpt":{"rendered":"<p>CTI BOHA ,\u201aJa som Hospodin, tvoj Boh, ktor\u00fd \u0165a vyviedol z Egypta, z domu otrokov. Nebude\u0161 ma\u0165 in\u00fdch bohovokrem m\u0148a!&#8220; 5.Moj\u017ei\u0161ova, 5,6 Prv\u00e9 z\u00e1kladn\u00e9 a najd\u00f4le\u017eitej\u0161ie pravidlo \u017eivota je cti\u0165 Stvorite\u013ea, ktor\u00fd n\u00e1m daroval \u017eivot, denne n\u00e1m poskytuje l\u00e1sku, zdravie a zaopatrenie. Je na n\u00e1s \u010di budeme v\u010fa\u010dne prij\u00edma\u0165, alebo sa py\u0161ne b\u00fari\u0165. \u00dacta k [&hellip;]<\/p>","protected":false},"author":1,"featured_media":0,"parent":0,"menu_order":0,"comment_status":"closed","ping_status":"closed","template":"","meta":{"site-sidebar-layout":"no-sidebar","site-content-layout":"page-builder","ast-site-content-layout":"full-width-container","site-content-style":"unboxed","site-sidebar-style":"unboxed","ast-global-header-display":"","ast-banner-title-visibility":"disabled","ast-main-header-display":"","ast-hfb-above-header-display":"","ast-hfb-below-header-display":"","ast-hfb-mobile-header-display":"","site-post-title":"disabled","ast-breadcrumbs-content":"disabled","ast-featured-img":"disabled","footer-sml-layout":"disabled","theme-transparent-header-meta":"enabled","adv-header-id-meta":"","stick-header-meta":"","header-above-stick-meta":"","header-main-stick-meta":"","header-below-stick-meta":"","astra-migrate-meta-layouts":"set","ast-page-background-enabled":"default","ast-page-background-meta":{"desktop":{"background-color":"var(--ast-global-color-4)","background-image":"","background-repeat":"repeat","background-position":"center center","background-size":"auto","background-attachment":"scroll","background-type":"","background-media":"","overlay-type":"","overlay-color":"","overlay-opacity":"","overlay-gradient":""},"tablet":{"background-color":"","background-image":"","background-repeat":"repeat","background-position":"center center","background-size":"auto","background-attachment":"scroll","background-type":"","background-media":"","overlay-type":"","overlay-color":"","overlay-opacity":"","overlay-gradient":""},"mobile":{"background-color":"","background-image":"","background-repeat":"repeat","background-position":"center center","background-size":"auto","background-attachment":"scroll","background-type":"","background-media":"","overlay-type":"","overlay-color":"","overlay-opacity":"","overlay-gradient":""}},"ast-content-background-meta":{"desktop":{"background-color":"var(--ast-global-color-5)","background-image":"","background-repeat":"repeat","background-position":"center center","background-size":"auto","background-attachment":"scroll","background-type":"","background-media":"","overlay-type":"","overlay-color":"","overlay-opacity":"","overlay-gradient":""},"tablet":{"background-color":"var(--ast-global-color-5)","background-image":"","background-repeat":"repeat","background-position":"center center","background-size":"auto","background-attachment":"scroll","background-type":"","background-media":"","overlay-type":"","overlay-color":"","overlay-opacity":"","overlay-gradient":""},"mobile":{"background-color":"var(--ast-global-color-5)","background-image":"","background-repeat":"repeat","background-position":"center center","background-size":"auto","background-attachment":"scroll","background-type":"","background-media":"","overlay-type":"","overlay-color":"","overlay-opacity":"","overlay-gradient":""}},"footnotes":""},"class_list":["post-2118","page","type-page","status-publish","hentry"],"_links":{"self":[{"href":"http:\/\/acodalej.sk\/es\/wp-json\/wp\/v2\/pages\/2118","targetHints":{"allow":["GET"]}}],"collection":[{"href":"http:\/\/acodalej.sk\/es\/wp-json\/wp\/v2\/pages"}],"about":[{"href":"http:\/\/acodalej.sk\/es\/wp-json\/wp\/v2\/types\/page"}],"author":[{"embeddable":true,"href":"http:\/\/acodalej.sk\/es\/wp-json\/wp\/v2\/users\/1"}],"replies":[{"embeddable":true,"href":"http:\/\/acodalej.sk\/es\/wp-json\/wp\/v2\/comments?post=2118"}],"version-history":[{"count":0,"href":"http:\/\/acodalej.sk\/es\/wp-json\/wp\/v2\/pages\/2118\/revisions"}],"wp:attachment":[{"href":"http:\/\/acodalej.sk\/es\/wp-json\/wp\/v2\/media?parent=2118"}],"curies":[{"name":"wp","href":"https:\/\/api.w.org\/{rel}","templated":true}]}}