{"id":2135,"date":"2024-09-15T13:02:51","date_gmt":"2024-09-15T13:02:51","guid":{"rendered":"http:\/\/acodalej.sk\/?page_id=2135"},"modified":"2024-11-09T16:23:29","modified_gmt":"2024-11-09T16:23:29","slug":"neklanaj-sa-modlam","status":"publish","type":"page","link":"http:\/\/acodalej.sk\/es\/neklanaj-sa-modlam\/","title":{"rendered":"Nekla\u0148aj sa modl\u00e1m"},"content":{"rendered":"<div data-elementor-type=\"wp-page\" data-elementor-id=\"2135\" class=\"elementor elementor-2135\">\n\t\t\t\t<div class=\"has_eae_slider elementor-element elementor-element-51745f4 e-flex e-con-boxed e-con e-parent\" data-eae-slider=\"22856\" data-id=\"51745f4\" data-element_type=\"container\">\n\t\t\t\t\t<div class=\"e-con-inner\">\n\t\t<div class=\"has_eae_slider elementor-element elementor-element-707ff21 e-flex e-con-boxed e-con e-child\" data-eae-slider=\"55124\" data-id=\"707ff21\" data-element_type=\"container\">\n\t\t\t\t\t<div class=\"e-con-inner\">\n\t\t\t\t<div class=\"elementor-element elementor-element-638dd4e elementor-widget elementor-widget-heading\" data-id=\"638dd4e\" data-element_type=\"widget\" data-widget_type=\"heading.default\">\n\t\t\t\t<div class=\"elementor-widget-container\">\n\t\t\t\t\t<h2 class=\"elementor-heading-title elementor-size-default\">no ador\u00e9is \u00eddolos<\/h2>\t\t\t\t<\/div>\n\t\t\t\t<\/div>\n\t\t\t\t<div class=\"elementor-element elementor-element-1b01e9a elementor-widget elementor-widget-text-editor\" data-id=\"1b01e9a\" data-element_type=\"widget\" data-widget_type=\"text-editor.default\">\n\t\t\t\t<div class=\"elementor-widget-container\">\n\t\t\t\t\t\t\t\t\t<p class=\"Standard\"><strong><em>No te har\u00e1s un \u00eddolo ni ninguna semejanza de lo que est\u00e1 arriba en el cielo, ni abajo en la tierra, ni en las aguas debajo de la tierra. No te inclinar\u00e1s ante ellos ni les servir\u00e1s, porque yo, el Se\u00f1or tu Dios, soy un Dios celoso que castigo la iniquidad de los padres sobre los hijos hasta la tercera y cuarta generaci\u00f3n de quienes me odian, pero que muestro misericordia a millares de quienes me aman y guardan mis mandamientos.<\/em><\/strong><\/p><p class=\"Standard\"><strong><em>Deuteronomio 5:8-10<\/em><\/strong><\/p>\t\t\t\t\t\t\t\t<\/div>\n\t\t\t\t<\/div>\n\t\t\t\t\t<\/div>\n\t\t\t\t<\/div>\n\t\t\t\t\t<\/div>\n\t\t\t\t<\/div>\n\t\t<div class=\"has_eae_slider elementor-element elementor-element-cd9b398 e-flex e-con-boxed e-con e-parent\" data-eae-slider=\"49402\" data-id=\"cd9b398\" data-element_type=\"container\">\n\t\t\t\t\t<div class=\"e-con-inner\">\n\t\t<div class=\"has_eae_slider elementor-element elementor-element-13de34c e-flex e-con-boxed e-con e-child\" data-eae-slider=\"41969\" data-id=\"13de34c\" data-element_type=\"container\">\n\t\t\t\t\t<div class=\"e-con-inner\">\n\t\t\t\t<div class=\"elementor-element elementor-element-8bfd6f6 elementor-widget elementor-widget-text-editor\" data-id=\"8bfd6f6\" data-element_type=\"widget\" data-widget_type=\"text-editor.default\">\n\t\t\t\t<div class=\"elementor-widget-container\">\n\t\t\t\t\t\t\t\t\t<p>La segunda regla es no hacer ninguna imagen de Dios como estatua o imagen para adorarla. No debemos adorarnos a nosotros mismos, a quienes nos rodean, a los animales, a la educaci\u00f3n, a las carreras mundanas, al dinero ni a las posesiones terrenales. Cuando una persona es inducida a seguir reglas contrarias a la palabra de Dios, es idolatr\u00eda.\u00a0\u00a0<\/p>\t\t\t\t\t\t\t\t<\/div>\n\t\t\t\t<\/div>\n\t\t\t\t<div class=\"elementor-element elementor-element-c056ac9 elementor-widget elementor-widget-text-editor\" data-id=\"c056ac9\" data-element_type=\"widget\" data-widget_type=\"text-editor.default\">\n\t\t\t\t<div class=\"elementor-widget-container\">\n\t\t\t\t\t\t\t\t\t<p class=\"Standard\"><em>Porque como no visteis figura alguna el d\u00eda que el Se\u00f1or os habl\u00f3 en Horeb de en medio del fuego, cuidaos mucho de no corromperos ni haceros \u00eddolos, ni semejanza alguna de hombre o mujer, ni semejanza alguna de animal terrestre, ni semejanza alguna de ave alada que vuela bajo el cielo, ni semejanza alguna de animal que se arrastra sobre la tierra, ni semejanza alguna de pez que hay en las aguas debajo de la tierra. Cuando mir\u00e9is al cielo y ve\u00e1is el sol, la luna y las estrellas \u2014todo el ej\u00e9rcito del cielo\u2014, no os dej\u00e9is tentar a inclinaros ante ellos ni a servirles, pues el Se\u00f1or vuestro Dios los ha dado a todas las naciones que hay debajo del cielo. Pero el Se\u00f1or os tom\u00f3 y os sac\u00f3 del horno, de Egipto, para que se\u00e1is su pueblo de heredad, como en este d\u00eda.<\/em><\/p><p class=\"Standard\"><em>Deuteronomio 4:15-20<\/em><\/p>\t\t\t\t\t\t\t\t<\/div>\n\t\t\t\t<\/div>\n\t\t\t\t<div class=\"elementor-element elementor-element-d0e5077 elementor-widget elementor-widget-text-editor\" data-id=\"d0e5077\" data-element_type=\"widget\" data-widget_type=\"text-editor.default\">\n\t\t\t\t<div class=\"elementor-widget-container\">\n\t\t\t\t\t\t\t\t\t<p class=\"Standard\">El resultado de quebrantar las leyes de Dios es la muerte: separaci\u00f3n de Dios y sufrimiento, pero el don gratuito de Dios para todos es el perd\u00f3n y la vida eterna al reconocer que \u00c9l es perfecto y que nosotros somos malos. Al reconocer que aceptamos la ayuda que nos ofrece y pedir perd\u00f3n por nuestras ofensas con base en el sacrificio de Jesucristo. Tras recibir el perd\u00f3n, nos comprometemos a obedecer al Creador aprendiendo y respetando sus leyes en la nueva vida que nos ofrece.<\/p><p class=\"Standard\">En Israel, los delitos graves eran juzgados p\u00fablicamente por personas responsables de la sociedad: jueces, y las personas eran castigadas p\u00fablicamente. Esto era para evitar que toda la sociedad de Israel cayera en la rebeli\u00f3n y, por lo tanto, bajo el juicio de Dios. Dios es Santo, Perfecto, y habita en un inmenso fuego de amor. Todo en su presencia se revela y el mal arder\u00e1 en su fuego.<\/p><p class=\"Standard\">Para nosotros, esto significa respetar a las autoridades de cada estado, a quienes Dios ha confiado este juicio y castigo. Corresponde a cada gobierno y, posteriormente, a los jueces respetar las leyes de Dios.<\/p><p class=\"Standard\">Dios no quiere que los criminales perezcan, sino que se reconcilien, se corrijan y puedan vivir por la gracia de Dios. La conocida historia de la mujer sorprendida en adulterio fue la de la que quisieron apedrear seg\u00fan la ley de Dios y la llevaron ante Jes\u00fas. \u00c9l dijo: \u00abEl que est\u00e9 libre de pecado, que tire la primera piedra\u00bb. Cuando ella se qued\u00f3 sola y todos se fueron, \u00e9l dijo: \u00ab\u00bfNadie te ha condenado? Yo tampoco te condeno; vete y no peques m\u00e1s\u00bb. Dios se nos presenta como justo, que recompensa el bien y castiga el mal, pero es misericordioso con los quebrantados. Dios se opone a los soberbios, pero da gracia a los humildes. Dios no aboli\u00f3 la ley, sino que vino a cumplirla por medio del Se\u00f1or Jes\u00fas.<\/p>\t\t\t\t\t\t\t\t<\/div>\n\t\t\t\t<\/div>\n\t\t\t\t<div class=\"elementor-element elementor-element-a4e81b1 elementor-widget elementor-widget-text-editor\" data-id=\"a4e81b1\" data-element_type=\"widget\" data-widget_type=\"text-editor.default\">\n\t\t\t\t<div class=\"elementor-widget-container\">\n\t\t\t\t\t\t\t\t\t<p class=\"Standard\"><em><strong>&#8222;11<span style=\"color: #1e293b;\">\u00a0<\/span>Diles: \u00abVivo yo \u2014declara el Se\u00f1or Dios\u2014, que no me complace la muerte del malvado, sino que se vuelva de su camino y viva. \u00a1Ap\u00e1rtense, ap\u00e1rtense de sus malos caminos!\u00bb<\/strong><\/em><\/p><p class=\"Standard\"><em><strong>Ezequiel 33<\/strong><\/em><\/p>\t\t\t\t\t\t\t\t<\/div>\n\t\t\t\t<\/div>\n\t\t\t\t<div class=\"elementor-element elementor-element-1071aa2 elementor-widget elementor-widget-text-editor\" data-id=\"1071aa2\" data-element_type=\"widget\" data-widget_type=\"text-editor.default\">\n\t\t\t\t<div class=\"elementor-widget-container\">\n\t\t\t\t\t\t\t\t\t<p class=\"Standard\"><em><strong>23<span style=\"color: #1e293b;\">\u00a0<\/span>Porque la paga del pecado es muerte, pero la d\u00e1diva de la gracia de Dios es vida eterna en Cristo Jes\u00fas, Se\u00f1or nuestro.<\/strong><\/em><\/p><p class=\"Standard\"><em><strong>Romanos 6<\/strong><\/em><\/p>\t\t\t\t\t\t\t\t<\/div>\n\t\t\t\t<\/div>\n\t\t\t\t\t<\/div>\n\t\t\t\t<\/div>\n\t\t\t\t\t<\/div>\n\t\t\t\t<\/div>\n\t\t\t\t<\/div>","protected":false},"excerpt":{"rendered":"<p>nekla\u0148aj sa modl\u00e1m Neurob\u00ed\u0161 si modlu ani nijak\u00fa podobu toho, \u010do je hore na nebi, dolu na zemi alebo vo vode pod zemou! Nebude\u0161 sa im kla\u0148a\u0165 ani sa ned\u00e1\u0161 nimi zotro\u010dova\u0165, lebo ja som Hospodin, tvoj Boh! Boh \u017eiarliv\u00fd, ktor\u00fd trest\u00e1 viny otcov na synoch do tretieho i \u0161tvrt\u00e9ho pokolenia t\u00fdch, \u010do ma nen\u00e1vidia, [&hellip;]<\/p>","protected":false},"author":1,"featured_media":0,"parent":0,"menu_order":0,"comment_status":"closed","ping_status":"closed","template":"","meta":{"site-sidebar-layout":"no-sidebar","site-content-layout":"page-builder","ast-site-content-layout":"full-width-container","site-content-style":"unboxed","site-sidebar-style":"unboxed","ast-global-header-display":"","ast-banner-title-visibility":"disabled","ast-main-header-display":"","ast-hfb-above-header-display":"","ast-hfb-below-header-display":"","ast-hfb-mobile-header-display":"","site-post-title":"disabled","ast-breadcrumbs-content":"disabled","ast-featured-img":"disabled","footer-sml-layout":"disabled","theme-transparent-header-meta":"enabled","adv-header-id-meta":"","stick-header-meta":"","header-above-stick-meta":"","header-main-stick-meta":"","header-below-stick-meta":"","astra-migrate-meta-layouts":"set","ast-page-background-enabled":"default","ast-page-background-meta":{"desktop":{"background-color":"var(--ast-global-color-4)","background-image":"","background-repeat":"repeat","background-position":"center center","background-size":"auto","background-attachment":"scroll","background-type":"","background-media":"","overlay-type":"","overlay-color":"","overlay-opacity":"","overlay-gradient":""},"tablet":{"background-color":"","background-image":"","background-repeat":"repeat","background-position":"center center","background-size":"auto","background-attachment":"scroll","background-type":"","background-media":"","overlay-type":"","overlay-color":"","overlay-opacity":"","overlay-gradient":""},"mobile":{"background-color":"","background-image":"","background-repeat":"repeat","background-position":"center center","background-size":"auto","background-attachment":"scroll","background-type":"","background-media":"","overlay-type":"","overlay-color":"","overlay-opacity":"","overlay-gradient":""}},"ast-content-background-meta":{"desktop":{"background-color":"var(--ast-global-color-5)","background-image":"","background-repeat":"repeat","background-position":"center center","background-size":"auto","background-attachment":"scroll","background-type":"","background-media":"","overlay-type":"","overlay-color":"","overlay-opacity":"","overlay-gradient":""},"tablet":{"background-color":"var(--ast-global-color-5)","background-image":"","background-repeat":"repeat","background-position":"center center","background-size":"auto","background-attachment":"scroll","background-type":"","background-media":"","overlay-type":"","overlay-color":"","overlay-opacity":"","overlay-gradient":""},"mobile":{"background-color":"var(--ast-global-color-5)","background-image":"","background-repeat":"repeat","background-position":"center center","background-size":"auto","background-attachment":"scroll","background-type":"","background-media":"","overlay-type":"","overlay-color":"","overlay-opacity":"","overlay-gradient":""}},"footnotes":""},"class_list":["post-2135","page","type-page","status-publish","hentry"],"_links":{"self":[{"href":"http:\/\/acodalej.sk\/es\/wp-json\/wp\/v2\/pages\/2135","targetHints":{"allow":["GET"]}}],"collection":[{"href":"http:\/\/acodalej.sk\/es\/wp-json\/wp\/v2\/pages"}],"about":[{"href":"http:\/\/acodalej.sk\/es\/wp-json\/wp\/v2\/types\/page"}],"author":[{"embeddable":true,"href":"http:\/\/acodalej.sk\/es\/wp-json\/wp\/v2\/users\/1"}],"replies":[{"embeddable":true,"href":"http:\/\/acodalej.sk\/es\/wp-json\/wp\/v2\/comments?post=2135"}],"version-history":[{"count":0,"href":"http:\/\/acodalej.sk\/es\/wp-json\/wp\/v2\/pages\/2135\/revisions"}],"wp:attachment":[{"href":"http:\/\/acodalej.sk\/es\/wp-json\/wp\/v2\/media?parent=2135"}],"curies":[{"name":"wp","href":"https:\/\/api.w.org\/{rel}","templated":true}]}}