{"id":2161,"date":"2024-09-15T13:40:26","date_gmt":"2024-09-15T13:40:26","guid":{"rendered":"http:\/\/acodalej.sk\/?page_id=2161"},"modified":"2024-11-09T16:02:09","modified_gmt":"2024-11-09T16:02:09","slug":"sest-dni-pracuj-a-siedmy-oddychuj","status":"publish","type":"page","link":"http:\/\/acodalej.sk\/es\/sest-dni-pracuj-a-siedmy-oddychuj\/","title":{"rendered":"\u0160es\u0165 dn\u00ed pracuj a siedmy oddychuj"},"content":{"rendered":"<div data-elementor-type=\"wp-page\" data-elementor-id=\"2161\" class=\"elementor elementor-2161\">\n\t\t\t\t<div class=\"has_eae_slider elementor-element elementor-element-665e1c8 e-flex e-con-boxed e-con e-parent\" data-eae-slider=\"42062\" data-id=\"665e1c8\" data-element_type=\"container\">\n\t\t\t\t\t<div class=\"e-con-inner\">\n\t\t<div class=\"has_eae_slider elementor-element elementor-element-9d75474 e-flex e-con-boxed e-con e-child\" data-eae-slider=\"8687\" data-id=\"9d75474\" data-element_type=\"container\">\n\t\t\t\t\t<div class=\"e-con-inner\">\n\t\t\t\t<div class=\"elementor-element elementor-element-9ce8909 elementor-widget elementor-widget-heading\" data-id=\"9ce8909\" data-element_type=\"widget\" data-widget_type=\"heading.default\">\n\t\t\t\t<div class=\"elementor-widget-container\">\n\t\t\t\t\t<h2 class=\"elementor-heading-title elementor-size-default\">Trabajar seis d\u00edas y descansar el s\u00e9ptimo.<\/h2>\t\t\t\t<\/div>\n\t\t\t\t<\/div>\n\t\t\t\t<div class=\"elementor-element elementor-element-a9adc6f elementor-widget elementor-widget-text-editor\" data-id=\"a9adc6f\" data-element_type=\"widget\" data-widget_type=\"text-editor.default\">\n\t\t\t\t<div class=\"elementor-widget-container\">\n\t\t\t\t\t\t\t\t\t<p class=\"Standard\"><em><b>Guarda el d\u00eda de reposo para santificarlo, como el Se\u00f1or tu Dios te ha ordenado. Seis d\u00edas trabajar\u00e1s y har\u00e1s toda tu obra. Pero el s\u00e9ptimo d\u00eda es el d\u00eda de reposo del Se\u00f1or tu Dios. En \u00e9l no har\u00e1s ning\u00fan trabajo, t\u00fa, ni tu hijo, ni tu hija, ni tu siervo, ni tu sierva, ni tu buey, ni tu asno, ni tus dem\u00e1s animales, ni el extranjero que est\u00e1 dentro de tus puertas, para que tu siervo y tu sierva descansen como t\u00fa. Recuerda que fuiste esclavo en Egipto, y que el Se\u00f1or tu Dios te sac\u00f3 de all\u00ed con mano fuerte y brazo extendido. Por eso el Se\u00f1or tu Dios te orden\u00f3 guardar el d\u00eda de reposo.<\/b><\/em><\/p><p class=\"Standard\"><em><b>Deuteronomio 5:12-15<\/b><\/em><\/p>\t\t\t\t\t\t\t\t<\/div>\n\t\t\t\t<\/div>\n\t\t\t\t\t<\/div>\n\t\t\t\t<\/div>\n\t\t\t\t\t<\/div>\n\t\t\t\t<\/div>\n\t\t<div class=\"has_eae_slider elementor-element elementor-element-365ec16 e-flex e-con-boxed e-con e-parent\" data-eae-slider=\"51811\" data-id=\"365ec16\" data-element_type=\"container\">\n\t\t\t\t\t<div class=\"e-con-inner\">\n\t\t<div class=\"has_eae_slider elementor-element elementor-element-f269339 e-flex e-con-boxed e-con e-child\" data-eae-slider=\"81371\" data-id=\"f269339\" data-element_type=\"container\">\n\t\t\t\t\t<div class=\"e-con-inner\">\n\t\t\t\t<div class=\"elementor-element elementor-element-225cef1 elementor-widget elementor-widget-text-editor\" data-id=\"225cef1\" data-element_type=\"widget\" data-widget_type=\"text-editor.default\">\n\t\t\t\t<div class=\"elementor-widget-container\">\n\t\t\t\t\t\t\t\t\t<p>Dios nos cre\u00f3 a su imagen. Dios trabaja y luego descansa. Su mandato es trabajar seis d\u00edas y descansar uno, cuando la gente debe reunirse en paz y agradecer a Dios por la vida. A quien no trabaja se le llama ladr\u00f3n o par\u00e1sito. Claro que hay ni\u00f1os, ancianos y personas con discapacidad que necesitan ayuda y no pueden mantenerse trabajando. Dios enfatiza muchas veces en la Biblia la importancia de ayudar a los d\u00e9biles.\u00a0<\/p>\t\t\t\t\t\t\t\t<\/div>\n\t\t\t\t<\/div>\n\t\t\t\t<div class=\"elementor-element elementor-element-48c4d4e elementor-widget elementor-widget-text-editor\" data-id=\"48c4d4e\" data-element_type=\"widget\" data-widget_type=\"text-editor.default\">\n\t\t\t\t<div class=\"elementor-widget-container\">\n\t\t\t\t\t\t\t\t\t<p><em><strong>\u00a1Si alguien no quiere trabajar que no coma! <\/strong><\/em><\/p><p><em>2 Tesalonicenses 3:10<\/em><\/p>\t\t\t\t\t\t\t\t<\/div>\n\t\t\t\t<\/div>\n\t\t\t\t<div class=\"elementor-element elementor-element-ab89810 elementor-widget elementor-widget-text-editor\" data-id=\"ab89810\" data-element_type=\"widget\" data-widget_type=\"text-editor.default\">\n\t\t\t\t<div class=\"elementor-widget-container\">\n\t\t\t\t\t\t\t\t\t<p class=\"Standard\"><em><strong>El que ladr\u00f3n no robe m\u00e1s, sino trabaje, ganando algo con sus manos, para que tenga qu\u00e9 compartir con los necesitados.<\/strong><\/em><\/p><p class=\"Standard\"><em><strong> Efesios 4:28<\/strong><\/em><\/p>\t\t\t\t\t\t\t\t<\/div>\n\t\t\t\t<\/div>\n\t\t\t\t<div class=\"elementor-element elementor-element-b09ef0c elementor-widget elementor-widget-text-editor\" data-id=\"b09ef0c\" data-element_type=\"widget\" data-widget_type=\"text-editor.default\">\n\t\t\t\t<div class=\"elementor-widget-container\">\n\t\t\t\t\t\t\t\t\t<p>En cuanto al descanso, el mandamiento de Dios habla del Sabbath que Dios dio a los jud\u00edos. Adem\u00e1s del Sabbath, Dios les orden\u00f3 tener per\u00edodos de descanso durante el a\u00f1o: d\u00edas festivos, en los que no se les permite trabajar, as\u00ed como alimentos que pueden y no pueden comer. Para los no jud\u00edos, es importante descansar uno de los siete d\u00edas, incluso si no es el Sabbath. Los d\u00edas festivos son profec\u00edas sobre eventos, algunos de los cuales ya se han cumplido y otros a\u00fan se cumplir\u00e1n. La naci\u00f3n de Israel celebra estas festividades b\u00edblicas hasta el d\u00eda de hoy. Por ejemplo, la festividad jud\u00eda de la Pascua, un a\u00f1o bisiesto, en el que los jud\u00edos fueron liberados de la esclavitud en Egipto y sacrificaron un cordero para que el \u00e1ngel destructor que caminaba por Egipto no los matara, sino que tuviera que saltar sobre sus casas. La celebran todos los a\u00f1os y en este mismo d\u00eda el Cordero, el Se\u00f1or Jes\u00fas, fue sacrificado, cumpliendo as\u00ed el significado de esta festividad. Todo aquel que crea en su sacrificio vicario por nosotros y le entregue su vida ser\u00e1 salvo de la condenaci\u00f3n eterna en el infierno. En cuanto a la comida, el Se\u00f1or Jes\u00fas dijo que podemos comer de todo, excepto la sangre de animales. Los alimentos prescritos para los jud\u00edos son tambi\u00e9n, para los no jud\u00edos, una imagen de lo que percibimos en el coraz\u00f3n con la vista y el o\u00eddo.\u00a0\u00a0<\/p>\t\t\t\t\t\t\t\t<\/div>\n\t\t\t\t<\/div>\n\t\t\t\t<div class=\"elementor-element elementor-element-89ac5e1 elementor-widget elementor-widget-text-editor\" data-id=\"89ac5e1\" data-element_type=\"widget\" data-widget_type=\"text-editor.default\">\n\t\t\t\t<div class=\"elementor-widget-container\">\n\t\t\t\t\t\t\t\t\t<p class=\"Standard\"><em><strong>16 Por tanto, nadie os juzgue en comida o bebida, o en cuanto a d\u00edas de fiesta, luna nueva o d\u00edas de reposo. 17 Todo esto es sombra de lo que ha de venir, pero la realidad pertenece a Cristo. <\/strong><\/em><\/p><p class=\"Standard\"><em><strong>Colosenses 2:16-17<\/strong><\/em><\/p>\t\t\t\t\t\t\t\t<\/div>\n\t\t\t\t<\/div>\n\t\t\t\t<div class=\"elementor-element elementor-element-4111d1d elementor-widget elementor-widget-text-editor\" data-id=\"4111d1d\" data-element_type=\"widget\" data-widget_type=\"text-editor.default\">\n\t\t\t\t<div class=\"elementor-widget-container\">\n\t\t\t\t\t\t\t\t\t<p class=\"Standard\"><strong><em>Lo que entra en el hombre desde afuera no puede contaminarlo. No entra en su coraz\u00f3n, sino que va al est\u00f3mago y sale por la cloaca\u00bb. As\u00ed declar\u00f3 limpios todos los alimentos. Y a\u00f1adi\u00f3: \u00abLo que sale del hombre es lo que lo contamina. Porque de adentro, del coraz\u00f3n del hombre, salen los malos pensamientos, la fornicaci\u00f3n, los robos, los asesinatos, los adulterios, la codicia, la maldad, el enga\u00f1o, la lascivia, el mal de ojo, la blasfemia, el orgullo, la necedad. Todas estas maldades salen del interior y contaminan al hombre\u00bb. <\/em><\/strong><\/p><p class=\"Standard\"><strong><em>Marcos 7:19-23<\/em><\/strong><\/p>\t\t\t\t\t\t\t\t<\/div>\n\t\t\t\t<\/div>\n\t\t\t\t<div class=\"elementor-element elementor-element-34dd2ff elementor-widget elementor-widget-text-editor\" data-id=\"34dd2ff\" data-element_type=\"widget\" data-widget_type=\"text-editor.default\">\n\t\t\t\t<div class=\"elementor-widget-container\">\n\t\t\t\t\t\t\t\t\t<p>La semana de siete d\u00edas tiene su origen en la Biblia en el contexto de la creaci\u00f3n.<\/p>\t\t\t\t\t\t\t\t<\/div>\n\t\t\t\t<\/div>\n\t\t\t\t<div class=\"elementor-element elementor-element-0076aa7 elementor-widget elementor-widget-text-editor\" data-id=\"0076aa7\" data-element_type=\"widget\" data-widget_type=\"text-editor.default\">\n\t\t\t\t<div class=\"elementor-widget-container\">\n\t\t\t\t\t\t\t\t\t<p class=\"Standard\">El resultado de quebrantar las leyes de Dios es la muerte: separaci\u00f3n de Dios y sufrimiento, pero el don gratuito de Dios para todos es el perd\u00f3n y la vida eterna al reconocer que \u00c9l es perfecto y que nosotros somos malos. Al reconocer que aceptamos la ayuda que nos ofrece y pedir perd\u00f3n por nuestros cr\u00edmenes con base en el sacrificio de Jesucristo. Tras recibir el perd\u00f3n, nos comprometemos a obedecer al Creador aprendiendo y respetando sus leyes en la nueva vida que nos ofrece.<\/p>\t\t\t\t\t\t\t\t<\/div>\n\t\t\t\t<\/div>\n\t\t\t\t<div class=\"elementor-element elementor-element-68113b7 elementor-widget elementor-widget-text-editor\" data-id=\"68113b7\" data-element_type=\"widget\" data-widget_type=\"text-editor.default\">\n\t\t\t\t<div class=\"elementor-widget-container\">\n\t\t\t\t\t\t\t\t\t<p class=\"Standard\">En Israel, los delitos graves eran juzgados p\u00fablicamente por personas responsables de la sociedad: jueces, y las personas eran castigadas p\u00fablicamente. Esto era para evitar que toda la sociedad de Israel cayera en la rebeli\u00f3n y, por lo tanto, bajo el juicio de Dios. Dios es Santo, Perfecto, y habita en un inmenso fuego de amor. Todo en su presencia se revela y el mal arder\u00e1 en su fuego.<\/p><p class=\"Standard\">Para nosotros, esto significa respetar a las autoridades de cada estado, a quienes Dios ha confiado este juicio y castigo. Corresponde a cada gobierno y, posteriormente, a los jueces respetar las leyes de Dios.<\/p><p class=\"Standard\">Dios no quiere que los criminales perezcan, sino que se reconcilien, se corrijan y puedan vivir por la gracia de Dios. La conocida historia de la mujer sorprendida en adulterio fue la de la que quisieron apedrear seg\u00fan la ley de Dios y la llevaron ante Jes\u00fas. \u00c9l dijo: \u00abEl que est\u00e9 libre de pecado, que tire la primera piedra\u00bb. Cuando ella se qued\u00f3 sola y todos se fueron, \u00e9l dijo: \u00ab\u00bfNadie te ha condenado? Yo tampoco te condeno; vete y no peques m\u00e1s\u00bb. Dios se nos presenta como justo, que recompensa el bien y castiga el mal, pero es misericordioso con los quebrantados. Dios se opone a los soberbios, pero da gracia a los humildes. Dios no aboli\u00f3 la ley, sino que vino a cumplirla por medio del Se\u00f1or Jes\u00fas.<\/p>\t\t\t\t\t\t\t\t<\/div>\n\t\t\t\t<\/div>\n\t\t\t\t<div class=\"elementor-element elementor-element-3e38b7c elementor-widget elementor-widget-text-editor\" data-id=\"3e38b7c\" data-element_type=\"widget\" data-widget_type=\"text-editor.default\">\n\t\t\t\t<div class=\"elementor-widget-container\">\n\t\t\t\t\t\t\t\t\t<p class=\"Standard\"><em><strong>11<span style=\"color: #1e293b;\">\u00a0<\/span>Diles: \u00abVivo yo \u2014declara el Se\u00f1or Dios\u2014, que no me complazco en la muerte del malvado, sino en que se vuelva de su camino y viva. \u00a1Ap\u00e1rtense, ap\u00e1rtense de sus malos caminos!\u00bb\u00a0<\/strong><\/em><\/p><p class=\"Standard\"><em><strong>Ezequiel 33<\/strong><\/em><\/p>\t\t\t\t\t\t\t\t<\/div>\n\t\t\t\t<\/div>\n\t\t\t\t<div class=\"elementor-element elementor-element-9765c9d elementor-widget elementor-widget-text-editor\" data-id=\"9765c9d\" data-element_type=\"widget\" data-widget_type=\"text-editor.default\">\n\t\t\t\t<div class=\"elementor-widget-container\">\n\t\t\t\t\t\t\t\t\t<p class=\"Standard\"><em><strong>23<span style=\"color: #1e293b;\">\u00a0<\/span>Porque la paga del pecado es muerte, pero la d\u00e1diva de la gracia de Dios es vida eterna en Cristo Jes\u00fas, Se\u00f1or nuestro.<\/strong><\/em><\/p><p class=\"Standard\"><em><strong>Romanos 6<\/strong><\/em><\/p>\t\t\t\t\t\t\t\t<\/div>\n\t\t\t\t<\/div>\n\t\t\t\t\t<\/div>\n\t\t\t\t<\/div>\n\t\t\t\t\t<\/div>\n\t\t\t\t<\/div>\n\t\t\t\t<\/div>","protected":false},"excerpt":{"rendered":"<p>\u0161es\u0165 dn\u00ed pracuj a siedmy oddychuj Zachov\u00e1vaj sobotn\u00fd de\u0148, aby si ho sv\u00e4til, ako ti prik\u00e1zal Hospodin, tvoj Boh! \u0160es\u0165 dn\u00ed bude\u0161 pracova\u0165 a kona\u0165 v\u0161etku svoju pr\u00e1cu.\u00a0 Siedmy de\u0148 je sobota pre Hospodina, tvojho Boha. Nebude\u0161 kona\u0165 nijak\u00fa pr\u00e1cu ani ty, ani tvoj syn, ani tvoja dc\u00e9ra, ani tvoj sluha, ani tvoja sl\u00fa\u017eka, ani [&hellip;]<\/p>","protected":false},"author":1,"featured_media":0,"parent":0,"menu_order":0,"comment_status":"closed","ping_status":"closed","template":"","meta":{"site-sidebar-layout":"no-sidebar","site-content-layout":"page-builder","ast-site-content-layout":"full-width-container","site-content-style":"unboxed","site-sidebar-style":"unboxed","ast-global-header-display":"","ast-banner-title-visibility":"","ast-main-header-display":"","ast-hfb-above-header-display":"","ast-hfb-below-header-display":"","ast-hfb-mobile-header-display":"","site-post-title":"disabled","ast-breadcrumbs-content":"","ast-featured-img":"disabled","footer-sml-layout":"disabled","theme-transparent-header-meta":"enabled","adv-header-id-meta":"","stick-header-meta":"","header-above-stick-meta":"","header-main-stick-meta":"","header-below-stick-meta":"","astra-migrate-meta-layouts":"set","ast-page-background-enabled":"default","ast-page-background-meta":{"desktop":{"background-color":"var(--ast-global-color-4)","background-image":"","background-repeat":"repeat","background-position":"center center","background-size":"auto","background-attachment":"scroll","background-type":"","background-media":"","overlay-type":"","overlay-color":"","overlay-opacity":"","overlay-gradient":""},"tablet":{"background-color":"","background-image":"","background-repeat":"repeat","background-position":"center center","background-size":"auto","background-attachment":"scroll","background-type":"","background-media":"","overlay-type":"","overlay-color":"","overlay-opacity":"","overlay-gradient":""},"mobile":{"background-color":"","background-image":"","background-repeat":"repeat","background-position":"center center","background-size":"auto","background-attachment":"scroll","background-type":"","background-media":"","overlay-type":"","overlay-color":"","overlay-opacity":"","overlay-gradient":""}},"ast-content-background-meta":{"desktop":{"background-color":"var(--ast-global-color-5)","background-image":"","background-repeat":"repeat","background-position":"center center","background-size":"auto","background-attachment":"scroll","background-type":"","background-media":"","overlay-type":"","overlay-color":"","overlay-opacity":"","overlay-gradient":""},"tablet":{"background-color":"var(--ast-global-color-5)","background-image":"","background-repeat":"repeat","background-position":"center center","background-size":"auto","background-attachment":"scroll","background-type":"","background-media":"","overlay-type":"","overlay-color":"","overlay-opacity":"","overlay-gradient":""},"mobile":{"background-color":"var(--ast-global-color-5)","background-image":"","background-repeat":"repeat","background-position":"center center","background-size":"auto","background-attachment":"scroll","background-type":"","background-media":"","overlay-type":"","overlay-color":"","overlay-opacity":"","overlay-gradient":""}},"footnotes":""},"class_list":["post-2161","page","type-page","status-publish","hentry"],"_links":{"self":[{"href":"http:\/\/acodalej.sk\/es\/wp-json\/wp\/v2\/pages\/2161","targetHints":{"allow":["GET"]}}],"collection":[{"href":"http:\/\/acodalej.sk\/es\/wp-json\/wp\/v2\/pages"}],"about":[{"href":"http:\/\/acodalej.sk\/es\/wp-json\/wp\/v2\/types\/page"}],"author":[{"embeddable":true,"href":"http:\/\/acodalej.sk\/es\/wp-json\/wp\/v2\/users\/1"}],"replies":[{"embeddable":true,"href":"http:\/\/acodalej.sk\/es\/wp-json\/wp\/v2\/comments?post=2161"}],"version-history":[{"count":0,"href":"http:\/\/acodalej.sk\/es\/wp-json\/wp\/v2\/pages\/2161\/revisions"}],"wp:attachment":[{"href":"http:\/\/acodalej.sk\/es\/wp-json\/wp\/v2\/media?parent=2161"}],"curies":[{"name":"wp","href":"https:\/\/api.w.org\/{rel}","templated":true}]}}