{"id":2171,"date":"2024-09-15T13:50:21","date_gmt":"2024-09-15T13:50:21","guid":{"rendered":"http:\/\/acodalej.sk\/?page_id=2171"},"modified":"2024-11-09T16:24:03","modified_gmt":"2024-11-09T16:24:03","slug":"cti-otca-a-matku-a-budes-dobre-a-dlho-zit-na-zemi","status":"publish","type":"page","link":"http:\/\/acodalej.sk\/es\/cti-otca-a-matku-a-budes-dobre-a-dlho-zit-na-zemi\/","title":{"rendered":"Cti otca a matku a bude\u0161 dobre a dlho \u017ei\u0165 na zemi"},"content":{"rendered":"<div data-elementor-type=\"wp-page\" data-elementor-id=\"2171\" class=\"elementor elementor-2171\">\n\t\t\t\t<div class=\"has_eae_slider elementor-element elementor-element-c37d0d3 e-flex e-con-boxed e-con e-parent\" data-eae-slider=\"75875\" data-id=\"c37d0d3\" data-element_type=\"container\">\n\t\t\t\t\t<div class=\"e-con-inner\">\n\t\t<div class=\"has_eae_slider elementor-element elementor-element-529969d e-flex e-con-boxed e-con e-child\" data-eae-slider=\"93190\" data-id=\"529969d\" data-element_type=\"container\">\n\t\t\t\t\t<div class=\"e-con-inner\">\n\t\t\t\t<div class=\"elementor-element elementor-element-307e0f1 elementor-widget elementor-widget-heading\" data-id=\"307e0f1\" data-element_type=\"widget\" data-widget_type=\"heading.default\">\n\t\t\t\t<div class=\"elementor-widget-container\">\n\t\t\t\t\t<h2 class=\"elementor-heading-title elementor-size-default\">Honra a tu padre y a tu madre, y vivir\u00e1s mucho tiempo en la tierra.<\/h2>\t\t\t\t<\/div>\n\t\t\t\t<\/div>\n\t\t\t\t<div class=\"elementor-element elementor-element-e382af4 elementor-widget elementor-widget-text-editor\" data-id=\"e382af4\" data-element_type=\"widget\" data-widget_type=\"text-editor.default\">\n\t\t\t\t<div class=\"elementor-widget-container\">\n\t\t\t\t\t\t\t\t\t<p class=\"Standard\"><strong><em>Honra a tu padre y a tu madre, como el Se\u00f1or tu Dios te ha mandado, para que tus d\u00edas sean largos y te vaya bien en la tierra que el Se\u00f1or tu Dios te da.<\/em><\/strong><\/p><p class=\"Standard\"><strong><em>Deuteronomio 5:16<\/em><\/strong><\/p>\t\t\t\t\t\t\t\t<\/div>\n\t\t\t\t<\/div>\n\t\t\t\t\t<\/div>\n\t\t\t\t<\/div>\n\t\t\t\t\t<\/div>\n\t\t\t\t<\/div>\n\t\t<div class=\"has_eae_slider elementor-element elementor-element-4973e2d e-flex e-con-boxed e-con e-parent\" data-eae-slider=\"98807\" data-id=\"4973e2d\" data-element_type=\"container\">\n\t\t\t\t\t<div class=\"e-con-inner\">\n\t\t<div class=\"has_eae_slider elementor-element elementor-element-a1515e4 e-flex e-con-boxed e-con e-child\" data-eae-slider=\"73983\" data-id=\"a1515e4\" data-element_type=\"container\">\n\t\t\t\t\t<div class=\"e-con-inner\">\n\t\t\t\t<div class=\"elementor-element elementor-element-1f48ef9 elementor-widget elementor-widget-text-editor\" data-id=\"1f48ef9\" data-element_type=\"widget\" data-widget_type=\"text-editor.default\">\n\t\t\t\t<div class=\"elementor-widget-container\">\n\t\t\t\t\t\t\t\t\t<p class=\"Standard\">Honrar a nuestros padres, por quienes Dios nos dio la vida. Honrar a nuestros mayores y a quienes tienen autoridad en la sociedad. El respeto es respeto a las personas, que se demuestra al saludarlas, escucharlas, no calumniarlas y otras reglas que se seguir\u00e1n.<\/p>\t\t\t\t\t\t\t\t<\/div>\n\t\t\t\t<\/div>\n\t\t\t\t<div class=\"elementor-element elementor-element-a3b6ba1 elementor-widget elementor-widget-text-editor\" data-id=\"a3b6ba1\" data-element_type=\"widget\" data-widget_type=\"text-editor.default\">\n\t\t\t\t<div class=\"elementor-widget-container\">\n\t\t\t\t\t\t\t\t\t<p class=\"Standard\"><em><strong>9<span style=\"color: #1e293b;\">\u00a0<\/span>&quot;Cualquiera que maldiga a su padre o a su madre ser\u00e1 condenado a muerte. El que maldiga a su padre o a su madre ser\u00e1 responsable de su sangre.<\/strong><\/em><\/p><p class=\"Standard\"><em><strong>3,Mojzisova 20<\/strong><\/em><\/p>\t\t\t\t\t\t\t\t<\/div>\n\t\t\t\t<\/div>\n\t\t\t\t<div class=\"elementor-element elementor-element-af1c2d1 elementor-widget elementor-widget-text-editor\" data-id=\"af1c2d1\" data-element_type=\"widget\" data-widget_type=\"text-editor.default\">\n\t\t\t\t<div class=\"elementor-widget-container\">\n\t\t\t\t\t\t\t\t\t<p class=\"Standard\"><em><strong>Romanos 13, <\/strong><\/em><\/p><p class=\"Standard\"><em><strong>1 Som\u00e9tase toda persona a las autoridades superiores, porque no hay autoridad sino de parte de Dios, y las que hay, por Dios han sido establecidas. <\/strong><\/em><em><strong>2 De modo que quien se opone a la autoridad, a lo establecido por Dios resiste; y los que resisten, acarrean condenaci\u00f3n para s\u00ed mismos. <\/strong><\/em><em><strong>3 No temas a los gobernantes por el bien que haces, sino por el mal que haces. \u00bfNo quieres temer a la autoridad? Haz lo bueno, y recibir\u00e1s su alabanza. <\/strong><\/em><em><strong>4 Porque es servidor de Dios para tu bien. Pero si haces el mal, teme, pues no en vano lleva la espada. Porque es servidor de Dios, vengador, ejecutor de la ira contra el que practica el mal. <\/strong><\/em><em><strong>5 Por lo cual es necesario estarle sujetos, no solamente por causa del castigo, sino tambi\u00e9n por causa de la conciencia. <\/strong><\/em><em><strong>6 Pues para esto pag\u00e1is los tributos, porque son servidores de Dios que atienden a esto mismo. <\/strong><\/em><em><strong>7 Pagad a todos lo que deb\u00e9is: al que impuesto, impuesto; al que impuesto, impuesto; al que temor, temor; al que honor, honor.<\/strong><\/em><\/p>\t\t\t\t\t\t\t\t<\/div>\n\t\t\t\t<\/div>\n\t\t\t\t<div class=\"elementor-element elementor-element-01ce192 elementor-widget elementor-widget-text-editor\" data-id=\"01ce192\" data-element_type=\"widget\" data-widget_type=\"text-editor.default\">\n\t\t\t\t<div class=\"elementor-widget-container\">\n\t\t\t\t\t\t\t\t\t<p class=\"Standard\">El resultado de quebrantar las leyes de Dios es la muerte: separaci\u00f3n de Dios y sufrimiento, pero el don gratuito de Dios para todos es el perd\u00f3n y la vida eterna al reconocer que \u00c9l es perfecto y que nosotros somos malos. Al reconocer que aceptamos la ayuda que nos ofrece y pedir perd\u00f3n por nuestras ofensas con base en el sacrificio de Jesucristo. Tras recibir el perd\u00f3n, nos comprometemos a obedecer al Creador aprendiendo y respetando sus leyes en la nueva vida que nos ofrece.<\/p><p class=\"Standard\">En Israel, los delitos graves eran juzgados p\u00fablicamente por personas responsables de la sociedad: jueces, y las personas eran castigadas p\u00fablicamente. Esto era para evitar que toda la sociedad de Israel cayera en la rebeli\u00f3n y, por lo tanto, bajo el juicio de Dios. Dios es Santo, Perfecto, y habita en un inmenso fuego de amor. Todo en su presencia se revela y el mal arder\u00e1 en su fuego.<\/p><p class=\"Standard\">Para nosotros, esto significa respetar a las autoridades de cada estado, a quienes Dios ha confiado este juicio y castigo. Corresponde a cada gobierno y, posteriormente, a los jueces respetar las leyes de Dios.<\/p><p class=\"Standard\">Dios no quiere que los criminales perezcan, sino que se reconcilien, se corrijan y puedan vivir por la gracia de Dios. La conocida historia de la mujer sorprendida en adulterio fue la de la que quisieron apedrear seg\u00fan la ley de Dios y la llevaron ante Jes\u00fas. \u00c9l dijo: \u00abEl que est\u00e9 libre de pecado, que tire la primera piedra\u00bb. Cuando ella se qued\u00f3 sola y todos se fueron, \u00e9l dijo: \u00ab\u00bfNadie te ha condenado? Yo tampoco te condeno; vete y no peques m\u00e1s\u00bb. Dios se nos presenta como justo, que recompensa el bien y castiga el mal, pero es misericordioso con los quebrantados. Dios se opone a los soberbios, pero da gracia a los humildes. Dios no aboli\u00f3 la ley, sino que vino a cumplirla por medio del Se\u00f1or Jes\u00fas.<\/p>\t\t\t\t\t\t\t\t<\/div>\n\t\t\t\t<\/div>\n\t\t\t\t<div class=\"elementor-element elementor-element-489c43a elementor-widget elementor-widget-text-editor\" data-id=\"489c43a\" data-element_type=\"widget\" data-widget_type=\"text-editor.default\">\n\t\t\t\t<div class=\"elementor-widget-container\">\n\t\t\t\t\t\t\t\t\t<p class=\"Standard\"><em><strong>11<span style=\"color: #1e293b;\">\u00a0<\/span>Diles: \u00abVivo yo \u2014declara el Se\u00f1or Dios\u2014, que no me complazco en la muerte del malvado, sino en que se vuelva de su camino y viva. \u00a1Ap\u00e1rtense, ap\u00e1rtense de sus malos caminos!\u00bb\u00a0<\/strong><\/em><\/p><p class=\"Standard\"><em><strong>Ezequiel 33<\/strong><\/em><\/p>\t\t\t\t\t\t\t\t<\/div>\n\t\t\t\t<\/div>\n\t\t\t\t<div class=\"elementor-element elementor-element-752a029 elementor-widget elementor-widget-text-editor\" data-id=\"752a029\" data-element_type=\"widget\" data-widget_type=\"text-editor.default\">\n\t\t\t\t<div class=\"elementor-widget-container\">\n\t\t\t\t\t\t\t\t\t<p class=\"Standard\"><em><strong>23<span style=\"color: #1e293b;\">\u00a0<\/span>Porque la paga del pecado es muerte, pero la d\u00e1diva de la gracia de Dios es vida eterna en Cristo Jes\u00fas, Se\u00f1or nuestro.<\/strong><\/em><\/p><p class=\"Standard\"><em><strong>Romanos 6<\/strong><\/em><\/p>\t\t\t\t\t\t\t\t<\/div>\n\t\t\t\t<\/div>\n\t\t\t\t\t<\/div>\n\t\t\t\t<\/div>\n\t\t\t\t\t<\/div>\n\t\t\t\t<\/div>\n\t\t\t\t<\/div>","protected":false},"excerpt":{"rendered":"<p>cti otca a matku a bude\u0161 dobre a dlho \u017ei\u0165 na zemi &#8222;Cti svojho otca a svoju matku, ako ti prik\u00e1zal Hospodin, tvoj Boh, aby si dlho \u017eil a dobre sa ti vodilo v krajine, ktor\u00fa ti d\u00e1va Hospodin, tvoj Boh!&#8220; 5. Moj\u017ei\u0161ova 5,16 Ma\u0165 v \u00facte rodi\u010dov, cez ktor\u00fdch n\u00e1m Boh daroval \u017eivot. Ma\u0165 [&hellip;]<\/p>","protected":false},"author":1,"featured_media":0,"parent":0,"menu_order":0,"comment_status":"closed","ping_status":"closed","template":"","meta":{"site-sidebar-layout":"no-sidebar","site-content-layout":"page-builder","ast-site-content-layout":"full-width-container","site-content-style":"unboxed","site-sidebar-style":"unboxed","ast-global-header-display":"","ast-banner-title-visibility":"","ast-main-header-display":"","ast-hfb-above-header-display":"","ast-hfb-below-header-display":"","ast-hfb-mobile-header-display":"","site-post-title":"disabled","ast-breadcrumbs-content":"","ast-featured-img":"disabled","footer-sml-layout":"disabled","theme-transparent-header-meta":"enabled","adv-header-id-meta":"","stick-header-meta":"","header-above-stick-meta":"","header-main-stick-meta":"","header-below-stick-meta":"","astra-migrate-meta-layouts":"set","ast-page-background-enabled":"default","ast-page-background-meta":{"desktop":{"background-color":"var(--ast-global-color-4)","background-image":"","background-repeat":"repeat","background-position":"center center","background-size":"auto","background-attachment":"scroll","background-type":"","background-media":"","overlay-type":"","overlay-color":"","overlay-opacity":"","overlay-gradient":""},"tablet":{"background-color":"","background-image":"","background-repeat":"repeat","background-position":"center center","background-size":"auto","background-attachment":"scroll","background-type":"","background-media":"","overlay-type":"","overlay-color":"","overlay-opacity":"","overlay-gradient":""},"mobile":{"background-color":"","background-image":"","background-repeat":"repeat","background-position":"center center","background-size":"auto","background-attachment":"scroll","background-type":"","background-media":"","overlay-type":"","overlay-color":"","overlay-opacity":"","overlay-gradient":""}},"ast-content-background-meta":{"desktop":{"background-color":"var(--ast-global-color-5)","background-image":"","background-repeat":"repeat","background-position":"center center","background-size":"auto","background-attachment":"scroll","background-type":"","background-media":"","overlay-type":"","overlay-color":"","overlay-opacity":"","overlay-gradient":""},"tablet":{"background-color":"var(--ast-global-color-5)","background-image":"","background-repeat":"repeat","background-position":"center center","background-size":"auto","background-attachment":"scroll","background-type":"","background-media":"","overlay-type":"","overlay-color":"","overlay-opacity":"","overlay-gradient":""},"mobile":{"background-color":"var(--ast-global-color-5)","background-image":"","background-repeat":"repeat","background-position":"center center","background-size":"auto","background-attachment":"scroll","background-type":"","background-media":"","overlay-type":"","overlay-color":"","overlay-opacity":"","overlay-gradient":""}},"footnotes":""},"class_list":["post-2171","page","type-page","status-publish","hentry"],"_links":{"self":[{"href":"http:\/\/acodalej.sk\/es\/wp-json\/wp\/v2\/pages\/2171","targetHints":{"allow":["GET"]}}],"collection":[{"href":"http:\/\/acodalej.sk\/es\/wp-json\/wp\/v2\/pages"}],"about":[{"href":"http:\/\/acodalej.sk\/es\/wp-json\/wp\/v2\/types\/page"}],"author":[{"embeddable":true,"href":"http:\/\/acodalej.sk\/es\/wp-json\/wp\/v2\/users\/1"}],"replies":[{"embeddable":true,"href":"http:\/\/acodalej.sk\/es\/wp-json\/wp\/v2\/comments?post=2171"}],"version-history":[{"count":0,"href":"http:\/\/acodalej.sk\/es\/wp-json\/wp\/v2\/pages\/2171\/revisions"}],"wp:attachment":[{"href":"http:\/\/acodalej.sk\/es\/wp-json\/wp\/v2\/media?parent=2171"}],"curies":[{"name":"wp","href":"https:\/\/api.w.org\/{rel}","templated":true}]}}