{"id":1584,"date":"2023-11-26T17:08:38","date_gmt":"2023-11-26T17:08:38","guid":{"rendered":"http:\/\/acodalej.sk\/?page_id=1584"},"modified":"2024-11-09T15:00:25","modified_gmt":"2024-11-09T15:00:25","slug":"na-co-sme","status":"publish","type":"page","link":"http:\/\/acodalej.sk\/fr\/na-co-sme\/","title":{"rendered":"Na \u010do sme"},"content":{"rendered":"<div data-elementor-type=\"wp-page\" data-elementor-id=\"1584\" class=\"elementor elementor-1584\">\n\t\t\t\t<div class=\"has_eae_slider elementor-element elementor-element-dtpxyrj e-flex e-con-boxed e-con e-parent\" data-eae-slider=\"14939\" data-id=\"dtpxyrj\" data-element_type=\"container\" data-settings=\"{&quot;background_background&quot;:&quot;classic&quot;}\">\n\t\t\t\t\t<div class=\"e-con-inner\">\n\t\t\t\t<div class=\"elementor-element elementor-element-582eb7b elementor-widget elementor-widget-heading\" data-id=\"582eb7b\" data-element_type=\"widget\" data-widget_type=\"heading.default\">\n\t\t\t\t<div class=\"elementor-widget-container\">\n\t\t\t\t\t<h1 class=\"elementor-heading-title elementor-size-default\">Pourquoi sommes-nous ici ?<\/h1>\t\t\t\t<\/div>\n\t\t\t\t<\/div>\n\t\t\t\t\t<\/div>\n\t\t\t\t<\/div>\n\t\t<div class=\"has_eae_slider elementor-element elementor-element-l0npkg5 e-flex e-con-boxed e-con e-parent\" data-eae-slider=\"19130\" data-id=\"l0npkg5\" data-element_type=\"container\" data-settings=\"{&quot;background_background&quot;:&quot;classic&quot;}\">\n\t\t\t\t\t<div class=\"e-con-inner\">\n\t\t<div class=\"has_eae_slider elementor-element elementor-element-e6150a2 e-con-full e-flex e-con e-child\" data-eae-slider=\"85928\" data-id=\"e6150a2\" data-element_type=\"container\">\n\t\t\t\t<div class=\"elementor-element elementor-element-9b85f4b elementor-widget elementor-widget-image\" data-id=\"9b85f4b\" data-element_type=\"widget\" data-widget_type=\"image.default\">\n\t\t\t\t<div class=\"elementor-widget-container\">\n\t\t\t\t\t\t\t\t\t\t\t\t\t\t\t<img fetchpriority=\"high\" decoding=\"async\" width=\"564\" height=\"733\" src=\"http:\/\/acodalej.sk\/wp-content\/uploads\/2023\/11\/jesus-help.jpg\" class=\"attachment-full size-full wp-image-1596\" alt=\"\" srcset=\"http:\/\/acodalej.sk\/wp-content\/uploads\/2023\/11\/jesus-help.jpg 564w, http:\/\/acodalej.sk\/wp-content\/uploads\/2023\/11\/jesus-help-231x300.jpg 231w\" sizes=\"(max-width: 564px) 100vw, 564px\" \/>\t\t\t\t\t\t\t\t\t\t\t\t\t\t\t<\/div>\n\t\t\t\t<\/div>\n\t\t\t\t<\/div>\n\t\t<div class=\"has_eae_slider elementor-element elementor-element-96bd502 e-con-full e-flex e-con e-child\" data-eae-slider=\"69986\" data-id=\"96bd502\" data-element_type=\"container\">\n\t\t\t\t<div class=\"elementor-element elementor-element-a3059cc elementor-widget-tablet__width-inherit elementor-widget elementor-widget-heading\" data-id=\"a3059cc\" data-element_type=\"widget\" data-widget_type=\"heading.default\">\n\t\t\t\t<div class=\"elementor-widget-container\">\n\t\t\t\t\t<h2 class=\"elementor-heading-title elementor-size-default\">Dieu a un plan pour chacun.<\/h2>\t\t\t\t<\/div>\n\t\t\t\t<\/div>\n\t\t\t\t<div class=\"elementor-element elementor-element-1707dfc elementor-widget elementor-widget-text-editor\" data-id=\"1707dfc\" data-element_type=\"widget\" data-widget_type=\"text-editor.default\">\n\t\t\t\t<div class=\"elementor-widget-container\">\n\t\t\t\t\t\t\t\t\t<p>Notre t\u00e2che est de conna\u00eetre notre Cr\u00e9ateur, d\u2019accomplir Son plan pour nos vies et de nous entraider.<\/p>\t\t\t\t\t\t\t\t<\/div>\n\t\t\t\t<\/div>\n\t\t\t\t<div class=\"elementor-element elementor-element-ef27828 elementor-widget elementor-widget-text-editor\" data-id=\"ef27828\" data-element_type=\"widget\" data-widget_type=\"text-editor.default\">\n\t\t\t\t<div class=\"elementor-widget-container\">\n\t\t\t\t\t\t\t\t\t<p>On dit que l&#039;histoire se r\u00e9p\u00e8te. Oui, les \u00e9v\u00e9nements historiques se r\u00e9p\u00e8tent, mais certains sont ponctuels. On ne na\u00eet qu&#039;une seule fois et, apr\u00e8s cette vie terrestre, on s&#039;en va vers le jugement de Dieu. Du jugement vers le ciel ou vers l&#039;enfer.<\/p>\t\t\t\t\t\t\t\t<\/div>\n\t\t\t\t<\/div>\n\t\t\t\t<div class=\"elementor-element elementor-element-4f74bc3 elementor-widget elementor-widget-text-editor\" data-id=\"4f74bc3\" data-element_type=\"widget\" data-widget_type=\"text-editor.default\">\n\t\t\t\t<div class=\"elementor-widget-container\">\n\t\t\t\t\t\t\t\t\t<p>Le Cr\u00e9ateur \u2013 notre P\u00e8re \u2013 nous a cr\u00e9\u00e9s \u00e0 son image et nous a confi\u00e9 la t\u00e2che de g\u00e9rer la terre. Apr\u00e8s la r\u00e9bellion de l&#039;homme contre le Cr\u00e9ateur, mentionn\u00e9e plus haut, nous serions chass\u00e9s de sa pr\u00e9sence pour toujours. Dans son amour, il nous a pr\u00e9par\u00e9 une chance de revenir \u00e0 lui.<\/p>\t\t\t\t\t\t\t\t<\/div>\n\t\t\t\t<\/div>\n\t\t\t\t<\/div>\n\t\t\t\t\t<\/div>\n\t\t\t\t<\/div>\n\t\t<div class=\"has_eae_slider elementor-element elementor-element-npkpmkc e-flex e-con-boxed e-con e-parent\" data-eae-slider=\"79044\" data-id=\"npkpmkc\" data-element_type=\"container\" data-settings=\"{&quot;background_background&quot;:&quot;classic&quot;}\">\n\t\t\t\t\t<div class=\"e-con-inner\">\n\t\t<div class=\"has_eae_slider elementor-element elementor-element-1f7f824 e-con-full e-flex e-con e-child\" data-eae-slider=\"50581\" data-id=\"1f7f824\" data-element_type=\"container\">\n\t\t\t\t<div class=\"elementor-element elementor-element-70b1a4d elementor-widget elementor-widget-text-editor\" data-id=\"70b1a4d\" data-element_type=\"widget\" data-widget_type=\"text-editor.default\">\n\t\t\t\t<div class=\"elementor-widget-container\">\n\t\t\t\t\t\t\t\t\t<p>\u00c0 cause du crime des premiers hommes, Dieu a tu\u00e9 l&#039;animal et recouvert les hommes de sa peau ensanglant\u00e9e afin d&#039;intervenir dans leur vie et de les sauver. Nous avons le choix de b\u00e2tir une belle apparence, une r\u00e9putation et une gloire sur cette terre, o\u00f9 nous sommes venus nus et o\u00f9 nous repartirons nus pour l&#039;\u00e9ternit\u00e9. Nous avons la possibilit\u00e9 de nous humilier et d&#039;accepter la volont\u00e9 de Dieu pour la vie terrestre et \u00e9ternelle, que le Seigneur J\u00e9sus a rendue possible pour nous.<\/p>\t\t\t\t\t\t\t\t<\/div>\n\t\t\t\t<\/div>\n\t\t\t\t<div class=\"elementor-element elementor-element-28e49c8 elementor-widget elementor-widget-text-editor\" data-id=\"28e49c8\" data-element_type=\"widget\" data-widget_type=\"text-editor.default\">\n\t\t\t\t<div class=\"elementor-widget-container\">\n\t\t\t\t\t\t\t\t\t<p>Il y a un juge et un criminel au tribunal, reconnu coupable de crimes. Le criminel est condamn\u00e9 \u00e0 mort. Un homme entre dans la salle d&#039;audience et demande au juge de donner au criminel une chance de se racheter. Il a offert sa vie pour \u00eatre puni pour le criminel, et celui-ci a \u00e9t\u00e9 lib\u00e9r\u00e9. L&#039;homme qui a offert sa vie est le fils du juge, et le juge-p\u00e8re lui a demand\u00e9 cela par piti\u00e9 pour le criminel. Le fils a \u00e9t\u00e9 ex\u00e9cut\u00e9 et le criminel a \u00e9t\u00e9 lib\u00e9r\u00e9. Il sort de la salle d&#039;audience et voit le ciel baign\u00e9 de soleil, les oiseaux chanter. Une nouvelle vie l&#039;attend, rendue possible par le p\u00e8re et le fils gr\u00e2ce \u00e0 leur amour. C&#039;est \u00e0 chacun de d\u00e9cider comment il continuera \u00e0 vivre. Il n&#039;y aura pas de seconde chance. Telle est l&#039;image de Dieu le P\u00e8re, du Fils et de chacun de nous, criminels.<\/p>\n<p><span style=\"font-weight: 400;\">&nbsp;<\/span><\/p>\t\t\t\t\t\t\t\t<\/div>\n\t\t\t\t<\/div>\n\t\t\t\t<\/div>\n\t\t<div class=\"has_eae_slider elementor-element elementor-element-07afb6e e-con-full e-flex e-con e-child\" data-eae-slider=\"11258\" data-id=\"07afb6e\" data-element_type=\"container\">\n\t\t\t\t<div class=\"elementor-element elementor-element-83930a5 elementor-widget elementor-widget-image\" data-id=\"83930a5\" data-element_type=\"widget\" data-widget_type=\"image.default\">\n\t\t\t\t<div class=\"elementor-widget-container\">\n\t\t\t\t\t\t\t\t\t\t\t\t\t\t\t<img decoding=\"async\" width=\"1000\" height=\"563\" src=\"http:\/\/acodalej.sk\/wp-content\/uploads\/2023\/11\/judge.jpg\" class=\"attachment-full size-full wp-image-1597\" alt=\"\" srcset=\"http:\/\/acodalej.sk\/wp-content\/uploads\/2023\/11\/judge.jpg 1000w, http:\/\/acodalej.sk\/wp-content\/uploads\/2023\/11\/judge-300x169.jpg 300w, http:\/\/acodalej.sk\/wp-content\/uploads\/2023\/11\/judge-768x432.jpg 768w\" sizes=\"(max-width: 1000px) 100vw, 1000px\" \/>\t\t\t\t\t\t\t\t\t\t\t\t\t\t\t<\/div>\n\t\t\t\t<\/div>\n\t\t\t\t<\/div>\n\t\t\t\t\t<\/div>\n\t\t\t\t<\/div>\n\t\t<div class=\"has_eae_slider elementor-element elementor-element-9660113 e-flex e-con-boxed e-con e-parent\" data-eae-slider=\"22538\" data-id=\"9660113\" data-element_type=\"container\" data-settings=\"{&quot;background_background&quot;:&quot;classic&quot;}\">\n\t\t\t\t\t<div class=\"e-con-inner\">\n\t\t<div class=\"has_eae_slider elementor-element elementor-element-1714fe8 e-con-full e-flex e-con e-child\" data-eae-slider=\"26144\" data-id=\"1714fe8\" data-element_type=\"container\">\n\t\t\t\t<div class=\"elementor-element elementor-element-1923d4b elementor-widget elementor-widget-image\" data-id=\"1923d4b\" data-element_type=\"widget\" data-widget_type=\"image.default\">\n\t\t\t\t<div class=\"elementor-widget-container\">\n\t\t\t\t\t\t\t\t\t\t\t\t\t\t\t<img decoding=\"async\" width=\"612\" height=\"356\" src=\"http:\/\/acodalej.sk\/wp-content\/uploads\/2024\/02\/desatoro.png\" class=\"attachment-full size-full wp-image-2038\" alt=\"\" srcset=\"http:\/\/acodalej.sk\/wp-content\/uploads\/2024\/02\/desatoro.png 612w, http:\/\/acodalej.sk\/wp-content\/uploads\/2024\/02\/desatoro-300x175.png 300w\" sizes=\"(max-width: 612px) 100vw, 612px\" \/>\t\t\t\t\t\t\t\t\t\t\t\t\t\t\t<\/div>\n\t\t\t\t<\/div>\n\t\t\t\t<\/div>\n\t\t<div class=\"has_eae_slider elementor-element elementor-element-a86e0c5 e-con-full e-flex e-con e-child\" data-eae-slider=\"17872\" data-id=\"a86e0c5\" data-element_type=\"container\">\n\t\t\t\t<div class=\"elementor-element elementor-element-dc290a8 elementor-widget elementor-widget-text-editor\" data-id=\"dc290a8\" data-element_type=\"widget\" data-widget_type=\"text-editor.default\">\n\t\t\t\t<div class=\"elementor-widget-container\">\n\t\t\t\t\t\t\t\t\t<p>Dieu est Saint - compl\u00e8tement pur, Il est Feu, Il est Lumi\u00e8re l\u00e0 o\u00f9 il n&#039;y a pas d&#039;ombre, Il est le Dieu Terrible, Juste et Tout-Puissant.<\/p>\t\t\t\t\t\t\t\t<\/div>\n\t\t\t\t<\/div>\n\t\t\t\t<div class=\"elementor-element elementor-element-76e7465 elementor-widget elementor-widget-text-editor\" data-id=\"76e7465\" data-element_type=\"widget\" data-widget_type=\"text-editor.default\">\n\t\t\t\t<div class=\"elementor-widget-container\">\n\t\t\t\t\t\t\t\t\t<p>Un \u00eatre mauvais est comme le bois, un \u00eatre fid\u00e8le est comme l&#039;or. Le bois br\u00fble au feu et l&#039;or est raffin\u00e9. Le Dieu Saint nous r\u00e9v\u00e8le notre v\u00e9ritable nature : nous sommes des criminels qui transgressons les lois de la vie. La fronti\u00e8re entre la vie et la mort est la loi de Dieu :<\/p>\t\t\t\t\t\t\t\t<\/div>\n\t\t\t\t<\/div>\n\t\t\t\t<div class=\"elementor-element elementor-element-61987f8 elementor-widget elementor-widget-text-editor\" data-id=\"61987f8\" data-element_type=\"widget\" data-widget_type=\"text-editor.default\">\n\t\t\t\t<div class=\"elementor-widget-container\">\n\t\t\t\t\t\t\t\t\t<p>1. Honorez Dieu quotidiennement \u2013 recevez et gardez la parole de Dieu<br>2. n\u2019adorez pas les idoles \u2013 ne suivez aucune r\u00e8gle de vie autre que celles du Cr\u00e9ateur<br>3. Ne prenez pas le nom de Dieu en vain.<br>4. Travaillez six jours et reposez-vous le septi\u00e8me.<br>5. Honore ton p\u00e8re et ta m\u00e8re, afin que tu vives longtemps et que tu prosp\u00e8res sur la terre.<br>6. Tu ne tueras point<br>7. Tu ne commettras pas d\u2019adult\u00e8re \u2013 relations sexuelles hors mariage entre un homme et une femme<br>8. Tu ne voleras pas.<br>9. ne mentez pas et ne calomniez pas<br>10. Ne soyez pas jaloux.<\/p>\t\t\t\t\t\t\t\t<\/div>\n\t\t\t\t<\/div>\n\t\t\t\t<\/div>\n\t\t\t\t\t<\/div>\n\t\t\t\t<\/div>\n\t\t<div class=\"has_eae_slider elementor-element elementor-element-fed1e7e e-flex e-con-boxed e-con e-parent\" data-eae-slider=\"20708\" data-id=\"fed1e7e\" data-element_type=\"container\" data-settings=\"{&quot;background_background&quot;:&quot;classic&quot;}\">\n\t\t\t\t\t<div class=\"e-con-inner\">\n\t\t<div class=\"has_eae_slider elementor-element elementor-element-929da76 e-con-full e-flex e-con e-child\" data-eae-slider=\"20021\" data-id=\"929da76\" data-element_type=\"container\">\n\t\t\t\t<div class=\"elementor-element elementor-element-7d65436 elementor-widget elementor-widget-text-editor\" data-id=\"7d65436\" data-element_type=\"widget\" data-widget_type=\"text-editor.default\">\n\t\t\t\t<div class=\"elementor-widget-container\">\n\t\t\t\t\t\t\t\t\t<p>Le salaire de la transgression des lois de la vie est la mort, mais le don de Dieu est la vie \u00e9ternelle en J\u00e9sus-Christ. La mort est un \u00e9tat de s\u00e9paration d&#039;avec le Cr\u00e9ateur, de solitude et de d\u00e9ch\u00e9ance. Si, apr\u00e8s avoir entendu de telles paroles, je reconnais cet \u00e9tat, moi, en tant que condamn\u00e9, je peux demander l&#039;amnistie-gr\u00e2ce. Dieu ne s&#039;impose \u00e0 personne, il n&#039;a pas besoin de nous, c&#039;est nous qui avons besoin de lui.<\/p>\t\t\t\t\t\t\t\t<\/div>\n\t\t\t\t<\/div>\n\t\t\t\t<\/div>\n\t\t<div class=\"has_eae_slider elementor-element elementor-element-79c0a50 e-con-full e-flex e-con e-child\" data-eae-slider=\"34287\" data-id=\"79c0a50\" data-element_type=\"container\">\n\t\t\t\t<div class=\"elementor-element elementor-element-e34b43a elementor-widget elementor-widget-image\" data-id=\"e34b43a\" data-element_type=\"widget\" data-widget_type=\"image.default\">\n\t\t\t\t<div class=\"elementor-widget-container\">\n\t\t\t\t\t\t\t\t\t\t\t\t\t\t\t<img loading=\"lazy\" decoding=\"async\" width=\"1376\" height=\"774\" src=\"http:\/\/acodalej.sk\/wp-content\/uploads\/2023\/11\/calltogod.jpeg\" class=\"attachment-full size-full wp-image-1598\" alt=\"\" srcset=\"http:\/\/acodalej.sk\/wp-content\/uploads\/2023\/11\/calltogod.jpeg 1376w, http:\/\/acodalej.sk\/wp-content\/uploads\/2023\/11\/calltogod-300x169.jpeg 300w, http:\/\/acodalej.sk\/wp-content\/uploads\/2023\/11\/calltogod-1024x576.jpeg 1024w, http:\/\/acodalej.sk\/wp-content\/uploads\/2023\/11\/calltogod-768x432.jpeg 768w\" sizes=\"(max-width: 1376px) 100vw, 1376px\" \/>\t\t\t\t\t\t\t\t\t\t\t\t\t\t\t<\/div>\n\t\t\t\t<\/div>\n\t\t\t\t<\/div>\n\t\t\t\t\t<\/div>\n\t\t\t\t<\/div>\n\t\t<div class=\"has_eae_slider elementor-element elementor-element-5eb1d3cd e-flex e-con-boxed e-con e-parent\" data-eae-slider=\"95779\" data-id=\"5eb1d3cd\" data-element_type=\"container\" data-settings=\"{&quot;background_background&quot;:&quot;classic&quot;}\">\n\t\t\t\t\t<div class=\"e-con-inner\">\n\t\t<div class=\"has_eae_slider elementor-element elementor-element-6f38eaa3 e-con-full e-flex e-con e-child\" data-eae-slider=\"15161\" data-id=\"6f38eaa3\" data-element_type=\"container\">\n\t\t\t\t<div class=\"elementor-element elementor-element-2f650512 elementor-widget elementor-widget-image\" data-id=\"2f650512\" data-element_type=\"widget\" data-widget_type=\"image.default\">\n\t\t\t\t<div class=\"elementor-widget-container\">\n\t\t\t\t\t\t\t\t\t\t\t\t\t\t\t<img loading=\"lazy\" decoding=\"async\" width=\"2560\" height=\"1390\" src=\"http:\/\/acodalej.sk\/wp-content\/uploads\/2023\/11\/jesusanddisciples-scaled.webp\" class=\"attachment-full size-full wp-image-1599\" alt=\"\" srcset=\"http:\/\/acodalej.sk\/wp-content\/uploads\/2023\/11\/jesusanddisciples-scaled.webp 2560w, http:\/\/acodalej.sk\/wp-content\/uploads\/2023\/11\/jesusanddisciples-300x163.webp 300w, http:\/\/acodalej.sk\/wp-content\/uploads\/2023\/11\/jesusanddisciples-1024x556.webp 1024w, http:\/\/acodalej.sk\/wp-content\/uploads\/2023\/11\/jesusanddisciples-768x417.webp 768w, http:\/\/acodalej.sk\/wp-content\/uploads\/2023\/11\/jesusanddisciples-1536x834.webp 1536w, http:\/\/acodalej.sk\/wp-content\/uploads\/2023\/11\/jesusanddisciples-2048x1112.webp 2048w\" sizes=\"(max-width: 2560px) 100vw, 2560px\" \/>\t\t\t\t\t\t\t\t\t\t\t\t\t\t\t<\/div>\n\t\t\t\t<\/div>\n\t\t\t\t<\/div>\n\t\t<div class=\"has_eae_slider elementor-element elementor-element-298f70f1 e-con-full e-flex e-con e-child\" data-eae-slider=\"9648\" data-id=\"298f70f1\" data-element_type=\"container\">\n\t\t\t\t<div class=\"elementor-element elementor-element-6f1fb878 elementor-widget elementor-widget-text-editor\" data-id=\"6f1fb878\" data-element_type=\"widget\" data-widget_type=\"text-editor.default\">\n\t\t\t\t<div class=\"elementor-widget-container\">\n\t\t\t\t\t\t\t\t\t<p>Lorsque nous comprenons que tous nos efforts et notre existence sans Lui \u00e9taient vains et finiraient par p\u00e9rir dans les souffrances de l&#039;enfer, nous pouvons admettre notre perte et implorer Sa mis\u00e9ricorde. Dieu a donn\u00e9 Son Fils unique et a annonc\u00e9 cette intention des milliers d&#039;ann\u00e9es \u00e0 l&#039;avance par l&#039;interm\u00e9diaire de ceux qui Le cherchaient et imploraient Sa gr\u00e2ce. Son Fils est apparu sous la forme de J\u00e9sus de Nazareth il y a 2000 ans et a v\u00e9cu selon les r\u00e8gles du Cr\u00e9ateur \u00e9crites dans la Bible. \u00c0 plus de 35 ans, le P\u00e8re l&#039;a appel\u00e9 \u00e0 accomplir la vocation de sa vie sur terre. Il a commenc\u00e9 \u00e0 proclamer le message de Dieu, qu&#039;il avait appris et v\u00e9cu pendant des d\u00e9cennies sur terre, en tant qu&#039;homme simple. Dieu a confirm\u00e9 ces paroles par des miracles tels que la gu\u00e9rison de boiteux, d&#039;aveugles et de sourds, la transformation de vies humaines du mal en bien, la d\u00e9livrance d&#039;esprits mal\u00e9fiques, la r\u00e9surrection de morts, la multiplication de nourriture, l&#039;apaisement de la temp\u00eate et bien d&#039;autres confirmations surnaturelles de Dieu. Ceux qui se satisfaisaient de leur vie mauvaise sur terre Le ha\u00efssaient et L&#039;assassinaient brutalement. Il n&#039;a pas r\u00e9sist\u00e9, car ce faisant, il a donn\u00e9 sa vie en sacrifice, en ran\u00e7on pour tous les hommes. Le troisi\u00e8me jour apr\u00e8s sa mort, il est ressuscit\u00e9 et est apparu \u00e0 ses proches pendant 40 jours, puis, devant environ 500 personnes, il est mont\u00e9 au ciel et a disparu dans les nuages. Il est mont\u00e9 au ciel, o\u00f9 a eu lieu une grande c\u00e9l\u00e9bration et le couronnement du Roi et Sauveur de l&#039;humanit\u00e9.<\/p>\t\t\t\t\t\t\t\t<\/div>\n\t\t\t\t<\/div>\n\t\t\t\t<\/div>\n\t\t\t\t\t<\/div>\n\t\t\t\t<\/div>\n\t\t<div class=\"has_eae_slider elementor-element elementor-element-775376a e-con-full e-flex e-con e-parent\" data-eae-slider=\"42302\" data-id=\"775376a\" data-element_type=\"container\" data-settings=\"{&quot;background_background&quot;:&quot;classic&quot;,&quot;animation&quot;:&quot;none&quot;}\">\n\t\t<div class=\"has_eae_slider elementor-element elementor-element-1668c8b e-con-full e-flex e-con e-child\" data-eae-slider=\"92016\" data-id=\"1668c8b\" data-element_type=\"container\">\n\t\t\t\t<div class=\"elementor-element elementor-element-702c9e5 elementor-widget elementor-widget-text-editor\" data-id=\"702c9e5\" data-element_type=\"widget\" data-widget_type=\"text-editor.default\">\n\t\t\t\t<div class=\"elementor-widget-container\">\n\t\t\t\t\t\t\t\t\t<p style=\"text-align: left;\">Nous sommes submerg\u00e9s par les informations du monde et par la foi en elles, mais lorsque nous croyons \u00e0 la parole de Dieu et l&#039;invoquons pour confirmation, la r\u00e9ponse arrive et tous ceux qui l&#039;ont v\u00e9cue t\u00e9moignent d&#039;une paix extraordinaire et d&#039;un changement positif dans leur vie. Il s&#039;agit du sens le plus important de notre vie sur terre\u00a0: conna\u00eetre notre Cr\u00e9ateur et Sauveur, et nous lib\u00e9rer des influences qui ont d\u00e9truit nos vies, nos familles et notre soci\u00e9t\u00e9. Apr\u00e8s la visitation de Dieu, vient notre confirmation \u2013 une signature que Dieu appelle l&#039;immersion dans l&#039;eau, o\u00f9 nous exprimons que le Seigneur J\u00e9sus est mort pour nous sur la croix, a \u00e9t\u00e9 enseveli et est sorti de l&#039;eau, lorsqu&#039;il est sorti du tombeau pour la vie \u00e9ternelle. Ainsi, je reconnais \u00eatre mort avec Lui pour la r\u00e9bellion et le crime, afin de laisser \u00e0 Dieu l&#039;espace de diriger ma vie. Dieu nous guide \u00e0 travers l&#039;accueil quotidien de sa parole dans la Bible et a un plan sp\u00e9cifique pour chacun, quels que soient son origine, son \u00e9ducation, son \u00e2ge, son sexe, ses ant\u00e9c\u00e9dents religieux et les crimes commis. Le plan de Dieu est bon, parfait et agr\u00e9able \u00e0 tous.<\/p>\n<p style=\"text-align: left;\"><b>P\u00e8re, tu es vivant et tu m&#039;entends, tu m&#039;as cr\u00e9\u00e9, donne-moi s&#039;il te pla\u00eet un c\u0153ur pur afin que je puisse voir ce que tu as pr\u00e9par\u00e9 pour moi sur la terre et au ciel.<\/b><\/p>\t\t\t\t\t\t\t\t<\/div>\n\t\t\t\t<\/div>\n\t\t\t\t<div class=\"elementor-element elementor-element-42ebe43 elementor-widget elementor-widget-video\" data-id=\"42ebe43\" data-element_type=\"widget\" data-settings=\"{&quot;youtube_url&quot;:&quot;https:\\\/\\\/youtu.be\\\/qo-OHwppAko?feature=shared&quot;,&quot;video_type&quot;:&quot;youtube&quot;,&quot;controls&quot;:&quot;yes&quot;}\" data-widget_type=\"video.default\">\n\t\t\t\t<div class=\"elementor-widget-container\">\n\t\t\t\t\t\t\t<div class=\"elementor-wrapper elementor-open-inline\">\n\t\t\t<div class=\"elementor-video\"><\/div>\t\t<\/div>\n\t\t\t\t\t\t<\/div>\n\t\t\t\t<\/div>\n\t\t\t\t<\/div>\n\t\t\t\t<\/div>\n\t\t\t\t<\/div>","protected":false},"excerpt":{"rendered":"<p>Na \u010do tu sme? Boh m\u00e1 pl\u00e1n pre ka\u017ed\u00e9ho Na\u0161a \u00faloha je pozn\u00e1va\u0165 n\u00e1\u0161ho Stvorite\u013ea, plni\u0165 Jeho pl\u00e1n pre na\u0161e \u017eivoty a navz\u00e1jom si pom\u00e1ha\u0165. Hovor\u00ed sa, \u017ee hist\u00f3ria sa opakuje. \u00c1no udalosti hist\u00f3rie sa opakuj\u00fa, ale niektor\u00e9 udalosti s\u00fa jednorazov\u00e9. Iba raz sa \u010dlovek narod\u00ed a po pozemskom \u017eivote odch\u00e1dza a ide na Bo\u017e\u00ed [&hellip;]<\/p>","protected":false},"author":1,"featured_media":0,"parent":0,"menu_order":0,"comment_status":"closed","ping_status":"closed","template":"","meta":{"site-sidebar-layout":"no-sidebar","site-content-layout":"page-builder","ast-site-content-layout":"full-width-container","site-content-style":"default","site-sidebar-style":"default","ast-global-header-display":"","ast-banner-title-visibility":"","ast-main-header-display":"","ast-hfb-above-header-display":"","ast-hfb-below-header-display":"","ast-hfb-mobile-header-display":"","site-post-title":"disabled","ast-breadcrumbs-content":"disabled","ast-featured-img":"disabled","footer-sml-layout":"","theme-transparent-header-meta":"enabled","adv-header-id-meta":"","stick-header-meta":"","header-above-stick-meta":"","header-main-stick-meta":"","header-below-stick-meta":"","astra-migrate-meta-layouts":"set","ast-page-background-enabled":"default","ast-page-background-meta":{"desktop":{"background-color":"var(--ast-global-color-4)","background-image":"","background-repeat":"repeat","background-position":"center center","background-size":"auto","background-attachment":"scroll","background-type":"","background-media":"","overlay-type":"","overlay-color":"","overlay-opacity":"","overlay-gradient":""},"tablet":{"background-color":"","background-image":"","background-repeat":"repeat","background-position":"center center","background-size":"auto","background-attachment":"scroll","background-type":"","background-media":"","overlay-type":"","overlay-color":"","overlay-opacity":"","overlay-gradient":""},"mobile":{"background-color":"","background-image":"","background-repeat":"repeat","background-position":"center center","background-size":"auto","background-attachment":"scroll","background-type":"","background-media":"","overlay-type":"","overlay-color":"","overlay-opacity":"","overlay-gradient":""}},"ast-content-background-meta":{"desktop":{"background-color":"var(--ast-global-color-5)","background-image":"","background-repeat":"repeat","background-position":"center center","background-size":"auto","background-attachment":"scroll","background-type":"","background-media":"","overlay-type":"","overlay-color":"","overlay-opacity":"","overlay-gradient":""},"tablet":{"background-color":"var(--ast-global-color-5)","background-image":"","background-repeat":"repeat","background-position":"center center","background-size":"auto","background-attachment":"scroll","background-type":"","background-media":"","overlay-type":"","overlay-color":"","overlay-opacity":"","overlay-gradient":""},"mobile":{"background-color":"var(--ast-global-color-5)","background-image":"","background-repeat":"repeat","background-position":"center center","background-size":"auto","background-attachment":"scroll","background-type":"","background-media":"","overlay-type":"","overlay-color":"","overlay-opacity":"","overlay-gradient":""}},"footnotes":""},"class_list":["post-1584","page","type-page","status-publish","hentry"],"_links":{"self":[{"href":"http:\/\/acodalej.sk\/fr\/wp-json\/wp\/v2\/pages\/1584","targetHints":{"allow":["GET"]}}],"collection":[{"href":"http:\/\/acodalej.sk\/fr\/wp-json\/wp\/v2\/pages"}],"about":[{"href":"http:\/\/acodalej.sk\/fr\/wp-json\/wp\/v2\/types\/page"}],"author":[{"embeddable":true,"href":"http:\/\/acodalej.sk\/fr\/wp-json\/wp\/v2\/users\/1"}],"replies":[{"embeddable":true,"href":"http:\/\/acodalej.sk\/fr\/wp-json\/wp\/v2\/comments?post=1584"}],"version-history":[{"count":0,"href":"http:\/\/acodalej.sk\/fr\/wp-json\/wp\/v2\/pages\/1584\/revisions"}],"wp:attachment":[{"href":"http:\/\/acodalej.sk\/fr\/wp-json\/wp\/v2\/media?parent=1584"}],"curies":[{"name":"wp","href":"https:\/\/api.w.org\/{rel}","templated":true}]}}