{"id":1725,"date":"2023-11-27T04:51:16","date_gmt":"2023-11-27T04:51:16","guid":{"rendered":"http:\/\/acodalej.sk\/?page_id=1725"},"modified":"2024-01-01T23:06:10","modified_gmt":"2024-01-01T23:06:10","slug":"zrod-narodov","status":"publish","type":"page","link":"http:\/\/acodalej.sk\/fr\/zrod-narodov\/","title":{"rendered":"Zrod n\u00e1rodov"},"content":{"rendered":"<div data-elementor-type=\"wp-page\" data-elementor-id=\"1725\" class=\"elementor elementor-1725\">\n\t\t\t\t<div class=\"has_eae_slider elementor-element elementor-element-d8b4f61 e-flex e-con-boxed e-con e-parent\" data-eae-slider=\"15862\" data-id=\"d8b4f61\" data-element_type=\"container\" data-settings=\"{&quot;background_background&quot;:&quot;classic&quot;}\">\n\t\t\t\t\t<div class=\"e-con-inner\">\n\t\t<div class=\"has_eae_slider elementor-element elementor-element-a08d00b e-con-full e-flex e-con e-child\" data-eae-slider=\"98231\" data-id=\"a08d00b\" data-element_type=\"container\">\n\t\t\t\t<div class=\"elementor-element elementor-element-f6df33e elementor-widget elementor-widget-heading\" data-id=\"f6df33e\" data-element_type=\"widget\" data-widget_type=\"heading.default\">\n\t\t\t\t<div class=\"elementor-widget-container\">\n\t\t\t\t\t<h1 class=\"elementor-heading-title elementor-size-default\">La Naissance des Nations - Patriarches<\/h1>\t\t\t\t<\/div>\n\t\t\t\t<\/div>\n\t\t\t\t<\/div>\n\t\t\t\t\t<\/div>\n\t\t\t\t<\/div>\n\t\t<div class=\"has_eae_slider elementor-element elementor-element-57b8215 e-flex e-con-boxed e-con e-parent\" data-eae-slider=\"57277\" data-id=\"57b8215\" data-element_type=\"container\" data-settings=\"{&quot;background_background&quot;:&quot;classic&quot;}\">\n\t\t\t\t\t<div class=\"e-con-inner\">\n\t\t\t\t<div class=\"elementor-element elementor-element-1aa621b elementor-widget elementor-widget-heading\" data-id=\"1aa621b\" data-element_type=\"widget\" data-widget_type=\"heading.default\">\n\t\t\t\t<div class=\"elementor-widget-container\">\n\t\t\t\t\t<h2 class=\"elementor-heading-title elementor-size-default\">Gen\u00e8se<\/h2>\t\t\t\t<\/div>\n\t\t\t\t<\/div>\n\t\t\t\t<div class=\"elementor-element elementor-element-6d6928f elementor-tabs-view-horizontal elementor-widget elementor-widget-tabs\" data-id=\"6d6928f\" data-element_type=\"widget\" data-widget_type=\"tabs.default\">\n\t\t\t\t<div class=\"elementor-widget-container\">\n\t\t\t\t\t\t\t<div class=\"elementor-tabs\">\n\t\t\t<div class=\"elementor-tabs-wrapper\" role=\"tablist\" >\n\t\t\t\t\t\t\t\t\t<div id=\"elementor-tab-title-1141\" class=\"elementor-tab-title elementor-tab-desktop-title\" aria-selected=\"true\" data-tab=\"1\" role=\"tab\" tabindex=\"0\" aria-controls=\"elementor-tab-content-1141\" aria-expanded=\"false\">Chapitre 10<\/div>\n\t\t\t\t\t\t\t\t\t<div id=\"elementor-tab-title-1142\" class=\"elementor-tab-title elementor-tab-desktop-title\" aria-selected=\"false\" data-tab=\"2\" role=\"tab\" tabindex=\"-1\" aria-controls=\"elementor-tab-content-1142\" aria-expanded=\"false\">Chapitre 11<\/div>\n\t\t\t\t\t\t\t<\/div>\n\t\t\t<div class=\"elementor-tabs-content-wrapper\" role=\"tablist\" aria-orientation=\"vertical\">\n\t\t\t\t\t\t\t\t\t<div class=\"elementor-tab-title elementor-tab-mobile-title\" aria-selected=\"true\" data-tab=\"1\" role=\"tab\" tabindex=\"0\" aria-controls=\"elementor-tab-content-1141\" aria-expanded=\"false\">Chapitre 10<\/div>\n\t\t\t\t\t<div id=\"elementor-tab-content-1141\" class=\"elementor-tab-content elementor-clearfix\" data-tab=\"1\" role=\"tabpanel\" aria-labelledby=\"elementor-tab-title-1141\" tabindex=\"0\" hidden=\"false\"><p>1Voici la g\u00e9n\u00e9alogie des fils de No\u00e9, Sem, Cham et Japhet. Il leur naquit des fils apr\u00e8s le d\u00e9luge. 2Fils de Japhet : Gomer, Magog, Mada\u00ef, Javan, Tubal, M\u00e9shec et Tiras. 3Fils de Gomer : Ashkenaz, Riphath et Togarma. 4Fils de Javan : \u00c9lisha, Tarsis, Kittim et Rodanim. 5De l\u00e0 s&#039;\u00e9tendirent les \u00eeles de la mer, chacune avec sa langue, ses clans et ses nations. 6Fils de Cham : Cusch, Mitsra\u00efm, Put et Canaan. 7Fils de Cusch : Saba, Havila, Sabta, Raema et Sabteca. Fils de Raema : Saba et Dedan. 8Cush engendra Nimrod. Il fut le premier homme fort sur la terre. 9Il \u00e9tait un vaillant chasseur devant l&#039;\u00c9ternel. C&#039;est pourquoi on dit : \u00ab Comme Nimrod, un vaillant chasseur devant l&#039;\u00c9ternel. \u00bb 10 Son royaume commen\u00e7a par Babel, \u00c9rech, Accad et Caln\u00e9, dans le pays de Schinear. 11 De ce pays, il se rendit en Assyrie et b\u00e2tit Ninive, Rehoboth-Ir, Cala, 12 et R\u00e9sen, entre Ninive et Cala, c&#039;est-\u00e0-dire la grande ville. 13 Mitsra\u00efm engendra Lud, Anam, L\u00e9hab, Naphtuh, 14 Pathrus et Casluh, d&#039;o\u00f9 sortirent les Philistins et les Caphtorites. 15 Canaan engendra Sidon, son premier-n\u00e9, et Heth, 16 puis les J\u00e9busiens, les Amor\u00e9ens, les Guirgasiens, 17 les H\u00e9viens, les Arkiens, les Siniens, 18 les Arvadiens, les Tsemariens et les Hamathiens. Alors les familles des Canan\u00e9ens se dispers\u00e8rent. 19 Le territoire des Canan\u00e9ens s&#039;\u00e9tendait de Sidon \u00e0 Gu\u00e9rar, jusqu&#039;\u00e0 Gaza, et vers Sodome, Gomorrhe, Adma et Tsebo\u00efm, jusqu&#039;\u00e0 Lascha. 20 Voici les fils de Cham, selon leurs familles, leurs langues, leurs pays et leurs nations. 21 \u00c0 Sem, p\u00e8re de tous les fils d&#039;\u00c9ber, fr\u00e8re a\u00een\u00e9 de Japhet, naquirent aussi des fils. 22 Fils de Sem : \u00c9lam, Assur, Arpacshad, Lud et Aram. 23 Fils d&#039;Aram : Uts, Cul, Gu\u00e9ther et Mach. 24 Arpacshad fut le p\u00e8re de Sh\u00e9la. Sh\u00e9la fut le p\u00e8re d&#039;\u00c9ber. 25 \u00c0 \u00c9ber naquirent deux fils : le nom de l&#039;un \u00e9tait P\u00e9leg, car de son temps la terre fut partag\u00e9e ; et le nom de son fr\u00e8re \u00e9tait Joktan. 26Joktan engendra Almodad, Sh\u00e9leph, Hatsarmaveth, Jarah, 27Hadoram, Uzal, Dikla, 28Obal, Abima\u00ebl, Sh\u00e9ba, 29Ophir, Havila et Jobab. Tous ceux-l\u00e0 furent fils de Joktan. 30Ils habit\u00e8rent depuis M\u00e9sha jusqu&#039;\u00e0 Sephar, jusqu&#039;\u00e0 la montagne de l&#039;Orient. 31Voici les fils de Sem, selon leurs familles, selon leurs langues, et selon leurs nations, dans leurs pays. 32Voici les familles des fils de No\u00e9, selon leurs familles et selon leurs nations ; et c&#039;est de ceux-l\u00e0 que furent r\u00e9parties les nations sur la terre apr\u00e8s le d\u00e9luge.<\/p><\/div>\n\t\t\t\t\t\t\t\t\t<div class=\"elementor-tab-title elementor-tab-mobile-title\" aria-selected=\"false\" data-tab=\"2\" role=\"tab\" tabindex=\"-1\" aria-controls=\"elementor-tab-content-1142\" aria-expanded=\"false\">Chapitre 11<\/div>\n\t\t\t\t\t<div id=\"elementor-tab-content-1142\" class=\"elementor-tab-content elementor-clearfix\" data-tab=\"2\" role=\"tabpanel\" aria-labelledby=\"elementor-tab-title-1142\" tabindex=\"0\" hidden=\"hidden\"><p>1Toute la terre avait une seule langue et un seul parler. 2Comme les gens venaient de l&#039;orient, ils trouv\u00e8rent une plaine dans le pays de Schinear et s&#039;y \u00e9tablirent. 3Ils se dirent l&#039;un \u00e0 l&#039;autre : \u00ab Venez, faisons des briques et cuisons-les ! \u00bb Ils utilis\u00e8rent des briques au lieu de pierres et du bitume au lieu de mortier. 4Alors ils dirent : \u00ab Venez, b\u00e2tissons-nous une ville et une tour dont le sommet soit dans le ciel, afin que nous nous fassions un nom et que nous ne soyons pas dispers\u00e9s sur toute la surface de la terre. \u00bb 5Mais l&#039;\u00c9ternel descendit pour voir la ville et la tour que le peuple b\u00e2tissait. 6L&#039;\u00c9ternel dit : \u00ab Ils sont un seul peuple et parlent tous une seule langue. Ce n&#039;est que le commencement de ce qu&#039;ils vont faire ; d\u00e9sormais rien ne les emp\u00eachera. 7Venez, descendons et confondons leur langue, afin qu&#039;ils ne se comprennent plus. \u00bb 8L&#039;\u00c9ternel les dispersa de l\u00e0 sur toute la surface de la terre, et ils cess\u00e8rent de b\u00e2tir la ville. 9C&#039;est pourquoi on l&#039;appela Babel, car c&#039;est l\u00e0 que l&#039;\u00c9ternel confondit le langage de toute la terre. De l\u00e0, l&#039;\u00c9ternel les dispersa sur toute la surface de la terre. 10Voici la post\u00e9rit\u00e9 de Sem. Deux ans apr\u00e8s le d\u00e9luge, Sem fut \u00e2g\u00e9 de cent ans et engendra Arpacshad. 11Apr\u00e8s la naissance d&#039;Arpacshad, Sem v\u00e9cut cinq cents ans et engendra des fils et des filles. 12Arpacshad, \u00e2g\u00e9 de trente-cinq ans, engendra Sh\u00e9la. 13Arpacshad, \u00e2g\u00e9 de quatre cent trois ans et engendra des fils et des filles. 14Sh\u00e9la, \u00e2g\u00e9 de trente ans, engendra \u00c9ber. 15Sh\u00e9la, \u00e2g\u00e9 de quatre cent trois ans et engendra des fils et des filles. 16\u00c9ber, \u00e2g\u00e9 de trente-quatre ans, engendra P\u00e9leg. 17Apr\u00e8s avoir engendr\u00e9 P\u00e9leg, \u00c9ber v\u00e9cut quatre cent trente ans et engendra des fils et des filles. 18P\u00e9leg, \u00e2g\u00e9 de trente ans, engendra R\u00e9ou. 19P\u00e9leg, \u00e2g\u00e9 de deux cent neuf ans et engendra des fils et des filles. 20R\u00e9ou, \u00e2g\u00e9 de trente-deux ans, engendra Seroug. 21Apr\u00e8s avoir engendr\u00e9 Seroug, Reou v\u00e9cut deux cent sept ans et engendra des fils et des filles. 22S\u00e9roug, \u00e2g\u00e9 de trente ans, engendra Nachor. 23Apr\u00e8s avoir engendr\u00e9 Nachor, Seroug v\u00e9cut deux cents ans et engendra des fils et des filles. 24Nachor, \u00e2g\u00e9 de vingt-neuf ans, engendra T\u00e9rah. 25Apr\u00e8s avoir engendr\u00e9 T\u00e9rah, Nachor v\u00e9cut cent dix-neuf ans et engendra des fils et des filles. 26 T\u00e9rah, \u00e2g\u00e9 de soixante-dix ans, engendra Abram, Nachor et Haran. 27 Voici la g\u00e9n\u00e9alogie de T\u00e9rah : T\u00e9rah engendra Abram, Nachor et Haran. Haran engendra Lot. 28 Haran mourut du vivant de T\u00e9rah, son p\u00e8re, dans son pays natal, \u00e0 Ur en Chald\u00e9e. 29 Abram et Nachor s&#039;unirent. Le nom de la femme d&#039;Abram \u00e9tait Sara\u00ef, et le nom de la femme de Nachor \u00e9tait Milka, fille d&#039;Haran, p\u00e8re de Milka et de Jischa. 30 Sara\u00ef \u00e9tait st\u00e9rile et n&#039;avait pas d&#039;enfants. 31 T\u00e9rah prit son fils Abram, son petit-fils Lot, fils d&#039;Haran, et Sara\u00ef, sa belle-fille, femme d&#039;Abram, son fils, et ils partirent d&#039;Ur en Chald\u00e9e pour le pays de Canaan. Ils arriv\u00e8rent \u00e0 Haran et s&#039;y \u00e9tablirent. 32Tous les jours de T\u00e9rach furent de deux cent cinq ans. Puis T\u00e9rach mourut \u00e0 Charan.<\/p><\/div>\n\t\t\t\t\t\t\t<\/div>\n\t\t<\/div>\n\t\t\t\t\t\t<\/div>\n\t\t\t\t<\/div>\n\t\t\t\t\t<\/div>\n\t\t\t\t<\/div>\n\t\t<div class=\"has_eae_slider elementor-element elementor-element-6c9b8dd e-flex e-con-boxed e-con e-parent\" data-eae-slider=\"57624\" data-id=\"6c9b8dd\" data-element_type=\"container\">\n\t\t\t\t\t<div class=\"e-con-inner\">\n\t\t<div class=\"has_eae_slider elementor-element elementor-element-fd1c260 e-con-full e-flex e-con e-child\" data-eae-slider=\"25162\" data-id=\"fd1c260\" data-element_type=\"container\">\n\t\t\t\t<div class=\"elementor-element elementor-element-a2bc893 elementor-widget elementor-widget-video\" data-id=\"a2bc893\" data-element_type=\"widget\" data-settings=\"{&quot;youtube_url&quot;:&quot;https:\\\/\\\/youtu.be\\\/62on98YtZDs&quot;,&quot;video_type&quot;:&quot;youtube&quot;,&quot;controls&quot;:&quot;yes&quot;}\" data-widget_type=\"video.default\">\n\t\t\t\t<div class=\"elementor-widget-container\">\n\t\t\t\t\t\t\t<div class=\"elementor-wrapper elementor-open-inline\">\n\t\t\t<div class=\"elementor-video\"><\/div>\t\t<\/div>\n\t\t\t\t\t\t<\/div>\n\t\t\t\t<\/div>\n\t\t\t\t<\/div>\n\t\t<div class=\"has_eae_slider elementor-element elementor-element-9604c1c e-con-full e-flex e-con e-child\" data-eae-slider=\"99128\" data-id=\"9604c1c\" data-element_type=\"container\">\n\t\t\t\t<div class=\"elementor-element elementor-element-46ce8d6 elementor-widget elementor-widget-video\" data-id=\"46ce8d6\" data-element_type=\"widget\" data-settings=\"{&quot;youtube_url&quot;:&quot;https:\\\/\\\/youtu.be\\\/Lt9GgN2KW8c&quot;,&quot;video_type&quot;:&quot;youtube&quot;,&quot;controls&quot;:&quot;yes&quot;}\" data-widget_type=\"video.default\">\n\t\t\t\t<div class=\"elementor-widget-container\">\n\t\t\t\t\t\t\t<div class=\"elementor-wrapper elementor-open-inline\">\n\t\t\t<div class=\"elementor-video\"><\/div>\t\t<\/div>\n\t\t\t\t\t\t<\/div>\n\t\t\t\t<\/div>\n\t\t\t\t<\/div>\n\t\t<div class=\"has_eae_slider elementor-element elementor-element-daf0d7a e-con-full e-flex e-con e-child\" data-eae-slider=\"36543\" data-id=\"daf0d7a\" data-element_type=\"container\">\n\t\t\t\t<div class=\"elementor-element elementor-element-b1150e1 elementor-widget elementor-widget-video\" data-id=\"b1150e1\" data-element_type=\"widget\" data-settings=\"{&quot;youtube_url&quot;:&quot;https:\\\/\\\/youtu.be\\\/UfIyXzB7x00&quot;,&quot;video_type&quot;:&quot;youtube&quot;,&quot;controls&quot;:&quot;yes&quot;}\" data-widget_type=\"video.default\">\n\t\t\t\t<div class=\"elementor-widget-container\">\n\t\t\t\t\t\t\t<div class=\"elementor-wrapper elementor-open-inline\">\n\t\t\t<div class=\"elementor-video\"><\/div>\t\t<\/div>\n\t\t\t\t\t\t<\/div>\n\t\t\t\t<\/div>\n\t\t\t\t<\/div>\n\t\t\t\t\t<\/div>\n\t\t\t\t<\/div>\n\t\t\t\t<\/div>","protected":false},"excerpt":{"rendered":"<p>Zrod n\u00e1rodov &#8211; Patriarchovia 1. kniha Moj\u017ei\u0161ova 10. kapitola 11. kapitola 10. kapitola 1Toto je rodokme\u0148 Noachov\u00fdch synov, \u0160\u00e9ma, Ch\u00e1ma a Jefeta. Po potope sa im narodili synovia. 2Jefetovi synovia s\u00fa: Gomer, Mag\u00f3g, Madaj, Jav\u00e1n, Tubal, Me\u0161ech a Tir\u00e1s. 3Gomerovi synovia s\u00fa: A\u0161kenaz, Rifat a Togarma. 4Jav\u00e1novi synovia s\u00fa: Eli\u0161a, Tar\u0161\u00ed\u0161, Kitt\u00edm a Rodan\u00edm. 5Z [&hellip;]<\/p>","protected":false},"author":1,"featured_media":0,"parent":0,"menu_order":0,"comment_status":"closed","ping_status":"closed","template":"","meta":{"site-sidebar-layout":"no-sidebar","site-content-layout":"page-builder","ast-site-content-layout":"full-width-container","site-content-style":"unboxed","site-sidebar-style":"unboxed","ast-global-header-display":"","ast-banner-title-visibility":"","ast-main-header-display":"","ast-hfb-above-header-display":"","ast-hfb-below-header-display":"","ast-hfb-mobile-header-display":"","site-post-title":"disabled","ast-breadcrumbs-content":"","ast-featured-img":"disabled","footer-sml-layout":"","theme-transparent-header-meta":"enabled","adv-header-id-meta":"","stick-header-meta":"","header-above-stick-meta":"","header-main-stick-meta":"","header-below-stick-meta":"","astra-migrate-meta-layouts":"set","ast-page-background-enabled":"default","ast-page-background-meta":{"desktop":{"background-color":"var(--ast-global-color-4)","background-image":"","background-repeat":"repeat","background-position":"center center","background-size":"auto","background-attachment":"scroll","background-type":"","background-media":"","overlay-type":"","overlay-color":"","overlay-opacity":"","overlay-gradient":""},"tablet":{"background-color":"","background-image":"","background-repeat":"repeat","background-position":"center center","background-size":"auto","background-attachment":"scroll","background-type":"","background-media":"","overlay-type":"","overlay-color":"","overlay-opacity":"","overlay-gradient":""},"mobile":{"background-color":"","background-image":"","background-repeat":"repeat","background-position":"center center","background-size":"auto","background-attachment":"scroll","background-type":"","background-media":"","overlay-type":"","overlay-color":"","overlay-opacity":"","overlay-gradient":""}},"ast-content-background-meta":{"desktop":{"background-color":"var(--ast-global-color-5)","background-image":"","background-repeat":"repeat","background-position":"center center","background-size":"auto","background-attachment":"scroll","background-type":"","background-media":"","overlay-type":"","overlay-color":"","overlay-opacity":"","overlay-gradient":""},"tablet":{"background-color":"var(--ast-global-color-5)","background-image":"","background-repeat":"repeat","background-position":"center center","background-size":"auto","background-attachment":"scroll","background-type":"","background-media":"","overlay-type":"","overlay-color":"","overlay-opacity":"","overlay-gradient":""},"mobile":{"background-color":"var(--ast-global-color-5)","background-image":"","background-repeat":"repeat","background-position":"center center","background-size":"auto","background-attachment":"scroll","background-type":"","background-media":"","overlay-type":"","overlay-color":"","overlay-opacity":"","overlay-gradient":""}},"footnotes":""},"class_list":["post-1725","page","type-page","status-publish","hentry"],"_links":{"self":[{"href":"http:\/\/acodalej.sk\/fr\/wp-json\/wp\/v2\/pages\/1725","targetHints":{"allow":["GET"]}}],"collection":[{"href":"http:\/\/acodalej.sk\/fr\/wp-json\/wp\/v2\/pages"}],"about":[{"href":"http:\/\/acodalej.sk\/fr\/wp-json\/wp\/v2\/types\/page"}],"author":[{"embeddable":true,"href":"http:\/\/acodalej.sk\/fr\/wp-json\/wp\/v2\/users\/1"}],"replies":[{"embeddable":true,"href":"http:\/\/acodalej.sk\/fr\/wp-json\/wp\/v2\/comments?post=1725"}],"version-history":[{"count":0,"href":"http:\/\/acodalej.sk\/fr\/wp-json\/wp\/v2\/pages\/1725\/revisions"}],"wp:attachment":[{"href":"http:\/\/acodalej.sk\/fr\/wp-json\/wp\/v2\/media?parent=1725"}],"curies":[{"name":"wp","href":"https:\/\/api.w.org\/{rel}","templated":true}]}}