{"id":1894,"date":"2024-01-02T15:47:47","date_gmt":"2024-01-02T15:47:47","guid":{"rendered":"http:\/\/acodalej.sk\/?page_id=1894"},"modified":"2024-09-15T19:03:48","modified_gmt":"2024-09-15T19:03:48","slug":"cirkev-zhromazdenie-ludi-k-uctievaniu-boha","status":"publish","type":"page","link":"http:\/\/acodalej.sk\/fr\/cirkev-zhromazdenie-ludi-k-uctievaniu-boha\/","title":{"rendered":"\u00c9glise \u2013 un rassemblement de personnes pour adorer Dieu"},"content":{"rendered":"<div data-elementor-type=\"wp-page\" data-elementor-id=\"1894\" class=\"elementor elementor-1894\">\n\t\t\t\t<div class=\"has_eae_slider elementor-element elementor-element-d49b236 e-flex e-con-boxed e-con e-parent\" data-eae-slider=\"51449\" data-id=\"d49b236\" data-element_type=\"container\" data-settings=\"{&quot;background_background&quot;:&quot;classic&quot;}\">\n\t\t\t\t\t<div class=\"e-con-inner\">\n\t\t<div class=\"has_eae_slider elementor-element elementor-element-7947532 e-con-full e-flex e-con e-child\" data-eae-slider=\"21689\" data-id=\"7947532\" data-element_type=\"container\">\n\t\t\t\t<div class=\"elementor-element elementor-element-f0bb6a4 elementor-widget elementor-widget-heading\" data-id=\"f0bb6a4\" data-element_type=\"widget\" data-widget_type=\"heading.default\">\n\t\t\t\t<div class=\"elementor-widget-container\">\n\t\t\t\t\t<h1 class=\"elementor-heading-title elementor-size-default\">\n\u00c9glise \u2013 un rassemblement de personnes pour adorer Dieu\n<\/h1>\t\t\t\t<\/div>\n\t\t\t\t<\/div>\n\t\t\t\t<\/div>\n\t\t\t\t\t<\/div>\n\t\t\t\t<\/div>\n\t\t<div class=\"has_eae_slider elementor-element elementor-element-c14fe6c e-flex e-con-boxed e-con e-parent\" data-eae-slider=\"572\" data-id=\"c14fe6c\" data-element_type=\"container\">\n\t\t\t\t\t<div class=\"e-con-inner\">\n\t\t<div class=\"has_eae_slider elementor-element elementor-element-828dc19 e-con-full e-flex e-con e-child\" data-eae-slider=\"68942\" data-id=\"828dc19\" data-element_type=\"container\">\n\t\t\t\t<div class=\"elementor-element elementor-element-ea85d9a elementor-widget elementor-widget-text-editor\" data-id=\"ea85d9a\" data-element_type=\"widget\" data-widget_type=\"text-editor.default\">\n\t\t\t\t<div class=\"elementor-widget-container\">\n\t\t\t\t\t\t\t\t\t<p>Les \u00e9v\u00e9nements qui ont suivi la r\u00e9surrection du Seigneur J\u00e9sus sont relat\u00e9s dans le livre des Actes. <b>Actes des Ap\u00f4tres<\/b>Il s&#039;agit d&#039;une description d&#039;\u00e9v\u00e9nements que Dieu a annonc\u00e9s aux proph\u00e8tes des si\u00e8cles \u00e0 l&#039;avance. Les livres d\u00e9crivant les \u00e9v\u00e9nements qui ont accompli les pr\u00e9dictions des proph\u00e8tes sont compl\u00e9t\u00e9s par des livres expliquant la loi et l&#039;histoire de Dieu pour ceux qui croient que J\u00e9sus de Nazareth est Dieu, v\u00e9ritable homme et Sauveur du monde. Ces livres sont compl\u00e9t\u00e9s par d&#039;autres proph\u00e9ties concernant l&#039;avenir, avec une description de la fin du monde pr\u00e9sent et une description du monde \u00e0 venir.<\/p>\t\t\t\t\t\t\t\t<\/div>\n\t\t\t\t<\/div>\n\t\t\t\t<\/div>\n\t\t<div class=\"has_eae_slider elementor-element elementor-element-e4b78c1 e-con-full e-flex e-con e-child\" data-eae-slider=\"69501\" data-id=\"e4b78c1\" data-element_type=\"container\">\n\t\t\t\t<div class=\"elementor-element elementor-element-e35b020 elementor-widget elementor-widget-image\" data-id=\"e35b020\" data-element_type=\"widget\" data-widget_type=\"image.default\">\n\t\t\t\t<div class=\"elementor-widget-container\">\n\t\t\t\t\t\t\t\t\t\t\t\t<figure class=\"wp-caption\">\n\t\t\t\t\t\t\t\t\t\t\t<a href=\"https:\/\/www.bible.com\/bible\/465\/ACT.1.SEB\" target=\"_blank\">\n\t\t\t\t\t\t\t<img fetchpriority=\"high\" decoding=\"async\" width=\"300\" height=\"300\" src=\"http:\/\/acodalej.sk\/wp-content\/uploads\/2024\/01\/biblia-300x300.jpg\" class=\"attachment-medium size-medium wp-image-1897\" alt=\"\" srcset=\"http:\/\/acodalej.sk\/wp-content\/uploads\/2024\/01\/biblia-300x300.jpg 300w, http:\/\/acodalej.sk\/wp-content\/uploads\/2024\/01\/biblia-1024x1022.jpg 1024w, http:\/\/acodalej.sk\/wp-content\/uploads\/2024\/01\/biblia-150x150.jpg 150w, http:\/\/acodalej.sk\/wp-content\/uploads\/2024\/01\/biblia-768x767.jpg 768w, http:\/\/acodalej.sk\/wp-content\/uploads\/2024\/01\/biblia.jpg 1200w\" sizes=\"(max-width: 300px) 100vw, 300px\" \/>\t\t\t\t\t\t\t\t<\/a>\n\t\t\t\t\t\t\t\t\t\t\t<figcaption class=\"widget-image-caption wp-caption-text\">Actes des Ap\u00f4tres<\/figcaption>\n\t\t\t\t\t\t\t\t\t\t<\/figure>\n\t\t\t\t\t\t\t\t\t<\/div>\n\t\t\t\t<\/div>\n\t\t\t\t<\/div>\n\t\t\t\t\t<\/div>\n\t\t\t\t<\/div>\n\t\t<div class=\"has_eae_slider elementor-element elementor-element-5bc2b0d e-flex e-con-boxed e-con e-parent\" data-eae-slider=\"89703\" data-id=\"5bc2b0d\" data-element_type=\"container\">\n\t\t\t\t\t<div class=\"e-con-inner\">\n\t\t<div class=\"has_eae_slider elementor-element elementor-element-2adc5bf e-con-full e-flex e-con e-child\" data-eae-slider=\"53782\" data-id=\"2adc5bf\" data-element_type=\"container\">\n\t\t\t\t<div class=\"elementor-element elementor-element-472f987 elementor-widget elementor-widget-text-editor\" data-id=\"472f987\" data-element_type=\"widget\" data-widget_type=\"text-editor.default\">\n\t\t\t\t<div class=\"elementor-widget-container\">\n\t\t\t\t\t\t\t\t\t<p>Il convient tout d&#039;abord de mentionner que Dieu a appel\u00e9 Abraham et ses descendants, dont il a fait la nation d&#039;Isra\u00ebl. Avant Abraham, il y avait d\u00e9j\u00e0 des gens qui croyaient au Cr\u00e9ateur du ciel et de la terre, \u00e0 qui Dieu parlait par son Esprit. Tous ces gens ont entretenu une relation avec Dieu, puis une relation avec les autres, o\u00f9 ils partageaient librement leur foi en Dieu, l&#039;adoraient ensemble et s&#039;encourageaient mutuellement \u00e0 faire la volont\u00e9 de Dieu. Ils ont ensuite nou\u00e9 des relations avec des personnes d&#039;autres confessions qui adh\u00e8rent \u00e0 leurs croyances. Le rassemblement de personnes anim\u00e9es par le d\u00e9sir profond de Dieu de l&#039;adorer ensemble, de parler de Dieu et de ses plans est appel\u00e9 en grec \u1f10\u03ba\u03ba\u03bb\u03b5\u03b9\u03c3\u1fd0\u0301\u1fb1 (ekkleis\u00ed\u0101) et en h\u00e9breu \u05e7\u05d4\u05dc\u201d (qahal), dans notre langue une \u00e9glise ou un rassemblement de personnes appel\u00e9es par Dieu.<\/p>\t\t\t\t\t\t\t\t<\/div>\n\t\t\t\t<\/div>\n\t\t\t\t<\/div>\n\t\t<div class=\"has_eae_slider elementor-element elementor-element-9474f97 e-con-full e-flex e-con e-child\" data-eae-slider=\"53747\" data-id=\"9474f97\" data-element_type=\"container\">\n\t\t\t\t<div class=\"elementor-element elementor-element-e2ccfd7 elementor-widget elementor-widget-image\" data-id=\"e2ccfd7\" data-element_type=\"widget\" data-widget_type=\"image.default\">\n\t\t\t\t<div class=\"elementor-widget-container\">\n\t\t\t\t\t\t\t\t\t\t\t\t\t\t\t<img decoding=\"async\" width=\"750\" height=\"422\" src=\"http:\/\/acodalej.sk\/wp-content\/uploads\/2024\/01\/eklesia.jpg\" class=\"attachment-large size-large wp-image-1898\" alt=\"\" srcset=\"http:\/\/acodalej.sk\/wp-content\/uploads\/2024\/01\/eklesia.jpg 750w, http:\/\/acodalej.sk\/wp-content\/uploads\/2024\/01\/eklesia-300x169.jpg 300w\" sizes=\"(max-width: 750px) 100vw, 750px\" \/>\t\t\t\t\t\t\t\t\t\t\t\t\t\t\t<\/div>\n\t\t\t\t<\/div>\n\t\t\t\t<\/div>\n\t\t\t\t\t<\/div>\n\t\t\t\t<\/div>\n\t\t<div class=\"has_eae_slider elementor-element elementor-element-9ec74ff e-flex e-con-boxed e-con e-parent\" data-eae-slider=\"46202\" data-id=\"9ec74ff\" data-element_type=\"container\">\n\t\t\t\t\t<div class=\"e-con-inner\">\n\t\t<div class=\"has_eae_slider elementor-element elementor-element-4c079d6 e-con-full e-flex e-con e-child\" data-eae-slider=\"3974\" data-id=\"4c079d6\" data-element_type=\"container\">\n\t\t\t\t<div class=\"elementor-element elementor-element-ec79f21 elementor-widget elementor-widget-image\" data-id=\"ec79f21\" data-element_type=\"widget\" data-widget_type=\"image.default\">\n\t\t\t\t<div class=\"elementor-widget-container\">\n\t\t\t\t\t\t\t\t\t\t\t\t\t\t\t<img decoding=\"async\" width=\"626\" height=\"360\" src=\"http:\/\/acodalej.sk\/wp-content\/uploads\/2023\/11\/sucastnost.jpg\" class=\"attachment-large size-large wp-image-1468\" alt=\"\" srcset=\"http:\/\/acodalej.sk\/wp-content\/uploads\/2023\/11\/sucastnost.jpg 626w, http:\/\/acodalej.sk\/wp-content\/uploads\/2023\/11\/sucastnost-300x173.jpg 300w\" sizes=\"(max-width: 626px) 100vw, 626px\" \/>\t\t\t\t\t\t\t\t\t\t\t\t\t\t\t<\/div>\n\t\t\t\t<\/div>\n\t\t\t\t<\/div>\n\t\t<div class=\"has_eae_slider elementor-element elementor-element-d2a60e5 e-con-full e-flex e-con e-child\" data-eae-slider=\"19935\" data-id=\"d2a60e5\" data-element_type=\"container\">\n\t\t\t\t<div class=\"elementor-element elementor-element-c84e39c elementor-widget elementor-widget-text-editor\" data-id=\"c84e39c\" data-element_type=\"widget\" data-widget_type=\"text-editor.default\">\n\t\t\t\t<div class=\"elementor-widget-container\">\n\t\t\t\t\t\t\t\t\t<p>Il peut s&#039;agir d&#039;une r\u00e9union de deux personnes ou de millions de personnes r\u00e9unies en un m\u00eame lieu. Les formes ext\u00e9rieures, comme un b\u00e2timent, des objets, etc., ne sont pas essentielles, mais l&#039;\u00e9tat de vie et le c\u0153ur des personnes qui se rassemblent pour invoquer Dieu sont importants. Il y a m\u00eame des objets dans le lieu d&#039;invocation qui offensent Dieu. La Bible d\u00e9crit comment des personnes se sont tourn\u00e9es vers Dieu dans un pr\u00e9, une for\u00eat, une colline, une tente ou un b\u00e2timent, l\u00e0 o\u00f9 il n&#039;y avait aucun objet. Dieu n&#039;habite pas dans des temples construits de main d&#039;homme, mais dans un lieu o\u00f9 des personnes humbles l&#039;invoquent. Le mot \u00ab\u00a0\u00e9glise\u00a0\u00bb \u2013 un rassemblement de personnes pour adorer Dieu \u2013 est le th\u00e8me principal de la description des \u00e9v\u00e9nements apr\u00e8s le d\u00e9part de J\u00e9sus-Christ. L&#039;\u00e9glise est appel\u00e9e un grenier, o\u00f9 l&#039;on engrange les r\u00e9coltes de la terre, et aussi la maison de Dieu, o\u00f9 des personnes de toutes les nations du monde se tournent vers Dieu. L&#039;\u00e9glise est appel\u00e9e une \u00e9pouse pr\u00e9par\u00e9e pour l&#039;\u00e9poux \u2013 Dieu J\u00e9sus.<\/p>\t\t\t\t\t\t\t\t<\/div>\n\t\t\t\t<\/div>\n\t\t\t\t<\/div>\n\t\t\t\t\t<\/div>\n\t\t\t\t<\/div>\n\t\t<div class=\"has_eae_slider elementor-element elementor-element-754ac35 e-flex e-con-boxed e-con e-parent\" data-eae-slider=\"9171\" data-id=\"754ac35\" data-element_type=\"container\">\n\t\t\t\t\t<div class=\"e-con-inner\">\n\t\t<div class=\"has_eae_slider elementor-element elementor-element-d75b744 e-con-full e-flex e-con e-child\" data-eae-slider=\"83878\" data-id=\"d75b744\" data-element_type=\"container\">\n\t\t\t\t<div class=\"elementor-element elementor-element-9ced05d elementor-widget elementor-widget-text-editor\" data-id=\"9ced05d\" data-element_type=\"widget\" data-widget_type=\"text-editor.default\">\n\t\t\t\t<div class=\"elementor-widget-container\">\n\t\t\t\t\t\t\t\t\t<p>Jusqu&#039;\u00e0 la venue de J\u00e9sus-Christ, ce terme d\u00e9signait la nation d&#039;Isra\u00ebl. Depuis la r\u00e9surrection de J\u00e9sus-Christ, le peuple de Dieu s&#039;est rassembl\u00e9 pour toutes les nations du monde. Apr\u00e8s le D\u00e9luge et les \u00e9v\u00e9nements de No\u00e9, les nations se sont d\u00e9tourn\u00e9es de Dieu et ont ador\u00e9 d&#039;autres dieux, pr\u00e9tendus \u00eatre des anges d\u00e9chus de Dieu. Elles ont impos\u00e9 aux hommes des r\u00e8gles de vie contraires \u00e0 celles du Cr\u00e9ateur. Les r\u00e8gles du Cr\u00e9ateur m\u00e8nent les hommes \u00e0 la vie, tandis que les r\u00e8gles d&#039;autres sources les m\u00e8nent \u00e0 la mort. Respecter les r\u00e8gles du Cr\u00e9ateur s&#039;appelle pi\u00e9t\u00e9, respect et amour pour le Cr\u00e9ateur. Respecter des r\u00e8gles contraires \u00e0 celles de Dieu s&#039;appelle idol\u00e2trie, ou servir des dieux \u00e9trangers. Dieu ouvre la porte aux peuples de toutes les nations du monde pour qu&#039;ils abandonnent les traditions de leurs anc\u00eatres fond\u00e9es sur le culte du mal et s&#039;engagent sur un nouveau chemin de vie, selon les r\u00e8gles du Cr\u00e9ateur du ciel, de la terre et de la vie. Dieu a annonc\u00e9 cette possibilit\u00e9 \u00e0 l&#039;avance par les proph\u00e8tes. Il a annonc\u00e9 qu&#039;il r\u00e9pandrait son Esprit sur tous ceux qui se tourneraient vers lui.<\/p>\t\t\t\t\t\t\t\t<\/div>\n\t\t\t\t<\/div>\n\t\t\t\t<\/div>\n\t\t<div class=\"has_eae_slider elementor-element elementor-element-8360777 e-con-full e-flex e-con e-child\" data-eae-slider=\"86710\" data-id=\"8360777\" data-element_type=\"container\">\n\t\t\t\t<div class=\"elementor-element elementor-element-6e10afe elementor-widget elementor-widget-image\" data-id=\"6e10afe\" data-element_type=\"widget\" data-widget_type=\"image.default\">\n\t\t\t\t<div class=\"elementor-widget-container\">\n\t\t\t\t\t\t\t\t\t\t\t\t\t\t\t<img loading=\"lazy\" decoding=\"async\" width=\"1024\" height=\"585\" src=\"http:\/\/acodalej.sk\/wp-content\/uploads\/2023\/11\/glory-god-1024x585.jpg\" class=\"attachment-large size-large wp-image-1563\" alt=\"\" srcset=\"http:\/\/acodalej.sk\/wp-content\/uploads\/2023\/11\/glory-god-1024x585.jpg 1024w, http:\/\/acodalej.sk\/wp-content\/uploads\/2023\/11\/glory-god-300x171.jpg 300w, http:\/\/acodalej.sk\/wp-content\/uploads\/2023\/11\/glory-god-768x439.jpg 768w, http:\/\/acodalej.sk\/wp-content\/uploads\/2023\/11\/glory-god-1536x878.jpg 1536w, http:\/\/acodalej.sk\/wp-content\/uploads\/2023\/11\/glory-god.jpg 1792w\" sizes=\"(max-width: 1024px) 100vw, 1024px\" \/>\t\t\t\t\t\t\t\t\t\t\t\t\t\t\t<\/div>\n\t\t\t\t<\/div>\n\t\t\t\t<\/div>\n\t\t\t\t\t<\/div>\n\t\t\t\t<\/div>\n\t\t<div class=\"has_eae_slider elementor-element elementor-element-025fd4a e-flex e-con-boxed e-con e-parent\" data-eae-slider=\"17613\" data-id=\"025fd4a\" data-element_type=\"container\">\n\t\t\t\t\t<div class=\"e-con-inner\">\n\t\t\t\t<div class=\"elementor-element elementor-element-19c8656 elementor-widget elementor-widget-text-editor\" data-id=\"19c8656\" data-element_type=\"widget\" data-widget_type=\"text-editor.default\">\n\t\t\t\t<div class=\"elementor-widget-container\">\n\t\t\t\t\t\t\t\t\t<p><b>Proph\u00e9tie de Jo\u00ebl 3 :<\/b><br \/><i> 1 Alors je r\u00e9pandrai mon Esprit sur toute chair. Vos fils et vos filles proph\u00e9tiseront. Vos vieillards auront des songes et vos jeunes gens des visions. 2 Et sur les esclaves, hommes et femmes, je r\u00e9pandrai mon Esprit en ces jours-l\u00e0. 3 Je ferai para\u00eetre des signes dans le ciel et sur la terre : du sang, du feu et des colonnes de fum\u00e9e. 4 Le soleil se changera en t\u00e9n\u00e8bres et la lune en sang, avant que vienne le jour grand et redoutable de l&#039;\u00c9ternel. 5 Quiconque invoquera son nom sera sauv\u00e9, car sur le mont Sion et \u00e0 J\u00e9rusalem il y aura la d\u00e9livrance, comme l&#039;a promis l&#039;\u00c9ternel. Parmi les rachet\u00e9s se trouveront ceux que l&#039;\u00c9ternel appellera.<\/i><\/p>\t\t\t\t\t\t\t\t<\/div>\n\t\t\t\t<\/div>\n\t\t\t\t\t<\/div>\n\t\t\t\t<\/div>\n\t\t<div class=\"has_eae_slider elementor-element elementor-element-3e6c19d e-flex e-con-boxed e-con e-parent\" data-eae-slider=\"37115\" data-id=\"3e6c19d\" data-element_type=\"container\">\n\t\t\t\t\t<div class=\"e-con-inner\">\n\t\t<div class=\"has_eae_slider elementor-element elementor-element-8a7ed96 e-con-full e-flex e-con e-child\" data-eae-slider=\"19267\" data-id=\"8a7ed96\" data-element_type=\"container\">\n\t\t\t\t<div class=\"elementor-element elementor-element-1148caf elementor-widget elementor-widget-video\" data-id=\"1148caf\" data-element_type=\"widget\" data-settings=\"{&quot;youtube_url&quot;:&quot;https:\\\/\\\/youtu.be\\\/v2qG-UNa5Xk&quot;,&quot;video_type&quot;:&quot;youtube&quot;,&quot;controls&quot;:&quot;yes&quot;}\" data-widget_type=\"video.default\">\n\t\t\t\t<div class=\"elementor-widget-container\">\n\t\t\t\t\t\t\t<div class=\"elementor-wrapper elementor-open-inline\">\n\t\t\t<div class=\"elementor-video\"><\/div>\t\t<\/div>\n\t\t\t\t\t\t<\/div>\n\t\t\t\t<\/div>\n\t\t\t\t<\/div>\n\t\t<div class=\"has_eae_slider elementor-element elementor-element-37108b5 e-con-full e-flex e-con e-child\" data-eae-slider=\"42788\" data-id=\"37108b5\" data-element_type=\"container\">\n\t\t\t\t<div class=\"elementor-element elementor-element-8478ced elementor-widget elementor-widget-video\" data-id=\"8478ced\" data-element_type=\"widget\" data-settings=\"{&quot;youtube_url&quot;:&quot;https:\\\/\\\/youtu.be\\\/I1TxPh1muH8&quot;,&quot;video_type&quot;:&quot;youtube&quot;,&quot;controls&quot;:&quot;yes&quot;}\" data-widget_type=\"video.default\">\n\t\t\t\t<div class=\"elementor-widget-container\">\n\t\t\t\t\t\t\t<div class=\"elementor-wrapper elementor-open-inline\">\n\t\t\t<div class=\"elementor-video\"><\/div>\t\t<\/div>\n\t\t\t\t\t\t<\/div>\n\t\t\t\t<\/div>\n\t\t\t\t<\/div>\n\t\t\t\t\t<\/div>\n\t\t\t\t<\/div>\n\t\t\t\t<\/div>","protected":false},"excerpt":{"rendered":"<p>Cirkev \u2013 zhroma\u017edenie \u013eud\u00ed k uctievaniu Boha Udalosti po vzkriesen\u00ed P\u00e1na Je\u017ei\u0161a s\u00fa zaznamenan\u00e9 v knihe Skutky apo\u0161tolov. Ide o popis udalost\u00ed, ktor\u00e9 Boh dopredu ozn\u00e1mil prorokom st\u00e1ro\u010dia vopred. Knihy popisuj\u00face udalosti, ktor\u00fdmi sa naplnili predpovede prorokov s\u00fa doplnen\u00e9 knihami s v\u00fdkladom Bo\u017eieho z\u00e1kona a hist\u00f3rie pre \u013eud\u00ed, ktor\u00ed veria, \u017ee Je\u017ei\u0161 Nazaretsk\u00fd je Boh, [&hellip;]<\/p>","protected":false},"author":1,"featured_media":0,"parent":0,"menu_order":0,"comment_status":"closed","ping_status":"closed","template":"","meta":{"site-sidebar-layout":"no-sidebar","site-content-layout":"page-builder","ast-site-content-layout":"full-width-container","site-content-style":"default","site-sidebar-style":"default","ast-global-header-display":"","ast-banner-title-visibility":"disabled","ast-main-header-display":"","ast-hfb-above-header-display":"","ast-hfb-below-header-display":"","ast-hfb-mobile-header-display":"","site-post-title":"disabled","ast-breadcrumbs-content":"disabled","ast-featured-img":"disabled","footer-sml-layout":"disabled","theme-transparent-header-meta":"enabled","adv-header-id-meta":"","stick-header-meta":"","header-above-stick-meta":"","header-main-stick-meta":"","header-below-stick-meta":"","astra-migrate-meta-layouts":"set","ast-page-background-enabled":"default","ast-page-background-meta":{"desktop":{"background-color":"var(--ast-global-color-4)","background-image":"","background-repeat":"repeat","background-position":"center center","background-size":"auto","background-attachment":"scroll","background-type":"","background-media":"","overlay-type":"","overlay-color":"","overlay-opacity":"","overlay-gradient":""},"tablet":{"background-color":"","background-image":"","background-repeat":"repeat","background-position":"center center","background-size":"auto","background-attachment":"scroll","background-type":"","background-media":"","overlay-type":"","overlay-color":"","overlay-opacity":"","overlay-gradient":""},"mobile":{"background-color":"","background-image":"","background-repeat":"repeat","background-position":"center center","background-size":"auto","background-attachment":"scroll","background-type":"","background-media":"","overlay-type":"","overlay-color":"","overlay-opacity":"","overlay-gradient":""}},"ast-content-background-meta":{"desktop":{"background-color":"var(--ast-global-color-5)","background-image":"","background-repeat":"repeat","background-position":"center center","background-size":"auto","background-attachment":"scroll","background-type":"","background-media":"","overlay-type":"","overlay-color":"","overlay-opacity":"","overlay-gradient":""},"tablet":{"background-color":"var(--ast-global-color-5)","background-image":"","background-repeat":"repeat","background-position":"center center","background-size":"auto","background-attachment":"scroll","background-type":"","background-media":"","overlay-type":"","overlay-color":"","overlay-opacity":"","overlay-gradient":""},"mobile":{"background-color":"var(--ast-global-color-5)","background-image":"","background-repeat":"repeat","background-position":"center center","background-size":"auto","background-attachment":"scroll","background-type":"","background-media":"","overlay-type":"","overlay-color":"","overlay-opacity":"","overlay-gradient":""}},"footnotes":""},"class_list":["post-1894","page","type-page","status-publish","hentry"],"_links":{"self":[{"href":"http:\/\/acodalej.sk\/fr\/wp-json\/wp\/v2\/pages\/1894","targetHints":{"allow":["GET"]}}],"collection":[{"href":"http:\/\/acodalej.sk\/fr\/wp-json\/wp\/v2\/pages"}],"about":[{"href":"http:\/\/acodalej.sk\/fr\/wp-json\/wp\/v2\/types\/page"}],"author":[{"embeddable":true,"href":"http:\/\/acodalej.sk\/fr\/wp-json\/wp\/v2\/users\/1"}],"replies":[{"embeddable":true,"href":"http:\/\/acodalej.sk\/fr\/wp-json\/wp\/v2\/comments?post=1894"}],"version-history":[{"count":0,"href":"http:\/\/acodalej.sk\/fr\/wp-json\/wp\/v2\/pages\/1894\/revisions"}],"wp:attachment":[{"href":"http:\/\/acodalej.sk\/fr\/wp-json\/wp\/v2\/media?parent=1894"}],"curies":[{"name":"wp","href":"https:\/\/api.w.org\/{rel}","templated":true}]}}