{"id":2118,"date":"2024-09-15T12:42:09","date_gmt":"2024-09-15T12:42:09","guid":{"rendered":"http:\/\/acodalej.sk\/?page_id=2118"},"modified":"2024-11-09T15:47:14","modified_gmt":"2024-11-09T15:47:14","slug":"cti-boha","status":"publish","type":"page","link":"http:\/\/acodalej.sk\/fr\/cti-boha\/","title":{"rendered":"Cti Boha"},"content":{"rendered":"<div data-elementor-type=\"wp-page\" data-elementor-id=\"2118\" class=\"elementor elementor-2118\">\n\t\t\t\t<div class=\"has_eae_slider elementor-element elementor-element-2720e41 e-flex e-con-boxed e-con e-parent\" data-eae-slider=\"46723\" data-id=\"2720e41\" data-element_type=\"container\">\n\t\t\t\t\t<div class=\"e-con-inner\">\n\t\t<div class=\"has_eae_slider elementor-element elementor-element-701718a e-flex e-con-boxed e-con e-child\" data-eae-slider=\"6680\" data-id=\"701718a\" data-element_type=\"container\">\n\t\t\t\t\t<div class=\"e-con-inner\">\n\t\t\t\t<div class=\"elementor-element elementor-element-fccfbfb elementor-widget elementor-widget-heading\" data-id=\"fccfbfb\" data-element_type=\"widget\" data-widget_type=\"heading.default\">\n\t\t\t\t<div class=\"elementor-widget-container\">\n\t\t\t\t\t<h2 class=\"elementor-heading-title elementor-size-default\">HONORER DIEU<\/h2>\t\t\t\t<\/div>\n\t\t\t\t<\/div>\n\t\t\t\t<div class=\"elementor-element elementor-element-facd08f elementor-widget elementor-widget-text-editor\" data-id=\"facd08f\" data-element_type=\"widget\" data-widget_type=\"text-editor.default\">\n\t\t\t\t<div class=\"elementor-widget-container\">\n\t\t\t\t\t\t\t\t\t<p style=\"text-align: center;\"><em><strong>Je suis l&#039;\u00c9ternel, ton Dieu, qui t&#039;ai fait sortir d&#039;\u00c9gypte, de la maison de servitude. Tu n&#039;auras pas d&#039;autres dieux devant ma face.<\/strong><\/em><em><strong>sauf moi!<\/strong><\/em><\/p><p style=\"text-align: center;\"><em><strong> 5.Moj\u017ei\u0161ova, 5.6<\/strong><\/em><\/p>\t\t\t\t\t\t\t\t<\/div>\n\t\t\t\t<\/div>\n\t\t\t\t\t<\/div>\n\t\t\t\t<\/div>\n\t\t\t\t\t<\/div>\n\t\t\t\t<\/div>\n\t\t<div class=\"has_eae_slider elementor-element elementor-element-e862884 e-flex e-con-boxed e-con e-parent\" data-eae-slider=\"29710\" data-id=\"e862884\" data-element_type=\"container\">\n\t\t\t\t\t<div class=\"e-con-inner\">\n\t\t<div class=\"has_eae_slider elementor-element elementor-element-e2dcbf0 e-flex e-con-boxed e-con e-child\" data-eae-slider=\"6371\" data-id=\"e2dcbf0\" data-element_type=\"container\">\n\t\t\t\t\t<div class=\"e-con-inner\">\n\t\t\t\t<div class=\"elementor-element elementor-element-308b865 elementor-widget elementor-widget-text-editor\" data-id=\"308b865\" data-element_type=\"widget\" data-widget_type=\"text-editor.default\">\n\t\t\t\t<div class=\"elementor-widget-container\">\n\t\t\t\t\t\t\t\t\t<p>La premi\u00e8re r\u00e8gle de vie fondamentale et la plus importante est d&#039;honorer le Cr\u00e9ateur, qui nous a donn\u00e9 la vie, qui nous offre amour, sant\u00e9 et subsistance chaque jour. \u00c0 nous de d\u00e9cider si nous l&#039;accepterons avec gratitude ou si nous nous rebellerons fi\u00e8rement. Le respect de Dieu se manifeste par le respect de sa parole, qu&#039;il nous a donn\u00e9e dans la Bible. Quiconque \u00e9tudie sa parole et la cr\u00e9ation qui nous entoure et, gr\u00e2ce \u00e0 sa compr\u00e9hension, agit concr\u00e8tement selon ses r\u00e8gles, demeure dans l&#039;amour de Dieu. Rien ne peut remplacer l&#039;amour de notre Cr\u00e9ateur et P\u00e8re.<\/p>\t\t\t\t\t\t\t\t<\/div>\n\t\t\t\t<\/div>\n\t\t\t\t<div class=\"elementor-element elementor-element-c44b0f2 elementor-widget elementor-widget-text-editor\" data-id=\"c44b0f2\" data-element_type=\"widget\" data-widget_type=\"text-editor.default\">\n\t\t\t\t<div class=\"elementor-widget-container\">\n\t\t\t\t\t\t\t\t\t<p>Car la col\u00e8re de Dieu se r\u00e9v\u00e8le du ciel contre toute impi\u00e9t\u00e9 et toute injustice des hommes qui retiennent injustement la v\u00e9rit\u00e9 captive. Ce qu&#039;on peut conna\u00eetre de Dieu leur est manifeste, Dieu le leur ayant fait conna\u00eetre. En effet, depuis la cr\u00e9ation du monde, les perfections invisibles de Dieu, sa puissance \u00e9ternelle et sa divinit\u00e9, se voient comme \u00e0 l&#039;\u0153il nu, \u00e0 l&#039;instar de ce qui a \u00e9t\u00e9 fait. Ils sont donc inexcusables. Car, ayant connu Dieu, ils ne l&#039;ont pas glorifi\u00e9 comme Dieu et ne lui ont pas rendu gr\u00e2ces. Ils sont devenus vains dans leurs raisonnements, et leur c\u0153ur sans intelligence a \u00e9t\u00e9 plong\u00e9 dans les t\u00e9n\u00e8bres. Se vantant d&#039;\u00eatre sages, ils sont devenus fous. Ils ont \u00e9chang\u00e9 la gloire du Dieu incorruptible contre une image repr\u00e9sentant l&#039;homme corruptible, des oiseaux, des quadrup\u00e8des et des reptiles. C&#039;est pourquoi Dieu les a livr\u00e9s \u00e0 l&#039;impuret\u00e9, selon les convoitises de leurs c\u0153urs, en sorte qu&#039;ils d\u00e9shonorent leur propre corps. Ils ont \u00e9chang\u00e9 la v\u00e9rit\u00e9 de Dieu contre le mensonge, et ils ont ador\u00e9 et servi la cr\u00e9ature au lieu du Cr\u00e9ateur, qui est b\u00e9ni \u00e9ternellement. Amen. C&#039;est pourquoi Dieu les a livr\u00e9s \u00e0 des passions inf\u00e2mes. Car leurs femmes ont troqu\u00e9 les relations naturelles contre des relations contre nature. De m\u00eame, les hommes ont abandonn\u00e9 les relations naturelles avec les femmes et se sont livr\u00e9s \u00e0 des d\u00e9sirs les uns pour les autres, commettant homme avec homme des actes inf\u00e2mes, recevant en eux-m\u00eames le salaire que m\u00e9ritait leur \u00e9garement. Et parce qu&#039;ils n&#039;ont pas cru en Dieu, Dieu les a livr\u00e9s \u00e0 leur sens d\u00e9prav\u00e9, pour commettre des choses indignes. Ils sont remplis de toute sorte d&#039;injustice, de m\u00e9chancet\u00e9, de cupidit\u00e9, de malice, pleins d&#039;envie, de meurtres, de querelles, de ruse, de malice. Ce sont des m\u00e9disants, des calomniateurs, des ennemis de Dieu, violents, hautains, fanfarons, ing\u00e9nieux au mal, rebelles \u00e0 leurs parents, insens\u00e9s, instables, d\u00e9nu\u00e9s d&#039;amour, sans piti\u00e9. Ils connaissent le d\u00e9cret de Dieu : ceux qui commettent de telles choses m\u00e9ritent la mort ; et pourtant, non seulement ils les font eux-m\u00eames, mais ils approuvent aussi que d&#039;autres les fassent.<\/p><p>Romains 1:18-32<\/p>\t\t\t\t\t\t\t\t<\/div>\n\t\t\t\t<\/div>\n\t\t\t\t<div class=\"elementor-element elementor-element-8801232 elementor-widget elementor-widget-text-editor\" data-id=\"8801232\" data-element_type=\"widget\" data-widget_type=\"text-editor.default\">\n\t\t\t\t<div class=\"elementor-widget-container\">\n\t\t\t\t\t\t\t\t\t<p><em><strong>\u00ab Parmi vous, il ne se trouvera personne qui fasse passer son fils ou sa fille par le feu, ni personne qui dise des esprits ou des devins. \u00bb<\/strong><\/em><br \/><em><strong>ou celui qui interpr\u00e8te les pr\u00e9sages, ou celui qui est sorcier, ou celui qui jette des sorts, ou celui qui consulte un m\u00e9dium, ou celui qui est sorcier,<\/strong><\/em><br \/><em><strong>\u00ab ni celui qui interroge les esprits des morts (demandant de l&#039;aide aux morts, m\u00eame s&#039;ils sont appel\u00e9s saints). \u00bb<\/strong><\/em><br \/><em><strong>Deut\u00e9ronome 18:10-11<\/strong><\/em><\/p>\t\t\t\t\t\t\t\t<\/div>\n\t\t\t\t<\/div>\n\t\t\t\t<div class=\"elementor-element elementor-element-d3f52df elementor-widget elementor-widget-text-editor\" data-id=\"d3f52df\" data-element_type=\"widget\" data-widget_type=\"text-editor.default\">\n\t\t\t\t<div class=\"elementor-widget-container\">\n\t\t\t\t\t\t\t\t\t<p><strong><em>\u00ab J\u00e9sus a dit : Si quelqu&#039;un m&#039;aime, il gardera ma parole, et mon P\u00e8re l&#039;aimera. Et<\/em><\/strong><br \/><strong><em>Nous viendrons \u00e0 lui et ferons notre demeure chez lui. Celui qui ne m&#039;aime pas ne garde pas ma parole. Et la parole que j&#039;ai<\/em><\/strong><br \/><strong><em>\u00ab Ce que vous entendez n\u2019est pas de moi, mais du P\u00e8re qui m\u2019a envoy\u00e9. \u00bb<\/em><\/strong><br \/><strong><em>Jean 14:23-24<\/em><\/strong><\/p>\t\t\t\t\t\t\t\t<\/div>\n\t\t\t\t<\/div>\n\t\t\t\t<div class=\"elementor-element elementor-element-2e8a082 elementor-widget elementor-widget-text-editor\" data-id=\"2e8a082\" data-element_type=\"widget\" data-widget_type=\"text-editor.default\">\n\t\t\t\t<div class=\"elementor-widget-container\">\n\t\t\t\t\t\t\t\t\t<p>Enfreindre les lois de Dieu entra\u00eene la mort \u2013 s\u00e9paration d&#039;avec Dieu et souffrance \u2013, mais le don gratuit et universel de Dieu est le pardon et la vie \u00e9ternelle, en reconnaissant qu&#039;il est parfait et que nous sommes mauvais. En acceptant son aide et en demandant pardon pour nos crimes, sur la base du sacrifice de J\u00e9sus-Christ, nous nous engageons \u00e0 ob\u00e9ir au Cr\u00e9ateur en apprenant et en respectant ses lois dans la vie nouvelle qu&#039;il nous offre.<\/p>\n<p>En Isra\u00ebl, les crimes graves \u00e9taient jug\u00e9s publiquement par des juges, des personnes responsables de la soci\u00e9t\u00e9, et les personnes \u00e9taient publiquement punies. Cela visait \u00e0 emp\u00eacher la soci\u00e9t\u00e9 enti\u00e8re d&#039;Isra\u00ebl de sombrer dans la r\u00e9bellion et, ainsi, de tomber sous le jugement de Dieu. Dieu est Saint, Parfait et r\u00e9side dans un immense feu d&#039;amour. Tout en sa pr\u00e9sence est r\u00e9v\u00e9l\u00e9 et le mal br\u00fblera dans son feu.<\/p>\n<p>Pour nous, cela signifie respecter les autorit\u00e9s des \u00c9tats, \u00e0 qui Dieu a confi\u00e9 ce jugement et ce ch\u00e2timent. Il appartient aux gouvernements, puis aux juges, de respecter les lois divines.<\/p>\n<p>Dieu ne veut pas que les criminels p\u00e9rissent, mais qu&#039;ils se remettent en eux-m\u00eames, se corrigent et puissent vivre par sa gr\u00e2ce. L&#039;histoire c\u00e9l\u00e8bre de la femme surprise en adult\u00e8re, voulut la lapider selon la loi divine et l&#039;amena \u00e0 J\u00e9sus. Il dit : \u00ab Que celui qui est sans p\u00e9ch\u00e9 jette le premier la pierre. \u00bb Laiss\u00e9e seule et tous partis, il dit : \u00ab Personne ne t&#039;a condamn\u00e9e ? Moi non plus, je ne te condamne pas. Va et ne p\u00e8che plus. \u00bb Dieu se pr\u00e9sente \u00e0 nous comme juste, qui r\u00e9compense le bien et punit le mal, mais qui fait gr\u00e2ce aux bris\u00e9s. Dieu s&#039;oppose aux orgueilleux mais fait gr\u00e2ce aux humbles. Dieu n&#039;a pas aboli la loi, il est venu l&#039;accomplir par le Seigneur J\u00e9sus.<\/p>\t\t\t\t\t\t\t\t<\/div>\n\t\t\t\t<\/div>\n\t\t\t\t<div class=\"elementor-element elementor-element-cca11b4 elementor-widget elementor-widget-text-editor\" data-id=\"cca11b4\" data-element_type=\"widget\" data-widget_type=\"text-editor.default\">\n\t\t\t\t<div class=\"elementor-widget-container\">\n\t\t\t\t\t\t\t\t\t<p><em><strong>\u00ab 11 Dis-leur : Je suis vivant ! d\u00e9clare le Seigneur, l&#039;\u00c9ternel, ce n&#039;est pas \u00e0 la mort du m\u00e9chant que je prends plaisir, mais \u00e0 sa mort.<\/strong><\/em><br \/><em><strong>que le m\u00e9chant se d\u00e9tourne de sa voie et vivra. Revenez, revenez de vos mauvaises voies <\/strong><\/em><em><strong>modes de vie !<\/strong><\/em><br \/><em><strong>\u00c9z\u00e9chiel 33<\/strong><\/em><\/p>\t\t\t\t\t\t\t\t<\/div>\n\t\t\t\t<\/div>\n\t\t\t\t<div class=\"elementor-element elementor-element-b39dcd5 elementor-widget elementor-widget-text-editor\" data-id=\"b39dcd5\" data-element_type=\"widget\" data-widget_type=\"text-editor.default\">\n\t\t\t\t<div class=\"elementor-widget-container\">\n\t\t\t\t\t\t\t\t\t<p><em><strong>\u00ab Car le salaire du p\u00e9ch\u00e9, c&#039;est la mort, mais le don gratuit de Dieu, c&#039;est la vie \u00e9ternelle en J\u00e9sus-Christ notre Seigneur. \u00bb<\/strong><\/em><br \/><em><strong>Romains 6<\/strong><\/em><\/p>\t\t\t\t\t\t\t\t<\/div>\n\t\t\t\t<\/div>\n\t\t\t\t\t<\/div>\n\t\t\t\t<\/div>\n\t\t\t\t\t<\/div>\n\t\t\t\t<\/div>\n\t\t\t\t<\/div>","protected":false},"excerpt":{"rendered":"<p>CTI BOHA ,\u201aJa som Hospodin, tvoj Boh, ktor\u00fd \u0165a vyviedol z Egypta, z domu otrokov. Nebude\u0161 ma\u0165 in\u00fdch bohovokrem m\u0148a!&#8220; 5.Moj\u017ei\u0161ova, 5,6 Prv\u00e9 z\u00e1kladn\u00e9 a najd\u00f4le\u017eitej\u0161ie pravidlo \u017eivota je cti\u0165 Stvorite\u013ea, ktor\u00fd n\u00e1m daroval \u017eivot, denne n\u00e1m poskytuje l\u00e1sku, zdravie a zaopatrenie. Je na n\u00e1s \u010di budeme v\u010fa\u010dne prij\u00edma\u0165, alebo sa py\u0161ne b\u00fari\u0165. \u00dacta k [&hellip;]<\/p>","protected":false},"author":1,"featured_media":0,"parent":0,"menu_order":0,"comment_status":"closed","ping_status":"closed","template":"","meta":{"site-sidebar-layout":"no-sidebar","site-content-layout":"page-builder","ast-site-content-layout":"full-width-container","site-content-style":"unboxed","site-sidebar-style":"unboxed","ast-global-header-display":"","ast-banner-title-visibility":"disabled","ast-main-header-display":"","ast-hfb-above-header-display":"","ast-hfb-below-header-display":"","ast-hfb-mobile-header-display":"","site-post-title":"disabled","ast-breadcrumbs-content":"disabled","ast-featured-img":"disabled","footer-sml-layout":"disabled","theme-transparent-header-meta":"enabled","adv-header-id-meta":"","stick-header-meta":"","header-above-stick-meta":"","header-main-stick-meta":"","header-below-stick-meta":"","astra-migrate-meta-layouts":"set","ast-page-background-enabled":"default","ast-page-background-meta":{"desktop":{"background-color":"var(--ast-global-color-4)","background-image":"","background-repeat":"repeat","background-position":"center center","background-size":"auto","background-attachment":"scroll","background-type":"","background-media":"","overlay-type":"","overlay-color":"","overlay-opacity":"","overlay-gradient":""},"tablet":{"background-color":"","background-image":"","background-repeat":"repeat","background-position":"center center","background-size":"auto","background-attachment":"scroll","background-type":"","background-media":"","overlay-type":"","overlay-color":"","overlay-opacity":"","overlay-gradient":""},"mobile":{"background-color":"","background-image":"","background-repeat":"repeat","background-position":"center center","background-size":"auto","background-attachment":"scroll","background-type":"","background-media":"","overlay-type":"","overlay-color":"","overlay-opacity":"","overlay-gradient":""}},"ast-content-background-meta":{"desktop":{"background-color":"var(--ast-global-color-5)","background-image":"","background-repeat":"repeat","background-position":"center center","background-size":"auto","background-attachment":"scroll","background-type":"","background-media":"","overlay-type":"","overlay-color":"","overlay-opacity":"","overlay-gradient":""},"tablet":{"background-color":"var(--ast-global-color-5)","background-image":"","background-repeat":"repeat","background-position":"center center","background-size":"auto","background-attachment":"scroll","background-type":"","background-media":"","overlay-type":"","overlay-color":"","overlay-opacity":"","overlay-gradient":""},"mobile":{"background-color":"var(--ast-global-color-5)","background-image":"","background-repeat":"repeat","background-position":"center center","background-size":"auto","background-attachment":"scroll","background-type":"","background-media":"","overlay-type":"","overlay-color":"","overlay-opacity":"","overlay-gradient":""}},"footnotes":""},"class_list":["post-2118","page","type-page","status-publish","hentry"],"_links":{"self":[{"href":"http:\/\/acodalej.sk\/fr\/wp-json\/wp\/v2\/pages\/2118","targetHints":{"allow":["GET"]}}],"collection":[{"href":"http:\/\/acodalej.sk\/fr\/wp-json\/wp\/v2\/pages"}],"about":[{"href":"http:\/\/acodalej.sk\/fr\/wp-json\/wp\/v2\/types\/page"}],"author":[{"embeddable":true,"href":"http:\/\/acodalej.sk\/fr\/wp-json\/wp\/v2\/users\/1"}],"replies":[{"embeddable":true,"href":"http:\/\/acodalej.sk\/fr\/wp-json\/wp\/v2\/comments?post=2118"}],"version-history":[{"count":0,"href":"http:\/\/acodalej.sk\/fr\/wp-json\/wp\/v2\/pages\/2118\/revisions"}],"wp:attachment":[{"href":"http:\/\/acodalej.sk\/fr\/wp-json\/wp\/v2\/media?parent=2118"}],"curies":[{"name":"wp","href":"https:\/\/api.w.org\/{rel}","templated":true}]}}