{"id":2135,"date":"2024-09-15T13:02:51","date_gmt":"2024-09-15T13:02:51","guid":{"rendered":"http:\/\/acodalej.sk\/?page_id=2135"},"modified":"2024-11-09T16:23:29","modified_gmt":"2024-11-09T16:23:29","slug":"neklanaj-sa-modlam","status":"publish","type":"page","link":"http:\/\/acodalej.sk\/fr\/neklanaj-sa-modlam\/","title":{"rendered":"Nekla\u0148aj sa modl\u00e1m"},"content":{"rendered":"<div data-elementor-type=\"wp-page\" data-elementor-id=\"2135\" class=\"elementor elementor-2135\">\n\t\t\t\t<div class=\"has_eae_slider elementor-element elementor-element-51745f4 e-flex e-con-boxed e-con e-parent\" data-eae-slider=\"1038\" data-id=\"51745f4\" data-element_type=\"container\">\n\t\t\t\t\t<div class=\"e-con-inner\">\n\t\t<div class=\"has_eae_slider elementor-element elementor-element-707ff21 e-flex e-con-boxed e-con e-child\" data-eae-slider=\"26846\" data-id=\"707ff21\" data-element_type=\"container\">\n\t\t\t\t\t<div class=\"e-con-inner\">\n\t\t\t\t<div class=\"elementor-element elementor-element-638dd4e elementor-widget elementor-widget-heading\" data-id=\"638dd4e\" data-element_type=\"widget\" data-widget_type=\"heading.default\">\n\t\t\t\t<div class=\"elementor-widget-container\">\n\t\t\t\t\t<h2 class=\"elementor-heading-title elementor-size-default\">n&#039;adorez pas les idoles<\/h2>\t\t\t\t<\/div>\n\t\t\t\t<\/div>\n\t\t\t\t<div class=\"elementor-element elementor-element-1b01e9a elementor-widget elementor-widget-text-editor\" data-id=\"1b01e9a\" data-element_type=\"widget\" data-widget_type=\"text-editor.default\">\n\t\t\t\t<div class=\"elementor-widget-container\">\n\t\t\t\t\t\t\t\t\t<p class=\"Standard\"><strong><em>Tu ne te feras aucune image taill\u00e9e, ni aucune repr\u00e9sentation des choses qui sont en haut dans les cieux, en bas sur la terre, et dans les eaux plus bas que la terre. Tu ne te prosterneras pas devant elles et tu ne les serviras pas. Car moi, l&#039;\u00c9ternel, ton Dieu, je suis un Dieu jaloux, qui punis l&#039;iniquit\u00e9 des p\u00e8res sur les enfants jusqu&#039;\u00e0 la troisi\u00e8me et la quatri\u00e8me g\u00e9n\u00e9ration de ceux qui me ha\u00efssent, mais qui fais mis\u00e9ricorde jusqu&#039;en mille g\u00e9n\u00e9rations \u00e0 ceux qui m&#039;aiment et qui gardent mes commandements.<\/em><\/strong><\/p><p class=\"Standard\"><strong><em>Deut\u00e9ronome 5:8-10<\/em><\/strong><\/p>\t\t\t\t\t\t\t\t<\/div>\n\t\t\t\t<\/div>\n\t\t\t\t\t<\/div>\n\t\t\t\t<\/div>\n\t\t\t\t\t<\/div>\n\t\t\t\t<\/div>\n\t\t<div class=\"has_eae_slider elementor-element elementor-element-cd9b398 e-flex e-con-boxed e-con e-parent\" data-eae-slider=\"18895\" data-id=\"cd9b398\" data-element_type=\"container\">\n\t\t\t\t\t<div class=\"e-con-inner\">\n\t\t<div class=\"has_eae_slider elementor-element elementor-element-13de34c e-flex e-con-boxed e-con e-child\" data-eae-slider=\"53401\" data-id=\"13de34c\" data-element_type=\"container\">\n\t\t\t\t\t<div class=\"e-con-inner\">\n\t\t\t\t<div class=\"elementor-element elementor-element-8bfd6f6 elementor-widget elementor-widget-text-editor\" data-id=\"8bfd6f6\" data-element_type=\"widget\" data-widget_type=\"text-editor.default\">\n\t\t\t\t<div class=\"elementor-widget-container\">\n\t\t\t\t\t\t\t\t\t<p>La deuxi\u00e8me r\u00e8gle est de ne pas faire de Dieu une image, une statue ou un tableau, pour l&#039;adorer. Nous ne devons pas nous adorer nous-m\u00eames, ni les gens qui nous entourent, ni les animaux, ni l&#039;\u00e9ducation, ni les carri\u00e8res mondaines, ni l&#039;argent, ni les biens mat\u00e9riels. Lorsqu&#039;une personne est amen\u00e9e \u00e0 suivre des r\u00e8gles contraires \u00e0 la parole de Dieu, c&#039;est de l&#039;idol\u00e2trie.\u00a0\u00a0<\/p>\t\t\t\t\t\t\t\t<\/div>\n\t\t\t\t<\/div>\n\t\t\t\t<div class=\"elementor-element elementor-element-c056ac9 elementor-widget elementor-widget-text-editor\" data-id=\"c056ac9\" data-element_type=\"widget\" data-widget_type=\"text-editor.default\">\n\t\t\t\t<div class=\"elementor-widget-container\">\n\t\t\t\t\t\t\t\t\t<p class=\"Standard\"><em>Car puisque vous n&#039;avez vu aucune forme le jour o\u00f9 l&#039;\u00c9ternel vous a parl\u00e9 du milieu du feu, \u00e0 Horeb, prenez bien garde de vous corrompre et de vous faire une idole, sous quelque forme que ce soit : la repr\u00e9sentation d&#039;un homme ou d&#039;une femme, la repr\u00e9sentation d&#039;un animal qui est sur la terre, la repr\u00e9sentation d&#039;un oiseau ail\u00e9 qui vole sous le ciel, la repr\u00e9sentation d&#039;une bestiole qui rampe sur le sol, ou la repr\u00e9sentation d&#039;un poisson qui est dans les eaux plus bas que la terre. Quand vous regarderez vers le ciel et que vous verrez le soleil, la lune et les \u00e9toiles, toute l&#039;arm\u00e9e des cieux, ne vous laissez pas s\u00e9duire pour vous prosterner devant eux et les servir. L&#039;\u00c9ternel, votre Dieu, les a donn\u00e9s \u00e0 toutes les nations qui sont sous le ciel tout entier. Mais l&#039;\u00c9ternel vous a pris, et vous a fait sortir de la fournaise, de l&#039;\u00c9gypte, pour que vous soyez son peuple et son h\u00e9ritage, comme vous le voyez aujourd&#039;hui.<\/em><\/p><p class=\"Standard\"><em>Deut\u00e9ronome 4:15-20<\/em><\/p>\t\t\t\t\t\t\t\t<\/div>\n\t\t\t\t<\/div>\n\t\t\t\t<div class=\"elementor-element elementor-element-d0e5077 elementor-widget elementor-widget-text-editor\" data-id=\"d0e5077\" data-element_type=\"widget\" data-widget_type=\"text-editor.default\">\n\t\t\t\t<div class=\"elementor-widget-container\">\n\t\t\t\t\t\t\t\t\t<p class=\"Standard\">Enfreindre les lois de Dieu entra\u00eene la mort \u2013 s\u00e9paration d&#039;avec Dieu et souffrance \u2013, mais le don gratuit et universel de Dieu est le pardon et la vie \u00e9ternelle, en reconnaissant qu&#039;il est parfait et que nous sommes mauvais. En acceptant son aide et en demandant pardon pour nos crimes, sur la base du sacrifice de J\u00e9sus-Christ, nous nous engageons \u00e0 ob\u00e9ir au Cr\u00e9ateur en apprenant et en respectant ses lois dans la vie nouvelle qu&#039;il nous offre.<\/p><p class=\"Standard\">En Isra\u00ebl, les crimes graves \u00e9taient jug\u00e9s publiquement par des juges, des personnes responsables de la soci\u00e9t\u00e9, et les personnes \u00e9taient publiquement punies. Cela visait \u00e0 emp\u00eacher la soci\u00e9t\u00e9 enti\u00e8re d&#039;Isra\u00ebl de sombrer dans la r\u00e9bellion et, ainsi, de tomber sous le jugement de Dieu. Dieu est Saint, Parfait et r\u00e9side dans un immense feu d&#039;amour. Tout en sa pr\u00e9sence est r\u00e9v\u00e9l\u00e9 et le mal br\u00fblera dans son feu.<\/p><p class=\"Standard\">Pour nous, cela signifie respecter les autorit\u00e9s des \u00c9tats, \u00e0 qui Dieu a confi\u00e9 ce jugement et ce ch\u00e2timent. Il appartient aux gouvernements, puis aux juges, de respecter les lois divines.<\/p><p class=\"Standard\">Dieu ne veut pas que les criminels p\u00e9rissent, mais qu&#039;ils se remettent en eux-m\u00eames, se corrigent et puissent vivre par sa gr\u00e2ce. L&#039;histoire bien connue de la femme surprise en adult\u00e8re\u00a0: ils voulurent la lapider selon la loi de Dieu et l&#039;amen\u00e8rent \u00e0 J\u00e9sus. Il dit\u00a0: \u00ab\u00a0Que celui qui est sans p\u00e9ch\u00e9 jette le premier la pierre.\u00a0\u00bb Laiss\u00e9e seule et tous partis, il dit\u00a0: \u00ab\u00a0Personne ne t&#039;a condamn\u00e9e\u00a0? Moi non plus, je ne te condamne pas. Va et ne p\u00e8che plus.\u00a0\u00bb Dieu se pr\u00e9sente \u00e0 nous comme juste, qui r\u00e9compense le bien et punit le mal, mais qui fait gr\u00e2ce aux bris\u00e9s. Dieu s&#039;oppose aux orgueilleux mais fait gr\u00e2ce aux humbles. Dieu n&#039;a pas aboli la loi, il est venu l&#039;accomplir par le Seigneur J\u00e9sus.<\/p>\t\t\t\t\t\t\t\t<\/div>\n\t\t\t\t<\/div>\n\t\t\t\t<div class=\"elementor-element elementor-element-a4e81b1 elementor-widget elementor-widget-text-editor\" data-id=\"a4e81b1\" data-element_type=\"widget\" data-widget_type=\"text-editor.default\">\n\t\t\t\t<div class=\"elementor-widget-container\">\n\t\t\t\t\t\t\t\t\t<p class=\"Standard\"><em><strong>&#8222;11<span style=\"color: #1e293b;\">\u00a0<\/span>Dis-leur : \u00ab Je suis vivant ! d\u00e9clare le Seigneur, l&#039;\u00c9ternel, ce que je d\u00e9sire, ce n&#039;est pas la mort du m\u00e9chant, c&#039;est qu&#039;il change de conduite et qu&#039;il vive. Revenez, revenez de votre mauvaise voie ! \u00bb<\/strong><\/em><\/p><p class=\"Standard\"><em><strong>\u00c9z\u00e9chiel 33<\/strong><\/em><\/p>\t\t\t\t\t\t\t\t<\/div>\n\t\t\t\t<\/div>\n\t\t\t\t<div class=\"elementor-element elementor-element-1071aa2 elementor-widget elementor-widget-text-editor\" data-id=\"1071aa2\" data-element_type=\"widget\" data-widget_type=\"text-editor.default\">\n\t\t\t\t<div class=\"elementor-widget-container\">\n\t\t\t\t\t\t\t\t\t<p class=\"Standard\"><em><strong>23<span style=\"color: #1e293b;\">\u00a0<\/span>Car le salaire du p\u00e9ch\u00e9, c&#039;est la mort, mais le don gratuit de la gr\u00e2ce de Dieu, c&#039;est la vie \u00e9ternelle en J\u00e9sus-Christ notre Seigneur.<\/strong><\/em><\/p><p class=\"Standard\"><em><strong>Romains 6<\/strong><\/em><\/p>\t\t\t\t\t\t\t\t<\/div>\n\t\t\t\t<\/div>\n\t\t\t\t\t<\/div>\n\t\t\t\t<\/div>\n\t\t\t\t\t<\/div>\n\t\t\t\t<\/div>\n\t\t\t\t<\/div>","protected":false},"excerpt":{"rendered":"<p>nekla\u0148aj sa modl\u00e1m Neurob\u00ed\u0161 si modlu ani nijak\u00fa podobu toho, \u010do je hore na nebi, dolu na zemi alebo vo vode pod zemou! Nebude\u0161 sa im kla\u0148a\u0165 ani sa ned\u00e1\u0161 nimi zotro\u010dova\u0165, lebo ja som Hospodin, tvoj Boh! Boh \u017eiarliv\u00fd, ktor\u00fd trest\u00e1 viny otcov na synoch do tretieho i \u0161tvrt\u00e9ho pokolenia t\u00fdch, \u010do ma nen\u00e1vidia, [&hellip;]<\/p>","protected":false},"author":1,"featured_media":0,"parent":0,"menu_order":0,"comment_status":"closed","ping_status":"closed","template":"","meta":{"site-sidebar-layout":"no-sidebar","site-content-layout":"page-builder","ast-site-content-layout":"full-width-container","site-content-style":"unboxed","site-sidebar-style":"unboxed","ast-global-header-display":"","ast-banner-title-visibility":"disabled","ast-main-header-display":"","ast-hfb-above-header-display":"","ast-hfb-below-header-display":"","ast-hfb-mobile-header-display":"","site-post-title":"disabled","ast-breadcrumbs-content":"disabled","ast-featured-img":"disabled","footer-sml-layout":"disabled","theme-transparent-header-meta":"enabled","adv-header-id-meta":"","stick-header-meta":"","header-above-stick-meta":"","header-main-stick-meta":"","header-below-stick-meta":"","astra-migrate-meta-layouts":"set","ast-page-background-enabled":"default","ast-page-background-meta":{"desktop":{"background-color":"var(--ast-global-color-4)","background-image":"","background-repeat":"repeat","background-position":"center center","background-size":"auto","background-attachment":"scroll","background-type":"","background-media":"","overlay-type":"","overlay-color":"","overlay-opacity":"","overlay-gradient":""},"tablet":{"background-color":"","background-image":"","background-repeat":"repeat","background-position":"center center","background-size":"auto","background-attachment":"scroll","background-type":"","background-media":"","overlay-type":"","overlay-color":"","overlay-opacity":"","overlay-gradient":""},"mobile":{"background-color":"","background-image":"","background-repeat":"repeat","background-position":"center center","background-size":"auto","background-attachment":"scroll","background-type":"","background-media":"","overlay-type":"","overlay-color":"","overlay-opacity":"","overlay-gradient":""}},"ast-content-background-meta":{"desktop":{"background-color":"var(--ast-global-color-5)","background-image":"","background-repeat":"repeat","background-position":"center center","background-size":"auto","background-attachment":"scroll","background-type":"","background-media":"","overlay-type":"","overlay-color":"","overlay-opacity":"","overlay-gradient":""},"tablet":{"background-color":"var(--ast-global-color-5)","background-image":"","background-repeat":"repeat","background-position":"center center","background-size":"auto","background-attachment":"scroll","background-type":"","background-media":"","overlay-type":"","overlay-color":"","overlay-opacity":"","overlay-gradient":""},"mobile":{"background-color":"var(--ast-global-color-5)","background-image":"","background-repeat":"repeat","background-position":"center center","background-size":"auto","background-attachment":"scroll","background-type":"","background-media":"","overlay-type":"","overlay-color":"","overlay-opacity":"","overlay-gradient":""}},"footnotes":""},"class_list":["post-2135","page","type-page","status-publish","hentry"],"_links":{"self":[{"href":"http:\/\/acodalej.sk\/fr\/wp-json\/wp\/v2\/pages\/2135","targetHints":{"allow":["GET"]}}],"collection":[{"href":"http:\/\/acodalej.sk\/fr\/wp-json\/wp\/v2\/pages"}],"about":[{"href":"http:\/\/acodalej.sk\/fr\/wp-json\/wp\/v2\/types\/page"}],"author":[{"embeddable":true,"href":"http:\/\/acodalej.sk\/fr\/wp-json\/wp\/v2\/users\/1"}],"replies":[{"embeddable":true,"href":"http:\/\/acodalej.sk\/fr\/wp-json\/wp\/v2\/comments?post=2135"}],"version-history":[{"count":0,"href":"http:\/\/acodalej.sk\/fr\/wp-json\/wp\/v2\/pages\/2135\/revisions"}],"wp:attachment":[{"href":"http:\/\/acodalej.sk\/fr\/wp-json\/wp\/v2\/media?parent=2135"}],"curies":[{"name":"wp","href":"https:\/\/api.w.org\/{rel}","templated":true}]}}