{"id":2144,"date":"2024-09-15T13:22:02","date_gmt":"2024-09-15T13:22:02","guid":{"rendered":"http:\/\/acodalej.sk\/?page_id=2144"},"modified":"2024-11-09T16:22:59","modified_gmt":"2024-11-09T16:22:59","slug":"neber-meno-boha-nadarmo","status":"publish","type":"page","link":"http:\/\/acodalej.sk\/fr\/neber-meno-boha-nadarmo\/","title":{"rendered":"Neber meno Boha nadarmo"},"content":{"rendered":"<div data-elementor-type=\"wp-page\" data-elementor-id=\"2144\" class=\"elementor elementor-2144\">\n\t\t\t\t<div class=\"has_eae_slider elementor-element elementor-element-60f6cd8 e-flex e-con-boxed e-con e-parent\" data-eae-slider=\"27798\" data-id=\"60f6cd8\" data-element_type=\"container\">\n\t\t\t\t\t<div class=\"e-con-inner\">\n\t\t<div class=\"has_eae_slider elementor-element elementor-element-82b1090 e-flex e-con-boxed e-con e-child\" data-eae-slider=\"13319\" data-id=\"82b1090\" data-element_type=\"container\">\n\t\t\t\t\t<div class=\"e-con-inner\">\n\t\t\t\t<div class=\"elementor-element elementor-element-616b16a elementor-widget elementor-widget-heading\" data-id=\"616b16a\" data-element_type=\"widget\" data-widget_type=\"heading.default\">\n\t\t\t\t<div class=\"elementor-widget-container\">\n\t\t\t\t\t<h2 class=\"elementor-heading-title elementor-size-default\">Ne prenez pas le nom de Dieu en vain.<\/h2>\t\t\t\t<\/div>\n\t\t\t\t<\/div>\n\t\t\t\t<div class=\"elementor-element elementor-element-f842778 elementor-widget elementor-widget-text-editor\" data-id=\"f842778\" data-element_type=\"widget\" data-widget_type=\"text-editor.default\">\n\t\t\t\t<div class=\"elementor-widget-container\">\n\t\t\t\t\t\t\t\t\t<p class=\"Standard\"><em><b>\u00abTu ne prononceras point le nom de l\u2019\u00c9ternel, ton Dieu, en vain ; car l\u2019\u00c9ternel ne tiendra point pour innocent celui qui prononcera son nom en vain.\u00bb<\/b><\/em><\/p><p class=\"Standard\"><em><b>Deut\u00e9ronome 5:11<\/b><\/em><\/p>\t\t\t\t\t\t\t\t<\/div>\n\t\t\t\t<\/div>\n\t\t\t\t\t<\/div>\n\t\t\t\t<\/div>\n\t\t\t\t\t<\/div>\n\t\t\t\t<\/div>\n\t\t<div class=\"has_eae_slider elementor-element elementor-element-b893b31 e-flex e-con-boxed e-con e-parent\" data-eae-slider=\"32148\" data-id=\"b893b31\" data-element_type=\"container\">\n\t\t\t\t\t<div class=\"e-con-inner\">\n\t\t<div class=\"has_eae_slider elementor-element elementor-element-d2d36c4 e-flex e-con-boxed e-con e-child\" data-eae-slider=\"18615\" data-id=\"d2d36c4\" data-element_type=\"container\">\n\t\t\t\t\t<div class=\"e-con-inner\">\n\t\t\t\t<div class=\"elementor-element elementor-element-a971830 elementor-widget elementor-widget-text-editor\" data-id=\"a971830\" data-element_type=\"widget\" data-widget_type=\"text-editor.default\">\n\t\t\t\t<div class=\"elementor-widget-container\">\n\t\t\t\t\t\t\t\t\t<p class=\"Standard\">Cette r\u00e8gle est consid\u00e9r\u00e9e comme un blasph\u00e8me. Nous ne devons pas prononcer le Nom de Dieu comme une mal\u00e9diction, ni d&#039;aucune autre mani\u00e8re que pour honorer Dieu. Cela inclut le Nom de J\u00e9sus, qui est le Nom du Fils de Dieu, c&#039;est-\u00e0-dire Dieu.<\/p>\t\t\t\t\t\t\t\t<\/div>\n\t\t\t\t<\/div>\n\t\t\t\t<div class=\"elementor-element elementor-element-dc04552 elementor-widget elementor-widget-text-editor\" data-id=\"dc04552\" data-element_type=\"widget\" data-widget_type=\"text-editor.default\">\n\t\t\t\t<div class=\"elementor-widget-container\">\n\t\t\t\t\t\t\t\t\t<p class=\"Standard\">Enfreindre les lois de Dieu entra\u00eene la mort \u2013 s\u00e9paration d&#039;avec Dieu et souffrance \u2013, mais le don gratuit et universel de Dieu est le pardon et la vie \u00e9ternelle, en reconnaissant qu&#039;il est parfait et que nous sommes mauvais. En acceptant son aide et en demandant pardon pour nos crimes, sur la base du sacrifice de J\u00e9sus-Christ, nous nous engageons \u00e0 ob\u00e9ir au Cr\u00e9ateur en apprenant et en respectant ses lois dans la vie nouvelle qu&#039;il nous offre.<\/p><p class=\"Standard\">En Isra\u00ebl, les crimes graves \u00e9taient jug\u00e9s publiquement par des juges, des personnes responsables de la soci\u00e9t\u00e9, et les personnes \u00e9taient publiquement punies. Cela visait \u00e0 emp\u00eacher la soci\u00e9t\u00e9 enti\u00e8re d&#039;Isra\u00ebl de sombrer dans la r\u00e9bellion et, ainsi, de tomber sous le jugement de Dieu. Dieu est Saint, Parfait et r\u00e9side dans un immense feu d&#039;amour. Tout en sa pr\u00e9sence est r\u00e9v\u00e9l\u00e9 et le mal br\u00fblera dans son feu.<\/p><p class=\"Standard\">Pour nous, cela signifie respecter les autorit\u00e9s des \u00c9tats, \u00e0 qui Dieu a confi\u00e9 ce jugement et ce ch\u00e2timent. Il appartient aux gouvernements, puis aux juges, de respecter les lois divines.<\/p><p class=\"Standard\">Dieu ne veut pas que les criminels p\u00e9rissent, mais qu&#039;ils se remettent en eux-m\u00eames, se corrigent et puissent vivre par sa gr\u00e2ce. L&#039;histoire bien connue de la femme surprise en adult\u00e8re\u00a0: ils voulurent la lapider selon la loi de Dieu et l&#039;amen\u00e8rent \u00e0 J\u00e9sus. Il dit\u00a0: \u00ab\u00a0Que celui qui est sans p\u00e9ch\u00e9 jette le premier la pierre.\u00a0\u00bb Laiss\u00e9e seule et tous partis, il dit\u00a0: \u00ab\u00a0Personne ne t&#039;a condamn\u00e9e\u00a0? Moi non plus, je ne te condamne pas. Va et ne p\u00e8che plus.\u00a0\u00bb Dieu se pr\u00e9sente \u00e0 nous comme juste, qui r\u00e9compense le bien et punit le mal, mais qui fait gr\u00e2ce aux bris\u00e9s. Dieu s&#039;oppose aux orgueilleux mais fait gr\u00e2ce aux humbles. Dieu n&#039;a pas aboli la loi, il est venu l&#039;accomplir par le Seigneur J\u00e9sus.<\/p>\t\t\t\t\t\t\t\t<\/div>\n\t\t\t\t<\/div>\n\t\t\t\t<div class=\"elementor-element elementor-element-a8c7f8e elementor-widget elementor-widget-text-editor\" data-id=\"a8c7f8e\" data-element_type=\"widget\" data-widget_type=\"text-editor.default\">\n\t\t\t\t<div class=\"elementor-widget-container\">\n\t\t\t\t\t\t\t\t\t<p class=\"Standard\"><em><strong>&#8222;11<span style=\"color: #1e293b;\">\u00a0<\/span>Dis-leur : \u00ab Je suis vivant ! d\u00e9clare le Seigneur, l&#039;\u00c9ternel, ce que je d\u00e9sire, ce n&#039;est pas la mort du m\u00e9chant, c&#039;est qu&#039;il change de conduite et qu&#039;il vive. Revenez, revenez de votre mauvaise voie ! \u00bb<\/strong><\/em><\/p><p class=\"Standard\"><em><strong>\u00c9z\u00e9chiel 33<\/strong><\/em><\/p>\t\t\t\t\t\t\t\t<\/div>\n\t\t\t\t<\/div>\n\t\t\t\t<div class=\"elementor-element elementor-element-07f96af elementor-widget elementor-widget-text-editor\" data-id=\"07f96af\" data-element_type=\"widget\" data-widget_type=\"text-editor.default\">\n\t\t\t\t<div class=\"elementor-widget-container\">\n\t\t\t\t\t\t\t\t\t<p class=\"Standard\"><em><strong>&#8222;23<span style=\"color: #1e293b;\">\u00a0<\/span>Car le salaire du p\u00e9ch\u00e9, c&#039;est la mort\u00a0; mais le don gratuit de Dieu, c&#039;est la vie \u00e9ternelle en J\u00e9sus-Christ notre Seigneur\u00a0!<\/strong><\/em><\/p><p class=\"Standard\"><em><strong>Romains 6<\/strong><\/em><\/p><p class=\"Standard\">\u00a0<\/p>\t\t\t\t\t\t\t\t<\/div>\n\t\t\t\t<\/div>\n\t\t\t\t\t<\/div>\n\t\t\t\t<\/div>\n\t\t\t\t\t<\/div>\n\t\t\t\t<\/div>\n\t\t\t\t<\/div>","protected":false},"excerpt":{"rendered":"<p>neber meno boha nadarmo &#8222;Nevyslov\u00ed\u0161 meno Hospodina, svojho Boha, nadarmo, lebo Hospodin nenech\u00e1 bez trestu toho, kto nadarmo vyslov\u00ed jeho meno!&#8220; 5. Moj\u017ei\u0161ova 5,11 Toto pravidlo pozn\u00e1me pod slovom r\u00fahanie. Nesmieme bra\u0165 Meno Boha do \u00fast ako nad\u00e1vku, alebo ak\u00fdmko\u013evek sp\u00f4sobom okrem ctenia Boha. Do toho spad\u00e1 aj Meno Je\u017ei\u0161, ktor\u00e9 je Meno Bo\u017eieho Syna [&hellip;]<\/p>","protected":false},"author":1,"featured_media":0,"parent":0,"menu_order":0,"comment_status":"closed","ping_status":"closed","template":"","meta":{"site-sidebar-layout":"no-sidebar","site-content-layout":"page-builder","ast-site-content-layout":"full-width-container","site-content-style":"unboxed","site-sidebar-style":"unboxed","ast-global-header-display":"","ast-banner-title-visibility":"disabled","ast-main-header-display":"","ast-hfb-above-header-display":"","ast-hfb-below-header-display":"","ast-hfb-mobile-header-display":"","site-post-title":"disabled","ast-breadcrumbs-content":"disabled","ast-featured-img":"disabled","footer-sml-layout":"disabled","theme-transparent-header-meta":"enabled","adv-header-id-meta":"","stick-header-meta":"","header-above-stick-meta":"","header-main-stick-meta":"","header-below-stick-meta":"","astra-migrate-meta-layouts":"set","ast-page-background-enabled":"default","ast-page-background-meta":{"desktop":{"background-color":"var(--ast-global-color-4)","background-image":"","background-repeat":"repeat","background-position":"center center","background-size":"auto","background-attachment":"scroll","background-type":"","background-media":"","overlay-type":"","overlay-color":"","overlay-opacity":"","overlay-gradient":""},"tablet":{"background-color":"","background-image":"","background-repeat":"repeat","background-position":"center center","background-size":"auto","background-attachment":"scroll","background-type":"","background-media":"","overlay-type":"","overlay-color":"","overlay-opacity":"","overlay-gradient":""},"mobile":{"background-color":"","background-image":"","background-repeat":"repeat","background-position":"center center","background-size":"auto","background-attachment":"scroll","background-type":"","background-media":"","overlay-type":"","overlay-color":"","overlay-opacity":"","overlay-gradient":""}},"ast-content-background-meta":{"desktop":{"background-color":"var(--ast-global-color-5)","background-image":"","background-repeat":"repeat","background-position":"center center","background-size":"auto","background-attachment":"scroll","background-type":"","background-media":"","overlay-type":"","overlay-color":"","overlay-opacity":"","overlay-gradient":""},"tablet":{"background-color":"var(--ast-global-color-5)","background-image":"","background-repeat":"repeat","background-position":"center center","background-size":"auto","background-attachment":"scroll","background-type":"","background-media":"","overlay-type":"","overlay-color":"","overlay-opacity":"","overlay-gradient":""},"mobile":{"background-color":"var(--ast-global-color-5)","background-image":"","background-repeat":"repeat","background-position":"center center","background-size":"auto","background-attachment":"scroll","background-type":"","background-media":"","overlay-type":"","overlay-color":"","overlay-opacity":"","overlay-gradient":""}},"footnotes":""},"class_list":["post-2144","page","type-page","status-publish","hentry"],"_links":{"self":[{"href":"http:\/\/acodalej.sk\/fr\/wp-json\/wp\/v2\/pages\/2144","targetHints":{"allow":["GET"]}}],"collection":[{"href":"http:\/\/acodalej.sk\/fr\/wp-json\/wp\/v2\/pages"}],"about":[{"href":"http:\/\/acodalej.sk\/fr\/wp-json\/wp\/v2\/types\/page"}],"author":[{"embeddable":true,"href":"http:\/\/acodalej.sk\/fr\/wp-json\/wp\/v2\/users\/1"}],"replies":[{"embeddable":true,"href":"http:\/\/acodalej.sk\/fr\/wp-json\/wp\/v2\/comments?post=2144"}],"version-history":[{"count":0,"href":"http:\/\/acodalej.sk\/fr\/wp-json\/wp\/v2\/pages\/2144\/revisions"}],"wp:attachment":[{"href":"http:\/\/acodalej.sk\/fr\/wp-json\/wp\/v2\/media?parent=2144"}],"curies":[{"name":"wp","href":"https:\/\/api.w.org\/{rel}","templated":true}]}}