{"id":2161,"date":"2024-09-15T13:40:26","date_gmt":"2024-09-15T13:40:26","guid":{"rendered":"http:\/\/acodalej.sk\/?page_id=2161"},"modified":"2024-11-09T16:02:09","modified_gmt":"2024-11-09T16:02:09","slug":"sest-dni-pracuj-a-siedmy-oddychuj","status":"publish","type":"page","link":"http:\/\/acodalej.sk\/fr\/sest-dni-pracuj-a-siedmy-oddychuj\/","title":{"rendered":"\u0160es\u0165 dn\u00ed pracuj a siedmy oddychuj"},"content":{"rendered":"<div data-elementor-type=\"wp-page\" data-elementor-id=\"2161\" class=\"elementor elementor-2161\">\n\t\t\t\t<div class=\"has_eae_slider elementor-element elementor-element-665e1c8 e-flex e-con-boxed e-con e-parent\" data-eae-slider=\"21551\" data-id=\"665e1c8\" data-element_type=\"container\">\n\t\t\t\t\t<div class=\"e-con-inner\">\n\t\t<div class=\"has_eae_slider elementor-element elementor-element-9d75474 e-flex e-con-boxed e-con e-child\" data-eae-slider=\"14225\" data-id=\"9d75474\" data-element_type=\"container\">\n\t\t\t\t\t<div class=\"e-con-inner\">\n\t\t\t\t<div class=\"elementor-element elementor-element-9ce8909 elementor-widget elementor-widget-heading\" data-id=\"9ce8909\" data-element_type=\"widget\" data-widget_type=\"heading.default\">\n\t\t\t\t<div class=\"elementor-widget-container\">\n\t\t\t\t\t<h2 class=\"elementor-heading-title elementor-size-default\">Travaillez six jours et reposez-vous le septi\u00e8me.<\/h2>\t\t\t\t<\/div>\n\t\t\t\t<\/div>\n\t\t\t\t<div class=\"elementor-element elementor-element-a9adc6f elementor-widget elementor-widget-text-editor\" data-id=\"a9adc6f\" data-element_type=\"widget\" data-widget_type=\"text-editor.default\">\n\t\t\t\t<div class=\"elementor-widget-container\">\n\t\t\t\t\t\t\t\t\t<p class=\"Standard\"><em><b>Observe le jour du sabbat pour le sanctifier, comme l&#039;\u00c9ternel, ton Dieu, te l&#039;a ordonn\u00e9. Tu travailleras six jours et tu feras tout ton ouvrage. Mais le septi\u00e8me jour est le sabbat de l&#039;\u00c9ternel, ton Dieu. Tu ne feras aucun ouvrage, ni toi, ni ton fils, ni ta fille, ni ton serviteur, ni ta servante, ni ton b\u0153uf, ni ton \u00e2ne, ni ton b\u00e9tail, ni l&#039;\u00e9tranger qui est dans tes portes. Afin que ton serviteur et ta servante se reposent comme toi. Souviens-toi que tu \u00e9tais esclave en \u00c9gypte, et que l&#039;\u00c9ternel, ton Dieu, t&#039;en a fait sortir \u00e0 main forte et \u00e0 bras \u00e9tendu. C&#039;est pourquoi l&#039;\u00c9ternel, ton Dieu, t&#039;a ordonn\u00e9 d&#039;observer le jour du sabbat.<\/b><\/em><\/p><p class=\"Standard\"><em><b>Deut\u00e9ronome 5:12-15<\/b><\/em><\/p>\t\t\t\t\t\t\t\t<\/div>\n\t\t\t\t<\/div>\n\t\t\t\t\t<\/div>\n\t\t\t\t<\/div>\n\t\t\t\t\t<\/div>\n\t\t\t\t<\/div>\n\t\t<div class=\"has_eae_slider elementor-element elementor-element-365ec16 e-flex e-con-boxed e-con e-parent\" data-eae-slider=\"12335\" data-id=\"365ec16\" data-element_type=\"container\">\n\t\t\t\t\t<div class=\"e-con-inner\">\n\t\t<div class=\"has_eae_slider elementor-element elementor-element-f269339 e-flex e-con-boxed e-con e-child\" data-eae-slider=\"19627\" data-id=\"f269339\" data-element_type=\"container\">\n\t\t\t\t\t<div class=\"e-con-inner\">\n\t\t\t\t<div class=\"elementor-element elementor-element-225cef1 elementor-widget elementor-widget-text-editor\" data-id=\"225cef1\" data-element_type=\"widget\" data-widget_type=\"text-editor.default\">\n\t\t\t\t<div class=\"elementor-widget-container\">\n\t\t\t\t\t\t\t\t\t<p>Dieu nous a cr\u00e9\u00e9s \u00e0 son image. Il travaille, puis se repose. Son commandement est de travailler six jours et de se reposer un jour, o\u00f9 chacun doit se r\u00e9unir en paix et remercier Dieu pour la vie. Quiconque ne travaille pas est qualifi\u00e9 de voleur ou de parasite. Bien s\u00fbr, il y a des enfants, des personnes \u00e2g\u00e9es et des personnes handicap\u00e9es qui ont besoin d&#039;aide et ne peuvent subvenir \u00e0 leurs besoins en travaillant. Dieu insiste \u00e0 maintes reprises sur l&#039;aide aux faibles dans la Bible.\u00a0<\/p>\t\t\t\t\t\t\t\t<\/div>\n\t\t\t\t<\/div>\n\t\t\t\t<div class=\"elementor-element elementor-element-48c4d4e elementor-widget elementor-widget-text-editor\" data-id=\"48c4d4e\" data-element_type=\"widget\" data-widget_type=\"text-editor.default\">\n\t\t\t\t<div class=\"elementor-widget-container\">\n\t\t\t\t\t\t\t\t\t<p><em><strong>Si quelqu&#039;un ne veut pas travailler, qu&#039;il ne mange pas ! <\/strong><\/em><\/p><p><em>2 Thessaloniciens 3:10<\/em><\/p>\t\t\t\t\t\t\t\t<\/div>\n\t\t\t\t<\/div>\n\t\t\t\t<div class=\"elementor-element elementor-element-ab89810 elementor-widget elementor-widget-text-editor\" data-id=\"ab89810\" data-element_type=\"widget\" data-widget_type=\"text-editor.default\">\n\t\t\t\t<div class=\"elementor-widget-container\">\n\t\t\t\t\t\t\t\t\t<p class=\"Standard\"><em><strong>Que le voleur ne d\u00e9robe plus; mais qu&#039;il travaille plut\u00f4t, en gagnant quelque chose de ses propres mains, afin d&#039;avoir de quoi donner aux n\u00e9cessiteux.<\/strong><\/em><\/p><p class=\"Standard\"><em><strong> \u00c9ph\u00e9siens 4:28<\/strong><\/em><\/p>\t\t\t\t\t\t\t\t<\/div>\n\t\t\t\t<\/div>\n\t\t\t\t<div class=\"elementor-element elementor-element-b09ef0c elementor-widget elementor-widget-text-editor\" data-id=\"b09ef0c\" data-element_type=\"widget\" data-widget_type=\"text-editor.default\">\n\t\t\t\t<div class=\"elementor-widget-container\">\n\t\t\t\t\t\t\t\t\t<p>Concernant le repos, le commandement de Dieu fait r\u00e9f\u00e9rence au sabbat qu&#039;il a donn\u00e9 aux Juifs. Outre le sabbat, Dieu a ordonn\u00e9 aux Juifs d&#039;avoir des p\u00e9riodes de repos au cours de l&#039;ann\u00e9e\u00a0: les jours f\u00e9ri\u00e9s, pendant lesquels ils ne sont pas autoris\u00e9s \u00e0 travailler, ainsi que les aliments qu&#039;ils peuvent ou non consommer. Pour les non-Juifs, il est important de se reposer un des sept jours, m\u00eame si ce n&#039;est pas le sabbat. Les jours f\u00e9ri\u00e9s sont des proph\u00e9ties annon\u00e7ant des \u00e9v\u00e9nements, dont certains se sont d\u00e9j\u00e0 r\u00e9alis\u00e9s et d&#039;autres le seront encore. La nation d&#039;Isra\u00ebl observe ces f\u00eates bibliques jusqu&#039;\u00e0 ce jour. Par exemple, la f\u00eate juive de P\u00e2que, une ann\u00e9e bissextile, o\u00f9 les Juifs furent lib\u00e9r\u00e9s de l&#039;esclavage en \u00c9gypte et sacrifi\u00e8rent un agneau afin que l&#039;ange destructeur qui traversait l&#039;\u00c9gypte ne les tue pas, mais doive sauter par-dessus leurs maisons. Ils la c\u00e9l\u00e8brent chaque ann\u00e9e et ce jour-l\u00e0 m\u00eame, l&#039;Agneau \u2013 le Seigneur J\u00e9sus \u2013 fut sacrifi\u00e9, accomplissant ainsi le sens de cette f\u00eate. Quiconque croit en son sacrifice pour nous et lui soumet sa vie sera sauv\u00e9 de la damnation \u00e9ternelle en enfer. Concernant la nourriture, le Seigneur J\u00e9sus a dit que nous pouvons manger de tout, sauf du sang animal. Les aliments prescrits aux Juifs sont aussi, pour les non-Juifs, une image de ce que nous recevons dans notre c\u0153ur, par nos yeux et nos oreilles.\u00a0\u00a0<\/p>\t\t\t\t\t\t\t\t<\/div>\n\t\t\t\t<\/div>\n\t\t\t\t<div class=\"elementor-element elementor-element-89ac5e1 elementor-widget elementor-widget-text-editor\" data-id=\"89ac5e1\" data-element_type=\"widget\" data-widget_type=\"text-editor.default\">\n\t\t\t\t<div class=\"elementor-widget-container\">\n\t\t\t\t\t\t\t\t\t<p class=\"Standard\"><em><strong>16 Que personne donc ne vous juge au sujet du manger ou du boire, ou au sujet d&#039;une f\u00eate, d&#039;une nouvelle lune, ou des sabbats. 17 C&#039;est l\u00e0 l&#039;ombre des choses \u00e0 venir, mais la r\u00e9alit\u00e9 appartient \u00e0 Christ. <\/strong><\/em><\/p><p class=\"Standard\"><em><strong>Colossiens 2:16-17<\/strong><\/em><\/p>\t\t\t\t\t\t\t\t<\/div>\n\t\t\t\t<\/div>\n\t\t\t\t<div class=\"elementor-element elementor-element-4111d1d elementor-widget elementor-widget-text-editor\" data-id=\"4111d1d\" data-element_type=\"widget\" data-widget_type=\"text-editor.default\">\n\t\t\t\t<div class=\"elementor-widget-container\">\n\t\t\t\t\t\t\t\t\t<p class=\"Standard\"><strong><em>Ce qui entre dans l&#039;homme du dehors ne peut le souiller\u00a0? Cela n&#039;entre pas dans son c\u0153ur, mais dans son ventre et sort dans les \u00e9gouts. \u00bb Ainsi, il d\u00e9clara purs tous les aliments. Et il ajouta\u00a0: \u00ab\u00a0Ce qui sort de l&#039;homme, c&#039;est ce qui le souille. Car c&#039;est du dedans, du c\u0153ur des hommes, que sortent les mauvaises pens\u00e9es, les fornications, les vols, les meurtres, les adult\u00e8res, la cupidit\u00e9, la m\u00e9chancet\u00e9, la tromperie, l&#039;impudicit\u00e9, le regard envieux, les blasph\u00e8mes, l&#039;orgueil, la folie. Toutes ces mauvaises choses sortent du dedans et souillent l&#039;homme.\u00a0\u00bb <\/em><\/strong><\/p><p class=\"Standard\"><strong><em>Marc 7:19-23<\/em><\/strong><\/p>\t\t\t\t\t\t\t\t<\/div>\n\t\t\t\t<\/div>\n\t\t\t\t<div class=\"elementor-element elementor-element-34dd2ff elementor-widget elementor-widget-text-editor\" data-id=\"34dd2ff\" data-element_type=\"widget\" data-widget_type=\"text-editor.default\">\n\t\t\t\t<div class=\"elementor-widget-container\">\n\t\t\t\t\t\t\t\t\t<p>La semaine de sept jours trouve son origine dans la Bible dans le contexte de la cr\u00e9ation.<\/p>\t\t\t\t\t\t\t\t<\/div>\n\t\t\t\t<\/div>\n\t\t\t\t<div class=\"elementor-element elementor-element-0076aa7 elementor-widget elementor-widget-text-editor\" data-id=\"0076aa7\" data-element_type=\"widget\" data-widget_type=\"text-editor.default\">\n\t\t\t\t<div class=\"elementor-widget-container\">\n\t\t\t\t\t\t\t\t\t<p class=\"Standard\">Enfreindre les lois de Dieu entra\u00eene la mort \u2013 s\u00e9paration d&#039;avec Dieu et souffrance. Mais le don gratuit et universel de Dieu est le pardon et la vie \u00e9ternelle, en reconnaissant qu&#039;il est parfait et que nous sommes mauvais. En acceptant son aide et en demandant pardon pour nos crimes, sur la base du sacrifice de J\u00e9sus-Christ, nous nous engageons \u00e0 ob\u00e9ir au Cr\u00e9ateur en apprenant et en respectant ses lois dans la vie nouvelle qu&#039;il nous offre.<\/p>\t\t\t\t\t\t\t\t<\/div>\n\t\t\t\t<\/div>\n\t\t\t\t<div class=\"elementor-element elementor-element-68113b7 elementor-widget elementor-widget-text-editor\" data-id=\"68113b7\" data-element_type=\"widget\" data-widget_type=\"text-editor.default\">\n\t\t\t\t<div class=\"elementor-widget-container\">\n\t\t\t\t\t\t\t\t\t<p class=\"Standard\">En Isra\u00ebl, les crimes graves \u00e9taient jug\u00e9s publiquement par des juges, des personnes responsables de la soci\u00e9t\u00e9, et les personnes \u00e9taient publiquement punies. Cela visait \u00e0 emp\u00eacher la soci\u00e9t\u00e9 enti\u00e8re d&#039;Isra\u00ebl de sombrer dans la r\u00e9bellion et, ainsi, de tomber sous le jugement de Dieu. Dieu est Saint, Parfait et r\u00e9side dans un immense feu d&#039;amour. Tout en sa pr\u00e9sence est r\u00e9v\u00e9l\u00e9 et le mal br\u00fblera dans son feu.<\/p><p class=\"Standard\">Pour nous, cela signifie respecter les autorit\u00e9s des \u00c9tats, \u00e0 qui Dieu a confi\u00e9 ce jugement et ce ch\u00e2timent. Il appartient aux gouvernements, puis aux juges, de respecter les lois divines.<\/p><p class=\"Standard\">Dieu ne veut pas que les criminels p\u00e9rissent, mais qu&#039;ils se remettent en eux-m\u00eames, se corrigent et puissent vivre par sa gr\u00e2ce. L&#039;histoire bien connue de la femme surprise en adult\u00e8re\u00a0: ils voulurent la lapider selon la loi de Dieu et l&#039;amen\u00e8rent \u00e0 J\u00e9sus. Il dit\u00a0: \u00ab\u00a0Que celui qui est sans p\u00e9ch\u00e9 jette le premier la pierre.\u00a0\u00bb Laiss\u00e9e seule et tous partis, il dit\u00a0: \u00ab\u00a0Personne ne t&#039;a condamn\u00e9e\u00a0? Moi non plus, je ne te condamne pas. Va et ne p\u00e8che plus.\u00a0\u00bb Dieu se pr\u00e9sente \u00e0 nous comme juste, qui r\u00e9compense le bien et punit le mal, mais qui fait gr\u00e2ce aux bris\u00e9s. Dieu s&#039;oppose aux orgueilleux mais fait gr\u00e2ce aux humbles. Dieu n&#039;a pas aboli la loi, il est venu l&#039;accomplir par le Seigneur J\u00e9sus.<\/p>\t\t\t\t\t\t\t\t<\/div>\n\t\t\t\t<\/div>\n\t\t\t\t<div class=\"elementor-element elementor-element-3e38b7c elementor-widget elementor-widget-text-editor\" data-id=\"3e38b7c\" data-element_type=\"widget\" data-widget_type=\"text-editor.default\">\n\t\t\t\t<div class=\"elementor-widget-container\">\n\t\t\t\t\t\t\t\t\t<p class=\"Standard\"><em><strong>11<span style=\"color: #1e293b;\">\u00a0<\/span>Dis-leur : \u00ab Je suis vivant ! d\u00e9clare le Seigneur, l&#039;\u00c9ternel, ce que je d\u00e9sire, ce n&#039;est pas la mort du m\u00e9chant, c&#039;est qu&#039;il change de conduite et qu&#039;il vive. Revenez, revenez de votre mauvaise voie !\u00a0<\/strong><\/em><\/p><p class=\"Standard\"><em><strong>\u00c9z\u00e9chiel 33<\/strong><\/em><\/p>\t\t\t\t\t\t\t\t<\/div>\n\t\t\t\t<\/div>\n\t\t\t\t<div class=\"elementor-element elementor-element-9765c9d elementor-widget elementor-widget-text-editor\" data-id=\"9765c9d\" data-element_type=\"widget\" data-widget_type=\"text-editor.default\">\n\t\t\t\t<div class=\"elementor-widget-container\">\n\t\t\t\t\t\t\t\t\t<p class=\"Standard\"><em><strong>23<span style=\"color: #1e293b;\">\u00a0<\/span>Car le salaire du p\u00e9ch\u00e9, c&#039;est la mort, mais le don gratuit de la gr\u00e2ce de Dieu, c&#039;est la vie \u00e9ternelle en J\u00e9sus-Christ notre Seigneur.<\/strong><\/em><\/p><p class=\"Standard\"><em><strong>Romains 6<\/strong><\/em><\/p>\t\t\t\t\t\t\t\t<\/div>\n\t\t\t\t<\/div>\n\t\t\t\t\t<\/div>\n\t\t\t\t<\/div>\n\t\t\t\t\t<\/div>\n\t\t\t\t<\/div>\n\t\t\t\t<\/div>","protected":false},"excerpt":{"rendered":"<p>\u0161es\u0165 dn\u00ed pracuj a siedmy oddychuj Zachov\u00e1vaj sobotn\u00fd de\u0148, aby si ho sv\u00e4til, ako ti prik\u00e1zal Hospodin, tvoj Boh! \u0160es\u0165 dn\u00ed bude\u0161 pracova\u0165 a kona\u0165 v\u0161etku svoju pr\u00e1cu.\u00a0 Siedmy de\u0148 je sobota pre Hospodina, tvojho Boha. Nebude\u0161 kona\u0165 nijak\u00fa pr\u00e1cu ani ty, ani tvoj syn, ani tvoja dc\u00e9ra, ani tvoj sluha, ani tvoja sl\u00fa\u017eka, ani [&hellip;]<\/p>","protected":false},"author":1,"featured_media":0,"parent":0,"menu_order":0,"comment_status":"closed","ping_status":"closed","template":"","meta":{"site-sidebar-layout":"no-sidebar","site-content-layout":"page-builder","ast-site-content-layout":"full-width-container","site-content-style":"unboxed","site-sidebar-style":"unboxed","ast-global-header-display":"","ast-banner-title-visibility":"","ast-main-header-display":"","ast-hfb-above-header-display":"","ast-hfb-below-header-display":"","ast-hfb-mobile-header-display":"","site-post-title":"disabled","ast-breadcrumbs-content":"","ast-featured-img":"disabled","footer-sml-layout":"disabled","theme-transparent-header-meta":"enabled","adv-header-id-meta":"","stick-header-meta":"","header-above-stick-meta":"","header-main-stick-meta":"","header-below-stick-meta":"","astra-migrate-meta-layouts":"set","ast-page-background-enabled":"default","ast-page-background-meta":{"desktop":{"background-color":"var(--ast-global-color-4)","background-image":"","background-repeat":"repeat","background-position":"center center","background-size":"auto","background-attachment":"scroll","background-type":"","background-media":"","overlay-type":"","overlay-color":"","overlay-opacity":"","overlay-gradient":""},"tablet":{"background-color":"","background-image":"","background-repeat":"repeat","background-position":"center center","background-size":"auto","background-attachment":"scroll","background-type":"","background-media":"","overlay-type":"","overlay-color":"","overlay-opacity":"","overlay-gradient":""},"mobile":{"background-color":"","background-image":"","background-repeat":"repeat","background-position":"center center","background-size":"auto","background-attachment":"scroll","background-type":"","background-media":"","overlay-type":"","overlay-color":"","overlay-opacity":"","overlay-gradient":""}},"ast-content-background-meta":{"desktop":{"background-color":"var(--ast-global-color-5)","background-image":"","background-repeat":"repeat","background-position":"center center","background-size":"auto","background-attachment":"scroll","background-type":"","background-media":"","overlay-type":"","overlay-color":"","overlay-opacity":"","overlay-gradient":""},"tablet":{"background-color":"var(--ast-global-color-5)","background-image":"","background-repeat":"repeat","background-position":"center center","background-size":"auto","background-attachment":"scroll","background-type":"","background-media":"","overlay-type":"","overlay-color":"","overlay-opacity":"","overlay-gradient":""},"mobile":{"background-color":"var(--ast-global-color-5)","background-image":"","background-repeat":"repeat","background-position":"center center","background-size":"auto","background-attachment":"scroll","background-type":"","background-media":"","overlay-type":"","overlay-color":"","overlay-opacity":"","overlay-gradient":""}},"footnotes":""},"class_list":["post-2161","page","type-page","status-publish","hentry"],"_links":{"self":[{"href":"http:\/\/acodalej.sk\/fr\/wp-json\/wp\/v2\/pages\/2161","targetHints":{"allow":["GET"]}}],"collection":[{"href":"http:\/\/acodalej.sk\/fr\/wp-json\/wp\/v2\/pages"}],"about":[{"href":"http:\/\/acodalej.sk\/fr\/wp-json\/wp\/v2\/types\/page"}],"author":[{"embeddable":true,"href":"http:\/\/acodalej.sk\/fr\/wp-json\/wp\/v2\/users\/1"}],"replies":[{"embeddable":true,"href":"http:\/\/acodalej.sk\/fr\/wp-json\/wp\/v2\/comments?post=2161"}],"version-history":[{"count":0,"href":"http:\/\/acodalej.sk\/fr\/wp-json\/wp\/v2\/pages\/2161\/revisions"}],"wp:attachment":[{"href":"http:\/\/acodalej.sk\/fr\/wp-json\/wp\/v2\/media?parent=2161"}],"curies":[{"name":"wp","href":"https:\/\/api.w.org\/{rel}","templated":true}]}}