{"id":2171,"date":"2024-09-15T13:50:21","date_gmt":"2024-09-15T13:50:21","guid":{"rendered":"http:\/\/acodalej.sk\/?page_id=2171"},"modified":"2024-11-09T16:24:03","modified_gmt":"2024-11-09T16:24:03","slug":"cti-otca-a-matku-a-budes-dobre-a-dlho-zit-na-zemi","status":"publish","type":"page","link":"http:\/\/acodalej.sk\/fr\/cti-otca-a-matku-a-budes-dobre-a-dlho-zit-na-zemi\/","title":{"rendered":"Cti otca a matku a bude\u0161 dobre a dlho \u017ei\u0165 na zemi"},"content":{"rendered":"<div data-elementor-type=\"wp-page\" data-elementor-id=\"2171\" class=\"elementor elementor-2171\">\n\t\t\t\t<div class=\"has_eae_slider elementor-element elementor-element-c37d0d3 e-flex e-con-boxed e-con e-parent\" data-eae-slider=\"87174\" data-id=\"c37d0d3\" data-element_type=\"container\">\n\t\t\t\t\t<div class=\"e-con-inner\">\n\t\t<div class=\"has_eae_slider elementor-element elementor-element-529969d e-flex e-con-boxed e-con e-child\" data-eae-slider=\"52109\" data-id=\"529969d\" data-element_type=\"container\">\n\t\t\t\t\t<div class=\"e-con-inner\">\n\t\t\t\t<div class=\"elementor-element elementor-element-307e0f1 elementor-widget elementor-widget-heading\" data-id=\"307e0f1\" data-element_type=\"widget\" data-widget_type=\"heading.default\">\n\t\t\t\t<div class=\"elementor-widget-container\">\n\t\t\t\t\t<h2 class=\"elementor-heading-title elementor-size-default\">Honore ton p\u00e8re et ta m\u00e8re et tu vivras longtemps sur terre.<\/h2>\t\t\t\t<\/div>\n\t\t\t\t<\/div>\n\t\t\t\t<div class=\"elementor-element elementor-element-e382af4 elementor-widget elementor-widget-text-editor\" data-id=\"e382af4\" data-element_type=\"widget\" data-widget_type=\"text-editor.default\">\n\t\t\t\t<div class=\"elementor-widget-container\">\n\t\t\t\t\t\t\t\t\t<p class=\"Standard\"><strong><em>\u00ab Honore ton p\u00e8re et ta m\u00e8re, comme l\u2019\u00c9ternel, ton Dieu, te l\u2019a ordonn\u00e9, afin que tes jours se prolongent et que tu sois heureux dans le pays que l\u2019\u00c9ternel, ton Dieu, te donne en don. \u00bb<\/em><\/strong><\/p><p class=\"Standard\"><strong><em>Deut\u00e9ronome 5:16<\/em><\/strong><\/p>\t\t\t\t\t\t\t\t<\/div>\n\t\t\t\t<\/div>\n\t\t\t\t\t<\/div>\n\t\t\t\t<\/div>\n\t\t\t\t\t<\/div>\n\t\t\t\t<\/div>\n\t\t<div class=\"has_eae_slider elementor-element elementor-element-4973e2d e-flex e-con-boxed e-con e-parent\" data-eae-slider=\"37214\" data-id=\"4973e2d\" data-element_type=\"container\">\n\t\t\t\t\t<div class=\"e-con-inner\">\n\t\t<div class=\"has_eae_slider elementor-element elementor-element-a1515e4 e-flex e-con-boxed e-con e-child\" data-eae-slider=\"32537\" data-id=\"a1515e4\" data-element_type=\"container\">\n\t\t\t\t\t<div class=\"e-con-inner\">\n\t\t\t\t<div class=\"elementor-element elementor-element-1f48ef9 elementor-widget elementor-widget-text-editor\" data-id=\"1f48ef9\" data-element_type=\"widget\" data-widget_type=\"text-editor.default\">\n\t\t\t\t<div class=\"elementor-widget-container\">\n\t\t\t\t\t\t\t\t\t<p class=\"Standard\">Honorer nos parents, par qui Dieu nous a donn\u00e9 la vie. Honorer nos a\u00een\u00e9s et les personnes en position d&#039;autorit\u00e9 dans la soci\u00e9t\u00e9. Le respect est le respect des personnes\u00a0; il se manifeste en les saluant, en les \u00e9coutant, en ne les calomniant pas, et en respectant d&#039;autres r\u00e8gles.<\/p>\t\t\t\t\t\t\t\t<\/div>\n\t\t\t\t<\/div>\n\t\t\t\t<div class=\"elementor-element elementor-element-a3b6ba1 elementor-widget elementor-widget-text-editor\" data-id=\"a3b6ba1\" data-element_type=\"widget\" data-widget_type=\"text-editor.default\">\n\t\t\t\t<div class=\"elementor-widget-container\">\n\t\t\t\t\t\t\t\t\t<p class=\"Standard\"><em><strong>9<span style=\"color: #1e293b;\">\u00a0<\/span>\u00ab Quiconque maudit son p\u00e8re ou sa m\u00e8re sera mis \u00e0 mort. Celui qui maudit son p\u00e8re ou sa m\u00e8re sera tenu responsable de son sang. \u00bb<\/strong><\/em><\/p><p class=\"Standard\"><em><strong>3, Mojzisova 20<\/strong><\/em><\/p>\t\t\t\t\t\t\t\t<\/div>\n\t\t\t\t<\/div>\n\t\t\t\t<div class=\"elementor-element elementor-element-af1c2d1 elementor-widget elementor-widget-text-editor\" data-id=\"af1c2d1\" data-element_type=\"widget\" data-widget_type=\"text-editor.default\">\n\t\t\t\t<div class=\"elementor-widget-container\">\n\t\t\t\t\t\t\t\t\t<p class=\"Standard\"><em><strong>Romains 13, <\/strong><\/em><\/p><p class=\"Standard\"><em><strong>1 Que chacun se soumette aux autorit\u00e9s qui gouvernent. Car il n\u2019y a d\u2019autorit\u00e9 que celle qui vient de Dieu, et celles qui existent ont \u00e9t\u00e9 institu\u00e9es par Dieu. <\/strong><\/em><em><strong>2 C\u2019est pourquoi celui qui s\u2019oppose \u00e0 l\u2019autorit\u00e9 s\u2019oppose \u00e0 l\u2019ordre \u00e9tabli par Dieu, et ceux qui s\u2019y opposent attireront sur eux-m\u00eames le jugement. <\/strong><\/em><em><strong>3 Ne craignez pas les autorit\u00e9s pour le bien que vous faites, mais pour le mal que vous faites. Ne voulez-vous pas craindre l&#039;autorit\u00e9\u00a0? Faites le bien, et vous en recevrez les louanges. <\/strong><\/em><em><strong>4 Car elle est ministre de Dieu pour votre bien. Mais si vous faites le mal, craignez, car ce n&#039;est pas en vain qu&#039;elle porte l&#039;\u00e9p\u00e9e. Elle est en effet ministre de Dieu, un vengeur, un bourreau de la col\u00e8re contre celui qui pratique le mal. <\/strong><\/em><em><strong>5 Il est donc n\u00e9cessaire de se soumettre, non seulement par crainte de la col\u00e8re, mais aussi par conscience. <\/strong><\/em><em><strong>6 Car c&#039;est pour cela que vous payez des imp\u00f4ts, car ils sont les ministres de Dieu, qui veillent \u00e0 cette fin m\u00eame. <\/strong><\/em><em><strong>7 Rendez \u00e0 chacun ce qui lui est d\u00fb : l\u2019imp\u00f4t \u00e0 qui l\u2019imp\u00f4t est d\u00fb, la taxe \u00e0 qui la taxe est due, le respect \u00e0 qui le respect est d\u00fb, l\u2019honneur \u00e0 qui l\u2019honneur est d\u00fb.<\/strong><\/em><\/p>\t\t\t\t\t\t\t\t<\/div>\n\t\t\t\t<\/div>\n\t\t\t\t<div class=\"elementor-element elementor-element-01ce192 elementor-widget elementor-widget-text-editor\" data-id=\"01ce192\" data-element_type=\"widget\" data-widget_type=\"text-editor.default\">\n\t\t\t\t<div class=\"elementor-widget-container\">\n\t\t\t\t\t\t\t\t\t<p class=\"Standard\">Enfreindre les lois de Dieu entra\u00eene la mort \u2013 s\u00e9paration d&#039;avec Dieu et souffrance \u2013, mais le don gratuit et universel de Dieu est le pardon et la vie \u00e9ternelle, en reconnaissant qu&#039;il est parfait et que nous sommes mauvais. En acceptant son aide et en demandant pardon pour nos crimes, sur la base du sacrifice de J\u00e9sus-Christ, nous nous engageons \u00e0 ob\u00e9ir au Cr\u00e9ateur en apprenant et en respectant ses lois dans la vie nouvelle qu&#039;il nous offre.<\/p><p class=\"Standard\">En Isra\u00ebl, les crimes graves \u00e9taient jug\u00e9s publiquement par des juges, des personnes responsables de la soci\u00e9t\u00e9, et les personnes \u00e9taient publiquement punies. Cela visait \u00e0 emp\u00eacher la soci\u00e9t\u00e9 enti\u00e8re d&#039;Isra\u00ebl de sombrer dans la r\u00e9bellion et, ainsi, de tomber sous le jugement de Dieu. Dieu est Saint, Parfait et r\u00e9side dans un immense feu d&#039;amour. Tout en sa pr\u00e9sence est r\u00e9v\u00e9l\u00e9 et le mal br\u00fblera dans son feu.<\/p><p class=\"Standard\">Pour nous, cela signifie respecter les autorit\u00e9s des \u00c9tats, \u00e0 qui Dieu a confi\u00e9 ce jugement et ce ch\u00e2timent. Il appartient aux gouvernements, puis aux juges, de respecter les lois divines.<\/p><p class=\"Standard\">Dieu ne veut pas que les criminels p\u00e9rissent, mais qu&#039;ils se remettent en eux-m\u00eames, se corrigent et puissent vivre par sa gr\u00e2ce. L&#039;histoire bien connue de la femme surprise en adult\u00e8re\u00a0: ils voulurent la lapider selon la loi de Dieu et l&#039;amen\u00e8rent \u00e0 J\u00e9sus. Il dit\u00a0: \u00ab\u00a0Que celui qui est sans p\u00e9ch\u00e9 jette le premier la pierre.\u00a0\u00bb Laiss\u00e9e seule et tous partis, il dit\u00a0: \u00ab\u00a0Personne ne t&#039;a condamn\u00e9e\u00a0? Moi non plus, je ne te condamne pas. Va et ne p\u00e8che plus.\u00a0\u00bb Dieu se pr\u00e9sente \u00e0 nous comme juste, qui r\u00e9compense le bien et punit le mal, mais qui fait gr\u00e2ce aux bris\u00e9s. Dieu s&#039;oppose aux orgueilleux mais fait gr\u00e2ce aux humbles. Dieu n&#039;a pas aboli la loi, il est venu l&#039;accomplir par le Seigneur J\u00e9sus.<\/p>\t\t\t\t\t\t\t\t<\/div>\n\t\t\t\t<\/div>\n\t\t\t\t<div class=\"elementor-element elementor-element-489c43a elementor-widget elementor-widget-text-editor\" data-id=\"489c43a\" data-element_type=\"widget\" data-widget_type=\"text-editor.default\">\n\t\t\t\t<div class=\"elementor-widget-container\">\n\t\t\t\t\t\t\t\t\t<p class=\"Standard\"><em><strong>11<span style=\"color: #1e293b;\">\u00a0<\/span>Dis-leur : \u00ab Je suis vivant ! d\u00e9clare le Seigneur, l&#039;\u00c9ternel, ce que je d\u00e9sire, ce n&#039;est pas la mort du m\u00e9chant, c&#039;est qu&#039;il change de conduite et qu&#039;il vive. Revenez, revenez de votre mauvaise voie !\u00a0<\/strong><\/em><\/p><p class=\"Standard\"><em><strong>\u00c9z\u00e9chiel 33<\/strong><\/em><\/p>\t\t\t\t\t\t\t\t<\/div>\n\t\t\t\t<\/div>\n\t\t\t\t<div class=\"elementor-element elementor-element-752a029 elementor-widget elementor-widget-text-editor\" data-id=\"752a029\" data-element_type=\"widget\" data-widget_type=\"text-editor.default\">\n\t\t\t\t<div class=\"elementor-widget-container\">\n\t\t\t\t\t\t\t\t\t<p class=\"Standard\"><em><strong>23<span style=\"color: #1e293b;\">\u00a0<\/span>Car le salaire du p\u00e9ch\u00e9, c&#039;est la mort, mais le don gratuit de la gr\u00e2ce de Dieu, c&#039;est la vie \u00e9ternelle en J\u00e9sus-Christ notre Seigneur.<\/strong><\/em><\/p><p class=\"Standard\"><em><strong>Romains 6<\/strong><\/em><\/p>\t\t\t\t\t\t\t\t<\/div>\n\t\t\t\t<\/div>\n\t\t\t\t\t<\/div>\n\t\t\t\t<\/div>\n\t\t\t\t\t<\/div>\n\t\t\t\t<\/div>\n\t\t\t\t<\/div>","protected":false},"excerpt":{"rendered":"<p>cti otca a matku a bude\u0161 dobre a dlho \u017ei\u0165 na zemi &#8222;Cti svojho otca a svoju matku, ako ti prik\u00e1zal Hospodin, tvoj Boh, aby si dlho \u017eil a dobre sa ti vodilo v krajine, ktor\u00fa ti d\u00e1va Hospodin, tvoj Boh!&#8220; 5. Moj\u017ei\u0161ova 5,16 Ma\u0165 v \u00facte rodi\u010dov, cez ktor\u00fdch n\u00e1m Boh daroval \u017eivot. Ma\u0165 [&hellip;]<\/p>","protected":false},"author":1,"featured_media":0,"parent":0,"menu_order":0,"comment_status":"closed","ping_status":"closed","template":"","meta":{"site-sidebar-layout":"no-sidebar","site-content-layout":"page-builder","ast-site-content-layout":"full-width-container","site-content-style":"unboxed","site-sidebar-style":"unboxed","ast-global-header-display":"","ast-banner-title-visibility":"","ast-main-header-display":"","ast-hfb-above-header-display":"","ast-hfb-below-header-display":"","ast-hfb-mobile-header-display":"","site-post-title":"disabled","ast-breadcrumbs-content":"","ast-featured-img":"disabled","footer-sml-layout":"disabled","theme-transparent-header-meta":"enabled","adv-header-id-meta":"","stick-header-meta":"","header-above-stick-meta":"","header-main-stick-meta":"","header-below-stick-meta":"","astra-migrate-meta-layouts":"set","ast-page-background-enabled":"default","ast-page-background-meta":{"desktop":{"background-color":"var(--ast-global-color-4)","background-image":"","background-repeat":"repeat","background-position":"center center","background-size":"auto","background-attachment":"scroll","background-type":"","background-media":"","overlay-type":"","overlay-color":"","overlay-opacity":"","overlay-gradient":""},"tablet":{"background-color":"","background-image":"","background-repeat":"repeat","background-position":"center center","background-size":"auto","background-attachment":"scroll","background-type":"","background-media":"","overlay-type":"","overlay-color":"","overlay-opacity":"","overlay-gradient":""},"mobile":{"background-color":"","background-image":"","background-repeat":"repeat","background-position":"center center","background-size":"auto","background-attachment":"scroll","background-type":"","background-media":"","overlay-type":"","overlay-color":"","overlay-opacity":"","overlay-gradient":""}},"ast-content-background-meta":{"desktop":{"background-color":"var(--ast-global-color-5)","background-image":"","background-repeat":"repeat","background-position":"center center","background-size":"auto","background-attachment":"scroll","background-type":"","background-media":"","overlay-type":"","overlay-color":"","overlay-opacity":"","overlay-gradient":""},"tablet":{"background-color":"var(--ast-global-color-5)","background-image":"","background-repeat":"repeat","background-position":"center center","background-size":"auto","background-attachment":"scroll","background-type":"","background-media":"","overlay-type":"","overlay-color":"","overlay-opacity":"","overlay-gradient":""},"mobile":{"background-color":"var(--ast-global-color-5)","background-image":"","background-repeat":"repeat","background-position":"center center","background-size":"auto","background-attachment":"scroll","background-type":"","background-media":"","overlay-type":"","overlay-color":"","overlay-opacity":"","overlay-gradient":""}},"footnotes":""},"class_list":["post-2171","page","type-page","status-publish","hentry"],"_links":{"self":[{"href":"http:\/\/acodalej.sk\/fr\/wp-json\/wp\/v2\/pages\/2171","targetHints":{"allow":["GET"]}}],"collection":[{"href":"http:\/\/acodalej.sk\/fr\/wp-json\/wp\/v2\/pages"}],"about":[{"href":"http:\/\/acodalej.sk\/fr\/wp-json\/wp\/v2\/types\/page"}],"author":[{"embeddable":true,"href":"http:\/\/acodalej.sk\/fr\/wp-json\/wp\/v2\/users\/1"}],"replies":[{"embeddable":true,"href":"http:\/\/acodalej.sk\/fr\/wp-json\/wp\/v2\/comments?post=2171"}],"version-history":[{"count":0,"href":"http:\/\/acodalej.sk\/fr\/wp-json\/wp\/v2\/pages\/2171\/revisions"}],"wp:attachment":[{"href":"http:\/\/acodalej.sk\/fr\/wp-json\/wp\/v2\/media?parent=2171"}],"curies":[{"name":"wp","href":"https:\/\/api.w.org\/{rel}","templated":true}]}}