{"id":2197,"date":"2024-09-15T14:57:08","date_gmt":"2024-09-15T14:57:08","guid":{"rendered":"http:\/\/acodalej.sk\/?page_id=2197"},"modified":"2024-11-09T16:04:05","modified_gmt":"2024-11-09T16:04:05","slug":"nezosmilnis","status":"publish","type":"page","link":"http:\/\/acodalej.sk\/fr\/nezosmilnis\/","title":{"rendered":"Nezosmiln\u00ed\u0161"},"content":{"rendered":"<div data-elementor-type=\"wp-page\" data-elementor-id=\"2197\" class=\"elementor elementor-2197\">\n\t\t\t\t<div class=\"has_eae_slider elementor-element elementor-element-4e6b14b e-flex e-con-boxed e-con e-parent\" data-eae-slider=\"24222\" data-id=\"4e6b14b\" data-element_type=\"container\">\n\t\t\t\t\t<div class=\"e-con-inner\">\n\t\t<div class=\"has_eae_slider elementor-element elementor-element-6aa71c6 e-flex e-con-boxed e-con e-child\" data-eae-slider=\"22074\" data-id=\"6aa71c6\" data-element_type=\"container\">\n\t\t\t\t\t<div class=\"e-con-inner\">\n\t\t\t\t<div class=\"elementor-element elementor-element-bd2ea71 elementor-widget elementor-widget-heading\" data-id=\"bd2ea71\" data-element_type=\"widget\" data-widget_type=\"heading.default\">\n\t\t\t\t<div class=\"elementor-widget-container\">\n\t\t\t\t\t<h2 class=\"elementor-heading-title elementor-size-default\">tu ne commettras pas d&#039;adult\u00e8re<\/h2>\t\t\t\t<\/div>\n\t\t\t\t<\/div>\n\t\t\t\t<div class=\"elementor-element elementor-element-e7fd3d1 elementor-widget elementor-widget-text-editor\" data-id=\"e7fd3d1\" data-element_type=\"widget\" data-widget_type=\"text-editor.default\">\n\t\t\t\t<div class=\"elementor-widget-container\">\n\t\t\t\t\t\t\t\t\t<p><em><strong>\u00ab Tu ne commettras pas d&#039;adult\u00e8re \u00bb<\/strong><\/em><\/p><p><em><strong>5. Marc 5:18<\/strong><\/em><\/p>\t\t\t\t\t\t\t\t<\/div>\n\t\t\t\t<\/div>\n\t\t\t\t\t<\/div>\n\t\t\t\t<\/div>\n\t\t\t\t\t<\/div>\n\t\t\t\t<\/div>\n\t\t<div class=\"has_eae_slider elementor-element elementor-element-91ce02c e-flex e-con-boxed e-con e-child\" data-eae-slider=\"27543\" data-id=\"91ce02c\" data-element_type=\"container\">\n\t\t\t\t\t<div class=\"e-con-inner\">\n\t\t\t\t<div class=\"elementor-element elementor-element-3e39a50 elementor-widget elementor-widget-text-editor\" data-id=\"3e39a50\" data-element_type=\"widget\" data-widget_type=\"text-editor.default\">\n\t\t\t\t<div class=\"elementor-widget-container\">\n\t\t\t\t\t\t\t\t\t<p class=\"Standard\"><em><strong>27 Dieu cr\u00e9a l&#039;homme \u00e0 son image, il le cr\u00e9a \u00e0 l&#039;image de Dieu ; il les cr\u00e9a homme et femme. 28 Dieu les b\u00e9nit et leur dit : \u00ab Soyez f\u00e9conds, multipliez, remplissez la terre et soumettez-la. Dominez sur les poissons de la mer, sur les oiseaux du ciel et sur tout animal qui se meut sur la terre. \u00bb<\/strong><\/em><\/p><p class=\"Standard\"><em><strong>1.Moj\u017ei\u0161ova 1<\/strong><\/em><\/p>\t\t\t\t\t\t\t\t<\/div>\n\t\t\t\t<\/div>\n\t\t\t\t<div class=\"elementor-element elementor-element-cc06afb elementor-widget elementor-widget-text-editor\" data-id=\"cc06afb\" data-element_type=\"widget\" data-widget_type=\"text-editor.default\">\n\t\t\t\t<div class=\"elementor-widget-container\">\n\t\t\t\t\t\t\t\t\t<p><em><strong>24<span style=\"color: #1e293b;\">\u00a0<\/span>C&#039;est pourquoi l&#039;homme quittera son p\u00e8re et sa m\u00e8re, et s&#039;attachera \u00e0 sa femme, et ils deviendront une seule chair.<\/strong><\/em><\/p><p><em><strong>1.Moj\u017ei\u0161ova 2<\/strong><\/em><\/p>\t\t\t\t\t\t\t\t<\/div>\n\t\t\t\t<\/div>\n\t\t\t\t<div class=\"elementor-element elementor-element-7580c2f elementor-widget elementor-widget-text-editor\" data-id=\"7580c2f\" data-element_type=\"widget\" data-widget_type=\"text-editor.default\">\n\t\t\t\t<div class=\"elementor-widget-container\">\n\t\t\t\t\t\t\t\t\t<p>Dieu a cr\u00e9\u00e9 l&#039;homme et la femme et les a unis par le mariage. Le mariage est une union \u00e0 vie. Les \u00e9poux ont des droits et des responsabilit\u00e9s envers Dieu, coop\u00e8rent, partagent des biens communs et engendrent des enfants qui perp\u00e9tuent le plan divin de peupler la terre enti\u00e8re. Si nous vivons selon ses r\u00e8gles de r\u00e9v\u00e9rence envers Dieu et de respect mutuel, la terre peut \u00eatre peupl\u00e9e. Dieu y parviendra.<\/p>\n<p>La proc\u00e9dure biblique pour contracter mariage :<\/p>\n<ol>\n<li>l&#039;introduction d&#039;un homme et d&#039;une femme libres de tout autre engagement<\/li>\n<li>d\u00e9cision libre pour une vie ensemble,<\/li>\n<li>fian\u00e7ailles - annoncer le d\u00e9sir d&#039;une vie commune devant un public int\u00e9ress\u00e9 tel que des parents, des amis<\/li>\n<li>Mariage \u2013 conclusion d&#039;un contrat de mariage par lequel les \u00e9poux s&#039;engagent \u00e0 vivre ensemble, \u00e0 fonder un foyer, \u00e0 coop\u00e9rer et \u00e0 \u00e9lever des enfants malgr\u00e9 les circonstances. Le mariage est indissoluble devant Dieu, qui d\u00e9teste le divorce et n&#039;a aucune valeur devant lui. Le seul cas de rupture du mariage, et donc de divorce, est l&#039;adult\u00e8re (infid\u00e9lit\u00e9 conjugale), que le coupable refuse de quitter, m\u00eame \u00e0 la demande de l&#039;innocent. La vie sexuelle avec une personne autre que le conjoint est qualifi\u00e9e de fornication \u2013 adult\u00e8re.<\/li>\n<\/ol>\t\t\t\t\t\t\t\t<\/div>\n\t\t\t\t<\/div>\n\t\t\t\t<div class=\"elementor-element elementor-element-f65a15c elementor-widget elementor-widget-text-editor\" data-id=\"f65a15c\" data-element_type=\"widget\" data-widget_type=\"text-editor.default\">\n\t\t\t\t<div class=\"elementor-widget-container\">\n\t\t\t\t\t\t\t\t\t<p><em><strong>Si un homme est trouv\u00e9 couch\u00e9 avec une femme mari\u00e9e, ils mourront tous deux, l&#039;homme qui a couch\u00e9 avec elle et la femme. Ainsi tu \u00e9loigneras le mal d&#039;Isra\u00ebl.<\/strong><\/em><\/p><p><em><strong>Deut\u00e9ronome 22:22<\/strong><\/em><\/p>\t\t\t\t\t\t\t\t<\/div>\n\t\t\t\t<\/div>\n\t\t\t\t<div class=\"elementor-element elementor-element-f5a0610 elementor-widget elementor-widget-text-editor\" data-id=\"f5a0610\" data-element_type=\"widget\" data-widget_type=\"text-editor.default\">\n\t\t\t\t<div class=\"elementor-widget-container\">\n\t\t\t\t\t\t\t\t\t<p class=\"Standard\">\u00a010 Quiconque commet un adult\u00e8re avec une femme mari\u00e9e, c&#039;est-\u00e0-dire quiconque commet un adult\u00e8re avec la femme de son prochain, sera puni de mort, l&#039;adult\u00e8re comme l&#039;adult\u00e8re. 11 Si un homme couche avec la femme de son p\u00e8re, il a d\u00e9shonor\u00e9 son p\u00e8re ; tous deux seront mis \u00e0 mort ; leur sang est \u00e0 eux. 12 Si un homme couche avec sa belle-fille, tous deux seront mis \u00e0 mort. Ils ont commis une abomination. Leur sang est \u00e0 eux. 13 Si un homme couche avec un homme comme on couche avec une femme, c&#039;est une abomination ; tous deux mourront. Leur sang est \u00e0 eux. 14 Si un homme prend une femme et sa m\u00e8re, c&#039;est une infamie. Ils le br\u00fbleront au feu, lui et elle, afin qu&#039;il n&#039;y ait pas d&#039;infamie parmi vous. 15 Si un homme couche avec une b\u00eate, il sera mis \u00e0 mort, et la b\u00eate sera tu\u00e9e. 16 Si une femme couche avec un animal et qu&#039;ils couchent avec lui, tu tueras la femme et l&#039;animal. Ils seront punis de mort. Ils porteront la peine de leur sang. 17 Si un homme prend sa s\u0153ur, la fille de son p\u00e8re ou la fille de sa m\u00e8re, et la viole, et qu&#039;elle le viole, c&#039;est une abomination. Ils seront retranch\u00e9s de leur peuple. Il a viol\u00e9 sa s\u0153ur ; il portera la peine de son iniquit\u00e9. 18 Si un homme couche avec une femme pendant son impuret\u00e9, il a viol\u00e9 sa nudit\u00e9, et qu&#039;elle a d\u00e9couvert son sang, et qu&#039;elle a d\u00e9couvert son sang, tous deux seront retranch\u00e9s de leur peuple. 19 Tu ne coucheras pas avec la s\u0153ur de ta m\u00e8re ou la s\u0153ur de ton p\u00e8re, car tu as viol\u00e9 un proche parent. Tous deux porteront la peine de leur iniquit\u00e9. 20 Si un homme couche avec sa tante, il a viol\u00e9 son oncle. Tous deux porteront la peine de leur iniquit\u00e9. 21 Si un homme prend la femme de son fr\u00e8re, c&#039;est une souillure; il a d\u00e9couvert la nudit\u00e9 de son fr\u00e8re. Ils n&#039;auront pas d&#039;enfants. 22 Vous observerez toutes mes lois et tous mes jugements, et vous les mettrez en pratique, afin que le pays o\u00f9 je vous m\u00e8ne pour y s\u00e9journer ne vous vomisse pas.<\/p><p class=\"Standard\">L\u00e9vitique 20<\/p>\t\t\t\t\t\t\t\t<\/div>\n\t\t\t\t<\/div>\n\t\t\t\t<div class=\"elementor-element elementor-element-2084eda elementor-widget elementor-widget-text-editor\" data-id=\"2084eda\" data-element_type=\"widget\" data-widget_type=\"text-editor.default\">\n\t\t\t\t<div class=\"elementor-widget-container\">\n\t\t\t\t\t\t\t\t\t<p class=\"Standard\">3 Alors les pharisiens s&#039;approch\u00e8rent de lui, et lui demand\u00e8rent pour l&#039;\u00e9prouver : \u00ab Est-il permis \u00e0 un homme de r\u00e9pudier sa femme pour quelque motif que ce soit ? \u00bb 4 Il leur r\u00e9pondit : \u00ab N&#039;avez-vous pas lu que, d\u00e8s le commencement, le cr\u00e9ateur les fit homme et femme ? 5 Et il dit : C&#039;est pourquoi l&#039;homme quittera son p\u00e8re et sa m\u00e8re, et s&#039;attachera \u00e0 sa femme, et les deux deviendront une seule chair. \u00bb 6 Ainsi, ils ne sont plus deux, mais une seule chair. Ce que Dieu a uni, que l&#039;homme ne le s\u00e9pare pas. \u00bb 7 Ils lui dirent : \u00ab Pourquoi donc Mo\u00efse a-t-il prescrit de donner une lettre de divorce et de la renvoyer ? \u00bb 8 J\u00e9sus leur dit : \u00ab Mo\u00efse vous a permis de r\u00e9pudier vos femmes \u00e0 cause de la duret\u00e9 de votre c\u0153ur ; mais d\u00e8s le commencement, il n&#039;en a pas \u00e9t\u00e9 ainsi. 9 Je vous dis que quiconque r\u00e9pudie sa femme, sauf pour cause d&#039;infid\u00e9lit\u00e9, et en \u00e9pouse une autre, commet un adult\u00e8re. \u00bb 10 Ses disciples lui dirent : \u00ab Si telle est la situation de l&#039;homme \u00e0 l&#039;\u00e9gard de sa femme, il vaut mieux ne pas se marier. \u00bb 11 Il leur r\u00e9pondit : \u00ab Tous ne peuvent pas comprendre cette parole, sinon ceux \u00e0 qui elle a \u00e9t\u00e9 donn\u00e9e. 12 Car il y a des eunuques qui sont n\u00e9s eunuques, qui le sont devenus par les hommes, et il y a des eunuques qui se sont faits eunuques eux-m\u00eames \u00e0 cause du royaume des cieux. Que celui qui peut comprendre comprenne. \u00bb<\/p><p class=\"Standard\">Matthieu 19<\/p>\t\t\t\t\t\t\t\t<\/div>\n\t\t\t\t<\/div>\n\t\t\t\t<div class=\"elementor-element elementor-element-a8c5846 elementor-widget elementor-widget-text-editor\" data-id=\"a8c5846\" data-element_type=\"widget\" data-widget_type=\"text-editor.default\">\n\t\t\t\t<div class=\"elementor-widget-container\">\n\t\t\t\t\t\t\t\t\t<p class=\"Standard\">27 Vous avez entendu qu&#039;il a \u00e9t\u00e9 dit : Tu ne commettras pas d&#039;adult\u00e8re. 28 Mais moi, je vous dis que quiconque regarde une femme pour la convoiter a d\u00e9j\u00e0 commis un adult\u00e8re avec elle dans son c\u0153ur. 29 Si ton \u0153il droit est pour toi une occasion de chute, arrache-le et jette-le loin de toi. Il vaut mieux pour toi perdre un seul de tes membres que de voir ton corps tout entier jet\u00e9 dans la g\u00e9henne. 30 Et si ta main droite est pour toi une occasion de chute, coupe-la et jette-la loin de toi. Il vaut mieux pour toi perdre un seul de tes membres que de voir ton corps tout entier jet\u00e9 dans la g\u00e9henne.<\/p><p class=\"Standard\">Matthieu 5<\/p><p class=\"Standard\">\u00a0<\/p>\t\t\t\t\t\t\t\t<\/div>\n\t\t\t\t<\/div>\n\t\t\t\t<div class=\"elementor-element elementor-element-e031b73 elementor-widget elementor-widget-text-editor\" data-id=\"e031b73\" data-element_type=\"widget\" data-widget_type=\"text-editor.default\">\n\t\t\t\t<div class=\"elementor-widget-container\">\n\t\t\t\t\t\t\t\t\t<p class=\"Standard\">Fornication et adult\u00e8re ont des significations similaires. Pour une meilleure compr\u00e9hension, adult\u00e8re = un lit \u00e9tranger. Une personne couche dans un lit \u00e9tranger avec une personne \u00e9trang\u00e8re. Une personne proche est un conjoint de sexe oppos\u00e9, le mariage est l&#039;union d&#039;un homme et d&#039;une femme. Lorsque l&#039;on \u00e9voque cette valeur, son fondement se trouve dans la Bible, et on ne la trouve nulle part ailleurs. Par cons\u00e9quent, si le mariage et la famille sont d\u00e9fendus sans Dieu, ils seront vou\u00e9s \u00e0 l&#039;\u00e9chec.<\/p><p class=\"Standard\">S&#039;il s&#039;agit de se couper la main ou de se crever un \u0153il, il s&#039;agit d&#039;\u00e9liminer les causes de la tentation de commettre un crime. Une interpr\u00e9tation litt\u00e9rale est ici sortie de son contexte, car nulle part dans la Bible il n&#039;est fait mention de telles pratiques en lien avec des crimes sexuels, comme c&#039;\u00e9tait le cas chez nous au Moyen \u00c2ge, par exemple. Il s&#039;agit de se d\u00e9barrasser de v\u00eatements, de films, de relations avec des personnes qui conduisent \u00e0 un crime dans la sph\u00e8re sexuelle.<\/p>\t\t\t\t\t\t\t\t<\/div>\n\t\t\t\t<\/div>\n\t\t\t\t<div class=\"elementor-element elementor-element-8261c5f elementor-widget elementor-widget-text-editor\" data-id=\"8261c5f\" data-element_type=\"widget\" data-widget_type=\"text-editor.default\">\n\t\t\t\t<div class=\"elementor-widget-container\">\n\t\t\t\t\t\t\t\t\t<p>Le r\u00e9sultat de la violation des lois de Dieu est <strong>la mort<\/strong> \u2013 la s\u00e9paration d&#039;avec Dieu et la souffrance, mais le don gratuit et universel de Dieu est le pardon et la vie \u00e9ternelle, en reconnaissant qu&#039;il est parfait et que nous sommes mauvais. En acceptant son aide et en demandant pardon pour nos crimes, sur la base du sacrifice de J\u00e9sus-Christ, nous nous engageons \u00e0 ob\u00e9ir au Cr\u00e9ateur en enseignant et en respectant ses lois dans la vie nouvelle qu&#039;il nous offre.<\/p><p>En Isra\u00ebl, les crimes graves \u00e9taient jug\u00e9s publiquement par des juges, des personnes responsables de la soci\u00e9t\u00e9, et les personnes \u00e9taient publiquement punies. Cela visait \u00e0 emp\u00eacher la soci\u00e9t\u00e9 enti\u00e8re d&#039;Isra\u00ebl de sombrer dans la r\u00e9bellion et, ainsi, de tomber sous le jugement de Dieu. Dieu est Saint, Parfait et r\u00e9side dans un immense feu d&#039;amour. Tout en sa pr\u00e9sence est r\u00e9v\u00e9l\u00e9 et le mal br\u00fblera dans son feu.<\/p><p>Pour nous, cela signifie respecter les autorit\u00e9s des \u00c9tats, \u00e0 qui Dieu a confi\u00e9 ce jugement et ce ch\u00e2timent. Il appartient aux gouvernements, puis aux juges, de respecter les lois divines.<\/p><p>Dieu ne veut pas que les criminels p\u00e9rissent, mais qu&#039;ils se remettent en eux-m\u00eames, se corrigent et puissent vivre par sa gr\u00e2ce. L&#039;histoire c\u00e9l\u00e8bre de la femme surprise en adult\u00e8re\u00a0: ils voulurent la lapider selon la loi de Dieu et l&#039;amen\u00e8rent \u00e0 J\u00e9sus. Il dit\u00a0: \u00ab\u00a0Que celui qui est sans p\u00e9ch\u00e9 jette la premi\u00e8re pierre.\u00a0\u00bb Lorsqu&#039;elle fut laiss\u00e9e seule et que tous furent partis, il dit\u00a0: \u00ab\u00a0Personne ne t&#039;a condamn\u00e9e\u00a0? Moi non plus, je ne te condamne pas\u00a0; va et ne p\u00e8che plus.\u00a0\u00bb Dieu se pr\u00e9sente \u00e0 nous comme juste, qui r\u00e9compense le bien et punit le mal, mais qui fait gr\u00e2ce aux bris\u00e9s. Dieu s&#039;oppose aux orgueilleux, mais fait gr\u00e2ce aux humbles. Dieu n&#039;a pas aboli la loi, il est venu l&#039;accomplir par le Seigneur J\u00e9sus.<\/p>\t\t\t\t\t\t\t\t<\/div>\n\t\t\t\t<\/div>\n\t\t\t\t<div class=\"elementor-element elementor-element-fee13d5 elementor-widget elementor-widget-text-editor\" data-id=\"fee13d5\" data-element_type=\"widget\" data-widget_type=\"text-editor.default\">\n\t\t\t\t<div class=\"elementor-widget-container\">\n\t\t\t\t\t\t\t\t\t<p class=\"Standard\"><em><strong>11<span style=\"color: #1e293b;\">\u00a0<\/span>Dis-leur : \u00ab Je suis vivant ! d\u00e9clare le Seigneur, l&#039;\u00c9ternel, ce que je d\u00e9sire, ce n&#039;est pas la mort du m\u00e9chant, c&#039;est qu&#039;il change de conduite et qu&#039;il vive. Revenez, revenez de votre mauvaise voie !\u00a0<\/strong><\/em><\/p><p class=\"Standard\"><em><strong>\u00c9z\u00e9chiel 33<\/strong><\/em><\/p>\t\t\t\t\t\t\t\t<\/div>\n\t\t\t\t<\/div>\n\t\t\t\t<div class=\"elementor-element elementor-element-0ea444a elementor-widget elementor-widget-text-editor\" data-id=\"0ea444a\" data-element_type=\"widget\" data-widget_type=\"text-editor.default\">\n\t\t\t\t<div class=\"elementor-widget-container\">\n\t\t\t\t\t\t\t\t\t<p class=\"Standard\"><em><strong>23<span style=\"color: #1e293b;\">\u00a0<\/span>Car le salaire du p\u00e9ch\u00e9, c&#039;est la mort, mais le don gratuit de la gr\u00e2ce de Dieu, c&#039;est la vie \u00e9ternelle en J\u00e9sus-Christ notre Seigneur.<\/strong><\/em><\/p><p class=\"Standard\"><em><strong>Romains 6<\/strong><\/em><\/p>\t\t\t\t\t\t\t\t<\/div>\n\t\t\t\t<\/div>\n\t\t\t\t\t<\/div>\n\t\t\t\t<\/div>\n\t\t\t\t<\/div>","protected":false},"excerpt":{"rendered":"<p>nezosmiln\u00ed\u0161 &#8222;Nezosmiln\u00ed\u0161&#8220; 5. M 5,18 27\u00a0Boh stvoril \u010dloveka na svoj obraz;\u00a0na Bo\u017e\u00ed obraz ho stvoril.\u00a0Stvoril ich ako mu\u017ea a \u017eenu.28\u00a0Boh ich po\u017eehnal a povedal im: \u201ePlo\u010fte sa a mno\u017ete sa, napl\u0148te zem a podma\u0148te si ju! Panujte nad morsk\u00fdmi rybami, nad nebesk\u00fdm vt\u00e1ctvom a nad v\u0161etkou zverou, \u010do sa pohybuje na zemi!\u201c 1.Moj\u017ei\u0161ova 1 24\u00a0Preto [&hellip;]<\/p>","protected":false},"author":1,"featured_media":0,"parent":0,"menu_order":0,"comment_status":"closed","ping_status":"closed","template":"","meta":{"site-sidebar-layout":"no-sidebar","site-content-layout":"page-builder","ast-site-content-layout":"full-width-container","site-content-style":"unboxed","site-sidebar-style":"unboxed","ast-global-header-display":"","ast-banner-title-visibility":"","ast-main-header-display":"","ast-hfb-above-header-display":"","ast-hfb-below-header-display":"","ast-hfb-mobile-header-display":"","site-post-title":"disabled","ast-breadcrumbs-content":"","ast-featured-img":"disabled","footer-sml-layout":"disabled","theme-transparent-header-meta":"enabled","adv-header-id-meta":"","stick-header-meta":"","header-above-stick-meta":"","header-main-stick-meta":"","header-below-stick-meta":"","astra-migrate-meta-layouts":"set","ast-page-background-enabled":"default","ast-page-background-meta":{"desktop":{"background-color":"var(--ast-global-color-4)","background-image":"","background-repeat":"repeat","background-position":"center center","background-size":"auto","background-attachment":"scroll","background-type":"","background-media":"","overlay-type":"","overlay-color":"","overlay-opacity":"","overlay-gradient":""},"tablet":{"background-color":"","background-image":"","background-repeat":"repeat","background-position":"center center","background-size":"auto","background-attachment":"scroll","background-type":"","background-media":"","overlay-type":"","overlay-color":"","overlay-opacity":"","overlay-gradient":""},"mobile":{"background-color":"","background-image":"","background-repeat":"repeat","background-position":"center center","background-size":"auto","background-attachment":"scroll","background-type":"","background-media":"","overlay-type":"","overlay-color":"","overlay-opacity":"","overlay-gradient":""}},"ast-content-background-meta":{"desktop":{"background-color":"var(--ast-global-color-5)","background-image":"","background-repeat":"repeat","background-position":"center center","background-size":"auto","background-attachment":"scroll","background-type":"","background-media":"","overlay-type":"","overlay-color":"","overlay-opacity":"","overlay-gradient":""},"tablet":{"background-color":"var(--ast-global-color-5)","background-image":"","background-repeat":"repeat","background-position":"center center","background-size":"auto","background-attachment":"scroll","background-type":"","background-media":"","overlay-type":"","overlay-color":"","overlay-opacity":"","overlay-gradient":""},"mobile":{"background-color":"var(--ast-global-color-5)","background-image":"","background-repeat":"repeat","background-position":"center center","background-size":"auto","background-attachment":"scroll","background-type":"","background-media":"","overlay-type":"","overlay-color":"","overlay-opacity":"","overlay-gradient":""}},"footnotes":""},"class_list":["post-2197","page","type-page","status-publish","hentry"],"_links":{"self":[{"href":"http:\/\/acodalej.sk\/fr\/wp-json\/wp\/v2\/pages\/2197","targetHints":{"allow":["GET"]}}],"collection":[{"href":"http:\/\/acodalej.sk\/fr\/wp-json\/wp\/v2\/pages"}],"about":[{"href":"http:\/\/acodalej.sk\/fr\/wp-json\/wp\/v2\/types\/page"}],"author":[{"embeddable":true,"href":"http:\/\/acodalej.sk\/fr\/wp-json\/wp\/v2\/users\/1"}],"replies":[{"embeddable":true,"href":"http:\/\/acodalej.sk\/fr\/wp-json\/wp\/v2\/comments?post=2197"}],"version-history":[{"count":0,"href":"http:\/\/acodalej.sk\/fr\/wp-json\/wp\/v2\/pages\/2197\/revisions"}],"wp:attachment":[{"href":"http:\/\/acodalej.sk\/fr\/wp-json\/wp\/v2\/media?parent=2197"}],"curies":[{"name":"wp","href":"https:\/\/api.w.org\/{rel}","templated":true}]}}