{"id":1584,"date":"2023-11-26T17:08:38","date_gmt":"2023-11-26T17:08:38","guid":{"rendered":"http:\/\/acodalej.sk\/?page_id=1584"},"modified":"2024-11-09T15:00:25","modified_gmt":"2024-11-09T15:00:25","slug":"na-co-sme","status":"publish","type":"page","link":"http:\/\/acodalej.sk\/hu\/na-co-sme\/","title":{"rendered":"Na \u010do sme"},"content":{"rendered":"<div data-elementor-type=\"wp-page\" data-elementor-id=\"1584\" class=\"elementor elementor-1584\">\n\t\t\t\t<div class=\"has_eae_slider elementor-element elementor-element-dtpxyrj e-flex e-con-boxed e-con e-parent\" data-eae-slider=\"97716\" data-id=\"dtpxyrj\" data-element_type=\"container\" data-settings=\"{&quot;background_background&quot;:&quot;classic&quot;}\">\n\t\t\t\t\t<div class=\"e-con-inner\">\n\t\t\t\t<div class=\"elementor-element elementor-element-582eb7b elementor-widget elementor-widget-heading\" data-id=\"582eb7b\" data-element_type=\"widget\" data-widget_type=\"heading.default\">\n\t\t\t\t<div class=\"elementor-widget-container\">\n\t\t\t\t\t<h1 class=\"elementor-heading-title elementor-size-default\">Mi\u00e9rt vagyunk itt?<\/h1>\t\t\t\t<\/div>\n\t\t\t\t<\/div>\n\t\t\t\t\t<\/div>\n\t\t\t\t<\/div>\n\t\t<div class=\"has_eae_slider elementor-element elementor-element-l0npkg5 e-flex e-con-boxed e-con e-parent\" data-eae-slider=\"39786\" data-id=\"l0npkg5\" data-element_type=\"container\" data-settings=\"{&quot;background_background&quot;:&quot;classic&quot;}\">\n\t\t\t\t\t<div class=\"e-con-inner\">\n\t\t<div class=\"has_eae_slider elementor-element elementor-element-e6150a2 e-con-full e-flex e-con e-child\" data-eae-slider=\"19557\" data-id=\"e6150a2\" data-element_type=\"container\">\n\t\t\t\t<div class=\"elementor-element elementor-element-9b85f4b elementor-widget elementor-widget-image\" data-id=\"9b85f4b\" data-element_type=\"widget\" data-widget_type=\"image.default\">\n\t\t\t\t<div class=\"elementor-widget-container\">\n\t\t\t\t\t\t\t\t\t\t\t\t\t\t\t<img fetchpriority=\"high\" decoding=\"async\" width=\"564\" height=\"733\" src=\"http:\/\/acodalej.sk\/wp-content\/uploads\/2023\/11\/jesus-help.jpg\" class=\"attachment-full size-full wp-image-1596\" alt=\"\" srcset=\"http:\/\/acodalej.sk\/wp-content\/uploads\/2023\/11\/jesus-help.jpg 564w, http:\/\/acodalej.sk\/wp-content\/uploads\/2023\/11\/jesus-help-231x300.jpg 231w\" sizes=\"(max-width: 564px) 100vw, 564px\" \/>\t\t\t\t\t\t\t\t\t\t\t\t\t\t\t<\/div>\n\t\t\t\t<\/div>\n\t\t\t\t<\/div>\n\t\t<div class=\"has_eae_slider elementor-element elementor-element-96bd502 e-con-full e-flex e-con e-child\" data-eae-slider=\"59926\" data-id=\"96bd502\" data-element_type=\"container\">\n\t\t\t\t<div class=\"elementor-element elementor-element-a3059cc elementor-widget-tablet__width-inherit elementor-widget elementor-widget-heading\" data-id=\"a3059cc\" data-element_type=\"widget\" data-widget_type=\"heading.default\">\n\t\t\t\t<div class=\"elementor-widget-container\">\n\t\t\t\t\t<h2 class=\"elementor-heading-title elementor-size-default\">Istennek mindenkivel terve van.<\/h2>\t\t\t\t<\/div>\n\t\t\t\t<\/div>\n\t\t\t\t<div class=\"elementor-element elementor-element-1707dfc elementor-widget elementor-widget-text-editor\" data-id=\"1707dfc\" data-element_type=\"widget\" data-widget_type=\"text-editor.default\">\n\t\t\t\t<div class=\"elementor-widget-container\">\n\t\t\t\t\t\t\t\t\t<p>A mi feladatunk az, hogy megismerj\u00fck Teremt\u0151nket, beteljes\u00edts\u00fck az \u00e9let\u00fcnkre vonatkoz\u00f3 terv\u00e9t, \u00e9s seg\u00edts\u00fck egym\u00e1st.<\/p>\t\t\t\t\t\t\t\t<\/div>\n\t\t\t\t<\/div>\n\t\t\t\t<div class=\"elementor-element elementor-element-ef27828 elementor-widget elementor-widget-text-editor\" data-id=\"ef27828\" data-element_type=\"widget\" data-widget_type=\"text-editor.default\">\n\t\t\t\t<div class=\"elementor-widget-container\">\n\t\t\t\t\t\t\t\t\t<p>Azt mondj\u00e1k, hogy a t\u00f6rt\u00e9nelem ism\u00e9tli \u00f6nmag\u00e1t. Igen, a t\u00f6rt\u00e9nelem esem\u00e9nyei ism\u00e9tl\u0151dnek, de vannak egyszeri esem\u00e9nyek. Az ember csak egyszer sz\u00fcletik, \u00e9s e f\u00f6ldi \u00e9let ut\u00e1n elhagyja, \u00e9s Isten \u00edt\u00e9let\u00e9re ker\u00fcl. Az \u00edt\u00e9letb\u0151l a mennybe vagy a pokolba.<\/p>\t\t\t\t\t\t\t\t<\/div>\n\t\t\t\t<\/div>\n\t\t\t\t<div class=\"elementor-element elementor-element-4f74bc3 elementor-widget elementor-widget-text-editor\" data-id=\"4f74bc3\" data-element_type=\"widget\" data-widget_type=\"text-editor.default\">\n\t\t\t\t<div class=\"elementor-widget-container\">\n\t\t\t\t\t\t\t\t\t<p>A Teremt\u0151 \u2013 Aty\u00e1nk a saj\u00e1t k\u00e9p\u00e9re teremtett minket, \u00e9s r\u00e1nk b\u00edzta a f\u00f6ld gondnoks\u00e1g\u00e1nak feladat\u00e1t. Miut\u00e1n az ember a Teremt\u0151 ellen l\u00e1zadt, \u00f6r\u00f6kre ki\u0171zetett a jelenl\u00e9t\u00e9b\u0151l. Szeretet\u00e9ben lehet\u0151s\u00e9get k\u00e9sz\u00edtett nek\u00fcnk a visszat\u00e9r\u00e9sre.<\/p>\t\t\t\t\t\t\t\t<\/div>\n\t\t\t\t<\/div>\n\t\t\t\t<\/div>\n\t\t\t\t\t<\/div>\n\t\t\t\t<\/div>\n\t\t<div class=\"has_eae_slider elementor-element elementor-element-npkpmkc e-flex e-con-boxed e-con e-parent\" data-eae-slider=\"16615\" data-id=\"npkpmkc\" data-element_type=\"container\" data-settings=\"{&quot;background_background&quot;:&quot;classic&quot;}\">\n\t\t\t\t\t<div class=\"e-con-inner\">\n\t\t<div class=\"has_eae_slider elementor-element elementor-element-1f7f824 e-con-full e-flex e-con e-child\" data-eae-slider=\"47661\" data-id=\"1f7f824\" data-element_type=\"container\">\n\t\t\t\t<div class=\"elementor-element elementor-element-70b1a4d elementor-widget elementor-widget-text-editor\" data-id=\"70b1a4d\" data-element_type=\"widget\" data-widget_type=\"text-editor.default\">\n\t\t\t\t<div class=\"elementor-widget-container\">\n\t\t\t\t\t\t\t\t\t<p>Az els\u0151 emberek b\u0171ne miatt Isten meg\u00f6lte az \u00e1llatot, \u00e9s v\u00e9res b\u0151r\u00e9vel bor\u00edtotta be az embereket, hogy cselekedhessen az \u00e9let\u00fckben \u00e9s megmenthesse az embereket. Lehet\u0151s\u00e9g\u00fcnk van arra, hogy sz\u00e9p megjelen\u00e9st, h\u00edrnevet \u00e9s dics\u0151s\u00e9get \u00e9p\u00edts\u00fcnk magunknak ezen a f\u00f6ld\u00f6n, ahov\u00e1 meztelen\u00fcl j\u00f6tt\u00fcnk, \u00e9s ahonnan meztelen\u00fcl t\u00e1vozunk az \u00f6r\u00f6kk\u00e9val\u00f3s\u00e1gba. Lehet\u0151s\u00e9g\u00fcnk van megal\u00e1zkodni \u00e9s elfogadni Isten akarat\u00e1t a f\u00f6ldi \u00e9s \u00f6r\u00f6k \u00e9letre vonatkoz\u00f3an, amelyet az \u00dar J\u00e9zus tett lehet\u0151v\u00e9 sz\u00e1munkra.<\/p>\t\t\t\t\t\t\t\t<\/div>\n\t\t\t\t<\/div>\n\t\t\t\t<div class=\"elementor-element elementor-element-28e49c8 elementor-widget elementor-widget-text-editor\" data-id=\"28e49c8\" data-element_type=\"widget\" data-widget_type=\"text-editor.default\">\n\t\t\t\t<div class=\"elementor-widget-container\">\n\t\t\t\t\t\t\t\t\t<p>Egy b\u00edr\u00f3 \u00e9s egy b\u0171n\u00f6z\u0151 \u00e1ll a b\u00edr\u00f3s\u00e1gon, akinek b\u0171n\u00f6ss\u00e9g\u00e9t bebizony\u00edtott\u00e1k. A b\u0171n\u00f6z\u0151t hal\u00e1lra \u00edt\u00e9lik. Egy f\u00e9rfi bel\u00e9p a t\u00e1rgyal\u00f3terembe, \u00e9s arra k\u00e9ri a b\u00edr\u00f3t, hogy adjon es\u00e9lyt a b\u0171n\u00f6z\u0151nek a j\u00f3v\u00e1t\u00e9telre. Fel\u00e1ldozta az \u00e9let\u00e9t, hogy megb\u0171nh\u0151dj\u00f6n a b\u0171n\u00f6z\u0151\u00e9rt, \u00e9s a b\u0171n\u00f6z\u0151t szabadon engedt\u00e9k. A f\u00e9rfi, aki felaj\u00e1nlotta az \u00e9let\u00e9t, a b\u00edr\u00f3 fia volt, \u00e9s a b\u00edr\u00f3-apja az\u00e9rt k\u00e9rte t\u0151le ezt, mert sajn\u00e1lta a b\u0171n\u00f6z\u0151t. A fi\u00fat kiv\u00e9gezt\u00e9k, a b\u0171n\u00f6z\u0151t pedig szabadon engedt\u00e9k. Kij\u00f6n a t\u00e1rgyal\u00f3teremb\u0151l, \u00e9s l\u00e1tja a naps\u00fct\u00e9sben f\u00fcrd\u0151 eget, a madarak \u00e9nek\u00e9t. \u00daj \u00e9let v\u00e1r r\u00e1, amelyet az apa \u00e9s fia szerelm\u00fck r\u00e9v\u00e9n tettek lehet\u0151v\u00e9. Rajta m\u00falik, hogyan \u00e9l tov\u00e1bb. Nem lesz m\u00e1sodik es\u00e9ly. Ez az Atyaisten, a Fi\u00fa \u00e9s mindannyiunk, b\u0171n\u00f6z\u0151k k\u00e9pm\u00e1sa.<\/p>\n<p><span style=\"font-weight: 400;\">&nbsp;<\/span><\/p>\t\t\t\t\t\t\t\t<\/div>\n\t\t\t\t<\/div>\n\t\t\t\t<\/div>\n\t\t<div class=\"has_eae_slider elementor-element elementor-element-07afb6e e-con-full e-flex e-con e-child\" data-eae-slider=\"68405\" data-id=\"07afb6e\" data-element_type=\"container\">\n\t\t\t\t<div class=\"elementor-element elementor-element-83930a5 elementor-widget elementor-widget-image\" data-id=\"83930a5\" data-element_type=\"widget\" data-widget_type=\"image.default\">\n\t\t\t\t<div class=\"elementor-widget-container\">\n\t\t\t\t\t\t\t\t\t\t\t\t\t\t\t<img decoding=\"async\" width=\"1000\" height=\"563\" src=\"http:\/\/acodalej.sk\/wp-content\/uploads\/2023\/11\/judge.jpg\" class=\"attachment-full size-full wp-image-1597\" alt=\"\" srcset=\"http:\/\/acodalej.sk\/wp-content\/uploads\/2023\/11\/judge.jpg 1000w, http:\/\/acodalej.sk\/wp-content\/uploads\/2023\/11\/judge-300x169.jpg 300w, http:\/\/acodalej.sk\/wp-content\/uploads\/2023\/11\/judge-768x432.jpg 768w\" sizes=\"(max-width: 1000px) 100vw, 1000px\" \/>\t\t\t\t\t\t\t\t\t\t\t\t\t\t\t<\/div>\n\t\t\t\t<\/div>\n\t\t\t\t<\/div>\n\t\t\t\t\t<\/div>\n\t\t\t\t<\/div>\n\t\t<div class=\"has_eae_slider elementor-element elementor-element-9660113 e-flex e-con-boxed e-con e-parent\" data-eae-slider=\"33776\" data-id=\"9660113\" data-element_type=\"container\" data-settings=\"{&quot;background_background&quot;:&quot;classic&quot;}\">\n\t\t\t\t\t<div class=\"e-con-inner\">\n\t\t<div class=\"has_eae_slider elementor-element elementor-element-1714fe8 e-con-full e-flex e-con e-child\" data-eae-slider=\"9876\" data-id=\"1714fe8\" data-element_type=\"container\">\n\t\t\t\t<div class=\"elementor-element elementor-element-1923d4b elementor-widget elementor-widget-image\" data-id=\"1923d4b\" data-element_type=\"widget\" data-widget_type=\"image.default\">\n\t\t\t\t<div class=\"elementor-widget-container\">\n\t\t\t\t\t\t\t\t\t\t\t\t\t\t\t<img decoding=\"async\" width=\"612\" height=\"356\" src=\"http:\/\/acodalej.sk\/wp-content\/uploads\/2024\/02\/desatoro.png\" class=\"attachment-full size-full wp-image-2038\" alt=\"\" srcset=\"http:\/\/acodalej.sk\/wp-content\/uploads\/2024\/02\/desatoro.png 612w, http:\/\/acodalej.sk\/wp-content\/uploads\/2024\/02\/desatoro-300x175.png 300w\" sizes=\"(max-width: 612px) 100vw, 612px\" \/>\t\t\t\t\t\t\t\t\t\t\t\t\t\t\t<\/div>\n\t\t\t\t<\/div>\n\t\t\t\t<\/div>\n\t\t<div class=\"has_eae_slider elementor-element elementor-element-a86e0c5 e-con-full e-flex e-con e-child\" data-eae-slider=\"64975\" data-id=\"a86e0c5\" data-element_type=\"container\">\n\t\t\t\t<div class=\"elementor-element elementor-element-dc290a8 elementor-widget elementor-widget-text-editor\" data-id=\"dc290a8\" data-element_type=\"widget\" data-widget_type=\"text-editor.default\">\n\t\t\t\t<div class=\"elementor-widget-container\">\n\t\t\t\t\t\t\t\t\t<p>Isten Szent \u2013 teljesen tiszta, \u0150 T\u0171z, \u0150 a F\u00e9ny ott, ahol nincs \u00e1rny\u00e9k, \u0150 a Sz\u00f6rny\u0171, Igazs\u00e1gos \u00e9s Mindenhat\u00f3 Isten.<\/p>\t\t\t\t\t\t\t\t<\/div>\n\t\t\t\t<\/div>\n\t\t\t\t<div class=\"elementor-element elementor-element-76e7465 elementor-widget elementor-widget-text-editor\" data-id=\"76e7465\" data-element_type=\"widget\" data-widget_type=\"text-editor.default\">\n\t\t\t\t<div class=\"elementor-widget-container\">\n\t\t\t\t\t\t\t\t\t<p>A gonosz l\u00e9ny olyan, mint a fa, a h\u0171s\u00e9ges l\u00e9ny olyan, mint az arany. A fa t\u0171zben \u00e9g, \u00e9s az arany megtisztul. A Szent Isten megmutatja nek\u00fcnk a saj\u00e1t val\u00f3s\u00e1gunkat, azt, hogy b\u0171n\u00f6z\u0151k vagyunk, akik megszegik az \u00e9let t\u00f6rv\u00e9nyeit. Az \u00e9let \u00e9s a hal\u00e1l k\u00f6z\u00f6tti hat\u00e1r Isten t\u00f6rv\u00e9nye:<\/p>\t\t\t\t\t\t\t\t<\/div>\n\t\t\t\t<\/div>\n\t\t\t\t<div class=\"elementor-element elementor-element-61987f8 elementor-widget elementor-widget-text-editor\" data-id=\"61987f8\" data-element_type=\"widget\" data-widget_type=\"text-editor.default\">\n\t\t\t\t<div class=\"elementor-widget-container\">\n\t\t\t\t\t\t\t\t\t<p>1. Tiszteld Istent naponta \u2013 fogadd be \u00e9s tartsd meg Isten szav\u00e1t<br>2. Ne im\u00e1dj b\u00e1lv\u00e1nyokat \u2013 ne k\u00f6vess semmilyen m\u00e1s \u00e9letszab\u00e1lyt, mint a Teremt\u0151\u00e9t<br>3. Isten nev\u00e9t hi\u00e1ba ne ejtsd.<br>4. Hat napon dolgozz, \u00e9s a hetediken pihenj.<br>5. Tiszteld ap\u00e1dat \u00e9s any\u00e1dat, hogy hossz\u00fa \u00e9let\u0171 l\u00e9gy \u00e9s j\u00f3 dolgod legyen a f\u00f6ld\u00f6n.<br>6. Ne \u00f6lj!<br>7. Ne k\u00f6vess el h\u00e1zass\u00e1gt\u00f6r\u00e9st \u2013 h\u00e1zass\u00e1gon k\u00edv\u00fcli szexu\u00e1lis kapcsolatot f\u00e9rfi \u00e9s n\u0151 k\u00f6z\u00f6tt<br>8. Ne lopj!<br>9. Ne hazudj \u00e9s ne r\u00e1galmazz<br>10. Ne l\u00e9gy f\u00e9lt\u00e9keny.<\/p>\t\t\t\t\t\t\t\t<\/div>\n\t\t\t\t<\/div>\n\t\t\t\t<\/div>\n\t\t\t\t\t<\/div>\n\t\t\t\t<\/div>\n\t\t<div class=\"has_eae_slider elementor-element elementor-element-fed1e7e e-flex e-con-boxed e-con e-parent\" data-eae-slider=\"52128\" data-id=\"fed1e7e\" data-element_type=\"container\" data-settings=\"{&quot;background_background&quot;:&quot;classic&quot;}\">\n\t\t\t\t\t<div class=\"e-con-inner\">\n\t\t<div class=\"has_eae_slider elementor-element elementor-element-929da76 e-con-full e-flex e-con e-child\" data-eae-slider=\"18712\" data-id=\"929da76\" data-element_type=\"container\">\n\t\t\t\t<div class=\"elementor-element elementor-element-7d65436 elementor-widget elementor-widget-text-editor\" data-id=\"7d65436\" data-element_type=\"widget\" data-widget_type=\"text-editor.default\">\n\t\t\t\t<div class=\"elementor-widget-container\">\n\t\t\t\t\t\t\t\t\t<p>Az \u00e9let t\u00f6rv\u00e9nyeinek megszeg\u00e9s\u00e9nek zsoldja a hal\u00e1l, de Isten aj\u00e1nd\u00e9ka az \u00f6r\u00f6k \u00e9let J\u00e9zus Krisztus \u00e1ltal. A hal\u00e1l a Teremt\u0151t\u0151l val\u00f3 elszakad\u00e1s, a mag\u00e1ny \u00e9s a hanyatl\u00e1s \u00e1llapota. Ha ilyen szavak hallat\u00e1n felismerem ezt az \u00e1llapotot, akkor el\u00edt\u00e9ltk\u00e9nt amneszti\u00e1t-kegyelmet k\u00e9rhetek. Isten nem er\u0151lteti mag\u00e1t senkire, nincs r\u00e1nk sz\u00fcks\u00e9ge, nek\u00fcnk van sz\u00fcks\u00e9g\u00fcnk \u0150r\u00e1.<\/p>\t\t\t\t\t\t\t\t<\/div>\n\t\t\t\t<\/div>\n\t\t\t\t<\/div>\n\t\t<div class=\"has_eae_slider elementor-element elementor-element-79c0a50 e-con-full e-flex e-con e-child\" data-eae-slider=\"59782\" data-id=\"79c0a50\" data-element_type=\"container\">\n\t\t\t\t<div class=\"elementor-element elementor-element-e34b43a elementor-widget elementor-widget-image\" data-id=\"e34b43a\" data-element_type=\"widget\" data-widget_type=\"image.default\">\n\t\t\t\t<div class=\"elementor-widget-container\">\n\t\t\t\t\t\t\t\t\t\t\t\t\t\t\t<img loading=\"lazy\" decoding=\"async\" width=\"1376\" height=\"774\" src=\"http:\/\/acodalej.sk\/wp-content\/uploads\/2023\/11\/calltogod.jpeg\" class=\"attachment-full size-full wp-image-1598\" alt=\"\" srcset=\"http:\/\/acodalej.sk\/wp-content\/uploads\/2023\/11\/calltogod.jpeg 1376w, http:\/\/acodalej.sk\/wp-content\/uploads\/2023\/11\/calltogod-300x169.jpeg 300w, http:\/\/acodalej.sk\/wp-content\/uploads\/2023\/11\/calltogod-1024x576.jpeg 1024w, http:\/\/acodalej.sk\/wp-content\/uploads\/2023\/11\/calltogod-768x432.jpeg 768w\" sizes=\"(max-width: 1376px) 100vw, 1376px\" \/>\t\t\t\t\t\t\t\t\t\t\t\t\t\t\t<\/div>\n\t\t\t\t<\/div>\n\t\t\t\t<\/div>\n\t\t\t\t\t<\/div>\n\t\t\t\t<\/div>\n\t\t<div class=\"has_eae_slider elementor-element elementor-element-5eb1d3cd e-flex e-con-boxed e-con e-parent\" data-eae-slider=\"78097\" data-id=\"5eb1d3cd\" data-element_type=\"container\" data-settings=\"{&quot;background_background&quot;:&quot;classic&quot;}\">\n\t\t\t\t\t<div class=\"e-con-inner\">\n\t\t<div class=\"has_eae_slider elementor-element elementor-element-6f38eaa3 e-con-full e-flex e-con e-child\" data-eae-slider=\"92216\" data-id=\"6f38eaa3\" data-element_type=\"container\">\n\t\t\t\t<div class=\"elementor-element elementor-element-2f650512 elementor-widget elementor-widget-image\" data-id=\"2f650512\" data-element_type=\"widget\" data-widget_type=\"image.default\">\n\t\t\t\t<div class=\"elementor-widget-container\">\n\t\t\t\t\t\t\t\t\t\t\t\t\t\t\t<img loading=\"lazy\" decoding=\"async\" width=\"2560\" height=\"1390\" src=\"http:\/\/acodalej.sk\/wp-content\/uploads\/2023\/11\/jesusanddisciples-scaled.webp\" class=\"attachment-full size-full wp-image-1599\" alt=\"\" srcset=\"http:\/\/acodalej.sk\/wp-content\/uploads\/2023\/11\/jesusanddisciples-scaled.webp 2560w, http:\/\/acodalej.sk\/wp-content\/uploads\/2023\/11\/jesusanddisciples-300x163.webp 300w, http:\/\/acodalej.sk\/wp-content\/uploads\/2023\/11\/jesusanddisciples-1024x556.webp 1024w, http:\/\/acodalej.sk\/wp-content\/uploads\/2023\/11\/jesusanddisciples-768x417.webp 768w, http:\/\/acodalej.sk\/wp-content\/uploads\/2023\/11\/jesusanddisciples-1536x834.webp 1536w, http:\/\/acodalej.sk\/wp-content\/uploads\/2023\/11\/jesusanddisciples-2048x1112.webp 2048w\" sizes=\"(max-width: 2560px) 100vw, 2560px\" \/>\t\t\t\t\t\t\t\t\t\t\t\t\t\t\t<\/div>\n\t\t\t\t<\/div>\n\t\t\t\t<\/div>\n\t\t<div class=\"has_eae_slider elementor-element elementor-element-298f70f1 e-con-full e-flex e-con e-child\" data-eae-slider=\"87589\" data-id=\"298f70f1\" data-element_type=\"container\">\n\t\t\t\t<div class=\"elementor-element elementor-element-6f1fb878 elementor-widget elementor-widget-text-editor\" data-id=\"6f1fb878\" data-element_type=\"widget\" data-widget_type=\"text-editor.default\">\n\t\t\t\t<div class=\"elementor-widget-container\">\n\t\t\t\t\t\t\t\t\t<p>Amikor meg\u00e9rtj\u00fck, hogy minden er\u0151fesz\u00edt\u00e9s\u00fcnk \u00e9s l\u00e9tez\u00e9s\u00fcnk \u0150n\u00e9lk\u00fcle hi\u00e1baval\u00f3 volt, \u00e9s v\u00e9g\u00fcl a pokol szenved\u00e9s\u00e9ben fogunk elpusztulni, akkor beismerhetj\u00fck, hogy elveszt\u00fcnk, \u00e9s irgalmat k\u00e9rhet\u00fcnk. Isten egysz\u00fcl\u00f6tt Fi\u00e1t adta, \u00e9s ezt a sz\u00e1nd\u00e9k\u00e1t \u00e9vezredekkel el\u0151re bejelentette azokon az embereken kereszt\u00fcl, akik kerest\u00e9k \u0150t \u00e9s ez\u00e9rt a kegyelem\u00e9rt k\u00f6ny\u00f6r\u00f6gtek. Fia 2000 \u00e9vvel ezel\u0151tt jelent meg a n\u00e1z\u00e1reti J\u00e9zusk\u00e9nt, \u00e9s a Teremt\u0151 Bibli\u00e1ban le\u00edrt szab\u00e1lyai szerint \u00e9lt. Amikor t\u00f6bb mint 35 \u00e9ves volt, az Atya elh\u00edvta, hogy bet\u00f6ltse f\u00f6ldi \u00e9let\u00e9nek hivat\u00e1s\u00e1t. Elkezdte hirdetni Isten \u00fczenet\u00e9t-ig\u00e9j\u00e9t, amelyet egyszer\u0171 emberk\u00e9nt \u00e9vtizedekig tanult \u00e9s \u00e9lt a f\u00f6ld\u00f6n. Isten csod\u00e1kkal er\u0151s\u00edtette meg ezeket az ig\u00e9ket, mint p\u00e9ld\u00e1ul a s\u00e1nt\u00e1k, vakok, s\u00fcketek meggy\u00f3gy\u00edt\u00e1sa, az emberek \u00e9let\u00e9nek rosszb\u00f3l j\u00f3v\u00e1 alak\u00edt\u00e1sa, a gonosz szellemekt\u0151l val\u00f3 megszabad\u00edt\u00e1s, a halottak felt\u00e1maszt\u00e1sa, az \u00e9lelem megsokszoroz\u00e1sa, a vihar lecsendes\u00edt\u00e9se \u00e9s Isten sz\u00e1mos m\u00e1s term\u00e9szetfeletti meger\u0151s\u00edt\u00e9se. Azok az emberek, akik megel\u00e9gedtek gonosz f\u00f6ldi \u00e9let\u00fckkel, gy\u0171l\u00f6lt\u00e9k \u0150t, \u00e9s brut\u00e1lisan meggyilkolt\u00e1k. \u0150 nem \u00e1llt ellen, mert ezzel \u00e9let\u00e9t adta \u00e1ldozatk\u00e9nt, v\u00e1lts\u00e1gd\u00edjk\u00e9nt minden ember\u00e9rt. Hal\u00e1la ut\u00e1ni harmadik napon felt\u00e1madt, \u00e9s negyven napig megjelent k\u00f6zeli bar\u00e1tainak, majd k\u00f6r\u00fclbel\u00fcl 500 ember szeme l\u00e1tt\u00e1ra felment a mennybe, \u00e9s elt\u0171nt el\u0151l\u00fck a felh\u0151kben. Felment a mennybe, ahol nagy \u00fcnneps\u00e9get tartottak, \u00e9s megkoron\u00e1zt\u00e1k az emberis\u00e9g Kir\u00e1ly\u00e1t \u00e9s Megv\u00e1lt\u00f3j\u00e1t.<\/p>\t\t\t\t\t\t\t\t<\/div>\n\t\t\t\t<\/div>\n\t\t\t\t<\/div>\n\t\t\t\t\t<\/div>\n\t\t\t\t<\/div>\n\t\t<div class=\"has_eae_slider elementor-element elementor-element-775376a e-con-full e-flex e-con e-parent\" data-eae-slider=\"1932\" data-id=\"775376a\" data-element_type=\"container\" data-settings=\"{&quot;background_background&quot;:&quot;classic&quot;,&quot;animation&quot;:&quot;none&quot;}\">\n\t\t<div class=\"has_eae_slider elementor-element elementor-element-1668c8b e-con-full e-flex e-con e-child\" data-eae-slider=\"38692\" data-id=\"1668c8b\" data-element_type=\"container\">\n\t\t\t\t<div class=\"elementor-element elementor-element-702c9e5 elementor-widget elementor-widget-text-editor\" data-id=\"702c9e5\" data-element_type=\"widget\" data-widget_type=\"text-editor.default\">\n\t\t\t\t<div class=\"elementor-widget-container\">\n\t\t\t\t\t\t\t\t\t<p style=\"text-align: left;\">Tele vagyunk a vil\u00e1gb\u00f3l sz\u00e1rmaz\u00f3 inform\u00e1ci\u00f3kkal \u00e9s hittel benne, de amikor hisz\u00fcnk Isten szav\u00e1ban \u00e9s seg\u00edts\u00e9g\u00fcl h\u00edvjuk \u0150t meger\u0151s\u00edt\u00e9s\u00e9rt, akkor meg\u00e9rkezik a v\u00e1lasz, \u00e9s mindenki, aki megtapasztalta, csod\u00e1latos b\u00e9k\u00e9r\u0151l \u00e9s az azt k\u00f6vet\u0151 pozit\u00edv \u00e9letv\u00e1ltoz\u00e1sr\u00f3l tesz tan\u00fabizonys\u00e1got. F\u00f6ldi \u00e9let\u00fcnk legfontosabb \u00e9rtelm\u00e9r\u0151l sz\u00f3l - Teremt\u0151nk \u00e9s Megv\u00e1lt\u00f3nk-Megv\u00e1lt\u00f3nk megismer\u00e9s\u00e9r\u0151l, \u00e9s az azt k\u00f6vet\u0151 elszakad\u00e1sr\u00f3l azokt\u00f3l a hat\u00e1sokt\u00f3l, amelyek t\u00f6nkretett\u00e9k \u00e9let\u00fcnket, csal\u00e1dunkat \u00e9s t\u00e1rsadalmunkat. Isten l\u00e1togat\u00e1sa ut\u00e1n k\u00f6vetkezik a meger\u0151s\u00edt\u00e9s\u00fcnk - egy al\u00e1\u00edr\u00e1s, amelyet Isten v\u00edzbe mer\u00edt\u00e9snek nevez, ahol kifejezz\u00fck, hogy az \u00dar J\u00e9zus meghalt \u00e9rt\u00fcnk a kereszten, \u00e9s eltemett\u00e9k, \u00e9s kij\u00f6tt a v\u00edzb\u0151l, amikor az \u00dar J\u00e9zus kij\u00f6tt a s\u00edrb\u00f3l az \u00f6r\u00f6k \u00e9letre. \u00cdgy elismerem, hogy meghaltam Vele a l\u00e1zad\u00e1s\u00e9rt, a b\u0171n\u00e9rt, hogy teret adjak Istennek, hogy vezesse az \u00e9letemet. Isten a Bibli\u00e1b\u00f3l sz\u00e1rmaz\u00f3 szav\u00e1nak napi befogad\u00e1s\u00e1n kereszt\u00fcl vezet minket, \u00e9s minden ember sz\u00e1m\u00e1ra konkr\u00e9t terve van, faji, iskolai v\u00e9gzetts\u00e9g\u0171, kor\u00fa, nemi, kor\u00e1bbi vall\u00e1si h\u00e1tter\u0171 \u00e9s elk\u00f6vetett b\u0171ncselekm\u00e9nyekt\u0151l f\u00fcggetlen\u00fcl. Isten terve j\u00f3, t\u00f6k\u00e9letes \u00e9s minden ember sz\u00e1m\u00e1ra kedves.<\/p>\n<p style=\"text-align: left;\"><b>Aty\u00e1m, Te \u00e9lsz \u00e9s meghallgatsz engem, Te teremtett\u00e9l engem, k\u00e9rlek, adj nekem tiszta sz\u00edvet, hogy l\u00e1thassam, mit k\u00e9sz\u00edtett\u00e9l nekem a f\u00f6ld\u00f6n \u00e9s a mennyben.<\/b><\/p>\t\t\t\t\t\t\t\t<\/div>\n\t\t\t\t<\/div>\n\t\t\t\t<div class=\"elementor-element elementor-element-42ebe43 elementor-widget elementor-widget-video\" data-id=\"42ebe43\" data-element_type=\"widget\" data-settings=\"{&quot;youtube_url&quot;:&quot;https:\\\/\\\/youtu.be\\\/qo-OHwppAko?feature=shared&quot;,&quot;video_type&quot;:&quot;youtube&quot;,&quot;controls&quot;:&quot;yes&quot;}\" data-widget_type=\"video.default\">\n\t\t\t\t<div class=\"elementor-widget-container\">\n\t\t\t\t\t\t\t<div class=\"elementor-wrapper elementor-open-inline\">\n\t\t\t<div class=\"elementor-video\"><\/div>\t\t<\/div>\n\t\t\t\t\t\t<\/div>\n\t\t\t\t<\/div>\n\t\t\t\t<\/div>\n\t\t\t\t<\/div>\n\t\t\t\t<\/div>","protected":false},"excerpt":{"rendered":"<p>Na \u010do tu sme? Boh m\u00e1 pl\u00e1n pre ka\u017ed\u00e9ho Na\u0161a \u00faloha je pozn\u00e1va\u0165 n\u00e1\u0161ho Stvorite\u013ea, plni\u0165 Jeho pl\u00e1n pre na\u0161e \u017eivoty a navz\u00e1jom si pom\u00e1ha\u0165. Hovor\u00ed sa, \u017ee hist\u00f3ria sa opakuje. \u00c1no udalosti hist\u00f3rie sa opakuj\u00fa, ale niektor\u00e9 udalosti s\u00fa jednorazov\u00e9. Iba raz sa \u010dlovek narod\u00ed a po pozemskom \u017eivote odch\u00e1dza a ide na Bo\u017e\u00ed [&hellip;]<\/p>","protected":false},"author":1,"featured_media":0,"parent":0,"menu_order":0,"comment_status":"closed","ping_status":"closed","template":"","meta":{"site-sidebar-layout":"no-sidebar","site-content-layout":"page-builder","ast-site-content-layout":"full-width-container","site-content-style":"default","site-sidebar-style":"default","ast-global-header-display":"","ast-banner-title-visibility":"","ast-main-header-display":"","ast-hfb-above-header-display":"","ast-hfb-below-header-display":"","ast-hfb-mobile-header-display":"","site-post-title":"disabled","ast-breadcrumbs-content":"disabled","ast-featured-img":"disabled","footer-sml-layout":"","theme-transparent-header-meta":"enabled","adv-header-id-meta":"","stick-header-meta":"","header-above-stick-meta":"","header-main-stick-meta":"","header-below-stick-meta":"","astra-migrate-meta-layouts":"set","ast-page-background-enabled":"default","ast-page-background-meta":{"desktop":{"background-color":"var(--ast-global-color-4)","background-image":"","background-repeat":"repeat","background-position":"center center","background-size":"auto","background-attachment":"scroll","background-type":"","background-media":"","overlay-type":"","overlay-color":"","overlay-opacity":"","overlay-gradient":""},"tablet":{"background-color":"","background-image":"","background-repeat":"repeat","background-position":"center center","background-size":"auto","background-attachment":"scroll","background-type":"","background-media":"","overlay-type":"","overlay-color":"","overlay-opacity":"","overlay-gradient":""},"mobile":{"background-color":"","background-image":"","background-repeat":"repeat","background-position":"center center","background-size":"auto","background-attachment":"scroll","background-type":"","background-media":"","overlay-type":"","overlay-color":"","overlay-opacity":"","overlay-gradient":""}},"ast-content-background-meta":{"desktop":{"background-color":"var(--ast-global-color-5)","background-image":"","background-repeat":"repeat","background-position":"center center","background-size":"auto","background-attachment":"scroll","background-type":"","background-media":"","overlay-type":"","overlay-color":"","overlay-opacity":"","overlay-gradient":""},"tablet":{"background-color":"var(--ast-global-color-5)","background-image":"","background-repeat":"repeat","background-position":"center center","background-size":"auto","background-attachment":"scroll","background-type":"","background-media":"","overlay-type":"","overlay-color":"","overlay-opacity":"","overlay-gradient":""},"mobile":{"background-color":"var(--ast-global-color-5)","background-image":"","background-repeat":"repeat","background-position":"center center","background-size":"auto","background-attachment":"scroll","background-type":"","background-media":"","overlay-type":"","overlay-color":"","overlay-opacity":"","overlay-gradient":""}},"footnotes":""},"class_list":["post-1584","page","type-page","status-publish","hentry"],"_links":{"self":[{"href":"http:\/\/acodalej.sk\/hu\/wp-json\/wp\/v2\/pages\/1584","targetHints":{"allow":["GET"]}}],"collection":[{"href":"http:\/\/acodalej.sk\/hu\/wp-json\/wp\/v2\/pages"}],"about":[{"href":"http:\/\/acodalej.sk\/hu\/wp-json\/wp\/v2\/types\/page"}],"author":[{"embeddable":true,"href":"http:\/\/acodalej.sk\/hu\/wp-json\/wp\/v2\/users\/1"}],"replies":[{"embeddable":true,"href":"http:\/\/acodalej.sk\/hu\/wp-json\/wp\/v2\/comments?post=1584"}],"version-history":[{"count":0,"href":"http:\/\/acodalej.sk\/hu\/wp-json\/wp\/v2\/pages\/1584\/revisions"}],"wp:attachment":[{"href":"http:\/\/acodalej.sk\/hu\/wp-json\/wp\/v2\/media?parent=1584"}],"curies":[{"name":"wp","href":"https:\/\/api.w.org\/{rel}","templated":true}]}}