{"id":1725,"date":"2023-11-27T04:51:16","date_gmt":"2023-11-27T04:51:16","guid":{"rendered":"http:\/\/acodalej.sk\/?page_id=1725"},"modified":"2024-01-01T23:06:10","modified_gmt":"2024-01-01T23:06:10","slug":"zrod-narodov","status":"publish","type":"page","link":"http:\/\/acodalej.sk\/hu\/zrod-narodov\/","title":{"rendered":"Zrod n\u00e1rodov"},"content":{"rendered":"<div data-elementor-type=\"wp-page\" data-elementor-id=\"1725\" class=\"elementor elementor-1725\">\n\t\t\t\t<div class=\"has_eae_slider elementor-element elementor-element-d8b4f61 e-flex e-con-boxed e-con e-parent\" data-eae-slider=\"37086\" data-id=\"d8b4f61\" data-element_type=\"container\" data-settings=\"{&quot;background_background&quot;:&quot;classic&quot;}\">\n\t\t\t\t\t<div class=\"e-con-inner\">\n\t\t<div class=\"has_eae_slider elementor-element elementor-element-a08d00b e-con-full e-flex e-con e-child\" data-eae-slider=\"1156\" data-id=\"a08d00b\" data-element_type=\"container\">\n\t\t\t\t<div class=\"elementor-element elementor-element-f6df33e elementor-widget elementor-widget-heading\" data-id=\"f6df33e\" data-element_type=\"widget\" data-widget_type=\"heading.default\">\n\t\t\t\t<div class=\"elementor-widget-container\">\n\t\t\t\t\t<h1 class=\"elementor-heading-title elementor-size-default\">Nemzetek sz\u00fclet\u00e9se - Patriarch\u00e1k<\/h1>\t\t\t\t<\/div>\n\t\t\t\t<\/div>\n\t\t\t\t<\/div>\n\t\t\t\t\t<\/div>\n\t\t\t\t<\/div>\n\t\t<div class=\"has_eae_slider elementor-element elementor-element-57b8215 e-flex e-con-boxed e-con e-parent\" data-eae-slider=\"88378\" data-id=\"57b8215\" data-element_type=\"container\" data-settings=\"{&quot;background_background&quot;:&quot;classic&quot;}\">\n\t\t\t\t\t<div class=\"e-con-inner\">\n\t\t\t\t<div class=\"elementor-element elementor-element-1aa621b elementor-widget elementor-widget-heading\" data-id=\"1aa621b\" data-element_type=\"widget\" data-widget_type=\"heading.default\">\n\t\t\t\t<div class=\"elementor-widget-container\">\n\t\t\t\t\t<h2 class=\"elementor-heading-title elementor-size-default\">Teremt\u00e9s<\/h2>\t\t\t\t<\/div>\n\t\t\t\t<\/div>\n\t\t\t\t<div class=\"elementor-element elementor-element-6d6928f elementor-tabs-view-horizontal elementor-widget elementor-widget-tabs\" data-id=\"6d6928f\" data-element_type=\"widget\" data-widget_type=\"tabs.default\">\n\t\t\t\t<div class=\"elementor-widget-container\">\n\t\t\t\t\t\t\t<div class=\"elementor-tabs\">\n\t\t\t<div class=\"elementor-tabs-wrapper\" role=\"tablist\" >\n\t\t\t\t\t\t\t\t\t<div id=\"elementor-tab-title-1141\" class=\"elementor-tab-title elementor-tab-desktop-title\" aria-selected=\"true\" data-tab=\"1\" role=\"tab\" tabindex=\"0\" aria-controls=\"elementor-tab-content-1141\" aria-expanded=\"false\">10. fejezet<\/div>\n\t\t\t\t\t\t\t\t\t<div id=\"elementor-tab-title-1142\" class=\"elementor-tab-title elementor-tab-desktop-title\" aria-selected=\"false\" data-tab=\"2\" role=\"tab\" tabindex=\"-1\" aria-controls=\"elementor-tab-content-1142\" aria-expanded=\"false\">11. fejezet<\/div>\n\t\t\t\t\t\t\t<\/div>\n\t\t\t<div class=\"elementor-tabs-content-wrapper\" role=\"tablist\" aria-orientation=\"vertical\">\n\t\t\t\t\t\t\t\t\t<div class=\"elementor-tab-title elementor-tab-mobile-title\" aria-selected=\"true\" data-tab=\"1\" role=\"tab\" tabindex=\"0\" aria-controls=\"elementor-tab-content-1141\" aria-expanded=\"false\">10. fejezet<\/div>\n\t\t\t\t\t<div id=\"elementor-tab-content-1141\" class=\"elementor-tab-content elementor-clearfix\" data-tab=\"1\" role=\"tabpanel\" aria-labelledby=\"elementor-tab-title-1141\" tabindex=\"0\" hidden=\"false\"><p>1Ez No\u00e9 fiainak, S\u00e9mnek, H\u00e1mnak \u00e9s J\u00e1fetnek a nemzets\u00e9ge. Fiaik sz\u00fclettek az \u00f6z\u00f6nv\u00edz ut\u00e1n. 2J\u00e1fet fiai: G\u00f3mer, Mag\u00f3g, Madai, J\u00e1v\u00e1n, Tub\u00e1l, M\u00e9sek \u00e9s T\u00edr\u00e1sz. 3G\u00f3mer fiai: Asken\u00e1z, Rif\u00e1t \u00e9s T\u00f3garma. 4J\u00e1v\u00e1n fiai: Elisa, T\u00e1rsis, Kittim \u00e9s Rod\u00e1nim. 5Ezekb\u0151l terjedtek ki a tenger szigetei az \u0151 f\u00f6ldjeiken, mindegyiknek megvolt a maga nyelve, a maga nemzets\u00e9gei \u00e9s n\u00e9pei szerint. 6H\u00e1m fiai: K\u00fas, Micraim, P\u00fat \u00e9s K\u00e1na\u00e1n. 7K\u00fas fiai: Szeba, Havila, Szabta, Ram\u00e1 \u00e9s Szabteka. Ram\u00e1 fiai: Seba \u00e9s Ded\u00e1n. 8K\u00fas nemzette Nimr\u00f3dot. \u0150 lett az els\u0151 hatalmas a f\u00f6ld\u00f6n. 9Hatalmas vad\u00e1sz volt az \u00dar el\u0151tt. Ez\u00e9rt mondj\u00e1k: \u201eMint Nimr\u00f3d, olyan hatalmas vad\u00e1sz az \u00dar el\u0151tt.\u201d 10 Kir\u00e1lys\u00e1g\u00e1nak kezdete B\u00e1bel, Erek, Akk\u00e1d \u00e9s Kaln\u00e9 volt Sine\u00e1r f\u00f6ldj\u00e9n. 11 Err\u0151l a f\u00f6ldr\u0151l ment ki Assz\u00edri\u00e1ba, \u00e9s meg\u00e9p\u00edtette Niniv\u00e9t, Rehob\u00f3t-\u00cdrt, Kel\u00e1tot, 12 \u00e9s Reszent Ninive \u00e9s Kel\u00e1 k\u00f6z\u00f6tt \u2013 azt a nagy v\u00e1rost. 13 Micr\u00e1im nemzette L\u00fadot, An\u00e1mot, Leh\u00e1bot, Naftuhot, 14 Patr\u00f3szt \u00e9s Kaszl\u00fat, akikt\u0151l a filiszteusok \u00e9s a kaft\u00f3riak sz\u00e1rmaztak. 15 K\u00e1na\u00e1n nemzette Szid\u00f3nt, az \u0151 els\u0151sz\u00fcl\u00f6ttj\u00e9t, \u00e9s H\u00e9tet, 16 a jebuzit\u00e1kat, az amorit\u00e1kat, a girg\u00e1sit\u00e1kat, 17 a hivvieket, az arkit\u00e1kat, a sz\u00ednit\u00e1kat, 18 az arvadit\u00e1kat, a cem\u00e1rit\u00e1kat \u00e9s a hamatiakat. Azut\u00e1n sz\u00e9tsz\u00f3r\u00f3dtak a k\u00e1na\u00e1nit\u00e1k csal\u00e1djai. 19A k\u00e1na\u00e1nit\u00e1k ter\u00fclete Szid\u00f3nt\u00f3l Ger\u00e1rig terjedt G\u00e1z\u00e1ig, \u00e9s Szodom\u00e1ig, Gomor\u00e1ig, Adm\u00e1ig \u00e9s Cebojimig, eg\u00e9szen L\u00e1s\u00e1ig. 20Ezek H\u00e1m fiai csal\u00e1djaik, nyelveik, f\u00f6ldjeik \u00e9s nemzeteik szerint. 21S\u00e9mnek, H\u00e9ber \u00f6sszes fi\u00e1nak atyj\u00e1nak, J\u00e1fet id\u0151sebb testv\u00e9r\u00e9nek is sz\u00fclettek fiai. 22S\u00e9m fiai: El\u00e1m, Assur, Arpaksad, L\u00fad \u00e9s Ar\u00e1m. 23Ar\u00e1m fiai: \u00dac, K\u00fal, Geter \u00e9s M\u00e1s. 24Arpaksad S\u00e9la apja volt, S\u00e9la pedig H\u00e9ber apja. 25H\u00e9bernek k\u00e9t fia sz\u00fcletett: az egyiknek Peleg volt a neve, mert az \u0151 idej\u00e9ben oszlott el a f\u00f6ld; testv\u00e9r\u00e9nek a neve Jokt\u00e1n volt. 26Jokt\u00e1n nemzette Almod\u00e1dot, S\u00e9lefet, Hacarm\u00e1vetet, J\u00e1r\u00e1t, 27Hador\u00e1mot, Uz\u00e1lt, Dikl\u00e1t, 28\u00d3b\u00e1lt, Abim\u00e1elt, S\u00e9b\u00e1t, 29\u00d3f\u00edrt, Havil\u00e1t \u00e9s J\u00f3b\u00e1bot. Mindny\u00e1jan Jokt\u00e1n fiai voltak. 30M\u00e9s\u00e1t\u00f3l Szef\u00e1rig, a keleti hegyig laktak. 31Ezek S\u00e9m fiai csal\u00e1djaik, nyelv\u00fck \u00e9s n\u00e9p\u00fck szerint, f\u00f6ldjeiken. 32Ezek No\u00e9 fiainak csal\u00e1djai csal\u00e1djaik \u00e9s n\u00e9peik szerint: ezek k\u00f6z\u00fcl v\u00e1ltak sz\u00e9t a n\u00e9pek a f\u00f6ld\u00f6n az \u00f6z\u00f6nv\u00edz ut\u00e1n.<\/p><\/div>\n\t\t\t\t\t\t\t\t\t<div class=\"elementor-tab-title elementor-tab-mobile-title\" aria-selected=\"false\" data-tab=\"2\" role=\"tab\" tabindex=\"-1\" aria-controls=\"elementor-tab-content-1142\" aria-expanded=\"false\">11. fejezet<\/div>\n\t\t\t\t\t<div id=\"elementor-tab-content-1142\" class=\"elementor-tab-content elementor-clearfix\" data-tab=\"2\" role=\"tabpanel\" aria-labelledby=\"elementor-tab-title-1142\" tabindex=\"0\" hidden=\"hidden\"><p>1Egy nyelv\u00fck \u00e9s egy besz\u00e9d\u00fck volt az eg\u00e9sz f\u00f6ld\u00f6n. 2Amikor az emberek keletr\u0151l j\u00f6ttek, tal\u00e1ltak egy s\u00edks\u00e1got Sine\u00e1r f\u00f6ldj\u00e9n, \u00e9s ott letelepedtek. 3Azt mondt\u00e1k egym\u00e1snak: \u201eGyertek, csin\u00e1ljunk t\u00e9gl\u00e1kat, \u00e9s \u00e9gess\u00fck ki \u0151ket!\u201d T\u00e9gl\u00e1t haszn\u00e1ltak k\u0151 helyett, \u00e9s bitument a habarcs helyett. 4Azt\u00e1n ezt mondt\u00e1k: \u201eGyertek, \u00e9p\u00edts\u00fcnk magunknak v\u00e1rost \u00e9s tornyot, amelynek teteje az eget \u00e9ri, hogy nevet szerezz\u00fcnk magunknak, \u00e9s ne sz\u00e9ledj\u00fcnk el az eg\u00e9sz f\u00f6ld sz\u00edn\u00e9n.\u201d 5De az \u00dar lesz\u00e1llt, hogy megn\u00e9zze a v\u00e1rost \u00e9s a tornyot, amelyet az emberek \u00e9p\u00edtettek. 6Az \u00dar azt mondta: \u201eEgy n\u00e9p \u0151k, \u00e9s mindny\u00e1jan egy nyelvet besz\u00e9lnek. Ez csak a kezdete annak, amit tenni fognak; most m\u00e1r semmi sem akad\u00e1lyoztatja \u0151ket. 7Gyertek, menj\u00fcnk le, \u00e9s zavarjuk \u00f6ssze a nyelv\u00fcket, hogy ne \u00e9rts\u00e9k meg egym\u00e1st.\u201d 8\u00c9s sz\u00e9tsz\u00f3rta \u0151ket onnan az \u00dar az eg\u00e9sz f\u00f6ld sz\u00edn\u00e9re, \u00e9s abbahagyt\u00e1k a v\u00e1ros \u00e9p\u00edt\u00e9s\u00e9t. 9Ez\u00e9rt nevezt\u00e9k el B\u00e1belnek, mert ott zavarta \u00f6ssze az \u00daR az eg\u00e9sz f\u00f6ld nyelv\u00e9t. Onn\u00e9t sz\u00e9tsz\u00f3rta \u0151ket az \u00daR az eg\u00e9sz f\u00f6ld sz\u00edn\u00e9re. 10Ez S\u00e9m nemzets\u00e9ge: Az \u00f6z\u00f6nv\u00edz ut\u00e1n k\u00e9t \u00e9vvel S\u00e9m sz\u00e1z\u00e9ves volt, \u00e9s Arpaks\u00e1dot nemzette. 11 Arpaks\u00e1d sz\u00fclet\u00e9se ut\u00e1n S\u00e9m \u00f6tsz\u00e1z \u00e9vig \u00e9lt, \u00e9s fiai \u00e9s l\u00e1nyai sz\u00fclettek. 12 Arpaks\u00e1d harminc\u00f6t \u00e9ves kor\u00e1ban nemzette S\u00e9l\u00e1t. 13 S\u00e9la sz\u00fclet\u00e9se ut\u00e1n Arpaks\u00e1d n\u00e9gysz\u00e1zh\u00e1rom \u00e9vig \u00e9lt, \u00e9s fiai \u00e9s l\u00e1nyai sz\u00fclettek. 14 S\u00e9la harminc\u00e9ves kor\u00e1ban nemzette H\u00e9bert. 15 H\u00e9ber sz\u00fclet\u00e9se ut\u00e1n S\u00e9la n\u00e9gysz\u00e1zh\u00e1rom \u00e9vig \u00e9lt, \u00e9s fiai \u00e9s l\u00e1nyai sz\u00fclettek. 16 H\u00e9ber harmincn\u00e9gy \u00e9ves kor\u00e1ban nemzette Peleget. 17 Peleg sz\u00fclet\u00e9se ut\u00e1n H\u00e9ber n\u00e9gysz\u00e1zharminc \u00e9vig \u00e9lt, \u00e9s fiai \u00e9s l\u00e1nyai sz\u00fclettek. 18Peleg harminc\u00e9ves kor\u00e1ban nemzette Reut. 19Reu sz\u00fclet\u00e9se ut\u00e1n Peleg k\u00e9tsz\u00e1zkilenc \u00e9vig \u00e9lt, \u00e9s fiai \u00e9s l\u00e1nyai sz\u00fclettek. 20Reu harminck\u00e9t \u00e9ves kor\u00e1ban nemzette Szerugot. 21Serug sz\u00fclet\u00e9se ut\u00e1n Reu k\u00e9tsz\u00e1zh\u00e9t \u00e9vig \u00e9lt, \u00e9s fiai \u00e9s l\u00e1nyai sz\u00fclettek. 22Serug harminc\u00e9ves kor\u00e1ban nemzette N\u00e1hort. 23N\u00e1hor sz\u00fclet\u00e9se ut\u00e1n Szerug k\u00e9tsz\u00e1z \u00e9vig \u00e9lt, \u00e9s fiai \u00e9s l\u00e1nyai sz\u00fclettek. 24N\u00e1hor huszonkilenc \u00e9ves kor\u00e1ban nemzette Terachot. 25Terah sz\u00fclet\u00e9se ut\u00e1n N\u00e1hor sz\u00e1ztizenkilenc \u00e9vig \u00e9lt, \u00e9s fiai \u00e9s l\u00e1nyai sz\u00fclettek. 26Terah hetven\u00e9ves kor\u00e1ban nemzette \u00c1br\u00e1mot, N\u00e1hort \u00e9s H\u00e1r\u00e1nt. 27Ez Terah nemzets\u00e9ge: Terah nemzette \u00c1br\u00e1mot, N\u00e1hort \u00e9s H\u00e1r\u00e1nt. H\u00e1r\u00e1n nemzette L\u00f3tot. 28H\u00e1r\u00e1n apja, Terach \u00e9let\u00e9ben halt meg sz\u00fclet\u00e9se f\u00f6ldj\u00e9n, a k\u00e1ldeusok Ur v\u00e1ros\u00e1ban. 29\u00c1br\u00e1m \u00e9s N\u00e1hor \u00f6sszeh\u00e1zasodtak. \u00c1br\u00e1m feles\u00e9g\u00e9nek a neve Sz\u00e1rai volt, N\u00e1hor feles\u00e9g\u00e9nek a neve pedig Milka, H\u00e1r\u00e1nnak, Milka \u00e9s Jiszk\u00e1 apj\u00e1nak a l\u00e1nya. 30S\u00e1rai azonban medd\u0151 volt, \u00e9s nem voltak gyermekei. 31Ter\u00e1h fogta fi\u00e1t, \u00c1br\u00e1mot, unok\u00e1j\u00e1t, L\u00f3tot, H\u00e1r\u00e1n fi\u00e1t, \u00e9s meny\u00e9t, Sz\u00e1rait, fi\u00e1nak, \u00c1br\u00e1mnak a feles\u00e9g\u00e9t, \u00e9s elindultak Ur k\u00e1ldeusokb\u00f3l, hogy K\u00e1na\u00e1n f\u00f6ldj\u00e9re menjenek. H\u00e1r\u00e1nba \u00e9rtek, \u00e9s ott letelepedtek. 32Ter\u00e1h teljes \u00e9letkora k\u00e9tsz\u00e1z\u00f6t \u00e9v volt. Azt\u00e1n meghalt T\u00e1r\u00e9 H\u00e1r\u00e1nban.<\/p><\/div>\n\t\t\t\t\t\t\t<\/div>\n\t\t<\/div>\n\t\t\t\t\t\t<\/div>\n\t\t\t\t<\/div>\n\t\t\t\t\t<\/div>\n\t\t\t\t<\/div>\n\t\t<div class=\"has_eae_slider elementor-element elementor-element-6c9b8dd e-flex e-con-boxed e-con e-parent\" data-eae-slider=\"697\" data-id=\"6c9b8dd\" data-element_type=\"container\">\n\t\t\t\t\t<div class=\"e-con-inner\">\n\t\t<div class=\"has_eae_slider elementor-element elementor-element-fd1c260 e-con-full e-flex e-con e-child\" data-eae-slider=\"52672\" data-id=\"fd1c260\" data-element_type=\"container\">\n\t\t\t\t<div class=\"elementor-element elementor-element-a2bc893 elementor-widget elementor-widget-video\" data-id=\"a2bc893\" data-element_type=\"widget\" data-settings=\"{&quot;youtube_url&quot;:&quot;https:\\\/\\\/youtu.be\\\/62on98YtZDs&quot;,&quot;video_type&quot;:&quot;youtube&quot;,&quot;controls&quot;:&quot;yes&quot;}\" data-widget_type=\"video.default\">\n\t\t\t\t<div class=\"elementor-widget-container\">\n\t\t\t\t\t\t\t<div class=\"elementor-wrapper elementor-open-inline\">\n\t\t\t<div class=\"elementor-video\"><\/div>\t\t<\/div>\n\t\t\t\t\t\t<\/div>\n\t\t\t\t<\/div>\n\t\t\t\t<\/div>\n\t\t<div class=\"has_eae_slider elementor-element elementor-element-9604c1c e-con-full e-flex e-con e-child\" data-eae-slider=\"17099\" data-id=\"9604c1c\" data-element_type=\"container\">\n\t\t\t\t<div class=\"elementor-element elementor-element-46ce8d6 elementor-widget elementor-widget-video\" data-id=\"46ce8d6\" data-element_type=\"widget\" data-settings=\"{&quot;youtube_url&quot;:&quot;https:\\\/\\\/youtu.be\\\/Lt9GgN2KW8c&quot;,&quot;video_type&quot;:&quot;youtube&quot;,&quot;controls&quot;:&quot;yes&quot;}\" data-widget_type=\"video.default\">\n\t\t\t\t<div class=\"elementor-widget-container\">\n\t\t\t\t\t\t\t<div class=\"elementor-wrapper elementor-open-inline\">\n\t\t\t<div class=\"elementor-video\"><\/div>\t\t<\/div>\n\t\t\t\t\t\t<\/div>\n\t\t\t\t<\/div>\n\t\t\t\t<\/div>\n\t\t<div class=\"has_eae_slider elementor-element elementor-element-daf0d7a e-con-full e-flex e-con e-child\" data-eae-slider=\"91313\" data-id=\"daf0d7a\" data-element_type=\"container\">\n\t\t\t\t<div class=\"elementor-element elementor-element-b1150e1 elementor-widget elementor-widget-video\" data-id=\"b1150e1\" data-element_type=\"widget\" data-settings=\"{&quot;youtube_url&quot;:&quot;https:\\\/\\\/youtu.be\\\/UfIyXzB7x00&quot;,&quot;video_type&quot;:&quot;youtube&quot;,&quot;controls&quot;:&quot;yes&quot;}\" data-widget_type=\"video.default\">\n\t\t\t\t<div class=\"elementor-widget-container\">\n\t\t\t\t\t\t\t<div class=\"elementor-wrapper elementor-open-inline\">\n\t\t\t<div class=\"elementor-video\"><\/div>\t\t<\/div>\n\t\t\t\t\t\t<\/div>\n\t\t\t\t<\/div>\n\t\t\t\t<\/div>\n\t\t\t\t\t<\/div>\n\t\t\t\t<\/div>\n\t\t\t\t<\/div>","protected":false},"excerpt":{"rendered":"<p>Zrod n\u00e1rodov &#8211; Patriarchovia 1. kniha Moj\u017ei\u0161ova 10. kapitola 11. kapitola 10. kapitola 1Toto je rodokme\u0148 Noachov\u00fdch synov, \u0160\u00e9ma, Ch\u00e1ma a Jefeta. Po potope sa im narodili synovia. 2Jefetovi synovia s\u00fa: Gomer, Mag\u00f3g, Madaj, Jav\u00e1n, Tubal, Me\u0161ech a Tir\u00e1s. 3Gomerovi synovia s\u00fa: A\u0161kenaz, Rifat a Togarma. 4Jav\u00e1novi synovia s\u00fa: Eli\u0161a, Tar\u0161\u00ed\u0161, Kitt\u00edm a Rodan\u00edm. 5Z [&hellip;]<\/p>","protected":false},"author":1,"featured_media":0,"parent":0,"menu_order":0,"comment_status":"closed","ping_status":"closed","template":"","meta":{"site-sidebar-layout":"no-sidebar","site-content-layout":"page-builder","ast-site-content-layout":"full-width-container","site-content-style":"unboxed","site-sidebar-style":"unboxed","ast-global-header-display":"","ast-banner-title-visibility":"","ast-main-header-display":"","ast-hfb-above-header-display":"","ast-hfb-below-header-display":"","ast-hfb-mobile-header-display":"","site-post-title":"disabled","ast-breadcrumbs-content":"","ast-featured-img":"disabled","footer-sml-layout":"","theme-transparent-header-meta":"enabled","adv-header-id-meta":"","stick-header-meta":"","header-above-stick-meta":"","header-main-stick-meta":"","header-below-stick-meta":"","astra-migrate-meta-layouts":"set","ast-page-background-enabled":"default","ast-page-background-meta":{"desktop":{"background-color":"var(--ast-global-color-4)","background-image":"","background-repeat":"repeat","background-position":"center center","background-size":"auto","background-attachment":"scroll","background-type":"","background-media":"","overlay-type":"","overlay-color":"","overlay-opacity":"","overlay-gradient":""},"tablet":{"background-color":"","background-image":"","background-repeat":"repeat","background-position":"center center","background-size":"auto","background-attachment":"scroll","background-type":"","background-media":"","overlay-type":"","overlay-color":"","overlay-opacity":"","overlay-gradient":""},"mobile":{"background-color":"","background-image":"","background-repeat":"repeat","background-position":"center center","background-size":"auto","background-attachment":"scroll","background-type":"","background-media":"","overlay-type":"","overlay-color":"","overlay-opacity":"","overlay-gradient":""}},"ast-content-background-meta":{"desktop":{"background-color":"var(--ast-global-color-5)","background-image":"","background-repeat":"repeat","background-position":"center center","background-size":"auto","background-attachment":"scroll","background-type":"","background-media":"","overlay-type":"","overlay-color":"","overlay-opacity":"","overlay-gradient":""},"tablet":{"background-color":"var(--ast-global-color-5)","background-image":"","background-repeat":"repeat","background-position":"center center","background-size":"auto","background-attachment":"scroll","background-type":"","background-media":"","overlay-type":"","overlay-color":"","overlay-opacity":"","overlay-gradient":""},"mobile":{"background-color":"var(--ast-global-color-5)","background-image":"","background-repeat":"repeat","background-position":"center center","background-size":"auto","background-attachment":"scroll","background-type":"","background-media":"","overlay-type":"","overlay-color":"","overlay-opacity":"","overlay-gradient":""}},"footnotes":""},"class_list":["post-1725","page","type-page","status-publish","hentry"],"_links":{"self":[{"href":"http:\/\/acodalej.sk\/hu\/wp-json\/wp\/v2\/pages\/1725","targetHints":{"allow":["GET"]}}],"collection":[{"href":"http:\/\/acodalej.sk\/hu\/wp-json\/wp\/v2\/pages"}],"about":[{"href":"http:\/\/acodalej.sk\/hu\/wp-json\/wp\/v2\/types\/page"}],"author":[{"embeddable":true,"href":"http:\/\/acodalej.sk\/hu\/wp-json\/wp\/v2\/users\/1"}],"replies":[{"embeddable":true,"href":"http:\/\/acodalej.sk\/hu\/wp-json\/wp\/v2\/comments?post=1725"}],"version-history":[{"count":0,"href":"http:\/\/acodalej.sk\/hu\/wp-json\/wp\/v2\/pages\/1725\/revisions"}],"wp:attachment":[{"href":"http:\/\/acodalej.sk\/hu\/wp-json\/wp\/v2\/media?parent=1725"}],"curies":[{"name":"wp","href":"https:\/\/api.w.org\/{rel}","templated":true}]}}