{"id":1806,"date":"2024-01-01T12:51:05","date_gmt":"2024-01-01T12:51:05","guid":{"rendered":"http:\/\/acodalej.sk\/?page_id=1806"},"modified":"2024-09-15T17:10:27","modified_gmt":"2024-09-15T17:10:27","slug":"svetove-staroveke-rise","status":"publish","type":"page","link":"http:\/\/acodalej.sk\/hu\/svetove-staroveke-rise\/","title":{"rendered":"A vil\u00e1g \u0151si birodalmai"},"content":{"rendered":"<div data-elementor-type=\"wp-page\" data-elementor-id=\"1806\" class=\"elementor elementor-1806\">\n\t\t\t\t<div class=\"has_eae_slider elementor-element elementor-element-2e2392a e-flex e-con-boxed e-con e-parent\" data-eae-slider=\"7357\" data-id=\"2e2392a\" data-element_type=\"container\" data-settings=\"{&quot;background_background&quot;:&quot;classic&quot;}\">\n\t\t\t\t\t<div class=\"e-con-inner\">\n\t\t<div class=\"has_eae_slider elementor-element elementor-element-660af66 e-con-full e-flex e-con e-child\" data-eae-slider=\"11300\" data-id=\"660af66\" data-element_type=\"container\">\n\t\t\t\t<div class=\"elementor-element elementor-element-a790465 elementor-widget elementor-widget-heading\" data-id=\"a790465\" data-element_type=\"widget\" data-widget_type=\"heading.default\">\n\t\t\t\t<div class=\"elementor-widget-container\">\n\t\t\t\t\t<h1 class=\"elementor-heading-title elementor-size-default\">A vil\u00e1g \u0151si birodalmai<\/h1>\t\t\t\t<\/div>\n\t\t\t\t<\/div>\n\t\t\t\t<\/div>\n\t\t\t\t\t<\/div>\n\t\t\t\t<\/div>\n\t\t<div class=\"has_eae_slider elementor-element elementor-element-436859b e-flex e-con-boxed e-con e-parent\" data-eae-slider=\"77535\" data-id=\"436859b\" data-element_type=\"container\">\n\t\t\t\t\t<div class=\"e-con-inner\">\n\t\t<div class=\"has_eae_slider elementor-element elementor-element-9f6cf36 e-con-full e-flex e-con e-child\" data-eae-slider=\"39344\" data-id=\"9f6cf36\" data-element_type=\"container\">\n\t\t\t\t<div class=\"elementor-element elementor-element-3875ee3 elementor-widget elementor-widget-text-editor\" data-id=\"3875ee3\" data-element_type=\"widget\" data-widget_type=\"text-editor.default\">\n\t\t\t\t<div class=\"elementor-widget-container\">\n\t\t\t\t\t\t\t\t\t<p style=\"text-align: center;\"><strong>J\u00fada kir\u00e1lys\u00e1g\u00e1nak pusztul\u00e1s\u00e1t (Kr. e. 586) k\u00f6vet\u0151en az \u00dajbabiloni Birodalom kir\u00e1lya, II. Nabukodonozor (Kr. e. 605-562) azon t\u0171n\u0151d\u00f6tt, mi fog t\u00f6rt\u00e9nni birodalm\u00e1val \u00e9s a vil\u00e1ggal. Isten egy \u00e1lmot adott neki, ami nagyon felkavarta, \u00e9s megk\u00e9rte tan\u00e1csad\u00f3it, hogy mondj\u00e1k el neki, mit \u00e1lmodott, \u00e9s mi a jelent\u00e9s\u00e9t. Tal\u00e1ltak egy D\u00e1niel nev\u0171 fiatalembert a j\u00fadeai sz\u00e1m\u0171zet\u00e9sb\u0151l, aki k\u00f6ny\u00f6rg\u00f6tt Izrael Mindenhat\u00f3 Isten\u00e9hez, hogy l\u00e1ssa \u00e9s \u00e9rtelmezze az \u00e1lmot. Isten meghallgatta \u0151t. Az \u00e1lomban Isten kinyilatkoztatta a j\u00f6v\u0151beli esem\u00e9nyeket a kir\u00e1lynak, az akkori embereknek \u00e9s nek\u00fcnk ma. <\/strong><\/p>\t\t\t\t\t\t\t\t<\/div>\n\t\t\t\t<\/div>\n\t\t\t\t<\/div>\n\t\t<div class=\"has_eae_slider elementor-element elementor-element-fa27268 e-con-full e-flex e-con e-child\" data-eae-slider=\"50747\" data-id=\"fa27268\" data-element_type=\"container\">\n\t\t\t\t<div class=\"elementor-element elementor-element-fec0f97 elementor-widget elementor-widget-image\" data-id=\"fec0f97\" data-element_type=\"widget\" data-widget_type=\"image.default\">\n\t\t\t\t<div class=\"elementor-widget-container\">\n\t\t\t\t\t\t\t\t\t\t\t\t<figure class=\"wp-caption\">\n\t\t\t\t\t\t\t\t\t\t\t<a href=\"https:\/\/my.bible.com\/sk\/bible\/465\/DAN.1.SEB\" target=\"_blank\">\n\t\t\t\t\t\t\t<img fetchpriority=\"high\" decoding=\"async\" width=\"1024\" height=\"563\" src=\"http:\/\/acodalej.sk\/wp-content\/uploads\/2023\/11\/daniel-1024x563.webp\" class=\"attachment-large size-large wp-image-1438\" alt=\"\" srcset=\"http:\/\/acodalej.sk\/wp-content\/uploads\/2023\/11\/daniel-1024x563.webp 1024w, http:\/\/acodalej.sk\/wp-content\/uploads\/2023\/11\/daniel-300x165.webp 300w, http:\/\/acodalej.sk\/wp-content\/uploads\/2023\/11\/daniel-768x423.webp 768w, http:\/\/acodalej.sk\/wp-content\/uploads\/2023\/11\/daniel.webp 1396w\" sizes=\"(max-width: 1024px) 100vw, 1024px\" \/>\t\t\t\t\t\t\t\t<\/a>\n\t\t\t\t\t\t\t\t\t\t\t<figcaption class=\"widget-image-caption wp-caption-text\">D\u00e1niel pr\u00f3f\u00e9ta<\/figcaption>\n\t\t\t\t\t\t\t\t\t\t<\/figure>\n\t\t\t\t\t\t\t\t\t<\/div>\n\t\t\t\t<\/div>\n\t\t\t\t<\/div>\n\t\t\t\t\t<\/div>\n\t\t\t\t<\/div>\n\t\t<div class=\"has_eae_slider elementor-element elementor-element-b3108b6 e-flex e-con-boxed e-con e-parent\" data-eae-slider=\"54685\" data-id=\"b3108b6\" data-element_type=\"container\">\n\t\t\t\t\t<div class=\"e-con-inner\">\n\t\t\t\t<div class=\"elementor-element elementor-element-3863e2b elementor-widget elementor-widget-text-editor\" data-id=\"3863e2b\" data-element_type=\"widget\" data-widget_type=\"text-editor.default\">\n\t\t\t\t<div class=\"elementor-widget-container\">\n\t\t\t\t\t\t\t\t\t<p><strong>L\u00e1tott egy szobrot, amelynek feje aranyb\u00f3l, mellkasa ez\u00fcstb\u0151l, hasa r\u00e9zb\u0151l \u00e9s l\u00e1bai vasb\u00f3l voltak, als\u00f3 r\u00e9sze pedig vasb\u00f3l \u00e9s agyagb\u00f3l volt. L\u00e1tott egy hatalmas szikl\u00e1t kit\u00f6rni, amelyb\u0151l egy k\u0151 eltal\u00e1lta a szobrot, \u00e9s darabokra t\u00f6rte. A k\u0151 megn\u0151tt, \u00e9s bet\u00f6lt\u00f6tte az eg\u00e9sz f\u00f6ldet.<\/strong><\/p><p>\u00a0<\/p><p><strong>Az aranyfej az \u00fajbabiloni birodalom volt, amelyet egy m\u00e1sik birodalom v\u00e1ltott fel (az ez\u00fcst mellkas \u00e9s karok). Mivel az ez\u00fcst kev\u00e9sb\u00e9 \u00e9rt\u00e9kes, mint az arany, \u00edgy lesz ezzel a birodalommal is \u2013 nem lesz olyan h\u00edres \u00e9s sikeres, mint az aranyfej. Az ez\u00fcstmellkas ut\u00e1n egy m\u00e1sik birodalom k\u00f6vetkezett \u2013 a r\u00e9zb\u0151l val\u00f3 has, \u00e9s v\u00e9g\u00fcl egy olyan birodalom, mint a vas l\u00e1bai. V\u00e9g\u00fcl ezeket a kir\u00e1lys\u00e1gokat az \u00f6r\u00f6k kir\u00e1lys\u00e1g elj\u00f6vetele t\u00f6rte meg, amely bet\u00f6lti az eg\u00e9sz f\u00f6ldet.<\/strong><\/p><p>\u00a0<\/p><p><strong>K\u00e9s\u0151bb D\u00e1niel l\u00e1tom\u00e1st kapott, amelyben a birodalmakat \u00e1llatokhoz hasonl\u00edtott\u00e1k. Aranyfej, mint egy oroszl\u00e1n\u00e9, ez\u00fcstmellkas, mint egy medv\u00e9\u00e9, bronzhas, mint egy n\u00e9gyfej\u0171 p\u00e1rduc\u00e9, \u00e9s vasl\u00e1bak, mint egy sz\u00f6rny\u0171, t\u00edzszarv\u00fa fenevad\u00e9. D\u00e1niel s\u00edrja m\u00e9g mindig Ir\u00e1nban, Sz\u00faza v\u00e1ros\u00e1ban tal\u00e1lhat\u00f3.<\/strong><\/p><p style=\"text-align: center;\"><strong>\u00a0<\/strong><\/p>\t\t\t\t\t\t\t\t<\/div>\n\t\t\t\t<\/div>\n\t\t\t\t\t<\/div>\n\t\t\t\t<\/div>\n\t\t<div class=\"has_eae_slider elementor-element elementor-element-8d1a232 e-flex e-con-boxed e-con e-parent\" data-eae-slider=\"46992\" data-id=\"8d1a232\" data-element_type=\"container\">\n\t\t\t\t\t<div class=\"e-con-inner\">\n\t\t\t\t<div class=\"elementor-element elementor-element-e3983a7 elementor-position-top elementor-widget elementor-widget-image-box\" data-id=\"e3983a7\" data-element_type=\"widget\" data-widget_type=\"image-box.default\">\n\t\t\t\t<div class=\"elementor-widget-container\">\n\t\t\t\t\t<div class=\"elementor-image-box-wrapper\"><figure class=\"elementor-image-box-img\"><img decoding=\"async\" width=\"450\" height=\"298\" src=\"http:\/\/acodalej.sk\/wp-content\/uploads\/2023\/11\/danielhrob.jpg\" class=\"attachment-full size-full wp-image-1439\" alt=\"\" srcset=\"http:\/\/acodalej.sk\/wp-content\/uploads\/2023\/11\/danielhrob.jpg 450w, http:\/\/acodalej.sk\/wp-content\/uploads\/2023\/11\/danielhrob-300x199.jpg 300w\" sizes=\"(max-width: 450px) 100vw, 450px\" \/><\/figure><div class=\"elementor-image-box-content\"><h3 class=\"elementor-image-box-title\">D\u00e1niel s\u00edrja<\/h3><\/div><\/div>\t\t\t\t<\/div>\n\t\t\t\t<\/div>\n\t\t\t\t\t<\/div>\n\t\t\t\t<\/div>\n\t\t<div class=\"has_eae_slider elementor-element elementor-element-f691efd e-flex e-con-boxed e-con e-parent\" data-eae-slider=\"35227\" data-id=\"f691efd\" data-element_type=\"container\">\n\t\t\t\t\t<div class=\"e-con-inner\">\n\t\t<div class=\"has_eae_slider elementor-element elementor-element-951489a e-flex e-con-boxed e-con e-child\" data-eae-slider=\"99834\" data-id=\"951489a\" data-element_type=\"container\">\n\t\t\t\t\t<div class=\"e-con-inner\">\n\t\t\t\t<div class=\"elementor-element elementor-element-eb91157 elementor-widget elementor-widget-video\" data-id=\"eb91157\" data-element_type=\"widget\" data-settings=\"{&quot;youtube_url&quot;:&quot;https:\\\/\\\/youtu.be\\\/_EeXEdHuOHs&quot;,&quot;video_type&quot;:&quot;youtube&quot;,&quot;controls&quot;:&quot;yes&quot;}\" data-widget_type=\"video.default\">\n\t\t\t\t<div class=\"elementor-widget-container\">\n\t\t\t\t\t\t\t<div class=\"elementor-wrapper elementor-open-inline\">\n\t\t\t<div class=\"elementor-video\"><\/div>\t\t<\/div>\n\t\t\t\t\t\t<\/div>\n\t\t\t\t<\/div>\n\t\t\t\t\t<\/div>\n\t\t\t\t<\/div>\n\t\t\t\t\t<\/div>\n\t\t\t\t<\/div>\n\t\t<div class=\"has_eae_slider elementor-element elementor-element-c4c654f e-flex e-con-boxed e-con e-parent\" data-eae-slider=\"3967\" data-id=\"c4c654f\" data-element_type=\"container\">\n\t\t\t\t\t<div class=\"e-con-inner\">\n\t\t\t\t<div class=\"elementor-element elementor-element-e9fa36b elementor-widget elementor-widget-text-editor\" data-id=\"e9fa36b\" data-element_type=\"widget\" data-widget_type=\"text-editor.default\">\n\t\t\t\t<div class=\"elementor-widget-container\">\n\t\t\t\t\t\t\t\t\t<p style=\"text-align: center;\"><strong>Az \u00dajbabiloni Birodalom (Kr. e. 606-539) ut\u00e1n k\u00f6vetkeztek a m\u00e9dek \u00e9s a perzs\u00e1k (Kr. e. 539-331), ahol kir\u00e1lyuk, Nagy K\u00fcrosz (Kr. e. 559-530) Kr. e. 539-ben megh\u00f3d\u00edtotta Babilont. Ez volt a medvebirodalom, \u00e9s Nagy K\u00fcroszt a nemzetek atyj\u00e1nak nevezt\u00e9k, mert \u0151 szabad\u00edtotta fel a nemzeteket a babiloni rabszolgas\u00e1gb\u00f3l. A felszabad\u00edtott nemzetek k\u00f6z\u00f6tt volt Izrael egy r\u00e9sze, nevezetesen J\u00fada. K\u00fcrosz kir\u00e1lyt n\u00e9v szerint eml\u00edti \u00c9zsai\u00e1s zsid\u00f3 pr\u00f3f\u00e9ci\u00e1ja, akkoriban k\u00f6r\u00fclbel\u00fcl 200 \u00e9vvel ezel\u0151tt, a lerombolt Jeruzs\u00e1lem \u00e9s a templom \u00fajj\u00e1\u00e9p\u00edt\u00e9s\u00e9vel kapcsolatban.<\/strong><\/p>\t\t\t\t\t\t\t\t<\/div>\n\t\t\t\t<\/div>\n\t\t\t\t\t<\/div>\n\t\t\t\t<\/div>\n\t\t<div class=\"has_eae_slider elementor-element elementor-element-a28a015 e-flex e-con-boxed e-con e-parent\" data-eae-slider=\"62818\" data-id=\"a28a015\" data-element_type=\"container\">\n\t\t\t\t\t<div class=\"e-con-inner\">\n\t\t<div class=\"has_eae_slider elementor-element elementor-element-28c459a e-con-full e-flex e-con e-child\" data-eae-slider=\"24996\" data-id=\"28c459a\" data-element_type=\"container\">\n\t\t\t\t<div class=\"elementor-element elementor-element-ca184bb elementor-widget-divider--view-line elementor-widget elementor-widget-divider\" data-id=\"ca184bb\" data-element_type=\"widget\" data-widget_type=\"divider.default\">\n\t\t\t\t<div class=\"elementor-widget-container\">\n\t\t\t\t\t\t\t<div class=\"elementor-divider\">\n\t\t\t<span class=\"elementor-divider-separator\">\n\t\t\t\t\t\t<\/span>\n\t\t<\/div>\n\t\t\t\t\t\t<\/div>\n\t\t\t\t<\/div>\n\t\t\t\t<div class=\"elementor-element elementor-element-c8e5f26 elementor-widget elementor-widget-heading\" data-id=\"c8e5f26\" data-element_type=\"widget\" data-widget_type=\"heading.default\">\n\t\t\t\t<div class=\"elementor-widget-container\">\n\t\t\t\t\t<h2 class=\"elementor-heading-title elementor-size-default\">\u00c9zsai\u00e1s pr\u00f3f\u00e9ta<\/h2>\t\t\t\t<\/div>\n\t\t\t\t<\/div>\n\t\t\t\t<\/div>\n\t\t\t\t<div class=\"elementor-element elementor-element-1ba74e0 elementor-widget elementor-widget-read-more\" data-id=\"1ba74e0\" data-element_type=\"widget\" data-widget_type=\"read-more.default\">\n\t\t\t\t<div class=\"elementor-widget-container\">\n\t\t\t\t\t<\/div><\/div><\/div><\/div><\/div> &hellip;<p class=\"ast-the-content-more-link\"> <a class=\"\" href=\"http:\/\/acodalej.sk\/hu\/svetove-staroveke-rise\/\"> <span class=\"screen-reader-text\">A vil\u00e1g \u0151si birodalmai<\/span>Read More &raquo;<\/a><\/p>","protected":false},"excerpt":{"rendered":"<p>Svetov\u00e9 starovek\u00e9 r\u00ed\u0161e Popri zni\u010den\u00ed Judsk\u00e9ho kr\u00e1\u013eovstva (586 p. n. l.) kr\u00e1\u013e novobabylonskej r\u00ed\u0161e Nebukadnesar II. (605 \u2013 562 p.n.l.) prem\u00fd\u0161\u013eal, \u010do bude \u010falej s jeho r\u00ed\u0161ou a so svetom. Boh mu dal sen, ktor\u00fdm bol ve\u013emi rozru\u0161en\u00fd a \u017eiadal od svojich poradcov, aby mu povedali, \u010do sa mu sn\u00edvalo a ak\u00fd je v\u00fdklad toho [&hellip;]<\/p>","protected":false},"author":1,"featured_media":0,"parent":0,"menu_order":0,"comment_status":"closed","ping_status":"closed","template":"","meta":{"site-sidebar-layout":"no-sidebar","site-content-layout":"page-builder","ast-site-content-layout":"full-width-container","site-content-style":"unboxed","site-sidebar-style":"unboxed","ast-global-header-display":"","ast-banner-title-visibility":"disabled","ast-main-header-display":"","ast-hfb-above-header-display":"","ast-hfb-below-header-display":"","ast-hfb-mobile-header-display":"","site-post-title":"disabled","ast-breadcrumbs-content":"disabled","ast-featured-img":"disabled","footer-sml-layout":"disabled","theme-transparent-header-meta":"enabled","adv-header-id-meta":"","stick-header-meta":"","header-above-stick-meta":"","header-main-stick-meta":"","header-below-stick-meta":"","astra-migrate-meta-layouts":"set","ast-page-background-enabled":"default","ast-page-background-meta":{"desktop":{"background-color":"var(--ast-global-color-4)","background-image":"","background-repeat":"repeat","background-position":"center center","background-size":"auto","background-attachment":"scroll","background-type":"","background-media":"","overlay-type":"","overlay-color":"","overlay-opacity":"","overlay-gradient":""},"tablet":{"background-color":"","background-image":"","background-repeat":"repeat","background-position":"center center","background-size":"auto","background-attachment":"scroll","background-type":"","background-media":"","overlay-type":"","overlay-color":"","overlay-opacity":"","overlay-gradient":""},"mobile":{"background-color":"","background-image":"","background-repeat":"repeat","background-position":"center center","background-size":"auto","background-attachment":"scroll","background-type":"","background-media":"","overlay-type":"","overlay-color":"","overlay-opacity":"","overlay-gradient":""}},"ast-content-background-meta":{"desktop":{"background-color":"var(--ast-global-color-5)","background-image":"","background-repeat":"repeat","background-position":"center center","background-size":"auto","background-attachment":"scroll","background-type":"","background-media":"","overlay-type":"","overlay-color":"","overlay-opacity":"","overlay-gradient":""},"tablet":{"background-color":"var(--ast-global-color-5)","background-image":"","background-repeat":"repeat","background-position":"center center","background-size":"auto","background-attachment":"scroll","background-type":"","background-media":"","overlay-type":"","overlay-color":"","overlay-opacity":"","overlay-gradient":""},"mobile":{"background-color":"var(--ast-global-color-5)","background-image":"","background-repeat":"repeat","background-position":"center center","background-size":"auto","background-attachment":"scroll","background-type":"","background-media":"","overlay-type":"","overlay-color":"","overlay-opacity":"","overlay-gradient":""}},"footnotes":""},"class_list":["post-1806","page","type-page","status-publish","hentry"],"_links":{"self":[{"href":"http:\/\/acodalej.sk\/hu\/wp-json\/wp\/v2\/pages\/1806","targetHints":{"allow":["GET"]}}],"collection":[{"href":"http:\/\/acodalej.sk\/hu\/wp-json\/wp\/v2\/pages"}],"about":[{"href":"http:\/\/acodalej.sk\/hu\/wp-json\/wp\/v2\/types\/page"}],"author":[{"embeddable":true,"href":"http:\/\/acodalej.sk\/hu\/wp-json\/wp\/v2\/users\/1"}],"replies":[{"embeddable":true,"href":"http:\/\/acodalej.sk\/hu\/wp-json\/wp\/v2\/comments?post=1806"}],"version-history":[{"count":0,"href":"http:\/\/acodalej.sk\/hu\/wp-json\/wp\/v2\/pages\/1806\/revisions"}],"wp:attachment":[{"href":"http:\/\/acodalej.sk\/hu\/wp-json\/wp\/v2\/media?parent=1806"}],"curies":[{"name":"wp","href":"https:\/\/api.w.org\/{rel}","templated":true}]}}