{"id":1894,"date":"2024-01-02T15:47:47","date_gmt":"2024-01-02T15:47:47","guid":{"rendered":"http:\/\/acodalej.sk\/?page_id=1894"},"modified":"2024-09-15T19:03:48","modified_gmt":"2024-09-15T19:03:48","slug":"cirkev-zhromazdenie-ludi-k-uctievaniu-boha","status":"publish","type":"page","link":"http:\/\/acodalej.sk\/hu\/cirkev-zhromazdenie-ludi-k-uctievaniu-boha\/","title":{"rendered":"Egyh\u00e1z \u2013 az emberek Isten im\u00e1dat\u00e1ra \u00f6sszej\u00f6vetele"},"content":{"rendered":"<div data-elementor-type=\"wp-page\" data-elementor-id=\"1894\" class=\"elementor elementor-1894\">\n\t\t\t\t<div class=\"has_eae_slider elementor-element elementor-element-d49b236 e-flex e-con-boxed e-con e-parent\" data-eae-slider=\"75302\" data-id=\"d49b236\" data-element_type=\"container\" data-settings=\"{&quot;background_background&quot;:&quot;classic&quot;}\">\n\t\t\t\t\t<div class=\"e-con-inner\">\n\t\t<div class=\"has_eae_slider elementor-element elementor-element-7947532 e-con-full e-flex e-con e-child\" data-eae-slider=\"73400\" data-id=\"7947532\" data-element_type=\"container\">\n\t\t\t\t<div class=\"elementor-element elementor-element-f0bb6a4 elementor-widget elementor-widget-heading\" data-id=\"f0bb6a4\" data-element_type=\"widget\" data-widget_type=\"heading.default\">\n\t\t\t\t<div class=\"elementor-widget-container\">\n\t\t\t\t\t<h1 class=\"elementor-heading-title elementor-size-default\">\nEgyh\u00e1z \u2013 az emberek Isten im\u00e1dat\u00e1ra \u00f6sszej\u00f6vetele\n<\/h1>\t\t\t\t<\/div>\n\t\t\t\t<\/div>\n\t\t\t\t<\/div>\n\t\t\t\t\t<\/div>\n\t\t\t\t<\/div>\n\t\t<div class=\"has_eae_slider elementor-element elementor-element-c14fe6c e-flex e-con-boxed e-con e-parent\" data-eae-slider=\"57964\" data-id=\"c14fe6c\" data-element_type=\"container\">\n\t\t\t\t\t<div class=\"e-con-inner\">\n\t\t<div class=\"has_eae_slider elementor-element elementor-element-828dc19 e-con-full e-flex e-con e-child\" data-eae-slider=\"2285\" data-id=\"828dc19\" data-element_type=\"container\">\n\t\t\t\t<div class=\"elementor-element elementor-element-ea85d9a elementor-widget elementor-widget-text-editor\" data-id=\"ea85d9a\" data-element_type=\"widget\" data-widget_type=\"text-editor.default\">\n\t\t\t\t<div class=\"elementor-widget-container\">\n\t\t\t\t\t\t\t\t\t<p>Az \u00dar J\u00e9zus felt\u00e1mad\u00e1sa ut\u00e1ni esem\u00e9nyeket az Apostolok Cselekedetei k\u00f6nyve jegyezte fel. <b>Az apostolok cselekedetei<\/b>Ez olyan esem\u00e9nyek le\u00edr\u00e1sa, amelyeket Isten \u00e9vsz\u00e1zadokkal el\u0151re bejelentett a pr\u00f3f\u00e9t\u00e1knak. A pr\u00f3f\u00e9t\u00e1k j\u00f6vend\u00f6l\u00e9seit beteljes\u00edt\u0151 esem\u00e9nyeket le\u00edr\u00f3 k\u00f6nyveket kieg\u00e9sz\u00edtik olyan k\u00f6nyvek, amelyek Isten t\u00f6rv\u00e9ny\u00e9t \u00e9s t\u00f6rt\u00e9nelm\u00e9t magyar\u00e1zz\u00e1k azok sz\u00e1m\u00e1ra, akik hiszik, hogy a n\u00e1z\u00e1reti J\u00e9zus Isten, az igaz ember \u00e9s a vil\u00e1g Megv\u00e1lt\u00f3ja. A k\u00f6nyveket m\u00e1s, a j\u00f6v\u0151re vonatkoz\u00f3 pr\u00f3f\u00e9ci\u00e1k eg\u00e9sz\u00edtik ki, amelyek a jelenlegi vil\u00e1g v\u00e9g\u00e9nek \u00e9s az elj\u00f6vend\u0151 vil\u00e1gnak a le\u00edr\u00e1s\u00e1t tartalmazz\u00e1k.<\/p>\t\t\t\t\t\t\t\t<\/div>\n\t\t\t\t<\/div>\n\t\t\t\t<\/div>\n\t\t<div class=\"has_eae_slider elementor-element elementor-element-e4b78c1 e-con-full e-flex e-con e-child\" data-eae-slider=\"26374\" data-id=\"e4b78c1\" data-element_type=\"container\">\n\t\t\t\t<div class=\"elementor-element elementor-element-e35b020 elementor-widget elementor-widget-image\" data-id=\"e35b020\" data-element_type=\"widget\" data-widget_type=\"image.default\">\n\t\t\t\t<div class=\"elementor-widget-container\">\n\t\t\t\t\t\t\t\t\t\t\t\t<figure class=\"wp-caption\">\n\t\t\t\t\t\t\t\t\t\t\t<a href=\"https:\/\/www.bible.com\/bible\/465\/ACT.1.SEB\" target=\"_blank\">\n\t\t\t\t\t\t\t<img fetchpriority=\"high\" decoding=\"async\" width=\"300\" height=\"300\" src=\"http:\/\/acodalej.sk\/wp-content\/uploads\/2024\/01\/biblia-300x300.jpg\" class=\"attachment-medium size-medium wp-image-1897\" alt=\"\" srcset=\"http:\/\/acodalej.sk\/wp-content\/uploads\/2024\/01\/biblia-300x300.jpg 300w, http:\/\/acodalej.sk\/wp-content\/uploads\/2024\/01\/biblia-1024x1022.jpg 1024w, http:\/\/acodalej.sk\/wp-content\/uploads\/2024\/01\/biblia-150x150.jpg 150w, http:\/\/acodalej.sk\/wp-content\/uploads\/2024\/01\/biblia-768x767.jpg 768w, http:\/\/acodalej.sk\/wp-content\/uploads\/2024\/01\/biblia.jpg 1200w\" sizes=\"(max-width: 300px) 100vw, 300px\" \/>\t\t\t\t\t\t\t\t<\/a>\n\t\t\t\t\t\t\t\t\t\t\t<figcaption class=\"widget-image-caption wp-caption-text\">Az apostolok cselekedetei<\/figcaption>\n\t\t\t\t\t\t\t\t\t\t<\/figure>\n\t\t\t\t\t\t\t\t\t<\/div>\n\t\t\t\t<\/div>\n\t\t\t\t<\/div>\n\t\t\t\t\t<\/div>\n\t\t\t\t<\/div>\n\t\t<div class=\"has_eae_slider elementor-element elementor-element-5bc2b0d e-flex e-con-boxed e-con e-parent\" data-eae-slider=\"64238\" data-id=\"5bc2b0d\" data-element_type=\"container\">\n\t\t\t\t\t<div class=\"e-con-inner\">\n\t\t<div class=\"has_eae_slider elementor-element elementor-element-2adc5bf e-con-full e-flex e-con e-child\" data-eae-slider=\"67473\" data-id=\"2adc5bf\" data-element_type=\"container\">\n\t\t\t\t<div class=\"elementor-element elementor-element-472f987 elementor-widget elementor-widget-text-editor\" data-id=\"472f987\" data-element_type=\"widget\" data-widget_type=\"text-editor.default\">\n\t\t\t\t<div class=\"elementor-widget-container\">\n\t\t\t\t\t\t\t\t\t<p>Els\u0151k\u00e9nt eml\u00edtend\u0151, hogy Isten elh\u00edvta \u00c1brah\u00e1mot \u00e9s lesz\u00e1rmazottait, akikb\u0151l Izrael n\u00e9p\u00e9t alkotta. M\u00e1r \u00c1brah\u00e1m el\u0151tt is voltak olyan emberek, akik hittek a menny \u00e9s a f\u00f6ld Teremt\u0151j\u00e9ben, akikhez Isten a Lelke \u00e1ltal sz\u00f3lt. Mindezeknek az embereknek kapcsolatuk volt Istennel, majd kapcsolatuk az emberekkel, ahol szabadon megosztott\u00e1k Istenbe vetett hit\u00fcket, egy\u00fctt im\u00e1dt\u00e1k \u0150t, \u00e9s b\u00e1tor\u00edtott\u00e1k egym\u00e1st Isten akarat\u00e1nak teljes\u00edt\u00e9s\u00e9ben. Ezut\u00e1n m\u00e1s vall\u00e1s\u00fa emberekkel is kapcsolatba ker\u00fcltek, akik ragaszkodtak a hit\u00fckh\u00f6z. Az olyan emberek \u00f6sszej\u00f6vetel\u00e9t, akiknek sz\u00edv\u00e9ben Isten v\u00e1gya van arra, hogy egy\u00fctt im\u00e1dj\u00e1k Istent, hogy Istenr\u0151l \u00e9s az \u0150 terveir\u0151l besz\u00e9ljenek, g\u00f6r\u00f6g\u00fcl \u1f10\u03ba\u03ba\u03bb\u03b5\u03b9\u03c3\u1fd0\u0301\u1fb1 (ekkleis\u00ed\u0101), h\u00e9ber\u00fcl pedig \u05e7\u05d4\u05dc\u201d (qahal)-nak nevezik, ami a mi nyelv\u00fcnk\u00f6n egyh\u00e1zat vagy Isten \u00e1ltal elh\u00edvott emberek \u00f6sszej\u00f6vetel\u00e9t jelenti.<\/p>\t\t\t\t\t\t\t\t<\/div>\n\t\t\t\t<\/div>\n\t\t\t\t<\/div>\n\t\t<div class=\"has_eae_slider elementor-element elementor-element-9474f97 e-con-full e-flex e-con e-child\" data-eae-slider=\"61579\" data-id=\"9474f97\" data-element_type=\"container\">\n\t\t\t\t<div class=\"elementor-element elementor-element-e2ccfd7 elementor-widget elementor-widget-image\" data-id=\"e2ccfd7\" data-element_type=\"widget\" data-widget_type=\"image.default\">\n\t\t\t\t<div class=\"elementor-widget-container\">\n\t\t\t\t\t\t\t\t\t\t\t\t\t\t\t<img decoding=\"async\" width=\"750\" height=\"422\" src=\"http:\/\/acodalej.sk\/wp-content\/uploads\/2024\/01\/eklesia.jpg\" class=\"attachment-large size-large wp-image-1898\" alt=\"\" srcset=\"http:\/\/acodalej.sk\/wp-content\/uploads\/2024\/01\/eklesia.jpg 750w, http:\/\/acodalej.sk\/wp-content\/uploads\/2024\/01\/eklesia-300x169.jpg 300w\" sizes=\"(max-width: 750px) 100vw, 750px\" \/>\t\t\t\t\t\t\t\t\t\t\t\t\t\t\t<\/div>\n\t\t\t\t<\/div>\n\t\t\t\t<\/div>\n\t\t\t\t\t<\/div>\n\t\t\t\t<\/div>\n\t\t<div class=\"has_eae_slider elementor-element elementor-element-9ec74ff e-flex e-con-boxed e-con e-parent\" data-eae-slider=\"32747\" data-id=\"9ec74ff\" data-element_type=\"container\">\n\t\t\t\t\t<div class=\"e-con-inner\">\n\t\t<div class=\"has_eae_slider elementor-element elementor-element-4c079d6 e-con-full e-flex e-con e-child\" data-eae-slider=\"54335\" data-id=\"4c079d6\" data-element_type=\"container\">\n\t\t\t\t<div class=\"elementor-element elementor-element-ec79f21 elementor-widget elementor-widget-image\" data-id=\"ec79f21\" data-element_type=\"widget\" data-widget_type=\"image.default\">\n\t\t\t\t<div class=\"elementor-widget-container\">\n\t\t\t\t\t\t\t\t\t\t\t\t\t\t\t<img decoding=\"async\" width=\"626\" height=\"360\" src=\"http:\/\/acodalej.sk\/wp-content\/uploads\/2023\/11\/sucastnost.jpg\" class=\"attachment-large size-large wp-image-1468\" alt=\"\" srcset=\"http:\/\/acodalej.sk\/wp-content\/uploads\/2023\/11\/sucastnost.jpg 626w, http:\/\/acodalej.sk\/wp-content\/uploads\/2023\/11\/sucastnost-300x173.jpg 300w\" sizes=\"(max-width: 626px) 100vw, 626px\" \/>\t\t\t\t\t\t\t\t\t\t\t\t\t\t\t<\/div>\n\t\t\t\t<\/div>\n\t\t\t\t<\/div>\n\t\t<div class=\"has_eae_slider elementor-element elementor-element-d2a60e5 e-con-full e-flex e-con e-child\" data-eae-slider=\"43320\" data-id=\"d2a60e5\" data-element_type=\"container\">\n\t\t\t\t<div class=\"elementor-element elementor-element-c84e39c elementor-widget elementor-widget-text-editor\" data-id=\"c84e39c\" data-element_type=\"widget\" data-widget_type=\"text-editor.default\">\n\t\t\t\t<div class=\"elementor-widget-container\">\n\t\t\t\t\t\t\t\t\t<p>Lehet k\u00e9t ember vagy t\u00f6bb milli\u00f3 ember tal\u00e1lkoz\u00e1sa egy helyen. A k\u00fcls\u0151 form\u00e1k, mint p\u00e9ld\u00e1ul egy \u00e9p\u00fclet, t\u00e1rgyak \u00e9s hasonl\u00f3k, nem l\u00e9nyegesek, de az Istent h\u00edvni egy\u00fctt men\u0151 emberek \u00e9let\u00e1llapota \u00e9s sz\u00edve fontos. Vannak olyan t\u00e1rgyak is Isten helyett, amelyek s\u00e9rtik Istent. A Bibli\u00e1b\u00f3l ismer\u00fcnk le\u00edr\u00e1st arr\u00f3l, hogyan fordultak Istenhez emberek r\u00e9ten, erd\u0151ben, dombon, s\u00e1torban vagy \u00e9p\u00fcletben, ahol nem voltak t\u00e1rgyak. Isten nem emberi k\u00e9z \u00e1ltal \u00e9p\u00edtett templomokban lakik, hanem olyan helyen, ahol al\u00e1zatos emberek vannak, akik h\u00edvj\u00e1k \u0150t. Az egyh\u00e1z sz\u00f3 \u2013 emberek \u00f6sszej\u00f6vetele Isten im\u00e1d\u00e1s\u00e1ra \u2013 J\u00e9zus Krisztus t\u00e1voz\u00e1sa ut\u00e1ni esem\u00e9nyek le\u00edr\u00e1s\u00e1nak f\u0151 t\u00e9m\u00e1ja. Az egyh\u00e1zat magt\u00e1rnak-cs\u0171rnek nevezik, ahol a f\u00f6ld term\u00e9s\u00e9t \u00f6sszegy\u0171jtik, \u00e9s tov\u00e1bb Isten h\u00e1z\u00e1nak, ahol a vil\u00e1g minden nemzet\u00e9b\u0151l az emberek Istenhez fordulnak. Az egyh\u00e1zat menyasszonynak nevezik, aki felk\u00e9sz\u00fclt a v\u0151leg\u00e9nyre \u2013 J\u00e9zus Istenre.<\/p>\t\t\t\t\t\t\t\t<\/div>\n\t\t\t\t<\/div>\n\t\t\t\t<\/div>\n\t\t\t\t\t<\/div>\n\t\t\t\t<\/div>\n\t\t<div class=\"has_eae_slider elementor-element elementor-element-754ac35 e-flex e-con-boxed e-con e-parent\" data-eae-slider=\"56498\" data-id=\"754ac35\" data-element_type=\"container\">\n\t\t\t\t\t<div class=\"e-con-inner\">\n\t\t<div class=\"has_eae_slider elementor-element elementor-element-d75b744 e-con-full e-flex e-con e-child\" data-eae-slider=\"9234\" data-id=\"d75b744\" data-element_type=\"container\">\n\t\t\t\t<div class=\"elementor-element elementor-element-9ced05d elementor-widget elementor-widget-text-editor\" data-id=\"9ced05d\" data-element_type=\"widget\" data-widget_type=\"text-editor.default\">\n\t\t\t\t<div class=\"elementor-widget-container\">\n\t\t\t\t\t\t\t\t\t<p>J\u00e9zus Krisztus elj\u00f6vetel\u00e9ig ezt a kifejez\u00e9st Izrael n\u00e9p\u00e9re haszn\u00e1lt\u00e1k. J\u00e9zus Krisztus felt\u00e1mad\u00e1sa \u00f3ta Isten n\u00e9p\u00e9nek \u00f6sszegy\u0171jt\u00e9se a vil\u00e1g minden nemzete sz\u00e1m\u00e1ra. Az \u00f6z\u00f6nv\u00edz \u00e9s No\u00e9 esem\u00e9nyei ut\u00e1n a vil\u00e1g nemzetei elfordultak Istent\u0151l, \u00e9s m\u00e1s isteneket im\u00e1dtak, akiket Istent\u0151l sz\u00e1rmaz\u00f3 bukott angyaloknak adtak ki. K\u00fcl\u00f6nb\u00f6z\u0151 \u00e9letszab\u00e1lyokat adtak az embereknek, amelyek ellentmondanak a Teremt\u0151 szab\u00e1lyainak. A Teremt\u0151 szab\u00e1lyai az \u00e9letre vezetik az embereket, a m\u00e1s forr\u00e1sb\u00f3l sz\u00e1rmaz\u00f3 szab\u00e1lyok pedig a hal\u00e1lba. A Teremt\u0151 szab\u00e1lyainak betart\u00e1s\u00e1t j\u00e1mbors\u00e1gnak, a Teremt\u0151 ir\u00e1nti tiszteletnek \u00e9s szeretetnek nevezik. Az Isten szab\u00e1lyaival ellentmond\u00f3 szab\u00e1lyok betart\u00e1s\u00e1t b\u00e1lv\u00e1nyim\u00e1d\u00e1snak, vagy idegen istenek szolg\u00e1lat\u00e1nak nevezik. Isten megnyitja az ajt\u00f3t a vil\u00e1g minden nemzet\u00e9b\u0151l sz\u00e1rmaz\u00f3 emberek el\u0151tt, hogy elhagyj\u00e1k \u0151seik gonosz im\u00e1dat\u00e1n alapul\u00f3 hagyom\u00e1nyait, \u00e9s \u00faj \u00e9let\u00fatra l\u00e9pjenek a menny, a f\u00f6ld \u00e9s az \u00e9let Teremt\u0151j\u00e9nek szab\u00e1lyai szerint. Isten el\u0151re bejelentette ezt a lehet\u0151s\u00e9get a pr\u00f3f\u00e9t\u00e1kon kereszt\u00fcl. Megjelentette, hogy ki\u00e1rasztja Lelk\u00e9t minden emberre, aki Hozz\u00e1 fordul.<\/p>\t\t\t\t\t\t\t\t<\/div>\n\t\t\t\t<\/div>\n\t\t\t\t<\/div>\n\t\t<div class=\"has_eae_slider elementor-element elementor-element-8360777 e-con-full e-flex e-con e-child\" data-eae-slider=\"31742\" data-id=\"8360777\" data-element_type=\"container\">\n\t\t\t\t<div class=\"elementor-element elementor-element-6e10afe elementor-widget elementor-widget-image\" data-id=\"6e10afe\" data-element_type=\"widget\" data-widget_type=\"image.default\">\n\t\t\t\t<div class=\"elementor-widget-container\">\n\t\t\t\t\t\t\t\t\t\t\t\t\t\t\t<img loading=\"lazy\" decoding=\"async\" width=\"1024\" height=\"585\" src=\"http:\/\/acodalej.sk\/wp-content\/uploads\/2023\/11\/glory-god-1024x585.jpg\" class=\"attachment-large size-large wp-image-1563\" alt=\"\" srcset=\"http:\/\/acodalej.sk\/wp-content\/uploads\/2023\/11\/glory-god-1024x585.jpg 1024w, http:\/\/acodalej.sk\/wp-content\/uploads\/2023\/11\/glory-god-300x171.jpg 300w, http:\/\/acodalej.sk\/wp-content\/uploads\/2023\/11\/glory-god-768x439.jpg 768w, http:\/\/acodalej.sk\/wp-content\/uploads\/2023\/11\/glory-god-1536x878.jpg 1536w, http:\/\/acodalej.sk\/wp-content\/uploads\/2023\/11\/glory-god.jpg 1792w\" sizes=\"(max-width: 1024px) 100vw, 1024px\" \/>\t\t\t\t\t\t\t\t\t\t\t\t\t\t\t<\/div>\n\t\t\t\t<\/div>\n\t\t\t\t<\/div>\n\t\t\t\t\t<\/div>\n\t\t\t\t<\/div>\n\t\t<div class=\"has_eae_slider elementor-element elementor-element-025fd4a e-flex e-con-boxed e-con e-parent\" data-eae-slider=\"66276\" data-id=\"025fd4a\" data-element_type=\"container\">\n\t\t\t\t\t<div class=\"e-con-inner\">\n\t\t\t\t<div class=\"elementor-element elementor-element-19c8656 elementor-widget elementor-widget-text-editor\" data-id=\"19c8656\" data-element_type=\"widget\" data-widget_type=\"text-editor.default\">\n\t\t\t\t<div class=\"elementor-widget-container\">\n\t\t\t\t\t\t\t\t\t<p><b>J\u00f3el pr\u00f3f\u00e9ci\u00e1ja 3:<\/b><br \/><i> 1 Akkor ki\u00e1rasztom Lelkemet minden testre, fiaitok \u00e9s l\u00e1nyaitok pr\u00f3f\u00e9t\u00e1lni fognak, v\u00e9neitek \u00e1lmokat \u00e1lmodnak, ifjaitok pedig l\u00e1tom\u00e1sokat l\u00e1tnak. 2 Ki\u00e1rasztom Lelkemet a rabszolg\u00e1kra \u00e9s rabszolgan\u0151kre azokban a napokban. 3 Jeleket mutatok az \u00e9gen \u00e9s a f\u00f6ld\u00f6n: v\u00e9rt, t\u00fczet \u00e9s f\u00fcstoszlopokat. 4 A nap s\u00f6t\u00e9ts\u00e9gg\u00e9 v\u00e1ltozik, a hold v\u00e9rr\u00e9, miel\u0151tt elj\u00f6n az \u00dar nagy \u00e9s f\u00e9lelmetes napja. 5 Mindaz, aki seg\u00edts\u00e9g\u00fcl h\u00edvja az \u0151 nev\u00e9t, megtartatik, mert Sion hegy\u00e9n \u00e9s Jeruzs\u00e1lemben lesz szabadul\u00e1s, ahogyan meg\u00edg\u00e9rte az \u00dar. A megv\u00e1ltottak k\u00f6z\u00f6tt lesznek azok, akiket elh\u00edv az \u00dar.<\/i><\/p>\t\t\t\t\t\t\t\t<\/div>\n\t\t\t\t<\/div>\n\t\t\t\t\t<\/div>\n\t\t\t\t<\/div>\n\t\t<div class=\"has_eae_slider elementor-element elementor-element-3e6c19d e-flex e-con-boxed e-con e-parent\" data-eae-slider=\"13319\" data-id=\"3e6c19d\" data-element_type=\"container\">\n\t\t\t\t\t<div class=\"e-con-inner\">\n\t\t<div class=\"has_eae_slider elementor-element elementor-element-8a7ed96 e-con-full e-flex e-con e-child\" data-eae-slider=\"13099\" data-id=\"8a7ed96\" data-element_type=\"container\">\n\t\t\t\t<div class=\"elementor-element elementor-element-1148caf elementor-widget elementor-widget-video\" data-id=\"1148caf\" data-element_type=\"widget\" data-settings=\"{&quot;youtube_url&quot;:&quot;https:\\\/\\\/youtu.be\\\/v2qG-UNa5Xk&quot;,&quot;video_type&quot;:&quot;youtube&quot;,&quot;controls&quot;:&quot;yes&quot;}\" data-widget_type=\"video.default\">\n\t\t\t\t<div class=\"elementor-widget-container\">\n\t\t\t\t\t\t\t<div class=\"elementor-wrapper elementor-open-inline\">\n\t\t\t<div class=\"elementor-video\"><\/div>\t\t<\/div>\n\t\t\t\t\t\t<\/div>\n\t\t\t\t<\/div>\n\t\t\t\t<\/div>\n\t\t<div class=\"has_eae_slider elementor-element elementor-element-37108b5 e-con-full e-flex e-con e-child\" data-eae-slider=\"37545\" data-id=\"37108b5\" data-element_type=\"container\">\n\t\t\t\t<div class=\"elementor-element elementor-element-8478ced elementor-widget elementor-widget-video\" data-id=\"8478ced\" data-element_type=\"widget\" data-settings=\"{&quot;youtube_url&quot;:&quot;https:\\\/\\\/youtu.be\\\/I1TxPh1muH8&quot;,&quot;video_type&quot;:&quot;youtube&quot;,&quot;controls&quot;:&quot;yes&quot;}\" data-widget_type=\"video.default\">\n\t\t\t\t<div class=\"elementor-widget-container\">\n\t\t\t\t\t\t\t<div class=\"elementor-wrapper elementor-open-inline\">\n\t\t\t<div class=\"elementor-video\"><\/div>\t\t<\/div>\n\t\t\t\t\t\t<\/div>\n\t\t\t\t<\/div>\n\t\t\t\t<\/div>\n\t\t\t\t\t<\/div>\n\t\t\t\t<\/div>\n\t\t\t\t<\/div>","protected":false},"excerpt":{"rendered":"<p>Cirkev \u2013 zhroma\u017edenie \u013eud\u00ed k uctievaniu Boha Udalosti po vzkriesen\u00ed P\u00e1na Je\u017ei\u0161a s\u00fa zaznamenan\u00e9 v knihe Skutky apo\u0161tolov. Ide o popis udalost\u00ed, ktor\u00e9 Boh dopredu ozn\u00e1mil prorokom st\u00e1ro\u010dia vopred. Knihy popisuj\u00face udalosti, ktor\u00fdmi sa naplnili predpovede prorokov s\u00fa doplnen\u00e9 knihami s v\u00fdkladom Bo\u017eieho z\u00e1kona a hist\u00f3rie pre \u013eud\u00ed, ktor\u00ed veria, \u017ee Je\u017ei\u0161 Nazaretsk\u00fd je Boh, [&hellip;]<\/p>","protected":false},"author":1,"featured_media":0,"parent":0,"menu_order":0,"comment_status":"closed","ping_status":"closed","template":"","meta":{"site-sidebar-layout":"no-sidebar","site-content-layout":"page-builder","ast-site-content-layout":"full-width-container","site-content-style":"default","site-sidebar-style":"default","ast-global-header-display":"","ast-banner-title-visibility":"disabled","ast-main-header-display":"","ast-hfb-above-header-display":"","ast-hfb-below-header-display":"","ast-hfb-mobile-header-display":"","site-post-title":"disabled","ast-breadcrumbs-content":"disabled","ast-featured-img":"disabled","footer-sml-layout":"disabled","theme-transparent-header-meta":"enabled","adv-header-id-meta":"","stick-header-meta":"","header-above-stick-meta":"","header-main-stick-meta":"","header-below-stick-meta":"","astra-migrate-meta-layouts":"set","ast-page-background-enabled":"default","ast-page-background-meta":{"desktop":{"background-color":"var(--ast-global-color-4)","background-image":"","background-repeat":"repeat","background-position":"center center","background-size":"auto","background-attachment":"scroll","background-type":"","background-media":"","overlay-type":"","overlay-color":"","overlay-opacity":"","overlay-gradient":""},"tablet":{"background-color":"","background-image":"","background-repeat":"repeat","background-position":"center center","background-size":"auto","background-attachment":"scroll","background-type":"","background-media":"","overlay-type":"","overlay-color":"","overlay-opacity":"","overlay-gradient":""},"mobile":{"background-color":"","background-image":"","background-repeat":"repeat","background-position":"center center","background-size":"auto","background-attachment":"scroll","background-type":"","background-media":"","overlay-type":"","overlay-color":"","overlay-opacity":"","overlay-gradient":""}},"ast-content-background-meta":{"desktop":{"background-color":"var(--ast-global-color-5)","background-image":"","background-repeat":"repeat","background-position":"center center","background-size":"auto","background-attachment":"scroll","background-type":"","background-media":"","overlay-type":"","overlay-color":"","overlay-opacity":"","overlay-gradient":""},"tablet":{"background-color":"var(--ast-global-color-5)","background-image":"","background-repeat":"repeat","background-position":"center center","background-size":"auto","background-attachment":"scroll","background-type":"","background-media":"","overlay-type":"","overlay-color":"","overlay-opacity":"","overlay-gradient":""},"mobile":{"background-color":"var(--ast-global-color-5)","background-image":"","background-repeat":"repeat","background-position":"center center","background-size":"auto","background-attachment":"scroll","background-type":"","background-media":"","overlay-type":"","overlay-color":"","overlay-opacity":"","overlay-gradient":""}},"footnotes":""},"class_list":["post-1894","page","type-page","status-publish","hentry"],"_links":{"self":[{"href":"http:\/\/acodalej.sk\/hu\/wp-json\/wp\/v2\/pages\/1894","targetHints":{"allow":["GET"]}}],"collection":[{"href":"http:\/\/acodalej.sk\/hu\/wp-json\/wp\/v2\/pages"}],"about":[{"href":"http:\/\/acodalej.sk\/hu\/wp-json\/wp\/v2\/types\/page"}],"author":[{"embeddable":true,"href":"http:\/\/acodalej.sk\/hu\/wp-json\/wp\/v2\/users\/1"}],"replies":[{"embeddable":true,"href":"http:\/\/acodalej.sk\/hu\/wp-json\/wp\/v2\/comments?post=1894"}],"version-history":[{"count":0,"href":"http:\/\/acodalej.sk\/hu\/wp-json\/wp\/v2\/pages\/1894\/revisions"}],"wp:attachment":[{"href":"http:\/\/acodalej.sk\/hu\/wp-json\/wp\/v2\/media?parent=1894"}],"curies":[{"name":"wp","href":"https:\/\/api.w.org\/{rel}","templated":true}]}}