{"id":2118,"date":"2024-09-15T12:42:09","date_gmt":"2024-09-15T12:42:09","guid":{"rendered":"http:\/\/acodalej.sk\/?page_id=2118"},"modified":"2024-11-09T15:47:14","modified_gmt":"2024-11-09T15:47:14","slug":"cti-boha","status":"publish","type":"page","link":"http:\/\/acodalej.sk\/hu\/cti-boha\/","title":{"rendered":"Cti Boha"},"content":{"rendered":"<div data-elementor-type=\"wp-page\" data-elementor-id=\"2118\" class=\"elementor elementor-2118\">\n\t\t\t\t<div class=\"has_eae_slider elementor-element elementor-element-2720e41 e-flex e-con-boxed e-con e-parent\" data-eae-slider=\"57517\" data-id=\"2720e41\" data-element_type=\"container\">\n\t\t\t\t\t<div class=\"e-con-inner\">\n\t\t<div class=\"has_eae_slider elementor-element elementor-element-701718a e-flex e-con-boxed e-con e-child\" data-eae-slider=\"42063\" data-id=\"701718a\" data-element_type=\"container\">\n\t\t\t\t\t<div class=\"e-con-inner\">\n\t\t\t\t<div class=\"elementor-element elementor-element-fccfbfb elementor-widget elementor-widget-heading\" data-id=\"fccfbfb\" data-element_type=\"widget\" data-widget_type=\"heading.default\">\n\t\t\t\t<div class=\"elementor-widget-container\">\n\t\t\t\t\t<h2 class=\"elementor-heading-title elementor-size-default\">TISZTELD ISTENT<\/h2>\t\t\t\t<\/div>\n\t\t\t\t<\/div>\n\t\t\t\t<div class=\"elementor-element elementor-element-facd08f elementor-widget elementor-widget-text-editor\" data-id=\"facd08f\" data-element_type=\"widget\" data-widget_type=\"text-editor.default\">\n\t\t\t\t<div class=\"elementor-widget-container\">\n\t\t\t\t\t\t\t\t\t<p style=\"text-align: center;\"><em><strong>\u201e\u00c9n vagyok az \u00dar, a te Istened, aki kihoztalak t\u00e9ged Egyiptomb\u00f3l, a szolgas\u00e1g h\u00e1z\u00e1b\u00f3l. Ne legyenek m\u00e1s isteneid rajtam k\u00edv\u00fcl.\u201d<\/strong><\/em><em><strong>kiv\u00e9ve engem!<\/strong><\/em><\/p><p style=\"text-align: center;\"><em><strong> 5. Moj\u017ei\u0161ova, 5.6<\/strong><\/em><\/p>\t\t\t\t\t\t\t\t<\/div>\n\t\t\t\t<\/div>\n\t\t\t\t\t<\/div>\n\t\t\t\t<\/div>\n\t\t\t\t\t<\/div>\n\t\t\t\t<\/div>\n\t\t<div class=\"has_eae_slider elementor-element elementor-element-e862884 e-flex e-con-boxed e-con e-parent\" data-eae-slider=\"77811\" data-id=\"e862884\" data-element_type=\"container\">\n\t\t\t\t\t<div class=\"e-con-inner\">\n\t\t<div class=\"has_eae_slider elementor-element elementor-element-e2dcbf0 e-flex e-con-boxed e-con e-child\" data-eae-slider=\"59437\" data-id=\"e2dcbf0\" data-element_type=\"container\">\n\t\t\t\t\t<div class=\"e-con-inner\">\n\t\t\t\t<div class=\"elementor-element elementor-element-308b865 elementor-widget elementor-widget-text-editor\" data-id=\"308b865\" data-element_type=\"widget\" data-widget_type=\"text-editor.default\">\n\t\t\t\t<div class=\"elementor-widget-container\">\n\t\t\t\t\t\t\t\t\t<p>Az \u00e9let els\u0151 alapvet\u0151 \u00e9s legfontosabb szab\u00e1lya, hogy tisztelj\u00fck a Teremt\u0151t, aki \u00e9letet adott nek\u00fcnk, aki szeretettel, eg\u00e9szs\u00e9ggel \u00e9s ell\u00e1t\u00e1ssal l\u00e1t el minket minden nap. Rajtunk m\u00falik, hogy h\u00e1l\u00e1san elfogadjuk-e, vagy b\u00fcszk\u00e9n fell\u00e1zadunk. Az Isten ir\u00e1nti tiszteletet az \u0150 ig\u00e9j\u00e9nek tisztelete mutatja, amelyet a Bibli\u00e1ban adott nek\u00fcnk. Aki tanulm\u00e1nyozza az \u0150 ig\u00e9j\u00e9t \u00e9s a k\u00f6r\u00fcl\u00f6tt\u00fcnk l\u00e9v\u0151 teremt\u00e9st, \u00e9s a meg\u00e9rt\u00e9s alapj\u00e1n a gyakorlati \u00e9letben az \u0150 szab\u00e1lyai szerint cselekszik, az Isten szeretet\u00e9ben marad. Semmi sem helyettes\u00edtheti Teremt\u0151nk \u00e9s Aty\u00e1nk szeretet\u00e9t.<\/p>\t\t\t\t\t\t\t\t<\/div>\n\t\t\t\t<\/div>\n\t\t\t\t<div class=\"elementor-element elementor-element-c44b0f2 elementor-widget elementor-widget-text-editor\" data-id=\"c44b0f2\" data-element_type=\"widget\" data-widget_type=\"text-editor.default\">\n\t\t\t\t<div class=\"elementor-widget-container\">\n\t\t\t\t\t\t\t\t\t<p>\u201eMert Isten haragja nyilv\u00e1nul meg a mennyb\u0151l az emberek minden hitetlens\u00e9ge \u00e9s hamiss\u00e1ga ellen, akik hamiss\u00e1ggal elfojtj\u00e1k az igazs\u00e1got. Mert ami Istenr\u0151l tudhat\u00f3, nyilv\u00e1nval\u00f3 el\u0151tt\u00fck, mert Isten kijelentette nekik. Mert a vil\u00e1g teremt\u00e9s\u00e9t\u0151l fogva l\u00e1thatatlan tulajdons\u00e1gai, \u00f6r\u00f6k hatalma \u00e9s istens\u00e9ge vil\u00e1gosan l\u00e1that\u00f3k, mivel a teremtett dolgokb\u00f3l felfoghat\u00f3k. \u00cdgy nincs ments\u00e9g\u00fck. Mert b\u00e1r ismert\u00e9k Istent, m\u00e9gsem dics\u0151\u00edtett\u00e9k \u0151t Istenk\u00e9nt, \u00e9s nem adtak neki h\u00e1l\u00e1t. Gondolkod\u00e1sukban hi\u00e1baval\u00f3v\u00e1 v\u00e1ltak, \u00e9s balga sz\u00edv\u00fck els\u00f6t\u00e9tedett. B\u00f6lcseknek vallva magukat, balgatagokk\u00e1 lettek. A romolhatatlan Isten dics\u0151s\u00e9g\u00e9t felcser\u00e9lt\u00e9k a romland\u00f3 ember, madarak, n\u00e9gyl\u00e1b\u00fa \u00e1llatok \u00e9s cs\u00fasz\u00f3m\u00e1sz\u00f3k k\u00e9p\u00e9re. Ez\u00e9rt adta \u0151ket Isten sz\u00edv\u00fck k\u00edv\u00e1ns\u00e1gaiban a tiszt\u00e1talans\u00e1gra, hogy meggyal\u00e1zz\u00e1k saj\u00e1t test\u00fcket. Az Isten igazs\u00e1g\u00e1t hazugs\u00e1gra cser\u00e9lt\u00e9k, \u00e9s a teremtm\u00e9nyt im\u00e1dt\u00e1k \u00e9s szolg\u00e1lt\u00e1k a Teremt\u0151 helyett, aki \u00f6r\u00f6kk\u00e9 \u00e1ldott. \u00c1men. Ez\u00e9rt adta \u0151ket Isten gyal\u00e1zatos k\u00edv\u00e1ns\u00e1goknak. Mert asszonyaik felcser\u00e9lt\u00e9k a testit\u2026 kapcsolatokat a term\u00e9szetellenesek\u00e9rt. Ugyan\u00edgy a f\u00e9rfiak is elhagyt\u00e1k a n\u0151kkel val\u00f3 term\u00e9szetes kapcsolatot, \u00e9s egym\u00e1s ir\u00e1nti v\u00e1gyban em\u00e9szt\u0151dtek, f\u00e9rfiak f\u00e9rfiakkal szem\u00e9rmetlen dolgokat m\u0171veltek, \u00e9s elvett\u00e9k magukban t\u00e9velyg\u00e9s\u00fck m\u00e9lt\u00f3 b\u00fcntet\u00e9s\u00e9t. \u00c9s mivel nem hittek Istenben, Isten \u00e1tadta \u0151ket romlott gondolkod\u00e1sm\u00f3djuknak, hogy azt tegy\u00e9k, ami nem illik. Tele vannak mindenf\u00e9le hamiss\u00e1ggal, gonoszs\u00e1ggal, kapzsis\u00e1ggal, gonoszs\u00e1ggal, tele irigys\u00e9ggel, gyilkoss\u00e1ggal, visz\u00e1lykod\u00e1ssal, \u00e1lnoks\u00e1ggal \u00e9s rosszindulattal. Pletyk\u00e1l\u00f3k, r\u00e1galmaz\u00f3k, Isten gy\u0171l\u00f6l\u0151i, er\u0151szakosak, kev\u00e9lyek, dicsekv\u0151k, gonoszs\u00e1g kital\u00e1l\u00f3i, sz\u00fcleik ir\u00e1nt engedetlenek, balgatagok, \u00e1llhatatlanok, szeretet n\u00e9lk\u00fcliek, irgalmatlanok. Ismerik Isten v\u00e9gz\u00e9s\u00e9t, hogy akik ilyeneket tesznek, \u00e9rdemlik a hal\u00e1lt, m\u00e9gis nemcsak maguk teszik ugyanazt, hanem m\u00e1soknak is helyeslik, ha ugyanazt teszik.\u201d<\/p><p>R\u00f3ma 1:18-32<\/p>\t\t\t\t\t\t\t\t<\/div>\n\t\t\t\t<\/div>\n\t\t\t\t<div class=\"elementor-element elementor-element-8801232 elementor-widget elementor-widget-text-editor\" data-id=\"8801232\" data-element_type=\"widget\" data-widget_type=\"text-editor.default\">\n\t\t\t\t<div class=\"elementor-widget-container\">\n\t\t\t\t\t\t\t\t\t<p><em><strong>\u201eNe tal\u00e1ltass\u00e9k k\u00f6zted senki, aki fi\u00e1t vagy l\u00e1ny\u00e1t t\u0171z\u00f6n \u00e1tviszi, sem j\u00f6vend\u0151mond\u00f3, sem spiritiszt, sem j\u00f6vend\u0151mond\u00f3.\u201d<\/strong><\/em><br \/><em><strong>vagy aki el\u0151jeleket fejt meg, vagy aki var\u00e1zsl\u00f3, vagy aki var\u00e1zsl\u00e1st \u0171z, vagy aki m\u00e9diumhoz fordul, vagy aki var\u00e1zsl\u00f3,<\/strong><\/em><br \/><em><strong>\u201esem aki a holtak szellem\u00e9t\u0151l k\u00e9rdez\u0151sk\u00f6dik (halottakt\u00f3l k\u00e9r seg\u00edts\u00e9get, m\u00e9g akkor sem, ha szenteknek nevezik \u0151ket).\u201d<\/strong><\/em><br \/><em><strong>5M\u00f3zes 18:10-11<\/strong><\/em><\/p>\t\t\t\t\t\t\t\t<\/div>\n\t\t\t\t<\/div>\n\t\t\t\t<div class=\"elementor-element elementor-element-d3f52df elementor-widget elementor-widget-text-editor\" data-id=\"d3f52df\" data-element_type=\"widget\" data-widget_type=\"text-editor.default\">\n\t\t\t\t<div class=\"elementor-widget-container\">\n\t\t\t\t\t\t\t\t\t<p><strong><em>\u201eJ\u00e9zus ezt mondta: Ha valaki szeret engem, megtartja az \u00e9n besz\u00e9demet, \u00e9s az \u00e9n Aty\u00e1m szeretni fogja azt.\u201d<\/em><\/strong><br \/><strong><em>Hozz\u00e1 megy\u00fcnk, \u00e9s n\u00e1la vesz\u00fcnk lak\u00f3helyet. Aki nem szeret engem, az nem tartja meg az \u00e9n besz\u00e9deimet. Az ig\u00e9t, amelyet \u00e9n adtam\u2026<\/em><\/strong><br \/><strong><em>\u201eAmit hallotok, az nem az eny\u00e9m, hanem az Aty\u00e1\u00e9, aki elk\u00fcld\u00f6tt engem.\u201d<\/em><\/strong><br \/><strong><em>J\u00e1nos 14:23-24<\/em><\/strong><\/p>\t\t\t\t\t\t\t\t<\/div>\n\t\t\t\t<\/div>\n\t\t\t\t<div class=\"elementor-element elementor-element-2e8a082 elementor-widget elementor-widget-text-editor\" data-id=\"2e8a082\" data-element_type=\"widget\" data-widget_type=\"text-editor.default\">\n\t\t\t\t<div class=\"elementor-widget-container\">\n\t\t\t\t\t\t\t\t\t<p>Isten t\u00f6rv\u00e9nyeinek megszeg\u00e9s\u00e9nek k\u00f6vetkezm\u00e9nye a hal\u00e1l \u2013 elszakad\u00e1s Istent\u0151l \u00e9s szenved\u00e9s, de az aj\u00e1nd\u00e9k \u2013 ingyenes \u00e9s mindenki sz\u00e1m\u00e1ra Istent\u0151l \u2013 a megbocs\u00e1t\u00e1s \u00e9s az \u00f6r\u00f6k \u00e9let az\u00e1ltal, hogy felismerj\u00fck, hogy \u0150 t\u00f6k\u00e9letes, mi pedig gonoszak vagyunk. Azzal, hogy felismerj\u00fck, hogy elfogadjuk a T\u0151le felaj\u00e1nlott seg\u00edts\u00e9get, \u00e9s J\u00e9zus Krisztus \u00e1ldozata alapj\u00e1n bocs\u00e1natot k\u00e9r\u00fcnk b\u0171neink\u00e9rt. Miut\u00e1n megbocs\u00e1t\u00e1st kaptunk, elk\u00f6telezz\u00fck magunkat a Teremt\u0151 ir\u00e1nt az\u00e1ltal, hogy megismerj\u00fck \u00e9s tiszteletben tartjuk t\u00f6rv\u00e9nyeit az \u00faj \u00e9letben, amelyet T\u0151le k\u00edn\u00e1l.<\/p>\n<p>Izraelben a s\u00falyos b\u0171ncselekm\u00e9nyeket nyilv\u00e1nosan t\u00e1rgyalt\u00e1k a t\u00e1rsadalom felel\u0151s tagjai - b\u00edr\u00e1k -, \u00e9s az embereket nyilv\u00e1nosan b\u00fcntett\u00e9k meg. Ez az\u00e9rt t\u00f6rt\u00e9nt, hogy megakad\u00e1lyozz\u00e1k Izrael eg\u00e9sz t\u00e1rsadalm\u00e1nak l\u00e1zad\u00e1sba es\u00e9s\u00e9t, \u00e9s \u00edgy Isten \u00edt\u00e9lete al\u00e1 ker\u00fcl\u00e9s\u00e9t. Isten Szent - T\u00f6k\u00e9letes, \u00e9s a szeretet hatalmas t\u00fcz\u00e9ben lakozik. Minden, ami az \u0150 jelenl\u00e9t\u00e9ben van, kider\u00fcl, \u00e9s a gonosz az \u0150 t\u00fcz\u00e9ben \u00e9g el.<\/p>\n<p>Sz\u00e1munkra ez azt jelenti, hogy tiszteletben kell tartanunk az egyes \u00e1llamok hat\u00f3s\u00e1gait, akikre Isten b\u00edzta ezt az \u00edt\u00e9letet \u00e9s b\u00fcntet\u00e9st. Az egyes korm\u00e1nyok, \u00e9s k\u00f6vetkez\u00e9sk\u00e9ppen a b\u00edr\u00e1k feladata, hogy tiszteletben tarts\u00e1k Isten t\u00f6rv\u00e9nyeit.<\/p>\n<p>Isten nem azt akarja, hogy a b\u0171n\u00f6z\u0151k elpusztuljanak, hanem hogy \u00f6nmagukban \u00e9ljenek, megjav\u00edts\u00e1k magukat, \u00e9s Isten kegyelme \u00e1ltal \u00e9lhessenek. Ismert t\u00f6rt\u00e9net a h\u00e1zass\u00e1gt\u00f6r\u00e9sen rajtakapott asszonyr\u00f3l, akit Isten t\u00f6rv\u00e9nye szerint meg akartak k\u00f6vezni, \u00e9s J\u00e9zushoz vitt\u00e9k. \u0150 azt mondta: &quot;Aki b\u0171ntelen, az vessen el\u0151sz\u00f6r k\u00f6vet.&quot; Amikor az asszony mag\u00e1ra maradt, \u00e9s mindenki elment, J\u00e9zus \u00edgy sz\u00f3lt: &quot;Senki sem \u00edt\u00e9lt el t\u00e9ged? \u00c9n sem \u00edt\u00e9llek el, menj el, \u00e9s t\u00f6bb\u00e9 ne v\u00e9tkezz!&quot; Isten igaznak mutatja mag\u00e1t nek\u00fcnk, aki megjutalmazza a j\u00f3t \u00e9s megb\u00fcnteti a rosszat, de irgalmas a megt\u00f6rtekhez. Isten ellen\u00e1ll a kev\u00e9lyeknek, de kegyelmet ad az al\u00e1zatosoknak. Isten nem t\u00f6r\u00f6lte el a t\u00f6rv\u00e9nyt, hanem az\u00e9rt j\u00f6tt, hogy bet\u00f6ltse azt az \u00dar J\u00e9zus \u00e1ltal.<\/p>\t\t\t\t\t\t\t\t<\/div>\n\t\t\t\t<\/div>\n\t\t\t\t<div class=\"elementor-element elementor-element-cca11b4 elementor-widget elementor-widget-text-editor\" data-id=\"cca11b4\" data-element_type=\"widget\" data-widget_type=\"text-editor.default\">\n\t\t\t\t<div class=\"elementor-widget-container\">\n\t\t\t\t\t\t\t\t\t<p><em><strong>\u201e11 Mondd meg nekik: \u00c9lek \u00e9n \u2013 \u00edgy sz\u00f3l az \u00dar Isten \u2013, hogy nem gy\u00f6ny\u00f6rk\u00f6d\u00f6m a gonosz hal\u00e1l\u00e1ban, hanem abban,<\/strong><\/em><br \/><em><strong>hogy a gonosz megt\u00e9r \u00fatj\u00e1r\u00f3l \u00e9s \u00e9l. T\u00e9rjetek meg, t\u00e9rjetek meg gonosz utaitokr\u00f3l <\/strong><\/em><em><strong>az \u00e9let \u00fatjai!<\/strong><\/em><br \/><em><strong>Ez\u00e9kiel 33<\/strong><\/em><\/p>\t\t\t\t\t\t\t\t<\/div>\n\t\t\t\t<\/div>\n\t\t\t\t<div class=\"elementor-element elementor-element-b39dcd5 elementor-widget elementor-widget-text-editor\" data-id=\"b39dcd5\" data-element_type=\"widget\" data-widget_type=\"text-editor.default\">\n\t\t\t\t<div class=\"elementor-widget-container\">\n\t\t\t\t\t\t\t\t\t<p><em><strong>\u201eMert a b\u0171n zsoldja a hal\u00e1l, az Isten kegyelmi aj\u00e1nd\u00e9ka pedig az \u00f6r\u00f6k \u00e9let a mi Urunk J\u00e9zus Krisztus \u00e1ltal.\u201d<\/strong><\/em><br \/><em><strong>R\u00f3ma 6<\/strong><\/em><\/p>\t\t\t\t\t\t\t\t<\/div>\n\t\t\t\t<\/div>\n\t\t\t\t\t<\/div>\n\t\t\t\t<\/div>\n\t\t\t\t\t<\/div>\n\t\t\t\t<\/div>\n\t\t\t\t<\/div>","protected":false},"excerpt":{"rendered":"<p>CTI BOHA ,\u201aJa som Hospodin, tvoj Boh, ktor\u00fd \u0165a vyviedol z Egypta, z domu otrokov. Nebude\u0161 ma\u0165 in\u00fdch bohovokrem m\u0148a!&#8220; 5.Moj\u017ei\u0161ova, 5,6 Prv\u00e9 z\u00e1kladn\u00e9 a najd\u00f4le\u017eitej\u0161ie pravidlo \u017eivota je cti\u0165 Stvorite\u013ea, ktor\u00fd n\u00e1m daroval \u017eivot, denne n\u00e1m poskytuje l\u00e1sku, zdravie a zaopatrenie. Je na n\u00e1s \u010di budeme v\u010fa\u010dne prij\u00edma\u0165, alebo sa py\u0161ne b\u00fari\u0165. \u00dacta k [&hellip;]<\/p>","protected":false},"author":1,"featured_media":0,"parent":0,"menu_order":0,"comment_status":"closed","ping_status":"closed","template":"","meta":{"site-sidebar-layout":"no-sidebar","site-content-layout":"page-builder","ast-site-content-layout":"full-width-container","site-content-style":"unboxed","site-sidebar-style":"unboxed","ast-global-header-display":"","ast-banner-title-visibility":"disabled","ast-main-header-display":"","ast-hfb-above-header-display":"","ast-hfb-below-header-display":"","ast-hfb-mobile-header-display":"","site-post-title":"disabled","ast-breadcrumbs-content":"disabled","ast-featured-img":"disabled","footer-sml-layout":"disabled","theme-transparent-header-meta":"enabled","adv-header-id-meta":"","stick-header-meta":"","header-above-stick-meta":"","header-main-stick-meta":"","header-below-stick-meta":"","astra-migrate-meta-layouts":"set","ast-page-background-enabled":"default","ast-page-background-meta":{"desktop":{"background-color":"var(--ast-global-color-4)","background-image":"","background-repeat":"repeat","background-position":"center center","background-size":"auto","background-attachment":"scroll","background-type":"","background-media":"","overlay-type":"","overlay-color":"","overlay-opacity":"","overlay-gradient":""},"tablet":{"background-color":"","background-image":"","background-repeat":"repeat","background-position":"center center","background-size":"auto","background-attachment":"scroll","background-type":"","background-media":"","overlay-type":"","overlay-color":"","overlay-opacity":"","overlay-gradient":""},"mobile":{"background-color":"","background-image":"","background-repeat":"repeat","background-position":"center center","background-size":"auto","background-attachment":"scroll","background-type":"","background-media":"","overlay-type":"","overlay-color":"","overlay-opacity":"","overlay-gradient":""}},"ast-content-background-meta":{"desktop":{"background-color":"var(--ast-global-color-5)","background-image":"","background-repeat":"repeat","background-position":"center center","background-size":"auto","background-attachment":"scroll","background-type":"","background-media":"","overlay-type":"","overlay-color":"","overlay-opacity":"","overlay-gradient":""},"tablet":{"background-color":"var(--ast-global-color-5)","background-image":"","background-repeat":"repeat","background-position":"center center","background-size":"auto","background-attachment":"scroll","background-type":"","background-media":"","overlay-type":"","overlay-color":"","overlay-opacity":"","overlay-gradient":""},"mobile":{"background-color":"var(--ast-global-color-5)","background-image":"","background-repeat":"repeat","background-position":"center center","background-size":"auto","background-attachment":"scroll","background-type":"","background-media":"","overlay-type":"","overlay-color":"","overlay-opacity":"","overlay-gradient":""}},"footnotes":""},"class_list":["post-2118","page","type-page","status-publish","hentry"],"_links":{"self":[{"href":"http:\/\/acodalej.sk\/hu\/wp-json\/wp\/v2\/pages\/2118","targetHints":{"allow":["GET"]}}],"collection":[{"href":"http:\/\/acodalej.sk\/hu\/wp-json\/wp\/v2\/pages"}],"about":[{"href":"http:\/\/acodalej.sk\/hu\/wp-json\/wp\/v2\/types\/page"}],"author":[{"embeddable":true,"href":"http:\/\/acodalej.sk\/hu\/wp-json\/wp\/v2\/users\/1"}],"replies":[{"embeddable":true,"href":"http:\/\/acodalej.sk\/hu\/wp-json\/wp\/v2\/comments?post=2118"}],"version-history":[{"count":0,"href":"http:\/\/acodalej.sk\/hu\/wp-json\/wp\/v2\/pages\/2118\/revisions"}],"wp:attachment":[{"href":"http:\/\/acodalej.sk\/hu\/wp-json\/wp\/v2\/media?parent=2118"}],"curies":[{"name":"wp","href":"https:\/\/api.w.org\/{rel}","templated":true}]}}