{"id":2135,"date":"2024-09-15T13:02:51","date_gmt":"2024-09-15T13:02:51","guid":{"rendered":"http:\/\/acodalej.sk\/?page_id=2135"},"modified":"2024-11-09T16:23:29","modified_gmt":"2024-11-09T16:23:29","slug":"neklanaj-sa-modlam","status":"publish","type":"page","link":"http:\/\/acodalej.sk\/hu\/neklanaj-sa-modlam\/","title":{"rendered":"Nekla\u0148aj sa modl\u00e1m"},"content":{"rendered":"<div data-elementor-type=\"wp-page\" data-elementor-id=\"2135\" class=\"elementor elementor-2135\">\n\t\t\t\t<div class=\"has_eae_slider elementor-element elementor-element-51745f4 e-flex e-con-boxed e-con e-parent\" data-eae-slider=\"88325\" data-id=\"51745f4\" data-element_type=\"container\">\n\t\t\t\t\t<div class=\"e-con-inner\">\n\t\t<div class=\"has_eae_slider elementor-element elementor-element-707ff21 e-flex e-con-boxed e-con e-child\" data-eae-slider=\"53671\" data-id=\"707ff21\" data-element_type=\"container\">\n\t\t\t\t\t<div class=\"e-con-inner\">\n\t\t\t\t<div class=\"elementor-element elementor-element-638dd4e elementor-widget elementor-widget-heading\" data-id=\"638dd4e\" data-element_type=\"widget\" data-widget_type=\"heading.default\">\n\t\t\t\t<div class=\"elementor-widget-container\">\n\t\t\t\t\t<h2 class=\"elementor-heading-title elementor-size-default\">ne im\u00e1dj b\u00e1lv\u00e1nyokat<\/h2>\t\t\t\t<\/div>\n\t\t\t\t<\/div>\n\t\t\t\t<div class=\"elementor-element elementor-element-1b01e9a elementor-widget elementor-widget-text-editor\" data-id=\"1b01e9a\" data-element_type=\"widget\" data-widget_type=\"text-editor.default\">\n\t\t\t\t<div class=\"elementor-widget-container\">\n\t\t\t\t\t\t\t\t\t<p class=\"Standard\"><strong><em>Ne csin\u00e1lj magadnak b\u00e1lv\u00e1nyt, vagy b\u00e1rmi hasonl\u00f3t azokhoz, amelyek fent az \u00e9gben, vagy amelyek alant a f\u00f6ld\u00f6n, vagy amelyek a f\u00f6ld alatt a vizekben vannak. Ne im\u00e1dd \u00e9s ne tiszteld azokat, mert \u00e9n, az \u00dar, a te Istened, f\u00e9lt\u00e9keny Isten vagyok, aki megb\u00fcntetem az aty\u00e1k v\u00e9tk\u00e9t a fiakban harmad- \u00e9s negyed\u00edziglen azokon, akik gy\u0171l\u00f6lnek engem, de irgalmass\u00e1got gyakorlok ezer\u00edziglen azokkal, akik szeretnek engem \u00e9s megtartj\u00e1k parancsolataimat.<\/em><\/strong><\/p><p class=\"Standard\"><strong><em>5M\u00f3zes 5:8-10<\/em><\/strong><\/p>\t\t\t\t\t\t\t\t<\/div>\n\t\t\t\t<\/div>\n\t\t\t\t\t<\/div>\n\t\t\t\t<\/div>\n\t\t\t\t\t<\/div>\n\t\t\t\t<\/div>\n\t\t<div class=\"has_eae_slider elementor-element elementor-element-cd9b398 e-flex e-con-boxed e-con e-parent\" data-eae-slider=\"99093\" data-id=\"cd9b398\" data-element_type=\"container\">\n\t\t\t\t\t<div class=\"e-con-inner\">\n\t\t<div class=\"has_eae_slider elementor-element elementor-element-13de34c e-flex e-con-boxed e-con e-child\" data-eae-slider=\"60171\" data-id=\"13de34c\" data-element_type=\"container\">\n\t\t\t\t\t<div class=\"e-con-inner\">\n\t\t\t\t<div class=\"elementor-element elementor-element-8bfd6f6 elementor-widget elementor-widget-text-editor\" data-id=\"8bfd6f6\" data-element_type=\"widget\" data-widget_type=\"text-editor.default\">\n\t\t\t\t<div class=\"elementor-widget-container\">\n\t\t\t\t\t\t\t\t\t<p>A m\u00e1sodik szab\u00e1ly az, hogy ne k\u00e9sz\u00edts\u00fcnk Istenr\u0151l semmilyen szobrot vagy k\u00e9pet, amelyet im\u00e1dhatunk. Nem im\u00e1dhatjuk \u00f6nmagunkat, a k\u00f6r\u00fcl\u00f6tt\u00fcnk l\u00e9v\u0151 embereket, az \u00e1llatokat, az oktat\u00e1st, a vil\u00e1gi karriert, a p\u00e9nzt, a vil\u00e1gi javakat. Amikor valakit arra k\u00e9sztetnek, hogy olyan szab\u00e1lyokat k\u00f6vessen, amelyek ellent\u00e9tesek Isten szav\u00e1val, az b\u00e1lv\u00e1nyim\u00e1d\u00e1s.\u00a0\u00a0<\/p>\t\t\t\t\t\t\t\t<\/div>\n\t\t\t\t<\/div>\n\t\t\t\t<div class=\"elementor-element elementor-element-c056ac9 elementor-widget elementor-widget-text-editor\" data-id=\"c056ac9\" data-element_type=\"widget\" data-widget_type=\"text-editor.default\">\n\t\t\t\t<div class=\"elementor-widget-container\">\n\t\t\t\t\t\t\t\t\t<p class=\"Standard\"><em>Mert mivel semmif\u00e9le alakot nem l\u00e1ttatok azon a napon, amikor az \u00dar a t\u0171z k\u00f6zep\u00e9b\u0151l sz\u00f3lt hozz\u00e1tok a H\u00f3reben, vigy\u00e1zzatok h\u00e1t, hogy meg ne romoljatok, \u00e9s ne csin\u00e1ljatok magatoknak b\u00e1lv\u00e1nyt semmilyen alakra, sem h\u00edmre, sem n\u0151st\u00e9nyre, sem f\u00f6ldi \u00e1llatra, sem az \u00e9g alatt rep\u00fcl\u0151 sz\u00e1rnyas mad\u00e1rra, sem a f\u00f6ld\u00f6n cs\u00fasz\u00f3-m\u00e1sz\u00f3 \u00e1llatra, sem a f\u00f6ld alatt a v\u00edzben l\u00e9v\u0151 halra. Amikor feltekintetek az \u00e9gre, \u00e9s megl\u00e1tj\u00e1tok a napot, a holdat \u00e9s a csillagokat, az \u00e9g eg\u00e9sz sereg\u00e9t, ne hajoljatok meg el\u0151tt\u00fck, \u00e9s ne szolg\u00e1lj\u00e1tok \u0151ket, mert azokat adta az \u00dar, a ti Istenetek az eg\u00e9sz \u00e9g alatt l\u00e9v\u0151 \u00f6sszes n\u00e9pnek. Hanem mag\u00e1hoz vett titeket az \u00dar, \u00e9s kihozott titeket a kemenc\u00e9b\u0151l, Egyiptomb\u00f3l, hogy \u00f6r\u00f6ks\u00e9g\u00fcl n\u00e9pe legyetek, ahogyan e mai napon is van.<\/em><\/p><p class=\"Standard\"><em>5M\u00f3zes 4:15-20<\/em><\/p>\t\t\t\t\t\t\t\t<\/div>\n\t\t\t\t<\/div>\n\t\t\t\t<div class=\"elementor-element elementor-element-d0e5077 elementor-widget elementor-widget-text-editor\" data-id=\"d0e5077\" data-element_type=\"widget\" data-widget_type=\"text-editor.default\">\n\t\t\t\t<div class=\"elementor-widget-container\">\n\t\t\t\t\t\t\t\t\t<p class=\"Standard\">Isten t\u00f6rv\u00e9nyeinek megszeg\u00e9s\u00e9nek k\u00f6vetkezm\u00e9nye a hal\u00e1l \u2013 elszakad\u00e1s Istent\u0151l \u00e9s szenved\u00e9s, de az aj\u00e1nd\u00e9k \u2013 ingyenes \u00e9s mindenki sz\u00e1m\u00e1ra Istent\u0151l \u2013 a megbocs\u00e1t\u00e1s \u00e9s az \u00f6r\u00f6k \u00e9let az\u00e1ltal, hogy felismerj\u00fck, hogy \u0150 t\u00f6k\u00e9letes, mi pedig gonoszak vagyunk. Azzal, hogy felismerj\u00fck, hogy elfogadjuk a T\u0151le felaj\u00e1nlott seg\u00edts\u00e9get, \u00e9s J\u00e9zus Krisztus \u00e1ldozata alapj\u00e1n bocs\u00e1natot k\u00e9r\u00fcnk b\u0171neink\u00e9rt. Miut\u00e1n megbocs\u00e1t\u00e1st kaptunk, elk\u00f6telezz\u00fck magunkat a Teremt\u0151 ir\u00e1nt az\u00e1ltal, hogy megismerj\u00fck \u00e9s tiszteletben tartjuk t\u00f6rv\u00e9nyeit az \u00faj \u00e9letben, amelyet T\u0151le k\u00edn\u00e1l.<\/p><p class=\"Standard\">Izraelben a s\u00falyos b\u0171ncselekm\u00e9nyeket nyilv\u00e1nosan t\u00e1rgyalt\u00e1k a t\u00e1rsadalom felel\u0151s tagjai - b\u00edr\u00e1k -, \u00e9s az embereket nyilv\u00e1nosan b\u00fcntett\u00e9k meg. Ez az\u00e9rt t\u00f6rt\u00e9nt, hogy megakad\u00e1lyozz\u00e1k Izrael eg\u00e9sz t\u00e1rsadalm\u00e1nak l\u00e1zad\u00e1sba es\u00e9s\u00e9t, \u00e9s \u00edgy Isten \u00edt\u00e9lete al\u00e1 ker\u00fcl\u00e9s\u00e9t. Isten Szent - T\u00f6k\u00e9letes, \u00e9s a szeretet hatalmas t\u00fcz\u00e9ben lakozik. Minden, ami az \u0150 jelenl\u00e9t\u00e9ben van, kider\u00fcl, \u00e9s a gonosz az \u0150 t\u00fcz\u00e9ben \u00e9g el.<\/p><p class=\"Standard\">Sz\u00e1munkra ez azt jelenti, hogy tiszteletben kell tartanunk az egyes \u00e1llamok hat\u00f3s\u00e1gait, akikre Isten b\u00edzta ezt az \u00edt\u00e9letet \u00e9s b\u00fcntet\u00e9st. Az egyes korm\u00e1nyok, \u00e9s k\u00f6vetkez\u00e9sk\u00e9ppen a b\u00edr\u00e1k feladata, hogy tiszteletben tarts\u00e1k Isten t\u00f6rv\u00e9nyeit.<\/p><p class=\"Standard\">Isten nem azt akarja, hogy a b\u0171n\u00f6z\u0151k elpusztuljanak, hanem hogy \u00f6nmagukban \u00e9ljenek, megjav\u00edts\u00e1k magukat, \u00e9s Isten kegyelme \u00e1ltal \u00e9lhessenek. Ismert t\u00f6rt\u00e9net a h\u00e1zass\u00e1gt\u00f6r\u00e9sen rajtakapott asszonyr\u00f3l, akit Isten t\u00f6rv\u00e9nye szerint meg akartak k\u00f6vezni, \u00e9s J\u00e9zushoz vitt\u00e9k. \u0150 azt mondta: &quot;Aki b\u0171ntelen, az vessen el\u0151sz\u00f6r k\u00f6vet.&quot; Amikor az asszony mag\u00e1ra maradt, \u00e9s mindenki elment, J\u00e9zus \u00edgy sz\u00f3lt: &quot;Senki sem \u00edt\u00e9lt el t\u00e9ged? \u00c9n sem \u00edt\u00e9llek el, menj el, \u00e9s t\u00f6bb\u00e9 ne v\u00e9tkezz!&quot; Isten igaznak mutatja mag\u00e1t nek\u00fcnk, aki megjutalmazza a j\u00f3t \u00e9s megb\u00fcnteti a rosszat, de irgalmas a megt\u00f6rtekhez. Isten ellen\u00e1ll a kev\u00e9lyeknek, de kegyelmet ad az al\u00e1zatosoknak. Isten nem t\u00f6r\u00f6lte el a t\u00f6rv\u00e9nyt, hanem az\u00e9rt j\u00f6tt, hogy bet\u00f6ltse azt az \u00dar J\u00e9zus \u00e1ltal.<\/p>\t\t\t\t\t\t\t\t<\/div>\n\t\t\t\t<\/div>\n\t\t\t\t<div class=\"elementor-element elementor-element-a4e81b1 elementor-widget elementor-widget-text-editor\" data-id=\"a4e81b1\" data-element_type=\"widget\" data-widget_type=\"text-editor.default\">\n\t\t\t\t<div class=\"elementor-widget-container\">\n\t\t\t\t\t\t\t\t\t<p class=\"Standard\"><em><strong>&#8222;11<span style=\"color: #1e293b;\">\u00a0<\/span>Mondd meg nekik: \u00c9lek \u00e9n \u2013 \u00edgy sz\u00f3l az \u00dar Isten \u2013, hogy nem gy\u00f6ny\u00f6rk\u00f6d\u00f6m a gonosz hal\u00e1l\u00e1ban, hanem abban, hogy a gonosz megt\u00e9rjen \u00fatj\u00e1r\u00f3l \u00e9s \u00e9ljen. T\u00e9rjetek meg, t\u00e9rjetek meg gonosz utaitokr\u00f3l!<\/strong><\/em><\/p><p class=\"Standard\"><em><strong>Ez\u00e9kiel 33<\/strong><\/em><\/p>\t\t\t\t\t\t\t\t<\/div>\n\t\t\t\t<\/div>\n\t\t\t\t<div class=\"elementor-element elementor-element-1071aa2 elementor-widget elementor-widget-text-editor\" data-id=\"1071aa2\" data-element_type=\"widget\" data-widget_type=\"text-editor.default\">\n\t\t\t\t<div class=\"elementor-widget-container\">\n\t\t\t\t\t\t\t\t\t<p class=\"Standard\"><em><strong>23<span style=\"color: #1e293b;\">\u00a0<\/span>Mert a b\u0171n zsoldja a hal\u00e1l, Isten kegyelm\u00e9nek aj\u00e1nd\u00e9ka pedig az \u00f6r\u00f6k \u00e9let a mi Urunk J\u00e9zus Krisztusban.<\/strong><\/em><\/p><p class=\"Standard\"><em><strong>R\u00f3ma 6<\/strong><\/em><\/p>\t\t\t\t\t\t\t\t<\/div>\n\t\t\t\t<\/div>\n\t\t\t\t\t<\/div>\n\t\t\t\t<\/div>\n\t\t\t\t\t<\/div>\n\t\t\t\t<\/div>\n\t\t\t\t<\/div>","protected":false},"excerpt":{"rendered":"<p>nekla\u0148aj sa modl\u00e1m Neurob\u00ed\u0161 si modlu ani nijak\u00fa podobu toho, \u010do je hore na nebi, dolu na zemi alebo vo vode pod zemou! Nebude\u0161 sa im kla\u0148a\u0165 ani sa ned\u00e1\u0161 nimi zotro\u010dova\u0165, lebo ja som Hospodin, tvoj Boh! Boh \u017eiarliv\u00fd, ktor\u00fd trest\u00e1 viny otcov na synoch do tretieho i \u0161tvrt\u00e9ho pokolenia t\u00fdch, \u010do ma nen\u00e1vidia, [&hellip;]<\/p>","protected":false},"author":1,"featured_media":0,"parent":0,"menu_order":0,"comment_status":"closed","ping_status":"closed","template":"","meta":{"site-sidebar-layout":"no-sidebar","site-content-layout":"page-builder","ast-site-content-layout":"full-width-container","site-content-style":"unboxed","site-sidebar-style":"unboxed","ast-global-header-display":"","ast-banner-title-visibility":"disabled","ast-main-header-display":"","ast-hfb-above-header-display":"","ast-hfb-below-header-display":"","ast-hfb-mobile-header-display":"","site-post-title":"disabled","ast-breadcrumbs-content":"disabled","ast-featured-img":"disabled","footer-sml-layout":"disabled","theme-transparent-header-meta":"enabled","adv-header-id-meta":"","stick-header-meta":"","header-above-stick-meta":"","header-main-stick-meta":"","header-below-stick-meta":"","astra-migrate-meta-layouts":"set","ast-page-background-enabled":"default","ast-page-background-meta":{"desktop":{"background-color":"var(--ast-global-color-4)","background-image":"","background-repeat":"repeat","background-position":"center center","background-size":"auto","background-attachment":"scroll","background-type":"","background-media":"","overlay-type":"","overlay-color":"","overlay-opacity":"","overlay-gradient":""},"tablet":{"background-color":"","background-image":"","background-repeat":"repeat","background-position":"center center","background-size":"auto","background-attachment":"scroll","background-type":"","background-media":"","overlay-type":"","overlay-color":"","overlay-opacity":"","overlay-gradient":""},"mobile":{"background-color":"","background-image":"","background-repeat":"repeat","background-position":"center center","background-size":"auto","background-attachment":"scroll","background-type":"","background-media":"","overlay-type":"","overlay-color":"","overlay-opacity":"","overlay-gradient":""}},"ast-content-background-meta":{"desktop":{"background-color":"var(--ast-global-color-5)","background-image":"","background-repeat":"repeat","background-position":"center center","background-size":"auto","background-attachment":"scroll","background-type":"","background-media":"","overlay-type":"","overlay-color":"","overlay-opacity":"","overlay-gradient":""},"tablet":{"background-color":"var(--ast-global-color-5)","background-image":"","background-repeat":"repeat","background-position":"center center","background-size":"auto","background-attachment":"scroll","background-type":"","background-media":"","overlay-type":"","overlay-color":"","overlay-opacity":"","overlay-gradient":""},"mobile":{"background-color":"var(--ast-global-color-5)","background-image":"","background-repeat":"repeat","background-position":"center center","background-size":"auto","background-attachment":"scroll","background-type":"","background-media":"","overlay-type":"","overlay-color":"","overlay-opacity":"","overlay-gradient":""}},"footnotes":""},"class_list":["post-2135","page","type-page","status-publish","hentry"],"_links":{"self":[{"href":"http:\/\/acodalej.sk\/hu\/wp-json\/wp\/v2\/pages\/2135","targetHints":{"allow":["GET"]}}],"collection":[{"href":"http:\/\/acodalej.sk\/hu\/wp-json\/wp\/v2\/pages"}],"about":[{"href":"http:\/\/acodalej.sk\/hu\/wp-json\/wp\/v2\/types\/page"}],"author":[{"embeddable":true,"href":"http:\/\/acodalej.sk\/hu\/wp-json\/wp\/v2\/users\/1"}],"replies":[{"embeddable":true,"href":"http:\/\/acodalej.sk\/hu\/wp-json\/wp\/v2\/comments?post=2135"}],"version-history":[{"count":0,"href":"http:\/\/acodalej.sk\/hu\/wp-json\/wp\/v2\/pages\/2135\/revisions"}],"wp:attachment":[{"href":"http:\/\/acodalej.sk\/hu\/wp-json\/wp\/v2\/media?parent=2135"}],"curies":[{"name":"wp","href":"https:\/\/api.w.org\/{rel}","templated":true}]}}