{"id":2144,"date":"2024-09-15T13:22:02","date_gmt":"2024-09-15T13:22:02","guid":{"rendered":"http:\/\/acodalej.sk\/?page_id=2144"},"modified":"2024-11-09T16:22:59","modified_gmt":"2024-11-09T16:22:59","slug":"neber-meno-boha-nadarmo","status":"publish","type":"page","link":"http:\/\/acodalej.sk\/hu\/neber-meno-boha-nadarmo\/","title":{"rendered":"Neber meno Boha nadarmo"},"content":{"rendered":"<div data-elementor-type=\"wp-page\" data-elementor-id=\"2144\" class=\"elementor elementor-2144\">\n\t\t\t\t<div class=\"has_eae_slider elementor-element elementor-element-60f6cd8 e-flex e-con-boxed e-con e-parent\" data-eae-slider=\"88044\" data-id=\"60f6cd8\" data-element_type=\"container\">\n\t\t\t\t\t<div class=\"e-con-inner\">\n\t\t<div class=\"has_eae_slider elementor-element elementor-element-82b1090 e-flex e-con-boxed e-con e-child\" data-eae-slider=\"30726\" data-id=\"82b1090\" data-element_type=\"container\">\n\t\t\t\t\t<div class=\"e-con-inner\">\n\t\t\t\t<div class=\"elementor-element elementor-element-616b16a elementor-widget elementor-widget-heading\" data-id=\"616b16a\" data-element_type=\"widget\" data-widget_type=\"heading.default\">\n\t\t\t\t<div class=\"elementor-widget-container\">\n\t\t\t\t\t<h2 class=\"elementor-heading-title elementor-size-default\">Ne vedd hi\u00e1ba Isten nev\u00e9t.<\/h2>\t\t\t\t<\/div>\n\t\t\t\t<\/div>\n\t\t\t\t<div class=\"elementor-element elementor-element-f842778 elementor-widget elementor-widget-text-editor\" data-id=\"f842778\" data-element_type=\"widget\" data-widget_type=\"text-editor.default\">\n\t\t\t\t<div class=\"elementor-widget-container\">\n\t\t\t\t\t\t\t\t\t<p class=\"Standard\"><em><b>\u201eNe vedd hi\u00e1ba Istenednek, az \u00darnak a nev\u00e9t, mert az \u00dar nem hagyja b\u00fcntet\u00e9s n\u00e9lk\u00fcl, aki hi\u00e1ba veszi a nev\u00e9t.\u201d<\/b><\/em><\/p><p class=\"Standard\"><em><b>5M\u00f3zes 5:11<\/b><\/em><\/p>\t\t\t\t\t\t\t\t<\/div>\n\t\t\t\t<\/div>\n\t\t\t\t\t<\/div>\n\t\t\t\t<\/div>\n\t\t\t\t\t<\/div>\n\t\t\t\t<\/div>\n\t\t<div class=\"has_eae_slider elementor-element elementor-element-b893b31 e-flex e-con-boxed e-con e-parent\" data-eae-slider=\"49886\" data-id=\"b893b31\" data-element_type=\"container\">\n\t\t\t\t\t<div class=\"e-con-inner\">\n\t\t<div class=\"has_eae_slider elementor-element elementor-element-d2d36c4 e-flex e-con-boxed e-con e-child\" data-eae-slider=\"69846\" data-id=\"d2d36c4\" data-element_type=\"container\">\n\t\t\t\t\t<div class=\"e-con-inner\">\n\t\t\t\t<div class=\"elementor-element elementor-element-a971830 elementor-widget elementor-widget-text-editor\" data-id=\"a971830\" data-element_type=\"widget\" data-widget_type=\"text-editor.default\">\n\t\t\t\t<div class=\"elementor-widget-container\">\n\t\t\t\t\t\t\t\t\t<p class=\"Standard\">Ez a szab\u00e1ly istenk\u00e1roml\u00e1sk\u00e9nt ismert. Isten nev\u00e9t nem szabad \u00e1tokk\u00e9nt, vagy b\u00e1rmilyen m\u00e1s m\u00f3don kiejten\u00fcnk a sz\u00e1nkban, csak Isten tisztelet\u00e9re. Ez mag\u00e1ban foglalja J\u00e9zus nev\u00e9t is, ami Isten Fi\u00e1nak = Istennek a neve.<\/p>\t\t\t\t\t\t\t\t<\/div>\n\t\t\t\t<\/div>\n\t\t\t\t<div class=\"elementor-element elementor-element-dc04552 elementor-widget elementor-widget-text-editor\" data-id=\"dc04552\" data-element_type=\"widget\" data-widget_type=\"text-editor.default\">\n\t\t\t\t<div class=\"elementor-widget-container\">\n\t\t\t\t\t\t\t\t\t<p class=\"Standard\">Isten t\u00f6rv\u00e9nyeinek megszeg\u00e9s\u00e9nek k\u00f6vetkezm\u00e9nye a hal\u00e1l \u2013 elszakad\u00e1s Istent\u0151l \u00e9s szenved\u00e9s, de az aj\u00e1nd\u00e9k \u2013 ingyenes \u00e9s mindenki sz\u00e1m\u00e1ra Istent\u0151l \u2013 a megbocs\u00e1t\u00e1s \u00e9s az \u00f6r\u00f6k \u00e9let az\u00e1ltal, hogy felismerj\u00fck, hogy \u0150 t\u00f6k\u00e9letes, mi pedig gonoszak vagyunk. Azzal, hogy felismerj\u00fck, hogy elfogadjuk a T\u0151le felaj\u00e1nlott seg\u00edts\u00e9get, \u00e9s J\u00e9zus Krisztus \u00e1ldozata alapj\u00e1n bocs\u00e1natot k\u00e9r\u00fcnk b\u0171neink\u00e9rt. Miut\u00e1n megbocs\u00e1t\u00e1st kaptunk, elk\u00f6telezz\u00fck magunkat a Teremt\u0151 ir\u00e1nt az\u00e1ltal, hogy megismerj\u00fck \u00e9s tiszteletben tartjuk t\u00f6rv\u00e9nyeit az \u00faj \u00e9letben, amelyet T\u0151le k\u00edn\u00e1l.<\/p><p class=\"Standard\">Izraelben a s\u00falyos b\u0171ncselekm\u00e9nyeket nyilv\u00e1nosan t\u00e1rgyalt\u00e1k a t\u00e1rsadalom felel\u0151s tagjai - b\u00edr\u00e1k -, \u00e9s az embereket nyilv\u00e1nosan b\u00fcntett\u00e9k meg. Ez az\u00e9rt t\u00f6rt\u00e9nt, hogy megakad\u00e1lyozz\u00e1k Izrael eg\u00e9sz t\u00e1rsadalm\u00e1nak l\u00e1zad\u00e1sba es\u00e9s\u00e9t, \u00e9s \u00edgy Isten \u00edt\u00e9lete al\u00e1 ker\u00fcl\u00e9s\u00e9t. Isten Szent - T\u00f6k\u00e9letes, \u00e9s a szeretet hatalmas t\u00fcz\u00e9ben lakozik. Minden, ami az \u0150 jelenl\u00e9t\u00e9ben van, kider\u00fcl, \u00e9s a gonosz az \u0150 t\u00fcz\u00e9ben \u00e9g el.<\/p><p class=\"Standard\">Sz\u00e1munkra ez azt jelenti, hogy tiszteletben kell tartanunk az egyes \u00e1llamok hat\u00f3s\u00e1gait, akikre Isten b\u00edzta ezt az \u00edt\u00e9letet \u00e9s b\u00fcntet\u00e9st. Az egyes korm\u00e1nyok, \u00e9s k\u00f6vetkez\u00e9sk\u00e9ppen a b\u00edr\u00e1k feladata, hogy tiszteletben tarts\u00e1k Isten t\u00f6rv\u00e9nyeit.<\/p><p class=\"Standard\">Isten nem azt akarja, hogy a b\u0171n\u00f6z\u0151k elpusztuljanak, hanem hogy \u00f6nmagukban \u00e9ljenek, megjav\u00edts\u00e1k magukat, \u00e9s Isten kegyelme \u00e1ltal \u00e9lhessenek. Ismert t\u00f6rt\u00e9net a h\u00e1zass\u00e1gt\u00f6r\u00e9sen rajtakapott asszonyr\u00f3l, akit Isten t\u00f6rv\u00e9nye szerint meg akartak k\u00f6vezni, \u00e9s J\u00e9zushoz vitt\u00e9k. \u0150 azt mondta: &quot;Aki b\u0171ntelen, az vessen el\u0151sz\u00f6r k\u00f6vet.&quot; Amikor az asszony mag\u00e1ra maradt, \u00e9s mindenki elment, J\u00e9zus \u00edgy sz\u00f3lt: &quot;Senki sem \u00edt\u00e9lt el t\u00e9ged? \u00c9n sem \u00edt\u00e9llek el, menj el, \u00e9s t\u00f6bb\u00e9 ne v\u00e9tkezz!&quot; Isten igaznak mutatja mag\u00e1t nek\u00fcnk, aki megjutalmazza a j\u00f3t \u00e9s megb\u00fcnteti a rosszat, de irgalmas a megt\u00f6rtekhez. Isten ellen\u00e1ll a kev\u00e9lyeknek, de kegyelmet ad az al\u00e1zatosoknak. Isten nem t\u00f6r\u00f6lte el a t\u00f6rv\u00e9nyt, hanem az\u00e9rt j\u00f6tt, hogy bet\u00f6ltse azt az \u00dar J\u00e9zus \u00e1ltal.<\/p>\t\t\t\t\t\t\t\t<\/div>\n\t\t\t\t<\/div>\n\t\t\t\t<div class=\"elementor-element elementor-element-a8c7f8e elementor-widget elementor-widget-text-editor\" data-id=\"a8c7f8e\" data-element_type=\"widget\" data-widget_type=\"text-editor.default\">\n\t\t\t\t<div class=\"elementor-widget-container\">\n\t\t\t\t\t\t\t\t\t<p class=\"Standard\"><em><strong>&#8222;11<span style=\"color: #1e293b;\">\u00a0<\/span>Mondd meg nekik: \u00c9lek \u00e9n \u2013 \u00edgy sz\u00f3l az \u00dar Isten \u2013, hogy nem gy\u00f6ny\u00f6rk\u00f6d\u00f6m a gonosz hal\u00e1l\u00e1ban, hanem abban, hogy a gonosz megt\u00e9rjen \u00fatj\u00e1r\u00f3l \u00e9s \u00e9ljen. T\u00e9rjetek meg, t\u00e9rjetek meg gonosz utaitokr\u00f3l!<\/strong><\/em><\/p><p class=\"Standard\"><em><strong>Ez\u00e9kiel 33<\/strong><\/em><\/p>\t\t\t\t\t\t\t\t<\/div>\n\t\t\t\t<\/div>\n\t\t\t\t<div class=\"elementor-element elementor-element-07f96af elementor-widget elementor-widget-text-editor\" data-id=\"07f96af\" data-element_type=\"widget\" data-widget_type=\"text-editor.default\">\n\t\t\t\t<div class=\"elementor-widget-container\">\n\t\t\t\t\t\t\t\t\t<p class=\"Standard\"><em><strong>&#8222;23<span style=\"color: #1e293b;\">\u00a0<\/span>Mert a b\u0171n zsoldja a hal\u00e1l, az Isten kegyelmi aj\u00e1nd\u00e9ka pedig az \u00f6r\u00f6k \u00e9let a mi Urunk J\u00e9zus Krisztusban!\u201d<\/strong><\/em><\/p><p class=\"Standard\"><em><strong>R\u00f3ma 6<\/strong><\/em><\/p><p class=\"Standard\">\u00a0<\/p>\t\t\t\t\t\t\t\t<\/div>\n\t\t\t\t<\/div>\n\t\t\t\t\t<\/div>\n\t\t\t\t<\/div>\n\t\t\t\t\t<\/div>\n\t\t\t\t<\/div>\n\t\t\t\t<\/div>","protected":false},"excerpt":{"rendered":"<p>neber meno boha nadarmo &#8222;Nevyslov\u00ed\u0161 meno Hospodina, svojho Boha, nadarmo, lebo Hospodin nenech\u00e1 bez trestu toho, kto nadarmo vyslov\u00ed jeho meno!&#8220; 5. Moj\u017ei\u0161ova 5,11 Toto pravidlo pozn\u00e1me pod slovom r\u00fahanie. Nesmieme bra\u0165 Meno Boha do \u00fast ako nad\u00e1vku, alebo ak\u00fdmko\u013evek sp\u00f4sobom okrem ctenia Boha. Do toho spad\u00e1 aj Meno Je\u017ei\u0161, ktor\u00e9 je Meno Bo\u017eieho Syna [&hellip;]<\/p>","protected":false},"author":1,"featured_media":0,"parent":0,"menu_order":0,"comment_status":"closed","ping_status":"closed","template":"","meta":{"site-sidebar-layout":"no-sidebar","site-content-layout":"page-builder","ast-site-content-layout":"full-width-container","site-content-style":"unboxed","site-sidebar-style":"unboxed","ast-global-header-display":"","ast-banner-title-visibility":"disabled","ast-main-header-display":"","ast-hfb-above-header-display":"","ast-hfb-below-header-display":"","ast-hfb-mobile-header-display":"","site-post-title":"disabled","ast-breadcrumbs-content":"disabled","ast-featured-img":"disabled","footer-sml-layout":"disabled","theme-transparent-header-meta":"enabled","adv-header-id-meta":"","stick-header-meta":"","header-above-stick-meta":"","header-main-stick-meta":"","header-below-stick-meta":"","astra-migrate-meta-layouts":"set","ast-page-background-enabled":"default","ast-page-background-meta":{"desktop":{"background-color":"var(--ast-global-color-4)","background-image":"","background-repeat":"repeat","background-position":"center center","background-size":"auto","background-attachment":"scroll","background-type":"","background-media":"","overlay-type":"","overlay-color":"","overlay-opacity":"","overlay-gradient":""},"tablet":{"background-color":"","background-image":"","background-repeat":"repeat","background-position":"center center","background-size":"auto","background-attachment":"scroll","background-type":"","background-media":"","overlay-type":"","overlay-color":"","overlay-opacity":"","overlay-gradient":""},"mobile":{"background-color":"","background-image":"","background-repeat":"repeat","background-position":"center center","background-size":"auto","background-attachment":"scroll","background-type":"","background-media":"","overlay-type":"","overlay-color":"","overlay-opacity":"","overlay-gradient":""}},"ast-content-background-meta":{"desktop":{"background-color":"var(--ast-global-color-5)","background-image":"","background-repeat":"repeat","background-position":"center center","background-size":"auto","background-attachment":"scroll","background-type":"","background-media":"","overlay-type":"","overlay-color":"","overlay-opacity":"","overlay-gradient":""},"tablet":{"background-color":"var(--ast-global-color-5)","background-image":"","background-repeat":"repeat","background-position":"center center","background-size":"auto","background-attachment":"scroll","background-type":"","background-media":"","overlay-type":"","overlay-color":"","overlay-opacity":"","overlay-gradient":""},"mobile":{"background-color":"var(--ast-global-color-5)","background-image":"","background-repeat":"repeat","background-position":"center center","background-size":"auto","background-attachment":"scroll","background-type":"","background-media":"","overlay-type":"","overlay-color":"","overlay-opacity":"","overlay-gradient":""}},"footnotes":""},"class_list":["post-2144","page","type-page","status-publish","hentry"],"_links":{"self":[{"href":"http:\/\/acodalej.sk\/hu\/wp-json\/wp\/v2\/pages\/2144","targetHints":{"allow":["GET"]}}],"collection":[{"href":"http:\/\/acodalej.sk\/hu\/wp-json\/wp\/v2\/pages"}],"about":[{"href":"http:\/\/acodalej.sk\/hu\/wp-json\/wp\/v2\/types\/page"}],"author":[{"embeddable":true,"href":"http:\/\/acodalej.sk\/hu\/wp-json\/wp\/v2\/users\/1"}],"replies":[{"embeddable":true,"href":"http:\/\/acodalej.sk\/hu\/wp-json\/wp\/v2\/comments?post=2144"}],"version-history":[{"count":0,"href":"http:\/\/acodalej.sk\/hu\/wp-json\/wp\/v2\/pages\/2144\/revisions"}],"wp:attachment":[{"href":"http:\/\/acodalej.sk\/hu\/wp-json\/wp\/v2\/media?parent=2144"}],"curies":[{"name":"wp","href":"https:\/\/api.w.org\/{rel}","templated":true}]}}