{"id":2161,"date":"2024-09-15T13:40:26","date_gmt":"2024-09-15T13:40:26","guid":{"rendered":"http:\/\/acodalej.sk\/?page_id=2161"},"modified":"2024-11-09T16:02:09","modified_gmt":"2024-11-09T16:02:09","slug":"sest-dni-pracuj-a-siedmy-oddychuj","status":"publish","type":"page","link":"http:\/\/acodalej.sk\/hu\/sest-dni-pracuj-a-siedmy-oddychuj\/","title":{"rendered":"\u0160es\u0165 dn\u00ed pracuj a siedmy oddychuj"},"content":{"rendered":"<div data-elementor-type=\"wp-page\" data-elementor-id=\"2161\" class=\"elementor elementor-2161\">\n\t\t\t\t<div class=\"has_eae_slider elementor-element elementor-element-665e1c8 e-flex e-con-boxed e-con e-parent\" data-eae-slider=\"48842\" data-id=\"665e1c8\" data-element_type=\"container\">\n\t\t\t\t\t<div class=\"e-con-inner\">\n\t\t<div class=\"has_eae_slider elementor-element elementor-element-9d75474 e-flex e-con-boxed e-con e-child\" data-eae-slider=\"62864\" data-id=\"9d75474\" data-element_type=\"container\">\n\t\t\t\t\t<div class=\"e-con-inner\">\n\t\t\t\t<div class=\"elementor-element elementor-element-9ce8909 elementor-widget elementor-widget-heading\" data-id=\"9ce8909\" data-element_type=\"widget\" data-widget_type=\"heading.default\">\n\t\t\t\t<div class=\"elementor-widget-container\">\n\t\t\t\t\t<h2 class=\"elementor-heading-title elementor-size-default\">Hat nap dolgozz, \u00e9s a hetediken pihenj.<\/h2>\t\t\t\t<\/div>\n\t\t\t\t<\/div>\n\t\t\t\t<div class=\"elementor-element elementor-element-a9adc6f elementor-widget elementor-widget-text-editor\" data-id=\"a9adc6f\" data-element_type=\"widget\" data-widget_type=\"text-editor.default\">\n\t\t\t\t<div class=\"elementor-widget-container\">\n\t\t\t\t\t\t\t\t\t<p class=\"Standard\"><em><b>Szenteld meg a szombat napj\u00e1t, hogy megszenteld azt, ahogyan megparancsolta neked Istened, az \u00daR. Hat napon \u00e1t dolgozz, \u00e9s v\u00e9gezd minden munk\u00e1dat. A hetedik nap azonban Istened, az \u00daR szombatja. Ne v\u00e9gezz semmif\u00e9le munk\u00e1t azon se te, se fiad, se l\u00e1nyod, se szolg\u00e1d, se szolg\u00e1l\u00f3le\u00e1nyod, se \u00f6kr\u00f6d, se szamarad, se egy\u00e9b \u00e1llatod, se a kapuidon bel\u00fcl tart\u00f3zkod\u00f3 idegen, hogy szolg\u00e1d \u00e9s szolg\u00e1l\u00f3le\u00e1nyod is nyugodhasson, ahogyan te is teszed. Eml\u00e9kezz\u00e9l meg r\u00f3la, hogy te is rabszolga volt\u00e1l Egyiptomban, \u00e9s Istened, az \u00daR er\u0151s k\u00e9zzel \u00e9s kiny\u00fajtott karral hozott ki onnan. Ez\u00e9rt parancsolta meg Istened, az \u00daR, hogy tartsd meg a szombat napj\u00e1t.<\/b><\/em><\/p><p class=\"Standard\"><em><b>5M\u00f3zes 5:12-15<\/b><\/em><\/p>\t\t\t\t\t\t\t\t<\/div>\n\t\t\t\t<\/div>\n\t\t\t\t\t<\/div>\n\t\t\t\t<\/div>\n\t\t\t\t\t<\/div>\n\t\t\t\t<\/div>\n\t\t<div class=\"has_eae_slider elementor-element elementor-element-365ec16 e-flex e-con-boxed e-con e-parent\" data-eae-slider=\"12862\" data-id=\"365ec16\" data-element_type=\"container\">\n\t\t\t\t\t<div class=\"e-con-inner\">\n\t\t<div class=\"has_eae_slider elementor-element elementor-element-f269339 e-flex e-con-boxed e-con e-child\" data-eae-slider=\"65836\" data-id=\"f269339\" data-element_type=\"container\">\n\t\t\t\t\t<div class=\"e-con-inner\">\n\t\t\t\t<div class=\"elementor-element elementor-element-225cef1 elementor-widget elementor-widget-text-editor\" data-id=\"225cef1\" data-element_type=\"widget\" data-widget_type=\"text-editor.default\">\n\t\t\t\t<div class=\"elementor-widget-container\">\n\t\t\t\t\t\t\t\t\t<p>Isten a saj\u00e1t k\u00e9p\u00e9re teremtett minket. Isten munk\u00e1lkodik, majd megpihen. Isten parancsa az, hogy hat napig dolgozzunk, \u00e9s egy napig pihenj\u00fcnk, amikor az emberek b\u00e9k\u00e9ben tal\u00e1lkoznak, \u00e9s h\u00e1l\u00e1t adnak Istennek az \u00e9let\u00e9rt. Aki nem dolgozik, azt tolvajnak vagy \u00e9l\u0151sk\u00f6d\u0151nek nevezik. Term\u00e9szetesen vannak gyermekek, id\u0151sek \u00e9s fogyat\u00e9kkal \u00e9l\u0151k, akiknek seg\u00edts\u00e9gre van sz\u00fcks\u00e9g\u00fck, \u00e9s nem tudj\u00e1k eltartani magukat munk\u00e1val. Isten sokszor hangs\u00falyozza a Bibli\u00e1ban a gyeng\u00e9k seg\u00edt\u00e9s\u00e9nek fontoss\u00e1g\u00e1t.\u00a0<\/p>\t\t\t\t\t\t\t\t<\/div>\n\t\t\t\t<\/div>\n\t\t\t\t<div class=\"elementor-element elementor-element-48c4d4e elementor-widget elementor-widget-text-editor\" data-id=\"48c4d4e\" data-element_type=\"widget\" data-widget_type=\"text-editor.default\">\n\t\t\t\t<div class=\"elementor-widget-container\">\n\t\t\t\t\t\t\t\t\t<p><em><strong>Aki nem akar dolgozni, az ne egyen! <\/strong><\/em><\/p><p><em>2 Thessalonika 3:10<\/em><\/p>\t\t\t\t\t\t\t\t<\/div>\n\t\t\t\t<\/div>\n\t\t\t\t<div class=\"elementor-element elementor-element-ab89810 elementor-widget elementor-widget-text-editor\" data-id=\"ab89810\" data-element_type=\"widget\" data-widget_type=\"text-editor.default\">\n\t\t\t\t<div class=\"elementor-widget-container\">\n\t\t\t\t\t\t\t\t\t<p class=\"Standard\"><em><strong>A tolvaj t\u00f6bb\u00e9 ne lopjon, hanem ink\u00e1bb dolgozzon, saj\u00e1t kez\u0171leg keresve valamit, hogy legyen mit megosztania a r\u00e1szorul\u00f3kkal.<\/strong><\/em><\/p><p class=\"Standard\"><em><strong> Ef\u00e9zus 4:28<\/strong><\/em><\/p>\t\t\t\t\t\t\t\t<\/div>\n\t\t\t\t<\/div>\n\t\t\t\t<div class=\"elementor-element elementor-element-b09ef0c elementor-widget elementor-widget-text-editor\" data-id=\"b09ef0c\" data-element_type=\"widget\" data-widget_type=\"text-editor.default\">\n\t\t\t\t<div class=\"elementor-widget-container\">\n\t\t\t\t\t\t\t\t\t<p>A pihen\u00e9ssel kapcsolatban Isten parancsolata a zsid\u00f3knak adott szombatr\u00f3l besz\u00e9l. A szombaton k\u00edv\u00fcl Isten megparancsolta a zsid\u00f3knak, hogy legyenek pihen\u0151id\u0151ik az \u00e9v sor\u00e1n - \u00fcnnepek, amikor a zsid\u00f3k nem dolgozhatnak, valamint olyan \u00e9telek, amelyeket ehetnek \u00e9s nem ehetnek. A nem zsid\u00f3k sz\u00e1m\u00e1ra fontos, hogy a h\u00e9t nap egyik\u00e9n pihenjenek, m\u00e9g akkor is, ha az nem a szombat. Az \u00fcnnepek esem\u00e9nyekr\u0151l sz\u00f3l\u00f3 pr\u00f3f\u00e9ci\u00e1k, amelyek k\u00f6z\u00fcl n\u00e9h\u00e1ny m\u00e1r beteljesedett, m\u00e1sok pedig m\u00e9g be fognak teljesedni. Izrael n\u00e9pe a mai napig megtartja ezeket a bibliai \u00fcnnepeket. P\u00e9ld\u00e1ul a zsid\u00f3 P\u00c9SZKA \u00fcnnepe - egy sz\u00f6k\u0151\u00e9v, amikor a zsid\u00f3k megszabadultak az egyiptomi rabszolgas\u00e1gb\u00f3l, \u00e9s fel\u00e1ldoztak egy b\u00e1r\u00e1nyt, hogy az Egyiptomon \u00e1tj\u00e1r\u00f3 puszt\u00edt\u00f3 angyal ne \u00f6lje meg \u0151ket, hanem \u00e1t kelljen ugrania a h\u00e1zaik felett. Minden \u00e9vben meg\u00fcnneplik, \u00e9s ezen a napon \u00e1ldozt\u00e1k fel a B\u00e1r\u00e1nyt - az \u00dar J\u00e9zust -, \u00edgy beteljes\u00fclve ennek az \u00fcnnepnek a jelent\u00e9se. B\u00e1rki, aki hisz az \u00e9rt\u00fcnk hozott helyettes\u00edt\u0151 \u00e1ldozat\u00e1ban, \u00e9s \u00e1tadja neki az \u00e9let\u00e9t, megmenek\u00fcl az \u00f6r\u00f6k k\u00e1rhozatt\u00f3l a pokolban. Az \u00e9tellel kapcsolatban az \u00dar J\u00e9zus azt mondta, hogy mindent ehet\u00fcnk, kiv\u00e9ve az \u00e1llatok v\u00e9r\u00e9t. A zsid\u00f3knak el\u0151\u00edrt \u00e9telek a nem zsid\u00f3k sz\u00e1m\u00e1ra is annak k\u00e9p\u00e9t jelentik, amit a szem\u00fcnkkel \u00e9s a f\u00fcl\u00fcnkkel a sz\u00edv\u00fcnkbe fogadunk.\u00a0\u00a0<\/p>\t\t\t\t\t\t\t\t<\/div>\n\t\t\t\t<\/div>\n\t\t\t\t<div class=\"elementor-element elementor-element-89ac5e1 elementor-widget elementor-widget-text-editor\" data-id=\"89ac5e1\" data-element_type=\"widget\" data-widget_type=\"text-editor.default\">\n\t\t\t\t<div class=\"elementor-widget-container\">\n\t\t\t\t\t\t\t\t\t<p class=\"Standard\"><em><strong>16 Senki teh\u00e1t ne \u00edt\u00e9ljen el titeket \u00e9tel\u00e9rt \u00e9s ital\u00e9rt, \u00fcnnep, \u00fajhold vagy szombat miatt. 17 Ezek csak \u00e1rny\u00e9kai a j\u00f6vend\u0151 dolgoknak, de a val\u00f3s\u00e1g Krisztus\u00e9. <\/strong><\/em><\/p><p class=\"Standard\"><em><strong>Koloss\u00e9 2:16-17<\/strong><\/em><\/p>\t\t\t\t\t\t\t\t<\/div>\n\t\t\t\t<\/div>\n\t\t\t\t<div class=\"elementor-element elementor-element-4111d1d elementor-widget elementor-widget-text-editor\" data-id=\"4111d1d\" data-element_type=\"widget\" data-widget_type=\"text-editor.default\">\n\t\t\t\t<div class=\"elementor-widget-container\">\n\t\t\t\t\t\t\t\t\t<p class=\"Standard\"><strong><em>Ami k\u00edv\u00fclr\u0151l megy be az emberbe, az nem szennyezheti be \u0151t? Nem a sz\u00edv\u00e9be jut be, hanem a gyomr\u00e1ba, \u00e9s onnan a csatorn\u00e1kba.\u201d \u00cdgy nyilv\u00e1n\u00edtott minden \u00e9telt tiszt\u00e1nak. Majd hozz\u00e1tette: \u201eAmi kij\u00f6n az emberb\u0151l, az szennyezi be az embert. Mert bel\u00fclr\u0151l, az emberek sz\u00edv\u00e9b\u0151l sz\u00e1rmaznak a gonosz gondolatok, par\u00e1znas\u00e1gok, lop\u00e1sok, gyilkoss\u00e1gok, h\u00e1zass\u00e1gt\u00f6r\u00e9sek, kapzsis\u00e1g, gonoszs\u00e1g, \u00e1lnoks\u00e1g, kicsapong\u00e1s, gonosz szem, k\u00e1roml\u00e1s, g\u0151g, bolonds\u00e1g. Mindezek a gonosz dolgok bel\u00fclr\u0151l j\u00f6nnek, \u00e9s szennyezik be az embert.\u201d <\/em><\/strong><\/p><p class=\"Standard\"><strong><em>M\u00e1rk 7:19-23<\/em><\/strong><\/p>\t\t\t\t\t\t\t\t<\/div>\n\t\t\t\t<\/div>\n\t\t\t\t<div class=\"elementor-element elementor-element-34dd2ff elementor-widget elementor-widget-text-editor\" data-id=\"34dd2ff\" data-element_type=\"widget\" data-widget_type=\"text-editor.default\">\n\t\t\t\t<div class=\"elementor-widget-container\">\n\t\t\t\t\t\t\t\t\t<p>A h\u00e9tnapos h\u00e9t eredete a Bibli\u00e1ban, a teremt\u00e9s kontextus\u00e1ban keresend\u0151.<\/p>\t\t\t\t\t\t\t\t<\/div>\n\t\t\t\t<\/div>\n\t\t\t\t<div class=\"elementor-element elementor-element-0076aa7 elementor-widget elementor-widget-text-editor\" data-id=\"0076aa7\" data-element_type=\"widget\" data-widget_type=\"text-editor.default\">\n\t\t\t\t<div class=\"elementor-widget-container\">\n\t\t\t\t\t\t\t\t\t<p class=\"Standard\">Isten t\u00f6rv\u00e9nyeinek megszeg\u00e9s\u00e9nek k\u00f6vetkezm\u00e9nye a hal\u00e1l \u2013 elszakad\u00e1s Istent\u0151l \u00e9s szenved\u00e9s, de az aj\u00e1nd\u00e9k \u2013 ingyenes \u00e9s mindenki sz\u00e1m\u00e1ra Istent\u0151l \u2013 a megbocs\u00e1t\u00e1s \u00e9s az \u00f6r\u00f6k \u00e9let az\u00e1ltal, hogy felismerj\u00fck, hogy \u0150 t\u00f6k\u00e9letes, mi pedig gonoszak vagyunk. Azzal, hogy felismerj\u00fck, hogy elfogadjuk a T\u0151le felaj\u00e1nlott seg\u00edts\u00e9get, \u00e9s J\u00e9zus Krisztus \u00e1ldozata alapj\u00e1n bocs\u00e1natot k\u00e9r\u00fcnk b\u0171neink\u00e9rt. Miut\u00e1n megbocs\u00e1t\u00e1st kaptunk, elk\u00f6telezz\u00fck magunkat a Teremt\u0151 ir\u00e1nti engedelmess\u00e9g mellett az\u00e1ltal, hogy megismerj\u00fck \u00e9s tiszteletben tartjuk t\u00f6rv\u00e9nyeit az \u00e1ltala felk\u00edn\u00e1lt \u00faj \u00e9letben.<\/p>\t\t\t\t\t\t\t\t<\/div>\n\t\t\t\t<\/div>\n\t\t\t\t<div class=\"elementor-element elementor-element-68113b7 elementor-widget elementor-widget-text-editor\" data-id=\"68113b7\" data-element_type=\"widget\" data-widget_type=\"text-editor.default\">\n\t\t\t\t<div class=\"elementor-widget-container\">\n\t\t\t\t\t\t\t\t\t<p class=\"Standard\">Izraelben a s\u00falyos b\u0171ncselekm\u00e9nyeket nyilv\u00e1nosan t\u00e1rgyalt\u00e1k a t\u00e1rsadalom felel\u0151s tagjai - b\u00edr\u00e1k -, \u00e9s az embereket nyilv\u00e1nosan b\u00fcntett\u00e9k meg. Ez az\u00e9rt t\u00f6rt\u00e9nt, hogy megakad\u00e1lyozz\u00e1k Izrael eg\u00e9sz t\u00e1rsadalm\u00e1nak l\u00e1zad\u00e1sba es\u00e9s\u00e9t, \u00e9s \u00edgy Isten \u00edt\u00e9lete al\u00e1 ker\u00fcl\u00e9s\u00e9t. Isten Szent - T\u00f6k\u00e9letes, \u00e9s a szeretet hatalmas t\u00fcz\u00e9ben lakozik. Minden, ami az \u0150 jelenl\u00e9t\u00e9ben van, kider\u00fcl, \u00e9s a gonosz az \u0150 t\u00fcz\u00e9ben \u00e9g el.<\/p><p class=\"Standard\">Sz\u00e1munkra ez azt jelenti, hogy tiszteletben kell tartanunk az egyes \u00e1llamok hat\u00f3s\u00e1gait, akikre Isten b\u00edzta ezt az \u00edt\u00e9letet \u00e9s b\u00fcntet\u00e9st. Az egyes korm\u00e1nyok, \u00e9s k\u00f6vetkez\u00e9sk\u00e9ppen a b\u00edr\u00e1k feladata, hogy tiszteletben tarts\u00e1k Isten t\u00f6rv\u00e9nyeit.<\/p><p class=\"Standard\">Isten nem azt akarja, hogy a b\u0171n\u00f6z\u0151k elpusztuljanak, hanem hogy \u00f6nmagukban \u00e9ljenek, megjav\u00edts\u00e1k magukat, \u00e9s Isten kegyelme \u00e1ltal \u00e9lhessenek. Ismert t\u00f6rt\u00e9net a h\u00e1zass\u00e1gt\u00f6r\u00e9sen rajtakapott asszonyr\u00f3l, akit Isten t\u00f6rv\u00e9nye szerint meg akartak k\u00f6vezni, \u00e9s J\u00e9zushoz vitt\u00e9k. \u0150 azt mondta: &quot;Aki b\u0171ntelen, az vessen el\u0151sz\u00f6r k\u00f6vet.&quot; Amikor az asszony mag\u00e1ra maradt, \u00e9s mindenki elment, J\u00e9zus \u00edgy sz\u00f3lt: &quot;Senki sem \u00edt\u00e9lt el t\u00e9ged? \u00c9n sem \u00edt\u00e9llek el, menj el, \u00e9s t\u00f6bb\u00e9 ne v\u00e9tkezz!&quot; Isten igaznak mutatja mag\u00e1t nek\u00fcnk, aki megjutalmazza a j\u00f3t \u00e9s megb\u00fcnteti a rosszat, de irgalmas a megt\u00f6rtekhez. Isten ellen\u00e1ll a kev\u00e9lyeknek, de kegyelmet ad az al\u00e1zatosoknak. Isten nem t\u00f6r\u00f6lte el a t\u00f6rv\u00e9nyt, hanem az\u00e9rt j\u00f6tt, hogy bet\u00f6ltse azt az \u00dar J\u00e9zus \u00e1ltal.<\/p>\t\t\t\t\t\t\t\t<\/div>\n\t\t\t\t<\/div>\n\t\t\t\t<div class=\"elementor-element elementor-element-3e38b7c elementor-widget elementor-widget-text-editor\" data-id=\"3e38b7c\" data-element_type=\"widget\" data-widget_type=\"text-editor.default\">\n\t\t\t\t<div class=\"elementor-widget-container\">\n\t\t\t\t\t\t\t\t\t<p class=\"Standard\"><em><strong>11<span style=\"color: #1e293b;\">\u00a0<\/span>Mondd meg nekik: \u00c9lek \u00e9n \u2013 \u00edgy sz\u00f3l az \u00dar Isten \u2013, hogy nem gy\u00f6ny\u00f6rk\u00f6d\u00f6m a gonosz hal\u00e1l\u00e1ban, hanem abban, hogy a gonosz megt\u00e9rjen \u00fatj\u00e1r\u00f3l \u00e9s \u00e9ljen. T\u00e9rjetek meg, t\u00e9rjetek meg gonosz utaitokr\u00f3l!\u00a0<\/strong><\/em><\/p><p class=\"Standard\"><em><strong>Ez\u00e9kiel 33<\/strong><\/em><\/p>\t\t\t\t\t\t\t\t<\/div>\n\t\t\t\t<\/div>\n\t\t\t\t<div class=\"elementor-element elementor-element-9765c9d elementor-widget elementor-widget-text-editor\" data-id=\"9765c9d\" data-element_type=\"widget\" data-widget_type=\"text-editor.default\">\n\t\t\t\t<div class=\"elementor-widget-container\">\n\t\t\t\t\t\t\t\t\t<p class=\"Standard\"><em><strong>23<span style=\"color: #1e293b;\">\u00a0<\/span>Mert a b\u0171n zsoldja a hal\u00e1l, Isten kegyelm\u00e9nek aj\u00e1nd\u00e9ka pedig az \u00f6r\u00f6k \u00e9let a mi Urunk J\u00e9zus Krisztusban.<\/strong><\/em><\/p><p class=\"Standard\"><em><strong>R\u00f3ma 6<\/strong><\/em><\/p>\t\t\t\t\t\t\t\t<\/div>\n\t\t\t\t<\/div>\n\t\t\t\t\t<\/div>\n\t\t\t\t<\/div>\n\t\t\t\t\t<\/div>\n\t\t\t\t<\/div>\n\t\t\t\t<\/div>","protected":false},"excerpt":{"rendered":"<p>\u0161es\u0165 dn\u00ed pracuj a siedmy oddychuj Zachov\u00e1vaj sobotn\u00fd de\u0148, aby si ho sv\u00e4til, ako ti prik\u00e1zal Hospodin, tvoj Boh! \u0160es\u0165 dn\u00ed bude\u0161 pracova\u0165 a kona\u0165 v\u0161etku svoju pr\u00e1cu.\u00a0 Siedmy de\u0148 je sobota pre Hospodina, tvojho Boha. Nebude\u0161 kona\u0165 nijak\u00fa pr\u00e1cu ani ty, ani tvoj syn, ani tvoja dc\u00e9ra, ani tvoj sluha, ani tvoja sl\u00fa\u017eka, ani [&hellip;]<\/p>","protected":false},"author":1,"featured_media":0,"parent":0,"menu_order":0,"comment_status":"closed","ping_status":"closed","template":"","meta":{"site-sidebar-layout":"no-sidebar","site-content-layout":"page-builder","ast-site-content-layout":"full-width-container","site-content-style":"unboxed","site-sidebar-style":"unboxed","ast-global-header-display":"","ast-banner-title-visibility":"","ast-main-header-display":"","ast-hfb-above-header-display":"","ast-hfb-below-header-display":"","ast-hfb-mobile-header-display":"","site-post-title":"disabled","ast-breadcrumbs-content":"","ast-featured-img":"disabled","footer-sml-layout":"disabled","theme-transparent-header-meta":"enabled","adv-header-id-meta":"","stick-header-meta":"","header-above-stick-meta":"","header-main-stick-meta":"","header-below-stick-meta":"","astra-migrate-meta-layouts":"set","ast-page-background-enabled":"default","ast-page-background-meta":{"desktop":{"background-color":"var(--ast-global-color-4)","background-image":"","background-repeat":"repeat","background-position":"center center","background-size":"auto","background-attachment":"scroll","background-type":"","background-media":"","overlay-type":"","overlay-color":"","overlay-opacity":"","overlay-gradient":""},"tablet":{"background-color":"","background-image":"","background-repeat":"repeat","background-position":"center center","background-size":"auto","background-attachment":"scroll","background-type":"","background-media":"","overlay-type":"","overlay-color":"","overlay-opacity":"","overlay-gradient":""},"mobile":{"background-color":"","background-image":"","background-repeat":"repeat","background-position":"center center","background-size":"auto","background-attachment":"scroll","background-type":"","background-media":"","overlay-type":"","overlay-color":"","overlay-opacity":"","overlay-gradient":""}},"ast-content-background-meta":{"desktop":{"background-color":"var(--ast-global-color-5)","background-image":"","background-repeat":"repeat","background-position":"center center","background-size":"auto","background-attachment":"scroll","background-type":"","background-media":"","overlay-type":"","overlay-color":"","overlay-opacity":"","overlay-gradient":""},"tablet":{"background-color":"var(--ast-global-color-5)","background-image":"","background-repeat":"repeat","background-position":"center center","background-size":"auto","background-attachment":"scroll","background-type":"","background-media":"","overlay-type":"","overlay-color":"","overlay-opacity":"","overlay-gradient":""},"mobile":{"background-color":"var(--ast-global-color-5)","background-image":"","background-repeat":"repeat","background-position":"center center","background-size":"auto","background-attachment":"scroll","background-type":"","background-media":"","overlay-type":"","overlay-color":"","overlay-opacity":"","overlay-gradient":""}},"footnotes":""},"class_list":["post-2161","page","type-page","status-publish","hentry"],"_links":{"self":[{"href":"http:\/\/acodalej.sk\/hu\/wp-json\/wp\/v2\/pages\/2161","targetHints":{"allow":["GET"]}}],"collection":[{"href":"http:\/\/acodalej.sk\/hu\/wp-json\/wp\/v2\/pages"}],"about":[{"href":"http:\/\/acodalej.sk\/hu\/wp-json\/wp\/v2\/types\/page"}],"author":[{"embeddable":true,"href":"http:\/\/acodalej.sk\/hu\/wp-json\/wp\/v2\/users\/1"}],"replies":[{"embeddable":true,"href":"http:\/\/acodalej.sk\/hu\/wp-json\/wp\/v2\/comments?post=2161"}],"version-history":[{"count":0,"href":"http:\/\/acodalej.sk\/hu\/wp-json\/wp\/v2\/pages\/2161\/revisions"}],"wp:attachment":[{"href":"http:\/\/acodalej.sk\/hu\/wp-json\/wp\/v2\/media?parent=2161"}],"curies":[{"name":"wp","href":"https:\/\/api.w.org\/{rel}","templated":true}]}}