{"id":2171,"date":"2024-09-15T13:50:21","date_gmt":"2024-09-15T13:50:21","guid":{"rendered":"http:\/\/acodalej.sk\/?page_id=2171"},"modified":"2024-11-09T16:24:03","modified_gmt":"2024-11-09T16:24:03","slug":"cti-otca-a-matku-a-budes-dobre-a-dlho-zit-na-zemi","status":"publish","type":"page","link":"http:\/\/acodalej.sk\/hu\/cti-otca-a-matku-a-budes-dobre-a-dlho-zit-na-zemi\/","title":{"rendered":"Cti otca a matku a bude\u0161 dobre a dlho \u017ei\u0165 na zemi"},"content":{"rendered":"<div data-elementor-type=\"wp-page\" data-elementor-id=\"2171\" class=\"elementor elementor-2171\">\n\t\t\t\t<div class=\"has_eae_slider elementor-element elementor-element-c37d0d3 e-flex e-con-boxed e-con e-parent\" data-eae-slider=\"24375\" data-id=\"c37d0d3\" data-element_type=\"container\">\n\t\t\t\t\t<div class=\"e-con-inner\">\n\t\t<div class=\"has_eae_slider elementor-element elementor-element-529969d e-flex e-con-boxed e-con e-child\" data-eae-slider=\"3551\" data-id=\"529969d\" data-element_type=\"container\">\n\t\t\t\t\t<div class=\"e-con-inner\">\n\t\t\t\t<div class=\"elementor-element elementor-element-307e0f1 elementor-widget elementor-widget-heading\" data-id=\"307e0f1\" data-element_type=\"widget\" data-widget_type=\"heading.default\">\n\t\t\t\t<div class=\"elementor-widget-container\">\n\t\t\t\t\t<h2 class=\"elementor-heading-title elementor-size-default\">Tiszteld ap\u00e1dat \u00e9s any\u00e1dat, \u00e9s sok\u00e1ig \u00e9lsz a f\u00f6ld\u00f6n.<\/h2>\t\t\t\t<\/div>\n\t\t\t\t<\/div>\n\t\t\t\t<div class=\"elementor-element elementor-element-e382af4 elementor-widget elementor-widget-text-editor\" data-id=\"e382af4\" data-element_type=\"widget\" data-widget_type=\"text-editor.default\">\n\t\t\t\t<div class=\"elementor-widget-container\">\n\t\t\t\t\t\t\t\t\t<p class=\"Standard\"><strong><em>\u201eTiszteld ap\u00e1dat \u00e9s any\u00e1dat, ahogyan megparancsolta neked Istened, az \u00daR, hogy sok\u00e1ig \u00e9lj, \u00e9s j\u00f3l legyen dolgod azon a f\u00f6ld\u00f6n, amelyet Istened, az \u00daR ad neked.\u201d<\/em><\/strong><\/p><p class=\"Standard\"><strong><em>5M\u00f3zes 5:16<\/em><\/strong><\/p>\t\t\t\t\t\t\t\t<\/div>\n\t\t\t\t<\/div>\n\t\t\t\t\t<\/div>\n\t\t\t\t<\/div>\n\t\t\t\t\t<\/div>\n\t\t\t\t<\/div>\n\t\t<div class=\"has_eae_slider elementor-element elementor-element-4973e2d e-flex e-con-boxed e-con e-parent\" data-eae-slider=\"75879\" data-id=\"4973e2d\" data-element_type=\"container\">\n\t\t\t\t\t<div class=\"e-con-inner\">\n\t\t<div class=\"has_eae_slider elementor-element elementor-element-a1515e4 e-flex e-con-boxed e-con e-child\" data-eae-slider=\"22777\" data-id=\"a1515e4\" data-element_type=\"container\">\n\t\t\t\t\t<div class=\"e-con-inner\">\n\t\t\t\t<div class=\"elementor-element elementor-element-1f48ef9 elementor-widget elementor-widget-text-editor\" data-id=\"1f48ef9\" data-element_type=\"widget\" data-widget_type=\"text-editor.default\">\n\t\t\t\t<div class=\"elementor-widget-container\">\n\t\t\t\t\t\t\t\t\t<p class=\"Standard\">Tisztelj\u00fck sz\u00fcleinket, akiken kereszt\u00fcl Isten \u00e9letet adott nek\u00fcnk. Tisztelj\u00fck id\u0151sebbjeinket \u00e9s a t\u00e1rsadalom tekint\u00e9lyes tagjait. A tisztelet az emberek ir\u00e1nti tisztelet, amelyet \u00fcdv\u00f6zl\u00e9ssel, meghallgat\u00e1ssal, r\u00e1galmaz\u00e1s mell\u0151z\u00e9s\u00e9vel \u00e9s az ebb\u0151l k\u00f6vetkez\u0151 egy\u00e9b szab\u00e1lyok betart\u00e1s\u00e1val fejez\u00fcnk ki.<\/p>\t\t\t\t\t\t\t\t<\/div>\n\t\t\t\t<\/div>\n\t\t\t\t<div class=\"elementor-element elementor-element-a3b6ba1 elementor-widget elementor-widget-text-editor\" data-id=\"a3b6ba1\" data-element_type=\"widget\" data-widget_type=\"text-editor.default\">\n\t\t\t\t<div class=\"elementor-widget-container\">\n\t\t\t\t\t\t\t\t\t<p class=\"Standard\"><em><strong>9<span style=\"color: #1e293b;\">\u00a0<\/span>\u201eAki apj\u00e1t vagy anyj\u00e1t \u00e1tkozza, hal\u00e1llal b\u0171nh\u0151dj\u00f6n! Aki apj\u00e1t vagy anyj\u00e1t \u00e1tkozza, annak v\u00e9re legyen a v\u00e9re miatt.\u201d<\/strong><\/em><\/p><p class=\"Standard\"><em><strong>3. Mojzisova 20<\/strong><\/em><\/p>\t\t\t\t\t\t\t\t<\/div>\n\t\t\t\t<\/div>\n\t\t\t\t<div class=\"elementor-element elementor-element-af1c2d1 elementor-widget elementor-widget-text-editor\" data-id=\"af1c2d1\" data-element_type=\"widget\" data-widget_type=\"text-editor.default\">\n\t\t\t\t<div class=\"elementor-widget-container\">\n\t\t\t\t\t\t\t\t\t<p class=\"Standard\"><em><strong>R\u00f3ma 13, <\/strong><\/em><\/p><p class=\"Standard\"><em><strong>1 Mindenki engedelmeskedjen a felettes hatalmass\u00e1goknak, mert nincs hatalom, csak Istent\u0151l, a megl\u00e9v\u0151 hatalmass\u00e1gokat pedig Isten rendelte el. <\/strong><\/em><em><strong>2 Aki teh\u00e1t a hatalmass\u00e1gnak ellen\u00e1ll, az Isten rendel\u00e9s\u00e9nek \u00e1ll ellen; akik pedig ellen\u00e1llnak, azok maguknak nyernek \u00edt\u00e9letet. <\/strong><\/em><em><strong>3 Ne f\u00e9ljetek a hatalmass\u00e1gokt\u00f3l a j\u00f3tetteket illet\u0151en, hanem a rosszatokat illet\u0151en. Nem akartok f\u00e9lni a hatalmass\u00e1gt\u00f3l? Tegy\u00e9tek a j\u00f3t, \u00e9s dics\u00e9retet nyertek t\u0151le. <\/strong><\/em><em><strong>4 Mert Isten szolg\u00e1ja a te javadra. Ha pedig rosszat cselekszel, f\u00e9lj, mert nem ok n\u00e9lk\u00fcl viseli a kardot. Mert Isten szolg\u00e1ja, bossz\u00fa\u00e1ll\u00f3, harag v\u00e9grehajt\u00f3ja a rosszat cselekv\u0151 ellen. <\/strong><\/em><em><strong>5 Ez\u00e9rt nemcsak a harag miatt, hanem a lelkiismeret miatt is engedelmeskedni kell. <\/strong><\/em><em><strong>6 Mert az\u00e9rt fizettek ad\u00f3t, mert \u0151k Isten szolg\u00e1i, akik \u00e9ppen ezt a c\u00e9lt szolg\u00e1lj\u00e1k. <\/strong><\/em><em><strong>7 Adj\u00e1tok meg mindenkinek, ami j\u00e1r nekik: ad\u00f3t, akinek ad\u00f3, v\u00e1mot, akinek v\u00e1m, f\u00e9lelmet, akinek f\u00e9lelmet, tiszteletet, akinek tisztelet.<\/strong><\/em><\/p>\t\t\t\t\t\t\t\t<\/div>\n\t\t\t\t<\/div>\n\t\t\t\t<div class=\"elementor-element elementor-element-01ce192 elementor-widget elementor-widget-text-editor\" data-id=\"01ce192\" data-element_type=\"widget\" data-widget_type=\"text-editor.default\">\n\t\t\t\t<div class=\"elementor-widget-container\">\n\t\t\t\t\t\t\t\t\t<p class=\"Standard\">Isten t\u00f6rv\u00e9nyeinek megszeg\u00e9s\u00e9nek k\u00f6vetkezm\u00e9nye a hal\u00e1l \u2013 elszakad\u00e1s Istent\u0151l \u00e9s szenved\u00e9s, de az aj\u00e1nd\u00e9k \u2013 ingyenes \u00e9s mindenki sz\u00e1m\u00e1ra Istent\u0151l \u2013 a megbocs\u00e1t\u00e1s \u00e9s az \u00f6r\u00f6k \u00e9let az\u00e1ltal, hogy felismerj\u00fck, hogy \u0150 t\u00f6k\u00e9letes, mi pedig gonoszak vagyunk. Azzal, hogy felismerj\u00fck, hogy elfogadjuk a T\u0151le felaj\u00e1nlott seg\u00edts\u00e9get, \u00e9s J\u00e9zus Krisztus \u00e1ldozata alapj\u00e1n bocs\u00e1natot k\u00e9r\u00fcnk b\u0171neink\u00e9rt. Miut\u00e1n megbocs\u00e1t\u00e1st kaptunk, elk\u00f6telezz\u00fck magunkat a Teremt\u0151 ir\u00e1nt az\u00e1ltal, hogy megismerj\u00fck \u00e9s tiszteletben tartjuk t\u00f6rv\u00e9nyeit az \u00faj \u00e9letben, amelyet T\u0151le k\u00edn\u00e1l.<\/p><p class=\"Standard\">Izraelben a s\u00falyos b\u0171ncselekm\u00e9nyeket nyilv\u00e1nosan t\u00e1rgyalt\u00e1k a t\u00e1rsadalom felel\u0151s tagjai - b\u00edr\u00e1k -, \u00e9s az embereket nyilv\u00e1nosan b\u00fcntett\u00e9k meg. Ez az\u00e9rt t\u00f6rt\u00e9nt, hogy megakad\u00e1lyozz\u00e1k Izrael eg\u00e9sz t\u00e1rsadalm\u00e1nak l\u00e1zad\u00e1sba es\u00e9s\u00e9t, \u00e9s \u00edgy Isten \u00edt\u00e9lete al\u00e1 ker\u00fcl\u00e9s\u00e9t. Isten Szent - T\u00f6k\u00e9letes, \u00e9s a szeretet hatalmas t\u00fcz\u00e9ben lakozik. Minden, ami az \u0150 jelenl\u00e9t\u00e9ben van, kider\u00fcl, \u00e9s a gonosz az \u0150 t\u00fcz\u00e9ben \u00e9g el.<\/p><p class=\"Standard\">Sz\u00e1munkra ez azt jelenti, hogy tiszteletben kell tartanunk az egyes \u00e1llamok hat\u00f3s\u00e1gait, akikre Isten b\u00edzta ezt az \u00edt\u00e9letet \u00e9s b\u00fcntet\u00e9st. Az egyes korm\u00e1nyok, \u00e9s k\u00f6vetkez\u00e9sk\u00e9ppen a b\u00edr\u00e1k feladata, hogy tiszteletben tarts\u00e1k Isten t\u00f6rv\u00e9nyeit.<\/p><p class=\"Standard\">Isten nem azt akarja, hogy a b\u0171n\u00f6z\u0151k elpusztuljanak, hanem hogy \u00f6nmagukban \u00e9ljenek, megjav\u00edts\u00e1k magukat, \u00e9s Isten kegyelme \u00e1ltal \u00e9lhessenek. Ismert t\u00f6rt\u00e9net a h\u00e1zass\u00e1gt\u00f6r\u00e9sen rajtakapott asszonyr\u00f3l, akit Isten t\u00f6rv\u00e9nye szerint meg akartak k\u00f6vezni, \u00e9s J\u00e9zushoz vitt\u00e9k. \u0150 azt mondta: &quot;Aki b\u0171ntelen, az vessen el\u0151sz\u00f6r k\u00f6vet.&quot; Amikor az asszony mag\u00e1ra maradt, \u00e9s mindenki elment, J\u00e9zus \u00edgy sz\u00f3lt: &quot;Senki sem \u00edt\u00e9lt el t\u00e9ged? \u00c9n sem \u00edt\u00e9llek el, menj el, \u00e9s t\u00f6bb\u00e9 ne v\u00e9tkezz!&quot; Isten igaznak mutatja mag\u00e1t nek\u00fcnk, aki megjutalmazza a j\u00f3t \u00e9s megb\u00fcnteti a rosszat, de irgalmas a megt\u00f6rtekhez. Isten ellen\u00e1ll a kev\u00e9lyeknek, de kegyelmet ad az al\u00e1zatosoknak. Isten nem t\u00f6r\u00f6lte el a t\u00f6rv\u00e9nyt, hanem az\u00e9rt j\u00f6tt, hogy bet\u00f6ltse azt az \u00dar J\u00e9zus \u00e1ltal.<\/p>\t\t\t\t\t\t\t\t<\/div>\n\t\t\t\t<\/div>\n\t\t\t\t<div class=\"elementor-element elementor-element-489c43a elementor-widget elementor-widget-text-editor\" data-id=\"489c43a\" data-element_type=\"widget\" data-widget_type=\"text-editor.default\">\n\t\t\t\t<div class=\"elementor-widget-container\">\n\t\t\t\t\t\t\t\t\t<p class=\"Standard\"><em><strong>11<span style=\"color: #1e293b;\">\u00a0<\/span>Mondd meg nekik: \u00c9lek \u00e9n \u2013 \u00edgy sz\u00f3l az \u00dar Isten \u2013, hogy nem gy\u00f6ny\u00f6rk\u00f6d\u00f6m a gonosz hal\u00e1l\u00e1ban, hanem abban, hogy a gonosz megt\u00e9rjen \u00fatj\u00e1r\u00f3l \u00e9s \u00e9ljen. T\u00e9rjetek meg, t\u00e9rjetek meg gonosz utaitokr\u00f3l!\u00a0<\/strong><\/em><\/p><p class=\"Standard\"><em><strong>Ez\u00e9kiel 33<\/strong><\/em><\/p>\t\t\t\t\t\t\t\t<\/div>\n\t\t\t\t<\/div>\n\t\t\t\t<div class=\"elementor-element elementor-element-752a029 elementor-widget elementor-widget-text-editor\" data-id=\"752a029\" data-element_type=\"widget\" data-widget_type=\"text-editor.default\">\n\t\t\t\t<div class=\"elementor-widget-container\">\n\t\t\t\t\t\t\t\t\t<p class=\"Standard\"><em><strong>23<span style=\"color: #1e293b;\">\u00a0<\/span>Mert a b\u0171n zsoldja a hal\u00e1l, Isten kegyelm\u00e9nek aj\u00e1nd\u00e9ka pedig az \u00f6r\u00f6k \u00e9let a mi Urunk J\u00e9zus Krisztusban.<\/strong><\/em><\/p><p class=\"Standard\"><em><strong>R\u00f3ma 6<\/strong><\/em><\/p>\t\t\t\t\t\t\t\t<\/div>\n\t\t\t\t<\/div>\n\t\t\t\t\t<\/div>\n\t\t\t\t<\/div>\n\t\t\t\t\t<\/div>\n\t\t\t\t<\/div>\n\t\t\t\t<\/div>","protected":false},"excerpt":{"rendered":"<p>cti otca a matku a bude\u0161 dobre a dlho \u017ei\u0165 na zemi &#8222;Cti svojho otca a svoju matku, ako ti prik\u00e1zal Hospodin, tvoj Boh, aby si dlho \u017eil a dobre sa ti vodilo v krajine, ktor\u00fa ti d\u00e1va Hospodin, tvoj Boh!&#8220; 5. Moj\u017ei\u0161ova 5,16 Ma\u0165 v \u00facte rodi\u010dov, cez ktor\u00fdch n\u00e1m Boh daroval \u017eivot. Ma\u0165 [&hellip;]<\/p>","protected":false},"author":1,"featured_media":0,"parent":0,"menu_order":0,"comment_status":"closed","ping_status":"closed","template":"","meta":{"site-sidebar-layout":"no-sidebar","site-content-layout":"page-builder","ast-site-content-layout":"full-width-container","site-content-style":"unboxed","site-sidebar-style":"unboxed","ast-global-header-display":"","ast-banner-title-visibility":"","ast-main-header-display":"","ast-hfb-above-header-display":"","ast-hfb-below-header-display":"","ast-hfb-mobile-header-display":"","site-post-title":"disabled","ast-breadcrumbs-content":"","ast-featured-img":"disabled","footer-sml-layout":"disabled","theme-transparent-header-meta":"enabled","adv-header-id-meta":"","stick-header-meta":"","header-above-stick-meta":"","header-main-stick-meta":"","header-below-stick-meta":"","astra-migrate-meta-layouts":"set","ast-page-background-enabled":"default","ast-page-background-meta":{"desktop":{"background-color":"var(--ast-global-color-4)","background-image":"","background-repeat":"repeat","background-position":"center center","background-size":"auto","background-attachment":"scroll","background-type":"","background-media":"","overlay-type":"","overlay-color":"","overlay-opacity":"","overlay-gradient":""},"tablet":{"background-color":"","background-image":"","background-repeat":"repeat","background-position":"center center","background-size":"auto","background-attachment":"scroll","background-type":"","background-media":"","overlay-type":"","overlay-color":"","overlay-opacity":"","overlay-gradient":""},"mobile":{"background-color":"","background-image":"","background-repeat":"repeat","background-position":"center center","background-size":"auto","background-attachment":"scroll","background-type":"","background-media":"","overlay-type":"","overlay-color":"","overlay-opacity":"","overlay-gradient":""}},"ast-content-background-meta":{"desktop":{"background-color":"var(--ast-global-color-5)","background-image":"","background-repeat":"repeat","background-position":"center center","background-size":"auto","background-attachment":"scroll","background-type":"","background-media":"","overlay-type":"","overlay-color":"","overlay-opacity":"","overlay-gradient":""},"tablet":{"background-color":"var(--ast-global-color-5)","background-image":"","background-repeat":"repeat","background-position":"center center","background-size":"auto","background-attachment":"scroll","background-type":"","background-media":"","overlay-type":"","overlay-color":"","overlay-opacity":"","overlay-gradient":""},"mobile":{"background-color":"var(--ast-global-color-5)","background-image":"","background-repeat":"repeat","background-position":"center center","background-size":"auto","background-attachment":"scroll","background-type":"","background-media":"","overlay-type":"","overlay-color":"","overlay-opacity":"","overlay-gradient":""}},"footnotes":""},"class_list":["post-2171","page","type-page","status-publish","hentry"],"_links":{"self":[{"href":"http:\/\/acodalej.sk\/hu\/wp-json\/wp\/v2\/pages\/2171","targetHints":{"allow":["GET"]}}],"collection":[{"href":"http:\/\/acodalej.sk\/hu\/wp-json\/wp\/v2\/pages"}],"about":[{"href":"http:\/\/acodalej.sk\/hu\/wp-json\/wp\/v2\/types\/page"}],"author":[{"embeddable":true,"href":"http:\/\/acodalej.sk\/hu\/wp-json\/wp\/v2\/users\/1"}],"replies":[{"embeddable":true,"href":"http:\/\/acodalej.sk\/hu\/wp-json\/wp\/v2\/comments?post=2171"}],"version-history":[{"count":0,"href":"http:\/\/acodalej.sk\/hu\/wp-json\/wp\/v2\/pages\/2171\/revisions"}],"wp:attachment":[{"href":"http:\/\/acodalej.sk\/hu\/wp-json\/wp\/v2\/media?parent=2171"}],"curies":[{"name":"wp","href":"https:\/\/api.w.org\/{rel}","templated":true}]}}