{"id":2197,"date":"2024-09-15T14:57:08","date_gmt":"2024-09-15T14:57:08","guid":{"rendered":"http:\/\/acodalej.sk\/?page_id=2197"},"modified":"2024-11-09T16:04:05","modified_gmt":"2024-11-09T16:04:05","slug":"nezosmilnis","status":"publish","type":"page","link":"http:\/\/acodalej.sk\/hu\/nezosmilnis\/","title":{"rendered":"Nezosmiln\u00ed\u0161"},"content":{"rendered":"<div data-elementor-type=\"wp-page\" data-elementor-id=\"2197\" class=\"elementor elementor-2197\">\n\t\t\t\t<div class=\"has_eae_slider elementor-element elementor-element-4e6b14b e-flex e-con-boxed e-con e-parent\" data-eae-slider=\"15652\" data-id=\"4e6b14b\" data-element_type=\"container\">\n\t\t\t\t\t<div class=\"e-con-inner\">\n\t\t<div class=\"has_eae_slider elementor-element elementor-element-6aa71c6 e-flex e-con-boxed e-con e-child\" data-eae-slider=\"20768\" data-id=\"6aa71c6\" data-element_type=\"container\">\n\t\t\t\t\t<div class=\"e-con-inner\">\n\t\t\t\t<div class=\"elementor-element elementor-element-bd2ea71 elementor-widget elementor-widget-heading\" data-id=\"bd2ea71\" data-element_type=\"widget\" data-widget_type=\"heading.default\">\n\t\t\t\t<div class=\"elementor-widget-container\">\n\t\t\t\t\t<h2 class=\"elementor-heading-title elementor-size-default\">nem fogsz h\u00e1zass\u00e1gt\u00f6r\u00e9st elk\u00f6vetni<\/h2>\t\t\t\t<\/div>\n\t\t\t\t<\/div>\n\t\t\t\t<div class=\"elementor-element elementor-element-e7fd3d1 elementor-widget elementor-widget-text-editor\" data-id=\"e7fd3d1\" data-element_type=\"widget\" data-widget_type=\"text-editor.default\">\n\t\t\t\t<div class=\"elementor-widget-container\">\n\t\t\t\t\t\t\t\t\t<p><em><strong>\u201eNe par\u00e1zn\u00e1lkodj!\u201d<\/strong><\/em><\/p><p><em><strong>5. M\u00e1rk 5:18<\/strong><\/em><\/p>\t\t\t\t\t\t\t\t<\/div>\n\t\t\t\t<\/div>\n\t\t\t\t\t<\/div>\n\t\t\t\t<\/div>\n\t\t\t\t\t<\/div>\n\t\t\t\t<\/div>\n\t\t<div class=\"has_eae_slider elementor-element elementor-element-91ce02c e-flex e-con-boxed e-con e-child\" data-eae-slider=\"25241\" data-id=\"91ce02c\" data-element_type=\"container\">\n\t\t\t\t\t<div class=\"e-con-inner\">\n\t\t\t\t<div class=\"elementor-element elementor-element-3e39a50 elementor-widget elementor-widget-text-editor\" data-id=\"3e39a50\" data-element_type=\"widget\" data-widget_type=\"text-editor.default\">\n\t\t\t\t<div class=\"elementor-widget-container\">\n\t\t\t\t\t\t\t\t\t<p class=\"Standard\"><em><strong>27 Isten a maga k\u00e9p\u00e9re teremtette az embert, Isten k\u00e9p\u00e9re teremtette \u0151t; f\u00e9rfinak \u00e9s n\u0151nek teremtette \u0151ket. 28 Isten meg\u00e1ldotta \u0151ket, \u00e9s ezt mondta nekik: \u201eLegyetek term\u00e9kenyek, szaporodjatok, t\u00f6lts\u00e9tek be a f\u00f6ldet \u00e9s hajts\u00e1tok uralmatok al\u00e1! Uralkodjatok a tenger halain, az \u00e9g madarain \u00e9s minden f\u00f6ld\u00f6n mozg\u00f3 \u00e9l\u0151l\u00e9nyen!\u201d<\/strong><\/em><\/p><p class=\"Standard\"><em><strong>1. Moj\u017ei\u0161ova 1<\/strong><\/em><\/p>\t\t\t\t\t\t\t\t<\/div>\n\t\t\t\t<\/div>\n\t\t\t\t<div class=\"elementor-element elementor-element-cc06afb elementor-widget elementor-widget-text-editor\" data-id=\"cc06afb\" data-element_type=\"widget\" data-widget_type=\"text-editor.default\">\n\t\t\t\t<div class=\"elementor-widget-container\">\n\t\t\t\t\t\t\t\t\t<p><em><strong>24<span style=\"color: #1e293b;\">\u00a0<\/span>Ez\u00e9rt a f\u00e9rfi elhagyja apj\u00e1t \u00e9s anyj\u00e1t, ragaszkodik feles\u00e9g\u00e9hez, \u00e9s lesznek egy testt\u00e9.<\/strong><\/em><\/p><p><em><strong>1. Moj\u017ei\u0161ova 2<\/strong><\/em><\/p>\t\t\t\t\t\t\t\t<\/div>\n\t\t\t\t<\/div>\n\t\t\t\t<div class=\"elementor-element elementor-element-7580c2f elementor-widget elementor-widget-text-editor\" data-id=\"7580c2f\" data-element_type=\"widget\" data-widget_type=\"text-editor.default\">\n\t\t\t\t<div class=\"elementor-widget-container\">\n\t\t\t\t\t\t\t\t\t<p>Isten megteremtette a f\u00e9rfit \u00e9s a n\u0151t, \u00e9s h\u00e1zass\u00e1gba hozta \u0151ket. A h\u00e1zass\u00e1g egy \u00e9letre sz\u00f3l\u00f3 sz\u00f6vets\u00e9g. A h\u00e1zast\u00e1rsaknak Istent\u0151l sz\u00e1rmaz\u00f3 jogaik \u00e9s k\u00f6telezetts\u00e9geik vannak, egy\u00fcttm\u0171k\u00f6d\u00e9s\u00fck, k\u00f6z\u00f6s vagyonuk van, \u00e9s gyermekeket nemzenek, akik folytatj\u00e1k Isten terv\u00e9t, hogy ben\u00e9pes\u00edts\u00e9k az eg\u00e9sz f\u00f6ldet. Ha az \u0150 Isten ir\u00e1nti tisztelet \u00e9s egym\u00e1s ir\u00e1nti tisztelet szab\u00e1lyai szerint \u00e9l\u00fcnk, akkor lehets\u00e9ges, hogy a f\u00f6ld ben\u00e9pes\u00fclj\u00f6n. Isten ezt meg is fogja tenni.<\/p>\n<p>A h\u00e1zass\u00e1gk\u00f6t\u00e9s bibliai menete:<\/p>\n<ol>\n<li>egy f\u00e9rfi \u00e9s egy n\u0151 bemutatkoz\u00e1sa, akik mentesek minden egy\u00e9b k\u00f6telezetts\u00e9gt\u0151l<\/li>\n<li>szabad d\u00f6nt\u00e9s a k\u00f6z\u00f6s \u00e9letr\u0151l,<\/li>\n<li>eljegyz\u00e9s - a k\u00f6z\u00f6s \u00e9let ir\u00e1nti v\u00e1gy bejelent\u00e9se \u00e9rdekl\u0151d\u0151 k\u00f6z\u00f6ns\u00e9g, p\u00e9ld\u00e1ul rokonok, bar\u00e1tok el\u0151tt<\/li>\n<li>esk\u00fcv\u0151 \u2013 h\u00e1zass\u00e1gi szerz\u0151d\u00e9s megk\u00f6t\u00e9se, amelyben elk\u00f6telezik magukat a k\u00f6z\u00f6s \u00e9let, a h\u00e1ztart\u00e1s alap\u00edt\u00e1sa, az egy\u00fcttm\u0171k\u00f6d\u00e9s \u00e9s a gyermekek nevel\u00e9se mellett, a k\u00f6r\u00fclm\u00e9nyekt\u0151l f\u00fcggetlen\u00fcl. A h\u00e1zass\u00e1g felbonthatatlan Isten el\u0151tt, Isten gy\u0171l\u00f6li a v\u00e1l\u00e1st, \u00e9s semmif\u00e9le \u00e9rv\u00e9nyess\u00e9ge nincs el\u0151tte. A h\u00e1zass\u00e1g felbont\u00e1s\u00e1nak \u00e9s \u00edgy a v\u00e1l\u00e1snak egyetlen esete a h\u00e1zass\u00e1gt\u00f6r\u00e9s = h\u00e1zast\u00e1rsi h\u0171tlens\u00e9g, amelyet a b\u0171n\u00f6s f\u00e9l az \u00e1rtatlan f\u00e9l k\u00e9r\u00e9s\u00e9re sem akar elhagyni. A h\u00e1zast\u00e1rson k\u00edv\u00fcli szem\u00e9llyel folytatott szexu\u00e1lis \u00e9let par\u00e1znas\u00e1gnak \u2013 h\u00e1zass\u00e1gt\u00f6r\u00e9snek \u2013 min\u0151s\u00fcl.<\/li>\n<\/ol>\t\t\t\t\t\t\t\t<\/div>\n\t\t\t\t<\/div>\n\t\t\t\t<div class=\"elementor-element elementor-element-f65a15c elementor-widget elementor-widget-text-editor\" data-id=\"f65a15c\" data-element_type=\"widget\" data-widget_type=\"text-editor.default\">\n\t\t\t\t<div class=\"elementor-widget-container\">\n\t\t\t\t\t\t\t\t\t<p><em><strong>Ha rajtakapnak egy f\u00e9rfit, hogy f\u00e9rjes asszonnyal h\u00e1l, mindketten haljanak meg, a f\u00e9rfi, aki vele h\u00e1lt, \u00e9s az asszony is. \u00cdgy tiszt\u00edtsd ki a gonoszt Izraelb\u0151l.<\/strong><\/em><\/p><p><em><strong>5M\u00f3zes 22:22<\/strong><\/em><\/p>\t\t\t\t\t\t\t\t<\/div>\n\t\t\t\t<\/div>\n\t\t\t\t<div class=\"elementor-element elementor-element-f5a0610 elementor-widget elementor-widget-text-editor\" data-id=\"f5a0610\" data-element_type=\"widget\" data-widget_type=\"text-editor.default\">\n\t\t\t\t<div class=\"elementor-widget-container\">\n\t\t\t\t\t\t\t\t\t<p class=\"Standard\">\u00a010 \u201eAki h\u00e1zass\u00e1gt\u00f6r\u00e9st k\u00f6vet el f\u00e9rjes asszonnyal, azaz felebar\u00e1tja feles\u00e9g\u00e9vel, hal\u00e1llal lakoljon, a h\u00e1zass\u00e1gt\u00f6r\u0151 \u00e9s a h\u00e1zass\u00e1gt\u00f6r\u0151 asszony is. 11 \u201eHa valaki apja feles\u00e9g\u00e9vel h\u00e1l, meggyal\u00e1zza apj\u00e1t; mindkett\u0151j\u00fcket hal\u00e1llal lakolj\u00e1k, mert a v\u00e9r\u00fck az \u00f6v\u00e9k. 12 \u201eHa valaki meny\u00e9vel h\u00e1l, mindkett\u0151j\u00fcket hal\u00e1llal lakoljon. Ut\u00e1latoss\u00e1got k\u00f6vettek el. A v\u00e9r\u00fck az \u00f6v\u00e9k. 13 \u201eHa egy f\u00e9rfi f\u00e9rfival h\u00e1l, ahogy asszonnyal h\u00e1lnak, az ut\u00e1latos; mindkett\u0151j\u00fcknek meg kell halnia. A v\u00e9r\u00fck az \u00f6v\u00e9k. 14 \u201eHa egy f\u00e9rfi elveszi az asszonyt \u00e9s az anyj\u00e1t, az \u00e1lnoks\u00e1g. \u00c9gess\u00e9k el \u0151t \u00e9s mindkett\u0151j\u00fcket t\u0171zben, hogy ne legyen \u00e1lnoks\u00e1g k\u00f6z\u00f6ttetek. 15 \u201eHa valaki \u00e1llattal h\u00e1l, hal\u00e1llal lakoljon, az \u00e1llatot pedig le kell \u00f6lni. 16 Ha egy asszony \u00e1llattal h\u00e1l, \u00e9s azzal h\u00e1lnak, \u00f6ld meg az asszonyt \u00e9s az \u00e1llatot is. Hal\u00e1llal lakoljanak. Viselj\u00e9k v\u00e9rv\u00e1tjukat. 17 Ha valaki elveszi n\u0151v\u00e9r\u00e9t, apja l\u00e1ny\u00e1t vagy anyja l\u00e1ny\u00e1t, \u00e9s meger\u0151szakolja, az pedig meger\u0151szakolja \u0151t, az pedig ut\u00e1latos. Irts\u00e1k ki n\u00e9p\u00fck k\u00f6z\u00fcl. Meger\u0151szakolta n\u0151v\u00e9r\u00e9t, viselje b\u0171n\u00e9t. 18 Ha egy f\u00e9rfi h\u00e1l egy n\u0151vel tiszt\u00e1talans\u00e1ga idej\u00e9n, meger\u0151szakolta mez\u00edtelens\u00e9g\u00e9t, \u00e9s az felfedte v\u00e9r\u00e9t, \u00e9s az felfedte v\u00e9r\u00e9t: mindketten irts\u00e1k ki n\u00e9p\u00fck k\u00f6z\u00fcl. 19 Ne l\u00e9tes\u00edts szexu\u00e1lis kapcsolatot any\u00e1d n\u0151v\u00e9r\u00e9vel vagy ap\u00e1d n\u0151v\u00e9r\u00e9vel, mert k\u00f6zeli rokon\u00e1t er\u0151szakoltad meg. Mindketten viselj\u00e9k b\u0171n\u00fcket. 20 Ha egy f\u00e9rfi a nagyn\u00e9nj\u00e9vel h\u00e1l, nagyb\u00e1tyj\u00e1t er\u0151szakolta meg. Mindketten viselj\u00e9k b\u0171n\u00fcket. Gyermektelen\u00fcl haljanak meg. 21 Ha valaki elveszi testv\u00e9re feles\u00e9g\u00e9t, tiszt\u00e1talans\u00e1g az; felfedte testv\u00e9re mez\u00edtelens\u00e9g\u00e9t. Gyermektelenek lesznek. 22 Tarts\u00e1tok meg minden rendelkez\u00e9semet \u00e9s minden v\u00e9gz\u00e9semet, \u00e9s teljes\u00edts\u00e9tek azokat, hogy ki ne k\u00f6pj\u00f6n titeket az a f\u00f6ld, amelyre beviszlek titeket, hogy ott lakjatok.<\/p><p class=\"Standard\">Leviticus 20<\/p>\t\t\t\t\t\t\t\t<\/div>\n\t\t\t\t<\/div>\n\t\t\t\t<div class=\"elementor-element elementor-element-2084eda elementor-widget elementor-widget-text-editor\" data-id=\"2084eda\" data-element_type=\"widget\" data-widget_type=\"text-editor.default\">\n\t\t\t\t<div class=\"elementor-widget-container\">\n\t\t\t\t\t\t\t\t\t<p class=\"Standard\">3 Akkor odamentek hozz\u00e1 a farizeusok, \u00e9s pr\u00f3b\u00e1ra t\u00e9ve ezt k\u00e9rdezt\u00e9k: \u201eSzabad-e a f\u00e9rfinak b\u00e1rmilyen okb\u00f3l elbocs\u00e1tani a feles\u00e9g\u00e9t?\u201d 4 \u00cdgy v\u00e1laszolt nekik: \u201eNem olvast\u00e1tok, hogy kezdett\u0151l fogva a Teremt\u0151 f\u00e9rfinak \u00e9s n\u0151nek teremtette \u0151ket? 5 \u00c9s monda: Ez\u00e9rt a f\u00e9rfi elhagyja apj\u00e1t \u00e9s anyj\u00e1t, ragaszkodik feles\u00e9g\u00e9hez, \u00e9s ketten egy testt\u00e9 lesznek. 6 \u00cdgy m\u00e1r nem ketten vannak, hanem egy test. Amit teh\u00e1t Isten egybek\u00f6t\u00f6tt, ember sz\u00e9t ne v\u00e1lassza.\u201d 7 Ezt k\u00e9rdezt\u00e9k t\u0151le: \u201eMi\u00e9rt parancsolta teh\u00e1t M\u00f3zes, hogy v\u00e1l\u00f3levelet kell adni, \u00e9s el kell bocs\u00e1tani?\u201d 8 J\u00e9zus ezt mondta nekik: \u201eM\u00f3zes a sz\u00edvetek kem\u00e9nys\u00e9ge miatt engedte meg nektek, hogy elv\u00e1ljatok feles\u00e9getekt\u0151l, de kezdett\u0151l fogva nem \u00edgy volt. 9 Mondom nektek, hogy aki elbocs\u00e1tja feles\u00e9g\u00e9t, par\u00e1znas\u00e1g eset\u00e9t kiv\u00e9ve, \u00e9s m\u00e1st vesz el, h\u00e1zass\u00e1gt\u00f6r\u00e9st k\u00f6vet el.\u201d 10 Tan\u00edtv\u00e1nyai ezt mondt\u00e1k neki: \u201eHa \u00edgy \u00e1ll a f\u00e9rfi \u00e9s a feles\u00e9ge helyzete, jobb nem megh\u00e1zasodni.\u201d 11 \u0150 \u00edgy v\u00e1laszolt nekik: \u201eNem mindenki \u00e9rtheti ezt a besz\u00e9det, csak azok, akiknek adatott. 12 Mert vannak her\u00e9ltek, akik sz\u00fclettek her\u00e9ltek, akiket az emberek tettek her\u00e9ltt\u00e9, \u00e9s vannak her\u00e9ltek, akik \u00f6nmagukat tett\u00e9k her\u00e9ltt\u00e9 a mennyek orsz\u00e1g\u00e1\u00e9rt. Aki ezt meg\u00e9rti, \u00e9rtse meg.\u201d<\/p><p class=\"Standard\">M\u00e1t\u00e9 19<\/p>\t\t\t\t\t\t\t\t<\/div>\n\t\t\t\t<\/div>\n\t\t\t\t<div class=\"elementor-element elementor-element-a8c5846 elementor-widget elementor-widget-text-editor\" data-id=\"a8c5846\" data-element_type=\"widget\" data-widget_type=\"text-editor.default\">\n\t\t\t\t<div class=\"elementor-widget-container\">\n\t\t\t\t\t\t\t\t\t<p class=\"Standard\">27 Hallott\u00e1tok, hogy megmondatott: Ne t\u00f6rj h\u00e1zass\u00e1got! 28 \u00c9n pedig azt mondom nektek, hogy aki k\u00edv\u00e1ns\u00e1ggal tekint asszonyra, m\u00e1r h\u00e1zass\u00e1gt\u00f6r\u00e9st k\u00f6vetett el vele sz\u00edv\u00e9ben. 29 Ha pedig a jobb szemed b\u0171nre visz, v\u00e1jd ki \u00e9s vesd el. Jobb n\u00e9ked, ha egy vessz el tagjaid k\u00f6z\u00fcl, mint ha eg\u00e9sz tested a pokolra vettetik. 30 \u00c9s ha a jobb kezed b\u0171nre visz, v\u00e1gd le \u00e9s vesd el. Jobb n\u00e9ked, ha egy vessz el tagjaid k\u00f6z\u00fcl, mint ha eg\u00e9sz tested a pokolra vettetett.<\/p><p class=\"Standard\">M\u00e1t\u00e9 5<\/p><p class=\"Standard\">\u00a0<\/p>\t\t\t\t\t\t\t\t<\/div>\n\t\t\t\t<\/div>\n\t\t\t\t<div class=\"elementor-element elementor-element-e031b73 elementor-widget elementor-widget-text-editor\" data-id=\"e031b73\" data-element_type=\"widget\" data-widget_type=\"text-editor.default\">\n\t\t\t\t<div class=\"elementor-widget-container\">\n\t\t\t\t\t\t\t\t\t<p class=\"Standard\">A par\u00e1znas\u00e1g \u00e9s a h\u00e1zass\u00e1gt\u00f6r\u00e9s hasonl\u00f3 jelent\u00e9s\u0171ek. A jobb meg\u00e9rt\u00e9s kedv\u00e9\u00e9rt a h\u00e1zass\u00e1gt\u00f6r\u00e9s = idegen \u00e1gy. Valaki idegen \u00e1gyban fekszik egy idegen szem\u00e9llyel. A k\u00f6zeli szem\u00e9ly az ellenkez\u0151 nem\u0171 h\u00e1zast\u00e1rs, a h\u00e1zass\u00e1g egy f\u00e9rfi \u00e9s egy n\u0151 egyes\u00fcl\u00e9se. Amikor az emberek erre az \u00e9rt\u00e9kre hivatkoznak, a gy\u00f6kere a Bibli\u00e1ban van, m\u00e1shol nem tal\u00e1lunk alapot r\u00e1. Ez\u00e9rt, amikor a h\u00e1zass\u00e1got \u00e9s a csal\u00e1dot Isten n\u00e9lk\u00fcl v\u00e9dik, az veres\u00e9get szenved.<\/p><p class=\"Standard\">A k\u00e9z lev\u00e1g\u00e1s\u00e1val vagy a szem kiv\u00e1j\u00e1s\u00e1val kapcsolatban a b\u0171ncselekm\u00e9ny elk\u00f6vet\u00e9s\u00e9re val\u00f3 k\u00eds\u00e9rt\u00e9s okainak megsz\u00fcntet\u00e9s\u00e9r\u0151l van sz\u00f3. A sz\u00f3 szerinti \u00e9rtelmez\u00e9s ebben az esetben kiragadott a sz\u00f6vegk\u00f6rnyezetb\u0151l, mivel a Biblia sehol sem eml\u00edti az ilyen gyakorlatokat a szexu\u00e1lis b\u0171ncselekm\u00e9nyekkel kapcsolatban, ahogyan p\u00e9ld\u00e1ul a k\u00f6z\u00e9pkorban tett\u00e9k. Arr\u00f3l van sz\u00f3, hogy elt\u00e1vol\u00edts\u00e1k azokat a ruh\u00e1kat, filmeket, kapcsolatokat az emberekkel, amelyek szexu\u00e1lis b\u0171ncselekm\u00e9nyhez vezetnek.<\/p>\t\t\t\t\t\t\t\t<\/div>\n\t\t\t\t<\/div>\n\t\t\t\t<div class=\"elementor-element elementor-element-8261c5f elementor-widget elementor-widget-text-editor\" data-id=\"8261c5f\" data-element_type=\"widget\" data-widget_type=\"text-editor.default\">\n\t\t\t\t<div class=\"elementor-widget-container\">\n\t\t\t\t\t\t\t\t\t<p>Isten t\u00f6rv\u00e9nyeinek megszeg\u00e9s\u00e9nek k\u00f6vetkezm\u00e9nye a k\u00f6vetkez\u0151 <strong>hal\u00e1l<\/strong> \u2013 elszakad\u00e1s Istent\u0151l \u00e9s szenved\u00e9s, de Isten ingyenes aj\u00e1nd\u00e9ka \u00e9s mindenki sz\u00e1m\u00e1ra a megbocs\u00e1t\u00e1s \u00e9s az \u00f6r\u00f6k \u00e9let az\u00e1ltal, hogy felismerj\u00fck, hogy \u0150 t\u00f6k\u00e9letes, mi pedig gonoszak vagyunk. Azzal, hogy felismerj\u00fck, hogy elfogadjuk a T\u0151le felk\u00edn\u00e1lt seg\u00edts\u00e9get, \u00e9s J\u00e9zus Krisztus \u00e1ldozata alapj\u00e1n k\u00e9rj\u00fck b\u0171neink bocs\u00e1nat\u00e1t. Miut\u00e1n megbocs\u00e1t\u00e1st kaptunk, elk\u00f6telezz\u00fck magunkat a Teremt\u0151 ir\u00e1nti engedelmess\u00e9g mellett az\u00e1ltal, hogy tan\u00edtjuk \u00e9s tiszteletben tartjuk t\u00f6rv\u00e9nyeit az \u00e1ltala felk\u00edn\u00e1lt \u00faj \u00e9letben.<\/p><p>Izraelben a s\u00falyos b\u0171ncselekm\u00e9nyeket nyilv\u00e1nosan t\u00e1rgyalt\u00e1k a t\u00e1rsadalom felel\u0151s tagjai - b\u00edr\u00e1k -, \u00e9s az embereket nyilv\u00e1nosan b\u00fcntett\u00e9k meg. Ez az\u00e9rt t\u00f6rt\u00e9nt, hogy megakad\u00e1lyozz\u00e1k Izrael eg\u00e9sz t\u00e1rsadalm\u00e1nak l\u00e1zad\u00e1sba es\u00e9s\u00e9t, \u00e9s \u00edgy Isten \u00edt\u00e9lete al\u00e1 ker\u00fcl\u00e9s\u00e9t. Isten Szent - T\u00f6k\u00e9letes, \u00e9s a szeretet hatalmas t\u00fcz\u00e9ben lakozik. Minden, ami az \u0150 jelenl\u00e9t\u00e9ben van, kider\u00fcl, \u00e9s a gonosz az \u0150 t\u00fcz\u00e9ben \u00e9g el.<\/p><p>Sz\u00e1munkra ez azt jelenti, hogy tiszteletben kell tartanunk az egyes \u00e1llamok hat\u00f3s\u00e1gait, akikre Isten b\u00edzta ezt az \u00edt\u00e9letet \u00e9s b\u00fcntet\u00e9st. Az egyes korm\u00e1nyok, \u00e9s k\u00f6vetkez\u00e9sk\u00e9ppen a b\u00edr\u00e1k feladata, hogy tiszteletben tarts\u00e1k Isten t\u00f6rv\u00e9nyeit.<\/p><p>Isten nem azt akarja, hogy a b\u0171n\u00f6z\u0151k elpusztuljanak, hanem hogy \u00f6nmagukban \u00e9ljenek, kijav\u00edts\u00e1k magukat, \u00e9s Isten kegyelme \u00e1ltal \u00e9lhessenek. A h\u00e1zass\u00e1gt\u00f6r\u00e9sen rajtakapott asszony k\u00f6zismert t\u00f6rt\u00e9nete, Isten t\u00f6rv\u00e9nye szerint meg akart\u00e1k k\u00f6vezni, \u00e9s J\u00e9zushoz vitt\u00e9k. \u0150 azt mondta: &quot;Az vesse az els\u0151 k\u00f6vet, aki b\u0171ntelen.&quot; Amikor az asszony mag\u00e1ra maradt, \u00e9s mindenki elment, J\u00e9zus \u00edgy sz\u00f3lt: &quot;Senki sem \u00edt\u00e9lt el t\u00e9ged? \u00c9n sem \u00edt\u00e9llek el; menj, \u00e9s t\u00f6bb\u00e9 ne v\u00e9tkezz!&quot; Isten igaznak mutatja mag\u00e1t nek\u00fcnk, aki megjutalmazza a j\u00f3t \u00e9s megb\u00fcnteti a rosszat, de irgalmas a megt\u00f6rtekhez. Isten ellen\u00e1ll a kev\u00e9lyeknek, de kegyelmet ad az al\u00e1zatosoknak. Isten nem t\u00f6r\u00f6lte el a t\u00f6rv\u00e9nyt, hanem az\u00e9rt j\u00f6tt, hogy bet\u00f6ltse azt az \u00dar J\u00e9zus \u00e1ltal.<\/p>\t\t\t\t\t\t\t\t<\/div>\n\t\t\t\t<\/div>\n\t\t\t\t<div class=\"elementor-element elementor-element-fee13d5 elementor-widget elementor-widget-text-editor\" data-id=\"fee13d5\" data-element_type=\"widget\" data-widget_type=\"text-editor.default\">\n\t\t\t\t<div class=\"elementor-widget-container\">\n\t\t\t\t\t\t\t\t\t<p class=\"Standard\"><em><strong>11<span style=\"color: #1e293b;\">\u00a0<\/span>Mondd meg nekik: \u00c9lek \u00e9n \u2013 \u00edgy sz\u00f3l az \u00dar Isten \u2013, hogy nem gy\u00f6ny\u00f6rk\u00f6d\u00f6m a gonosz hal\u00e1l\u00e1ban, hanem abban, hogy a gonosz megt\u00e9rjen \u00fatj\u00e1r\u00f3l \u00e9s \u00e9ljen. T\u00e9rjetek meg, t\u00e9rjetek meg gonosz utaitokr\u00f3l!\u00a0<\/strong><\/em><\/p><p class=\"Standard\"><em><strong>Ez\u00e9kiel 33<\/strong><\/em><\/p>\t\t\t\t\t\t\t\t<\/div>\n\t\t\t\t<\/div>\n\t\t\t\t<div class=\"elementor-element elementor-element-0ea444a elementor-widget elementor-widget-text-editor\" data-id=\"0ea444a\" data-element_type=\"widget\" data-widget_type=\"text-editor.default\">\n\t\t\t\t<div class=\"elementor-widget-container\">\n\t\t\t\t\t\t\t\t\t<p class=\"Standard\"><em><strong>23<span style=\"color: #1e293b;\">\u00a0<\/span>Mert a b\u0171n zsoldja a hal\u00e1l, Isten kegyelm\u00e9nek aj\u00e1nd\u00e9ka pedig az \u00f6r\u00f6k \u00e9let a mi Urunk J\u00e9zus Krisztusban.<\/strong><\/em><\/p><p class=\"Standard\"><em><strong>R\u00f3ma 6<\/strong><\/em><\/p>\t\t\t\t\t\t\t\t<\/div>\n\t\t\t\t<\/div>\n\t\t\t\t\t<\/div>\n\t\t\t\t<\/div>\n\t\t\t\t<\/div>","protected":false},"excerpt":{"rendered":"<p>nezosmiln\u00ed\u0161 &#8222;Nezosmiln\u00ed\u0161&#8220; 5. M 5,18 27\u00a0Boh stvoril \u010dloveka na svoj obraz;\u00a0na Bo\u017e\u00ed obraz ho stvoril.\u00a0Stvoril ich ako mu\u017ea a \u017eenu.28\u00a0Boh ich po\u017eehnal a povedal im: \u201ePlo\u010fte sa a mno\u017ete sa, napl\u0148te zem a podma\u0148te si ju! Panujte nad morsk\u00fdmi rybami, nad nebesk\u00fdm vt\u00e1ctvom a nad v\u0161etkou zverou, \u010do sa pohybuje na zemi!\u201c 1.Moj\u017ei\u0161ova 1 24\u00a0Preto [&hellip;]<\/p>","protected":false},"author":1,"featured_media":0,"parent":0,"menu_order":0,"comment_status":"closed","ping_status":"closed","template":"","meta":{"site-sidebar-layout":"no-sidebar","site-content-layout":"page-builder","ast-site-content-layout":"full-width-container","site-content-style":"unboxed","site-sidebar-style":"unboxed","ast-global-header-display":"","ast-banner-title-visibility":"","ast-main-header-display":"","ast-hfb-above-header-display":"","ast-hfb-below-header-display":"","ast-hfb-mobile-header-display":"","site-post-title":"disabled","ast-breadcrumbs-content":"","ast-featured-img":"disabled","footer-sml-layout":"disabled","theme-transparent-header-meta":"enabled","adv-header-id-meta":"","stick-header-meta":"","header-above-stick-meta":"","header-main-stick-meta":"","header-below-stick-meta":"","astra-migrate-meta-layouts":"set","ast-page-background-enabled":"default","ast-page-background-meta":{"desktop":{"background-color":"var(--ast-global-color-4)","background-image":"","background-repeat":"repeat","background-position":"center center","background-size":"auto","background-attachment":"scroll","background-type":"","background-media":"","overlay-type":"","overlay-color":"","overlay-opacity":"","overlay-gradient":""},"tablet":{"background-color":"","background-image":"","background-repeat":"repeat","background-position":"center center","background-size":"auto","background-attachment":"scroll","background-type":"","background-media":"","overlay-type":"","overlay-color":"","overlay-opacity":"","overlay-gradient":""},"mobile":{"background-color":"","background-image":"","background-repeat":"repeat","background-position":"center center","background-size":"auto","background-attachment":"scroll","background-type":"","background-media":"","overlay-type":"","overlay-color":"","overlay-opacity":"","overlay-gradient":""}},"ast-content-background-meta":{"desktop":{"background-color":"var(--ast-global-color-5)","background-image":"","background-repeat":"repeat","background-position":"center center","background-size":"auto","background-attachment":"scroll","background-type":"","background-media":"","overlay-type":"","overlay-color":"","overlay-opacity":"","overlay-gradient":""},"tablet":{"background-color":"var(--ast-global-color-5)","background-image":"","background-repeat":"repeat","background-position":"center center","background-size":"auto","background-attachment":"scroll","background-type":"","background-media":"","overlay-type":"","overlay-color":"","overlay-opacity":"","overlay-gradient":""},"mobile":{"background-color":"var(--ast-global-color-5)","background-image":"","background-repeat":"repeat","background-position":"center center","background-size":"auto","background-attachment":"scroll","background-type":"","background-media":"","overlay-type":"","overlay-color":"","overlay-opacity":"","overlay-gradient":""}},"footnotes":""},"class_list":["post-2197","page","type-page","status-publish","hentry"],"_links":{"self":[{"href":"http:\/\/acodalej.sk\/hu\/wp-json\/wp\/v2\/pages\/2197","targetHints":{"allow":["GET"]}}],"collection":[{"href":"http:\/\/acodalej.sk\/hu\/wp-json\/wp\/v2\/pages"}],"about":[{"href":"http:\/\/acodalej.sk\/hu\/wp-json\/wp\/v2\/types\/page"}],"author":[{"embeddable":true,"href":"http:\/\/acodalej.sk\/hu\/wp-json\/wp\/v2\/users\/1"}],"replies":[{"embeddable":true,"href":"http:\/\/acodalej.sk\/hu\/wp-json\/wp\/v2\/comments?post=2197"}],"version-history":[{"count":0,"href":"http:\/\/acodalej.sk\/hu\/wp-json\/wp\/v2\/pages\/2197\/revisions"}],"wp:attachment":[{"href":"http:\/\/acodalej.sk\/hu\/wp-json\/wp\/v2\/media?parent=2197"}],"curies":[{"name":"wp","href":"https:\/\/api.w.org\/{rel}","templated":true}]}}