{"id":1806,"date":"2024-01-01T12:51:05","date_gmt":"2024-01-01T12:51:05","guid":{"rendered":"http:\/\/acodalej.sk\/?page_id=1806"},"modified":"2024-09-15T17:10:27","modified_gmt":"2024-09-15T17:10:27","slug":"svetove-staroveke-rise","status":"publish","type":"page","link":"http:\/\/acodalej.sk\/ru\/svetove-staroveke-rise\/","title":{"rendered":"\u0414\u0440\u0435\u0432\u043d\u0438\u0435 \u0438\u043c\u043f\u0435\u0440\u0438\u0438 \u043c\u0438\u0440\u0430"},"content":{"rendered":"<div data-elementor-type=\"wp-page\" data-elementor-id=\"1806\" class=\"elementor elementor-1806\">\n\t\t\t\t<div class=\"has_eae_slider elementor-element elementor-element-2e2392a e-flex e-con-boxed e-con e-parent\" data-eae-slider=\"85296\" data-id=\"2e2392a\" data-element_type=\"container\" data-settings=\"{&quot;background_background&quot;:&quot;classic&quot;}\">\n\t\t\t\t\t<div class=\"e-con-inner\">\n\t\t<div class=\"has_eae_slider elementor-element elementor-element-660af66 e-con-full e-flex e-con e-child\" data-eae-slider=\"62111\" data-id=\"660af66\" data-element_type=\"container\">\n\t\t\t\t<div class=\"elementor-element elementor-element-a790465 elementor-widget elementor-widget-heading\" data-id=\"a790465\" data-element_type=\"widget\" data-widget_type=\"heading.default\">\n\t\t\t\t<div class=\"elementor-widget-container\">\n\t\t\t\t\t<h1 class=\"elementor-heading-title elementor-size-default\">\u0414\u0440\u0435\u0432\u043d\u0438\u0435 \u0438\u043c\u043f\u0435\u0440\u0438\u0438 \u043c\u0438\u0440\u0430<\/h1>\t\t\t\t<\/div>\n\t\t\t\t<\/div>\n\t\t\t\t<\/div>\n\t\t\t\t\t<\/div>\n\t\t\t\t<\/div>\n\t\t<div class=\"has_eae_slider elementor-element elementor-element-436859b e-flex e-con-boxed e-con e-parent\" data-eae-slider=\"51038\" data-id=\"436859b\" data-element_type=\"container\">\n\t\t\t\t\t<div class=\"e-con-inner\">\n\t\t<div class=\"has_eae_slider elementor-element elementor-element-9f6cf36 e-con-full e-flex e-con e-child\" data-eae-slider=\"26988\" data-id=\"9f6cf36\" data-element_type=\"container\">\n\t\t\t\t<div class=\"elementor-element elementor-element-3875ee3 elementor-widget elementor-widget-text-editor\" data-id=\"3875ee3\" data-element_type=\"widget\" data-widget_type=\"text-editor.default\">\n\t\t\t\t<div class=\"elementor-widget-container\">\n\t\t\t\t\t\t\t\t\t<p style=\"text-align: center;\"><strong>\u041f\u043e\u0441\u043b\u0435 \u0440\u0430\u0437\u0440\u0443\u0448\u0435\u043d\u0438\u044f \u0418\u0443\u0434\u0435\u0439\u0441\u043a\u043e\u0433\u043e \u0446\u0430\u0440\u0441\u0442\u0432\u0430 (586 \u0433. \u0434\u043e \u043d. \u044d.) \u0446\u0430\u0440\u044c \u041d\u043e\u0432\u043e\u0432\u0430\u0432\u0438\u043b\u043e\u043d\u0441\u043a\u043e\u0439 \u0438\u043c\u043f\u0435\u0440\u0438\u0438 \u041d\u0430\u0432\u0443\u0445\u043e\u0434\u043e\u043d\u043e\u0441\u043e\u0440 II (605\u2013562 \u0433\u0433. \u0434\u043e \u043d. \u044d.) \u0437\u0430\u0434\u0430\u0432\u0430\u043b\u0441\u044f \u0432\u043e\u043f\u0440\u043e\u0441\u043e\u043c \u043e \u0442\u043e\u043c, \u0447\u0442\u043e \u0431\u0443\u0434\u0435\u0442 \u0441 \u0435\u0433\u043e \u0438\u043c\u043f\u0435\u0440\u0438\u0435\u0439 \u0438 \u043c\u0438\u0440\u043e\u043c. \u0411\u043e\u0433 \u0434\u0430\u043b \u0435\u043c\u0443 \u0441\u043e\u043d, \u043a\u043e\u0442\u043e\u0440\u044b\u0439 \u0441\u0438\u043b\u044c\u043d\u043e \u0435\u0433\u043e \u0432\u0441\u0442\u0440\u0435\u0432\u043e\u0436\u0438\u043b, \u0438 \u043e\u043d \u043f\u043e\u043f\u0440\u043e\u0441\u0438\u043b \u0441\u0432\u043e\u0438\u0445 \u0441\u043e\u0432\u0435\u0442\u043d\u0438\u043a\u043e\u0432 \u0440\u0430\u0441\u0441\u043a\u0430\u0437\u0430\u0442\u044c \u0435\u043c\u0443, \u0447\u0442\u043e \u0435\u043c\u0443 \u043f\u0440\u0438\u0441\u043d\u0438\u043b\u043e\u0441\u044c \u0438 \u043a\u0430\u043a\u043e\u0432\u043e \u0435\u0433\u043e \u0442\u043e\u043b\u043a\u043e\u0432\u0430\u043d\u0438\u0435. \u0411\u044b\u043b \u043d\u0430\u0439\u0434\u0435\u043d \u044e\u043d\u043e\u0448\u0430 \u043f\u043e \u0438\u043c\u0435\u043d\u0438 \u0414\u0430\u043d\u0438\u0438\u043b \u0438\u0437 \u0438\u0443\u0434\u0435\u0439\u0441\u043a\u0438\u0445 \u043f\u043b\u0435\u043d\u043d\u0438\u043a\u043e\u0432, \u043a\u043e\u0442\u043e\u0440\u044b\u0439 \u043c\u043e\u043b\u0438\u043b \u0412\u0441\u0435\u043c\u043e\u0433\u0443\u0449\u0435\u0433\u043e \u0411\u043e\u0433\u0430 \u0418\u0437\u0440\u0430\u0438\u043b\u044f \u0443\u0432\u0438\u0434\u0435\u0442\u044c \u0441\u043e\u043d \u0438 \u0438\u0441\u0442\u043e\u043b\u043a\u043e\u0432\u0430\u0442\u044c \u0435\u0433\u043e. \u0411\u043e\u0433 \u0443\u0441\u043b\u044b\u0448\u0430\u043b \u0435\u0433\u043e. \u0412\u043e \u0441\u043d\u0435 \u0411\u043e\u0433 \u043e\u0442\u043a\u0440\u044b\u043b \u0446\u0430\u0440\u044e, \u043d\u0430\u0440\u043e\u0434\u0443 \u0442\u043e\u0433\u043e \u0432\u0440\u0435\u043c\u0435\u043d\u0438 \u0438 \u043d\u0430\u043c \u0441\u0435\u0433\u043e\u0434\u043d\u044f \u0431\u0443\u0434\u0443\u0449\u0435\u0435. <\/strong><\/p>\t\t\t\t\t\t\t\t<\/div>\n\t\t\t\t<\/div>\n\t\t\t\t<\/div>\n\t\t<div class=\"has_eae_slider elementor-element elementor-element-fa27268 e-con-full e-flex e-con e-child\" data-eae-slider=\"46212\" data-id=\"fa27268\" data-element_type=\"container\">\n\t\t\t\t<div class=\"elementor-element elementor-element-fec0f97 elementor-widget elementor-widget-image\" data-id=\"fec0f97\" data-element_type=\"widget\" data-widget_type=\"image.default\">\n\t\t\t\t<div class=\"elementor-widget-container\">\n\t\t\t\t\t\t\t\t\t\t\t\t<figure class=\"wp-caption\">\n\t\t\t\t\t\t\t\t\t\t\t<a href=\"https:\/\/my.bible.com\/sk\/bible\/465\/DAN.1.SEB\" target=\"_blank\">\n\t\t\t\t\t\t\t<img fetchpriority=\"high\" decoding=\"async\" width=\"1024\" height=\"563\" src=\"http:\/\/acodalej.sk\/wp-content\/uploads\/2023\/11\/daniel-1024x563.webp\" class=\"attachment-large size-large wp-image-1438\" alt=\"\" srcset=\"http:\/\/acodalej.sk\/wp-content\/uploads\/2023\/11\/daniel-1024x563.webp 1024w, http:\/\/acodalej.sk\/wp-content\/uploads\/2023\/11\/daniel-300x165.webp 300w, http:\/\/acodalej.sk\/wp-content\/uploads\/2023\/11\/daniel-768x423.webp 768w, http:\/\/acodalej.sk\/wp-content\/uploads\/2023\/11\/daniel.webp 1396w\" sizes=\"(max-width: 1024px) 100vw, 1024px\" \/>\t\t\t\t\t\t\t\t<\/a>\n\t\t\t\t\t\t\t\t\t\t\t<figcaption class=\"widget-image-caption wp-caption-text\">\u041f\u0440\u043e\u0440\u043e\u043a \u0414\u0430\u043d\u0438\u0438\u043b<\/figcaption>\n\t\t\t\t\t\t\t\t\t\t<\/figure>\n\t\t\t\t\t\t\t\t\t<\/div>\n\t\t\t\t<\/div>\n\t\t\t\t<\/div>\n\t\t\t\t\t<\/div>\n\t\t\t\t<\/div>\n\t\t<div class=\"has_eae_slider elementor-element elementor-element-b3108b6 e-flex e-con-boxed e-con e-parent\" data-eae-slider=\"96271\" data-id=\"b3108b6\" data-element_type=\"container\">\n\t\t\t\t\t<div class=\"e-con-inner\">\n\t\t\t\t<div class=\"elementor-element elementor-element-3863e2b elementor-widget elementor-widget-text-editor\" data-id=\"3863e2b\" data-element_type=\"widget\" data-widget_type=\"text-editor.default\">\n\t\t\t\t<div class=\"elementor-widget-container\">\n\t\t\t\t\t\t\t\t\t<p><strong>\u041e\u043d \u0443\u0432\u0438\u0434\u0435\u043b \u0441\u0442\u0430\u0442\u0443\u044e \u0441 \u0437\u043e\u043b\u043e\u0442\u043e\u0439 \u0433\u043e\u043b\u043e\u0432\u043e\u0439, \u0441\u0435\u0440\u0435\u0431\u0440\u044f\u043d\u043e\u0439 \u0433\u0440\u0443\u0434\u044c\u044e, \u043c\u0435\u0434\u043d\u044b\u043c \u0436\u0438\u0432\u043e\u0442\u043e\u043c \u0438 \u0436\u0435\u043b\u0435\u0437\u043d\u044b\u043c\u0438 \u043d\u043e\u0433\u0430\u043c\u0438, \u043d\u0438\u0436\u043d\u044f\u044f \u0447\u0430\u0441\u0442\u044c \u043a\u043e\u0442\u043e\u0440\u043e\u0439 \u0431\u044b\u043b\u0430 \u0441\u0434\u0435\u043b\u0430\u043d\u0430 \u0438\u0437 \u0436\u0435\u043b\u0435\u0437\u0430, \u0441\u043c\u0435\u0448\u0430\u043d\u043d\u043e\u0433\u043e \u0441 \u0433\u043b\u0438\u043d\u043e\u0439. \u041e\u043d \u0443\u0432\u0438\u0434\u0435\u043b \u043e\u0433\u0440\u043e\u043c\u043d\u0443\u044e \u0441\u043a\u0430\u043b\u0443, \u043e\u0442 \u043a\u043e\u0442\u043e\u0440\u043e\u0439 \u043e\u0442\u043a\u043e\u043b\u043e\u043b\u0441\u044f \u043a\u0430\u043c\u0435\u043d\u044c, \u0443\u0434\u0430\u0440\u0438\u0432\u0448\u0438\u0439 \u0432 \u0441\u0442\u0430\u0442\u0443\u044e \u0438 \u0440\u0430\u0437\u0431\u0438\u0432\u0448\u0438\u0439 \u0435\u0451 \u043d\u0430 \u043a\u0443\u0441\u043a\u0438. \u041a\u0430\u043c\u0435\u043d\u044c \u0436\u0435 \u0432\u044b\u0440\u043e\u0441 \u0438 \u0437\u0430\u043f\u043e\u043b\u043d\u0438\u043b \u0432\u0441\u044e \u0437\u0435\u043c\u043b\u044e.<\/strong><\/p><p>\u00a0<\/p><p><strong>\u0417\u043e\u043b\u043e\u0442\u0430\u044f \u0433\u043e\u043b\u043e\u0432\u0430 \u043f\u0440\u0435\u0434\u0441\u0442\u0430\u0432\u043b\u044f\u043b\u0430 \u0441\u043e\u0431\u043e\u0439 \u041d\u043e\u0432\u043e\u0432\u0430\u0432\u0438\u043b\u043e\u043d\u0441\u043a\u0443\u044e \u0438\u043c\u043f\u0435\u0440\u0438\u044e, \u043d\u0430 \u0441\u043c\u0435\u043d\u0443 \u043a\u043e\u0442\u043e\u0440\u043e\u0439 \u0434\u043e\u043b\u0436\u043d\u0430 \u0431\u044b\u043b\u0430 \u043f\u0440\u0438\u0439\u0442\u0438 \u0434\u0440\u0443\u0433\u0430\u044f \u0438\u043c\u043f\u0435\u0440\u0438\u044f (\u0441 \u0441\u0435\u0440\u0435\u0431\u0440\u044f\u043d\u044b\u043c \u043b\u0430\u0440\u0446\u043e\u043c \u0438 \u043e\u0440\u0443\u0436\u0438\u0435\u043c). \u041f\u043e\u0441\u043a\u043e\u043b\u044c\u043a\u0443 \u0441\u0435\u0440\u0435\u0431\u0440\u043e \u043c\u0435\u043d\u0435\u0435 \u0446\u0435\u043d\u043d\u043e, \u0447\u0435\u043c \u0437\u043e\u043b\u043e\u0442\u043e, \u0442\u043e \u0436\u0435 \u0441\u0430\u043c\u043e\u0435 \u043f\u0440\u043e\u0438\u0437\u043e\u0439\u0434\u0435\u0442 \u0438 \u0441 \u044d\u0442\u043e\u0439 \u0438\u043c\u043f\u0435\u0440\u0438\u0435\u0439 \u2013 \u043e\u043d\u0430 \u043d\u0435 \u0431\u0443\u0434\u0435\u0442 \u0441\u0442\u043e\u043b\u044c \u0436\u0435 \u0437\u043d\u0430\u043c\u0435\u043d\u0438\u0442\u043e\u0439 \u0438 \u0443\u0441\u043f\u0435\u0448\u043d\u043e\u0439, \u043a\u0430\u043a \u0437\u043e\u043b\u043e\u0442\u0430\u044f \u0433\u043e\u043b\u043e\u0432\u0430. \u041f\u043e\u0441\u043b\u0435 \u0441\u0435\u0440\u0435\u0431\u0440\u044f\u043d\u043e\u0433\u043e \u043b\u0430\u0440\u0446\u0430 \u0434\u043e\u043b\u0436\u043d\u0430 \u0431\u044b\u043b\u0430 \u043f\u0440\u0438\u0439\u0442\u0438 \u0434\u0440\u0443\u0433\u0430\u044f \u0438\u043c\u043f\u0435\u0440\u0438\u044f \u2013 \u0441 \u0431\u0440\u043e\u043d\u0437\u043e\u0432\u044b\u043c \u0447\u0440\u0435\u0432\u043e\u043c \u0438, \u043d\u0430\u043a\u043e\u043d\u0435\u0446, \u0441 \u0436\u0435\u043b\u0435\u0437\u043d\u044b\u043c\u0438 \u043d\u043e\u0433\u0430\u043c\u0438. \u041d\u0430\u043a\u043e\u043d\u0435\u0446, \u044d\u0442\u0438 \u0446\u0430\u0440\u0441\u0442\u0432\u0430 \u0431\u0443\u0434\u0443\u0442 \u0440\u0430\u0437\u0440\u0443\u0448\u0435\u043d\u044b \u043f\u0440\u0438\u0448\u0435\u0441\u0442\u0432\u0438\u0435\u043c \u0432\u0435\u0447\u043d\u043e\u0433\u043e \u0446\u0430\u0440\u0441\u0442\u0432\u0430, \u043a\u043e\u0442\u043e\u0440\u043e\u0435 \u043d\u0430\u043f\u043e\u043b\u043d\u0438\u0442 \u0432\u0441\u044e \u0437\u0435\u043c\u043b\u044e.<\/strong><\/p><p>\u00a0<\/p><p><strong>\u041f\u043e\u0437\u0436\u0435 \u0414\u0430\u043d\u0438\u0438\u043b\u0443 \u0431\u044b\u043b\u043e \u0432\u0438\u0434\u0435\u043d\u0438\u0435, \u0432 \u043a\u043e\u0442\u043e\u0440\u043e\u043c \u0438\u043c\u043f\u0435\u0440\u0438\u0438 \u0431\u044b\u043b\u0438 \u0443\u043f\u043e\u0434\u043e\u0431\u043b\u0435\u043d\u044b \u0436\u0438\u0432\u043e\u0442\u043d\u044b\u043c. \u0417\u043e\u043b\u043e\u0442\u0430\u044f \u0433\u043e\u043b\u043e\u0432\u0430, \u043a\u0430\u043a \u0443 \u043b\u044c\u0432\u0430, \u0441\u0435\u0440\u0435\u0431\u0440\u044f\u043d\u0430\u044f \u0433\u0440\u0443\u0434\u044c, \u043a\u0430\u043a \u0443 \u043c\u0435\u0434\u0432\u0435\u0434\u044f, \u043c\u0435\u0434\u043d\u043e\u0435 \u0431\u0440\u044e\u0445\u043e, \u043a\u0430\u043a \u0443 \u0431\u0430\u0440\u0441\u0430 \u0441 \u0447\u0435\u0442\u044b\u0440\u044c\u043c\u044f \u0433\u043e\u043b\u043e\u0432\u0430\u043c\u0438, \u0438 \u0436\u0435\u043b\u0435\u0437\u043d\u044b\u0435 \u043d\u043e\u0433\u0438, \u043a\u0430\u043a \u0443 \u043e\u0433\u0440\u043e\u043c\u043d\u043e\u0433\u043e \u0437\u0432\u0435\u0440\u044f \u0441 \u0434\u0435\u0441\u044f\u0442\u044c\u044e \u0440\u043e\u0433\u0430\u043c\u0438. \u0413\u0440\u043e\u0431\u043d\u0438\u0446\u0430 \u0414\u0430\u043d\u0438\u0438\u043b\u0430 \u0434\u043e \u0441\u0438\u0445 \u043f\u043e\u0440 \u043d\u0430\u0445\u043e\u0434\u0438\u0442\u0441\u044f \u0432 \u0418\u0440\u0430\u043d\u0435, \u0432 \u0433\u043e\u0440\u043e\u0434\u0435 \u0421\u0443\u0437\u044b.<\/strong><\/p><p style=\"text-align: center;\"><strong>\u00a0<\/strong><\/p>\t\t\t\t\t\t\t\t<\/div>\n\t\t\t\t<\/div>\n\t\t\t\t\t<\/div>\n\t\t\t\t<\/div>\n\t\t<div class=\"has_eae_slider elementor-element elementor-element-8d1a232 e-flex e-con-boxed e-con e-parent\" data-eae-slider=\"15922\" data-id=\"8d1a232\" data-element_type=\"container\">\n\t\t\t\t\t<div class=\"e-con-inner\">\n\t\t\t\t<div class=\"elementor-element elementor-element-e3983a7 elementor-position-top elementor-widget elementor-widget-image-box\" data-id=\"e3983a7\" data-element_type=\"widget\" data-widget_type=\"image-box.default\">\n\t\t\t\t<div class=\"elementor-widget-container\">\n\t\t\t\t\t<div class=\"elementor-image-box-wrapper\"><figure class=\"elementor-image-box-img\"><img decoding=\"async\" width=\"450\" height=\"298\" src=\"http:\/\/acodalej.sk\/wp-content\/uploads\/2023\/11\/danielhrob.jpg\" class=\"attachment-full size-full wp-image-1439\" alt=\"\" srcset=\"http:\/\/acodalej.sk\/wp-content\/uploads\/2023\/11\/danielhrob.jpg 450w, http:\/\/acodalej.sk\/wp-content\/uploads\/2023\/11\/danielhrob-300x199.jpg 300w\" sizes=\"(max-width: 450px) 100vw, 450px\" \/><\/figure><div class=\"elementor-image-box-content\"><h3 class=\"elementor-image-box-title\">\u0413\u0440\u043e\u0431\u043d\u0438\u0446\u0430 \u0414\u0430\u043d\u0438\u0438\u043b\u0430<\/h3><\/div><\/div>\t\t\t\t<\/div>\n\t\t\t\t<\/div>\n\t\t\t\t\t<\/div>\n\t\t\t\t<\/div>\n\t\t<div class=\"has_eae_slider elementor-element elementor-element-f691efd e-flex e-con-boxed e-con e-parent\" data-eae-slider=\"82525\" data-id=\"f691efd\" data-element_type=\"container\">\n\t\t\t\t\t<div class=\"e-con-inner\">\n\t\t<div class=\"has_eae_slider elementor-element elementor-element-951489a e-flex e-con-boxed e-con e-child\" data-eae-slider=\"46674\" data-id=\"951489a\" data-element_type=\"container\">\n\t\t\t\t\t<div class=\"e-con-inner\">\n\t\t\t\t<div class=\"elementor-element elementor-element-eb91157 elementor-widget elementor-widget-video\" data-id=\"eb91157\" data-element_type=\"widget\" data-settings=\"{&quot;youtube_url&quot;:&quot;https:\\\/\\\/youtu.be\\\/_EeXEdHuOHs&quot;,&quot;video_type&quot;:&quot;youtube&quot;,&quot;controls&quot;:&quot;yes&quot;}\" data-widget_type=\"video.default\">\n\t\t\t\t<div class=\"elementor-widget-container\">\n\t\t\t\t\t\t\t<div class=\"elementor-wrapper elementor-open-inline\">\n\t\t\t<div class=\"elementor-video\"><\/div>\t\t<\/div>\n\t\t\t\t\t\t<\/div>\n\t\t\t\t<\/div>\n\t\t\t\t\t<\/div>\n\t\t\t\t<\/div>\n\t\t\t\t\t<\/div>\n\t\t\t\t<\/div>\n\t\t<div class=\"has_eae_slider elementor-element elementor-element-c4c654f e-flex e-con-boxed e-con e-parent\" data-eae-slider=\"81725\" data-id=\"c4c654f\" data-element_type=\"container\">\n\t\t\t\t\t<div class=\"e-con-inner\">\n\t\t\t\t<div class=\"elementor-element elementor-element-e9fa36b elementor-widget elementor-widget-text-editor\" data-id=\"e9fa36b\" data-element_type=\"widget\" data-widget_type=\"text-editor.default\">\n\t\t\t\t<div class=\"elementor-widget-container\">\n\t\t\t\t\t\t\t\t\t<p style=\"text-align: center;\"><strong>\u041f\u043e\u0441\u043b\u0435 \u041d\u043e\u0432\u043e\u0432\u0430\u0432\u0438\u043b\u043e\u043d\u0441\u043a\u043e\u0439 \u0438\u043c\u043f\u0435\u0440\u0438\u0438 (606\u2013539 \u0433\u0433. \u0434\u043e \u043d. \u044d.) \u043f\u0440\u0438\u0448\u043b\u0438 \u043c\u0438\u0434\u044f\u043d\u0435 \u0438 \u043f\u0435\u0440\u0441\u044b (539\u2013331 \u0433\u0433. \u0434\u043e \u043d. \u044d.), \u0433\u0434\u0435 \u0438\u0445 \u0446\u0430\u0440\u044c \u041a\u0438\u0440 \u0412\u0435\u043b\u0438\u043a\u0438\u0439 (559\u2013530 \u0433\u0433. \u0434\u043e \u043d. \u044d.) \u0437\u0430\u0432\u043e\u0435\u0432\u0430\u043b \u0412\u0430\u0432\u0438\u043b\u043e\u043d \u0432 539 \u0433. \u0434\u043e \u043d. \u044d. \u042d\u0442\u043e \u0431\u044b\u043b\u0430 \u0438\u043c\u043f\u0435\u0440\u0438\u044f \u043c\u0435\u0434\u0432\u0435\u0434\u0435\u0439, \u0438 \u041a\u0438\u0440 \u0412\u0435\u043b\u0438\u043a\u0438\u0439 \u0431\u044b\u043b \u043d\u0430\u0437\u0432\u0430\u043d \u043e\u0442\u0446\u043e\u043c \u043d\u0430\u0440\u043e\u0434\u043e\u0432, \u043f\u043e\u0442\u043e\u043c\u0443 \u0447\u0442\u043e \u043e\u0441\u0432\u043e\u0431\u043e\u0434\u0438\u043b \u043d\u0430\u0440\u043e\u0434\u044b \u043e\u0442 \u0432\u0430\u0432\u0438\u043b\u043e\u043d\u0441\u043a\u043e\u0433\u043e \u0440\u0430\u0431\u0441\u0442\u0432\u0430. \u0421\u0440\u0435\u0434\u0438 \u043e\u0441\u0432\u043e\u0431\u043e\u0436\u0434\u0451\u043d\u043d\u044b\u0445 \u043d\u0430\u0440\u043e\u0434\u043e\u0432 \u0431\u044b\u043b\u0430 \u0447\u0430\u0441\u0442\u044c \u0418\u0437\u0440\u0430\u0438\u043b\u044f, \u0430 \u0438\u043c\u0435\u043d\u043d\u043e \u0418\u0443\u0434\u0435\u044f. \u0426\u0430\u0440\u044c \u041a\u0438\u0440 \u0443\u043f\u043e\u043c\u0438\u043d\u0430\u0435\u0442\u0441\u044f \u043f\u043e \u0438\u043c\u0435\u043d\u0438 \u0432 \u0438\u0443\u0434\u0435\u0439\u0441\u043a\u043e\u043c \u043f\u0440\u043e\u0440\u043e\u0447\u0435\u0441\u0442\u0432\u0435 \u0418\u0441\u0430\u0439\u0438, \u043a\u043e\u0442\u043e\u0440\u043e\u043c\u0443 \u0432 \u0442\u043e \u0432\u0440\u0435\u043c\u044f \u0431\u044b\u043b\u043e \u043e\u043a\u043e\u043b\u043e 200 \u043b\u0435\u0442, \u0432 \u0441\u0432\u044f\u0437\u0438 \u0441 \u0432\u043e\u0441\u0441\u0442\u0430\u043d\u043e\u0432\u043b\u0435\u043d\u0438\u0435\u043c \u0440\u0430\u0437\u0440\u0443\u0448\u0435\u043d\u043d\u043e\u0433\u043e \u0418\u0435\u0440\u0443\u0441\u0430\u043b\u0438\u043c\u0430 \u0438 \u0445\u0440\u0430\u043c\u0430.<\/strong><\/p>\t\t\t\t\t\t\t\t<\/div>\n\t\t\t\t<\/div>\n\t\t\t\t\t<\/div>\n\t\t\t\t<\/div>\n\t\t<div class=\"has_eae_slider elementor-element elementor-element-a28a015 e-flex e-con-boxed e-con e-parent\" data-eae-slider=\"98029\" data-id=\"a28a015\" data-element_type=\"container\">\n\t\t\t\t\t<div class=\"e-con-inner\">\n\t\t<div class=\"has_eae_slider elementor-element elementor-element-28c459a e-con-full e-flex e-con e-child\" data-eae-slider=\"16063\" data-id=\"28c459a\" data-element_type=\"container\">\n\t\t\t\t<div class=\"elementor-element elementor-element-ca184bb elementor-widget-divider--view-line elementor-widget elementor-widget-divider\" data-id=\"ca184bb\" data-element_type=\"widget\" data-widget_type=\"divider.default\">\n\t\t\t\t<div class=\"elementor-widget-container\">\n\t\t\t\t\t\t\t<div class=\"elementor-divider\">\n\t\t\t<span class=\"elementor-divider-separator\">\n\t\t\t\t\t\t<\/span>\n\t\t<\/div>\n\t\t\t\t\t\t<\/div>\n\t\t\t\t<\/div>\n\t\t\t\t<div class=\"elementor-element elementor-element-c8e5f26 elementor-widget elementor-widget-heading\" data-id=\"c8e5f26\" data-element_type=\"widget\" data-widget_type=\"heading.default\">\n\t\t\t\t<div class=\"elementor-widget-container\">\n\t\t\t\t\t<h2 class=\"elementor-heading-title elementor-size-default\">\u041f\u0440\u043e\u0440\u043e\u043a \u0418\u0441\u0430\u0439\u044f<\/h2>\t\t\t\t<\/div>\n\t\t\t\t<\/div>\n\t\t\t\t<\/div>\n\t\t\t\t<div class=\"elementor-element elementor-element-1ba74e0 elementor-widget elementor-widget-read-more\" data-id=\"1ba74e0\" data-element_type=\"widget\" data-widget_type=\"read-more.default\">\n\t\t\t\t<div class=\"elementor-widget-container\">\n\t\t\t\t\t<\/div><\/div><\/div><\/div><\/div> &hellip;<p class=\"ast-the-content-more-link\"> <a class=\"\" href=\"http:\/\/acodalej.sk\/ru\/svetove-staroveke-rise\/\"> <span class=\"screen-reader-text\">\u0414\u0440\u0435\u0432\u043d\u0438\u0435 \u0438\u043c\u043f\u0435\u0440\u0438\u0438 \u043c\u0438\u0440\u0430<\/span>Read More &raquo;<\/a><\/p>","protected":false},"excerpt":{"rendered":"<p>Svetov\u00e9 starovek\u00e9 r\u00ed\u0161e Popri zni\u010den\u00ed Judsk\u00e9ho kr\u00e1\u013eovstva (586 p. n. l.) kr\u00e1\u013e novobabylonskej r\u00ed\u0161e Nebukadnesar II. (605 \u2013 562 p.n.l.) prem\u00fd\u0161\u013eal, \u010do bude \u010falej s jeho r\u00ed\u0161ou a so svetom. Boh mu dal sen, ktor\u00fdm bol ve\u013emi rozru\u0161en\u00fd a \u017eiadal od svojich poradcov, aby mu povedali, \u010do sa mu sn\u00edvalo a ak\u00fd je v\u00fdklad toho [&hellip;]<\/p>","protected":false},"author":1,"featured_media":0,"parent":0,"menu_order":0,"comment_status":"closed","ping_status":"closed","template":"","meta":{"site-sidebar-layout":"no-sidebar","site-content-layout":"page-builder","ast-site-content-layout":"full-width-container","site-content-style":"unboxed","site-sidebar-style":"unboxed","ast-global-header-display":"","ast-banner-title-visibility":"disabled","ast-main-header-display":"","ast-hfb-above-header-display":"","ast-hfb-below-header-display":"","ast-hfb-mobile-header-display":"","site-post-title":"disabled","ast-breadcrumbs-content":"disabled","ast-featured-img":"disabled","footer-sml-layout":"disabled","theme-transparent-header-meta":"enabled","adv-header-id-meta":"","stick-header-meta":"","header-above-stick-meta":"","header-main-stick-meta":"","header-below-stick-meta":"","astra-migrate-meta-layouts":"set","ast-page-background-enabled":"default","ast-page-background-meta":{"desktop":{"background-color":"var(--ast-global-color-4)","background-image":"","background-repeat":"repeat","background-position":"center center","background-size":"auto","background-attachment":"scroll","background-type":"","background-media":"","overlay-type":"","overlay-color":"","overlay-opacity":"","overlay-gradient":""},"tablet":{"background-color":"","background-image":"","background-repeat":"repeat","background-position":"center center","background-size":"auto","background-attachment":"scroll","background-type":"","background-media":"","overlay-type":"","overlay-color":"","overlay-opacity":"","overlay-gradient":""},"mobile":{"background-color":"","background-image":"","background-repeat":"repeat","background-position":"center center","background-size":"auto","background-attachment":"scroll","background-type":"","background-media":"","overlay-type":"","overlay-color":"","overlay-opacity":"","overlay-gradient":""}},"ast-content-background-meta":{"desktop":{"background-color":"var(--ast-global-color-5)","background-image":"","background-repeat":"repeat","background-position":"center center","background-size":"auto","background-attachment":"scroll","background-type":"","background-media":"","overlay-type":"","overlay-color":"","overlay-opacity":"","overlay-gradient":""},"tablet":{"background-color":"var(--ast-global-color-5)","background-image":"","background-repeat":"repeat","background-position":"center center","background-size":"auto","background-attachment":"scroll","background-type":"","background-media":"","overlay-type":"","overlay-color":"","overlay-opacity":"","overlay-gradient":""},"mobile":{"background-color":"var(--ast-global-color-5)","background-image":"","background-repeat":"repeat","background-position":"center center","background-size":"auto","background-attachment":"scroll","background-type":"","background-media":"","overlay-type":"","overlay-color":"","overlay-opacity":"","overlay-gradient":""}},"footnotes":""},"class_list":["post-1806","page","type-page","status-publish","hentry"],"_links":{"self":[{"href":"http:\/\/acodalej.sk\/ru\/wp-json\/wp\/v2\/pages\/1806","targetHints":{"allow":["GET"]}}],"collection":[{"href":"http:\/\/acodalej.sk\/ru\/wp-json\/wp\/v2\/pages"}],"about":[{"href":"http:\/\/acodalej.sk\/ru\/wp-json\/wp\/v2\/types\/page"}],"author":[{"embeddable":true,"href":"http:\/\/acodalej.sk\/ru\/wp-json\/wp\/v2\/users\/1"}],"replies":[{"embeddable":true,"href":"http:\/\/acodalej.sk\/ru\/wp-json\/wp\/v2\/comments?post=1806"}],"version-history":[{"count":0,"href":"http:\/\/acodalej.sk\/ru\/wp-json\/wp\/v2\/pages\/1806\/revisions"}],"wp:attachment":[{"href":"http:\/\/acodalej.sk\/ru\/wp-json\/wp\/v2\/media?parent=1806"}],"curies":[{"name":"wp","href":"https:\/\/api.w.org\/{rel}","templated":true}]}}