{"id":2135,"date":"2024-09-15T13:02:51","date_gmt":"2024-09-15T13:02:51","guid":{"rendered":"http:\/\/acodalej.sk\/?page_id=2135"},"modified":"2024-11-09T16:23:29","modified_gmt":"2024-11-09T16:23:29","slug":"neklanaj-sa-modlam","status":"publish","type":"page","link":"http:\/\/acodalej.sk\/ru\/neklanaj-sa-modlam\/","title":{"rendered":"Nekla\u0148aj sa modl\u00e1m"},"content":{"rendered":"<div data-elementor-type=\"wp-page\" data-elementor-id=\"2135\" class=\"elementor elementor-2135\">\n\t\t\t\t<div class=\"has_eae_slider elementor-element elementor-element-51745f4 e-flex e-con-boxed e-con e-parent\" data-eae-slider=\"83859\" data-id=\"51745f4\" data-element_type=\"container\">\n\t\t\t\t\t<div class=\"e-con-inner\">\n\t\t<div class=\"has_eae_slider elementor-element elementor-element-707ff21 e-flex e-con-boxed e-con e-child\" data-eae-slider=\"69337\" data-id=\"707ff21\" data-element_type=\"container\">\n\t\t\t\t\t<div class=\"e-con-inner\">\n\t\t\t\t<div class=\"elementor-element elementor-element-638dd4e elementor-widget elementor-widget-heading\" data-id=\"638dd4e\" data-element_type=\"widget\" data-widget_type=\"heading.default\">\n\t\t\t\t<div class=\"elementor-widget-container\">\n\t\t\t\t\t<h2 class=\"elementor-heading-title elementor-size-default\">\u043d\u0435 \u043f\u043e\u043a\u043b\u043e\u043d\u044f\u0439\u0442\u0435\u0441\u044c \u0438\u0434\u043e\u043b\u0430\u043c<\/h2>\t\t\t\t<\/div>\n\t\t\t\t<\/div>\n\t\t\t\t<div class=\"elementor-element elementor-element-1b01e9a elementor-widget elementor-widget-text-editor\" data-id=\"1b01e9a\" data-element_type=\"widget\" data-widget_type=\"text-editor.default\">\n\t\t\t\t<div class=\"elementor-widget-container\">\n\t\t\t\t\t\t\t\t\t<p class=\"Standard\"><strong><em>\u041d\u0435 \u0434\u0435\u043b\u0430\u0439 \u0441\u0435\u0431\u0435 \u043a\u0443\u043c\u0438\u0440\u0430 \u0438 \u043d\u0438\u043a\u0430\u043a\u043e\u0433\u043e \u0438\u0437\u043e\u0431\u0440\u0430\u0436\u0435\u043d\u0438\u044f \u0442\u043e\u0433\u043e, \u0447\u0442\u043e \u043d\u0430 \u043d\u0435\u0431\u0435 \u0432\u0432\u0435\u0440\u0445\u0443, \u0438 \u0447\u0442\u043e \u043d\u0430 \u0437\u0435\u043c\u043b\u0435 \u0432\u043d\u0438\u0437\u0443, \u0438 \u0447\u0442\u043e \u0432 \u0432\u043e\u0434\u0435 \u043d\u0438\u0436\u0435 \u0437\u0435\u043c\u043b\u0438; \u043d\u0435 \u043f\u043e\u043a\u043b\u043e\u043d\u044f\u0439\u0441\u044f \u0438\u043c \u0438 \u043d\u0435 \u0441\u043b\u0443\u0436\u0438 \u0438\u043c, \u0438\u0431\u043e \u042f \u0413\u043e\u0441\u043f\u043e\u0434\u044c, \u0411\u043e\u0433 \u0442\u0432\u043e\u0439, \u0411\u043e\u0433 \u0440\u0435\u0432\u043d\u0438\u0442\u0435\u043b\u044c, \u043d\u0430\u043a\u0430\u0437\u044b\u0432\u0430\u044e\u0449\u0438\u0439 \u0434\u0435\u0442\u0435\u0439 \u0437\u0430 \u0432\u0438\u043d\u0443 \u043e\u0442\u0446\u043e\u0432 \u0434\u043e \u0442\u0440\u0435\u0442\u044c\u0435\u0433\u043e \u0438 \u0447\u0435\u0442\u0432\u0435\u0440\u0442\u043e\u0433\u043e \u0440\u043e\u0434\u0430, \u043d\u0435\u043d\u0430\u0432\u0438\u0434\u044f\u0449\u0438\u0445 \u041c\u0435\u043d\u044f, \u0438 \u0442\u0432\u043e\u0440\u044f\u0449\u0438\u0439 \u043c\u0438\u043b\u043e\u0441\u0442\u044c \u0434\u043e \u0442\u044b\u0441\u044f\u0447\u0438 \u0440\u043e\u0434\u043e\u0432 \u043b\u044e\u0431\u044f\u0449\u0438\u043c \u041c\u0435\u043d\u044f \u0438 \u0441\u043e\u0431\u043b\u044e\u0434\u0430\u044e\u0449\u0438\u043c \u0437\u0430\u043f\u043e\u0432\u0435\u0434\u0438 \u041c\u043e\u0438.<\/em><\/strong><\/p><p class=\"Standard\"><strong><em>\u0412\u0442\u043e\u0440\u043e\u0437\u0430\u043a\u043e\u043d\u0438\u0435 5:8-10<\/em><\/strong><\/p>\t\t\t\t\t\t\t\t<\/div>\n\t\t\t\t<\/div>\n\t\t\t\t\t<\/div>\n\t\t\t\t<\/div>\n\t\t\t\t\t<\/div>\n\t\t\t\t<\/div>\n\t\t<div class=\"has_eae_slider elementor-element elementor-element-cd9b398 e-flex e-con-boxed e-con e-parent\" data-eae-slider=\"98157\" data-id=\"cd9b398\" data-element_type=\"container\">\n\t\t\t\t\t<div class=\"e-con-inner\">\n\t\t<div class=\"has_eae_slider elementor-element elementor-element-13de34c e-flex e-con-boxed e-con e-child\" data-eae-slider=\"98046\" data-id=\"13de34c\" data-element_type=\"container\">\n\t\t\t\t\t<div class=\"e-con-inner\">\n\t\t\t\t<div class=\"elementor-element elementor-element-8bfd6f6 elementor-widget elementor-widget-text-editor\" data-id=\"8bfd6f6\" data-element_type=\"widget\" data-widget_type=\"text-editor.default\">\n\t\t\t\t<div class=\"elementor-widget-container\">\n\t\t\t\t\t\t\t\t\t<p>\u0412\u0442\u043e\u0440\u043e\u0435 \u043f\u0440\u0430\u0432\u0438\u043b\u043e \u2014 \u043d\u0435 \u0441\u043e\u0437\u0434\u0430\u0432\u0430\u0442\u044c \u043d\u0438\u043a\u0430\u043a\u043e\u0433\u043e \u0438\u0437\u043e\u0431\u0440\u0430\u0436\u0435\u043d\u0438\u044f \u0411\u043e\u0433\u0430, \u0441\u0442\u0430\u0442\u0443\u0438 \u0438\u043b\u0438 \u043a\u0430\u0440\u0442\u0438\u043d\u044b \u0434\u043b\u044f \u043f\u043e\u043a\u043b\u043e\u043d\u0435\u043d\u0438\u044f. \u041c\u044b \u043d\u0435 \u0434\u043e\u043b\u0436\u043d\u044b \u043f\u043e\u043a\u043b\u043e\u043d\u044f\u0442\u044c\u0441\u044f \u0441\u0435\u0431\u0435, \u043e\u043a\u0440\u0443\u0436\u0430\u044e\u0449\u0438\u043c \u043d\u0430\u0441 \u043b\u044e\u0434\u044f\u043c, \u0436\u0438\u0432\u043e\u0442\u043d\u044b\u043c, \u043e\u0431\u0440\u0430\u0437\u043e\u0432\u0430\u043d\u0438\u044e, \u043c\u0438\u0440\u0441\u043a\u043e\u0439 \u043a\u0430\u0440\u044c\u0435\u0440\u0435, \u0434\u0435\u043d\u044c\u0433\u0430\u043c, \u043c\u0438\u0440\u0441\u043a\u0438\u043c \u0431\u043b\u0430\u0433\u0430\u043c. \u041a\u043e\u0433\u0434\u0430 \u0447\u0435\u043b\u043e\u0432\u0435\u043a\u0430 \u043f\u043e\u0431\u0443\u0436\u0434\u0430\u044e\u0442 \u0441\u043b\u0435\u0434\u043e\u0432\u0430\u0442\u044c \u043f\u0440\u0430\u0432\u0438\u043b\u0430\u043c, \u043f\u0440\u043e\u0442\u0438\u0432\u043e\u0440\u0435\u0447\u0430\u0449\u0438\u043c \u0421\u043b\u043e\u0432\u0443 \u0411\u043e\u0436\u044c\u0435\u043c\u0443, \u044d\u0442\u043e \u0438\u0434\u043e\u043b\u043e\u043f\u043e\u043a\u043b\u043e\u043d\u0441\u0442\u0432\u043e.\u00a0\u00a0<\/p>\t\t\t\t\t\t\t\t<\/div>\n\t\t\t\t<\/div>\n\t\t\t\t<div class=\"elementor-element elementor-element-c056ac9 elementor-widget elementor-widget-text-editor\" data-id=\"c056ac9\" data-element_type=\"widget\" data-widget_type=\"text-editor.default\">\n\t\t\t\t<div class=\"elementor-widget-container\">\n\t\t\t\t\t\t\t\t\t<p class=\"Standard\"><em>\u0418\u0431\u043e \u043a\u0430\u043a \u0432 \u0442\u043e\u0442 \u0434\u0435\u043d\u044c, \u043a\u043e\u0433\u0434\u0430 \u0413\u043e\u0441\u043f\u043e\u0434\u044c \u0433\u043e\u0432\u043e\u0440\u0438\u043b \u043a \u0442\u0435\u0431\u0435 \u043d\u0430 \u0425\u043e\u0440\u0438\u0432\u0435 \u0438\u0437 \u0441\u0440\u0435\u0434\u044b \u043e\u0433\u043d\u044f, \u0442\u044b \u043d\u0435 \u0432\u0438\u0434\u0435\u043b \u043d\u0438\u043a\u0430\u043a\u043e\u0433\u043e \u043e\u0431\u0440\u0430\u0437\u0430, \u0442\u043e \u0431\u0435\u0440\u0435\u0433\u0438\u0441\u044c, \u0447\u0442\u043e\u0431\u044b \u0442\u044b \u043d\u0435 \u0440\u0430\u0437\u0432\u0440\u0430\u0442\u0438\u043b\u0441\u044f \u0438 \u043d\u0435 \u0441\u0434\u0435\u043b\u0430\u043b \u0441\u0435\u0431\u0435 \u0438\u0434\u043e\u043b\u0430, \u043d\u0438\u043a\u0430\u043a\u043e\u0433\u043e \u043e\u0431\u0440\u0430\u0437\u0430, \u0438\u0437\u043e\u0431\u0440\u0430\u0436\u0435\u043d\u0438\u044f \u043c\u0443\u0436\u0447\u0438\u043d\u044b \u0438\u043b\u0438 \u0436\u0435\u043d\u0449\u0438\u043d\u044b, \u0438\u0437\u043e\u0431\u0440\u0430\u0436\u0435\u043d\u0438\u044f \u043a\u0430\u043a\u043e\u0433\u043e-\u043b\u0438\u0431\u043e \u0441\u043a\u043e\u0442\u0430, \u043a\u043e\u0442\u043e\u0440\u044b\u0439 \u043d\u0430 \u0437\u0435\u043c\u043b\u0435, \u0438\u0437\u043e\u0431\u0440\u0430\u0436\u0435\u043d\u0438\u044f \u043a\u0430\u043a\u043e\u0439-\u043b\u0438\u0431\u043e \u043f\u0442\u0438\u0446\u044b \u043f\u0435\u0440\u043d\u0430\u0442\u043e\u0439, \u043b\u0435\u0442\u0430\u044e\u0449\u0435\u0439 \u043f\u043e\u0434 \u043d\u0435\u0431\u043e\u043c, \u0438\u0437\u043e\u0431\u0440\u0430\u0436\u0435\u043d\u0438\u044f \u043a\u0430\u043a\u043e\u0433\u043e-\u043b\u0438\u0431\u043e \u0441\u0443\u0449\u0435\u0441\u0442\u0432\u0430, \u043f\u0440\u0435\u0441\u043c\u044b\u043a\u0430\u044e\u0449\u0435\u0433\u043e\u0441\u044f \u043f\u043e \u0437\u0435\u043c\u043b\u0435, \u0438\u0437\u043e\u0431\u0440\u0430\u0436\u0435\u043d\u0438\u044f \u043a\u0430\u043a\u043e\u0439-\u043b\u0438\u0431\u043e \u0440\u044b\u0431\u044b, \u043a\u043e\u0442\u043e\u0440\u0430\u044f \u0432 \u0432\u043e\u0434\u0435 \u043d\u0438\u0436\u0435 \u0437\u0435\u043c\u043b\u0438. \u041a\u043e\u0433\u0434\u0430 \u0442\u044b \u0432\u0437\u0433\u043b\u044f\u043d\u0435\u0448\u044c \u043d\u0430 \u043d\u0435\u0431\u043e \u0438 \u0443\u0432\u0438\u0434\u0438\u0448\u044c \u0441\u043e\u043b\u043d\u0446\u0435, \u043b\u0443\u043d\u0443 \u0438 \u0437\u0432\u0435\u0437\u0434\u044b \u0438 \u0432\u0441\u0451 \u0432\u043e\u0438\u043d\u0441\u0442\u0432\u043e \u043d\u0435\u0431\u0435\u0441\u043d\u043e\u0435, \u043d\u0435 \u043f\u0440\u0435\u043b\u044c\u0449\u0430\u0439\u0441\u044f \u0438 \u043d\u0435 \u043f\u043e\u043a\u043b\u043e\u043d\u044f\u0439\u0441\u044f \u0438\u043c \u0438 \u043d\u0435 \u0441\u043b\u0443\u0436\u0438 \u0438\u043c, \u0442\u0430\u043a \u043a\u0430\u043a \u0413\u043e\u0441\u043f\u043e\u0434\u044c, \u0411\u043e\u0433 \u0442\u0432\u043e\u0439, \u0434\u0430\u043b \u0438\u0445 \u0432\u0441\u0435\u043c \u043d\u0430\u0440\u043e\u0434\u0430\u043c \u043f\u043e\u0434 \u0432\u0441\u0435\u043c \u043d\u0435\u0431\u043e\u043c. \u0410 \u0442\u0435\u0431\u044f \u0432\u0437\u044f\u043b \u0413\u043e\u0441\u043f\u043e\u0434\u044c \u0438 \u0432\u044b\u0432\u0435\u043b \u0438\u0437 \u043f\u0435\u0447\u0438, \u0438\u0437 \u0415\u0433\u0438\u043f\u0442\u0430, \u0447\u0442\u043e\u0431\u044b \u0442\u044b \u0431\u044b\u043b \u043d\u0430\u0440\u043e\u0434\u043e\u043c \u0415\u0433\u043e \u043d\u0430\u0441\u043b\u0435\u0434\u0438\u044f, \u043a\u0430\u043a \u043d\u044b\u043d\u0435 \u0432\u0438\u0434\u043d\u043e.<\/em><\/p><p class=\"Standard\"><em>\u0412\u0442\u043e\u0440\u043e\u0437\u0430\u043a\u043e\u043d\u0438\u0435 4:15-20<\/em><\/p>\t\t\t\t\t\t\t\t<\/div>\n\t\t\t\t<\/div>\n\t\t\t\t<div class=\"elementor-element elementor-element-d0e5077 elementor-widget elementor-widget-text-editor\" data-id=\"d0e5077\" data-element_type=\"widget\" data-widget_type=\"text-editor.default\">\n\t\t\t\t<div class=\"elementor-widget-container\">\n\t\t\t\t\t\t\t\t\t<p class=\"Standard\">\u0420\u0435\u0437\u0443\u043b\u044c\u0442\u0430\u0442 \u043d\u0430\u0440\u0443\u0448\u0435\u043d\u0438\u044f \u0411\u043e\u0436\u044c\u0438\u0445 \u0437\u0430\u043a\u043e\u043d\u043e\u0432 \u2013 \u0441\u043c\u0435\u0440\u0442\u044c, \u0440\u0430\u0437\u043b\u0443\u043a\u0430 \u0441 \u0411\u043e\u0433\u043e\u043c \u0438 \u0441\u0442\u0440\u0430\u0434\u0430\u043d\u0438\u044f. \u041d\u043e \u0434\u0430\u0440 \u0411\u043e\u0436\u0438\u0439, \u0434\u0430\u0440\u0443\u0435\u043c\u044b\u0439 \u0432\u0441\u0435\u043c \u0438 \u043a\u0430\u0436\u0434\u043e\u043c\u0443, \u2013 \u043f\u0440\u043e\u0449\u0435\u043d\u0438\u0435 \u0438 \u0432\u0435\u0447\u043d\u0430\u044f \u0436\u0438\u0437\u043d\u044c \u0447\u0435\u0440\u0435\u0437 \u043f\u0440\u0438\u0437\u043d\u0430\u043d\u0438\u0435 \u0415\u0433\u043e \u0421\u043e\u0432\u0435\u0440\u0448\u0435\u043d\u0441\u0442\u0432\u0430, \u0430 \u043d\u0430\u0448\u0435\u0433\u043e \u0437\u043b\u0430. \u041f\u0440\u0438\u0437\u043d\u0430\u0432\u0430\u044f, \u0447\u0442\u043e \u043c\u044b \u043f\u0440\u0438\u043d\u0438\u043c\u0430\u0435\u043c \u0415\u0433\u043e \u043f\u043e\u043c\u043e\u0449\u044c, \u0438 \u043f\u0440\u043e\u0441\u044f \u043f\u0440\u043e\u0449\u0435\u043d\u0438\u044f \u0437\u0430 \u043d\u0430\u0448\u0438 \u043f\u0440\u0435\u0441\u0442\u0443\u043f\u043b\u0435\u043d\u0438\u044f \u043d\u0430 \u043e\u0441\u043d\u043e\u0432\u0430\u043d\u0438\u0438 \u0436\u0435\u0440\u0442\u0432\u044b \u0418\u0438\u0441\u0443\u0441\u0430 \u0425\u0440\u0438\u0441\u0442\u0430. \u041f\u043e\u043b\u0443\u0447\u0438\u0432 \u043f\u0440\u043e\u0449\u0435\u043d\u0438\u0435, \u043c\u044b \u043e\u0431\u044f\u0437\u0443\u0435\u043c\u0441\u044f \u043f\u043e\u0432\u0438\u043d\u043e\u0432\u0430\u0442\u044c\u0441\u044f \u0421\u043e\u0437\u0434\u0430\u0442\u0435\u043b\u044e, \u0438\u0437\u0443\u0447\u0430\u044f \u0438 \u0443\u0432\u0430\u0436\u0430\u044f \u0415\u0433\u043e \u0437\u0430\u043a\u043e\u043d\u044b \u0432 \u043d\u043e\u0432\u043e\u0439 \u0436\u0438\u0437\u043d\u0438, \u043a\u043e\u0442\u043e\u0440\u0443\u044e \u041e\u043d \u043d\u0430\u043c \u043f\u0440\u0435\u0434\u043b\u0430\u0433\u0430\u0435\u0442.<\/p><p class=\"Standard\">\u0412 \u0418\u0437\u0440\u0430\u0438\u043b\u0435 \u0442\u044f\u0436\u043a\u0438\u0435 \u043f\u0440\u0435\u0441\u0442\u0443\u043f\u043b\u0435\u043d\u0438\u044f \u043f\u0443\u0431\u043b\u0438\u0447\u043d\u043e \u0440\u0430\u0441\u0441\u043c\u0430\u0442\u0440\u0438\u0432\u0430\u043b\u0438\u0441\u044c \u043e\u0442\u0432\u0435\u0442\u0441\u0442\u0432\u0435\u043d\u043d\u044b\u043c\u0438 \u043b\u044e\u0434\u044c\u043c\u0438 \u2013 \u0441\u0443\u0434\u044c\u044f\u043c\u0438, \u0438 \u043b\u044e\u0434\u0438 \u043f\u0443\u0431\u043b\u0438\u0447\u043d\u043e \u043d\u0430\u043a\u0430\u0437\u044b\u0432\u0430\u043b\u0438\u0441\u044c. \u042d\u0442\u043e \u0431\u044b\u043b\u043e \u0441\u0434\u0435\u043b\u0430\u043d\u043e \u0434\u043b\u044f \u0442\u043e\u0433\u043e, \u0447\u0442\u043e\u0431\u044b \u043f\u0440\u0435\u0434\u043e\u0442\u0432\u0440\u0430\u0442\u0438\u0442\u044c \u0432\u043e\u0441\u0441\u0442\u0430\u043d\u0438\u0435 \u0432\u0441\u0435\u0433\u043e \u0438\u0437\u0440\u0430\u0438\u043b\u044c\u0441\u043a\u043e\u0433\u043e \u043e\u0431\u0449\u0435\u0441\u0442\u0432\u0430 \u0438, \u0441\u043b\u0435\u0434\u043e\u0432\u0430\u0442\u0435\u043b\u044c\u043d\u043e, \u0411\u043e\u0436\u0438\u0439 \u0441\u0443\u0434. \u0411\u043e\u0433 \u0421\u0432\u044f\u0442, \u0421\u043e\u0432\u0435\u0440\u0448\u0435\u043d \u0438 \u043f\u0440\u0435\u0431\u044b\u0432\u0430\u0435\u0442 \u0432 \u0432\u0435\u043b\u0438\u043a\u043e\u043c \u043e\u0433\u043d\u0435 \u043b\u044e\u0431\u0432\u0438. \u0412\u0441\u0451 \u0432 \u0415\u0433\u043e \u043f\u0440\u0438\u0441\u0443\u0442\u0441\u0442\u0432\u0438\u0438 \u043e\u0442\u043a\u0440\u044b\u0442\u043e, \u0438 \u0437\u043b\u043e \u0441\u0433\u043e\u0440\u0438\u0442 \u0432 \u0415\u0433\u043e \u043e\u0433\u043d\u0435.<\/p><p class=\"Standard\">\u0414\u043b\u044f \u043d\u0430\u0441 \u044d\u0442\u043e \u043e\u0437\u043d\u0430\u0447\u0430\u0435\u0442 \u0443\u0432\u0430\u0436\u0435\u043d\u0438\u0435 \u043a \u0432\u043b\u0430\u0441\u0442\u044f\u043c \u043e\u0442\u0434\u0435\u043b\u044c\u043d\u044b\u0445 \u0433\u043e\u0441\u0443\u0434\u0430\u0440\u0441\u0442\u0432, \u043a\u043e\u0442\u043e\u0440\u044b\u043c \u0411\u043e\u0433 \u0434\u043e\u0432\u0435\u0440\u0438\u043b \u044d\u0442\u043e\u0442 \u0441\u0443\u0434 \u0438 \u043d\u0430\u043a\u0430\u0437\u0430\u043d\u0438\u0435. \u0423\u0432\u0430\u0436\u0430\u0442\u044c \u0411\u043e\u0436\u044c\u0438 \u0437\u0430\u043a\u043e\u043d\u044b \u2013 \u0434\u0435\u043b\u043e \u043a\u0430\u0436\u0434\u043e\u0433\u043e \u043f\u0440\u0430\u0432\u0438\u0442\u0435\u043b\u044c\u0441\u0442\u0432\u0430, \u0430 \u0437\u0430\u0442\u0435\u043c \u0438 \u0441\u0443\u0434\u0435\u0439.<\/p><p class=\"Standard\">\u0411\u043e\u0433 \u043d\u0435 \u0436\u0435\u043b\u0430\u0435\u0442, \u0447\u0442\u043e\u0431\u044b \u043f\u0440\u0435\u0441\u0442\u0443\u043f\u043d\u0438\u043a\u0438 \u043f\u043e\u0433\u0438\u0431\u043b\u0438, \u043d\u043e \u0447\u0442\u043e\u0431\u044b \u043e\u043d\u0438 \u043f\u0440\u0438\u0448\u043b\u0438 \u0432 \u0441\u0435\u0431\u044f, \u0438\u0441\u043f\u0440\u0430\u0432\u0438\u043b\u0438\u0441\u044c \u0438 \u0441\u043c\u043e\u0433\u043b\u0438 \u0436\u0438\u0442\u044c \u0431\u043b\u0430\u0433\u043e\u0434\u0430\u0442\u044c\u044e \u0411\u043e\u0436\u0438\u0435\u0439. \u0418\u0437\u0432\u0435\u0441\u0442\u043d\u0430 \u0438\u0441\u0442\u043e\u0440\u0438\u044f \u043e \u0436\u0435\u043d\u0449\u0438\u043d\u0435, \u0432\u0437\u044f\u0442\u043e\u0439 \u0432 \u043f\u0440\u0435\u043b\u044e\u0431\u043e\u0434\u0435\u044f\u043d\u0438\u0438. \u0415\u0451 \u0445\u043e\u0442\u0435\u043b\u0438 \u043f\u043e\u0431\u0438\u0442\u044c \u043a\u0430\u043c\u043d\u044f\u043c\u0438 \u043f\u043e \u0437\u0430\u043a\u043e\u043d\u0443 \u0411\u043e\u0436\u044c\u0435\u043c\u0443 \u0438 \u043f\u0440\u0438\u0432\u0435\u043b\u0438 \u043a \u0418\u0438\u0441\u0443\u0441\u0443. \u041e\u043d \u0441\u043a\u0430\u0437\u0430\u043b: \u00ab\u041a\u0442\u043e \u0431\u0435\u0437 \u0433\u0440\u0435\u0445\u0430, \u043f\u0443\u0441\u0442\u044c \u043f\u0435\u0440\u0432\u044b\u0439 \u0431\u0440\u043e\u0441\u0438\u0442 \u043a\u0430\u043c\u0435\u043d\u044c\u00bb. \u041a\u043e\u0433\u0434\u0430 \u043e\u043d\u0430 \u043e\u0441\u0442\u0430\u043b\u0430\u0441\u044c \u043e\u0434\u043d\u0430, \u0438 \u0432\u0441\u0435 \u0443\u0448\u043b\u0438, \u041e\u043d \u0441\u043a\u0430\u0437\u0430\u043b: \u00ab\u041d\u0438\u043a\u0442\u043e \u0442\u0435\u0431\u044f \u043d\u0435 \u043e\u0441\u0443\u0434\u0438\u043b? \u0418 \u042f \u0442\u0435\u0431\u044f \u043d\u0435 \u043e\u0441\u0443\u0436\u0434\u0430\u044e; \u0438\u0434\u0438 \u0438 \u0432\u043f\u0440\u0435\u0434\u044c \u043d\u0435 \u0433\u0440\u0435\u0448\u0438\u00bb. \u0411\u043e\u0433 \u044f\u0432\u043b\u044f\u0435\u0442 \u0421\u0435\u0431\u044f \u043d\u0430\u043c \u043a\u0430\u043a \u043f\u0440\u0430\u0432\u0435\u0434\u043d\u0438\u043a, \u0432\u043e\u0437\u043d\u0430\u0433\u0440\u0430\u0436\u0434\u0430\u044e\u0449\u0438\u0439 \u0437\u0430 \u0434\u043e\u0431\u0440\u043e \u0438 \u043d\u0430\u043a\u0430\u0437\u044b\u0432\u0430\u044e\u0449\u0438\u0439 \u0437\u0430 \u0437\u043b\u043e, \u043d\u043e \u043c\u0438\u043b\u043e\u0441\u0442\u0438\u0432\u044b\u0439 \u043a \u0441\u043e\u043a\u0440\u0443\u0448\u0451\u043d\u043d\u044b\u043c. \u0411\u043e\u0433 \u0433\u043e\u0440\u0434\u044b\u043c \u043f\u0440\u043e\u0442\u0438\u0432\u0438\u0442\u0441\u044f, \u0430 \u0441\u043c\u0438\u0440\u0435\u043d\u043d\u044b\u043c \u0434\u0430\u0451\u0442 \u0431\u043b\u0430\u0433\u043e\u0434\u0430\u0442\u044c. \u0411\u043e\u0433 \u043d\u0435 \u043e\u0442\u043c\u0435\u043d\u0438\u043b \u0437\u0430\u043a\u043e\u043d, \u043d\u043e \u043f\u0440\u0438\u0448\u0451\u043b \u0438\u0441\u043f\u043e\u043b\u043d\u0438\u0442\u044c \u0435\u0433\u043e \u0447\u0435\u0440\u0435\u0437 \u0413\u043e\u0441\u043f\u043e\u0434\u0430 \u0418\u0438\u0441\u0443\u0441\u0430.<\/p>\t\t\t\t\t\t\t\t<\/div>\n\t\t\t\t<\/div>\n\t\t\t\t<div class=\"elementor-element elementor-element-a4e81b1 elementor-widget elementor-widget-text-editor\" data-id=\"a4e81b1\" data-element_type=\"widget\" data-widget_type=\"text-editor.default\">\n\t\t\t\t<div class=\"elementor-widget-container\">\n\t\t\t\t\t\t\t\t\t<p class=\"Standard\"><em><strong>&#8222;11<span style=\"color: #1e293b;\">\u00a0<\/span>\u0421\u043a\u0430\u0436\u0438 \u0438\u043c: \u0436\u0438\u0432\u0443 \u042f, \u0433\u043e\u0432\u043e\u0440\u0438\u0442 \u0413\u043e\u0441\u043f\u043e\u0434\u044c \u0411\u043e\u0433: \u043d\u0435 \u0445\u043e\u0447\u0443 \u0441\u043c\u0435\u0440\u0442\u0438 \u0433\u0440\u0435\u0448\u043d\u0438\u043a\u0430, \u043d\u043e \u0447\u0442\u043e\u0431\u044b \u0433\u0440\u0435\u0448\u043d\u0438\u043a \u043e\u0431\u0440\u0430\u0442\u0438\u043b\u0441\u044f \u043e\u0442 \u043f\u0443\u0442\u0438 \u0441\u0432\u043e\u0435\u0433\u043e \u0438 \u0436\u0438\u0432 \u0431\u044b\u043b. \u041e\u0431\u0440\u0430\u0442\u0438\u0442\u0435\u0441\u044c, \u043e\u0431\u0440\u0430\u0442\u0438\u0442\u0435\u0441\u044c \u043e\u0442 \u0437\u043b\u044b\u0445 \u043f\u0443\u0442\u0435\u0439 \u0432\u0430\u0448\u0438\u0445!<\/strong><\/em><\/p><p class=\"Standard\"><em><strong>\u0418\u0435\u0437\u0435\u043a\u0438\u0438\u043b\u044c 33<\/strong><\/em><\/p>\t\t\t\t\t\t\t\t<\/div>\n\t\t\t\t<\/div>\n\t\t\t\t<div class=\"elementor-element elementor-element-1071aa2 elementor-widget elementor-widget-text-editor\" data-id=\"1071aa2\" data-element_type=\"widget\" data-widget_type=\"text-editor.default\">\n\t\t\t\t<div class=\"elementor-widget-container\">\n\t\t\t\t\t\t\t\t\t<p class=\"Standard\"><em><strong>23<span style=\"color: #1e293b;\">\u00a0<\/span>\u0418\u0431\u043e \u0432\u043e\u0437\u043c\u0435\u0437\u0434\u0438\u0435 \u0437\u0430 \u0433\u0440\u0435\u0445 \u2014 \u0441\u043c\u0435\u0440\u0442\u044c, \u0430 \u0434\u0430\u0440 \u0431\u043b\u0430\u0433\u043e\u0434\u0430\u0442\u0438 \u0411\u043e\u0436\u0438\u0435\u0439 \u2014 \u0436\u0438\u0437\u043d\u044c \u0432\u0435\u0447\u043d\u0430\u044f \u0432\u043e \u0425\u0440\u0438\u0441\u0442\u0435 \u0418\u0438\u0441\u0443\u0441\u0435, \u0413\u043e\u0441\u043f\u043e\u0434\u0435 \u043d\u0430\u0448\u0435\u043c.<\/strong><\/em><\/p><p class=\"Standard\"><em><strong>\u0420\u0438\u043c\u043b\u044f\u043d\u0430\u043c 6<\/strong><\/em><\/p>\t\t\t\t\t\t\t\t<\/div>\n\t\t\t\t<\/div>\n\t\t\t\t\t<\/div>\n\t\t\t\t<\/div>\n\t\t\t\t\t<\/div>\n\t\t\t\t<\/div>\n\t\t\t\t<\/div>","protected":false},"excerpt":{"rendered":"<p>nekla\u0148aj sa modl\u00e1m Neurob\u00ed\u0161 si modlu ani nijak\u00fa podobu toho, \u010do je hore na nebi, dolu na zemi alebo vo vode pod zemou! Nebude\u0161 sa im kla\u0148a\u0165 ani sa ned\u00e1\u0161 nimi zotro\u010dova\u0165, lebo ja som Hospodin, tvoj Boh! Boh \u017eiarliv\u00fd, ktor\u00fd trest\u00e1 viny otcov na synoch do tretieho i \u0161tvrt\u00e9ho pokolenia t\u00fdch, \u010do ma nen\u00e1vidia, [&hellip;]<\/p>","protected":false},"author":1,"featured_media":0,"parent":0,"menu_order":0,"comment_status":"closed","ping_status":"closed","template":"","meta":{"site-sidebar-layout":"no-sidebar","site-content-layout":"page-builder","ast-site-content-layout":"full-width-container","site-content-style":"unboxed","site-sidebar-style":"unboxed","ast-global-header-display":"","ast-banner-title-visibility":"disabled","ast-main-header-display":"","ast-hfb-above-header-display":"","ast-hfb-below-header-display":"","ast-hfb-mobile-header-display":"","site-post-title":"disabled","ast-breadcrumbs-content":"disabled","ast-featured-img":"disabled","footer-sml-layout":"disabled","theme-transparent-header-meta":"enabled","adv-header-id-meta":"","stick-header-meta":"","header-above-stick-meta":"","header-main-stick-meta":"","header-below-stick-meta":"","astra-migrate-meta-layouts":"set","ast-page-background-enabled":"default","ast-page-background-meta":{"desktop":{"background-color":"var(--ast-global-color-4)","background-image":"","background-repeat":"repeat","background-position":"center center","background-size":"auto","background-attachment":"scroll","background-type":"","background-media":"","overlay-type":"","overlay-color":"","overlay-opacity":"","overlay-gradient":""},"tablet":{"background-color":"","background-image":"","background-repeat":"repeat","background-position":"center center","background-size":"auto","background-attachment":"scroll","background-type":"","background-media":"","overlay-type":"","overlay-color":"","overlay-opacity":"","overlay-gradient":""},"mobile":{"background-color":"","background-image":"","background-repeat":"repeat","background-position":"center center","background-size":"auto","background-attachment":"scroll","background-type":"","background-media":"","overlay-type":"","overlay-color":"","overlay-opacity":"","overlay-gradient":""}},"ast-content-background-meta":{"desktop":{"background-color":"var(--ast-global-color-5)","background-image":"","background-repeat":"repeat","background-position":"center center","background-size":"auto","background-attachment":"scroll","background-type":"","background-media":"","overlay-type":"","overlay-color":"","overlay-opacity":"","overlay-gradient":""},"tablet":{"background-color":"var(--ast-global-color-5)","background-image":"","background-repeat":"repeat","background-position":"center center","background-size":"auto","background-attachment":"scroll","background-type":"","background-media":"","overlay-type":"","overlay-color":"","overlay-opacity":"","overlay-gradient":""},"mobile":{"background-color":"var(--ast-global-color-5)","background-image":"","background-repeat":"repeat","background-position":"center center","background-size":"auto","background-attachment":"scroll","background-type":"","background-media":"","overlay-type":"","overlay-color":"","overlay-opacity":"","overlay-gradient":""}},"footnotes":""},"class_list":["post-2135","page","type-page","status-publish","hentry"],"_links":{"self":[{"href":"http:\/\/acodalej.sk\/ru\/wp-json\/wp\/v2\/pages\/2135","targetHints":{"allow":["GET"]}}],"collection":[{"href":"http:\/\/acodalej.sk\/ru\/wp-json\/wp\/v2\/pages"}],"about":[{"href":"http:\/\/acodalej.sk\/ru\/wp-json\/wp\/v2\/types\/page"}],"author":[{"embeddable":true,"href":"http:\/\/acodalej.sk\/ru\/wp-json\/wp\/v2\/users\/1"}],"replies":[{"embeddable":true,"href":"http:\/\/acodalej.sk\/ru\/wp-json\/wp\/v2\/comments?post=2135"}],"version-history":[{"count":0,"href":"http:\/\/acodalej.sk\/ru\/wp-json\/wp\/v2\/pages\/2135\/revisions"}],"wp:attachment":[{"href":"http:\/\/acodalej.sk\/ru\/wp-json\/wp\/v2\/media?parent=2135"}],"curies":[{"name":"wp","href":"https:\/\/api.w.org\/{rel}","templated":true}]}}