{"id":2171,"date":"2024-09-15T13:50:21","date_gmt":"2024-09-15T13:50:21","guid":{"rendered":"http:\/\/acodalej.sk\/?page_id=2171"},"modified":"2024-11-09T16:24:03","modified_gmt":"2024-11-09T16:24:03","slug":"cti-otca-a-matku-a-budes-dobre-a-dlho-zit-na-zemi","status":"publish","type":"page","link":"http:\/\/acodalej.sk\/ru\/cti-otca-a-matku-a-budes-dobre-a-dlho-zit-na-zemi\/","title":{"rendered":"Cti otca a matku a bude\u0161 dobre a dlho \u017ei\u0165 na zemi"},"content":{"rendered":"<div data-elementor-type=\"wp-page\" data-elementor-id=\"2171\" class=\"elementor elementor-2171\">\n\t\t\t\t<div class=\"has_eae_slider elementor-element elementor-element-c37d0d3 e-flex e-con-boxed e-con e-parent\" data-eae-slider=\"16270\" data-id=\"c37d0d3\" data-element_type=\"container\">\n\t\t\t\t\t<div class=\"e-con-inner\">\n\t\t<div class=\"has_eae_slider elementor-element elementor-element-529969d e-flex e-con-boxed e-con e-child\" data-eae-slider=\"1703\" data-id=\"529969d\" data-element_type=\"container\">\n\t\t\t\t\t<div class=\"e-con-inner\">\n\t\t\t\t<div class=\"elementor-element elementor-element-307e0f1 elementor-widget elementor-widget-heading\" data-id=\"307e0f1\" data-element_type=\"widget\" data-widget_type=\"heading.default\">\n\t\t\t\t<div class=\"elementor-widget-container\">\n\t\t\t\t\t<h2 class=\"elementor-heading-title elementor-size-default\">\u041f\u043e\u0447\u0438\u0442\u0430\u0439 \u043e\u0442\u0446\u0430 \u0442\u0432\u043e\u0435\u0433\u043e \u0438 \u043c\u0430\u0442\u044c \u0442\u0432\u043e\u044e, \u0438 \u0431\u0443\u0434\u0435\u0448\u044c \u0434\u043e\u043b\u0433\u043e\u043b\u0435\u0442\u0435\u043d \u043d\u0430 \u0437\u0435\u043c\u043b\u0435.<\/h2>\t\t\t\t<\/div>\n\t\t\t\t<\/div>\n\t\t\t\t<div class=\"elementor-element elementor-element-e382af4 elementor-widget elementor-widget-text-editor\" data-id=\"e382af4\" data-element_type=\"widget\" data-widget_type=\"text-editor.default\">\n\t\t\t\t<div class=\"elementor-widget-container\">\n\t\t\t\t\t\t\t\t\t<p class=\"Standard\"><strong><em>\u00ab\u041f\u043e\u0447\u0438\u0442\u0430\u0439 \u043e\u0442\u0446\u0430 \u0442\u0432\u043e\u0435\u0433\u043e \u0438 \u043c\u0430\u0442\u044c \u0442\u0432\u043e\u044e, \u043a\u0430\u043a \u043f\u043e\u0432\u0435\u043b\u0435\u043b \u0442\u0435\u0431\u0435 \u0413\u043e\u0441\u043f\u043e\u0434\u044c, \u0411\u043e\u0433 \u0442\u0432\u043e\u0439, \u0447\u0442\u043e\u0431\u044b \u043f\u0440\u043e\u0434\u043b\u0438\u043b\u0438\u0441\u044c \u0434\u043d\u0438 \u0442\u0432\u043e\u0438, \u0438 \u0447\u0442\u043e\u0431\u044b \u0445\u043e\u0440\u043e\u0448\u043e \u0442\u0435\u0431\u0435 \u0431\u044b\u043b\u043e \u043d\u0430 \u0442\u043e\u0439 \u0437\u0435\u043c\u043b\u0435, \u043a\u043e\u0442\u043e\u0440\u0443\u044e \u0413\u043e\u0441\u043f\u043e\u0434\u044c, \u0411\u043e\u0433 \u0442\u0432\u043e\u0439, \u0434\u0430\u0435\u0442 \u0442\u0435\u0431\u0435\u00bb.<\/em><\/strong><\/p><p class=\"Standard\"><strong><em>\u0412\u0442\u043e\u0440\u043e\u0437\u0430\u043a\u043e\u043d\u0438\u0435 5:16<\/em><\/strong><\/p>\t\t\t\t\t\t\t\t<\/div>\n\t\t\t\t<\/div>\n\t\t\t\t\t<\/div>\n\t\t\t\t<\/div>\n\t\t\t\t\t<\/div>\n\t\t\t\t<\/div>\n\t\t<div class=\"has_eae_slider elementor-element elementor-element-4973e2d e-flex e-con-boxed e-con e-parent\" data-eae-slider=\"99585\" data-id=\"4973e2d\" data-element_type=\"container\">\n\t\t\t\t\t<div class=\"e-con-inner\">\n\t\t<div class=\"has_eae_slider elementor-element elementor-element-a1515e4 e-flex e-con-boxed e-con e-child\" data-eae-slider=\"75268\" data-id=\"a1515e4\" data-element_type=\"container\">\n\t\t\t\t\t<div class=\"e-con-inner\">\n\t\t\t\t<div class=\"elementor-element elementor-element-1f48ef9 elementor-widget elementor-widget-text-editor\" data-id=\"1f48ef9\" data-element_type=\"widget\" data-widget_type=\"text-editor.default\">\n\t\t\t\t<div class=\"elementor-widget-container\">\n\t\t\t\t\t\t\t\t\t<p class=\"Standard\">\u041f\u043e\u0447\u0438\u0442\u0430\u0442\u044c \u0440\u043e\u0434\u0438\u0442\u0435\u043b\u0435\u0439, \u0447\u0435\u0440\u0435\u0437 \u043a\u043e\u0442\u043e\u0440\u044b\u0445 \u0411\u043e\u0433 \u0434\u0430\u043b \u043d\u0430\u043c \u0436\u0438\u0437\u043d\u044c. \u041f\u043e\u0447\u0438\u0442\u0430\u0442\u044c \u0441\u0442\u0430\u0440\u0448\u0438\u0445 \u0438 \u0442\u0435\u0445, \u043a\u0442\u043e \u0437\u0430\u043d\u0438\u043c\u0430\u0435\u0442 \u0432\u044b\u0441\u043e\u043a\u043e\u0435 \u043f\u043e\u043b\u043e\u0436\u0435\u043d\u0438\u0435 \u0432 \u043e\u0431\u0449\u0435\u0441\u0442\u0432\u0435. \u0423\u0432\u0430\u0436\u0435\u043d\u0438\u0435 \u2013 \u044d\u0442\u043e \u0443\u0432\u0430\u0436\u0435\u043d\u0438\u0435 \u043a \u043b\u044e\u0434\u044f\u043c, \u043a\u043e\u0442\u043e\u0440\u043e\u0435 \u043f\u0440\u043e\u044f\u0432\u043b\u044f\u0435\u0442\u0441\u044f \u0432 \u043f\u0440\u0438\u0432\u0435\u0442\u0441\u0442\u0432\u0438\u0438, \u0441\u043b\u0443\u0448\u0430\u043d\u0438\u0438, \u0432\u043e\u0437\u0434\u0435\u0440\u0436\u0430\u043d\u0438\u0438 \u043e\u0442 \u0437\u043b\u043e\u0441\u043b\u043e\u0432\u0438\u044f \u0438 \u0434\u0440\u0443\u0433\u0438\u0445 \u043f\u0440\u0430\u0432\u0438\u043b\u0430\u0445, \u043a\u043e\u0442\u043e\u0440\u044b\u0435 \u0431\u0443\u0434\u0443\u0442 \u0441\u043b\u0435\u0434\u043e\u0432\u0430\u0442\u044c \u0437\u0430 \u044d\u0442\u0438\u043c.<\/p>\t\t\t\t\t\t\t\t<\/div>\n\t\t\t\t<\/div>\n\t\t\t\t<div class=\"elementor-element elementor-element-a3b6ba1 elementor-widget elementor-widget-text-editor\" data-id=\"a3b6ba1\" data-element_type=\"widget\" data-widget_type=\"text-editor.default\">\n\t\t\t\t<div class=\"elementor-widget-container\">\n\t\t\t\t\t\t\t\t\t<p class=\"Standard\"><em><strong>9<span style=\"color: #1e293b;\">\u00a0<\/span>\u00ab\u0412\u0441\u044f\u043a\u0438\u0439, \u043a\u0442\u043e \u0437\u043b\u043e\u0441\u043b\u043e\u0432\u0438\u0442 \u043e\u0442\u0446\u0430 \u0441\u0432\u043e\u0435\u0433\u043e \u0438\u043b\u0438 \u0441\u0432\u043e\u044e \u043c\u0430\u0442\u044c, \u0434\u043e\u043b\u0436\u0435\u043d \u0431\u044b\u0442\u044c \u043f\u0440\u0435\u0434\u0430\u043d \u0441\u043c\u0435\u0440\u0442\u0438. \u041a\u0442\u043e \u0437\u043b\u043e\u0441\u043b\u043e\u0432\u0438\u0442 \u043e\u0442\u0446\u0430 \u0441\u0432\u043e\u0435\u0433\u043e \u0438\u043b\u0438 \u0441\u0432\u043e\u044e \u043c\u0430\u0442\u044c, \u0442\u043e\u0442 \u043f\u043e\u043d\u0435\u0441\u0435\u0442 \u043d\u0430\u043a\u0430\u0437\u0430\u043d\u0438\u0435 \u0437\u0430 \u043f\u0440\u043e\u043b\u0438\u0442\u0438\u0435 \u043a\u0440\u043e\u0432\u0438 \u0441\u0432\u043e\u0435\u0439.<\/strong><\/em><\/p><p class=\"Standard\"><em><strong>3,\u041c\u043e\u0439\u0437\u0438\u0441\u043e\u0432\u0430 20<\/strong><\/em><\/p>\t\t\t\t\t\t\t\t<\/div>\n\t\t\t\t<\/div>\n\t\t\t\t<div class=\"elementor-element elementor-element-af1c2d1 elementor-widget elementor-widget-text-editor\" data-id=\"af1c2d1\" data-element_type=\"widget\" data-widget_type=\"text-editor.default\">\n\t\t\t\t<div class=\"elementor-widget-container\">\n\t\t\t\t\t\t\t\t\t<p class=\"Standard\"><em><strong>\u0420\u0438\u043c\u043b\u044f\u043d\u0430\u043c 13, <\/strong><\/em><\/p><p class=\"Standard\"><em><strong>1 \u0412\u0441\u044f\u043a\u0430\u044f \u0434\u0443\u0448\u0430 \u0434\u0430 \u0431\u0443\u0434\u0435\u0442 \u043f\u043e\u043a\u043e\u0440\u043d\u0430 \u0432\u044b\u0441\u0448\u0438\u043c \u0432\u043b\u0430\u0441\u0442\u044f\u043c, \u0438\u0431\u043e \u043d\u0435\u0442 \u0432\u043b\u0430\u0441\u0442\u0438 \u043d\u0435 \u043e\u0442 \u0411\u043e\u0433\u0430; \u0441\u0443\u0449\u0435\u0441\u0442\u0432\u0443\u044e\u0449\u0438\u0435 \u0436\u0435 \u0432\u043b\u0430\u0441\u0442\u0438 \u043e\u0442 \u0411\u043e\u0433\u0430 \u0443\u0441\u0442\u0430\u043d\u043e\u0432\u043b\u0435\u043d\u044b. <\/strong><\/em><em><strong>2 \u041f\u043e\u0441\u0435\u043c\u0443 \u043f\u0440\u043e\u0442\u0438\u0432\u044f\u0449\u0438\u0439\u0441\u044f \u0432\u043b\u0430\u0441\u0442\u0438 \u043f\u0440\u043e\u0442\u0438\u0432\u0438\u0442\u0441\u044f \u0443\u0441\u0442\u0430\u043d\u043e\u0432\u043b\u0435\u043d\u0438\u044e \u0411\u043e\u0436\u0438\u044e; \u0430 \u043f\u0440\u043e\u0442\u0438\u0432\u044f\u0449\u0438\u0435\u0441\u044f \u0441\u0430\u043c\u0438 \u043d\u0430\u0432\u043b\u0435\u043a\u0443\u0442 \u043d\u0430 \u0441\u0435\u0431\u044f \u0441\u0443\u0434. <\/strong><\/em><em><strong>3 \u041d\u0435 \u0431\u043e\u0439\u0441\u044f \u043d\u0430\u0447\u0430\u043b\u044c\u0441\u0442\u0432\u0443\u044e\u0449\u0438\u0445 \u0437\u0430 \u0434\u043e\u0431\u0440\u043e, \u043a\u043e\u0442\u043e\u0440\u043e\u0435 \u0442\u044b \u0434\u0435\u043b\u0430\u0435\u0448\u044c, \u043d\u043e \u0437\u0430 \u0437\u043b\u043e, \u043a\u043e\u0442\u043e\u0440\u043e\u0435 \u0442\u044b \u0434\u0435\u043b\u0430\u0435\u0448\u044c. \u0418\u043b\u0438 \u0442\u044b \u043d\u0435 \u0445\u043e\u0447\u0435\u0448\u044c \u0431\u043e\u044f\u0442\u044c\u0441\u044f \u043d\u0430\u0447\u0430\u043b\u044c\u0441\u0442\u0432\u0430? \u0414\u0435\u043b\u0430\u0439 \u0434\u043e\u0431\u0440\u043e, \u0438 \u043f\u043e\u043b\u0443\u0447\u0438\u0448\u044c \u043f\u043e\u0445\u0432\u0430\u043b\u0443 \u043e\u0442 \u043d\u0435\u0451. <\/strong><\/em><em><strong>4 \u0418\u0431\u043e \u043e\u043d \u0435\u0441\u0442\u044c \u0411\u043e\u0436\u0438\u0439 \u0441\u043b\u0443\u0433\u0430, \u0442\u0435\u0431\u0435 \u043d\u0430 \u0434\u043e\u0431\u0440\u043e. \u0415\u0441\u043b\u0438 \u0436\u0435 \u0434\u0435\u043b\u0430\u0435\u0448\u044c \u0437\u043b\u043e, \u0431\u043e\u0439\u0441\u044f, \u0438\u0431\u043e \u043e\u043d \u043d\u0435 \u043d\u0430\u043f\u0440\u0430\u0441\u043d\u043e \u043d\u043e\u0441\u0438\u0442 \u043c\u0435\u0447, \u0438\u0431\u043e \u043e\u043d \u0435\u0441\u0442\u044c \u0411\u043e\u0436\u0438\u0439 \u0441\u043b\u0443\u0433\u0430, \u043c\u0441\u0442\u0438\u0442\u0435\u043b\u044c, \u0438\u0441\u043f\u043e\u043b\u043d\u0438\u0442\u0435\u043b\u044c \u0433\u043d\u0435\u0432\u0430 \u043f\u0440\u043e\u0442\u0438\u0432 \u0434\u0435\u043b\u0430\u044e\u0449\u0435\u0433\u043e \u0437\u043b\u043e. <\/strong><\/em><em><strong>5 \u0418\u0442\u0430\u043a \u0434\u043e\u043b\u0436\u043d\u043e \u043f\u043e\u0432\u0438\u043d\u043e\u0432\u0430\u0442\u044c\u0441\u044f \u043d\u0435 \u0442\u043e\u043b\u044c\u043a\u043e \u0440\u0430\u0434\u0438 \u0433\u043d\u0435\u0432\u0430, \u043d\u043e \u0438 \u043f\u043e \u0441\u043e\u0432\u0435\u0441\u0442\u0438. <\/strong><\/em><em><strong>6 \u0418\u0431\u043e \u0432\u044b \u0434\u043b\u044f \u0442\u043e\u0433\u043e \u0438 \u043f\u043b\u0430\u0442\u0438\u0442\u0435 \u043f\u043e\u0434\u0430\u0442\u0438, \u0447\u0442\u043e \u043e\u043d\u0438 \u2014 \u0411\u043e\u0436\u0438\u0438 \u0441\u043b\u0443\u0436\u0438\u0442\u0435\u043b\u0438, \u0434\u043b\u044f \u0441\u0435\u0433\u043e \u0441\u0430\u043c\u043e\u0433\u043e \u0438 \u0441\u043b\u0443\u0436\u0430\u0449\u0438\u0435. <\/strong><\/em><em><strong>7 \u041e\u0442\u0434\u0430\u0432\u0430\u0439\u0442\u0435 \u0432\u0441\u044f\u043a\u043e\u043c\u0443 \u0434\u043e\u043b\u0436\u043d\u043e\u0435: \u043a\u043e\u043c\u0443 \u043f\u043e\u0434\u0430\u0442\u044c, \u043f\u043e\u0434\u0430\u0442\u044c; \u043a\u043e\u043c\u0443 \u043e\u0431\u0440\u043e\u043a, \u043e\u0431\u0440\u043e\u043a; \u043a\u043e\u043c\u0443 \u0441\u0442\u0440\u0430\u0445, \u0441\u0442\u0440\u0430\u0445; \u043a\u043e\u043c\u0443 \u0447\u0435\u0441\u0442\u044c, \u0447\u0435\u0441\u0442\u044c.<\/strong><\/em><\/p>\t\t\t\t\t\t\t\t<\/div>\n\t\t\t\t<\/div>\n\t\t\t\t<div class=\"elementor-element elementor-element-01ce192 elementor-widget elementor-widget-text-editor\" data-id=\"01ce192\" data-element_type=\"widget\" data-widget_type=\"text-editor.default\">\n\t\t\t\t<div class=\"elementor-widget-container\">\n\t\t\t\t\t\t\t\t\t<p class=\"Standard\">\u0420\u0435\u0437\u0443\u043b\u044c\u0442\u0430\u0442 \u043d\u0430\u0440\u0443\u0448\u0435\u043d\u0438\u044f \u0411\u043e\u0436\u044c\u0438\u0445 \u0437\u0430\u043a\u043e\u043d\u043e\u0432 \u2013 \u0441\u043c\u0435\u0440\u0442\u044c, \u0440\u0430\u0437\u043b\u0443\u043a\u0430 \u0441 \u0411\u043e\u0433\u043e\u043c \u0438 \u0441\u0442\u0440\u0430\u0434\u0430\u043d\u0438\u044f. \u041d\u043e \u0434\u0430\u0440 \u0411\u043e\u0436\u0438\u0439, \u0434\u0430\u0440\u0443\u0435\u043c\u044b\u0439 \u0432\u0441\u0435\u043c \u0438 \u043a\u0430\u0436\u0434\u043e\u043c\u0443, \u2013 \u043f\u0440\u043e\u0449\u0435\u043d\u0438\u0435 \u0438 \u0432\u0435\u0447\u043d\u0430\u044f \u0436\u0438\u0437\u043d\u044c \u0447\u0435\u0440\u0435\u0437 \u043f\u0440\u0438\u0437\u043d\u0430\u043d\u0438\u0435 \u0415\u0433\u043e \u0421\u043e\u0432\u0435\u0440\u0448\u0435\u043d\u0441\u0442\u0432\u0430, \u0430 \u043d\u0430\u0448\u0435\u0433\u043e \u0437\u043b\u0430. \u041f\u0440\u0438\u0437\u043d\u0430\u0432\u0430\u044f, \u0447\u0442\u043e \u043c\u044b \u043f\u0440\u0438\u043d\u0438\u043c\u0430\u0435\u043c \u0415\u0433\u043e \u043f\u043e\u043c\u043e\u0449\u044c, \u0438 \u043f\u0440\u043e\u0441\u044f \u043f\u0440\u043e\u0449\u0435\u043d\u0438\u044f \u0437\u0430 \u043d\u0430\u0448\u0438 \u043f\u0440\u0435\u0441\u0442\u0443\u043f\u043b\u0435\u043d\u0438\u044f \u043d\u0430 \u043e\u0441\u043d\u043e\u0432\u0430\u043d\u0438\u0438 \u0436\u0435\u0440\u0442\u0432\u044b \u0418\u0438\u0441\u0443\u0441\u0430 \u0425\u0440\u0438\u0441\u0442\u0430. \u041f\u043e\u043b\u0443\u0447\u0438\u0432 \u043f\u0440\u043e\u0449\u0435\u043d\u0438\u0435, \u043c\u044b \u043e\u0431\u044f\u0437\u0443\u0435\u043c\u0441\u044f \u043f\u043e\u0432\u0438\u043d\u043e\u0432\u0430\u0442\u044c\u0441\u044f \u0421\u043e\u0437\u0434\u0430\u0442\u0435\u043b\u044e, \u0438\u0437\u0443\u0447\u0430\u044f \u0438 \u0443\u0432\u0430\u0436\u0430\u044f \u0415\u0433\u043e \u0437\u0430\u043a\u043e\u043d\u044b \u0432 \u043d\u043e\u0432\u043e\u0439 \u0436\u0438\u0437\u043d\u0438, \u043a\u043e\u0442\u043e\u0440\u0443\u044e \u041e\u043d \u043d\u0430\u043c \u043f\u0440\u0435\u0434\u043b\u0430\u0433\u0430\u0435\u0442.<\/p><p class=\"Standard\">\u0412 \u0418\u0437\u0440\u0430\u0438\u043b\u0435 \u0442\u044f\u0436\u043a\u0438\u0435 \u043f\u0440\u0435\u0441\u0442\u0443\u043f\u043b\u0435\u043d\u0438\u044f \u043f\u0443\u0431\u043b\u0438\u0447\u043d\u043e \u0440\u0430\u0441\u0441\u043c\u0430\u0442\u0440\u0438\u0432\u0430\u043b\u0438\u0441\u044c \u043e\u0442\u0432\u0435\u0442\u0441\u0442\u0432\u0435\u043d\u043d\u044b\u043c\u0438 \u043b\u044e\u0434\u044c\u043c\u0438 \u2013 \u0441\u0443\u0434\u044c\u044f\u043c\u0438, \u0438 \u043b\u044e\u0434\u0438 \u043f\u0443\u0431\u043b\u0438\u0447\u043d\u043e \u043d\u0430\u043a\u0430\u0437\u044b\u0432\u0430\u043b\u0438\u0441\u044c. \u042d\u0442\u043e \u0431\u044b\u043b\u043e \u0441\u0434\u0435\u043b\u0430\u043d\u043e \u0434\u043b\u044f \u0442\u043e\u0433\u043e, \u0447\u0442\u043e\u0431\u044b \u043f\u0440\u0435\u0434\u043e\u0442\u0432\u0440\u0430\u0442\u0438\u0442\u044c \u0432\u043e\u0441\u0441\u0442\u0430\u043d\u0438\u0435 \u0432\u0441\u0435\u0433\u043e \u0438\u0437\u0440\u0430\u0438\u043b\u044c\u0441\u043a\u043e\u0433\u043e \u043e\u0431\u0449\u0435\u0441\u0442\u0432\u0430 \u0438, \u0441\u043b\u0435\u0434\u043e\u0432\u0430\u0442\u0435\u043b\u044c\u043d\u043e, \u0411\u043e\u0436\u0438\u0439 \u0441\u0443\u0434. \u0411\u043e\u0433 \u0421\u0432\u044f\u0442, \u0421\u043e\u0432\u0435\u0440\u0448\u0435\u043d \u0438 \u043f\u0440\u0435\u0431\u044b\u0432\u0430\u0435\u0442 \u0432 \u0432\u0435\u043b\u0438\u043a\u043e\u043c \u043e\u0433\u043d\u0435 \u043b\u044e\u0431\u0432\u0438. \u0412\u0441\u0451 \u0432 \u0415\u0433\u043e \u043f\u0440\u0438\u0441\u0443\u0442\u0441\u0442\u0432\u0438\u0438 \u043e\u0442\u043a\u0440\u044b\u0442\u043e, \u0438 \u0437\u043b\u043e \u0441\u0433\u043e\u0440\u0438\u0442 \u0432 \u0415\u0433\u043e \u043e\u0433\u043d\u0435.<\/p><p class=\"Standard\">\u0414\u043b\u044f \u043d\u0430\u0441 \u044d\u0442\u043e \u043e\u0437\u043d\u0430\u0447\u0430\u0435\u0442 \u0443\u0432\u0430\u0436\u0435\u043d\u0438\u0435 \u043a \u0432\u043b\u0430\u0441\u0442\u044f\u043c \u043e\u0442\u0434\u0435\u043b\u044c\u043d\u044b\u0445 \u0433\u043e\u0441\u0443\u0434\u0430\u0440\u0441\u0442\u0432, \u043a\u043e\u0442\u043e\u0440\u044b\u043c \u0411\u043e\u0433 \u0434\u043e\u0432\u0435\u0440\u0438\u043b \u044d\u0442\u043e\u0442 \u0441\u0443\u0434 \u0438 \u043d\u0430\u043a\u0430\u0437\u0430\u043d\u0438\u0435. \u0423\u0432\u0430\u0436\u0430\u0442\u044c \u0411\u043e\u0436\u044c\u0438 \u0437\u0430\u043a\u043e\u043d\u044b \u2013 \u0434\u0435\u043b\u043e \u043a\u0430\u0436\u0434\u043e\u0433\u043e \u043f\u0440\u0430\u0432\u0438\u0442\u0435\u043b\u044c\u0441\u0442\u0432\u0430, \u0430 \u0437\u0430\u0442\u0435\u043c \u0438 \u0441\u0443\u0434\u0435\u0439.<\/p><p class=\"Standard\">\u0411\u043e\u0433 \u043d\u0435 \u0436\u0435\u043b\u0430\u0435\u0442, \u0447\u0442\u043e\u0431\u044b \u043f\u0440\u0435\u0441\u0442\u0443\u043f\u043d\u0438\u043a\u0438 \u043f\u043e\u0433\u0438\u0431\u043b\u0438, \u043d\u043e \u0447\u0442\u043e\u0431\u044b \u043e\u043d\u0438 \u043f\u0440\u0438\u0448\u043b\u0438 \u0432 \u0441\u0435\u0431\u044f, \u0438\u0441\u043f\u0440\u0430\u0432\u0438\u043b\u0438\u0441\u044c \u0438 \u0441\u043c\u043e\u0433\u043b\u0438 \u0436\u0438\u0442\u044c \u0431\u043b\u0430\u0433\u043e\u0434\u0430\u0442\u044c\u044e \u0411\u043e\u0436\u0438\u0435\u0439. \u0418\u0437\u0432\u0435\u0441\u0442\u043d\u0430 \u0438\u0441\u0442\u043e\u0440\u0438\u044f \u043e \u0436\u0435\u043d\u0449\u0438\u043d\u0435, \u0432\u0437\u044f\u0442\u043e\u0439 \u0432 \u043f\u0440\u0435\u043b\u044e\u0431\u043e\u0434\u0435\u044f\u043d\u0438\u0438. \u0415\u0451 \u0445\u043e\u0442\u0435\u043b\u0438 \u043f\u043e\u0431\u0438\u0442\u044c \u043a\u0430\u043c\u043d\u044f\u043c\u0438 \u043f\u043e \u0437\u0430\u043a\u043e\u043d\u0443 \u0411\u043e\u0436\u044c\u0435\u043c\u0443 \u0438 \u043f\u0440\u0438\u0432\u0435\u043b\u0438 \u043a \u0418\u0438\u0441\u0443\u0441\u0443. \u041e\u043d \u0441\u043a\u0430\u0437\u0430\u043b: \u00ab\u041a\u0442\u043e \u0431\u0435\u0437 \u0433\u0440\u0435\u0445\u0430, \u043f\u0443\u0441\u0442\u044c \u043f\u0435\u0440\u0432\u044b\u0439 \u0431\u0440\u043e\u0441\u0438\u0442 \u043a\u0430\u043c\u0435\u043d\u044c\u00bb. \u041a\u043e\u0433\u0434\u0430 \u043e\u043d\u0430 \u043e\u0441\u0442\u0430\u043b\u0430\u0441\u044c \u043e\u0434\u043d\u0430, \u0438 \u0432\u0441\u0435 \u0443\u0448\u043b\u0438, \u041e\u043d \u0441\u043a\u0430\u0437\u0430\u043b: \u00ab\u041d\u0438\u043a\u0442\u043e \u0442\u0435\u0431\u044f \u043d\u0435 \u043e\u0441\u0443\u0434\u0438\u043b? \u0418 \u042f \u0442\u0435\u0431\u044f \u043d\u0435 \u043e\u0441\u0443\u0436\u0434\u0430\u044e; \u0438\u0434\u0438 \u0438 \u0432\u043f\u0440\u0435\u0434\u044c \u043d\u0435 \u0433\u0440\u0435\u0448\u0438\u00bb. \u0411\u043e\u0433 \u044f\u0432\u043b\u044f\u0435\u0442 \u0421\u0435\u0431\u044f \u043d\u0430\u043c \u043a\u0430\u043a \u043f\u0440\u0430\u0432\u0435\u0434\u043d\u0438\u043a, \u0432\u043e\u0437\u043d\u0430\u0433\u0440\u0430\u0436\u0434\u0430\u044e\u0449\u0438\u0439 \u0437\u0430 \u0434\u043e\u0431\u0440\u043e \u0438 \u043d\u0430\u043a\u0430\u0437\u044b\u0432\u0430\u044e\u0449\u0438\u0439 \u0437\u0430 \u0437\u043b\u043e, \u043d\u043e \u043c\u0438\u043b\u043e\u0441\u0442\u0438\u0432\u044b\u0439 \u043a \u0441\u043e\u043a\u0440\u0443\u0448\u0451\u043d\u043d\u044b\u043c. \u0411\u043e\u0433 \u0433\u043e\u0440\u0434\u044b\u043c \u043f\u0440\u043e\u0442\u0438\u0432\u0438\u0442\u0441\u044f, \u0430 \u0441\u043c\u0438\u0440\u0435\u043d\u043d\u044b\u043c \u0434\u0430\u0451\u0442 \u0431\u043b\u0430\u0433\u043e\u0434\u0430\u0442\u044c. \u0411\u043e\u0433 \u043d\u0435 \u043e\u0442\u043c\u0435\u043d\u0438\u043b \u0437\u0430\u043a\u043e\u043d, \u043d\u043e \u043f\u0440\u0438\u0448\u0451\u043b \u0438\u0441\u043f\u043e\u043b\u043d\u0438\u0442\u044c \u0435\u0433\u043e \u0447\u0435\u0440\u0435\u0437 \u0413\u043e\u0441\u043f\u043e\u0434\u0430 \u0418\u0438\u0441\u0443\u0441\u0430.<\/p>\t\t\t\t\t\t\t\t<\/div>\n\t\t\t\t<\/div>\n\t\t\t\t<div class=\"elementor-element elementor-element-489c43a elementor-widget elementor-widget-text-editor\" data-id=\"489c43a\" data-element_type=\"widget\" data-widget_type=\"text-editor.default\">\n\t\t\t\t<div class=\"elementor-widget-container\">\n\t\t\t\t\t\t\t\t\t<p class=\"Standard\"><em><strong>11<span style=\"color: #1e293b;\">\u00a0<\/span>\u0421\u043a\u0430\u0436\u0438 \u0438\u043c: \u0436\u0438\u0432\u0443 \u042f, \u0433\u043e\u0432\u043e\u0440\u0438\u0442 \u0413\u043e\u0441\u043f\u043e\u0434\u044c \u0411\u043e\u0433: \u043d\u0435 \u0445\u043e\u0447\u0443 \u0441\u043c\u0435\u0440\u0442\u0438 \u0433\u0440\u0435\u0448\u043d\u0438\u043a\u0430, \u043d\u043e \u0447\u0442\u043e\u0431\u044b \u0433\u0440\u0435\u0448\u043d\u0438\u043a \u043e\u0431\u0440\u0430\u0442\u0438\u043b\u0441\u044f \u043e\u0442 \u043f\u0443\u0442\u0438 \u0441\u0432\u043e\u0435\u0433\u043e \u0438 \u0436\u0438\u0432 \u0431\u044b\u043b. \u041e\u0431\u0440\u0430\u0442\u0438\u0442\u0435\u0441\u044c, \u043e\u0431\u0440\u0430\u0442\u0438\u0442\u0435\u0441\u044c \u043e\u0442 \u0437\u043b\u044b\u0445 \u043f\u0443\u0442\u0435\u0439 \u0432\u0430\u0448\u0438\u0445!\u00a0<\/strong><\/em><\/p><p class=\"Standard\"><em><strong>\u0418\u0435\u0437\u0435\u043a\u0438\u0438\u043b\u044c 33<\/strong><\/em><\/p>\t\t\t\t\t\t\t\t<\/div>\n\t\t\t\t<\/div>\n\t\t\t\t<div class=\"elementor-element elementor-element-752a029 elementor-widget elementor-widget-text-editor\" data-id=\"752a029\" data-element_type=\"widget\" data-widget_type=\"text-editor.default\">\n\t\t\t\t<div class=\"elementor-widget-container\">\n\t\t\t\t\t\t\t\t\t<p class=\"Standard\"><em><strong>23<span style=\"color: #1e293b;\">\u00a0<\/span>\u0418\u0431\u043e \u0432\u043e\u0437\u043c\u0435\u0437\u0434\u0438\u0435 \u0437\u0430 \u0433\u0440\u0435\u0445 \u2014 \u0441\u043c\u0435\u0440\u0442\u044c, \u0430 \u0434\u0430\u0440 \u0431\u043b\u0430\u0433\u043e\u0434\u0430\u0442\u0438 \u0411\u043e\u0436\u0438\u0435\u0439 \u2014 \u0436\u0438\u0437\u043d\u044c \u0432\u0435\u0447\u043d\u0430\u044f \u0432\u043e \u0425\u0440\u0438\u0441\u0442\u0435 \u0418\u0438\u0441\u0443\u0441\u0435, \u0413\u043e\u0441\u043f\u043e\u0434\u0435 \u043d\u0430\u0448\u0435\u043c.<\/strong><\/em><\/p><p class=\"Standard\"><em><strong>\u0420\u0438\u043c\u043b\u044f\u043d\u0430\u043c 6<\/strong><\/em><\/p>\t\t\t\t\t\t\t\t<\/div>\n\t\t\t\t<\/div>\n\t\t\t\t\t<\/div>\n\t\t\t\t<\/div>\n\t\t\t\t\t<\/div>\n\t\t\t\t<\/div>\n\t\t\t\t<\/div>","protected":false},"excerpt":{"rendered":"<p>cti otca a matku a bude\u0161 dobre a dlho \u017ei\u0165 na zemi &#8222;Cti svojho otca a svoju matku, ako ti prik\u00e1zal Hospodin, tvoj Boh, aby si dlho \u017eil a dobre sa ti vodilo v krajine, ktor\u00fa ti d\u00e1va Hospodin, tvoj Boh!&#8220; 5. Moj\u017ei\u0161ova 5,16 Ma\u0165 v \u00facte rodi\u010dov, cez ktor\u00fdch n\u00e1m Boh daroval \u017eivot. Ma\u0165 [&hellip;]<\/p>","protected":false},"author":1,"featured_media":0,"parent":0,"menu_order":0,"comment_status":"closed","ping_status":"closed","template":"","meta":{"site-sidebar-layout":"no-sidebar","site-content-layout":"page-builder","ast-site-content-layout":"full-width-container","site-content-style":"unboxed","site-sidebar-style":"unboxed","ast-global-header-display":"","ast-banner-title-visibility":"","ast-main-header-display":"","ast-hfb-above-header-display":"","ast-hfb-below-header-display":"","ast-hfb-mobile-header-display":"","site-post-title":"disabled","ast-breadcrumbs-content":"","ast-featured-img":"disabled","footer-sml-layout":"disabled","theme-transparent-header-meta":"enabled","adv-header-id-meta":"","stick-header-meta":"","header-above-stick-meta":"","header-main-stick-meta":"","header-below-stick-meta":"","astra-migrate-meta-layouts":"set","ast-page-background-enabled":"default","ast-page-background-meta":{"desktop":{"background-color":"var(--ast-global-color-4)","background-image":"","background-repeat":"repeat","background-position":"center center","background-size":"auto","background-attachment":"scroll","background-type":"","background-media":"","overlay-type":"","overlay-color":"","overlay-opacity":"","overlay-gradient":""},"tablet":{"background-color":"","background-image":"","background-repeat":"repeat","background-position":"center center","background-size":"auto","background-attachment":"scroll","background-type":"","background-media":"","overlay-type":"","overlay-color":"","overlay-opacity":"","overlay-gradient":""},"mobile":{"background-color":"","background-image":"","background-repeat":"repeat","background-position":"center center","background-size":"auto","background-attachment":"scroll","background-type":"","background-media":"","overlay-type":"","overlay-color":"","overlay-opacity":"","overlay-gradient":""}},"ast-content-background-meta":{"desktop":{"background-color":"var(--ast-global-color-5)","background-image":"","background-repeat":"repeat","background-position":"center center","background-size":"auto","background-attachment":"scroll","background-type":"","background-media":"","overlay-type":"","overlay-color":"","overlay-opacity":"","overlay-gradient":""},"tablet":{"background-color":"var(--ast-global-color-5)","background-image":"","background-repeat":"repeat","background-position":"center center","background-size":"auto","background-attachment":"scroll","background-type":"","background-media":"","overlay-type":"","overlay-color":"","overlay-opacity":"","overlay-gradient":""},"mobile":{"background-color":"var(--ast-global-color-5)","background-image":"","background-repeat":"repeat","background-position":"center center","background-size":"auto","background-attachment":"scroll","background-type":"","background-media":"","overlay-type":"","overlay-color":"","overlay-opacity":"","overlay-gradient":""}},"footnotes":""},"class_list":["post-2171","page","type-page","status-publish","hentry"],"_links":{"self":[{"href":"http:\/\/acodalej.sk\/ru\/wp-json\/wp\/v2\/pages\/2171","targetHints":{"allow":["GET"]}}],"collection":[{"href":"http:\/\/acodalej.sk\/ru\/wp-json\/wp\/v2\/pages"}],"about":[{"href":"http:\/\/acodalej.sk\/ru\/wp-json\/wp\/v2\/types\/page"}],"author":[{"embeddable":true,"href":"http:\/\/acodalej.sk\/ru\/wp-json\/wp\/v2\/users\/1"}],"replies":[{"embeddable":true,"href":"http:\/\/acodalej.sk\/ru\/wp-json\/wp\/v2\/comments?post=2171"}],"version-history":[{"count":0,"href":"http:\/\/acodalej.sk\/ru\/wp-json\/wp\/v2\/pages\/2171\/revisions"}],"wp:attachment":[{"href":"http:\/\/acodalej.sk\/ru\/wp-json\/wp\/v2\/media?parent=2171"}],"curies":[{"name":"wp","href":"https:\/\/api.w.org\/{rel}","templated":true}]}}