{"id":1725,"date":"2023-11-27T04:51:16","date_gmt":"2023-11-27T04:51:16","guid":{"rendered":"http:\/\/acodalej.sk\/?page_id=1725"},"modified":"2024-01-01T23:06:10","modified_gmt":"2024-01-01T23:06:10","slug":"zrod-narodov","status":"publish","type":"page","link":"http:\/\/acodalej.sk\/zh\/zrod-narodov\/","title":{"rendered":"Zrod n\u00e1rodov"},"content":{"rendered":"<div data-elementor-type=\"wp-page\" data-elementor-id=\"1725\" class=\"elementor elementor-1725\">\n\t\t\t\t<div class=\"has_eae_slider elementor-element elementor-element-d8b4f61 e-flex e-con-boxed e-con e-parent\" data-eae-slider=\"47656\" data-id=\"d8b4f61\" data-element_type=\"container\" data-settings=\"{&quot;background_background&quot;:&quot;classic&quot;}\">\n\t\t\t\t\t<div class=\"e-con-inner\">\n\t\t<div class=\"has_eae_slider elementor-element elementor-element-a08d00b e-con-full e-flex e-con e-child\" data-eae-slider=\"54656\" data-id=\"a08d00b\" data-element_type=\"container\">\n\t\t\t\t<div class=\"elementor-element elementor-element-f6df33e elementor-widget elementor-widget-heading\" data-id=\"f6df33e\" data-element_type=\"widget\" data-widget_type=\"heading.default\">\n\t\t\t\t<div class=\"elementor-widget-container\">\n\t\t\t\t\t<h1 class=\"elementor-heading-title elementor-size-default\">\u56fd\u5bb6\u7684\u8bde\u751f\u2014\u2014\u65cf\u957f<\/h1>\t\t\t\t<\/div>\n\t\t\t\t<\/div>\n\t\t\t\t<\/div>\n\t\t\t\t\t<\/div>\n\t\t\t\t<\/div>\n\t\t<div class=\"has_eae_slider elementor-element elementor-element-57b8215 e-flex e-con-boxed e-con e-parent\" data-eae-slider=\"99979\" data-id=\"57b8215\" data-element_type=\"container\" data-settings=\"{&quot;background_background&quot;:&quot;classic&quot;}\">\n\t\t\t\t\t<div class=\"e-con-inner\">\n\t\t\t\t<div class=\"elementor-element elementor-element-1aa621b elementor-widget elementor-widget-heading\" data-id=\"1aa621b\" data-element_type=\"widget\" data-widget_type=\"heading.default\">\n\t\t\t\t<div class=\"elementor-widget-container\">\n\t\t\t\t\t<h2 class=\"elementor-heading-title elementor-size-default\">\u521b\u4e16\u7eaa<\/h2>\t\t\t\t<\/div>\n\t\t\t\t<\/div>\n\t\t\t\t<div class=\"elementor-element elementor-element-6d6928f elementor-tabs-view-horizontal elementor-widget elementor-widget-tabs\" data-id=\"6d6928f\" data-element_type=\"widget\" data-widget_type=\"tabs.default\">\n\t\t\t\t<div class=\"elementor-widget-container\">\n\t\t\t\t\t\t\t<div class=\"elementor-tabs\">\n\t\t\t<div class=\"elementor-tabs-wrapper\" role=\"tablist\" >\n\t\t\t\t\t\t\t\t\t<div id=\"elementor-tab-title-1141\" class=\"elementor-tab-title elementor-tab-desktop-title\" aria-selected=\"true\" data-tab=\"1\" role=\"tab\" tabindex=\"0\" aria-controls=\"elementor-tab-content-1141\" aria-expanded=\"false\">\u7b2c\u5341\u7ae0<\/div>\n\t\t\t\t\t\t\t\t\t<div id=\"elementor-tab-title-1142\" class=\"elementor-tab-title elementor-tab-desktop-title\" aria-selected=\"false\" data-tab=\"2\" role=\"tab\" tabindex=\"-1\" aria-controls=\"elementor-tab-content-1142\" aria-expanded=\"false\">\u7b2c\u5341\u4e00\u7ae0<\/div>\n\t\t\t\t\t\t\t<\/div>\n\t\t\t<div class=\"elementor-tabs-content-wrapper\" role=\"tablist\" aria-orientation=\"vertical\">\n\t\t\t\t\t\t\t\t\t<div class=\"elementor-tab-title elementor-tab-mobile-title\" aria-selected=\"true\" data-tab=\"1\" role=\"tab\" tabindex=\"0\" aria-controls=\"elementor-tab-content-1141\" aria-expanded=\"false\">\u7b2c\u5341\u7ae0<\/div>\n\t\t\t\t\t<div id=\"elementor-tab-content-1141\" class=\"elementor-tab-content elementor-clearfix\" data-tab=\"1\" role=\"tabpanel\" aria-labelledby=\"elementor-tab-title-1141\" tabindex=\"0\" hidden=\"false\"><p>1\u632a\u4e9a\u7684\u513f\u5b50\u95ea\u3001\u542b\u3001\u96c5\u5f17\u7684\u540e\u4ee3\u8bb0\u5728\u4e0b\u9762\u3002\u6d2a\u6c34\u4ee5\u540e\uff0c\u4ed6\u4eec\u90fd\u751f\u4e86\u513f\u5b50\u30022\u96c5\u5f17\u7684\u513f\u5b50\u662f\u6b4c\u7bfe\u3001\u739b\u5404\u3001\u739b\u4ee3\u3001\u96c5\u5b8c\u3001\u571f\u5df4\u3001\u7c73\u8bbe\u3001\u63d0\u62c9\u30023\u6b4c\u7bfe\u7684\u513f\u5b50\u662f\u4e9a\u5b9e\u57fa\u62ff\u3001\u5229\u6cd5\u3001\u9640\u8fe6\u739b\u30024\u96c5\u5b8c\u7684\u513f\u5b50\u662f\u4ee5\u5229\u6c99\u3001\u4ed6\u65bd\u3001\u57fa\u63d0\u3001\u591a\u5355\u30025\u4ece\u8fd9\u4e9b\u4eba\u8d77\uff0c\u4f17\u6d77\u5c9b\u5206\u6563\u5f00\u6765\uff0c\u5404\u6709\u5404\u7684\u8bed\u8a00\u3001\u5b97\u65cf\u3001\u56fd\u5bb6\u30026\u542b\u7684\u513f\u5b50\u662f\u53e4\u5b9e\u3001\u9ea6\u897f\u3001\u5f17\u3001\u8fe6\u5357\u30027\u53e4\u5b9e\u7684\u513f\u5b50\u662f\u897f\u5df4\u3001\u54c8\u8153\u62c9\u3001\u6492\u5f17\u4ed6\u3001\u62c9\u739b\u3001\u6492\u5f17\u63d0\u8fe6\u3002\u62c9\u739b\u7684\u513f\u5b50\u662f\u793a\u5df4\u548c\u5e95\u4f46\u30028\u53e4\u5b9e\u751f\u4e86\u5b81\u5f55\uff0c\u4ed6\u662f\u4e16\u4e0a\u7b2c\u4e00\u4e2a\u52c7\u58eb\u3002 9\u4ed6\u5728\u8036\u548c\u534e\u9762\u524d\u662f\u4e2a\u82f1\u52c7\u7684\u730e\u6237\u3002\u56e0\u6b64\u6709\u8bdd\u8bf4\uff1a\u201c\u50cf\u5b81\u5f55\u5728\u8036\u548c\u534e\u9762\u524d\u662f\u4e2a\u82f1\u52c7\u7684\u730e\u6237\u3002\u201d10\u4ed6\u56fd\u7684\u8d77\u5934\uff0c\u662f\u5728\u793a\u62ff\u5730\u7684\u5df4\u522b\u3001\u4ee5\u529b\u3001\u4e9a\u7532\u3001\u7532\u5c3c\u300211\u4ed6\u4ece\u90a3\u5730\u51fa\u53bb\u5230\u4e9a\u8ff0\uff0c\u5efa\u9020\u4e86\u5c3c\u5c3c\u5fae\u3001\u5229\u6cb3\u4f2f\u3001\u8fe6\u62c9\uff0c12\u4ee5\u53ca\u5c3c\u5c3c\u5fae\u3001\u8fe6\u62c9\u4e4b\u95f4\u7684\u5229\u9c9c\uff0c\u5c31\u662f\u90a3\u5ea7\u5927\u57ce\u300213\u7c73\u897f\u751f\u4e86\u8def\u5fb7\u3001\u4e9a\u5357\u3001\u5229\u62bc\u3001\u62ff\u5f17\u571f\u300114\u5e15\u7279\u9c81\u3001\u8fe6\u65af\u8def\uff1b\u975e\u5229\u58eb\u4eba\u548c\u8fe6\u6590\u6258\u4eba\u90fd\u662f\u4ece\u8fe6\u65af\u8def\u51fa\u6765\u7684\u300215\u8fe6\u5357\u751f\u4e86\u4ed6\u7684\u957f\u5b50\u897f\u987f\u548c\u8d6b\uff0c16\u53c8\u751f\u4e86\u8036\u5e03\u65af\u4eba\u3001\u4e9a\u6469\u5229\u4eba\u3001\u9769\u8fe6\u6492\u4eba\u300117\u5e0c\u672a\u4eba\u3001\u4e9a\u57fa\u4eba\u3001\u897f\u5c3c\u4eba\u300118\u4e9a\u74e6\u5e95\u4eba\u3001\u6d17\u739b\u5229\u4eba\u548c\u54c8\u9a6c\u4eba\u3002\u8fe6\u5357\u4eba\u7684\u8bf8\u65cf\u5206\u6563\u5f00\u6765\u300219\u8fe6\u5357\u4eba\u7684\u7586\u754c\u4ece\u897f\u987f\u5230\u57fa\u62c9\u8033\uff0c\u8fdc\u5230\u8fe6\u8428\uff0c\u53c8\u5230\u6240\u591a\u739b\u3001\u86fe\u6469\u62c9\u3001\u62bc\u739b\u3001\u6d17\u6241\uff0c\u76f4\u5230\u62c9\u6c99\u300220\u4ee5\u4e0a\u662f\u542b\u7684\u4f17\u5b50\uff0c\u5404\u6709\u4ed6\u4eec\u7684\u5b97\u65cf\u3001\u65b9\u8a00\u3001\u5730\u571f\u3001\u90a6\u56fd\u300221\u95ea\u662f\u5e0c\u4f2f\u4f17\u5b50\u4e4b\u7956\uff0c\u4ed6\u662f\u96c5\u5f17\u7684\u54e5\u54e5\uff0c\u4ed6\u4e5f\u751f\u4e86\u513f\u5b50\u300222\u95ea\u7684\u513f\u5b50\u662f\u4ee5\u62e6\u3001\u4e9a\u8ff0\u3001\u4e9a\u6cd5\u6492\u3001\u8def\u5fb7\u3001\u4e9a\u5170\u300223\u4e9a\u5170\u7684\u513f\u5b50\u662f\u4e4c\u65af\u3001\u5c45\u5c14\u3001\u57fa\u5e16\u3001\u739b\u65bd\u300224\u4e9a\u6cd5\u6492\u751f\u6c99\u62c9\uff0c\u6c99\u62c9\u751f\u5e0c\u4f2f\u300225\u5e0c\u4f2f\u751f\u4e86\u4e24\u4e2a\u513f\u5b50\uff0c\u4e00\u4e2a\u540d\u53eb\u6cd5\u52d2\uff0c\u56e0\u4e3a\u5728\u4ed6\u7684\u65e5\u5b50\uff0c\u5730\u88ab\u5206\u5f00\uff1b\u4ed6\u7684\u5144\u5f1f\u540d\u53eb\u7ea6\u574d\u3002 26\u7ea6\u574d\u751f\u4e86\u4e9a\u6469\u7b54\u3001\u6c99\u5217\u3001\u54c8\u8428\u739b\u975e\u3001\u96c5\u62c9\u300127\u54c8\u591a\u5170\u3001\u4e4c\u8428\u3001\u5fb7\u62c9\u300128\u4fc4\u5df4\u8def\u3001\u4e9a\u6bd4\u739b\u5229\u3001\u793a\u5df4\u300129\u963f\u6590\u3001\u54c8\u8153\u62c9\u548c\u7ea6\u5df4\u3002\u8fd9\u90fd\u662f\u7ea6\u574d\u7684\u513f\u5b50\u300230\u4ed6\u4eec\u7684\u4f4f\u5904\u4ece\u7c73\u6c99\u5230\u897f\u53d1\uff0c\u76f4\u5230\u4e1c\u5c71\u300231\u8fd9\u4e9b\u90fd\u662f\u95ea\u7684\u5b50\u5b59\uff0c\u5404\u968f\u81ea\u5df1\u7684\u5b97\u65cf\u3001\u65b9\u8a00\u3001\u90a6\u56fd\uff0c\u4f4f\u5728\u81ea\u5df1\u7684\u5730\u4e0a\u300232\u8fd9\u4e9b\u90fd\u662f\u632a\u4e9a\u513f\u5b50\u7684\u5b97\u65cf\uff0c\u5404\u968f\u81ea\u5df1\u7684\u5b97\u65cf\u3001\u90a6\u56fd\u3002\u6d2a\u6c34\u4ee5\u540e\uff0c\u8fd9\u4e9b\u4eba\u5728\u5730\u4e0a\u5206\u6210\u4e86\u56fd\u65cf\u3002<\/p><\/div>\n\t\t\t\t\t\t\t\t\t<div class=\"elementor-tab-title elementor-tab-mobile-title\" aria-selected=\"false\" data-tab=\"2\" role=\"tab\" tabindex=\"-1\" aria-controls=\"elementor-tab-content-1142\" aria-expanded=\"false\">\u7b2c\u5341\u4e00\u7ae0<\/div>\n\t\t\t\t\t<div id=\"elementor-tab-content-1142\" class=\"elementor-tab-content elementor-clearfix\" data-tab=\"2\" role=\"tabpanel\" aria-labelledby=\"elementor-tab-title-1142\" tabindex=\"0\" hidden=\"hidden\"><p>1\u90a3\u65f6\uff0c\u5168\u5730\u53ea\u6709\u4e00\u79cd\u8bed\u8a00\u548c\u4e00\u79cd\u8a00\u8bed\u30022\u5f53\u4eba\u4eec\u4ece\u4e1c\u65b9\u8fc1\u5f99\u5230\u793a\u62ff\u5730\u65f6\uff0c\u4ed6\u4eec\u5728\u793a\u62ff\u5730\u9047\u89c1\u4e00\u7247\u5e73\u539f\uff0c\u5c31\u4f4f\u5728\u90a3\u91cc\u30023\u4ed6\u4eec\u5f7c\u6b64\u5546\u91cf\u8bf4\uff1a\u201c\u6765\u5427\uff0c\u6211\u4eec\u505a\u7816\u70e7\u5236\u5427\uff01\u201d\u4ed6\u4eec\u7528\u7816\u4ee3\u66ff\u77f3\u5934\uff0c\u7528\u6ca5\u9752\u4ee3\u66ff\u7070\u6ce5\u30024\u4ed6\u4eec\u53c8\u8bf4\uff1a\u201c\u6765\u5427\uff0c\u6211\u4eec\u8981\u5efa\u9020\u4e00\u5ea7\u57ce\u548c\u4e00\u5ea7\u5854\uff0c\u5854\u9876\u901a\u5929\uff0c\u4e3a\u8981\u4f20\u626c\u6211\u4eec\u7684\u540d\uff0c\u514d\u5f97\u6211\u4eec\u5206\u6563\u5728\u5168\u5730\u4e0a\u3002\u201d5\u8036\u548c\u534e\u964d\u4e34\uff0c\u8981\u770b\u770b\u767e\u59d3\u6240\u5efa\u9020\u7684\u57ce\u548c\u5854\u30026\u8036\u548c\u534e\u8bf4\uff1a\u201c\u4ed6\u4eec\u540c\u5c5e\u4e00\u4e2a\u6c11\u65cf\uff0c\u90fd\u8bf4\u4e00\u79cd\u8bed\u8a00\u3002\u8fd9\u4e0d\u8fc7\u662f\u4ed6\u4eec\u8981\u505a\u7684\u4e8b\u7684\u5f00\u59cb\uff0c\u4ee5\u540e\u5c31\u6ca1\u6709\u4ec0\u4e48\u80fd\u963b\u6b62\u4ed6\u4eec\u4e86\u30027\u6765\u5427\uff0c\u6211\u4eec\u4e0b\u53bb\u53d8\u4e71\u4ed6\u4eec\u7684\u8bed\u8a00\uff0c\u4f7f\u4ed6\u4eec\u7684\u8a00\u8bed\u5f7c\u6b64\u4e0d\u901a\u3002\u201d8\u4e8e\u662f\uff0c\u8036\u548c\u534e\u5c06\u4ed6\u4eec\u4ece\u90a3\u91cc\u5206\u6563\u5728\u5168\u5730\u4e0a\uff0c\u4ed6\u4eec\u5c31\u505c\u6b62\u5efa\u9020\u90a3\u5ea7\u57ce\u4e86\u3002 9\u56e0\u6b64\u90a3\u57ce\u540d\u53eb\u5df4\u522b\uff0c\u56e0\u4e3a\u8036\u548c\u534e\u5728\u90a3\u91cc\u53d8\u4e71\u4e86\u5168\u5730\u4eba\u7684\u8a00\u8bed\uff0c\u53c8\u5c06\u4ed6\u4eec\u5206\u6563\u5728\u5168\u5730\u4e0a\u300210\u95ea\u7684\u540e\u4ee3\u8bb0\u5728\u4e0b\u9762\uff1a\u6d2a\u6c34\u4ee5\u540e\u4e8c\u5e74\uff0c\u95ea\u4e00\u767e\u5c81\uff0c\u751f\u4e86\u4e9a\u6cd5\u6492\u300211\u751f\u4e9a\u6cd5\u6492\u4e4b\u540e\uff0c\u95ea\u53c8\u6d3b\u4e86\u4e94\u767e\u5e74\uff0c\u5e76\u4e14\u751f\u513f\u517b\u5973\u300212\u4e9a\u6cd5\u6492\u4e09\u5341\u4e94\u5c81\u751f\u4e86\u6c99\u62c9\u300213\u4e9a\u6cd5\u6492\u751f\u6c99\u62c9\u4e4b\u540e\uff0c\u53c8\u6d3b\u4e86\u56db\u767e\u96f6\u4e09\u5e74\uff0c\u5e76\u4e14\u751f\u513f\u517b\u5973\u300214\u6c99\u62c9\u4e09\u5341\u5c81\u751f\u4e86\u5e0c\u4f2f\u300215\u6c99\u62c9\u751f\u5e0c\u4f2f\u4e4b\u540e\uff0c\u53c8\u6d3b\u4e86\u56db\u767e\u96f6\u4e09\u5e74\uff0c\u5e76\u4e14\u751f\u513f\u517b\u5973\u300216\u5e0c\u4f2f\u4e09\u5341\u56db\u5c81\u751f\u4e86\u6cd5\u52d2\u3002 17\u5e0c\u4f2f\u751f\u6cd5\u52d2\u4e4b\u540e\uff0c\u53c8\u6d3b\u4e86\u56db\u767e\u4e09\u5341\u5e74\uff0c\u5e76\u4e14\u751f\u513f\u517b\u5973\u300218\u6cd5\u52d2\u4e09\u5341\u5c81\u751f\u4e86\u62c9\u5434\u300219\u6cd5\u52d2\u751f\u62c9\u5434\u4e4b\u540e\uff0c\u53c8\u6d3b\u4e86\u4e8c\u767e\u96f6\u4e5d\u5e74\uff0c\u5e76\u4e14\u751f\u513f\u517b\u5973\u300220\u62c9\u5434\u4e09\u5341\u4e8c\u5c81\u751f\u4e86\u897f\u9e7f\u300221\u62c9\u5434\u751f\u897f\u9e7f\u4e4b\u540e\uff0c\u53c8\u6d3b\u4e86\u4e8c\u767e\u96f6\u4e03\u5e74\uff0c\u5e76\u4e14\u751f\u513f\u517b\u5973\u300222\u897f\u9e7f\u4e09\u5341\u5c81\u751f\u4e86\u62ff\u9e64\u300223\u897f\u9e7f\u751f\u62ff\u9e64\u4e4b\u540e\uff0c\u53c8\u6d3b\u4e86\u4e8c\u767e\u5e74\uff0c\u5e76\u4e14\u751f\u513f\u517b\u5973\u300224\u62ff\u9e64\u4e8c\u5341\u4e5d\u5c81\u751f\u4e86\u4ed6\u62c9\u300225\u62ff\u9e64\u751f\u4ed6\u62c9\u4e4b\u540e\uff0c\u53c8\u6d3b\u4e86\u4e00\u767e\u4e00\u5341\u4e5d\u5e74\uff0c\u5e76\u4e14\u751f\u513f\u517b\u5973\u3002 26\u4ed6\u62c9\u4e03\u5341\u5c81\u7684\u65f6\u5019\uff0c\u751f\u4e86\u4e9a\u4f2f\u5170\u3001\u62ff\u9e64\u3001\u54c8\u5170\u300227\u4ed6\u62c9\u7684\u540e\u4ee3\u8bb0\u5728\u4e0b\u9762\uff1a\u4ed6\u62c9\u751f\u4e86\u4e9a\u4f2f\u5170\u3001\u62ff\u9e64\u3001\u54c8\u5170\uff1b\u54c8\u5170\u751f\u4e86\u7f57\u5f97\u300228\u54c8\u5170\u5728\u4ed6\u7236\u4eb2\u4ed6\u62c9\u5728\u4e16\u7684\u65f6\u5019\uff0c\u6b7b\u5728\u4ed6\u672c\u5730\u8fe6\u52d2\u5e95\u7684\u543e\u73e5\u300229\u4e9a\u4f2f\u5170\u548c\u62ff\u9e64\u7ed3\u4e86\u5a5a\u3002\u4e9a\u4f2f\u5170\u7684\u59bb\u5b50\u540d\u53eb\u6492\u83b1\uff1b\u62ff\u9e64\u7684\u59bb\u5b50\u540d\u53eb\u5bc6\u8fe6\uff0c\u662f\u54c8\u5170\u7684\u5973\u513f\uff1b\u54c8\u5170\u662f\u5bc6\u8fe6\u548c\u4ea6\u8fe6\u7684\u7236\u4eb2\u300230\u6492\u83b1\u4e0d\u751f\u80b2\uff0c\u6ca1\u6709\u5b69\u5b50\u300231\u4ed6\u62c9\u5e26\u7740\u4ed6\u513f\u5b50\u4e9a\u4f2f\u5170\u548c\u4ed6\u5b59\u5b50\uff0c\u5c31\u662f\u54c8\u5170\u7684\u513f\u5b50\u7f57\u5f97\uff0c\u5e76\u4ed6\u513f\u5987\u4e9a\u4f2f\u5170\u7684\u59bb\u5b50\u6492\u83b1\uff0c\u51fa\u4e86\u8fe6\u52d2\u5e95\u7684\u543e\u73e5\uff0c\u8981\u5f80\u8fe6\u5357\u5730\u53bb\u3002\u4ed6\u4eec\u6765\u5230\u54c8\u5170\uff0c\u5c31\u4f4f\u5728\u90a3\u91cc\u3002 32\u4ed6\u62c9\u5171\u6d3b\u4e86\u4e8c\u767e\u96f6\u4e94\u5c81\uff0c\u7136\u540e\u6b7b\u5728\u54c8\u5170\u3002<\/p><\/div>\n\t\t\t\t\t\t\t<\/div>\n\t\t<\/div>\n\t\t\t\t\t\t<\/div>\n\t\t\t\t<\/div>\n\t\t\t\t\t<\/div>\n\t\t\t\t<\/div>\n\t\t<div class=\"has_eae_slider elementor-element elementor-element-6c9b8dd e-flex e-con-boxed e-con e-parent\" data-eae-slider=\"36917\" data-id=\"6c9b8dd\" data-element_type=\"container\">\n\t\t\t\t\t<div class=\"e-con-inner\">\n\t\t<div class=\"has_eae_slider elementor-element elementor-element-fd1c260 e-con-full e-flex e-con e-child\" data-eae-slider=\"36578\" data-id=\"fd1c260\" data-element_type=\"container\">\n\t\t\t\t<div class=\"elementor-element elementor-element-a2bc893 elementor-widget elementor-widget-video\" data-id=\"a2bc893\" data-element_type=\"widget\" data-settings=\"{&quot;youtube_url&quot;:&quot;https:\\\/\\\/youtu.be\\\/62on98YtZDs&quot;,&quot;video_type&quot;:&quot;youtube&quot;,&quot;controls&quot;:&quot;yes&quot;}\" data-widget_type=\"video.default\">\n\t\t\t\t<div class=\"elementor-widget-container\">\n\t\t\t\t\t\t\t<div class=\"elementor-wrapper elementor-open-inline\">\n\t\t\t<div class=\"elementor-video\"><\/div>\t\t<\/div>\n\t\t\t\t\t\t<\/div>\n\t\t\t\t<\/div>\n\t\t\t\t<\/div>\n\t\t<div class=\"has_eae_slider elementor-element elementor-element-9604c1c e-con-full e-flex e-con e-child\" data-eae-slider=\"71682\" data-id=\"9604c1c\" data-element_type=\"container\">\n\t\t\t\t<div class=\"elementor-element elementor-element-46ce8d6 elementor-widget elementor-widget-video\" data-id=\"46ce8d6\" data-element_type=\"widget\" data-settings=\"{&quot;youtube_url&quot;:&quot;https:\\\/\\\/youtu.be\\\/Lt9GgN2KW8c&quot;,&quot;video_type&quot;:&quot;youtube&quot;,&quot;controls&quot;:&quot;yes&quot;}\" data-widget_type=\"video.default\">\n\t\t\t\t<div class=\"elementor-widget-container\">\n\t\t\t\t\t\t\t<div class=\"elementor-wrapper elementor-open-inline\">\n\t\t\t<div class=\"elementor-video\"><\/div>\t\t<\/div>\n\t\t\t\t\t\t<\/div>\n\t\t\t\t<\/div>\n\t\t\t\t<\/div>\n\t\t<div class=\"has_eae_slider elementor-element elementor-element-daf0d7a e-con-full e-flex e-con e-child\" data-eae-slider=\"90239\" data-id=\"daf0d7a\" data-element_type=\"container\">\n\t\t\t\t<div class=\"elementor-element elementor-element-b1150e1 elementor-widget elementor-widget-video\" data-id=\"b1150e1\" data-element_type=\"widget\" data-settings=\"{&quot;youtube_url&quot;:&quot;https:\\\/\\\/youtu.be\\\/UfIyXzB7x00&quot;,&quot;video_type&quot;:&quot;youtube&quot;,&quot;controls&quot;:&quot;yes&quot;}\" data-widget_type=\"video.default\">\n\t\t\t\t<div class=\"elementor-widget-container\">\n\t\t\t\t\t\t\t<div class=\"elementor-wrapper elementor-open-inline\">\n\t\t\t<div class=\"elementor-video\"><\/div>\t\t<\/div>\n\t\t\t\t\t\t<\/div>\n\t\t\t\t<\/div>\n\t\t\t\t<\/div>\n\t\t\t\t\t<\/div>\n\t\t\t\t<\/div>\n\t\t\t\t<\/div>","protected":false},"excerpt":{"rendered":"<p>Zrod n\u00e1rodov &#8211; Patriarchovia 1. kniha Moj\u017ei\u0161ova 10. kapitola 11. kapitola 10. kapitola 1Toto je rodokme\u0148 Noachov\u00fdch synov, \u0160\u00e9ma, Ch\u00e1ma a Jefeta. Po potope sa im narodili synovia. 2Jefetovi synovia s\u00fa: Gomer, Mag\u00f3g, Madaj, Jav\u00e1n, Tubal, Me\u0161ech a Tir\u00e1s. 3Gomerovi synovia s\u00fa: A\u0161kenaz, Rifat a Togarma. 4Jav\u00e1novi synovia s\u00fa: Eli\u0161a, Tar\u0161\u00ed\u0161, Kitt\u00edm a Rodan\u00edm. 5Z [&hellip;]<\/p>","protected":false},"author":1,"featured_media":0,"parent":0,"menu_order":0,"comment_status":"closed","ping_status":"closed","template":"","meta":{"site-sidebar-layout":"no-sidebar","site-content-layout":"page-builder","ast-site-content-layout":"full-width-container","site-content-style":"unboxed","site-sidebar-style":"unboxed","ast-global-header-display":"","ast-banner-title-visibility":"","ast-main-header-display":"","ast-hfb-above-header-display":"","ast-hfb-below-header-display":"","ast-hfb-mobile-header-display":"","site-post-title":"disabled","ast-breadcrumbs-content":"","ast-featured-img":"disabled","footer-sml-layout":"","theme-transparent-header-meta":"enabled","adv-header-id-meta":"","stick-header-meta":"","header-above-stick-meta":"","header-main-stick-meta":"","header-below-stick-meta":"","astra-migrate-meta-layouts":"set","ast-page-background-enabled":"default","ast-page-background-meta":{"desktop":{"background-color":"var(--ast-global-color-4)","background-image":"","background-repeat":"repeat","background-position":"center center","background-size":"auto","background-attachment":"scroll","background-type":"","background-media":"","overlay-type":"","overlay-color":"","overlay-opacity":"","overlay-gradient":""},"tablet":{"background-color":"","background-image":"","background-repeat":"repeat","background-position":"center center","background-size":"auto","background-attachment":"scroll","background-type":"","background-media":"","overlay-type":"","overlay-color":"","overlay-opacity":"","overlay-gradient":""},"mobile":{"background-color":"","background-image":"","background-repeat":"repeat","background-position":"center center","background-size":"auto","background-attachment":"scroll","background-type":"","background-media":"","overlay-type":"","overlay-color":"","overlay-opacity":"","overlay-gradient":""}},"ast-content-background-meta":{"desktop":{"background-color":"var(--ast-global-color-5)","background-image":"","background-repeat":"repeat","background-position":"center center","background-size":"auto","background-attachment":"scroll","background-type":"","background-media":"","overlay-type":"","overlay-color":"","overlay-opacity":"","overlay-gradient":""},"tablet":{"background-color":"var(--ast-global-color-5)","background-image":"","background-repeat":"repeat","background-position":"center center","background-size":"auto","background-attachment":"scroll","background-type":"","background-media":"","overlay-type":"","overlay-color":"","overlay-opacity":"","overlay-gradient":""},"mobile":{"background-color":"var(--ast-global-color-5)","background-image":"","background-repeat":"repeat","background-position":"center center","background-size":"auto","background-attachment":"scroll","background-type":"","background-media":"","overlay-type":"","overlay-color":"","overlay-opacity":"","overlay-gradient":""}},"footnotes":""},"class_list":["post-1725","page","type-page","status-publish","hentry"],"_links":{"self":[{"href":"http:\/\/acodalej.sk\/zh\/wp-json\/wp\/v2\/pages\/1725","targetHints":{"allow":["GET"]}}],"collection":[{"href":"http:\/\/acodalej.sk\/zh\/wp-json\/wp\/v2\/pages"}],"about":[{"href":"http:\/\/acodalej.sk\/zh\/wp-json\/wp\/v2\/types\/page"}],"author":[{"embeddable":true,"href":"http:\/\/acodalej.sk\/zh\/wp-json\/wp\/v2\/users\/1"}],"replies":[{"embeddable":true,"href":"http:\/\/acodalej.sk\/zh\/wp-json\/wp\/v2\/comments?post=1725"}],"version-history":[{"count":0,"href":"http:\/\/acodalej.sk\/zh\/wp-json\/wp\/v2\/pages\/1725\/revisions"}],"wp:attachment":[{"href":"http:\/\/acodalej.sk\/zh\/wp-json\/wp\/v2\/media?parent=1725"}],"curies":[{"name":"wp","href":"https:\/\/api.w.org\/{rel}","templated":true}]}}