{"id":1806,"date":"2024-01-01T12:51:05","date_gmt":"2024-01-01T12:51:05","guid":{"rendered":"http:\/\/acodalej.sk\/?page_id=1806"},"modified":"2024-09-15T17:10:27","modified_gmt":"2024-09-15T17:10:27","slug":"svetove-staroveke-rise","status":"publish","type":"page","link":"http:\/\/acodalej.sk\/zh\/svetove-staroveke-rise\/","title":{"rendered":"\u4e16\u754c\u53e4\u4ee3\u5e1d\u56fd"},"content":{"rendered":"<div data-elementor-type=\"wp-page\" data-elementor-id=\"1806\" class=\"elementor elementor-1806\">\n\t\t\t\t<div class=\"has_eae_slider elementor-element elementor-element-2e2392a e-flex e-con-boxed e-con e-parent\" data-eae-slider=\"65016\" data-id=\"2e2392a\" data-element_type=\"container\" data-settings=\"{&quot;background_background&quot;:&quot;classic&quot;}\">\n\t\t\t\t\t<div class=\"e-con-inner\">\n\t\t<div class=\"has_eae_slider elementor-element elementor-element-660af66 e-con-full e-flex e-con e-child\" data-eae-slider=\"41780\" data-id=\"660af66\" data-element_type=\"container\">\n\t\t\t\t<div class=\"elementor-element elementor-element-a790465 elementor-widget elementor-widget-heading\" data-id=\"a790465\" data-element_type=\"widget\" data-widget_type=\"heading.default\">\n\t\t\t\t<div class=\"elementor-widget-container\">\n\t\t\t\t\t<h1 class=\"elementor-heading-title elementor-size-default\">\u4e16\u754c\u53e4\u4ee3\u5e1d\u56fd<\/h1>\t\t\t\t<\/div>\n\t\t\t\t<\/div>\n\t\t\t\t<\/div>\n\t\t\t\t\t<\/div>\n\t\t\t\t<\/div>\n\t\t<div class=\"has_eae_slider elementor-element elementor-element-436859b e-flex e-con-boxed e-con e-parent\" data-eae-slider=\"4601\" data-id=\"436859b\" data-element_type=\"container\">\n\t\t\t\t\t<div class=\"e-con-inner\">\n\t\t<div class=\"has_eae_slider elementor-element elementor-element-9f6cf36 e-con-full e-flex e-con e-child\" data-eae-slider=\"19604\" data-id=\"9f6cf36\" data-element_type=\"container\">\n\t\t\t\t<div class=\"elementor-element elementor-element-3875ee3 elementor-widget elementor-widget-text-editor\" data-id=\"3875ee3\" data-element_type=\"widget\" data-widget_type=\"text-editor.default\">\n\t\t\t\t<div class=\"elementor-widget-container\">\n\t\t\t\t\t\t\t\t\t<p style=\"text-align: center;\"><strong>\u72b9\u5927\u738b\u56fd\u706d\u4ea1\uff08\u516c\u5143\u524d586\u5e74\uff09\u540e\uff0c\u65b0\u5df4\u6bd4\u4f26\u5e1d\u56fd\u7684\u56fd\u738b\u5c3c\u5e03\u7532\u5c3c\u6492\u4e8c\u4e16\uff08\u516c\u5143\u524d605-562\u5e74\uff09\u62c5\u5fe7\u4ed6\u7684\u5e1d\u56fd\u548c\u4e16\u754c\u5c06\u9762\u4e34\u4f55\u79cd\u547d\u8fd0\u3002\u4e0a\u5e1d\u8d50\u4e88\u4ed6\u4e00\u4e2a\u4ee4\u4ed6\u6df1\u611f\u4e0d\u5b89\u7684\u68a6\uff0c\u4ed6\u8bf7\u6c42\u987e\u95ee\u4eec\u89e3\u91ca\u68a6\u5883\u3002\u4e00\u4f4d\u540d\u53eb\u4f46\u4ee5\u7406\u7684\u72b9\u592a\u6d41\u4ea1\u9752\u5e74\u88ab\u627e\u5230\uff0c\u4ed6\u6073\u6c42\u5168\u80fd\u7684\u4ee5\u8272\u5217\u4e0a\u5e1d\u770b\u68a6\u5e76\u89e3\u68a6\u3002\u4e0a\u5e1d\u5782\u542c\u4e86\u4ed6\u7684\u7948\u6c42\u3002\u5728\u68a6\u4e2d\uff0c\u4e0a\u5e1d\u5411\u56fd\u738b\u3001\u5f53\u65f6\u7684\u4eba\u6c11\u4ee5\u53ca\u4eca\u5929\u7684\u6211\u4eec\u63ed\u793a\u4e86\u672a\u6765\u7684\u4e8b\u4ef6\u3002 <\/strong><\/p>\t\t\t\t\t\t\t\t<\/div>\n\t\t\t\t<\/div>\n\t\t\t\t<\/div>\n\t\t<div class=\"has_eae_slider elementor-element elementor-element-fa27268 e-con-full e-flex e-con e-child\" data-eae-slider=\"11584\" data-id=\"fa27268\" data-element_type=\"container\">\n\t\t\t\t<div class=\"elementor-element elementor-element-fec0f97 elementor-widget elementor-widget-image\" data-id=\"fec0f97\" data-element_type=\"widget\" data-widget_type=\"image.default\">\n\t\t\t\t<div class=\"elementor-widget-container\">\n\t\t\t\t\t\t\t\t\t\t\t\t<figure class=\"wp-caption\">\n\t\t\t\t\t\t\t\t\t\t\t<a href=\"https:\/\/my.bible.com\/sk\/bible\/465\/DAN.1.SEB\" target=\"_blank\">\n\t\t\t\t\t\t\t<img fetchpriority=\"high\" decoding=\"async\" width=\"1024\" height=\"563\" src=\"http:\/\/acodalej.sk\/wp-content\/uploads\/2023\/11\/daniel-1024x563.webp\" class=\"attachment-large size-large wp-image-1438\" alt=\"\" srcset=\"http:\/\/acodalej.sk\/wp-content\/uploads\/2023\/11\/daniel-1024x563.webp 1024w, http:\/\/acodalej.sk\/wp-content\/uploads\/2023\/11\/daniel-300x165.webp 300w, http:\/\/acodalej.sk\/wp-content\/uploads\/2023\/11\/daniel-768x423.webp 768w, http:\/\/acodalej.sk\/wp-content\/uploads\/2023\/11\/daniel.webp 1396w\" sizes=\"(max-width: 1024px) 100vw, 1024px\" \/>\t\t\t\t\t\t\t\t<\/a>\n\t\t\t\t\t\t\t\t\t\t\t<figcaption class=\"widget-image-caption wp-caption-text\">\u5148\u77e5\u4f46\u4ee5\u7406<\/figcaption>\n\t\t\t\t\t\t\t\t\t\t<\/figure>\n\t\t\t\t\t\t\t\t\t<\/div>\n\t\t\t\t<\/div>\n\t\t\t\t<\/div>\n\t\t\t\t\t<\/div>\n\t\t\t\t<\/div>\n\t\t<div class=\"has_eae_slider elementor-element elementor-element-b3108b6 e-flex e-con-boxed e-con e-parent\" data-eae-slider=\"21514\" data-id=\"b3108b6\" data-element_type=\"container\">\n\t\t\t\t\t<div class=\"e-con-inner\">\n\t\t\t\t<div class=\"elementor-element elementor-element-3863e2b elementor-widget elementor-widget-text-editor\" data-id=\"3863e2b\" data-element_type=\"widget\" data-widget_type=\"text-editor.default\">\n\t\t\t\t<div class=\"elementor-widget-container\">\n\t\t\t\t\t\t\t\t\t<p><strong>\u4ed6\u770b\u89c1\u4e00\u5ea7\u96d5\u50cf\uff0c\u91d1\u5934\u3001\u94f6\u80f8\u3001\u94dc\u8179\u3001\u94c1\u817f\uff0c\u811a\u5e95\u662f\u94c1\u6ce5\u6df7\u5408\u7684\u3002\u4ed6\u770b\u89c1\u4e00\u5757\u5de8\u77f3\u88ab\u51ff\u51fa\u6765\uff0c\u4e00\u5757\u77f3\u5934\u51fb\u4e2d\u96d5\u50cf\uff0c\u628a\u5b83\u6253\u788e\u3002\u77f3\u5934\u6e10\u6e10\u957f\u5927\uff0c\u5145\u6ee1\u4e86\u6574\u4e2a\u5730\u7403\u3002<\/strong><\/p><p>\u00a0<\/p><p><strong>\u91d1\u5934\u8c61\u5f81\u7740\u65b0\u5df4\u6bd4\u4f26\u5e1d\u56fd\uff0c\u5b83\u5c06\u88ab\u53e6\u4e00\u4e2a\u5e1d\u56fd\uff08\u94f6\u80f8\u819b\u548c\u94f6\u81c2\uff09\u53d6\u4ee3\u3002\u6b63\u5982\u94f6\u7684\u4ef7\u503c\u4f4e\u4e8e\u91d1\u4e00\u6837\uff0c\u8fd9\u4e2a\u5e1d\u56fd\u4e5f\u5c06\u5982\u6b64\u2014\u2014\u5b83\u4e0d\u4f1a\u50cf\u91d1\u5934\u90a3\u6837\u58f0\u540d\u663e\u8d6b\u3001\u529f\u6210\u540d\u5c31\u3002\u94f6\u80f8\u819b\u4e4b\u540e\uff0c\u5c06\u51fa\u73b0\u53e6\u4e00\u4e2a\u5e1d\u56fd\u2014\u2014\u94dc\u8179\uff0c\u6700\u7ec8\u662f\u4e00\u4e2a\u94c1\u817f\u822c\u7684\u5e1d\u56fd\u3002\u6700\u7ec8\uff0c\u8fd9\u4e9b\u738b\u56fd\u5c06\u88ab\u90a3\u5c06\u5145\u6ee1\u5168\u5730\u7684\u6c38\u6052\u738b\u56fd\u6240\u6467\u6bc1\u3002<\/strong><\/p><p>\u00a0<\/p><p><strong>\u540e\u6765\uff0c\u4f46\u4ee5\u7406\u5728\u5f02\u8c61\u4e2d\u770b\u5230\uff0c\u8fd9\u4e9b\u5e1d\u56fd\u88ab\u6bd4\u4f5c\u52a8\u7269\u3002\u91d1\u5934\u50cf\u72ee\u5b50\uff0c\u94f6\u80f8\u50cf\u718a\uff0c\u94dc\u8179\u50cf\u56db\u5934\u8c79\uff0c\u94c1\u817f\u50cf\u5341\u89d2\u602a\u517d\u3002\u4f46\u4ee5\u7406\u7684\u575f\u5893\u81f3\u4eca\u4ecd\u5728\u4f0a\u6717\u7684\u82cf\u8428\u57ce\u3002<\/strong><\/p><p style=\"text-align: center;\"><strong>\u00a0<\/strong><\/p>\t\t\t\t\t\t\t\t<\/div>\n\t\t\t\t<\/div>\n\t\t\t\t\t<\/div>\n\t\t\t\t<\/div>\n\t\t<div class=\"has_eae_slider elementor-element elementor-element-8d1a232 e-flex e-con-boxed e-con e-parent\" data-eae-slider=\"26105\" data-id=\"8d1a232\" data-element_type=\"container\">\n\t\t\t\t\t<div class=\"e-con-inner\">\n\t\t\t\t<div class=\"elementor-element elementor-element-e3983a7 elementor-position-top elementor-widget elementor-widget-image-box\" data-id=\"e3983a7\" data-element_type=\"widget\" data-widget_type=\"image-box.default\">\n\t\t\t\t<div class=\"elementor-widget-container\">\n\t\t\t\t\t<div class=\"elementor-image-box-wrapper\"><figure class=\"elementor-image-box-img\"><img decoding=\"async\" width=\"450\" height=\"298\" src=\"http:\/\/acodalej.sk\/wp-content\/uploads\/2023\/11\/danielhrob.jpg\" class=\"attachment-full size-full wp-image-1439\" alt=\"\" srcset=\"http:\/\/acodalej.sk\/wp-content\/uploads\/2023\/11\/danielhrob.jpg 450w, http:\/\/acodalej.sk\/wp-content\/uploads\/2023\/11\/danielhrob-300x199.jpg 300w\" sizes=\"(max-width: 450px) 100vw, 450px\" \/><\/figure><div class=\"elementor-image-box-content\"><h3 class=\"elementor-image-box-title\">\u4e39\u5c3c\u5c14\u4e4b\u5893<\/h3><\/div><\/div>\t\t\t\t<\/div>\n\t\t\t\t<\/div>\n\t\t\t\t\t<\/div>\n\t\t\t\t<\/div>\n\t\t<div class=\"has_eae_slider elementor-element elementor-element-f691efd e-flex e-con-boxed e-con e-parent\" data-eae-slider=\"31134\" data-id=\"f691efd\" data-element_type=\"container\">\n\t\t\t\t\t<div class=\"e-con-inner\">\n\t\t<div class=\"has_eae_slider elementor-element elementor-element-951489a e-flex e-con-boxed e-con e-child\" data-eae-slider=\"87765\" data-id=\"951489a\" data-element_type=\"container\">\n\t\t\t\t\t<div class=\"e-con-inner\">\n\t\t\t\t<div class=\"elementor-element elementor-element-eb91157 elementor-widget elementor-widget-video\" data-id=\"eb91157\" data-element_type=\"widget\" data-settings=\"{&quot;youtube_url&quot;:&quot;https:\\\/\\\/youtu.be\\\/_EeXEdHuOHs&quot;,&quot;video_type&quot;:&quot;youtube&quot;,&quot;controls&quot;:&quot;yes&quot;}\" data-widget_type=\"video.default\">\n\t\t\t\t<div class=\"elementor-widget-container\">\n\t\t\t\t\t\t\t<div class=\"elementor-wrapper elementor-open-inline\">\n\t\t\t<div class=\"elementor-video\"><\/div>\t\t<\/div>\n\t\t\t\t\t\t<\/div>\n\t\t\t\t<\/div>\n\t\t\t\t\t<\/div>\n\t\t\t\t<\/div>\n\t\t\t\t\t<\/div>\n\t\t\t\t<\/div>\n\t\t<div class=\"has_eae_slider elementor-element elementor-element-c4c654f e-flex e-con-boxed e-con e-parent\" data-eae-slider=\"68943\" data-id=\"c4c654f\" data-element_type=\"container\">\n\t\t\t\t\t<div class=\"e-con-inner\">\n\t\t\t\t<div class=\"elementor-element elementor-element-e9fa36b elementor-widget elementor-widget-text-editor\" data-id=\"e9fa36b\" data-element_type=\"widget\" data-widget_type=\"text-editor.default\">\n\t\t\t\t<div class=\"elementor-widget-container\">\n\t\t\t\t\t\t\t\t\t<p style=\"text-align: center;\"><strong>\u65b0\u5df4\u6bd4\u4f26\u5e1d\u56fd\uff08\u516c\u5143\u524d606-539\u5e74\uff09\u4e4b\u540e\uff0c\u7c73\u5e95\u4e9a\u4eba\u548c\u6ce2\u65af\u4eba\uff08\u516c\u5143\u524d539-331\u5e74\uff09\u5d1b\u8d77\u3002\u4ed6\u4eec\u7684\u56fd\u738b\u5c45\u9c81\u58eb\u5927\u5e1d\uff08\u516c\u5143\u524d559-530\u5e74\uff09\u4e8e\u516c\u5143\u524d539\u5e74\u5f81\u670d\u4e86\u5df4\u6bd4\u4f26\u3002\u8fd9\u662f\u5df4\u6bd4\u4f26\u5e1d\u56fd\u7684\u96cf\u5f62\uff0c\u5c45\u9c81\u58eb\u5927\u5e1d\u88ab\u79f0\u4e3a\u201c\u4e07\u56fd\u4e4b\u7236\u201d\uff0c\u56e0\u4e3a\u4ed6\u5c06\u4e07\u56fd\u4ece\u5df4\u6bd4\u4f26\u7684\u5974\u5f79\u4e2d\u89e3\u653e\u51fa\u6765\u3002\u83b7\u5f97\u89e3\u653e\u7684\u6c11\u65cf\u4e2d\u5305\u62ec\u4ee5\u8272\u5217\u7684\u4e00\u90e8\u5206\uff0c\u5373\u72b9\u5927\u3002\u5c45\u9c81\u58eb\u738b\u7684\u540d\u5b57\u5728\u7ea6200\u5e74\u524d\u7684\u72b9\u592a\u9884\u8a00\u300a\u4ee5\u8d5b\u4e9a\u4e66\u300b\u4e2d\u88ab\u63d0\u53ca\uff0c\u8be5\u4e66\u4e0e\u91cd\u5efa\u88ab\u6bc1\u7684\u8036\u8def\u6492\u51b7\u548c\u5723\u6bbf\u6709\u5173\u3002<\/strong><\/p>\t\t\t\t\t\t\t\t<\/div>\n\t\t\t\t<\/div>\n\t\t\t\t\t<\/div>\n\t\t\t\t<\/div>\n\t\t<div class=\"has_eae_slider elementor-element elementor-element-a28a015 e-flex e-con-boxed e-con e-parent\" data-eae-slider=\"8682\" data-id=\"a28a015\" data-element_type=\"container\">\n\t\t\t\t\t<div class=\"e-con-inner\">\n\t\t<div class=\"has_eae_slider elementor-element elementor-element-28c459a e-con-full e-flex e-con e-child\" data-eae-slider=\"15235\" data-id=\"28c459a\" data-element_type=\"container\">\n\t\t\t\t<div class=\"elementor-element elementor-element-ca184bb elementor-widget-divider--view-line elementor-widget elementor-widget-divider\" data-id=\"ca184bb\" data-element_type=\"widget\" data-widget_type=\"divider.default\">\n\t\t\t\t<div class=\"elementor-widget-container\">\n\t\t\t\t\t\t\t<div class=\"elementor-divider\">\n\t\t\t<span class=\"elementor-divider-separator\">\n\t\t\t\t\t\t<\/span>\n\t\t<\/div>\n\t\t\t\t\t\t<\/div>\n\t\t\t\t<\/div>\n\t\t\t\t<div class=\"elementor-element elementor-element-c8e5f26 elementor-widget elementor-widget-heading\" data-id=\"c8e5f26\" data-element_type=\"widget\" data-widget_type=\"heading.default\">\n\t\t\t\t<div class=\"elementor-widget-container\">\n\t\t\t\t\t<h2 class=\"elementor-heading-title elementor-size-default\">\u5148\u77e5\u4ee5\u8d5b\u4e9a<\/h2>\t\t\t\t<\/div>\n\t\t\t\t<\/div>\n\t\t\t\t<\/div>\n\t\t\t\t<div class=\"elementor-element elementor-element-1ba74e0 elementor-widget elementor-widget-read-more\" data-id=\"1ba74e0\" data-element_type=\"widget\" data-widget_type=\"read-more.default\">\n\t\t\t\t<div class=\"elementor-widget-container\">\n\t\t\t\t\t<\/div><\/div><\/div><\/div><\/div> &hellip;<p class=\"ast-the-content-more-link\"> <a class=\"\" href=\"http:\/\/acodalej.sk\/zh\/svetove-staroveke-rise\/\"> <span class=\"screen-reader-text\">\u4e16\u754c\u53e4\u4ee3\u5e1d\u56fd<\/span>Read More &raquo;<\/a><\/p>","protected":false},"excerpt":{"rendered":"<p>Svetov\u00e9 starovek\u00e9 r\u00ed\u0161e Popri zni\u010den\u00ed Judsk\u00e9ho kr\u00e1\u013eovstva (586 p. n. l.) kr\u00e1\u013e novobabylonskej r\u00ed\u0161e Nebukadnesar II. (605 \u2013 562 p.n.l.) prem\u00fd\u0161\u013eal, \u010do bude \u010falej s jeho r\u00ed\u0161ou a so svetom. Boh mu dal sen, ktor\u00fdm bol ve\u013emi rozru\u0161en\u00fd a \u017eiadal od svojich poradcov, aby mu povedali, \u010do sa mu sn\u00edvalo a ak\u00fd je v\u00fdklad toho [&hellip;]<\/p>","protected":false},"author":1,"featured_media":0,"parent":0,"menu_order":0,"comment_status":"closed","ping_status":"closed","template":"","meta":{"site-sidebar-layout":"no-sidebar","site-content-layout":"page-builder","ast-site-content-layout":"full-width-container","site-content-style":"unboxed","site-sidebar-style":"unboxed","ast-global-header-display":"","ast-banner-title-visibility":"disabled","ast-main-header-display":"","ast-hfb-above-header-display":"","ast-hfb-below-header-display":"","ast-hfb-mobile-header-display":"","site-post-title":"disabled","ast-breadcrumbs-content":"disabled","ast-featured-img":"disabled","footer-sml-layout":"disabled","theme-transparent-header-meta":"enabled","adv-header-id-meta":"","stick-header-meta":"","header-above-stick-meta":"","header-main-stick-meta":"","header-below-stick-meta":"","astra-migrate-meta-layouts":"set","ast-page-background-enabled":"default","ast-page-background-meta":{"desktop":{"background-color":"var(--ast-global-color-4)","background-image":"","background-repeat":"repeat","background-position":"center center","background-size":"auto","background-attachment":"scroll","background-type":"","background-media":"","overlay-type":"","overlay-color":"","overlay-opacity":"","overlay-gradient":""},"tablet":{"background-color":"","background-image":"","background-repeat":"repeat","background-position":"center center","background-size":"auto","background-attachment":"scroll","background-type":"","background-media":"","overlay-type":"","overlay-color":"","overlay-opacity":"","overlay-gradient":""},"mobile":{"background-color":"","background-image":"","background-repeat":"repeat","background-position":"center center","background-size":"auto","background-attachment":"scroll","background-type":"","background-media":"","overlay-type":"","overlay-color":"","overlay-opacity":"","overlay-gradient":""}},"ast-content-background-meta":{"desktop":{"background-color":"var(--ast-global-color-5)","background-image":"","background-repeat":"repeat","background-position":"center center","background-size":"auto","background-attachment":"scroll","background-type":"","background-media":"","overlay-type":"","overlay-color":"","overlay-opacity":"","overlay-gradient":""},"tablet":{"background-color":"var(--ast-global-color-5)","background-image":"","background-repeat":"repeat","background-position":"center center","background-size":"auto","background-attachment":"scroll","background-type":"","background-media":"","overlay-type":"","overlay-color":"","overlay-opacity":"","overlay-gradient":""},"mobile":{"background-color":"var(--ast-global-color-5)","background-image":"","background-repeat":"repeat","background-position":"center center","background-size":"auto","background-attachment":"scroll","background-type":"","background-media":"","overlay-type":"","overlay-color":"","overlay-opacity":"","overlay-gradient":""}},"footnotes":""},"class_list":["post-1806","page","type-page","status-publish","hentry"],"_links":{"self":[{"href":"http:\/\/acodalej.sk\/zh\/wp-json\/wp\/v2\/pages\/1806","targetHints":{"allow":["GET"]}}],"collection":[{"href":"http:\/\/acodalej.sk\/zh\/wp-json\/wp\/v2\/pages"}],"about":[{"href":"http:\/\/acodalej.sk\/zh\/wp-json\/wp\/v2\/types\/page"}],"author":[{"embeddable":true,"href":"http:\/\/acodalej.sk\/zh\/wp-json\/wp\/v2\/users\/1"}],"replies":[{"embeddable":true,"href":"http:\/\/acodalej.sk\/zh\/wp-json\/wp\/v2\/comments?post=1806"}],"version-history":[{"count":0,"href":"http:\/\/acodalej.sk\/zh\/wp-json\/wp\/v2\/pages\/1806\/revisions"}],"wp:attachment":[{"href":"http:\/\/acodalej.sk\/zh\/wp-json\/wp\/v2\/media?parent=1806"}],"curies":[{"name":"wp","href":"https:\/\/api.w.org\/{rel}","templated":true}]}}