{"id":1894,"date":"2024-01-02T15:47:47","date_gmt":"2024-01-02T15:47:47","guid":{"rendered":"http:\/\/acodalej.sk\/?page_id=1894"},"modified":"2024-09-15T19:03:48","modified_gmt":"2024-09-15T19:03:48","slug":"cirkev-zhromazdenie-ludi-k-uctievaniu-boha","status":"publish","type":"page","link":"http:\/\/acodalej.sk\/zh\/cirkev-zhromazdenie-ludi-k-uctievaniu-boha\/","title":{"rendered":"\u6559\u5802\u2014\u2014\u4eba\u4eec\u805a\u96c6\u5728\u4e00\u8d77\u656c\u62dc\u4e0a\u5e1d\u7684\u5730\u65b9"},"content":{"rendered":"<div data-elementor-type=\"wp-page\" data-elementor-id=\"1894\" class=\"elementor elementor-1894\">\n\t\t\t\t<div class=\"has_eae_slider elementor-element elementor-element-d49b236 e-flex e-con-boxed e-con e-parent\" data-eae-slider=\"99803\" data-id=\"d49b236\" data-element_type=\"container\" data-settings=\"{&quot;background_background&quot;:&quot;classic&quot;}\">\n\t\t\t\t\t<div class=\"e-con-inner\">\n\t\t<div class=\"has_eae_slider elementor-element elementor-element-7947532 e-con-full e-flex e-con e-child\" data-eae-slider=\"2786\" data-id=\"7947532\" data-element_type=\"container\">\n\t\t\t\t<div class=\"elementor-element elementor-element-f0bb6a4 elementor-widget elementor-widget-heading\" data-id=\"f0bb6a4\" data-element_type=\"widget\" data-widget_type=\"heading.default\">\n\t\t\t\t<div class=\"elementor-widget-container\">\n\t\t\t\t\t<h1 class=\"elementor-heading-title elementor-size-default\">\n\u6559\u5802\u2014\u2014\u4eba\u4eec\u805a\u96c6\u5728\u4e00\u8d77\u656c\u62dc\u4e0a\u5e1d\u7684\u5730\u65b9\n<\/h1>\t\t\t\t<\/div>\n\t\t\t\t<\/div>\n\t\t\t\t<\/div>\n\t\t\t\t\t<\/div>\n\t\t\t\t<\/div>\n\t\t<div class=\"has_eae_slider elementor-element elementor-element-c14fe6c e-flex e-con-boxed e-con e-parent\" data-eae-slider=\"74381\" data-id=\"c14fe6c\" data-element_type=\"container\">\n\t\t\t\t\t<div class=\"e-con-inner\">\n\t\t<div class=\"has_eae_slider elementor-element elementor-element-828dc19 e-con-full e-flex e-con e-child\" data-eae-slider=\"8090\" data-id=\"828dc19\" data-element_type=\"container\">\n\t\t\t\t<div class=\"elementor-element elementor-element-ea85d9a elementor-widget elementor-widget-text-editor\" data-id=\"ea85d9a\" data-element_type=\"widget\" data-widget_type=\"text-editor.default\">\n\t\t\t\t<div class=\"elementor-widget-container\">\n\t\t\t\t\t\t\t\t\t<p>\u4e3b\u8036\u7a23\u590d\u6d3b\u4e4b\u540e\u6240\u53d1\u751f\u7684\u4e8b\u90fd\u8bb0\u8f7d\u5728\u4f7f\u5f92\u884c\u4f20\u91cc\u3002 <b>\u4f7f\u5f92\u884c\u4f20<\/b>\u5b83\u63cf\u8ff0\u4e86\u4e0a\u5e1d\u5728\u51e0\u4e2a\u4e16\u7eaa\u524d\u5411\u5148\u77e5\u4eec\u5ba3\u544a\u7684\u4e8b\u4ef6\u3002\u8fd9\u4e9b\u4e66\u63cf\u8ff0\u4e86\u5e94\u9a8c\u5148\u77e5\u9884\u8a00\u7684\u4e8b\u4ef6\uff0c\u5e76\u8f85\u4ee5\u5bf9\u4e0a\u5e1d\u5f8b\u6cd5\u548c\u5386\u53f2\u7684\u89e3\u91ca\uff0c\u4e3a\u90a3\u4e9b\u76f8\u4fe1\u62ff\u6492\u52d2\u4eba\u8036\u7a23\u662f\u4e0a\u5e1d\u3001\u662f\u771f\u6b63\u7684\u4eba\u3001\u662f\u4e16\u754c\u6551\u4e3b\u7684\u4eba\u4eec\u63d0\u4f9b\u3002\u8fd9\u4e9b\u4e66\u8fd8\u8865\u5145\u4e86\u5176\u4ed6\u5173\u4e8e\u672a\u6765\u7684\u9884\u8a00\uff0c\u5305\u62ec\u5bf9\u5f53\u4eca\u4e16\u754c\u672b\u65e5\u548c\u672a\u6765\u4e16\u754c\u7684\u63cf\u8ff0\u3002<\/p>\t\t\t\t\t\t\t\t<\/div>\n\t\t\t\t<\/div>\n\t\t\t\t<\/div>\n\t\t<div class=\"has_eae_slider elementor-element elementor-element-e4b78c1 e-con-full e-flex e-con e-child\" data-eae-slider=\"92253\" data-id=\"e4b78c1\" data-element_type=\"container\">\n\t\t\t\t<div class=\"elementor-element elementor-element-e35b020 elementor-widget elementor-widget-image\" data-id=\"e35b020\" data-element_type=\"widget\" data-widget_type=\"image.default\">\n\t\t\t\t<div class=\"elementor-widget-container\">\n\t\t\t\t\t\t\t\t\t\t\t\t<figure class=\"wp-caption\">\n\t\t\t\t\t\t\t\t\t\t\t<a href=\"https:\/\/www.bible.com\/bible\/465\/ACT.1.SEB\" target=\"_blank\">\n\t\t\t\t\t\t\t<img fetchpriority=\"high\" decoding=\"async\" width=\"300\" height=\"300\" src=\"http:\/\/acodalej.sk\/wp-content\/uploads\/2024\/01\/biblia-300x300.jpg\" class=\"attachment-medium size-medium wp-image-1897\" alt=\"\" srcset=\"http:\/\/acodalej.sk\/wp-content\/uploads\/2024\/01\/biblia-300x300.jpg 300w, http:\/\/acodalej.sk\/wp-content\/uploads\/2024\/01\/biblia-1024x1022.jpg 1024w, http:\/\/acodalej.sk\/wp-content\/uploads\/2024\/01\/biblia-150x150.jpg 150w, http:\/\/acodalej.sk\/wp-content\/uploads\/2024\/01\/biblia-768x767.jpg 768w, http:\/\/acodalej.sk\/wp-content\/uploads\/2024\/01\/biblia.jpg 1200w\" sizes=\"(max-width: 300px) 100vw, 300px\" \/>\t\t\t\t\t\t\t\t<\/a>\n\t\t\t\t\t\t\t\t\t\t\t<figcaption class=\"widget-image-caption wp-caption-text\">\u4f7f\u5f92\u884c\u4f20<\/figcaption>\n\t\t\t\t\t\t\t\t\t\t<\/figure>\n\t\t\t\t\t\t\t\t\t<\/div>\n\t\t\t\t<\/div>\n\t\t\t\t<\/div>\n\t\t\t\t\t<\/div>\n\t\t\t\t<\/div>\n\t\t<div class=\"has_eae_slider elementor-element elementor-element-5bc2b0d e-flex e-con-boxed e-con e-parent\" data-eae-slider=\"3947\" data-id=\"5bc2b0d\" data-element_type=\"container\">\n\t\t\t\t\t<div class=\"e-con-inner\">\n\t\t<div class=\"has_eae_slider elementor-element elementor-element-2adc5bf e-con-full e-flex e-con e-child\" data-eae-slider=\"35008\" data-id=\"2adc5bf\" data-element_type=\"container\">\n\t\t\t\t<div class=\"elementor-element elementor-element-472f987 elementor-widget elementor-widget-text-editor\" data-id=\"472f987\" data-element_type=\"widget\" data-widget_type=\"text-editor.default\">\n\t\t\t\t<div class=\"elementor-widget-container\">\n\t\t\t\t\t\t\t\t\t<p>\u9996\u5148\u8981\u63d0\u5230\u7684\u662f\uff0c\u4e0a\u5e1d\u547c\u53ec\u4e86\u4e9a\u4f2f\u62c9\u7f55\u548c\u4ed6\u7684\u540e\u88d4\uff0c\u5e76\u4ece\u4ed6\u4eec\u4e2d\u5efa\u7acb\u4e86\u4ee5\u8272\u5217\u56fd\u3002\u751a\u81f3\u5728\u4e9a\u4f2f\u62c9\u7f55\u4e4b\u524d\uff0c\u5c31\u6709\u4eba\u76f8\u4fe1\u5929\u5730\u7684\u521b\u9020\u8005\uff0c\u4e0a\u5e1d\u901a\u8fc7\u5723\u7075\u5411\u4ed6\u4eec\u8bf4\u8bdd\u3002\u6240\u6709\u8fd9\u4e9b\u4eba\u90fd\u4e0e\u4e0a\u5e1d\u5efa\u7acb\u4e86\u5173\u7cfb\uff0c\u7136\u540e\u4e0e\u4eba\u5efa\u7acb\u4e86\u5173\u7cfb\u3002\u4ed6\u4eec\u81ea\u7531\u5730\u5206\u4eab\u5bf9\u4e0a\u5e1d\u7684\u4fe1\u4ef0\uff0c\u5171\u540c\u656c\u62dc\u4e0a\u5e1d\uff0c\u5e76\u4e92\u76f8\u9f13\u52b1\u9075\u884c\u4e0a\u5e1d\u7684\u65e8\u610f\u3002\u4e4b\u540e\uff0c\u4ed6\u4eec\u4e0e\u6301\u6709\u4e0d\u540c\u4fe1\u4ef0\u3001\u79c9\u6301\u76f8\u540c\u4fe1\u4ef0\u7684\u4eba\u5efa\u7acb\u4e86\u8054\u7cfb\u3002\u4eba\u4eec\u805a\u96c6\u5728\u4e00\u8d77\uff0c\u5fc3\u4e2d\u6000\u7740\u5bf9\u4e0a\u5e1d\u7684\u6e34\u671b\uff0c\u5171\u540c\u656c\u62dc\u4e0a\u5e1d\uff0c\u8c08\u8bba\u4e0a\u5e1d\u548c\u7942\u7684\u8ba1\u5212\uff0c\u8fd9\u79cd\u805a\u4f1a\u5728\u5e0c\u814a\u8bed\u4e2d\u88ab\u79f0\u4e3a\u1f10\u03ba\u03ba\u03bb\u03b5\u03b9\u03c3\u1fd0\u0301\u1fb1\uff08ekkleis\u00ed\u0101\uff09\uff0c\u5728\u5e0c\u4f2f\u6765\u8bed\u4e2d\u88ab\u79f0\u4e3a\u05e7\u05d4\u05dc\u201d\uff08qahal\uff09\uff0c\u5728\u6211\u4eec\u7684\u8bed\u8a00\u4e2d\uff0c\u6307\u7684\u662f\u6559\u4f1a\uff0c\u6216\u88ab\u4e0a\u5e1d\u547c\u53ec\u7684\u4eba\u7684\u805a\u4f1a\u3002<\/p>\t\t\t\t\t\t\t\t<\/div>\n\t\t\t\t<\/div>\n\t\t\t\t<\/div>\n\t\t<div class=\"has_eae_slider elementor-element elementor-element-9474f97 e-con-full e-flex e-con e-child\" data-eae-slider=\"13025\" data-id=\"9474f97\" data-element_type=\"container\">\n\t\t\t\t<div class=\"elementor-element elementor-element-e2ccfd7 elementor-widget elementor-widget-image\" data-id=\"e2ccfd7\" data-element_type=\"widget\" data-widget_type=\"image.default\">\n\t\t\t\t<div class=\"elementor-widget-container\">\n\t\t\t\t\t\t\t\t\t\t\t\t\t\t\t<img decoding=\"async\" width=\"750\" height=\"422\" src=\"http:\/\/acodalej.sk\/wp-content\/uploads\/2024\/01\/eklesia.jpg\" class=\"attachment-large size-large wp-image-1898\" alt=\"\" srcset=\"http:\/\/acodalej.sk\/wp-content\/uploads\/2024\/01\/eklesia.jpg 750w, http:\/\/acodalej.sk\/wp-content\/uploads\/2024\/01\/eklesia-300x169.jpg 300w\" sizes=\"(max-width: 750px) 100vw, 750px\" \/>\t\t\t\t\t\t\t\t\t\t\t\t\t\t\t<\/div>\n\t\t\t\t<\/div>\n\t\t\t\t<\/div>\n\t\t\t\t\t<\/div>\n\t\t\t\t<\/div>\n\t\t<div class=\"has_eae_slider elementor-element elementor-element-9ec74ff e-flex e-con-boxed e-con e-parent\" data-eae-slider=\"99500\" data-id=\"9ec74ff\" data-element_type=\"container\">\n\t\t\t\t\t<div class=\"e-con-inner\">\n\t\t<div class=\"has_eae_slider elementor-element elementor-element-4c079d6 e-con-full e-flex e-con e-child\" data-eae-slider=\"66561\" data-id=\"4c079d6\" data-element_type=\"container\">\n\t\t\t\t<div class=\"elementor-element elementor-element-ec79f21 elementor-widget elementor-widget-image\" data-id=\"ec79f21\" data-element_type=\"widget\" data-widget_type=\"image.default\">\n\t\t\t\t<div class=\"elementor-widget-container\">\n\t\t\t\t\t\t\t\t\t\t\t\t\t\t\t<img decoding=\"async\" width=\"626\" height=\"360\" src=\"http:\/\/acodalej.sk\/wp-content\/uploads\/2023\/11\/sucastnost.jpg\" class=\"attachment-large size-large wp-image-1468\" alt=\"\" srcset=\"http:\/\/acodalej.sk\/wp-content\/uploads\/2023\/11\/sucastnost.jpg 626w, http:\/\/acodalej.sk\/wp-content\/uploads\/2023\/11\/sucastnost-300x173.jpg 300w\" sizes=\"(max-width: 626px) 100vw, 626px\" \/>\t\t\t\t\t\t\t\t\t\t\t\t\t\t\t<\/div>\n\t\t\t\t<\/div>\n\t\t\t\t<\/div>\n\t\t<div class=\"has_eae_slider elementor-element elementor-element-d2a60e5 e-con-full e-flex e-con e-child\" data-eae-slider=\"50110\" data-id=\"d2a60e5\" data-element_type=\"container\">\n\t\t\t\t<div class=\"elementor-element elementor-element-c84e39c elementor-widget elementor-widget-text-editor\" data-id=\"c84e39c\" data-element_type=\"widget\" data-widget_type=\"text-editor.default\">\n\t\t\t\t<div class=\"elementor-widget-container\">\n\t\t\t\t\t\t\t\t\t<p>\u5b83\u53ef\u4ee5\u662f\u4e24\u4e2a\u4eba\u7684\u805a\u4f1a\uff0c\u4e5f\u53ef\u4ee5\u662f\u6570\u767e\u4e07\u4eba\u805a\u96c6\u5728\u4e00\u4e2a\u5730\u65b9\u3002\u5efa\u7b51\u7269\u3001\u7269\u54c1\u7b49\u5916\u5728\u5f62\u5f0f\u5e76\u4e0d\u91cd\u8981\uff0c\u91cd\u8981\u7684\u662f\u805a\u96c6\u5728\u4e00\u8d77\u547c\u6c42\u4e0a\u5e1d\u7684\u4eba\u7684\u751f\u6d3b\u72b6\u6001\u548c\u5185\u5fc3\u72b6\u6001\u3002\u547c\u6c42\u4e0a\u5e1d\u7684\u573a\u6240\u751a\u81f3\u53ef\u80fd\u5b58\u5728\u5192\u72af\u4e0a\u5e1d\u7684\u7269\u54c1\u3002\u5723\u7ecf\u4e2d\u63cf\u8ff0\u4e86\u4eba\u4eec\u5982\u4f55\u5728\u8349\u5730\u3001\u68ee\u6797\u3001\u5c71\u4e18\u3001\u5e10\u7bf7\u6216\u5efa\u7b51\u7269\u4e2d\uff0c\u8fd9\u4e9b\u5730\u65b9\u6ca1\u6709\u4efb\u4f55\u7269\u54c1\uff0c\u8f6c\u5411\u4e0a\u5e1d\u3002\u4e0a\u5e1d\u5e76\u4e0d\u5c45\u4f4f\u5728\u4eba\u624b\u6240\u5efa\u7684\u5723\u6bbf\u4e2d\uff0c\u800c\u662f\u5c45\u4f4f\u5728\u8c26\u5351\u547c\u6c42\u7942\u7684\u4eba\u805a\u96c6\u7684\u5730\u65b9\u3002\u201c\u6559\u4f1a\u201d\u4e00\u8bcd\u2014\u2014\u4eba\u4eec\u805a\u96c6\u656c\u62dc\u4e0a\u5e1d\u2014\u2014\u662f\u8036\u7a23\u57fa\u7763\u79bb\u4e16\u540e\u4e8b\u4ef6\u63cf\u8ff0\u7684\u4e3b\u9898\u3002\u6559\u4f1a\u88ab\u79f0\u4e3a\u7cae\u4ed3\uff0c\u662f\u5730\u4e0a\u5e84\u7a3c\u7684\u50a8\u85cf\u5730\uff1b\u4e5f\u88ab\u79f0\u4e3a\u4e0a\u5e1d\u7684\u6bbf\uff0c\u662f\u4e16\u754c\u5404\u56fd\u4eba\u6c11\u8f6c\u5411\u4e0a\u5e1d\u7684\u5730\u65b9\u3002\u6559\u4f1a\u88ab\u79f0\u4e3a\u4e3a\u65b0\u90ce\u2014\u2014\u4e0a\u5e1d\u8036\u7a23\u2014\u2014\u6240\u9884\u5907\u7684\u65b0\u5a18\u3002<\/p>\t\t\t\t\t\t\t\t<\/div>\n\t\t\t\t<\/div>\n\t\t\t\t<\/div>\n\t\t\t\t\t<\/div>\n\t\t\t\t<\/div>\n\t\t<div class=\"has_eae_slider elementor-element elementor-element-754ac35 e-flex e-con-boxed e-con e-parent\" data-eae-slider=\"64247\" data-id=\"754ac35\" data-element_type=\"container\">\n\t\t\t\t\t<div class=\"e-con-inner\">\n\t\t<div class=\"has_eae_slider elementor-element elementor-element-d75b744 e-con-full e-flex e-con e-child\" data-eae-slider=\"91436\" data-id=\"d75b744\" data-element_type=\"container\">\n\t\t\t\t<div class=\"elementor-element elementor-element-9ced05d elementor-widget elementor-widget-text-editor\" data-id=\"9ced05d\" data-element_type=\"widget\" data-widget_type=\"text-editor.default\">\n\t\t\t\t<div class=\"elementor-widget-container\">\n\t\t\t\t\t\t\t\t\t<p>\u5728\u8036\u7a23\u57fa\u7763\u964d\u4e34\u4e4b\u524d\uff0c\u8fd9\u4e2a\u8bcd\u4e00\u76f4\u88ab\u7528\u6765\u6307\u4ee5\u8272\u5217\u56fd\u3002\u81ea\u8036\u7a23\u57fa\u7763\u590d\u6d3b\u4ee5\u6765\uff0c\u4e0a\u5e1d\u5b50\u6c11\u7684\u805a\u96c6\u6db5\u76d6\u4e86\u4e16\u754c\u5404\u56fd\u3002\u6d2a\u6c34\u548c\u632a\u4e9a\u4e8b\u4ef6\u4e4b\u540e\uff0c\u4e16\u754c\u5404\u56fd\u80cc\u5f03\u4e86\u4e0a\u5e1d\uff0c\u656c\u62dc\u5047\u5192\u4e3a\u5584\u7684\u5815\u843d\u5929\u4f7f\u7684\u5f02\u795e\u3002\u4ed6\u4eec\u7ed9\u4eba\u4eec\u5236\u5b9a\u4e86\u5404\u79cd\u4e0e\u9020\u7269\u4e3b\u6cd5\u5219\u76f8\u6096\u7684\u751f\u6d3b\u51c6\u5219\u3002\u9020\u7269\u4e3b\u7684\u6cd5\u5219\u5f15\u9886\u4eba\u4eec\u8d70\u5411\u751f\u547d\uff0c\u800c\u5176\u4ed6\u6765\u6e90\u7684\u6cd5\u5219\u5219\u5c06\u4eba\u4eec\u5f15\u5411\u6b7b\u4ea1\u3002\u9075\u5b88\u9020\u7269\u4e3b\u7684\u6cd5\u5219\u88ab\u79f0\u4e3a\u8654\u8bda\u3001\u5c0a\u91cd\u548c\u70ed\u7231\u9020\u7269\u4e3b\u3002\u9075\u5b88\u4e0e\u4e0a\u5e1d\u6cd5\u5219\u76f8\u6096\u7684\u6cd5\u5219\u88ab\u79f0\u4e3a\u5076\u50cf\u5d07\u62dc\uff0c\u6216\u4f8d\u5949\u5916\u90a6\u795e\u3002\u4e0a\u5e1d\u4e3a\u4e16\u754c\u5404\u56fd\u4eba\u6c11\u655e\u5f00\u4e86\u5927\u95e8\uff0c\u8ba9\u4ed6\u4eec\u629b\u5f03\u7956\u5148\u57fa\u4e8e\u90aa\u6076\u5d07\u62dc\u7684\u4f20\u7edf\uff0c\u8e0f\u4e0a\u4e00\u6761\u9075\u5faa\u5929\u5730\u751f\u547d\u9020\u7269\u4e3b\u6cd5\u5219\u7684\u5168\u65b0\u751f\u6d3b\u4e4b\u8def\u3002\u4e0a\u5e1d\u65e9\u5df2\u901a\u8fc7\u5148\u77e5\u5ba3\u544a\u4e86\u8fd9\u79cd\u53ef\u80fd\u6027\u3002\u4ed6\u5ba3\u544a\uff0c\u4ed6\u5c06\u628a\u4ed6\u7684\u7075\u503e\u6ce8\u5728\u6240\u6709\u5f52\u5411\u4ed6\u7684\u4eba\u8eab\u4e0a\u3002<\/p>\t\t\t\t\t\t\t\t<\/div>\n\t\t\t\t<\/div>\n\t\t\t\t<\/div>\n\t\t<div class=\"has_eae_slider elementor-element elementor-element-8360777 e-con-full e-flex e-con e-child\" data-eae-slider=\"33730\" data-id=\"8360777\" data-element_type=\"container\">\n\t\t\t\t<div class=\"elementor-element elementor-element-6e10afe elementor-widget elementor-widget-image\" data-id=\"6e10afe\" data-element_type=\"widget\" data-widget_type=\"image.default\">\n\t\t\t\t<div class=\"elementor-widget-container\">\n\t\t\t\t\t\t\t\t\t\t\t\t\t\t\t<img loading=\"lazy\" decoding=\"async\" width=\"1024\" height=\"585\" src=\"http:\/\/acodalej.sk\/wp-content\/uploads\/2023\/11\/glory-god-1024x585.jpg\" class=\"attachment-large size-large wp-image-1563\" alt=\"\" srcset=\"http:\/\/acodalej.sk\/wp-content\/uploads\/2023\/11\/glory-god-1024x585.jpg 1024w, http:\/\/acodalej.sk\/wp-content\/uploads\/2023\/11\/glory-god-300x171.jpg 300w, http:\/\/acodalej.sk\/wp-content\/uploads\/2023\/11\/glory-god-768x439.jpg 768w, http:\/\/acodalej.sk\/wp-content\/uploads\/2023\/11\/glory-god-1536x878.jpg 1536w, http:\/\/acodalej.sk\/wp-content\/uploads\/2023\/11\/glory-god.jpg 1792w\" sizes=\"(max-width: 1024px) 100vw, 1024px\" \/>\t\t\t\t\t\t\t\t\t\t\t\t\t\t\t<\/div>\n\t\t\t\t<\/div>\n\t\t\t\t<\/div>\n\t\t\t\t\t<\/div>\n\t\t\t\t<\/div>\n\t\t<div class=\"has_eae_slider elementor-element elementor-element-025fd4a e-flex e-con-boxed e-con e-parent\" data-eae-slider=\"69010\" data-id=\"025fd4a\" data-element_type=\"container\">\n\t\t\t\t\t<div class=\"e-con-inner\">\n\t\t\t\t<div class=\"elementor-element elementor-element-19c8656 elementor-widget elementor-widget-text-editor\" data-id=\"19c8656\" data-element_type=\"widget\" data-widget_type=\"text-editor.default\">\n\t\t\t\t<div class=\"elementor-widget-container\">\n\t\t\t\t\t\t\t\t\t<p><b>\u7ea6\u73e5\u7684\u9884\u8a003\uff1a<\/b><br \/><i> 1 \u6211\u8981\u5c06\u6211\u7684\u7075\u6d47\u704c\u51e1\u6709\u8840\u6c14\u7684\u3002\u4f60\u4eec\u7684\u513f\u5973\u8981\u8bf4\u9884\u8a00\uff1b\u4f60\u4eec\u7684\u8001\u5e74\u4eba\u8981\u505a\u5f02\u68a6\uff1b\u5c11\u5e74\u4eba\u8981\u89c1\u5f02\u8c61\u30022 \u5728\u90a3\u4e9b\u65e5\u5b50\uff0c\u6211\u8981\u5c06\u6211\u7684\u7075\u6d47\u704c\u6211\u7684\u4ec6\u4eba\u548c\u4f7f\u5973\u30023 \u5728\u5929\u4e0a\u5730\u4e0b\uff0c\u6211\u8981\u663e\u51fa\u795e\u8ff9\uff0c\u6709\u8840\uff0c\u6709\u706b\uff0c\u6709\u70df\u67f1\u30024 \u65e5\u5934\u8981\u53d8\u4e3a\u9ed1\u6697\uff0c\u6708\u4eae\u8981\u53d8\u4e3a\u8840\uff0c\u8fd9\u90fd\u5728\u8036\u548c\u534e\u5927\u800c\u53ef\u754f\u7684\u65e5\u5b50\u672a\u5230\u4ee5\u524d\u30025 \u51e1\u6c42\u544a\u4ed6\u540d\u7684\uff0c\u5c31\u5fc5\u5f97\u6551\uff1b\u56e0\u4e3a\u5728\u9521\u5b89\u5c71\uff0c\u5728\u8036\u8def\u6492\u51b7\uff0c\u5fc5\u6709\u9003\u8131\u7684\u4eba\uff0c\u6b63\u5982\u8036\u548c\u534e\u6240\u5e94\u8bb8\u7684\u3002\u5728\u5f97\u8d4e\u7684\u4eba\u4e2d\uff0c\u5fc5\u6709\u8036\u548c\u534e\u6240\u53ec\u7684\u4eba\u3002<\/i><\/p>\t\t\t\t\t\t\t\t<\/div>\n\t\t\t\t<\/div>\n\t\t\t\t\t<\/div>\n\t\t\t\t<\/div>\n\t\t<div class=\"has_eae_slider elementor-element elementor-element-3e6c19d e-flex e-con-boxed e-con e-parent\" data-eae-slider=\"91713\" data-id=\"3e6c19d\" data-element_type=\"container\">\n\t\t\t\t\t<div class=\"e-con-inner\">\n\t\t<div class=\"has_eae_slider elementor-element elementor-element-8a7ed96 e-con-full e-flex e-con e-child\" data-eae-slider=\"61856\" data-id=\"8a7ed96\" data-element_type=\"container\">\n\t\t\t\t<div class=\"elementor-element elementor-element-1148caf elementor-widget elementor-widget-video\" data-id=\"1148caf\" data-element_type=\"widget\" data-settings=\"{&quot;youtube_url&quot;:&quot;https:\\\/\\\/youtu.be\\\/v2qG-UNa5Xk&quot;,&quot;video_type&quot;:&quot;youtube&quot;,&quot;controls&quot;:&quot;yes&quot;}\" data-widget_type=\"video.default\">\n\t\t\t\t<div class=\"elementor-widget-container\">\n\t\t\t\t\t\t\t<div class=\"elementor-wrapper elementor-open-inline\">\n\t\t\t<div class=\"elementor-video\"><\/div>\t\t<\/div>\n\t\t\t\t\t\t<\/div>\n\t\t\t\t<\/div>\n\t\t\t\t<\/div>\n\t\t<div class=\"has_eae_slider elementor-element elementor-element-37108b5 e-con-full e-flex e-con e-child\" data-eae-slider=\"56757\" data-id=\"37108b5\" data-element_type=\"container\">\n\t\t\t\t<div class=\"elementor-element elementor-element-8478ced elementor-widget elementor-widget-video\" data-id=\"8478ced\" data-element_type=\"widget\" data-settings=\"{&quot;youtube_url&quot;:&quot;https:\\\/\\\/youtu.be\\\/I1TxPh1muH8&quot;,&quot;video_type&quot;:&quot;youtube&quot;,&quot;controls&quot;:&quot;yes&quot;}\" data-widget_type=\"video.default\">\n\t\t\t\t<div class=\"elementor-widget-container\">\n\t\t\t\t\t\t\t<div class=\"elementor-wrapper elementor-open-inline\">\n\t\t\t<div class=\"elementor-video\"><\/div>\t\t<\/div>\n\t\t\t\t\t\t<\/div>\n\t\t\t\t<\/div>\n\t\t\t\t<\/div>\n\t\t\t\t\t<\/div>\n\t\t\t\t<\/div>\n\t\t\t\t<\/div>","protected":false},"excerpt":{"rendered":"<p>Cirkev \u2013 zhroma\u017edenie \u013eud\u00ed k uctievaniu Boha Udalosti po vzkriesen\u00ed P\u00e1na Je\u017ei\u0161a s\u00fa zaznamenan\u00e9 v knihe Skutky apo\u0161tolov. Ide o popis udalost\u00ed, ktor\u00e9 Boh dopredu ozn\u00e1mil prorokom st\u00e1ro\u010dia vopred. Knihy popisuj\u00face udalosti, ktor\u00fdmi sa naplnili predpovede prorokov s\u00fa doplnen\u00e9 knihami s v\u00fdkladom Bo\u017eieho z\u00e1kona a hist\u00f3rie pre \u013eud\u00ed, ktor\u00ed veria, \u017ee Je\u017ei\u0161 Nazaretsk\u00fd je Boh, [&hellip;]<\/p>","protected":false},"author":1,"featured_media":0,"parent":0,"menu_order":0,"comment_status":"closed","ping_status":"closed","template":"","meta":{"site-sidebar-layout":"no-sidebar","site-content-layout":"page-builder","ast-site-content-layout":"full-width-container","site-content-style":"default","site-sidebar-style":"default","ast-global-header-display":"","ast-banner-title-visibility":"disabled","ast-main-header-display":"","ast-hfb-above-header-display":"","ast-hfb-below-header-display":"","ast-hfb-mobile-header-display":"","site-post-title":"disabled","ast-breadcrumbs-content":"disabled","ast-featured-img":"disabled","footer-sml-layout":"disabled","theme-transparent-header-meta":"enabled","adv-header-id-meta":"","stick-header-meta":"","header-above-stick-meta":"","header-main-stick-meta":"","header-below-stick-meta":"","astra-migrate-meta-layouts":"set","ast-page-background-enabled":"default","ast-page-background-meta":{"desktop":{"background-color":"var(--ast-global-color-4)","background-image":"","background-repeat":"repeat","background-position":"center center","background-size":"auto","background-attachment":"scroll","background-type":"","background-media":"","overlay-type":"","overlay-color":"","overlay-opacity":"","overlay-gradient":""},"tablet":{"background-color":"","background-image":"","background-repeat":"repeat","background-position":"center center","background-size":"auto","background-attachment":"scroll","background-type":"","background-media":"","overlay-type":"","overlay-color":"","overlay-opacity":"","overlay-gradient":""},"mobile":{"background-color":"","background-image":"","background-repeat":"repeat","background-position":"center center","background-size":"auto","background-attachment":"scroll","background-type":"","background-media":"","overlay-type":"","overlay-color":"","overlay-opacity":"","overlay-gradient":""}},"ast-content-background-meta":{"desktop":{"background-color":"var(--ast-global-color-5)","background-image":"","background-repeat":"repeat","background-position":"center center","background-size":"auto","background-attachment":"scroll","background-type":"","background-media":"","overlay-type":"","overlay-color":"","overlay-opacity":"","overlay-gradient":""},"tablet":{"background-color":"var(--ast-global-color-5)","background-image":"","background-repeat":"repeat","background-position":"center center","background-size":"auto","background-attachment":"scroll","background-type":"","background-media":"","overlay-type":"","overlay-color":"","overlay-opacity":"","overlay-gradient":""},"mobile":{"background-color":"var(--ast-global-color-5)","background-image":"","background-repeat":"repeat","background-position":"center center","background-size":"auto","background-attachment":"scroll","background-type":"","background-media":"","overlay-type":"","overlay-color":"","overlay-opacity":"","overlay-gradient":""}},"footnotes":""},"class_list":["post-1894","page","type-page","status-publish","hentry"],"_links":{"self":[{"href":"http:\/\/acodalej.sk\/zh\/wp-json\/wp\/v2\/pages\/1894","targetHints":{"allow":["GET"]}}],"collection":[{"href":"http:\/\/acodalej.sk\/zh\/wp-json\/wp\/v2\/pages"}],"about":[{"href":"http:\/\/acodalej.sk\/zh\/wp-json\/wp\/v2\/types\/page"}],"author":[{"embeddable":true,"href":"http:\/\/acodalej.sk\/zh\/wp-json\/wp\/v2\/users\/1"}],"replies":[{"embeddable":true,"href":"http:\/\/acodalej.sk\/zh\/wp-json\/wp\/v2\/comments?post=1894"}],"version-history":[{"count":0,"href":"http:\/\/acodalej.sk\/zh\/wp-json\/wp\/v2\/pages\/1894\/revisions"}],"wp:attachment":[{"href":"http:\/\/acodalej.sk\/zh\/wp-json\/wp\/v2\/media?parent=1894"}],"curies":[{"name":"wp","href":"https:\/\/api.w.org\/{rel}","templated":true}]}}